{"id":12728,"date":"2021-04-22T15:20:35","date_gmt":"2021-04-22T12:20:35","guid":{"rendered":"https:\/\/www.horomechanika.lt\/?post_type=product&#038;p=12728"},"modified":"2021-05-13T13:15:48","modified_gmt":"2021-05-13T10:15:48","slug":"mulceris-alpha-m-m-plus-d","status":"publish","type":"product","link":"https:\/\/www.horomechanika.lt\/ru\/product\/mulceris-alpha-m-m-plus-d\/","title":{"rendered":"Mul\u010deris ALPHA M \/ M Plus 125 &#8211; 220cm"},"content":{"rendered":"<p>NAUJIENA!<\/p>\n<p>I\u0161bandyta ir patikrinta konstrukcija leid\u017eia lengvai valdyti smulkintuv\u0105 su \u0161oniniu disku.<\/p>\n<p>Visi ALPHA M \u017eol\u0117s smulkintuvu \u0161oniniai pjovimo diskai turi lanks\u010di\u0105 visomis kryptimis pavir\u0161iaus kopijavimo sistem\u0105 su autonomine hidraulika.\u00a0 Puikiai tinka \u0161ienauti tarp siaur\u0173 eili\u0173,\u00a0 taip apsaugant kamienus nuo pa\u017eeidim\u0173: vynuogynams, sodams, ir aptvert\u0173 teritorij\u0173 kuolams. ALPHA M gali mul\u010diuoti sumed\u0117jusius augalus plaktukini\u0173 \u00a0arba Y formos peili\u0173 \u00a0a\u0161menimis. Ant veleno dvigubos spiral\u0117s principu i\u0161d\u0117styti plaktukai ar peiliai leid\u017eia \u017eymiai suma\u017eina vibracijas ir taupo kuro s\u0105naudas, bei padidina pjovimo na\u0161um\u0105 ir kokyb\u0119<\/p>\n<p>Alpha M PLUS\u00a0yra sukomplektuotas su<span class=\"Y2IQFc\" lang=\"lt\">\u00a0lengvai reguliuojamu mechaniniu \u0161oniniu poslinkiu, tod\u0117l ma\u0161in\u0105 galite pastumti 50 cm \u012f kair\u0119 ir \u012f de\u0161in\u0119 pus\u0119.<\/span><\/p>\n<p><iframe loading=\"lazy\" title=\"Aardenburg Alpha S 1650 Plus mulcher - Valpadana 90105  tractor\" width=\"895\" height=\"503\" src=\"https:\/\/www.youtube.com\/embed\/f8FgHHwiBlM?feature=oembed\" frameborder=\"0\" allow=\"accelerometer; autoplay; clipboard-write; encrypted-media; gyroscope; picture-in-picture\" allowfullscreen><\/iframe><\/p>\n<table border=\"0\" width=\"534\" cellspacing=\"0\" cellpadding=\"0\">\n<colgroup>\n<col span=\"4\" width=\"87\" \/>\n<col width=\"99\" \/>\n<col width=\"87\" \/><\/colgroup>\n<tbody>\n<tr>\n<td class=\"xl66\" width=\"87\" height=\"45\"><span lang=\"LT\">Modelis<\/span><\/td>\n<td class=\"xl65\" width=\"87\">Alpha M PLUS 1250<\/td>\n<td class=\"xl65\" width=\"87\">Alpha M PLUS 1550<\/td>\n<td class=\"xl65\" width=\"87\">Alpha M PLUS 1750<\/td>\n<td class=\"xl65\" width=\"99\">Alpha M PLUS 2000<\/td>\n<td class=\"xl65\" width=\"87\">Alpha M PLUS 2200<\/td>\n<\/tr>\n<tr>\n<td class=\"xl68\" width=\"87\" height=\"57\"><span lang=\"LT\">Kg<\/span><\/td>\n<td class=\"xl66\" width=\"87\">310<\/td>\n<td class=\"xl66\" width=\"87\">340<\/td>\n<td class=\"xl66\" width=\"87\">360<\/td>\n<td class=\"xl66\" width=\"99\">460<\/td>\n<td class=\"xl66\" width=\"87\">492<\/td>\n<\/tr>\n<tr>\n<td class=\"xl68\" width=\"87\" height=\"77\"><span lang=\"LT\">Bendras plotis<\/span><\/td>\n<td class=\"xl66\" width=\"87\">1250<\/td>\n<td class=\"xl66\" width=\"87\">1550<\/td>\n<td class=\"xl66\" width=\"87\">1750<\/td>\n<td class=\"xl66\" width=\"99\">2000<\/td>\n<td class=\"xl66\" width=\"87\">2200<\/td>\n<\/tr>\n<tr>\n<td class=\"xl68\" width=\"87\" height=\"77\"><span lang=\"LT\">Min AG<\/span><\/td>\n<td class=\"xl66\" width=\"87\">18<\/td>\n<td class=\"xl66\" width=\"87\">25<\/td>\n<td class=\"xl66\" width=\"87\">28<\/td>\n<td class=\"xl66\" width=\"99\">40<\/td>\n<td class=\"xl66\" width=\"87\">45<\/td>\n<\/tr>\n<tr>\n<td class=\"xl68\" width=\"87\" height=\"47\"><span lang=\"LT\">Prikabinimo kategorija<\/span><\/td>\n<td class=\"xl66\" width=\"87\">I, II<\/td>\n<td class=\"xl66\" width=\"87\">I, II<\/td>\n<td class=\"xl66\" width=\"87\">I, II<\/td>\n<td class=\"xl66\" width=\"99\">I, II<\/td>\n<td class=\"xl66\" width=\"87\">I, II<\/td>\n<\/tr>\n<tr>\n<td class=\"xl68\" width=\"87\" height=\"24\"><span lang=\"LT\">Apsukos<\/span><\/td>\n<td class=\"xl66\" width=\"87\">540<\/td>\n<td class=\"xl66\" width=\"87\">540<\/td>\n<td class=\"xl66\" width=\"87\">540<\/td>\n<td class=\"xl66\" width=\"99\">540<\/td>\n<td class=\"xl66\" width=\"87\">540<\/td>\n<\/tr>\n<tr>\n<td class=\"xl68\" width=\"87\" height=\"47\"><span lang=\"LT\">V formos dir\u017eai<\/span><\/td>\n<td class=\"xl66\" width=\"87\">3<\/td>\n<td class=\"xl66\" width=\"87\">3<\/td>\n<td class=\"xl66\" width=\"87\">3<\/td>\n<td class=\"xl66\" width=\"99\">4<\/td>\n<td class=\"xl66\" width=\"87\">4<\/td>\n<\/tr>\n<tr>\n<td class=\"xl68\" width=\"87\" height=\"47\"><span lang=\"LT\">Plaktukai<\/span><\/td>\n<td class=\"xl66\" width=\"87\">20<\/td>\n<td class=\"xl66\" width=\"87\">24<\/td>\n<td class=\"xl66\" width=\"87\">28<\/td>\n<td class=\"xl66\" width=\"99\">32<\/td>\n<td class=\"xl66\" width=\"87\">36<\/td>\n<\/tr>\n<tr>\n<td class=\"xl68\" width=\"87\" height=\"92\"><span lang=\"LT\">Plaktuku svoris<\/span><\/td>\n<td class=\"xl66\" width=\"87\">700<\/td>\n<td class=\"xl66\" width=\"87\">700<\/td>\n<td class=\"xl66\" width=\"87\">700<\/td>\n<td class=\"xl66\" width=\"99\">700<\/td>\n<td class=\"xl66\" width=\"87\">700<\/td>\n<\/tr>\n<tr>\n<td class=\"xl68\" width=\"87\" height=\"69\"><span lang=\"LT\">Rotoriaus skersmuo<\/span><\/td>\n<td class=\"xl66\" width=\"87\">114<\/td>\n<td class=\"xl66\" width=\"87\">114<\/td>\n<td class=\"xl66\" width=\"87\">114<\/td>\n<td class=\"xl66\" width=\"99\">114<\/td>\n<td class=\"xl66\" width=\"87\">114<\/td>\n<\/tr>\n<tr>\n<td class=\"xl68\" width=\"87\" height=\"92\"><span lang=\"LT\">Rotorisu skersmuo su plaktukais<\/span><\/td>\n<td class=\"xl66\" width=\"87\">354<\/td>\n<td class=\"xl66\" width=\"87\">354<\/td>\n<td class=\"xl66\" width=\"87\">354<\/td>\n<td class=\"xl66\" width=\"99\">354<\/td>\n<td class=\"xl66\" width=\"87\">354<\/td>\n<\/tr>\n<tr>\n<td class=\"xl68\" width=\"87\" height=\"92\"><span lang=\"LT\">\u0160oninis postumis<\/span><\/td>\n<td class=\"xl66\" width=\"87\">400<\/td>\n<td class=\"xl66\" width=\"87\">400<\/td>\n<td class=\"xl66\" width=\"87\">400<\/td>\n<td class=\"xl66\" width=\"99\">400<\/td>\n<td class=\"xl66\" width=\"87\">400<\/td>\n<\/tr>\n<tr>\n<td class=\"xl67\" width=\"87\" height=\"47\"><span lang=\"LT\">Nuo GTV \u012f kair\u0119 pus\u0119<\/span><\/td>\n<td class=\"xl66\" width=\"87\">830<\/td>\n<td class=\"xl66\" width=\"87\">830<\/td>\n<td class=\"xl66\" width=\"87\">830<\/td>\n<td class=\"xl66\" width=\"99\">1000<\/td>\n<td class=\"xl66\" width=\"87\">1000<\/td>\n<\/tr>\n<tr>\n<td class=\"xl67\" width=\"87\" height=\"47\"><span lang=\"LT\">Nuo GTV \u012f de\u0161in\u0119 pus\u0119<\/span><\/td>\n<td class=\"xl66\" width=\"87\">420<\/td>\n<td class=\"xl66\" width=\"87\">720<\/td>\n<td class=\"xl66\" width=\"87\">920<\/td>\n<td class=\"xl66\" width=\"99\">1000<\/td>\n<td class=\"xl66\" width=\"87\">1200<\/td>\n<\/tr>\n<tr>\n<td class=\"xl67\" width=\"87\" height=\"92\"><span lang=\"LT\">Nuo GTV \u012f kair\u0119 pus\u0119 su \u0161oniniu poslinkiu<\/span><\/td>\n<td class=\"xl66\" width=\"87\">430<\/td>\n<td class=\"xl66\" width=\"87\">430<\/td>\n<td class=\"xl66\" width=\"87\">430<\/td>\n<td class=\"xl66\" width=\"99\">585<\/td>\n<td class=\"xl66\" width=\"87\">585<\/td>\n<\/tr>\n<tr>\n<td class=\"xl67\" width=\"87\" height=\"92\"><span lang=\"LT\">Nuo GTV \u012f de\u0161in\u0119 pus\u0119 su \u0161oniniu poslinkiu<\/span><\/td>\n<td class=\"xl66\" width=\"87\">820<\/td>\n<td class=\"xl66\" width=\"87\">1120<\/td>\n<td class=\"xl66\" width=\"87\">1320<\/td>\n<td class=\"xl66\" width=\"99\">1415<\/td>\n<td class=\"xl66\" width=\"87\">1615<\/td>\n<\/tr>\n<\/tbody>\n<\/table>\n<table border=\"0\" width=\"522\" cellspacing=\"0\" cellpadding=\"0\">\n<colgroup>\n<col span=\"6\" width=\"87\" \/><\/colgroup>\n<tbody>\n<tr>\n<td class=\"xl67\" width=\"87\" height=\"45\"><span lang=\"LT\">Modelis<\/span><\/td>\n<td class=\"xl65\" width=\"87\">Alpha M 1250<\/td>\n<td class=\"xl65\" width=\"87\">Alpha M\u00a0 1250<\/td>\n<td class=\"xl65\" width=\"87\">Alpha M 1250<\/td>\n<td class=\"xl65\" width=\"87\">Alpha M 1250<\/td>\n<td class=\"xl65\" width=\"87\">Alpha M 1250<\/td>\n<\/tr>\n<tr>\n<td class=\"xl68\" width=\"87\" height=\"57\"><span lang=\"LT\">Kg<\/span><\/td>\n<td class=\"xl66\" width=\"87\">266<\/td>\n<td class=\"xl66\" width=\"87\">296<\/td>\n<td class=\"xl66\" width=\"87\">332<\/td>\n<td class=\"xl66\" width=\"87\">402<\/td>\n<td class=\"xl66\" width=\"87\">422<\/td>\n<\/tr>\n<tr>\n<td class=\"xl68\" width=\"87\" height=\"77\"><span lang=\"LT\">Bendras plotis<\/span><\/td>\n<td class=\"xl66\" width=\"87\">1250<\/td>\n<td class=\"xl66\" width=\"87\">1550<\/td>\n<td class=\"xl66\" width=\"87\">1750<\/td>\n<td class=\"xl66\" width=\"87\">2000<\/td>\n<td class=\"xl66\" width=\"87\">2200<\/td>\n<\/tr>\n<tr>\n<td class=\"xl68\" width=\"87\" height=\"77\"><span lang=\"LT\">Min AG<\/span><\/td>\n<td class=\"xl66\" width=\"87\">18<\/td>\n<td class=\"xl66\" width=\"87\">25<\/td>\n<td class=\"xl66\" width=\"87\">28<\/td>\n<td class=\"xl66\" width=\"87\">40<\/td>\n<td class=\"xl66\" width=\"87\">45<\/td>\n<\/tr>\n<tr>\n<td class=\"xl68\" width=\"87\" height=\"69\"><span lang=\"LT\">Prikabinimo kategorija<\/span><\/td>\n<td class=\"xl66\" width=\"87\">I, II<\/td>\n<td class=\"xl66\" width=\"87\">I, II<\/td>\n<td class=\"xl66\" width=\"87\">I, II<\/td>\n<td class=\"xl66\" width=\"87\">I, II<\/td>\n<td class=\"xl66\" width=\"87\">I, II<\/td>\n<\/tr>\n<tr>\n<td class=\"xl68\" width=\"87\" height=\"24\"><span lang=\"LT\">Apsukos<\/span><\/td>\n<td class=\"xl66\" width=\"87\">540<\/td>\n<td class=\"xl66\" width=\"87\">540<\/td>\n<td class=\"xl66\" width=\"87\">540<\/td>\n<td class=\"xl66\" width=\"87\">540<\/td>\n<td class=\"xl66\" width=\"87\">540<\/td>\n<\/tr>\n<tr>\n<td class=\"xl68\" width=\"87\" height=\"47\"><span lang=\"LT\">V formos dir\u017eai<\/span><\/td>\n<td class=\"xl66\" width=\"87\">3<\/td>\n<td class=\"xl66\" width=\"87\">3<\/td>\n<td class=\"xl66\" width=\"87\">3<\/td>\n<td class=\"xl66\" width=\"87\">4<\/td>\n<td class=\"xl66\" width=\"87\">4<\/td>\n<\/tr>\n<tr>\n<td class=\"xl68\" width=\"87\" height=\"47\"><span lang=\"LT\">Plaktukai<\/span><\/td>\n<td class=\"xl66\" width=\"87\">20<\/td>\n<td class=\"xl66\" width=\"87\">24<\/td>\n<td class=\"xl66\" width=\"87\">28<\/td>\n<td class=\"xl66\" width=\"87\">32<\/td>\n<td class=\"xl66\" width=\"87\">36<\/td>\n<\/tr>\n<tr>\n<td class=\"xl68\" width=\"87\" height=\"92\"><span lang=\"LT\">Plaktuku svoris<\/span><\/td>\n<td class=\"xl66\" width=\"87\">700<\/td>\n<td class=\"xl66\" width=\"87\">700<\/td>\n<td class=\"xl66\" width=\"87\">700<\/td>\n<td class=\"xl66\" width=\"87\">700<\/td>\n<td class=\"xl66\" width=\"87\">700<\/td>\n<\/tr>\n<tr>\n<td class=\"xl68\" width=\"87\" height=\"69\"><span lang=\"LT\">Rotoriaus skersmuo<\/span><\/td>\n<td class=\"xl66\" width=\"87\">114<\/td>\n<td class=\"xl66\" width=\"87\">114<\/td>\n<td class=\"xl66\" width=\"87\">114<\/td>\n<td class=\"xl66\" width=\"87\">114<\/td>\n<td class=\"xl66\" width=\"87\">114<\/td>\n<\/tr>\n<tr>\n<td class=\"xl68\" width=\"87\" height=\"92\"><span lang=\"LT\">Rotorisu skersmuo su plaktukais<\/span><\/td>\n<td class=\"xl66\" width=\"87\">354<\/td>\n<td class=\"xl66\" width=\"87\">354<\/td>\n<td class=\"xl66\" width=\"87\">354<\/td>\n<td class=\"xl66\" width=\"87\">354<\/td>\n<td class=\"xl66\" width=\"87\">354<\/td>\n<\/tr>\n<tr>\n<td class=\"xl69\" width=\"87\" height=\"92\"><span lang=\"LT\">Nuo GTV \u012f kair\u0119 pus\u0119, mm<\/span><\/td>\n<td class=\"xl66\" width=\"87\">600<\/td>\n<td class=\"xl66\" width=\"87\">600<\/td>\n<td class=\"xl66\" width=\"87\">600<\/td>\n<td class=\"xl66\" width=\"87\">800<\/td>\n<td class=\"xl66\" width=\"87\">800<\/td>\n<\/tr>\n<tr>\n<td class=\"xl69\" width=\"87\" height=\"69\"><span lang=\"LT\">Nuo GTV \u012f de\u0161in\u0119 pus\u0119, mm<\/span><\/td>\n<td class=\"xl66\" width=\"87\">650<\/td>\n<td class=\"xl66\" width=\"87\">950<\/td>\n<td class=\"xl66\" width=\"87\">1150<\/td>\n<td class=\"xl66\" width=\"87\">1200<\/td>\n<td class=\"xl66\" width=\"87\">1400<\/td>\n<\/tr>\n<tr>\n<td class=\"xl69\" width=\"87\" height=\"92\"><span lang=\"LT\">Max skutimo diametrsa, cm<\/span><\/td>\n<td class=\"xl65\" width=\"87\">\u00a02 &#8211; <span class=\"font5\">\/<\/span><span class=\"font6\"> 3<\/span><\/td>\n<td class=\"xl65\" width=\"87\">\u00a02 &#8211; <span class=\"font5\">\/<\/span><span class=\"font6\"> 3<\/span><\/td>\n<td class=\"xl65\" width=\"87\">\u00a02 &#8211; <span class=\"font5\">\/<\/span><span class=\"font6\"> 3<\/span><\/td>\n<td class=\"xl65\" width=\"87\">\u00a02 &#8211; <span class=\"font5\">\/<\/span><span class=\"font6\"> 3<\/span><\/td>\n<td class=\"xl65\" width=\"87\">\u00a02 &#8211; <span class=\"font5\">\/<\/span><span class=\"font6\"> 3<\/span><\/td>\n<\/tr>\n<\/tbody>\n<\/table>\n<p>&nbsp;<\/p>","protected":false},"excerpt":{"rendered":"<h3>Pagrindin\u0117s funkcijos<\/h3>\n<ul>\n<li>\n<p id=\"tw-target-text\" class=\"tw-data-text tw-text-large XcVN5d tw-ta\" dir=\"ltr\" data-placeholder=\"Translation\"><span class=\"Y2IQFc\" lang=\"lt\">Didelio diapazono mechaninis \u0161oninis poslinkis <\/span><\/p>\n<\/li>\n<li>\n<p id=\"tw-target-text\" class=\"tw-data-text tw-text-large XcVN5d tw-ta\" dir=\"ltr\" data-placeholder=\"Translation\"><span class=\"Y2IQFc\" lang=\"lt\">Puikiai veikia su lengvais traktoriais<\/span><\/p>\n<\/li>\n<li>\n<p id=\"tw-target-text\" class=\"tw-data-text tw-text-large XcVN5d tw-ta\" dir=\"ltr\" data-placeholder=\"Translation\"><span class=\"Y2IQFc\" lang=\"lt\"> \u00a0Patvari konstrukcija su papildomais sutvirtinimais <\/span><\/p>\n<\/li>\n<li>\n<p id=\"tw-target-text\" class=\"tw-data-text tw-text-large XcVN5d tw-ta\" dir=\"ltr\" data-placeholder=\"Translation\"><span class=\"Y2IQFc\" lang=\"lt\">\u00a0Sukurtas I-II kompakti\u0161kiems traktoriams <\/span><\/p>\n<\/li>\n<li>\n<p id=\"tw-target-text\" class=\"tw-data-text tw-text-large XcVN5d tw-ta\" dir=\"ltr\" data-placeholder=\"Translation\"><span class=\"Y2IQFc\" lang=\"lt\">\u00a0Kompakti\u0161kas ir patikimas<\/span><\/p>\n<\/li>\n<\/ul>","protected":false},"featured_media":13082,"comment_status":"open","ping_status":"closed","template":"","meta":[],"product_cat":[150,152,167],"product_tag":[215,220],"class_list":["post-12728","product","type-product","status-publish","has-post-thumbnail","hentry","product_cat-mulceriai","product_cat-sodiniai-mulceriai","product_cat-gyvatvoriu-krumynu-prieziuros-technika","product_tag-slaitai","product_tag-alpha"],"yoast_head":"<!-- This site is optimized with the Yoast SEO plugin v20.1 - https:\/\/yoast.com\/wordpress\/plugins\/seo\/ -->\n<title>Mul\u010deris ALPHA M \/ M Plus 125 - 220cm | Horomechanika<\/title>\n<meta name=\"description\" content=\"Mul\u010deris \u201eAlpha M\/PLUS\u201c u\u017e prieinam\u0105 kain\u0105. Puikiai tinka ma\u017eiems \u016bkiams ar didel\u0117ms sodyboms. Atlaiko didel\u012f darbo kruv\u012f.\" \/>\n<meta name=\"robots\" content=\"index, follow, max-snippet:-1, max-image-preview:large, max-video-preview:-1\" \/>\n<link rel=\"canonical\" href=\"https:\/\/www.horomechanika.lt\/ru\/product\/mulceris-alpha-m-m-plus-d\/\" \/>\n<meta property=\"og:locale\" content=\"ru_RU\" \/>\n<meta property=\"og:type\" content=\"article\" \/>\n<meta property=\"og:title\" content=\"Mul\u010deris ALPHA M \/ M Plus 125 - 220cm | Horomechanika\" \/>\n<meta property=\"og:description\" content=\"Mul\u010deris \u201eAlpha M\/PLUS\u201c u\u017e prieinam\u0105 kain\u0105. Puikiai tinka ma\u017eiems \u016bkiams ar didel\u0117ms sodyboms. Atlaiko didel\u012f darbo kruv\u012f.\" \/>\n<meta property=\"og:url\" content=\"https:\/\/www.horomechanika.lt\/ru\/product\/mulceris-alpha-m-m-plus-d\/\" \/>\n<meta property=\"og:site_name\" content=\"Horomechanika\" \/>\n<meta property=\"article:publisher\" content=\"https:\/\/www.facebook.com\/UAB-Horo-mechanika-177091812471952\" \/>\n<meta property=\"article:modified_time\" content=\"2021-05-13T10:15:48+00:00\" \/>\n<meta property=\"og:image\" content=\"https:\/\/www.horomechanika.lt\/wp-content\/uploads\/2021\/04\/Screen-Shot-2021-05-13-at-13.14.11.png\" \/>\n\t<meta property=\"og:image:width\" content=\"548\" \/>\n\t<meta property=\"og:image:height\" content=\"528\" \/>\n\t<meta property=\"og:image:type\" content=\"image\/png\" \/>\n<meta name=\"twitter:card\" content=\"summary_large_image\" \/>\n<meta name=\"twitter:label1\" content=\"\u041f\u0440\u0438\u043c\u0435\u0440\u043d\u043e\u0435 \u0432\u0440\u0435\u043c\u044f \u0434\u043b\u044f \u0447\u0442\u0435\u043d\u0438\u044f\" \/>\n\t<meta name=\"twitter:data1\" content=\"2 \u043c\u0438\u043d\u0443\u0442\u044b\" \/>\n<script type=\"application\/ld+json\" class=\"yoast-schema-graph\">{\"@context\":\"https:\/\/schema.org\",\"@graph\":[{\"@type\":\"WebPage\",\"@id\":\"https:\/\/www.horomechanika.lt\/product\/mulceris-alpha-m-m-plus-d\/\",\"url\":\"https:\/\/www.horomechanika.lt\/product\/mulceris-alpha-m-m-plus-d\/\",\"name\":\"Mul\u010deris ALPHA M \/ M Plus 125 - 220cm | Horomechanika\",\"isPartOf\":{\"@id\":\"https:\/\/www.horomechanika.lt\/#website\"},\"datePublished\":\"2021-04-22T12:20:35+00:00\",\"dateModified\":\"2021-05-13T10:15:48+00:00\",\"description\":\"Mul\u010deris \u201eAlpha M\/PLUS\u201c u\u017e prieinam\u0105 kain\u0105. Puikiai tinka ma\u017eiems \u016bkiams ar didel\u0117ms sodyboms. Atlaiko didel\u012f darbo kruv\u012f.\",\"breadcrumb\":{\"@id\":\"https:\/\/www.horomechanika.lt\/product\/mulceris-alpha-m-m-plus-d\/#breadcrumb\"},\"inLanguage\":\"ru-RU\",\"potentialAction\":[{\"@type\":\"ReadAction\",\"target\":[\"https:\/\/www.horomechanika.lt\/product\/mulceris-alpha-m-m-plus-d\/\"]}]},{\"@type\":\"BreadcrumbList\",\"@id\":\"https:\/\/www.horomechanika.lt\/product\/mulceris-alpha-m-m-plus-d\/#breadcrumb\",\"itemListElement\":[{\"@type\":\"ListItem\",\"position\":1,\"name\":\"Home\",\"item\":\"https:\/\/www.horomechanika.lt\/\"},{\"@type\":\"ListItem\",\"position\":2,\"name\":\"Shop\",\"item\":\"https:\/\/www.horomechanika.lt\/ru\/shop-2\/\"},{\"@type\":\"ListItem\",\"position\":3,\"name\":\"Mul\u010deris ALPHA M \/ M Plus 125 &#8211; 220cm\"}]},{\"@type\":\"WebSite\",\"@id\":\"https:\/\/www.horomechanika.lt\/#website\",\"url\":\"https:\/\/www.horomechanika.lt\/\",\"name\":\"Horomechanika\",\"description\":\"\u017dem\u0117s \u016akio Technika\",\"publisher\":{\"@id\":\"https:\/\/www.horomechanika.lt\/#organization\"},\"potentialAction\":[{\"@type\":\"SearchAction\",\"target\":{\"@type\":\"EntryPoint\",\"urlTemplate\":\"https:\/\/www.horomechanika.lt\/?s={search_term_string}\"},\"query-input\":\"required name=search_term_string\"}],\"inLanguage\":\"ru-RU\"},{\"@type\":\"Organization\",\"@id\":\"https:\/\/www.horomechanika.lt\/#organization\",\"name\":\"UAB \\\"Horo mechanika\\\"\",\"url\":\"https:\/\/www.horomechanika.lt\/\",\"logo\":{\"@type\":\"ImageObject\",\"inLanguage\":\"ru-RU\",\"@id\":\"https:\/\/www.horomechanika.lt\/#\/schema\/logo\/image\/\",\"url\":\"https:\/\/www.horomechanika.lt\/wp-content\/uploads\/2020\/05\/horomechanika-logo.png\",\"contentUrl\":\"https:\/\/www.horomechanika.lt\/wp-content\/uploads\/2020\/05\/horomechanika-logo.png\",\"width\":137,\"height\":56,\"caption\":\"UAB \\\"Horo mechanika\\\"\"},\"image\":{\"@id\":\"https:\/\/www.horomechanika.lt\/#\/schema\/logo\/image\/\"},\"sameAs\":[\"https:\/\/www.facebook.com\/UAB-Horo-mechanika-177091812471952\"]}]}<\/script>\n<!-- \/ Yoast SEO plugin. -->","yoast_head_json":{"title":"Mul\u010deris ALPHA M \/ M Plus 125 - 220cm | Horomechanika","description":"Mul\u010deris \u201eAlpha M\/PLUS\u201c u\u017e prieinam\u0105 kain\u0105. Puikiai tinka ma\u017eiems \u016bkiams ar didel\u0117ms sodyboms. Atlaiko didel\u012f darbo kruv\u012f.","robots":{"index":"index","follow":"follow","max-snippet":"max-snippet:-1","max-image-preview":"max-image-preview:large","max-video-preview":"max-video-preview:-1"},"canonical":"https:\/\/www.horomechanika.lt\/ru\/product\/mulceris-alpha-m-m-plus-d\/","og_locale":"ru_RU","og_type":"article","og_title":"Mul\u010deris ALPHA M \/ M Plus 125 - 220cm | Horomechanika","og_description":"Mul\u010deris \u201eAlpha M\/PLUS\u201c u\u017e prieinam\u0105 kain\u0105. Puikiai tinka ma\u017eiems \u016bkiams ar didel\u0117ms sodyboms. Atlaiko didel\u012f darbo kruv\u012f.","og_url":"https:\/\/www.horomechanika.lt\/ru\/product\/mulceris-alpha-m-m-plus-d\/","og_site_name":"Horomechanika","article_publisher":"https:\/\/www.facebook.com\/UAB-Horo-mechanika-177091812471952","article_modified_time":"2021-05-13T10:15:48+00:00","og_image":[{"width":548,"height":528,"url":"https:\/\/www.horomechanika.lt\/wp-content\/uploads\/2021\/04\/Screen-Shot-2021-05-13-at-13.14.11.png","type":"image\/png"}],"twitter_card":"summary_large_image","twitter_misc":{"\u041f\u0440\u0438\u043c\u0435\u0440\u043d\u043e\u0435 \u0432\u0440\u0435\u043c\u044f \u0434\u043b\u044f \u0447\u0442\u0435\u043d\u0438\u044f":"2 \u043c\u0438\u043d\u0443\u0442\u044b"},"schema":{"@context":"https:\/\/schema.org","@graph":[{"@type":"WebPage","@id":"https:\/\/www.horomechanika.lt\/product\/mulceris-alpha-m-m-plus-d\/","url":"https:\/\/www.horomechanika.lt\/product\/mulceris-alpha-m-m-plus-d\/","name":"Mul\u010deris ALPHA M \/ M Plus 125 - 220cm | Horomechanika","isPartOf":{"@id":"https:\/\/www.horomechanika.lt\/#website"},"datePublished":"2021-04-22T12:20:35+00:00","dateModified":"2021-05-13T10:15:48+00:00","description":"Mul\u010deris \u201eAlpha M\/PLUS\u201c u\u017e prieinam\u0105 kain\u0105. Puikiai tinka ma\u017eiems \u016bkiams ar didel\u0117ms sodyboms. Atlaiko didel\u012f darbo kruv\u012f.","breadcrumb":{"@id":"https:\/\/www.horomechanika.lt\/product\/mulceris-alpha-m-m-plus-d\/#breadcrumb"},"inLanguage":"ru-RU","potentialAction":[{"@type":"ReadAction","target":["https:\/\/www.horomechanika.lt\/product\/mulceris-alpha-m-m-plus-d\/"]}]},{"@type":"BreadcrumbList","@id":"https:\/\/www.horomechanika.lt\/product\/mulceris-alpha-m-m-plus-d\/#breadcrumb","itemListElement":[{"@type":"ListItem","position":1,"name":"Home","item":"https:\/\/www.horomechanika.lt\/"},{"@type":"ListItem","position":2,"name":"Shop","item":"https:\/\/www.horomechanika.lt\/ru\/shop-2\/"},{"@type":"ListItem","position":3,"name":"Mul\u010deris ALPHA M \/ M Plus 125 &#8211; 220cm"}]},{"@type":"WebSite","@id":"https:\/\/www.horomechanika.lt\/#website","url":"https:\/\/www.horomechanika.lt\/","name":"Horomechanika","description":"\u017dem\u0117s \u016akio Technika","publisher":{"@id":"https:\/\/www.horomechanika.lt\/#organization"},"potentialAction":[{"@type":"SearchAction","target":{"@type":"EntryPoint","urlTemplate":"https:\/\/www.horomechanika.lt\/?s={search_term_string}"},"query-input":"required name=search_term_string"}],"inLanguage":"ru-RU"},{"@type":"Organization","@id":"https:\/\/www.horomechanika.lt\/#organization","name":"UAB \"Horo mechanika\"","url":"https:\/\/www.horomechanika.lt\/","logo":{"@type":"ImageObject","inLanguage":"ru-RU","@id":"https:\/\/www.horomechanika.lt\/#\/schema\/logo\/image\/","url":"https:\/\/www.horomechanika.lt\/wp-content\/uploads\/2020\/05\/horomechanika-logo.png","contentUrl":"https:\/\/www.horomechanika.lt\/wp-content\/uploads\/2020\/05\/horomechanika-logo.png","width":137,"height":56,"caption":"UAB \"Horo mechanika\""},"image":{"@id":"https:\/\/www.horomechanika.lt\/#\/schema\/logo\/image\/"},"sameAs":["https:\/\/www.facebook.com\/UAB-Horo-mechanika-177091812471952"]}]}},"_links":{"self":[{"href":"https:\/\/www.horomechanika.lt\/ru\/wp-json\/wp\/v2\/product\/12728","targetHints":{"allow":["GET"]}}],"collection":[{"href":"https:\/\/www.horomechanika.lt\/ru\/wp-json\/wp\/v2\/product"}],"about":[{"href":"https:\/\/www.horomechanika.lt\/ru\/wp-json\/wp\/v2\/types\/product"}],"replies":[{"embeddable":true,"href":"https:\/\/www.horomechanika.lt\/ru\/wp-json\/wp\/v2\/comments?post=12728"}],"wp:featuredmedia":[{"embeddable":true,"href":"https:\/\/www.horomechanika.lt\/ru\/wp-json\/wp\/v2\/media\/13082"}],"wp:attachment":[{"href":"https:\/\/www.horomechanika.lt\/ru\/wp-json\/wp\/v2\/media?parent=12728"}],"wp:term":[{"taxonomy":"product_cat","embeddable":true,"href":"https:\/\/www.horomechanika.lt\/ru\/wp-json\/wp\/v2\/product_cat?post=12728"},{"taxonomy":"product_tag","embeddable":true,"href":"https:\/\/www.horomechanika.lt\/ru\/wp-json\/wp\/v2\/product_tag?post=12728"}],"curies":[{"name":"wp","href":"https:\/\/api.w.org\/{rel}","templated":true}]}}