{"id":12732,"date":"2021-04-25T16:02:35","date_gmt":"2021-04-25T13:02:35","guid":{"rendered":"https:\/\/www.horomechanika.lt\/?post_type=product&#038;p=12732"},"modified":"2021-05-04T18:21:26","modified_gmt":"2021-05-04T15:21:26","slug":"mulceris-alpha-m-grizzly-180-240cm-2","status":"publish","type":"product","link":"https:\/\/www.horomechanika.lt\/ru\/product\/mulceris-alpha-m-grizzly-180-240cm-2\/","title":{"rendered":"Mul\u010deris ALPHA M Grizzly PROFI 180 &#8211; 240cm"},"content":{"rendered":"<p>NAUJIENA!<\/p>\n<p>Ypa\u010d galingas \u201eAlpha M Grizzly\u201c yra idealus pagalbininkas, tinkantis darbui smulkaus mi\u0161ko s\u0105lygomis.<br \/>\nSmulkintuvas sukimplektuotas su dir\u017eo \u012ftempikliu, hidraulin\u0117mis mul\u010dio durimis bei \u0161oniniu poslinkiu.<br \/>\n\u0160i ma\u0161ina puikiai tinka sunkiems darbams mi\u0161ke, smulkina ra\u017eienas ir kr\u016bmus.<br \/>\nPlieniniai dantyti plaktukai gali susmulkinti medien\u0105 iki 10 cm, taip pat tankius pikt\u017eoli\u0173 laukus.<br \/>\nPagrindinis velenas yra su SKF guoliais, tod\u0117l yra labai tvirtas ir atsparus sm\u016bgiams bei ma\u017eoms kli\u016btims.<br \/>\nHidrauli\u0161kai valdomos durys leid\u017eia lengvai ir patogiai pereiti nuo mul\u010diavimo prie \u0161ienavimo didesniu darbo grei\u010diu.<\/p>\n<p><iframe loading=\"lazy\" title=\"Aardenburg Beta M Grizzly r\u00e9zs\u0171z\u00faz\u00f3 bemutat\u00f3 - Agrohof\" width=\"895\" height=\"503\" src=\"https:\/\/www.youtube.com\/embed\/GRs_iT53mp4?feature=oembed\" frameborder=\"0\" allow=\"accelerometer; autoplay; clipboard-write; encrypted-media; gyroscope; picture-in-picture\" allowfullscreen><\/iframe><\/p>\n<table border=\"0\" width=\"348\" cellspacing=\"0\" cellpadding=\"0\">\n<colgroup>\n<col span=\"4\" width=\"87\" \/><\/colgroup>\n<tbody>\n<tr>\n<td class=\"xl65\" width=\"87\" height=\"47\"><span lang=\"LT\">Modelis<\/span><\/td>\n<td class=\"xl65\" width=\"87\">M 1800 Grizzly<\/td>\n<td class=\"xl65\" width=\"87\">M 2000 Grizzly<\/td>\n<td class=\"xl65\" width=\"87\">M 2400 Grizzly<\/td>\n<\/tr>\n<tr>\n<td class=\"xl67\" width=\"87\" height=\"24\"><span lang=\"LT\">Kg<\/span><\/td>\n<td class=\"xl65\" width=\"87\">500<\/td>\n<td class=\"xl65\" width=\"87\">510<\/td>\n<td class=\"xl65\" width=\"87\">580<\/td>\n<\/tr>\n<tr>\n<td class=\"xl67\" width=\"87\" height=\"47\"><span lang=\"LT\">Bendras plotis<\/span><\/td>\n<td class=\"xl65\" width=\"87\">1800<\/td>\n<td class=\"xl65\" width=\"87\">2000<\/td>\n<td class=\"xl65\" width=\"87\">2400<\/td>\n<\/tr>\n<tr>\n<td class=\"xl67\" width=\"87\" height=\"24\"><span lang=\"LT\">Min AG<\/span><\/td>\n<td class=\"xl65\" width=\"87\">50<\/td>\n<td class=\"xl65\" width=\"87\">55<\/td>\n<td class=\"xl65\" width=\"87\">60<\/td>\n<\/tr>\n<tr>\n<td class=\"xl67\" width=\"87\" height=\"47\"><span lang=\"LT\">Prikabinimo kategorija<\/span><\/td>\n<td class=\"xl65\" width=\"87\">II<\/td>\n<td class=\"xl65\" width=\"87\">II<\/td>\n<td class=\"xl65\" width=\"87\">II<\/td>\n<\/tr>\n<tr>\n<td class=\"xl67\" width=\"87\" height=\"24\"><span lang=\"LT\">Apsukos<\/span><\/td>\n<td class=\"xl65\" width=\"87\">540<\/td>\n<td class=\"xl65\" width=\"87\">540<\/td>\n<td class=\"xl65\" width=\"87\">540<\/td>\n<\/tr>\n<tr>\n<td class=\"xl67\" width=\"87\" height=\"47\"><span lang=\"LT\">V formos dir\u017eai<\/span><\/td>\n<td class=\"xl65\" width=\"87\">5<\/td>\n<td class=\"xl65\" width=\"87\">5<\/td>\n<td class=\"xl65\" width=\"87\">5<\/td>\n<\/tr>\n<tr>\n<td class=\"xl67\" width=\"87\" height=\"24\"><span lang=\"LT\">Plaktukai<\/span><\/td>\n<td class=\"xl65\" width=\"87\">16<\/td>\n<td class=\"xl65\" width=\"87\">18<\/td>\n<td class=\"xl65\" width=\"87\">22<\/td>\n<\/tr>\n<tr>\n<td class=\"xl67\" width=\"87\" height=\"47\"><span lang=\"LT\">Plaktuku svoris<\/span><\/td>\n<td class=\"xl65\" width=\"87\">1650<\/td>\n<td class=\"xl65\" width=\"87\">1650<\/td>\n<td class=\"xl65\" width=\"87\">1650<\/td>\n<\/tr>\n<tr>\n<td class=\"xl67\" width=\"87\" height=\"47\"><span lang=\"LT\">Rotoriaus skersmuo<\/span><\/td>\n<td class=\"xl65\" width=\"87\">162<\/td>\n<td class=\"xl65\" width=\"87\">162<\/td>\n<td class=\"xl65\" width=\"87\">162<\/td>\n<\/tr>\n<tr>\n<td class=\"xl67\" width=\"87\" height=\"92\"><span lang=\"LT\">Rotorisu skersmuo su plaktukais<\/span><\/td>\n<td class=\"xl65\" width=\"87\">452<\/td>\n<td class=\"xl65\" width=\"87\">452<\/td>\n<td class=\"xl65\" width=\"87\">452<\/td>\n<\/tr>\n<tr>\n<td class=\"xl67\" width=\"87\" height=\"47\"><span lang=\"LT\">\u0160oninis postumis<\/span><\/td>\n<td class=\"xl65\" width=\"87\">400<\/td>\n<td class=\"xl65\" width=\"87\">400<\/td>\n<td class=\"xl65\" width=\"87\">400<\/td>\n<\/tr>\n<tr>\n<td class=\"xl66\" width=\"87\" height=\"47\"><span lang=\"LT\">Nuo GTV \u012f kair\u0119 pus\u0119<\/span><\/td>\n<td class=\"xl65\" width=\"87\">970<\/td>\n<td class=\"xl65\" width=\"87\">1170<\/td>\n<td class=\"xl65\" width=\"87\">1270<\/td>\n<\/tr>\n<tr>\n<td class=\"xl66\" width=\"87\" height=\"47\"><span lang=\"LT\">Nuo GTV \u012f de\u0161in\u0119 pus\u0119<\/span><\/td>\n<td class=\"xl65\" width=\"87\">830<\/td>\n<td class=\"xl65\" width=\"87\">830<\/td>\n<td class=\"xl65\" width=\"87\">1130<\/td>\n<\/tr>\n<tr>\n<td class=\"xl66\" width=\"87\" height=\"92\"><span lang=\"LT\">Nuo GTV \u012f kair\u0119 pus\u0119 su \u0161oniniu poslinkiu<\/span><\/td>\n<td class=\"xl65\" width=\"87\">570<\/td>\n<td class=\"xl65\" width=\"87\">770<\/td>\n<td class=\"xl65\" width=\"87\">870<\/td>\n<\/tr>\n<tr>\n<td class=\"xl66\" width=\"87\" height=\"92\"><span lang=\"LT\">Nuo GTV \u012f de\u0161in\u0119 pus\u0119 su \u0161oniniu poslinkiu<\/span><\/td>\n<td class=\"xl65\" width=\"87\">1230<\/td>\n<td class=\"xl65\" width=\"87\">1230<\/td>\n<td class=\"xl65\" width=\"87\">1530<\/td>\n<\/tr>\n<\/tbody>\n<\/table>\n<p>&nbsp;<\/p>","protected":false},"excerpt":{"rendered":"<h3>Pagrindin\u0117s funkcijos<\/h3>\n<ul>\n<li>\n<p id=\"tw-target-text\" class=\"tw-data-text tw-text-large XcVN5d tw-ta\" dir=\"ltr\" data-placeholder=\"Translation\"><span class=\"Y2IQFc\" lang=\"lt\">Pusiau mi\u0161kinis mul\u010deris<\/span><\/p>\n<\/li>\n<li>\n<p id=\"tw-target-text\" class=\"tw-data-text tw-text-large XcVN5d tw-ta\" dir=\"ltr\" data-placeholder=\"Translation\">5 V-formos dir\u017eai su dir\u017eo \u012ftempikliu, Ital\u0173 gamybos Comer grei\u010dio d\u0117\u017e\u0117<\/p>\n<\/li>\n<li>\n<p id=\"tw-target-text\" class=\"tw-data-text tw-text-large XcVN5d tw-ta\" dir=\"ltr\" data-placeholder=\"Translation\"><span class=\"Y2IQFc\" lang=\"lt\"> \u00a0Patvari konstrukcija su papildomais sutvirtinimais <\/span><\/p>\n<\/li>\n<li>\n<p id=\"tw-target-text\" class=\"tw-data-text tw-text-large XcVN5d tw-ta\" dir=\"ltr\" data-placeholder=\"Translation\"><span class=\"Y2IQFc\" lang=\"lt\">\u00a0Sukurtas I-II kompakti\u0161kiems traktoriams <\/span><\/p>\n<\/li>\n<li>\n<p id=\"tw-target-text\" class=\"tw-data-text tw-text-large XcVN5d tw-ta\" dir=\"ltr\" data-placeholder=\"Translation\"><span class=\"Y2IQFc\" lang=\"lt\">\u00a0Kompakti\u0161kas ir patikimas<\/span><\/p>\n<\/li>\n<\/ul>","protected":false},"featured_media":12955,"comment_status":"open","ping_status":"closed","template":"","meta":[],"product_cat":[150,153,167,99],"product_tag":[215,220],"class_list":["post-12732","product","type-product","status-publish","has-post-thumbnail","hentry","product_cat-mulceriai","product_cat-dideliu-plotu-prieziurai-mulceriai","product_cat-gyvatvoriu-krumynu-prieziuros-technika","product_cat-zoles-ir-krumu-smulkintuvai","product_tag-slaitai","product_tag-alpha"],"yoast_head":"<!-- This site is optimized with the Yoast SEO plugin v20.1 - https:\/\/yoast.com\/wordpress\/plugins\/seo\/ -->\n<title>Mul\u010deris ALPHA M Grizzly PROFI 180 - 240cm | Horomechanika<\/title>\n<meta name=\"description\" content=\"Mul\u010deris \u201eAlpha M\/PLUS\u201c u\u017e prieinam\u0105 kain\u0105. Puikiai tinka ma\u017eiems \u016bkiams ar didel\u0117ms sodyboms. Atlaiko didel\u012f darbo kruv\u012f.\" \/>\n<meta name=\"robots\" content=\"index, follow, max-snippet:-1, max-image-preview:large, max-video-preview:-1\" \/>\n<link rel=\"canonical\" href=\"https:\/\/www.horomechanika.lt\/ru\/product\/mulceris-alpha-m-grizzly-180-240cm-2\/\" \/>\n<meta property=\"og:locale\" content=\"ru_RU\" \/>\n<meta property=\"og:type\" content=\"article\" \/>\n<meta property=\"og:title\" content=\"Mul\u010deris ALPHA M Grizzly PROFI 180 - 240cm | Horomechanika\" \/>\n<meta property=\"og:description\" content=\"Mul\u010deris \u201eAlpha M\/PLUS\u201c u\u017e prieinam\u0105 kain\u0105. Puikiai tinka ma\u017eiems \u016bkiams ar didel\u0117ms sodyboms. Atlaiko didel\u012f darbo kruv\u012f.\" \/>\n<meta property=\"og:url\" content=\"https:\/\/www.horomechanika.lt\/ru\/product\/mulceris-alpha-m-grizzly-180-240cm-2\/\" \/>\n<meta property=\"og:site_name\" content=\"Horomechanika\" \/>\n<meta property=\"article:publisher\" content=\"https:\/\/www.facebook.com\/UAB-Horo-mechanika-177091812471952\" \/>\n<meta property=\"article:modified_time\" content=\"2021-05-04T15:21:26+00:00\" \/>\n<meta property=\"og:image\" content=\"https:\/\/www.horomechanika.lt\/wp-content\/uploads\/2021\/04\/Screen-Shot-2021-05-04-at-18.20.13.png\" \/>\n\t<meta property=\"og:image:width\" content=\"596\" \/>\n\t<meta property=\"og:image:height\" content=\"566\" \/>\n\t<meta property=\"og:image:type\" content=\"image\/png\" \/>\n<meta name=\"twitter:card\" content=\"summary_large_image\" \/>\n<meta name=\"twitter:label1\" content=\"\u041f\u0440\u0438\u043c\u0435\u0440\u043d\u043e\u0435 \u0432\u0440\u0435\u043c\u044f \u0434\u043b\u044f \u0447\u0442\u0435\u043d\u0438\u044f\" \/>\n\t<meta name=\"twitter:data1\" content=\"1 \u043c\u0438\u043d\u0443\u0442\u0430\" \/>\n<script type=\"application\/ld+json\" class=\"yoast-schema-graph\">{\"@context\":\"https:\/\/schema.org\",\"@graph\":[{\"@type\":\"WebPage\",\"@id\":\"https:\/\/www.horomechanika.lt\/product\/mulceris-alpha-m-grizzly-180-240cm-2\/\",\"url\":\"https:\/\/www.horomechanika.lt\/product\/mulceris-alpha-m-grizzly-180-240cm-2\/\",\"name\":\"Mul\u010deris ALPHA M Grizzly PROFI 180 - 240cm | Horomechanika\",\"isPartOf\":{\"@id\":\"https:\/\/www.horomechanika.lt\/#website\"},\"datePublished\":\"2021-04-25T13:02:35+00:00\",\"dateModified\":\"2021-05-04T15:21:26+00:00\",\"description\":\"Mul\u010deris \u201eAlpha M\/PLUS\u201c u\u017e prieinam\u0105 kain\u0105. Puikiai tinka ma\u017eiems \u016bkiams ar didel\u0117ms sodyboms. Atlaiko didel\u012f darbo kruv\u012f.\",\"breadcrumb\":{\"@id\":\"https:\/\/www.horomechanika.lt\/product\/mulceris-alpha-m-grizzly-180-240cm-2\/#breadcrumb\"},\"inLanguage\":\"ru-RU\",\"potentialAction\":[{\"@type\":\"ReadAction\",\"target\":[\"https:\/\/www.horomechanika.lt\/product\/mulceris-alpha-m-grizzly-180-240cm-2\/\"]}]},{\"@type\":\"BreadcrumbList\",\"@id\":\"https:\/\/www.horomechanika.lt\/product\/mulceris-alpha-m-grizzly-180-240cm-2\/#breadcrumb\",\"itemListElement\":[{\"@type\":\"ListItem\",\"position\":1,\"name\":\"Home\",\"item\":\"https:\/\/www.horomechanika.lt\/\"},{\"@type\":\"ListItem\",\"position\":2,\"name\":\"Shop\",\"item\":\"https:\/\/www.horomechanika.lt\/ru\/shop-2\/\"},{\"@type\":\"ListItem\",\"position\":3,\"name\":\"Mul\u010deris ALPHA M Grizzly PROFI 180 &#8211; 240cm\"}]},{\"@type\":\"WebSite\",\"@id\":\"https:\/\/www.horomechanika.lt\/#website\",\"url\":\"https:\/\/www.horomechanika.lt\/\",\"name\":\"Horomechanika\",\"description\":\"\u017dem\u0117s \u016akio Technika\",\"publisher\":{\"@id\":\"https:\/\/www.horomechanika.lt\/#organization\"},\"potentialAction\":[{\"@type\":\"SearchAction\",\"target\":{\"@type\":\"EntryPoint\",\"urlTemplate\":\"https:\/\/www.horomechanika.lt\/?s={search_term_string}\"},\"query-input\":\"required name=search_term_string\"}],\"inLanguage\":\"ru-RU\"},{\"@type\":\"Organization\",\"@id\":\"https:\/\/www.horomechanika.lt\/#organization\",\"name\":\"UAB \\\"Horo mechanika\\\"\",\"url\":\"https:\/\/www.horomechanika.lt\/\",\"logo\":{\"@type\":\"ImageObject\",\"inLanguage\":\"ru-RU\",\"@id\":\"https:\/\/www.horomechanika.lt\/#\/schema\/logo\/image\/\",\"url\":\"https:\/\/www.horomechanika.lt\/wp-content\/uploads\/2020\/05\/horomechanika-logo.png\",\"contentUrl\":\"https:\/\/www.horomechanika.lt\/wp-content\/uploads\/2020\/05\/horomechanika-logo.png\",\"width\":137,\"height\":56,\"caption\":\"UAB \\\"Horo mechanika\\\"\"},\"image\":{\"@id\":\"https:\/\/www.horomechanika.lt\/#\/schema\/logo\/image\/\"},\"sameAs\":[\"https:\/\/www.facebook.com\/UAB-Horo-mechanika-177091812471952\"]}]}<\/script>\n<!-- \/ Yoast SEO plugin. -->","yoast_head_json":{"title":"Mul\u010deris ALPHA M Grizzly PROFI 180 - 240cm | Horomechanika","description":"Mul\u010deris \u201eAlpha M\/PLUS\u201c u\u017e prieinam\u0105 kain\u0105. Puikiai tinka ma\u017eiems \u016bkiams ar didel\u0117ms sodyboms. Atlaiko didel\u012f darbo kruv\u012f.","robots":{"index":"index","follow":"follow","max-snippet":"max-snippet:-1","max-image-preview":"max-image-preview:large","max-video-preview":"max-video-preview:-1"},"canonical":"https:\/\/www.horomechanika.lt\/ru\/product\/mulceris-alpha-m-grizzly-180-240cm-2\/","og_locale":"ru_RU","og_type":"article","og_title":"Mul\u010deris ALPHA M Grizzly PROFI 180 - 240cm | Horomechanika","og_description":"Mul\u010deris \u201eAlpha M\/PLUS\u201c u\u017e prieinam\u0105 kain\u0105. Puikiai tinka ma\u017eiems \u016bkiams ar didel\u0117ms sodyboms. Atlaiko didel\u012f darbo kruv\u012f.","og_url":"https:\/\/www.horomechanika.lt\/ru\/product\/mulceris-alpha-m-grizzly-180-240cm-2\/","og_site_name":"Horomechanika","article_publisher":"https:\/\/www.facebook.com\/UAB-Horo-mechanika-177091812471952","article_modified_time":"2021-05-04T15:21:26+00:00","og_image":[{"width":596,"height":566,"url":"https:\/\/www.horomechanika.lt\/wp-content\/uploads\/2021\/04\/Screen-Shot-2021-05-04-at-18.20.13.png","type":"image\/png"}],"twitter_card":"summary_large_image","twitter_misc":{"\u041f\u0440\u0438\u043c\u0435\u0440\u043d\u043e\u0435 \u0432\u0440\u0435\u043c\u044f \u0434\u043b\u044f \u0447\u0442\u0435\u043d\u0438\u044f":"1 \u043c\u0438\u043d\u0443\u0442\u0430"},"schema":{"@context":"https:\/\/schema.org","@graph":[{"@type":"WebPage","@id":"https:\/\/www.horomechanika.lt\/product\/mulceris-alpha-m-grizzly-180-240cm-2\/","url":"https:\/\/www.horomechanika.lt\/product\/mulceris-alpha-m-grizzly-180-240cm-2\/","name":"Mul\u010deris ALPHA M Grizzly PROFI 180 - 240cm | Horomechanika","isPartOf":{"@id":"https:\/\/www.horomechanika.lt\/#website"},"datePublished":"2021-04-25T13:02:35+00:00","dateModified":"2021-05-04T15:21:26+00:00","description":"Mul\u010deris \u201eAlpha M\/PLUS\u201c u\u017e prieinam\u0105 kain\u0105. Puikiai tinka ma\u017eiems \u016bkiams ar didel\u0117ms sodyboms. Atlaiko didel\u012f darbo kruv\u012f.","breadcrumb":{"@id":"https:\/\/www.horomechanika.lt\/product\/mulceris-alpha-m-grizzly-180-240cm-2\/#breadcrumb"},"inLanguage":"ru-RU","potentialAction":[{"@type":"ReadAction","target":["https:\/\/www.horomechanika.lt\/product\/mulceris-alpha-m-grizzly-180-240cm-2\/"]}]},{"@type":"BreadcrumbList","@id":"https:\/\/www.horomechanika.lt\/product\/mulceris-alpha-m-grizzly-180-240cm-2\/#breadcrumb","itemListElement":[{"@type":"ListItem","position":1,"name":"Home","item":"https:\/\/www.horomechanika.lt\/"},{"@type":"ListItem","position":2,"name":"Shop","item":"https:\/\/www.horomechanika.lt\/ru\/shop-2\/"},{"@type":"ListItem","position":3,"name":"Mul\u010deris ALPHA M Grizzly PROFI 180 &#8211; 240cm"}]},{"@type":"WebSite","@id":"https:\/\/www.horomechanika.lt\/#website","url":"https:\/\/www.horomechanika.lt\/","name":"Horomechanika","description":"\u017dem\u0117s \u016akio Technika","publisher":{"@id":"https:\/\/www.horomechanika.lt\/#organization"},"potentialAction":[{"@type":"SearchAction","target":{"@type":"EntryPoint","urlTemplate":"https:\/\/www.horomechanika.lt\/?s={search_term_string}"},"query-input":"required name=search_term_string"}],"inLanguage":"ru-RU"},{"@type":"Organization","@id":"https:\/\/www.horomechanika.lt\/#organization","name":"UAB \"Horo mechanika\"","url":"https:\/\/www.horomechanika.lt\/","logo":{"@type":"ImageObject","inLanguage":"ru-RU","@id":"https:\/\/www.horomechanika.lt\/#\/schema\/logo\/image\/","url":"https:\/\/www.horomechanika.lt\/wp-content\/uploads\/2020\/05\/horomechanika-logo.png","contentUrl":"https:\/\/www.horomechanika.lt\/wp-content\/uploads\/2020\/05\/horomechanika-logo.png","width":137,"height":56,"caption":"UAB \"Horo mechanika\""},"image":{"@id":"https:\/\/www.horomechanika.lt\/#\/schema\/logo\/image\/"},"sameAs":["https:\/\/www.facebook.com\/UAB-Horo-mechanika-177091812471952"]}]}},"_links":{"self":[{"href":"https:\/\/www.horomechanika.lt\/ru\/wp-json\/wp\/v2\/product\/12732","targetHints":{"allow":["GET"]}}],"collection":[{"href":"https:\/\/www.horomechanika.lt\/ru\/wp-json\/wp\/v2\/product"}],"about":[{"href":"https:\/\/www.horomechanika.lt\/ru\/wp-json\/wp\/v2\/types\/product"}],"replies":[{"embeddable":true,"href":"https:\/\/www.horomechanika.lt\/ru\/wp-json\/wp\/v2\/comments?post=12732"}],"wp:featuredmedia":[{"embeddable":true,"href":"https:\/\/www.horomechanika.lt\/ru\/wp-json\/wp\/v2\/media\/12955"}],"wp:attachment":[{"href":"https:\/\/www.horomechanika.lt\/ru\/wp-json\/wp\/v2\/media?parent=12732"}],"wp:term":[{"taxonomy":"product_cat","embeddable":true,"href":"https:\/\/www.horomechanika.lt\/ru\/wp-json\/wp\/v2\/product_cat?post=12732"},{"taxonomy":"product_tag","embeddable":true,"href":"https:\/\/www.horomechanika.lt\/ru\/wp-json\/wp\/v2\/product_tag?post=12732"}],"curies":[{"name":"wp","href":"https:\/\/api.w.org\/{rel}","templated":true}]}}