{"id":12748,"date":"2021-04-25T17:47:34","date_gmt":"2021-04-25T14:47:34","guid":{"rendered":"https:\/\/www.horomechanika.lt\/?post_type=product&#038;p=12748"},"modified":"2021-05-10T13:09:09","modified_gmt":"2021-05-10T10:09:09","slug":"hidraulinis-mulceris-alpha-x-vator-60-120-cm","status":"publish","type":"product","link":"https:\/\/www.horomechanika.lt\/ru\/product\/hidraulinis-mulceris-alpha-x-vator-60-120-cm\/","title":{"rendered":"Hidraulinis mul\u010deris X-VATOR 60 &#8211; 120cm"},"content":{"rendered":"<p>NAUJIENA!<\/p>\n<p>Lankstus ir patikimas. I\u0161bandyta ir patikrinta konstrukcija su \u00a0hidraulika palengvina mul\u010derio valdym\u0105.<br \/>\nIdealiai tinka ekskavatoriams, mini ekskavatoriams ir JCB.<br \/>\nMul\u010der\u012f galima montuoti beveik ant bet kurio ekskavatoriaus su itin lanks\u010diu tvirtinimu.<br \/>\nGeriausiai tinka \u0161laitams ir pylimams. Profesionaliam naudojimui.<\/p>\n<p><iframe loading=\"lazy\" title=\"Aardenburg Alpha M 1350 Hydro sz\u00e1rz\u00faz\u00f3 munka k\u00f6zben Rom\u00e1ni\u00e1ban.\" width=\"895\" height=\"503\" src=\"https:\/\/www.youtube.com\/embed\/GMaM4xYIhA0?feature=oembed\" frameborder=\"0\" allow=\"accelerometer; autoplay; clipboard-write; encrypted-media; gyroscope; picture-in-picture\" allowfullscreen><\/iframe><\/p>\n<p>&nbsp;<\/p>\n<div class=\"page\" title=\"Page 35\">\n<table border=\"0\" width=\"708\" cellspacing=\"0\" cellpadding=\"0\">\n<colgroup>\n<col span=\"2\" width=\"87\" \/>\n<col width=\"99\" \/>\n<col span=\"5\" width=\"87\" \/><\/colgroup>\n<tbody>\n<tr>\n<td class=\"xl65\" colspan=\"2\" width=\"174\" height=\"92\">X-VATOR<\/td>\n<td class=\"xl65\" colspan=\"2\" align=\"right\" width=\"186\">600<\/td>\n<td class=\"xl65\" colspan=\"2\" align=\"right\" width=\"174\">800<\/td>\n<td class=\"xl65\" colspan=\"2\" align=\"right\" width=\"174\">1200<\/td>\n<\/tr>\n<tr>\n<td class=\"xl65\" colspan=\"2\" height=\"92\">Kg<\/td>\n<td class=\"xl65\" colspan=\"2\" align=\"right\">150<\/td>\n<td class=\"xl65\" colspan=\"2\" align=\"right\">272<\/td>\n<td class=\"xl65\" colspan=\"2\" align=\"right\">305<\/td>\n<\/tr>\n<tr>\n<td class=\"xl65\" colspan=\"2\" height=\"69\">Bendras plotis<\/td>\n<td class=\"xl65\" colspan=\"2\" align=\"right\">600<\/td>\n<td class=\"xl65\" colspan=\"2\" align=\"right\">800<\/td>\n<td class=\"xl65\" colspan=\"2\" align=\"right\">1200<\/td>\n<\/tr>\n<tr>\n<td class=\"xl65\" colspan=\"2\" height=\"92\">Minimali keliamoji galia<\/td>\n<td class=\"xl65\" colspan=\"2\">2.5 T<\/td>\n<td class=\"xl65\" colspan=\"2\">3T<\/td>\n<td class=\"xl65\" colspan=\"2\">6T<\/td>\n<\/tr>\n<tr>\n<td class=\"xl65\" colspan=\"2\" height=\"47\">Hidraulika<\/td>\n<td class=\"xl65\" colspan=\"2\">30-40 L\/min &#8211; 20 MPa<\/td>\n<td class=\"xl65\" colspan=\"2\">40-60 L\/min &#8211; 20 MPa<\/td>\n<td class=\"xl65\" colspan=\"2\">60-80 L\/min &#8211; 20 MPa<\/td>\n<\/tr>\n<tr>\n<td class=\"xl65\" colspan=\"2\" height=\"92\">V formos dir\u017eai<\/td>\n<td class=\"xl65\" colspan=\"2\">&#8211;<\/td>\n<td class=\"xl65\" colspan=\"2\" align=\"right\">3<\/td>\n<td class=\"xl65\" colspan=\"2\" align=\"right\">3<\/td>\n<\/tr>\n<tr>\n<td class=\"xl65\" colspan=\"2\" height=\"92\">Plaktukai, vnt<\/td>\n<td class=\"xl65\" colspan=\"2\" align=\"right\">12<\/td>\n<td class=\"xl65\" colspan=\"2\" align=\"right\">14<\/td>\n<td class=\"xl65\" colspan=\"2\" align=\"right\">16<\/td>\n<\/tr>\n<tr>\n<td class=\"xl65\" colspan=\"2\" height=\"21\">Plaktuko svoris, g<\/td>\n<td class=\"xl65\" colspan=\"2\" align=\"right\">800<\/td>\n<td class=\"xl65\" colspan=\"2\" align=\"right\">800<\/td>\n<td class=\"xl65\" colspan=\"2\" align=\"right\">800<\/td>\n<\/tr>\n<tr>\n<td class=\"xl65\" colspan=\"2\" height=\"21\">Rotoriaus diametras mm<\/td>\n<td class=\"xl65\" colspan=\"2\" align=\"right\">108<\/td>\n<td class=\"xl65\" colspan=\"2\" align=\"right\">108<\/td>\n<td class=\"xl65\" colspan=\"2\" align=\"right\">108<\/td>\n<\/tr>\n<tr>\n<td class=\"xl65\" colspan=\"2\" height=\"21\">Bendras diametrasmm<\/td>\n<td class=\"xl65\" colspan=\"2\" align=\"right\">335<\/td>\n<td class=\"xl65\" colspan=\"2\" align=\"right\">335<\/td>\n<td class=\"xl65\" colspan=\"2\" align=\"right\">335<\/td>\n<\/tr>\n<tr>\n<td class=\"xl65\" colspan=\"2\" height=\"21\">Maksimalus pjovimo diametras cm<\/td>\n<td class=\"xl66\" colspan=\"2\" align=\"right\">06-Jul<\/td>\n<td class=\"xl66\" colspan=\"2\" align=\"right\">06-Jul<\/td>\n<td class=\"xl66\" colspan=\"2\" align=\"right\">06-Jul<\/td>\n<\/tr>\n<\/tbody>\n<\/table>\n<\/div>","protected":false},"excerpt":{"rendered":"<h3>Pagrindin\u0117s funkcijos<\/h3>\n<ul>\n<li>\n<p id=\"tw-target-text\" class=\"tw-data-text tw-text-large XcVN5d tw-ta\" dir=\"ltr\" data-placeholder=\"Translation\">Veikia bet kurioje pad\u0117tyje (net ir apversta), yra su plaukiojan\u010dia pakaba<\/p>\n<\/li>\n<li>\n<p id=\"tw-target-text\" class=\"tw-data-text tw-text-large XcVN5d tw-ta\" dir=\"ltr\" data-placeholder=\"Translation\">Didel\u0117s galios hidraulin\u0117 pavaros sistema<\/p>\n<\/li>\n<li>\n<p id=\"tw-target-text\" class=\"tw-data-text tw-text-large XcVN5d tw-ta\" dir=\"ltr\" data-placeholder=\"Translation\">Tvirtinimo plok\u0161t\u0117 tinka \u012fvairiems ekskavatoriams<\/p>\n<\/li>\n<li>\n<p id=\"tw-target-text\" class=\"tw-data-text tw-text-large XcVN5d tw-ta\" dir=\"ltr\" data-placeholder=\"Translation\">\u0160ukavimo efektui<\/p>\n<\/li>\n<\/ul>","protected":false},"featured_media":13043,"comment_status":"open","ping_status":"closed","template":"","meta":[],"product_cat":[150,154,167,103],"product_tag":[215,220],"class_list":["post-12748","product","type-product","status-publish","has-post-thumbnail","hentry","product_cat-mulceriai","product_cat-krumu-smulkintuvai","product_cat-gyvatvoriu-krumynu-prieziuros-technika","product_cat-specializuota-technika","product_tag-slaitai","product_tag-alpha"],"yoast_head":"<!-- This site is optimized with the Yoast SEO plugin v20.1 - https:\/\/yoast.com\/wordpress\/plugins\/seo\/ -->\n<title>Hidraulinis mul\u010deris X-VATOR 60 - 120cm | Horomechanika<\/title>\n<meta name=\"description\" content=\"Mul\u010deris \u201eAlpha X VATOR\u201c u\u017e prieinam\u0105 kain\u0105. Puikiai tinka ma\u017eiems \u016bkiams ar didel\u0117ms sodyboms. Atlaiko didel\u012f darbo kruv\u012f.\" \/>\n<meta name=\"robots\" content=\"index, follow, max-snippet:-1, max-image-preview:large, max-video-preview:-1\" \/>\n<link rel=\"canonical\" href=\"https:\/\/www.horomechanika.lt\/ru\/product\/hidraulinis-mulceris-alpha-x-vator-60-120-cm\/\" \/>\n<meta property=\"og:locale\" content=\"ru_RU\" \/>\n<meta property=\"og:type\" content=\"article\" \/>\n<meta property=\"og:title\" content=\"Hidraulinis mul\u010deris X-VATOR 60 - 120cm | Horomechanika\" \/>\n<meta property=\"og:description\" content=\"Mul\u010deris \u201eAlpha X VATOR\u201c u\u017e prieinam\u0105 kain\u0105. Puikiai tinka ma\u017eiems \u016bkiams ar didel\u0117ms sodyboms. Atlaiko didel\u012f darbo kruv\u012f.\" \/>\n<meta property=\"og:url\" content=\"https:\/\/www.horomechanika.lt\/ru\/product\/hidraulinis-mulceris-alpha-x-vator-60-120-cm\/\" \/>\n<meta property=\"og:site_name\" content=\"Horomechanika\" \/>\n<meta property=\"article:publisher\" content=\"https:\/\/www.facebook.com\/UAB-Horo-mechanika-177091812471952\" \/>\n<meta property=\"article:modified_time\" content=\"2021-05-10T10:09:09+00:00\" \/>\n<meta property=\"og:image\" content=\"https:\/\/www.horomechanika.lt\/wp-content\/uploads\/2021\/04\/Screen-Shot-2021-05-10-at-13.06.44.png\" \/>\n\t<meta property=\"og:image:width\" content=\"560\" \/>\n\t<meta property=\"og:image:height\" content=\"536\" \/>\n\t<meta property=\"og:image:type\" content=\"image\/png\" \/>\n<meta name=\"twitter:card\" content=\"summary_large_image\" \/>\n<meta name=\"twitter:label1\" content=\"\u041f\u0440\u0438\u043c\u0435\u0440\u043d\u043e\u0435 \u0432\u0440\u0435\u043c\u044f \u0434\u043b\u044f \u0447\u0442\u0435\u043d\u0438\u044f\" \/>\n\t<meta name=\"twitter:data1\" content=\"1 \u043c\u0438\u043d\u0443\u0442\u0430\" \/>\n<script type=\"application\/ld+json\" class=\"yoast-schema-graph\">{\"@context\":\"https:\/\/schema.org\",\"@graph\":[{\"@type\":\"WebPage\",\"@id\":\"https:\/\/www.horomechanika.lt\/product\/hidraulinis-mulceris-alpha-x-vator-60-120-cm\/\",\"url\":\"https:\/\/www.horomechanika.lt\/product\/hidraulinis-mulceris-alpha-x-vator-60-120-cm\/\",\"name\":\"Hidraulinis mul\u010deris X-VATOR 60 - 120cm | Horomechanika\",\"isPartOf\":{\"@id\":\"https:\/\/www.horomechanika.lt\/#website\"},\"datePublished\":\"2021-04-25T14:47:34+00:00\",\"dateModified\":\"2021-05-10T10:09:09+00:00\",\"description\":\"Mul\u010deris \u201eAlpha X VATOR\u201c u\u017e prieinam\u0105 kain\u0105. Puikiai tinka ma\u017eiems \u016bkiams ar didel\u0117ms sodyboms. Atlaiko didel\u012f darbo kruv\u012f.\",\"breadcrumb\":{\"@id\":\"https:\/\/www.horomechanika.lt\/product\/hidraulinis-mulceris-alpha-x-vator-60-120-cm\/#breadcrumb\"},\"inLanguage\":\"ru-RU\",\"potentialAction\":[{\"@type\":\"ReadAction\",\"target\":[\"https:\/\/www.horomechanika.lt\/product\/hidraulinis-mulceris-alpha-x-vator-60-120-cm\/\"]}]},{\"@type\":\"BreadcrumbList\",\"@id\":\"https:\/\/www.horomechanika.lt\/product\/hidraulinis-mulceris-alpha-x-vator-60-120-cm\/#breadcrumb\",\"itemListElement\":[{\"@type\":\"ListItem\",\"position\":1,\"name\":\"Home\",\"item\":\"https:\/\/www.horomechanika.lt\/\"},{\"@type\":\"ListItem\",\"position\":2,\"name\":\"Shop\",\"item\":\"https:\/\/www.horomechanika.lt\/ru\/shop-2\/\"},{\"@type\":\"ListItem\",\"position\":3,\"name\":\"Hidraulinis mul\u010deris X-VATOR 60 &#8211; 120cm\"}]},{\"@type\":\"WebSite\",\"@id\":\"https:\/\/www.horomechanika.lt\/#website\",\"url\":\"https:\/\/www.horomechanika.lt\/\",\"name\":\"Horomechanika\",\"description\":\"\u017dem\u0117s \u016akio Technika\",\"publisher\":{\"@id\":\"https:\/\/www.horomechanika.lt\/#organization\"},\"potentialAction\":[{\"@type\":\"SearchAction\",\"target\":{\"@type\":\"EntryPoint\",\"urlTemplate\":\"https:\/\/www.horomechanika.lt\/?s={search_term_string}\"},\"query-input\":\"required name=search_term_string\"}],\"inLanguage\":\"ru-RU\"},{\"@type\":\"Organization\",\"@id\":\"https:\/\/www.horomechanika.lt\/#organization\",\"name\":\"UAB \\\"Horo mechanika\\\"\",\"url\":\"https:\/\/www.horomechanika.lt\/\",\"logo\":{\"@type\":\"ImageObject\",\"inLanguage\":\"ru-RU\",\"@id\":\"https:\/\/www.horomechanika.lt\/#\/schema\/logo\/image\/\",\"url\":\"https:\/\/www.horomechanika.lt\/wp-content\/uploads\/2020\/05\/horomechanika-logo.png\",\"contentUrl\":\"https:\/\/www.horomechanika.lt\/wp-content\/uploads\/2020\/05\/horomechanika-logo.png\",\"width\":137,\"height\":56,\"caption\":\"UAB \\\"Horo mechanika\\\"\"},\"image\":{\"@id\":\"https:\/\/www.horomechanika.lt\/#\/schema\/logo\/image\/\"},\"sameAs\":[\"https:\/\/www.facebook.com\/UAB-Horo-mechanika-177091812471952\"]}]}<\/script>\n<!-- \/ Yoast SEO plugin. -->","yoast_head_json":{"title":"Hidraulinis mul\u010deris X-VATOR 60 - 120cm | Horomechanika","description":"Mul\u010deris \u201eAlpha X VATOR\u201c u\u017e prieinam\u0105 kain\u0105. Puikiai tinka ma\u017eiems \u016bkiams ar didel\u0117ms sodyboms. Atlaiko didel\u012f darbo kruv\u012f.","robots":{"index":"index","follow":"follow","max-snippet":"max-snippet:-1","max-image-preview":"max-image-preview:large","max-video-preview":"max-video-preview:-1"},"canonical":"https:\/\/www.horomechanika.lt\/ru\/product\/hidraulinis-mulceris-alpha-x-vator-60-120-cm\/","og_locale":"ru_RU","og_type":"article","og_title":"Hidraulinis mul\u010deris X-VATOR 60 - 120cm | Horomechanika","og_description":"Mul\u010deris \u201eAlpha X VATOR\u201c u\u017e prieinam\u0105 kain\u0105. Puikiai tinka ma\u017eiems \u016bkiams ar didel\u0117ms sodyboms. Atlaiko didel\u012f darbo kruv\u012f.","og_url":"https:\/\/www.horomechanika.lt\/ru\/product\/hidraulinis-mulceris-alpha-x-vator-60-120-cm\/","og_site_name":"Horomechanika","article_publisher":"https:\/\/www.facebook.com\/UAB-Horo-mechanika-177091812471952","article_modified_time":"2021-05-10T10:09:09+00:00","og_image":[{"width":560,"height":536,"url":"https:\/\/www.horomechanika.lt\/wp-content\/uploads\/2021\/04\/Screen-Shot-2021-05-10-at-13.06.44.png","type":"image\/png"}],"twitter_card":"summary_large_image","twitter_misc":{"\u041f\u0440\u0438\u043c\u0435\u0440\u043d\u043e\u0435 \u0432\u0440\u0435\u043c\u044f \u0434\u043b\u044f \u0447\u0442\u0435\u043d\u0438\u044f":"1 \u043c\u0438\u043d\u0443\u0442\u0430"},"schema":{"@context":"https:\/\/schema.org","@graph":[{"@type":"WebPage","@id":"https:\/\/www.horomechanika.lt\/product\/hidraulinis-mulceris-alpha-x-vator-60-120-cm\/","url":"https:\/\/www.horomechanika.lt\/product\/hidraulinis-mulceris-alpha-x-vator-60-120-cm\/","name":"Hidraulinis mul\u010deris X-VATOR 60 - 120cm | Horomechanika","isPartOf":{"@id":"https:\/\/www.horomechanika.lt\/#website"},"datePublished":"2021-04-25T14:47:34+00:00","dateModified":"2021-05-10T10:09:09+00:00","description":"Mul\u010deris \u201eAlpha X VATOR\u201c u\u017e prieinam\u0105 kain\u0105. Puikiai tinka ma\u017eiems \u016bkiams ar didel\u0117ms sodyboms. Atlaiko didel\u012f darbo kruv\u012f.","breadcrumb":{"@id":"https:\/\/www.horomechanika.lt\/product\/hidraulinis-mulceris-alpha-x-vator-60-120-cm\/#breadcrumb"},"inLanguage":"ru-RU","potentialAction":[{"@type":"ReadAction","target":["https:\/\/www.horomechanika.lt\/product\/hidraulinis-mulceris-alpha-x-vator-60-120-cm\/"]}]},{"@type":"BreadcrumbList","@id":"https:\/\/www.horomechanika.lt\/product\/hidraulinis-mulceris-alpha-x-vator-60-120-cm\/#breadcrumb","itemListElement":[{"@type":"ListItem","position":1,"name":"Home","item":"https:\/\/www.horomechanika.lt\/"},{"@type":"ListItem","position":2,"name":"Shop","item":"https:\/\/www.horomechanika.lt\/ru\/shop-2\/"},{"@type":"ListItem","position":3,"name":"Hidraulinis mul\u010deris X-VATOR 60 &#8211; 120cm"}]},{"@type":"WebSite","@id":"https:\/\/www.horomechanika.lt\/#website","url":"https:\/\/www.horomechanika.lt\/","name":"Horomechanika","description":"\u017dem\u0117s \u016akio Technika","publisher":{"@id":"https:\/\/www.horomechanika.lt\/#organization"},"potentialAction":[{"@type":"SearchAction","target":{"@type":"EntryPoint","urlTemplate":"https:\/\/www.horomechanika.lt\/?s={search_term_string}"},"query-input":"required name=search_term_string"}],"inLanguage":"ru-RU"},{"@type":"Organization","@id":"https:\/\/www.horomechanika.lt\/#organization","name":"UAB \"Horo mechanika\"","url":"https:\/\/www.horomechanika.lt\/","logo":{"@type":"ImageObject","inLanguage":"ru-RU","@id":"https:\/\/www.horomechanika.lt\/#\/schema\/logo\/image\/","url":"https:\/\/www.horomechanika.lt\/wp-content\/uploads\/2020\/05\/horomechanika-logo.png","contentUrl":"https:\/\/www.horomechanika.lt\/wp-content\/uploads\/2020\/05\/horomechanika-logo.png","width":137,"height":56,"caption":"UAB \"Horo mechanika\""},"image":{"@id":"https:\/\/www.horomechanika.lt\/#\/schema\/logo\/image\/"},"sameAs":["https:\/\/www.facebook.com\/UAB-Horo-mechanika-177091812471952"]}]}},"_links":{"self":[{"href":"https:\/\/www.horomechanika.lt\/ru\/wp-json\/wp\/v2\/product\/12748","targetHints":{"allow":["GET"]}}],"collection":[{"href":"https:\/\/www.horomechanika.lt\/ru\/wp-json\/wp\/v2\/product"}],"about":[{"href":"https:\/\/www.horomechanika.lt\/ru\/wp-json\/wp\/v2\/types\/product"}],"replies":[{"embeddable":true,"href":"https:\/\/www.horomechanika.lt\/ru\/wp-json\/wp\/v2\/comments?post=12748"}],"wp:featuredmedia":[{"embeddable":true,"href":"https:\/\/www.horomechanika.lt\/ru\/wp-json\/wp\/v2\/media\/13043"}],"wp:attachment":[{"href":"https:\/\/www.horomechanika.lt\/ru\/wp-json\/wp\/v2\/media?parent=12748"}],"wp:term":[{"taxonomy":"product_cat","embeddable":true,"href":"https:\/\/www.horomechanika.lt\/ru\/wp-json\/wp\/v2\/product_cat?post=12748"},{"taxonomy":"product_tag","embeddable":true,"href":"https:\/\/www.horomechanika.lt\/ru\/wp-json\/wp\/v2\/product_tag?post=12748"}],"curies":[{"name":"wp","href":"https:\/\/api.w.org\/{rel}","templated":true}]}}