{"id":12753,"date":"2021-04-27T18:44:34","date_gmt":"2021-04-27T15:44:34","guid":{"rendered":"https:\/\/www.horomechanika.lt\/?post_type=product&#038;p=12753"},"modified":"2021-05-10T13:15:25","modified_gmt":"2021-05-10T10:15:25","slug":"hidraulinis-mulceris-x-vator-60-120cm-copy","status":"publish","type":"product","link":"https:\/\/www.horomechanika.lt\/ru\/product\/hidraulinis-mulceris-x-vator-60-120cm-copy\/","title":{"rendered":"Mul\u010deris su \u0161oniniu poslinkiu BETA M 105 &#8211; 185cm"},"content":{"rendered":"<p>NAUJIENA!<\/p>\n<p>Mul\u010deris su \u0161oniniu post\u016bmi\u0173 pusiau profesionaliam vartotojui.<br \/>\nTikslus ir lengvai valdomas \u017eol\u0117s pjovimas\/mul\u010devimas<br \/>\nLabai geri rezultatai net tada, kai reljefas banguotas arba mul\u010diavimo ma\u0161ina naudojama vertikaliai pakel\u0117s augalams pjauti.<br \/>\nGeriausiai tinka netolygiam reljefui, vidutiniams \u016bkiams, grioviams, gyvatvor\u0117ms, pakel\u0117ms ir sodams.<br \/>\nKai reikia, BETA M gali sumed\u0117jusius augalus mul\u010diuoti plaktuku arba \u017eol\u0119 su Y &#8211; formos a\u0161menimis.<br \/>\nSpiralinis plaktuk\u0173 ir peili\u0173 tvirtinimas u\u017etikrinana didesn\u012f na\u0161um\u0105 nei tradiciniai mul\u010deriai.<\/p>\n<p><iframe loading=\"lazy\" title=\"Aardenburg Beta M Grizzly offset mulcher - Kubota M7040 Narrow tractor\" width=\"895\" height=\"503\" src=\"https:\/\/www.youtube.com\/embed\/2ldc-p3Nu6A?feature=oembed\" frameborder=\"0\" allow=\"accelerometer; autoplay; clipboard-write; encrypted-media; gyroscope; picture-in-picture\" allowfullscreen><\/iframe><\/p>\n<p>&nbsp;<\/p>\n<div class=\"page\" title=\"Page 35\">\n<table border=\"0\" width=\"603\" cellspacing=\"0\" cellpadding=\"0\">\n<colgroup>\n<col span=\"3\" width=\"87\" \/>\n<col width=\"168\" \/>\n<col span=\"2\" width=\"87\" \/><\/colgroup>\n<tbody>\n<tr>\n<td class=\"xl68\" width=\"87\" height=\"24\"><span lang=\"LT\">Modelis<\/span><\/td>\n<td class=\"xl65\" width=\"87\">BETA M 1050<\/td>\n<td class=\"xl65\" width=\"87\">BETA M 1250<\/td>\n<td class=\"xl65\" width=\"168\">BETA M 1450<\/td>\n<td width=\"87\">BETA M 1650<\/td>\n<td width=\"87\">BETA M 1850<\/td>\n<\/tr>\n<tr>\n<td class=\"xl68\" width=\"87\" height=\"24\"><span lang=\"LT\">Kg<\/span><\/td>\n<td class=\"xl66\" align=\"right\">248<\/td>\n<td class=\"xl66\" align=\"right\">266<\/td>\n<td class=\"xl66\" align=\"right\">278<\/td>\n<td class=\"xl66\" align=\"right\">294<\/td>\n<td class=\"xl66\" align=\"right\">366<\/td>\n<\/tr>\n<tr>\n<td class=\"xl68\" width=\"87\" height=\"47\"><span lang=\"LT\">Bendras plotis<\/span><\/td>\n<td class=\"xl66\" align=\"right\">1050<\/td>\n<td class=\"xl66\" align=\"right\">1250<\/td>\n<td class=\"xl66\" align=\"right\">1450<\/td>\n<td class=\"xl66\" align=\"right\">1650<\/td>\n<td class=\"xl66\" align=\"right\">1850<\/td>\n<\/tr>\n<tr>\n<td class=\"xl68\" width=\"87\" height=\"24\"><span lang=\"LT\">Min AG<\/span><\/td>\n<td class=\"xl66\" align=\"right\">15<\/td>\n<td class=\"xl66\" align=\"right\">20<\/td>\n<td class=\"xl66\" align=\"right\">28<\/td>\n<td class=\"xl66\" align=\"right\">34<\/td>\n<td class=\"xl66\" align=\"right\">38<\/td>\n<\/tr>\n<tr>\n<td class=\"xl68\" width=\"87\" height=\"47\"><span lang=\"LT\">Prikabinimo kategorija<\/span><\/td>\n<td class=\"xl66\">I, II<\/td>\n<td class=\"xl66\">I, II<\/td>\n<td class=\"xl66\">I, II<\/td>\n<td class=\"xl66\">I, II<\/td>\n<td class=\"xl66\">I, II<\/td>\n<\/tr>\n<tr>\n<td class=\"xl68\" width=\"87\" height=\"24\"><span lang=\"LT\">Apsukos<\/span><\/td>\n<td class=\"xl66\" align=\"right\">540<\/td>\n<td class=\"xl66\" align=\"right\">540<\/td>\n<td class=\"xl66\" align=\"right\">540<\/td>\n<td class=\"xl66\" align=\"right\">540<\/td>\n<td class=\"xl66\" align=\"right\">540<\/td>\n<\/tr>\n<tr>\n<td class=\"xl68\" width=\"87\" height=\"47\"><span lang=\"LT\">V formos dir\u017eai<\/span><\/td>\n<td class=\"xl66\" align=\"right\">3<\/td>\n<td class=\"xl66\" align=\"right\">3<\/td>\n<td class=\"xl66\" align=\"right\">3<\/td>\n<td class=\"xl66\" align=\"right\">3<\/td>\n<td class=\"xl66\" align=\"right\">3<\/td>\n<\/tr>\n<tr>\n<td class=\"xl68\" width=\"87\" height=\"24\"><span lang=\"LT\">Plaktukai<\/span><\/td>\n<td class=\"xl66\" align=\"right\">16<\/td>\n<td class=\"xl66\" align=\"right\">20<\/td>\n<td class=\"xl66\" align=\"right\">24<\/td>\n<td class=\"xl66\" align=\"right\">28<\/td>\n<td class=\"xl66\" align=\"right\">32<\/td>\n<\/tr>\n<tr>\n<td class=\"xl68\" width=\"87\" height=\"47\"><span lang=\"LT\">Plaktuku svoris<\/span><\/td>\n<td class=\"xl66\" align=\"right\">450<\/td>\n<td class=\"xl66\" align=\"right\">450<\/td>\n<td class=\"xl66\" align=\"right\">450<\/td>\n<td class=\"xl66\" align=\"right\">450<\/td>\n<td class=\"xl66\" align=\"right\">450<\/td>\n<\/tr>\n<tr>\n<td class=\"xl68\" width=\"87\" height=\"47\"><span lang=\"LT\">Rotoriaus skersmuo<\/span><\/td>\n<td class=\"xl66\" align=\"right\">110<\/td>\n<td class=\"xl66\" align=\"right\">110<\/td>\n<td class=\"xl66\" align=\"right\">110<\/td>\n<td class=\"xl66\" align=\"right\">110<\/td>\n<td class=\"xl66\" align=\"right\">110<\/td>\n<\/tr>\n<tr>\n<td class=\"xl68\" width=\"87\" height=\"92\"><span lang=\"LT\">Rotorisu skersmuo su plaktukais<\/span><\/td>\n<td class=\"xl66\" align=\"right\">310<\/td>\n<td class=\"xl66\" align=\"right\">310<\/td>\n<td class=\"xl66\" align=\"right\">310<\/td>\n<td class=\"xl66\" align=\"right\">310<\/td>\n<td class=\"xl66\" align=\"right\">310<\/td>\n<\/tr>\n<tr>\n<td class=\"xl68\" width=\"87\" height=\"24\"><span lang=\"LT\">A<\/span><\/td>\n<td class=\"xl66\" align=\"right\">1050<\/td>\n<td class=\"xl66\" align=\"right\">1390<\/td>\n<td class=\"xl66\" align=\"right\">1590<\/td>\n<td class=\"xl66\" align=\"right\">1790<\/td>\n<td class=\"xl66\" align=\"right\">1990<\/td>\n<\/tr>\n<tr>\n<td class=\"xl68\" width=\"87\" height=\"24\"><span lang=\"LT\">B<\/span><\/td>\n<td class=\"xl66\" align=\"right\">1420<\/td>\n<td class=\"xl66\" align=\"right\">1420<\/td>\n<td class=\"xl66\" align=\"right\">1420<\/td>\n<td class=\"xl66\" align=\"right\">1420<\/td>\n<td class=\"xl66\" align=\"right\">1420<\/td>\n<\/tr>\n<tr>\n<td class=\"xl68\" width=\"87\" height=\"24\"><span lang=\"LT\">C<\/span><\/td>\n<td class=\"xl66\" align=\"right\">620<\/td>\n<td class=\"xl66\" align=\"right\">620<\/td>\n<td class=\"xl66\" align=\"right\">620<\/td>\n<td class=\"xl66\" align=\"right\">620<\/td>\n<td class=\"xl66\" align=\"right\">620<\/td>\n<\/tr>\n<tr>\n<td class=\"xl68\" width=\"87\" height=\"24\"><span lang=\"LT\">D<\/span><\/td>\n<td class=\"xl66\" align=\"right\">1670<\/td>\n<td class=\"xl66\" align=\"right\">1810<\/td>\n<td class=\"xl66\" align=\"right\">2010<\/td>\n<td class=\"xl66\" align=\"right\">2210<\/td>\n<td class=\"xl66\" align=\"right\">2310<\/td>\n<\/tr>\n<tr>\n<td class=\"xl68\" width=\"87\" height=\"24\"><span lang=\"LT\">E<\/span><\/td>\n<td class=\"xl66\" align=\"right\">850<\/td>\n<td class=\"xl66\" align=\"right\">1050<\/td>\n<td class=\"xl66\" align=\"right\">1250<\/td>\n<td class=\"xl66\" align=\"right\">1450<\/td>\n<td class=\"xl66\" align=\"right\">1650<\/td>\n<\/tr>\n<tr>\n<td class=\"xl68\" width=\"87\" height=\"92\"><span lang=\"LT\">Max skutimo diametras, cm<\/span><\/td>\n<td class=\"xl67\">3 -\/4<\/td>\n<td class=\"xl67\">3 -\/4<\/td>\n<td class=\"xl67\">3 -\/4<\/td>\n<td class=\"xl67\">3 -\/4<\/td>\n<td class=\"xl67\">3 -\/4<\/td>\n<\/tr>\n<\/tbody>\n<\/table>\n<p><a href=\"https:\/\/www.horomechanika.lt\/wp-content\/uploads\/2021\/04\/Screen-Shot-2021-04-27-at-19.11.09.png\"><img loading=\"lazy\" decoding=\"async\" class=\"alignnone size-medium wp-image-12757\" src=\"https:\/\/www.horomechanika.lt\/wp-content\/uploads\/2021\/04\/Screen-Shot-2021-04-27-at-19.11.09-300x179.png\" alt=\"\" width=\"300\" height=\"179\" srcset=\"https:\/\/www.horomechanika.lt\/wp-content\/uploads\/2021\/04\/Screen-Shot-2021-04-27-at-19.11.09-300x179.png 300w, https:\/\/www.horomechanika.lt\/wp-content\/uploads\/2021\/04\/Screen-Shot-2021-04-27-at-19.11.09-600x358.png 600w, https:\/\/www.horomechanika.lt\/wp-content\/uploads\/2021\/04\/Screen-Shot-2021-04-27-at-19.11.09-1024x611.png 1024w, https:\/\/www.horomechanika.lt\/wp-content\/uploads\/2021\/04\/Screen-Shot-2021-04-27-at-19.11.09-768x459.png 768w, https:\/\/www.horomechanika.lt\/wp-content\/uploads\/2021\/04\/Screen-Shot-2021-04-27-at-19.11.09-16x10.png 16w, https:\/\/www.horomechanika.lt\/wp-content\/uploads\/2021\/04\/Screen-Shot-2021-04-27-at-19.11.09.png 1112w\" sizes=\"auto, (max-width: 300px) 100vw, 300px\" \/><\/a><\/p>\n<\/div>","protected":false},"excerpt":{"rendered":"<h3>Pagrindin\u0117s funkcijos<\/h3>\n<ul>\n<li>\n<p id=\"tw-target-text\" class=\"tw-data-text tw-text-large XcVN5d tw-ta\" dir=\"ltr\" data-placeholder=\"Translation\">Lengvas perjungimas tarp mul\u010diavimo ir pjovimo<\/p>\n<\/li>\n<li>\n<p id=\"tw-target-text\" class=\"tw-data-text tw-text-large XcVN5d tw-ta\" dir=\"ltr\" data-placeholder=\"Translation\">Sukurtas naudoti kompakti\u0161kuose ir vidutiniuose traktoriuose<\/p>\n<\/li>\n<li>\n<p id=\"tw-target-text\" class=\"tw-data-text tw-text-large XcVN5d tw-ta\" dir=\"ltr\" data-placeholder=\"Translation\">+ 90 \u00b0 \u201365 \u00b0 veikimo kakmpas nuo traktoriaus<\/p>\n<\/li>\n<\/ul>","protected":false},"featured_media":13054,"comment_status":"open","ping_status":"closed","template":"","meta":[],"product_cat":[150,151,167],"product_tag":[215,220],"class_list":["post-12753","product","type-product","status-publish","has-post-thumbnail","hentry","product_cat-mulceriai","product_cat-slaitiniai-mulceriai","product_cat-gyvatvoriu-krumynu-prieziuros-technika","product_tag-slaitai","product_tag-alpha"],"yoast_head":"<!-- This site is optimized with the Yoast SEO plugin v20.1 - https:\/\/yoast.com\/wordpress\/plugins\/seo\/ -->\n<title>Mul\u010deris su \u0161oniniu poslinkiu BETA M 105 - 185cm | Horomechanika<\/title>\n<meta name=\"description\" content=\"Mul\u010deris \u201eAlpha X VATOR\u201c u\u017e prieinam\u0105 kain\u0105. Puikiai tinka ma\u017eiems \u016bkiams ar didel\u0117ms sodyboms. Atlaiko didel\u012f darbo kruv\u012f.\" \/>\n<meta name=\"robots\" content=\"index, follow, max-snippet:-1, max-image-preview:large, max-video-preview:-1\" \/>\n<link rel=\"canonical\" href=\"https:\/\/www.horomechanika.lt\/ru\/product\/hidraulinis-mulceris-x-vator-60-120cm-copy\/\" \/>\n<meta property=\"og:locale\" content=\"ru_RU\" \/>\n<meta property=\"og:type\" content=\"article\" \/>\n<meta property=\"og:title\" content=\"Mul\u010deris su \u0161oniniu poslinkiu BETA M 105 - 185cm | Horomechanika\" \/>\n<meta property=\"og:description\" content=\"Mul\u010deris \u201eAlpha X VATOR\u201c u\u017e prieinam\u0105 kain\u0105. Puikiai tinka ma\u017eiems \u016bkiams ar didel\u0117ms sodyboms. Atlaiko didel\u012f darbo kruv\u012f.\" \/>\n<meta property=\"og:url\" content=\"https:\/\/www.horomechanika.lt\/ru\/product\/hidraulinis-mulceris-x-vator-60-120cm-copy\/\" \/>\n<meta property=\"og:site_name\" content=\"Horomechanika\" \/>\n<meta property=\"article:publisher\" content=\"https:\/\/www.facebook.com\/UAB-Horo-mechanika-177091812471952\" \/>\n<meta property=\"article:modified_time\" content=\"2021-05-10T10:15:25+00:00\" \/>\n<meta property=\"og:image\" content=\"https:\/\/www.horomechanika.lt\/wp-content\/uploads\/2021\/04\/Screen-Shot-2021-05-10-at-13.13.04.png\" \/>\n\t<meta property=\"og:image:width\" content=\"572\" \/>\n\t<meta property=\"og:image:height\" content=\"548\" \/>\n\t<meta property=\"og:image:type\" content=\"image\/png\" \/>\n<meta name=\"twitter:card\" content=\"summary_large_image\" \/>\n<meta name=\"twitter:label1\" content=\"\u041f\u0440\u0438\u043c\u0435\u0440\u043d\u043e\u0435 \u0432\u0440\u0435\u043c\u044f \u0434\u043b\u044f \u0447\u0442\u0435\u043d\u0438\u044f\" \/>\n\t<meta name=\"twitter:data1\" content=\"2 \u043c\u0438\u043d\u0443\u0442\u044b\" \/>\n<script type=\"application\/ld+json\" class=\"yoast-schema-graph\">{\"@context\":\"https:\/\/schema.org\",\"@graph\":[{\"@type\":\"WebPage\",\"@id\":\"https:\/\/www.horomechanika.lt\/ru\/product\/hidraulinis-mulceris-x-vator-60-120cm-copy\/\",\"url\":\"https:\/\/www.horomechanika.lt\/ru\/product\/hidraulinis-mulceris-x-vator-60-120cm-copy\/\",\"name\":\"Mul\u010deris su \u0161oniniu poslinkiu BETA M 105 - 185cm | Horomechanika\",\"isPartOf\":{\"@id\":\"https:\/\/www.horomechanika.lt\/#website\"},\"datePublished\":\"2021-04-27T15:44:34+00:00\",\"dateModified\":\"2021-05-10T10:15:25+00:00\",\"description\":\"Mul\u010deris \u201eAlpha X VATOR\u201c u\u017e prieinam\u0105 kain\u0105. Puikiai tinka ma\u017eiems \u016bkiams ar didel\u0117ms sodyboms. Atlaiko didel\u012f darbo kruv\u012f.\",\"breadcrumb\":{\"@id\":\"https:\/\/www.horomechanika.lt\/ru\/product\/hidraulinis-mulceris-x-vator-60-120cm-copy\/#breadcrumb\"},\"inLanguage\":\"ru-RU\",\"potentialAction\":[{\"@type\":\"ReadAction\",\"target\":[\"https:\/\/www.horomechanika.lt\/ru\/product\/hidraulinis-mulceris-x-vator-60-120cm-copy\/\"]}]},{\"@type\":\"BreadcrumbList\",\"@id\":\"https:\/\/www.horomechanika.lt\/ru\/product\/hidraulinis-mulceris-x-vator-60-120cm-copy\/#breadcrumb\",\"itemListElement\":[{\"@type\":\"ListItem\",\"position\":1,\"name\":\"Home\",\"item\":\"https:\/\/www.horomechanika.lt\/\"},{\"@type\":\"ListItem\",\"position\":2,\"name\":\"Shop\",\"item\":\"https:\/\/www.horomechanika.lt\/ru\/shop-2\/\"},{\"@type\":\"ListItem\",\"position\":3,\"name\":\"Mul\u010deris su \u0161oniniu poslinkiu BETA M 105 &#8211; 185cm\"}]},{\"@type\":\"WebSite\",\"@id\":\"https:\/\/www.horomechanika.lt\/#website\",\"url\":\"https:\/\/www.horomechanika.lt\/\",\"name\":\"Horomechanika\",\"description\":\"\u017dem\u0117s \u016akio Technika\",\"publisher\":{\"@id\":\"https:\/\/www.horomechanika.lt\/#organization\"},\"potentialAction\":[{\"@type\":\"SearchAction\",\"target\":{\"@type\":\"EntryPoint\",\"urlTemplate\":\"https:\/\/www.horomechanika.lt\/?s={search_term_string}\"},\"query-input\":\"required name=search_term_string\"}],\"inLanguage\":\"ru-RU\"},{\"@type\":\"Organization\",\"@id\":\"https:\/\/www.horomechanika.lt\/#organization\",\"name\":\"UAB \\\"Horo mechanika\\\"\",\"url\":\"https:\/\/www.horomechanika.lt\/\",\"logo\":{\"@type\":\"ImageObject\",\"inLanguage\":\"ru-RU\",\"@id\":\"https:\/\/www.horomechanika.lt\/#\/schema\/logo\/image\/\",\"url\":\"https:\/\/www.horomechanika.lt\/wp-content\/uploads\/2020\/05\/horomechanika-logo.png\",\"contentUrl\":\"https:\/\/www.horomechanika.lt\/wp-content\/uploads\/2020\/05\/horomechanika-logo.png\",\"width\":137,\"height\":56,\"caption\":\"UAB \\\"Horo mechanika\\\"\"},\"image\":{\"@id\":\"https:\/\/www.horomechanika.lt\/#\/schema\/logo\/image\/\"},\"sameAs\":[\"https:\/\/www.facebook.com\/UAB-Horo-mechanika-177091812471952\"]}]}<\/script>\n<!-- \/ Yoast SEO plugin. -->","yoast_head_json":{"title":"Mul\u010deris su \u0161oniniu poslinkiu BETA M 105 - 185cm | Horomechanika","description":"Mul\u010deris \u201eAlpha X VATOR\u201c u\u017e prieinam\u0105 kain\u0105. Puikiai tinka ma\u017eiems \u016bkiams ar didel\u0117ms sodyboms. Atlaiko didel\u012f darbo kruv\u012f.","robots":{"index":"index","follow":"follow","max-snippet":"max-snippet:-1","max-image-preview":"max-image-preview:large","max-video-preview":"max-video-preview:-1"},"canonical":"https:\/\/www.horomechanika.lt\/ru\/product\/hidraulinis-mulceris-x-vator-60-120cm-copy\/","og_locale":"ru_RU","og_type":"article","og_title":"Mul\u010deris su \u0161oniniu poslinkiu BETA M 105 - 185cm | Horomechanika","og_description":"Mul\u010deris \u201eAlpha X VATOR\u201c u\u017e prieinam\u0105 kain\u0105. Puikiai tinka ma\u017eiems \u016bkiams ar didel\u0117ms sodyboms. Atlaiko didel\u012f darbo kruv\u012f.","og_url":"https:\/\/www.horomechanika.lt\/ru\/product\/hidraulinis-mulceris-x-vator-60-120cm-copy\/","og_site_name":"Horomechanika","article_publisher":"https:\/\/www.facebook.com\/UAB-Horo-mechanika-177091812471952","article_modified_time":"2021-05-10T10:15:25+00:00","og_image":[{"width":572,"height":548,"url":"https:\/\/www.horomechanika.lt\/wp-content\/uploads\/2021\/04\/Screen-Shot-2021-05-10-at-13.13.04.png","type":"image\/png"}],"twitter_card":"summary_large_image","twitter_misc":{"\u041f\u0440\u0438\u043c\u0435\u0440\u043d\u043e\u0435 \u0432\u0440\u0435\u043c\u044f \u0434\u043b\u044f \u0447\u0442\u0435\u043d\u0438\u044f":"2 \u043c\u0438\u043d\u0443\u0442\u044b"},"schema":{"@context":"https:\/\/schema.org","@graph":[{"@type":"WebPage","@id":"https:\/\/www.horomechanika.lt\/ru\/product\/hidraulinis-mulceris-x-vator-60-120cm-copy\/","url":"https:\/\/www.horomechanika.lt\/ru\/product\/hidraulinis-mulceris-x-vator-60-120cm-copy\/","name":"Mul\u010deris su \u0161oniniu poslinkiu BETA M 105 - 185cm | Horomechanika","isPartOf":{"@id":"https:\/\/www.horomechanika.lt\/#website"},"datePublished":"2021-04-27T15:44:34+00:00","dateModified":"2021-05-10T10:15:25+00:00","description":"Mul\u010deris \u201eAlpha X VATOR\u201c u\u017e prieinam\u0105 kain\u0105. Puikiai tinka ma\u017eiems \u016bkiams ar didel\u0117ms sodyboms. Atlaiko didel\u012f darbo kruv\u012f.","breadcrumb":{"@id":"https:\/\/www.horomechanika.lt\/ru\/product\/hidraulinis-mulceris-x-vator-60-120cm-copy\/#breadcrumb"},"inLanguage":"ru-RU","potentialAction":[{"@type":"ReadAction","target":["https:\/\/www.horomechanika.lt\/ru\/product\/hidraulinis-mulceris-x-vator-60-120cm-copy\/"]}]},{"@type":"BreadcrumbList","@id":"https:\/\/www.horomechanika.lt\/ru\/product\/hidraulinis-mulceris-x-vator-60-120cm-copy\/#breadcrumb","itemListElement":[{"@type":"ListItem","position":1,"name":"Home","item":"https:\/\/www.horomechanika.lt\/"},{"@type":"ListItem","position":2,"name":"Shop","item":"https:\/\/www.horomechanika.lt\/ru\/shop-2\/"},{"@type":"ListItem","position":3,"name":"Mul\u010deris su \u0161oniniu poslinkiu BETA M 105 &#8211; 185cm"}]},{"@type":"WebSite","@id":"https:\/\/www.horomechanika.lt\/#website","url":"https:\/\/www.horomechanika.lt\/","name":"Horomechanika","description":"\u017dem\u0117s \u016akio Technika","publisher":{"@id":"https:\/\/www.horomechanika.lt\/#organization"},"potentialAction":[{"@type":"SearchAction","target":{"@type":"EntryPoint","urlTemplate":"https:\/\/www.horomechanika.lt\/?s={search_term_string}"},"query-input":"required name=search_term_string"}],"inLanguage":"ru-RU"},{"@type":"Organization","@id":"https:\/\/www.horomechanika.lt\/#organization","name":"UAB \"Horo mechanika\"","url":"https:\/\/www.horomechanika.lt\/","logo":{"@type":"ImageObject","inLanguage":"ru-RU","@id":"https:\/\/www.horomechanika.lt\/#\/schema\/logo\/image\/","url":"https:\/\/www.horomechanika.lt\/wp-content\/uploads\/2020\/05\/horomechanika-logo.png","contentUrl":"https:\/\/www.horomechanika.lt\/wp-content\/uploads\/2020\/05\/horomechanika-logo.png","width":137,"height":56,"caption":"UAB \"Horo mechanika\""},"image":{"@id":"https:\/\/www.horomechanika.lt\/#\/schema\/logo\/image\/"},"sameAs":["https:\/\/www.facebook.com\/UAB-Horo-mechanika-177091812471952"]}]}},"_links":{"self":[{"href":"https:\/\/www.horomechanika.lt\/ru\/wp-json\/wp\/v2\/product\/12753","targetHints":{"allow":["GET"]}}],"collection":[{"href":"https:\/\/www.horomechanika.lt\/ru\/wp-json\/wp\/v2\/product"}],"about":[{"href":"https:\/\/www.horomechanika.lt\/ru\/wp-json\/wp\/v2\/types\/product"}],"replies":[{"embeddable":true,"href":"https:\/\/www.horomechanika.lt\/ru\/wp-json\/wp\/v2\/comments?post=12753"}],"wp:featuredmedia":[{"embeddable":true,"href":"https:\/\/www.horomechanika.lt\/ru\/wp-json\/wp\/v2\/media\/13054"}],"wp:attachment":[{"href":"https:\/\/www.horomechanika.lt\/ru\/wp-json\/wp\/v2\/media?parent=12753"}],"wp:term":[{"taxonomy":"product_cat","embeddable":true,"href":"https:\/\/www.horomechanika.lt\/ru\/wp-json\/wp\/v2\/product_cat?post=12753"},{"taxonomy":"product_tag","embeddable":true,"href":"https:\/\/www.horomechanika.lt\/ru\/wp-json\/wp\/v2\/product_tag?post=12753"}],"curies":[{"name":"wp","href":"https:\/\/api.w.org\/{rel}","templated":true}]}}