{"id":12761,"date":"2021-04-27T20:03:04","date_gmt":"2021-04-27T17:03:04","guid":{"rendered":"https:\/\/www.horomechanika.lt\/?post_type=product&#038;p=12761"},"modified":"2022-05-11T09:10:02","modified_gmt":"2022-05-11T06:10:02","slug":"mulceris-su-soniniu-poslinkiu-beta-xl-grizzly-18o-260cm","status":"publish","type":"product","link":"https:\/\/www.horomechanika.lt\/ru\/product\/mulceris-su-soniniu-poslinkiu-beta-xl-grizzly-18o-260cm\/","title":{"rendered":"Mul\u010deris su \u0161oniniu poslinkiu BETA XL Grizzly 18O &#8211; 260cm"},"content":{"rendered":"<p>NAUJIENA!<\/p>\n<p>\u0160is naujo dizaino Grizlis su\u00a0priekine apsaugine juostele, spyruokline buferine pakaba ir apvirtimo dir\u017eo dang\u010dio apsaugos juosta yra tinkamas PROFESIONALAMS.<\/p>\n<p>Tinkamas kasdieninam naudojimui\u00a0dideliuose ar vidutiniuose \u016bkiuose,\u00a0pikt\u017eoli\u0173, lauk\u0173, griovi\u0173, pylim\u0173, keli\u0173 bei dar\u017e\u0173 prie\u017eiurai.<\/p>\n<p><iframe loading=\"lazy\" title=\"Aardenburg Beta M Grizzly offset mulcher - Kubota M7040 Narrow tractor\" width=\"895\" height=\"503\" src=\"https:\/\/www.youtube.com\/embed\/2ldc-p3Nu6A?feature=oembed\" frameborder=\"0\" allow=\"accelerometer; autoplay; clipboard-write; encrypted-media; gyroscope; picture-in-picture\" allowfullscreen><\/iframe><\/p>\n<div title=\"Page 14\">\n<div title=\"Page 14\">\n<div title=\"Page 14\">\n<table border=\"0\" width=\"522\" cellspacing=\"0\" cellpadding=\"0\">\n<colgroup>\n<col span=\"6\" width=\"87\" \/><\/colgroup>\n<tbody>\n<tr>\n<td class=\"xl66\" width=\"87\" height=\"24\"><span lang=\"LT\">Modelis<\/span><\/td>\n<td align=\"right\" width=\"87\">\n<div title=\"Page 14\">1800<\/div>\n<\/td>\n<td align=\"right\" width=\"87\">2000<\/td>\n<td align=\"right\" width=\"87\">2200<\/td>\n<td align=\"right\" width=\"87\">2400<\/td>\n<td align=\"right\" width=\"87\">2600<\/td>\n<\/tr>\n<tr>\n<td class=\"xl66\" width=\"87\" height=\"24\"><span lang=\"LT\">Kg<\/span><\/td>\n<td align=\"right\">885<\/td>\n<td align=\"right\">915<\/td>\n<td align=\"right\">945<\/td>\n<td align=\"right\">975<\/td>\n<td align=\"right\">1003<\/td>\n<\/tr>\n<tr>\n<td class=\"xl66\" width=\"87\" height=\"47\"><span lang=\"LT\">Bendras plotis<\/span><\/td>\n<td align=\"right\">1800<\/td>\n<td align=\"right\">2000<\/td>\n<td align=\"right\">2200<\/td>\n<td align=\"right\">2400<\/td>\n<td align=\"right\">2600<\/td>\n<\/tr>\n<tr>\n<td class=\"xl66\" width=\"87\" height=\"24\"><span lang=\"LT\">Min AG<\/span><\/td>\n<td align=\"right\">75<\/td>\n<td align=\"right\">80<\/td>\n<td align=\"right\">85<\/td>\n<td align=\"right\">95<\/td>\n<td align=\"right\">105<\/td>\n<\/tr>\n<tr>\n<td class=\"xl66\" width=\"87\" height=\"47\"><span lang=\"LT\">Prikabinimo kategorija<\/span><\/td>\n<td>II, III<\/td>\n<td>II, III<\/td>\n<td>II, III<\/td>\n<td>II, III<\/td>\n<td>II, III<\/td>\n<\/tr>\n<tr>\n<td class=\"xl66\" width=\"87\" height=\"24\"><span lang=\"LT\">Apsukos<\/span><\/td>\n<td align=\"right\">540<\/td>\n<td align=\"right\">540<\/td>\n<td align=\"right\">540<\/td>\n<td align=\"right\">540<\/td>\n<td align=\"right\">540<\/td>\n<\/tr>\n<tr>\n<td class=\"xl66\" width=\"87\" height=\"47\"><span lang=\"LT\">V formos dir\u017eai<\/span><\/td>\n<td align=\"right\">5<\/td>\n<td align=\"right\">5<\/td>\n<td align=\"right\">5<\/td>\n<td align=\"right\">5<\/td>\n<td align=\"right\">5<\/td>\n<\/tr>\n<tr>\n<td class=\"xl66\" width=\"87\" height=\"24\"><span lang=\"LT\">Plaktukai<\/span><\/td>\n<td align=\"right\">14<\/td>\n<td align=\"right\">14<\/td>\n<td align=\"right\">16<\/td>\n<td align=\"right\">18<\/td>\n<td align=\"right\">20<\/td>\n<\/tr>\n<tr>\n<td class=\"xl66\" width=\"87\" height=\"47\"><span lang=\"LT\">Plaktuku svoris<\/span><\/td>\n<td align=\"right\">1650<\/td>\n<td align=\"right\">1650<\/td>\n<td align=\"right\">1650<\/td>\n<td align=\"right\">1650<\/td>\n<td align=\"right\">1650<\/td>\n<\/tr>\n<tr>\n<td class=\"xl66\" width=\"87\" height=\"47\"><span lang=\"LT\">Rotoriaus skersmuo<\/span><\/td>\n<td align=\"right\">140<\/td>\n<td align=\"right\">140<\/td>\n<td align=\"right\">140<\/td>\n<td align=\"right\">140<\/td>\n<td align=\"right\">140<\/td>\n<\/tr>\n<tr>\n<td class=\"xl66\" width=\"87\" height=\"92\"><span lang=\"LT\">Rotorisu skersmuo su plaktukais<\/span><\/td>\n<td align=\"right\">370<\/td>\n<td align=\"right\">370<\/td>\n<td align=\"right\">370<\/td>\n<td align=\"right\">370<\/td>\n<td align=\"right\">370<\/td>\n<\/tr>\n<tr>\n<td class=\"xl66\" width=\"87\" height=\"24\"><span lang=\"LT\">B<\/span><\/td>\n<td align=\"right\">1952<\/td>\n<td align=\"right\">1952<\/td>\n<td align=\"right\">1952<\/td>\n<td align=\"right\">1952<\/td>\n<td align=\"right\">1952<\/td>\n<\/tr>\n<tr>\n<td class=\"xl66\" width=\"87\" height=\"24\"><span lang=\"LT\">C<\/span><\/td>\n<td align=\"right\">376<\/td>\n<td align=\"right\">376<\/td>\n<td align=\"right\">376<\/td>\n<td align=\"right\">376<\/td>\n<td align=\"right\">376<\/td>\n<\/tr>\n<tr>\n<td class=\"xl66\" width=\"87\" height=\"24\"><span lang=\"LT\">D<\/span><\/td>\n<td align=\"right\">2850<\/td>\n<td align=\"right\">3050<\/td>\n<td align=\"right\">3250<\/td>\n<td align=\"right\">3450<\/td>\n<td align=\"right\">3650<\/td>\n<\/tr>\n<tr>\n<td class=\"xl66\" width=\"87\" height=\"24\"><span lang=\"LT\">E<\/span><\/td>\n<td align=\"right\">1600<\/td>\n<td align=\"right\">1800<\/td>\n<td align=\"right\">2000<\/td>\n<td align=\"right\">2200<\/td>\n<td align=\"right\">2400<\/td>\n<\/tr>\n<tr>\n<td class=\"xl66\" width=\"87\" height=\"92\"><span lang=\"LT\">Max skutimo diametras, cm<\/span><\/td>\n<td class=\"xl65\">8 -\/9<\/td>\n<td class=\"xl65\">8 -\/9<\/td>\n<td class=\"xl65\">8 -\/9<\/td>\n<td class=\"xl65\">8 -\/9<\/td>\n<td class=\"xl65\">8 -\/9<\/td>\n<\/tr>\n<\/tbody>\n<\/table>\n<\/div>\n<\/div>\n<\/div>\n<div class=\"page\" title=\"Page 35\"><a href=\"https:\/\/www.horomechanika.lt\/wp-content\/uploads\/2021\/04\/Screen-Shot-2021-04-27-at-19.11.09.png\"><img loading=\"lazy\" decoding=\"async\" class=\"alignnone size-medium wp-image-12757\" src=\"https:\/\/www.horomechanika.lt\/wp-content\/uploads\/2021\/04\/Screen-Shot-2021-04-27-at-19.11.09-300x179.png\" alt=\"\" width=\"300\" height=\"179\" srcset=\"https:\/\/www.horomechanika.lt\/wp-content\/uploads\/2021\/04\/Screen-Shot-2021-04-27-at-19.11.09-300x179.png 300w, https:\/\/www.horomechanika.lt\/wp-content\/uploads\/2021\/04\/Screen-Shot-2021-04-27-at-19.11.09-600x358.png 600w, https:\/\/www.horomechanika.lt\/wp-content\/uploads\/2021\/04\/Screen-Shot-2021-04-27-at-19.11.09-1024x611.png 1024w, https:\/\/www.horomechanika.lt\/wp-content\/uploads\/2021\/04\/Screen-Shot-2021-04-27-at-19.11.09-768x459.png 768w, https:\/\/www.horomechanika.lt\/wp-content\/uploads\/2021\/04\/Screen-Shot-2021-04-27-at-19.11.09-16x10.png 16w, https:\/\/www.horomechanika.lt\/wp-content\/uploads\/2021\/04\/Screen-Shot-2021-04-27-at-19.11.09.png 1112w\" sizes=\"auto, (max-width: 300px) 100vw, 300px\" \/><\/a><\/div>\n<div title=\"Page 35\"><\/div>\n<div title=\"Page 35\"><\/div>\n<div title=\"Page 35\"><\/div>\n<div title=\"Page 35\"><\/div>","protected":false},"excerpt":{"rendered":"<h3>Pagrindin\u0117s funkcijos<\/h3>\n<ul>\n<li>\n<p id=\"tw-target-text\" class=\"tw-data-text tw-text-large XcVN5d tw-ta\" dir=\"ltr\" data-placeholder=\"Translation\">Sunkesni 850 gram\u0173 plaktukai, COMER pavar\u0173 d\u0117\u017e\u0117je varomi 4 V dir\u017eai su dir\u017eo \u012ftempikliu<\/p>\n<\/li>\n<li>\n<p id=\"tw-target-text\" class=\"tw-data-text tw-text-large XcVN5d tw-ta\" dir=\"ltr\" data-placeholder=\"Translation\">Spyruoklinio buferio pakaba, priekinio buferio vamzdis ir apvirtimo dir\u017eo dang\u010dio apsaugos juosta<\/p>\n<\/li>\n<li>\n<p id=\"tw-target-text\" class=\"tw-data-text tw-text-large XcVN5d tw-ta\" dir=\"ltr\" data-placeholder=\"Translation\">Apsauginis vo\u017etuvas ir tvirtesn\u0117 konstrukcija<\/p>\n<\/li>\n<\/ul>","protected":false},"featured_media":13078,"comment_status":"open","ping_status":"closed","template":"","meta":[],"product_cat":[150,151,167,99],"product_tag":[215,220],"class_list":["post-12761","product","type-product","status-publish","has-post-thumbnail","hentry","product_cat-mulceriai","product_cat-slaitiniai-mulceriai","product_cat-gyvatvoriu-krumynu-prieziuros-technika","product_cat-zoles-ir-krumu-smulkintuvai","product_tag-slaitai","product_tag-alpha"],"yoast_head":"<!-- This site is optimized with the Yoast SEO plugin v20.1 - https:\/\/yoast.com\/wordpress\/plugins\/seo\/ -->\n<title>Mul\u010deris su \u0161oniniu poslinkiu BETA XL Grizzly 18O - 260cm | Horomechanika<\/title>\n<meta name=\"description\" content=\"Mul\u010deris \u201eAlpha X VATOR\u201c u\u017e prieinam\u0105 kain\u0105. Puikiai tinka ma\u017eiems \u016bkiams ar didel\u0117ms sodyboms. Atlaiko didel\u012f darbo kruv\u012f.\" \/>\n<meta name=\"robots\" content=\"index, follow, max-snippet:-1, max-image-preview:large, max-video-preview:-1\" \/>\n<link rel=\"canonical\" href=\"https:\/\/www.horomechanika.lt\/ru\/product\/mulceris-su-soniniu-poslinkiu-beta-xl-grizzly-18o-260cm\/\" \/>\n<meta property=\"og:locale\" content=\"ru_RU\" \/>\n<meta property=\"og:type\" content=\"article\" \/>\n<meta property=\"og:title\" content=\"Mul\u010deris su \u0161oniniu poslinkiu BETA XL Grizzly 18O - 260cm | Horomechanika\" \/>\n<meta property=\"og:description\" content=\"Mul\u010deris \u201eAlpha X VATOR\u201c u\u017e prieinam\u0105 kain\u0105. Puikiai tinka ma\u017eiems \u016bkiams ar didel\u0117ms sodyboms. Atlaiko didel\u012f darbo kruv\u012f.\" \/>\n<meta property=\"og:url\" content=\"https:\/\/www.horomechanika.lt\/ru\/product\/mulceris-su-soniniu-poslinkiu-beta-xl-grizzly-18o-260cm\/\" \/>\n<meta property=\"og:site_name\" content=\"Horomechanika\" \/>\n<meta property=\"article:publisher\" content=\"https:\/\/www.facebook.com\/UAB-Horo-mechanika-177091812471952\" \/>\n<meta property=\"article:modified_time\" content=\"2022-05-11T06:10:02+00:00\" \/>\n<meta property=\"og:image\" content=\"https:\/\/www.horomechanika.lt\/wp-content\/uploads\/2021\/04\/Screen-Shot-2021-05-10-at-13.21.09.png\" \/>\n\t<meta property=\"og:image:width\" content=\"566\" \/>\n\t<meta property=\"og:image:height\" content=\"540\" \/>\n\t<meta property=\"og:image:type\" content=\"image\/png\" \/>\n<meta name=\"twitter:card\" content=\"summary_large_image\" \/>\n<meta name=\"twitter:label1\" content=\"\u041f\u0440\u0438\u043c\u0435\u0440\u043d\u043e\u0435 \u0432\u0440\u0435\u043c\u044f \u0434\u043b\u044f \u0447\u0442\u0435\u043d\u0438\u044f\" \/>\n\t<meta name=\"twitter:data1\" content=\"1 \u043c\u0438\u043d\u0443\u0442\u0430\" \/>\n<script type=\"application\/ld+json\" class=\"yoast-schema-graph\">{\"@context\":\"https:\/\/schema.org\",\"@graph\":[{\"@type\":\"WebPage\",\"@id\":\"https:\/\/www.horomechanika.lt\/product\/mulceris-su-soniniu-poslinkiu-beta-xl-grizzly-18o-260cm\/\",\"url\":\"https:\/\/www.horomechanika.lt\/product\/mulceris-su-soniniu-poslinkiu-beta-xl-grizzly-18o-260cm\/\",\"name\":\"Mul\u010deris su \u0161oniniu poslinkiu BETA XL Grizzly 18O - 260cm | Horomechanika\",\"isPartOf\":{\"@id\":\"https:\/\/www.horomechanika.lt\/#website\"},\"datePublished\":\"2021-04-27T17:03:04+00:00\",\"dateModified\":\"2022-05-11T06:10:02+00:00\",\"description\":\"Mul\u010deris \u201eAlpha X VATOR\u201c u\u017e prieinam\u0105 kain\u0105. Puikiai tinka ma\u017eiems \u016bkiams ar didel\u0117ms sodyboms. Atlaiko didel\u012f darbo kruv\u012f.\",\"breadcrumb\":{\"@id\":\"https:\/\/www.horomechanika.lt\/product\/mulceris-su-soniniu-poslinkiu-beta-xl-grizzly-18o-260cm\/#breadcrumb\"},\"inLanguage\":\"ru-RU\",\"potentialAction\":[{\"@type\":\"ReadAction\",\"target\":[\"https:\/\/www.horomechanika.lt\/product\/mulceris-su-soniniu-poslinkiu-beta-xl-grizzly-18o-260cm\/\"]}]},{\"@type\":\"BreadcrumbList\",\"@id\":\"https:\/\/www.horomechanika.lt\/product\/mulceris-su-soniniu-poslinkiu-beta-xl-grizzly-18o-260cm\/#breadcrumb\",\"itemListElement\":[{\"@type\":\"ListItem\",\"position\":1,\"name\":\"Home\",\"item\":\"https:\/\/www.horomechanika.lt\/\"},{\"@type\":\"ListItem\",\"position\":2,\"name\":\"Shop\",\"item\":\"https:\/\/www.horomechanika.lt\/ru\/shop-2\/\"},{\"@type\":\"ListItem\",\"position\":3,\"name\":\"Mul\u010deris su \u0161oniniu poslinkiu BETA XL Grizzly 18O &#8211; 260cm\"}]},{\"@type\":\"WebSite\",\"@id\":\"https:\/\/www.horomechanika.lt\/#website\",\"url\":\"https:\/\/www.horomechanika.lt\/\",\"name\":\"Horomechanika\",\"description\":\"\u017dem\u0117s \u016akio Technika\",\"publisher\":{\"@id\":\"https:\/\/www.horomechanika.lt\/#organization\"},\"potentialAction\":[{\"@type\":\"SearchAction\",\"target\":{\"@type\":\"EntryPoint\",\"urlTemplate\":\"https:\/\/www.horomechanika.lt\/?s={search_term_string}\"},\"query-input\":\"required name=search_term_string\"}],\"inLanguage\":\"ru-RU\"},{\"@type\":\"Organization\",\"@id\":\"https:\/\/www.horomechanika.lt\/#organization\",\"name\":\"UAB \\\"Horo mechanika\\\"\",\"url\":\"https:\/\/www.horomechanika.lt\/\",\"logo\":{\"@type\":\"ImageObject\",\"inLanguage\":\"ru-RU\",\"@id\":\"https:\/\/www.horomechanika.lt\/#\/schema\/logo\/image\/\",\"url\":\"https:\/\/www.horomechanika.lt\/wp-content\/uploads\/2020\/05\/horomechanika-logo.png\",\"contentUrl\":\"https:\/\/www.horomechanika.lt\/wp-content\/uploads\/2020\/05\/horomechanika-logo.png\",\"width\":137,\"height\":56,\"caption\":\"UAB \\\"Horo mechanika\\\"\"},\"image\":{\"@id\":\"https:\/\/www.horomechanika.lt\/#\/schema\/logo\/image\/\"},\"sameAs\":[\"https:\/\/www.facebook.com\/UAB-Horo-mechanika-177091812471952\"]}]}<\/script>\n<!-- \/ Yoast SEO plugin. -->","yoast_head_json":{"title":"Mul\u010deris su \u0161oniniu poslinkiu BETA XL Grizzly 18O - 260cm | Horomechanika","description":"Mul\u010deris \u201eAlpha X VATOR\u201c u\u017e prieinam\u0105 kain\u0105. Puikiai tinka ma\u017eiems \u016bkiams ar didel\u0117ms sodyboms. Atlaiko didel\u012f darbo kruv\u012f.","robots":{"index":"index","follow":"follow","max-snippet":"max-snippet:-1","max-image-preview":"max-image-preview:large","max-video-preview":"max-video-preview:-1"},"canonical":"https:\/\/www.horomechanika.lt\/ru\/product\/mulceris-su-soniniu-poslinkiu-beta-xl-grizzly-18o-260cm\/","og_locale":"ru_RU","og_type":"article","og_title":"Mul\u010deris su \u0161oniniu poslinkiu BETA XL Grizzly 18O - 260cm | Horomechanika","og_description":"Mul\u010deris \u201eAlpha X VATOR\u201c u\u017e prieinam\u0105 kain\u0105. Puikiai tinka ma\u017eiems \u016bkiams ar didel\u0117ms sodyboms. Atlaiko didel\u012f darbo kruv\u012f.","og_url":"https:\/\/www.horomechanika.lt\/ru\/product\/mulceris-su-soniniu-poslinkiu-beta-xl-grizzly-18o-260cm\/","og_site_name":"Horomechanika","article_publisher":"https:\/\/www.facebook.com\/UAB-Horo-mechanika-177091812471952","article_modified_time":"2022-05-11T06:10:02+00:00","og_image":[{"width":566,"height":540,"url":"https:\/\/www.horomechanika.lt\/wp-content\/uploads\/2021\/04\/Screen-Shot-2021-05-10-at-13.21.09.png","type":"image\/png"}],"twitter_card":"summary_large_image","twitter_misc":{"\u041f\u0440\u0438\u043c\u0435\u0440\u043d\u043e\u0435 \u0432\u0440\u0435\u043c\u044f \u0434\u043b\u044f \u0447\u0442\u0435\u043d\u0438\u044f":"1 \u043c\u0438\u043d\u0443\u0442\u0430"},"schema":{"@context":"https:\/\/schema.org","@graph":[{"@type":"WebPage","@id":"https:\/\/www.horomechanika.lt\/product\/mulceris-su-soniniu-poslinkiu-beta-xl-grizzly-18o-260cm\/","url":"https:\/\/www.horomechanika.lt\/product\/mulceris-su-soniniu-poslinkiu-beta-xl-grizzly-18o-260cm\/","name":"Mul\u010deris su \u0161oniniu poslinkiu BETA XL Grizzly 18O - 260cm | Horomechanika","isPartOf":{"@id":"https:\/\/www.horomechanika.lt\/#website"},"datePublished":"2021-04-27T17:03:04+00:00","dateModified":"2022-05-11T06:10:02+00:00","description":"Mul\u010deris \u201eAlpha X VATOR\u201c u\u017e prieinam\u0105 kain\u0105. Puikiai tinka ma\u017eiems \u016bkiams ar didel\u0117ms sodyboms. Atlaiko didel\u012f darbo kruv\u012f.","breadcrumb":{"@id":"https:\/\/www.horomechanika.lt\/product\/mulceris-su-soniniu-poslinkiu-beta-xl-grizzly-18o-260cm\/#breadcrumb"},"inLanguage":"ru-RU","potentialAction":[{"@type":"ReadAction","target":["https:\/\/www.horomechanika.lt\/product\/mulceris-su-soniniu-poslinkiu-beta-xl-grizzly-18o-260cm\/"]}]},{"@type":"BreadcrumbList","@id":"https:\/\/www.horomechanika.lt\/product\/mulceris-su-soniniu-poslinkiu-beta-xl-grizzly-18o-260cm\/#breadcrumb","itemListElement":[{"@type":"ListItem","position":1,"name":"Home","item":"https:\/\/www.horomechanika.lt\/"},{"@type":"ListItem","position":2,"name":"Shop","item":"https:\/\/www.horomechanika.lt\/ru\/shop-2\/"},{"@type":"ListItem","position":3,"name":"Mul\u010deris su \u0161oniniu poslinkiu BETA XL Grizzly 18O &#8211; 260cm"}]},{"@type":"WebSite","@id":"https:\/\/www.horomechanika.lt\/#website","url":"https:\/\/www.horomechanika.lt\/","name":"Horomechanika","description":"\u017dem\u0117s \u016akio Technika","publisher":{"@id":"https:\/\/www.horomechanika.lt\/#organization"},"potentialAction":[{"@type":"SearchAction","target":{"@type":"EntryPoint","urlTemplate":"https:\/\/www.horomechanika.lt\/?s={search_term_string}"},"query-input":"required name=search_term_string"}],"inLanguage":"ru-RU"},{"@type":"Organization","@id":"https:\/\/www.horomechanika.lt\/#organization","name":"UAB \"Horo mechanika\"","url":"https:\/\/www.horomechanika.lt\/","logo":{"@type":"ImageObject","inLanguage":"ru-RU","@id":"https:\/\/www.horomechanika.lt\/#\/schema\/logo\/image\/","url":"https:\/\/www.horomechanika.lt\/wp-content\/uploads\/2020\/05\/horomechanika-logo.png","contentUrl":"https:\/\/www.horomechanika.lt\/wp-content\/uploads\/2020\/05\/horomechanika-logo.png","width":137,"height":56,"caption":"UAB \"Horo mechanika\""},"image":{"@id":"https:\/\/www.horomechanika.lt\/#\/schema\/logo\/image\/"},"sameAs":["https:\/\/www.facebook.com\/UAB-Horo-mechanika-177091812471952"]}]}},"_links":{"self":[{"href":"https:\/\/www.horomechanika.lt\/ru\/wp-json\/wp\/v2\/product\/12761","targetHints":{"allow":["GET"]}}],"collection":[{"href":"https:\/\/www.horomechanika.lt\/ru\/wp-json\/wp\/v2\/product"}],"about":[{"href":"https:\/\/www.horomechanika.lt\/ru\/wp-json\/wp\/v2\/types\/product"}],"replies":[{"embeddable":true,"href":"https:\/\/www.horomechanika.lt\/ru\/wp-json\/wp\/v2\/comments?post=12761"}],"wp:featuredmedia":[{"embeddable":true,"href":"https:\/\/www.horomechanika.lt\/ru\/wp-json\/wp\/v2\/media\/13078"}],"wp:attachment":[{"href":"https:\/\/www.horomechanika.lt\/ru\/wp-json\/wp\/v2\/media?parent=12761"}],"wp:term":[{"taxonomy":"product_cat","embeddable":true,"href":"https:\/\/www.horomechanika.lt\/ru\/wp-json\/wp\/v2\/product_cat?post=12761"},{"taxonomy":"product_tag","embeddable":true,"href":"https:\/\/www.horomechanika.lt\/ru\/wp-json\/wp\/v2\/product_tag?post=12761"}],"curies":[{"name":"wp","href":"https:\/\/api.w.org\/{rel}","templated":true}]}}