{"id":12772,"date":"2021-04-28T11:27:30","date_gmt":"2021-04-28T08:27:30","guid":{"rendered":"https:\/\/www.horomechanika.lt\/?post_type=product&#038;p=12772"},"modified":"2021-05-04T18:28:05","modified_gmt":"2021-05-04T15:28:05","slug":"miskinis-mulceris-delta-xl-grizzly-2-25m","status":"publish","type":"product","link":"https:\/\/www.horomechanika.lt\/ru\/product\/miskinis-mulceris-delta-xl-grizzly-2-25m\/","title":{"rendered":"Mi\u0161kinis mul\u010deris DELTA XL Grizzly 2.25m"},"content":{"rendered":"<p>NAUJIENA!<\/p>\n<p>Skirtas profesionalams.<br \/>\nMul\u010deris pagamintas i\u0161 labai auk\u0161tos kokyb\u0117s med\u017eiag\u0173 ir dali\u0173, kurios yra itin svarbios profesionaliam vartotojui ekstremaliomis ir sud\u0117tingmis s\u0105lygomis.<\/p>\n<p>Korpusas pagamintas i\u0161 ypa\u010d stipraus plieno, ne ma\u017eesnio kaip 12\u201316 mm, su strategi\u0161kai i\u0161d\u0117stytais sutvirtinimais, apsauginiais gaubtais ir apsaugomis, u\u017etikrinan\u010diais saugum\u0105 ir auk\u0161t\u0105 patvarum\u0105.<\/p>\n<p>Rotoriaus sienel\u0117s storis siekia 20 mm, o mul\u010deris sukurtas taip, jog gal\u0117t\u0173 \u017eem\u0119 susmulkint\u0173 daugiau nei -7 cm.<\/p>\n<p>Tai leid\u017eia visi\u0161kai i\u0161valyti laukus su puikia apdaila, nepaliekant kelm\u0173 ar \u0161akn\u0173.<\/p>\n<p><iframe loading=\"lazy\" title=\"Aardenburg Delta XL 2300 forestry mulcher - Valtra Valmet 8750 tractor\" width=\"895\" height=\"503\" src=\"https:\/\/www.youtube.com\/embed\/yBG37jD54RQ?feature=oembed\" frameborder=\"0\" allow=\"accelerometer; autoplay; clipboard-write; encrypted-media; gyroscope; picture-in-picture\" allowfullscreen><\/iframe><\/p>\n<div title=\"Page 14\">\n<div title=\"Page 14\"><\/div>\n<\/div>\n<div class=\"page\" title=\"Page 35\">\n<div title=\"Page 14\">\n<div title=\"Page 14\">\n<div title=\"Page 14\"><\/div>\n<\/div>\n<\/div>\n<\/div>\n<div title=\"Page 35\"><\/div>\n<div title=\"Page 35\"><\/div>\n<div title=\"Page 35\"><\/div>\n<div title=\"Page 35\"><\/div>","protected":false},"excerpt":{"rendered":"<h3>Pagrindin\u0117s funkcijos<\/h3>\n<div id=\"comp-k95s6pv9\" class=\"_31Ne5\">\n<div id=\"bgLayers_comp-k95s6pv9\" class=\"X-jRX\">\n<ul>\n<li id=\"bgMedia_comp-k95s6pv9\" class=\"_1J6n9\">Pagamintas i\u0161 16 mm tankaus sukietinto plieno<br \/>\nir valdomas 2 hidrauliniais cilindrais<\/li>\n<li class=\"_1J6n9\">Didel\u0117s apkrovos frikcin\u0117s sankabos kardaninis velenas padidina ma\u0161inos ir traktoriaus saugum\u0105 ir apsaug\u0105<\/li>\n<li>Hidraulin\u0117s durys sutvirtintos perlenktais vyriais<\/li>\n<li class=\"_1J6n9\">Hidrauli\u0161kai valdoma vir\u0161utin\u0117 k\u0117limo svirtis leid\u017eia efektyviai kontroliuoti mul\u010der\u012f.<\/li>\n<li class=\"_1J6n9\">Patvarios, bet lengvai kei\u010diamos vidin\u0117s nusid\u0117v\u0117jimo plok\u0161t\u0117s<br \/>\nir prie\u0161inius dantis<\/li>\n<\/ul>\n<\/div>\n<\/div>","protected":false},"featured_media":12956,"comment_status":"open","ping_status":"closed","template":"","meta":[],"product_cat":[150,154,159],"product_tag":[215,220],"class_list":["post-12772","product","type-product","status-publish","has-post-thumbnail","hentry","product_cat-mulceriai","product_cat-krumu-smulkintuvai","product_cat-medienos-smulkintuvai","product_tag-slaitai","product_tag-alpha"],"yoast_head":"<!-- This site is optimized with the Yoast SEO plugin v20.1 - https:\/\/yoast.com\/wordpress\/plugins\/seo\/ -->\n<title>Mi\u0161kinis mul\u010deris DELTA XL Grizzly 2.25m | Horomechanika<\/title>\n<meta name=\"description\" content=\"Mul\u010deris \u201eAlpha BETA XL&quot; u\u017e prieinam\u0105 kain\u0105. Puikiai tinka ma\u017eiems \u016bkiams ar didel\u0117ms sodyboms. Atlaiko didel\u012f darbo kruv\u012f.\" \/>\n<meta name=\"robots\" content=\"index, follow, max-snippet:-1, max-image-preview:large, max-video-preview:-1\" \/>\n<link rel=\"canonical\" href=\"https:\/\/www.horomechanika.lt\/ru\/product\/miskinis-mulceris-delta-xl-grizzly-2-25m\/\" \/>\n<meta property=\"og:locale\" content=\"ru_RU\" \/>\n<meta property=\"og:type\" content=\"article\" \/>\n<meta property=\"og:title\" content=\"Mi\u0161kinis mul\u010deris DELTA XL Grizzly 2.25m | Horomechanika\" \/>\n<meta property=\"og:description\" content=\"Mul\u010deris \u201eAlpha BETA XL&quot; u\u017e prieinam\u0105 kain\u0105. Puikiai tinka ma\u017eiems \u016bkiams ar didel\u0117ms sodyboms. Atlaiko didel\u012f darbo kruv\u012f.\" \/>\n<meta property=\"og:url\" content=\"https:\/\/www.horomechanika.lt\/ru\/product\/miskinis-mulceris-delta-xl-grizzly-2-25m\/\" \/>\n<meta property=\"og:site_name\" content=\"Horomechanika\" \/>\n<meta property=\"article:publisher\" content=\"https:\/\/www.facebook.com\/UAB-Horo-mechanika-177091812471952\" \/>\n<meta property=\"article:modified_time\" content=\"2021-05-04T15:28:05+00:00\" \/>\n<meta property=\"og:image\" content=\"https:\/\/www.horomechanika.lt\/wp-content\/uploads\/2021\/04\/Screen-Shot-2021-05-04-at-18.21.48.png\" \/>\n\t<meta property=\"og:image:width\" content=\"588\" \/>\n\t<meta property=\"og:image:height\" content=\"564\" \/>\n\t<meta property=\"og:image:type\" content=\"image\/png\" \/>\n<meta name=\"twitter:card\" content=\"summary_large_image\" \/>\n<meta name=\"twitter:label1\" content=\"\u041f\u0440\u0438\u043c\u0435\u0440\u043d\u043e\u0435 \u0432\u0440\u0435\u043c\u044f \u0434\u043b\u044f \u0447\u0442\u0435\u043d\u0438\u044f\" \/>\n\t<meta name=\"twitter:data1\" content=\"1 \u043c\u0438\u043d\u0443\u0442\u0430\" \/>\n<script type=\"application\/ld+json\" class=\"yoast-schema-graph\">{\"@context\":\"https:\/\/schema.org\",\"@graph\":[{\"@type\":\"WebPage\",\"@id\":\"https:\/\/www.horomechanika.lt\/product\/miskinis-mulceris-delta-xl-grizzly-2-25m\/\",\"url\":\"https:\/\/www.horomechanika.lt\/product\/miskinis-mulceris-delta-xl-grizzly-2-25m\/\",\"name\":\"Mi\u0161kinis mul\u010deris DELTA XL Grizzly 2.25m | Horomechanika\",\"isPartOf\":{\"@id\":\"https:\/\/www.horomechanika.lt\/#website\"},\"datePublished\":\"2021-04-28T08:27:30+00:00\",\"dateModified\":\"2021-05-04T15:28:05+00:00\",\"description\":\"Mul\u010deris \u201eAlpha BETA XL\\\" u\u017e prieinam\u0105 kain\u0105. Puikiai tinka ma\u017eiems \u016bkiams ar didel\u0117ms sodyboms. Atlaiko didel\u012f darbo kruv\u012f.\",\"breadcrumb\":{\"@id\":\"https:\/\/www.horomechanika.lt\/product\/miskinis-mulceris-delta-xl-grizzly-2-25m\/#breadcrumb\"},\"inLanguage\":\"ru-RU\",\"potentialAction\":[{\"@type\":\"ReadAction\",\"target\":[\"https:\/\/www.horomechanika.lt\/product\/miskinis-mulceris-delta-xl-grizzly-2-25m\/\"]}]},{\"@type\":\"BreadcrumbList\",\"@id\":\"https:\/\/www.horomechanika.lt\/product\/miskinis-mulceris-delta-xl-grizzly-2-25m\/#breadcrumb\",\"itemListElement\":[{\"@type\":\"ListItem\",\"position\":1,\"name\":\"Home\",\"item\":\"https:\/\/www.horomechanika.lt\/\"},{\"@type\":\"ListItem\",\"position\":2,\"name\":\"Shop\",\"item\":\"https:\/\/www.horomechanika.lt\/ru\/shop-2\/\"},{\"@type\":\"ListItem\",\"position\":3,\"name\":\"Mi\u0161kinis mul\u010deris DELTA XL Grizzly 2.25m\"}]},{\"@type\":\"WebSite\",\"@id\":\"https:\/\/www.horomechanika.lt\/#website\",\"url\":\"https:\/\/www.horomechanika.lt\/\",\"name\":\"Horomechanika\",\"description\":\"\u017dem\u0117s \u016akio Technika\",\"publisher\":{\"@id\":\"https:\/\/www.horomechanika.lt\/#organization\"},\"potentialAction\":[{\"@type\":\"SearchAction\",\"target\":{\"@type\":\"EntryPoint\",\"urlTemplate\":\"https:\/\/www.horomechanika.lt\/?s={search_term_string}\"},\"query-input\":\"required name=search_term_string\"}],\"inLanguage\":\"ru-RU\"},{\"@type\":\"Organization\",\"@id\":\"https:\/\/www.horomechanika.lt\/#organization\",\"name\":\"UAB \\\"Horo mechanika\\\"\",\"url\":\"https:\/\/www.horomechanika.lt\/\",\"logo\":{\"@type\":\"ImageObject\",\"inLanguage\":\"ru-RU\",\"@id\":\"https:\/\/www.horomechanika.lt\/#\/schema\/logo\/image\/\",\"url\":\"https:\/\/www.horomechanika.lt\/wp-content\/uploads\/2020\/05\/horomechanika-logo.png\",\"contentUrl\":\"https:\/\/www.horomechanika.lt\/wp-content\/uploads\/2020\/05\/horomechanika-logo.png\",\"width\":137,\"height\":56,\"caption\":\"UAB \\\"Horo mechanika\\\"\"},\"image\":{\"@id\":\"https:\/\/www.horomechanika.lt\/#\/schema\/logo\/image\/\"},\"sameAs\":[\"https:\/\/www.facebook.com\/UAB-Horo-mechanika-177091812471952\"]}]}<\/script>\n<!-- \/ Yoast SEO plugin. -->","yoast_head_json":{"title":"Mi\u0161kinis mul\u010deris DELTA XL Grizzly 2.25m | Horomechanika","description":"Mul\u010deris \u201eAlpha BETA XL\" u\u017e prieinam\u0105 kain\u0105. Puikiai tinka ma\u017eiems \u016bkiams ar didel\u0117ms sodyboms. Atlaiko didel\u012f darbo kruv\u012f.","robots":{"index":"index","follow":"follow","max-snippet":"max-snippet:-1","max-image-preview":"max-image-preview:large","max-video-preview":"max-video-preview:-1"},"canonical":"https:\/\/www.horomechanika.lt\/ru\/product\/miskinis-mulceris-delta-xl-grizzly-2-25m\/","og_locale":"ru_RU","og_type":"article","og_title":"Mi\u0161kinis mul\u010deris DELTA XL Grizzly 2.25m | Horomechanika","og_description":"Mul\u010deris \u201eAlpha BETA XL\" u\u017e prieinam\u0105 kain\u0105. Puikiai tinka ma\u017eiems \u016bkiams ar didel\u0117ms sodyboms. Atlaiko didel\u012f darbo kruv\u012f.","og_url":"https:\/\/www.horomechanika.lt\/ru\/product\/miskinis-mulceris-delta-xl-grizzly-2-25m\/","og_site_name":"Horomechanika","article_publisher":"https:\/\/www.facebook.com\/UAB-Horo-mechanika-177091812471952","article_modified_time":"2021-05-04T15:28:05+00:00","og_image":[{"width":588,"height":564,"url":"https:\/\/www.horomechanika.lt\/wp-content\/uploads\/2021\/04\/Screen-Shot-2021-05-04-at-18.21.48.png","type":"image\/png"}],"twitter_card":"summary_large_image","twitter_misc":{"\u041f\u0440\u0438\u043c\u0435\u0440\u043d\u043e\u0435 \u0432\u0440\u0435\u043c\u044f \u0434\u043b\u044f \u0447\u0442\u0435\u043d\u0438\u044f":"1 \u043c\u0438\u043d\u0443\u0442\u0430"},"schema":{"@context":"https:\/\/schema.org","@graph":[{"@type":"WebPage","@id":"https:\/\/www.horomechanika.lt\/product\/miskinis-mulceris-delta-xl-grizzly-2-25m\/","url":"https:\/\/www.horomechanika.lt\/product\/miskinis-mulceris-delta-xl-grizzly-2-25m\/","name":"Mi\u0161kinis mul\u010deris DELTA XL Grizzly 2.25m | Horomechanika","isPartOf":{"@id":"https:\/\/www.horomechanika.lt\/#website"},"datePublished":"2021-04-28T08:27:30+00:00","dateModified":"2021-05-04T15:28:05+00:00","description":"Mul\u010deris \u201eAlpha BETA XL\" u\u017e prieinam\u0105 kain\u0105. Puikiai tinka ma\u017eiems \u016bkiams ar didel\u0117ms sodyboms. Atlaiko didel\u012f darbo kruv\u012f.","breadcrumb":{"@id":"https:\/\/www.horomechanika.lt\/product\/miskinis-mulceris-delta-xl-grizzly-2-25m\/#breadcrumb"},"inLanguage":"ru-RU","potentialAction":[{"@type":"ReadAction","target":["https:\/\/www.horomechanika.lt\/product\/miskinis-mulceris-delta-xl-grizzly-2-25m\/"]}]},{"@type":"BreadcrumbList","@id":"https:\/\/www.horomechanika.lt\/product\/miskinis-mulceris-delta-xl-grizzly-2-25m\/#breadcrumb","itemListElement":[{"@type":"ListItem","position":1,"name":"Home","item":"https:\/\/www.horomechanika.lt\/"},{"@type":"ListItem","position":2,"name":"Shop","item":"https:\/\/www.horomechanika.lt\/ru\/shop-2\/"},{"@type":"ListItem","position":3,"name":"Mi\u0161kinis mul\u010deris DELTA XL Grizzly 2.25m"}]},{"@type":"WebSite","@id":"https:\/\/www.horomechanika.lt\/#website","url":"https:\/\/www.horomechanika.lt\/","name":"Horomechanika","description":"\u017dem\u0117s \u016akio Technika","publisher":{"@id":"https:\/\/www.horomechanika.lt\/#organization"},"potentialAction":[{"@type":"SearchAction","target":{"@type":"EntryPoint","urlTemplate":"https:\/\/www.horomechanika.lt\/?s={search_term_string}"},"query-input":"required name=search_term_string"}],"inLanguage":"ru-RU"},{"@type":"Organization","@id":"https:\/\/www.horomechanika.lt\/#organization","name":"UAB \"Horo mechanika\"","url":"https:\/\/www.horomechanika.lt\/","logo":{"@type":"ImageObject","inLanguage":"ru-RU","@id":"https:\/\/www.horomechanika.lt\/#\/schema\/logo\/image\/","url":"https:\/\/www.horomechanika.lt\/wp-content\/uploads\/2020\/05\/horomechanika-logo.png","contentUrl":"https:\/\/www.horomechanika.lt\/wp-content\/uploads\/2020\/05\/horomechanika-logo.png","width":137,"height":56,"caption":"UAB \"Horo mechanika\""},"image":{"@id":"https:\/\/www.horomechanika.lt\/#\/schema\/logo\/image\/"},"sameAs":["https:\/\/www.facebook.com\/UAB-Horo-mechanika-177091812471952"]}]}},"_links":{"self":[{"href":"https:\/\/www.horomechanika.lt\/ru\/wp-json\/wp\/v2\/product\/12772","targetHints":{"allow":["GET"]}}],"collection":[{"href":"https:\/\/www.horomechanika.lt\/ru\/wp-json\/wp\/v2\/product"}],"about":[{"href":"https:\/\/www.horomechanika.lt\/ru\/wp-json\/wp\/v2\/types\/product"}],"replies":[{"embeddable":true,"href":"https:\/\/www.horomechanika.lt\/ru\/wp-json\/wp\/v2\/comments?post=12772"}],"wp:featuredmedia":[{"embeddable":true,"href":"https:\/\/www.horomechanika.lt\/ru\/wp-json\/wp\/v2\/media\/12956"}],"wp:attachment":[{"href":"https:\/\/www.horomechanika.lt\/ru\/wp-json\/wp\/v2\/media?parent=12772"}],"wp:term":[{"taxonomy":"product_cat","embeddable":true,"href":"https:\/\/www.horomechanika.lt\/ru\/wp-json\/wp\/v2\/product_cat?post=12772"},{"taxonomy":"product_tag","embeddable":true,"href":"https:\/\/www.horomechanika.lt\/ru\/wp-json\/wp\/v2\/product_tag?post=12772"}],"curies":[{"name":"wp","href":"https:\/\/api.w.org\/{rel}","templated":true}]}}