{"id":12775,"date":"2021-04-28T11:52:43","date_gmt":"2021-04-28T08:52:43","guid":{"rendered":"https:\/\/www.horomechanika.lt\/?post_type=product&#038;p=12775"},"modified":"2021-04-28T12:23:22","modified_gmt":"2021-04-28T09:23:22","slug":"enorossi-zalios-mases-pjovejas-mg-100","status":"publish","type":"product","link":"https:\/\/www.horomechanika.lt\/ru\/product\/enorossi-zalios-mases-pjovejas-mg-100\/","title":{"rendered":"Enorossi \u017ealios mas\u0117s pjov\u0117jas MG 100"},"content":{"rendered":"<div class=\"row\">\n<div class=\"wpb_column vc_column_container col-sm-9 vc_col-sm-9 col-lg-9 vc_col-lg-9\">\n<div class=\"vc_column-inner\">\n<div class=\"wpb_wrapper\">\n<div class=\"wpb_text_column wpb_content_element\">\n<div class=\"wpb_wrapper\">\n<p><span class=\"VIiyi\" lang=\"lt\"><span class=\"JLqJ4b ChMk0b\" data-language-for-alternatives=\"lt\" data-language-to-translate-into=\"en\" data-phrase-index=\"0\">Tvirta, ilgaam\u017e\u0117\u00a0 savikrov\u0117 \u017ealios mas\u0117s pjaunamoji, puikiai tinkanti tokiems produktams kaip kukur\u016bzai, sorgai, cukranendr\u0117s, karali\u0161koji \u017eol\u0117 ir pana\u0161\u016bs produktai.<\/span> MG 100 gaminamas su kardaninio<span class=\"JLqJ4b ChMk0b\" data-language-for-alternatives=\"lt\" data-language-to-translate-into=\"en\" data-phrase-index=\"2\">\u00a0veleno pavara, tod\u0117l tai yra ypa\u010d patikima ma\u0161ina atliekant sunkiausius darbus.<\/span> <span class=\"JLqJ4b ChMk0b\" data-language-for-alternatives=\"lt\" data-language-to-translate-into=\"en\" data-phrase-index=\"3\">Standarti\u0161kai \u012frengta peili\u0173 galandimo sistema, teleskopinis r\u0117mas, kurio maksimali anga yra 30 cm., Ratas lygio palaikymui, hidraulinis pasukamas i\u0161metimo vamzdis, 12 standartini\u0173 peili\u0173 ant pjovimo disko, 6 rotoriaus sklend\u0117s smulkinti produktui, reduktoriaus pagalba galima reguliuoti<\/span>\u00a0<span class=\"JLqJ4b ChMk0b\" data-language-for-alternatives=\"lt\" data-language-to-translate-into=\"en\" data-phrase-index=\"4\">pjaustytuvo disk\u0105 iki 8 skirting\u0173 dyd\u017ei\u0173 4, 6, 7, 8, 9, 12, 15, 18 mm., kukur\u016bz\u0173 mas\u0117s, siekiant pagerinti pj\u016bvio ir jo maistini\u0173 med\u017eiag\u0173 vienodum\u0105.<\/span> <span class=\"JLqJ4b ChMk0b\" data-language-for-alternatives=\"lt\" data-language-to-translate-into=\"en\" data-phrase-index=\"5\">Dviej\u0173 priekyje sumontuot\u0173 b\u016bgn\u0173 sukimosi greitis ma\u017eiausiai 130 apsisukim\u0173 per minut\u0119 iki maksimalus 220 aps \/ min.<\/span><\/span><\/p>\n<p><span class=\"JLqJ4b ChMk0b\" data-language-for-alternatives=\"lt\" data-language-to-translate-into=\"en\" data-phrase-index=\"6\">Pasirenkama papildomai: nepriklausoma pjaunamoji \u017eolei PAS 100 pjauti, kuri\u0173 darbinis plotis 1,5 m., Trys diskai su dviem peiliais kiekviename diske, galvos disk\u0173 pjovimo juostos PAS 100 greitis yra 2500 aps.\/min.<\/span> <span class=\"JLqJ4b ChMk0b\" data-language-for-alternatives=\"lt\" data-language-to-translate-into=\"en\" data-phrase-index=\"7\">Pjovimo auk\u0161tis nuo \u017eem\u0117s 10\u201330 cm.<\/span><\/p>\n<div class=\"wpb_text_column wpb_content_element\">\u201eEnorossi\u201c pasaulinis \u017eem\u0117s \u016bkio ma\u0161in\u0173 gamybos lyderis. S\u0117kmingai dirba daugiau nei 50 met\u0173, aistringai gamindami savo ma\u0161inas, siekdami u\u017etikrinti maksimal\u0173 pelningum\u0105 \u016bkiams kiekviename pasaulio kampelyje. Visuotin\u0117 vizija leid\u017eia patenkinti specifinius klient\u0173 poreikius. \u0160ienapjovi\u0173 konstrukcija bei gamybos standartai garantuoja ilgaam\u017ei\u0161kum\u0105 ir patikim\u0105 darb\u0105.<\/div>\n<\/div>\n<\/div>\n<\/div>\n<\/div>\n<\/div>\n<\/div>\n<p>PILNAS PRODUKTO KATALOGAS IR APRA\u0160YMAS<\/p>\n<p><a href=\"https:\/\/www.enorossi.it\/wp-content\/uploads\/2016\/07\/Falciatrice_MG100_2016_web.pdf\">Falciatrice_MG100_2016_web.pdf (enorossi.it)<\/a><\/p>\n<p><iframe loading=\"lazy\" title=\"Enorossi Mg100 silage mower....super results on sugar cane!\" width=\"895\" height=\"503\" src=\"https:\/\/www.youtube.com\/embed\/8YOiWNM_bP0?feature=oembed\" frameborder=\"0\" allow=\"accelerometer; autoplay; clipboard-write; encrypted-media; gyroscope; picture-in-picture\" allowfullscreen><\/iframe><\/p>","protected":false},"excerpt":{"rendered":"<table border=\"1\" width=\"100%\">\n<tbody>\n<tr>\n<td><strong>Modelis<\/strong><\/td>\n<td>\n<p class=\"p1\"><strong>N\u00b0 rotoria<\/strong><\/p>\n<\/td>\n<td><strong>N\u00b0 \u00a0peiliai<\/strong><\/td>\n<td>\n<p class=\"p1\"><strong>Pjovimo auk\u0161tis<\/strong><\/p>\n<\/td>\n<td><strong>Pavara\u00a0<\/strong><\/td>\n<td><strong>HP<\/strong><\/td>\n<td><strong>Svoris<\/strong><\/td>\n<\/tr>\n<tr>\n<td><strong>MG 100<\/strong><\/td>\n<td>4<\/td>\n<td>12<\/td>\n<td>nuo 10 to 30 cm.<br \/>\n<em>nuo 4 to 12 in.<\/em><\/td>\n<td>Kardaninis velenas<\/td>\n<td>\n<p class=\"p1\">Min 50 HP<\/p>\n<\/td>\n<td>Standartinis<br \/>\n610 Kg. \/\u00a0<em>1345 Lbs.<\/em><br \/>\nsu PS100 priedu<br \/>\n840 Kg. \/\u00a0<em>1851 Lbs.<\/em><\/td>\n<\/tr>\n<\/tbody>\n<\/table>","protected":false},"featured_media":12784,"comment_status":"open","ping_status":"closed","template":"","meta":[],"product_cat":[143,149],"product_tag":[],"class_list":["post-12775","product","type-product","status-publish","has-post-thumbnail","hentry","product_cat-sienapjoves","product_cat-kukuruzu-pjaunamosios"],"yoast_head":"<!-- This site is optimized with the Yoast SEO plugin v20.1 - https:\/\/yoast.com\/wordpress\/plugins\/seo\/ -->\n<title>Enorossi \u017ealios mas\u0117s pjov\u0117jas MG 100 | Horomechanika<\/title>\n<meta name=\"description\" content=\"\u201eEnorossi\u201c pasaulinis \u017eem\u0117s \u016bkio ma\u0161in\u0173 gamybos lyderis. S\u0117kmingai dirba daugiau nei 50 met\u0173, aistringai gamindami savo ma\u0161inas, siekdami u\u017etikrinti maksimal\u0173 pelningum\u0105 \u016bkiams kiekviename pasaulio kampelyje. Visuotin\u0117 vizija leid\u017eia patenkinti specifinius klient\u0173 poreikius. \u0160ienapjovi\u0173 konstrukcija bei gamybos standartai garantuoja ilgaam\u017ei\u0161kum\u0105 ir patikim\u0105 darb\u0105.Kompakti\u0161kas dizainas leid\u017eia \u0161ienapjovei prisitaikyti prie bet kokio tipo piev\u0173. Standartiniai pjovimo diskai.Paprasta ir prakti\u0161ka pavir\u0161i\u0173 kompensavimo sistemaDvi stiprios kompensavimo spyruokl\u0117s garantuoja vienod\u0105 apsaug\u0105 visu plo\u010diu.Puikus \u017eem\u0117s pavir\u0161iaus palaikymas - kopijavimasPagrindinis puikios \u017eem\u0117s pritaikymo bruo\u017eas yra prikabinimas. Jo kruop\u0161\u010diai suprojektuota forma suteikia ger\u0105, svorio centr\u0105 kuo ar\u010diau traktoriaus visose darbo po\u017eicijose. Stabilizuojan\u010dios spyruokl\u0117s i\u0161laiko \u0161ienapjov\u0119 centin\u0117je pad\u0117tyje.\" \/>\n<meta name=\"robots\" content=\"index, follow, max-snippet:-1, max-image-preview:large, max-video-preview:-1\" \/>\n<link rel=\"canonical\" href=\"https:\/\/www.horomechanika.lt\/ru\/product\/enorossi-zalios-mases-pjovejas-mg-100\/\" \/>\n<meta property=\"og:locale\" content=\"ru_RU\" \/>\n<meta property=\"og:type\" content=\"article\" \/>\n<meta property=\"og:title\" content=\"Enorossi \u017ealios mas\u0117s pjov\u0117jas MG 100 | Horomechanika\" \/>\n<meta property=\"og:description\" content=\"\u201eEnorossi\u201c pasaulinis \u017eem\u0117s \u016bkio ma\u0161in\u0173 gamybos lyderis. S\u0117kmingai dirba daugiau nei 50 met\u0173, aistringai gamindami savo ma\u0161inas, siekdami u\u017etikrinti maksimal\u0173 pelningum\u0105 \u016bkiams kiekviename pasaulio kampelyje. Visuotin\u0117 vizija leid\u017eia patenkinti specifinius klient\u0173 poreikius. \u0160ienapjovi\u0173 konstrukcija bei gamybos standartai garantuoja ilgaam\u017ei\u0161kum\u0105 ir patikim\u0105 darb\u0105.Kompakti\u0161kas dizainas leid\u017eia \u0161ienapjovei prisitaikyti prie bet kokio tipo piev\u0173. Standartiniai pjovimo diskai.Paprasta ir prakti\u0161ka pavir\u0161i\u0173 kompensavimo sistemaDvi stiprios kompensavimo spyruokl\u0117s garantuoja vienod\u0105 apsaug\u0105 visu plo\u010diu.Puikus \u017eem\u0117s pavir\u0161iaus palaikymas - kopijavimasPagrindinis puikios \u017eem\u0117s pritaikymo bruo\u017eas yra prikabinimas. Jo kruop\u0161\u010diai suprojektuota forma suteikia ger\u0105, svorio centr\u0105 kuo ar\u010diau traktoriaus visose darbo po\u017eicijose. Stabilizuojan\u010dios spyruokl\u0117s i\u0161laiko \u0161ienapjov\u0119 centin\u0117je pad\u0117tyje.\" \/>\n<meta property=\"og:url\" content=\"https:\/\/www.horomechanika.lt\/ru\/product\/enorossi-zalios-mases-pjovejas-mg-100\/\" \/>\n<meta property=\"og:site_name\" content=\"Horomechanika\" \/>\n<meta property=\"article:publisher\" content=\"https:\/\/www.facebook.com\/UAB-Horo-mechanika-177091812471952\" \/>\n<meta property=\"article:modified_time\" content=\"2021-04-28T09:23:22+00:00\" \/>\n<meta property=\"og:image\" content=\"https:\/\/www.horomechanika.lt\/wp-content\/uploads\/2021\/04\/Enorossi-zalios-mases-pjovejas-MG-100-2.jpg\" \/>\n\t<meta property=\"og:image:width\" content=\"940\" \/>\n\t<meta property=\"og:image:height\" content=\"460\" \/>\n\t<meta property=\"og:image:type\" content=\"image\/jpeg\" \/>\n<meta name=\"twitter:card\" content=\"summary_large_image\" \/>\n<meta name=\"twitter:label1\" content=\"\u041f\u0440\u0438\u043c\u0435\u0440\u043d\u043e\u0435 \u0432\u0440\u0435\u043c\u044f \u0434\u043b\u044f \u0447\u0442\u0435\u043d\u0438\u044f\" \/>\n\t<meta name=\"twitter:data1\" content=\"1 \u043c\u0438\u043d\u0443\u0442\u0430\" \/>\n<script type=\"application\/ld+json\" class=\"yoast-schema-graph\">{\"@context\":\"https:\/\/schema.org\",\"@graph\":[{\"@type\":\"WebPage\",\"@id\":\"https:\/\/www.horomechanika.lt\/ru\/product\/enorossi-zalios-mases-pjovejas-mg-100\/\",\"url\":\"https:\/\/www.horomechanika.lt\/ru\/product\/enorossi-zalios-mases-pjovejas-mg-100\/\",\"name\":\"Enorossi \u017ealios mas\u0117s pjov\u0117jas MG 100 | Horomechanika\",\"isPartOf\":{\"@id\":\"https:\/\/www.horomechanika.lt\/#website\"},\"datePublished\":\"2021-04-28T08:52:43+00:00\",\"dateModified\":\"2021-04-28T09:23:22+00:00\",\"description\":\"\u201eEnorossi\u201c pasaulinis \u017eem\u0117s \u016bkio ma\u0161in\u0173 gamybos lyderis. S\u0117kmingai dirba daugiau nei 50 met\u0173, aistringai gamindami savo ma\u0161inas, siekdami u\u017etikrinti maksimal\u0173 pelningum\u0105 \u016bkiams kiekviename pasaulio kampelyje. Visuotin\u0117 vizija leid\u017eia patenkinti specifinius klient\u0173 poreikius. \u0160ienapjovi\u0173 konstrukcija bei gamybos standartai garantuoja ilgaam\u017ei\u0161kum\u0105 ir patikim\u0105 darb\u0105.Kompakti\u0161kas dizainas leid\u017eia \u0161ienapjovei prisitaikyti prie bet kokio tipo piev\u0173. Standartiniai pjovimo diskai.Paprasta ir prakti\u0161ka pavir\u0161i\u0173 kompensavimo sistemaDvi stiprios kompensavimo spyruokl\u0117s garantuoja vienod\u0105 apsaug\u0105 visu plo\u010diu.Puikus \u017eem\u0117s pavir\u0161iaus palaikymas - kopijavimasPagrindinis puikios \u017eem\u0117s pritaikymo bruo\u017eas yra prikabinimas. Jo kruop\u0161\u010diai suprojektuota forma suteikia ger\u0105, svorio centr\u0105 kuo ar\u010diau traktoriaus visose darbo po\u017eicijose. Stabilizuojan\u010dios spyruokl\u0117s i\u0161laiko \u0161ienapjov\u0119 centin\u0117je pad\u0117tyje.\",\"breadcrumb\":{\"@id\":\"https:\/\/www.horomechanika.lt\/ru\/product\/enorossi-zalios-mases-pjovejas-mg-100\/#breadcrumb\"},\"inLanguage\":\"ru-RU\",\"potentialAction\":[{\"@type\":\"ReadAction\",\"target\":[\"https:\/\/www.horomechanika.lt\/ru\/product\/enorossi-zalios-mases-pjovejas-mg-100\/\"]}]},{\"@type\":\"BreadcrumbList\",\"@id\":\"https:\/\/www.horomechanika.lt\/ru\/product\/enorossi-zalios-mases-pjovejas-mg-100\/#breadcrumb\",\"itemListElement\":[{\"@type\":\"ListItem\",\"position\":1,\"name\":\"Home\",\"item\":\"https:\/\/www.horomechanika.lt\/\"},{\"@type\":\"ListItem\",\"position\":2,\"name\":\"Shop\",\"item\":\"https:\/\/www.horomechanika.lt\/ru\/shop-2\/\"},{\"@type\":\"ListItem\",\"position\":3,\"name\":\"Enorossi \u017ealios mas\u0117s pjov\u0117jas MG 100\"}]},{\"@type\":\"WebSite\",\"@id\":\"https:\/\/www.horomechanika.lt\/#website\",\"url\":\"https:\/\/www.horomechanika.lt\/\",\"name\":\"Horomechanika\",\"description\":\"\u017dem\u0117s \u016akio Technika\",\"publisher\":{\"@id\":\"https:\/\/www.horomechanika.lt\/#organization\"},\"potentialAction\":[{\"@type\":\"SearchAction\",\"target\":{\"@type\":\"EntryPoint\",\"urlTemplate\":\"https:\/\/www.horomechanika.lt\/?s={search_term_string}\"},\"query-input\":\"required name=search_term_string\"}],\"inLanguage\":\"ru-RU\"},{\"@type\":\"Organization\",\"@id\":\"https:\/\/www.horomechanika.lt\/#organization\",\"name\":\"UAB \\\"Horo mechanika\\\"\",\"url\":\"https:\/\/www.horomechanika.lt\/\",\"logo\":{\"@type\":\"ImageObject\",\"inLanguage\":\"ru-RU\",\"@id\":\"https:\/\/www.horomechanika.lt\/#\/schema\/logo\/image\/\",\"url\":\"https:\/\/www.horomechanika.lt\/wp-content\/uploads\/2020\/05\/horomechanika-logo.png\",\"contentUrl\":\"https:\/\/www.horomechanika.lt\/wp-content\/uploads\/2020\/05\/horomechanika-logo.png\",\"width\":137,\"height\":56,\"caption\":\"UAB \\\"Horo mechanika\\\"\"},\"image\":{\"@id\":\"https:\/\/www.horomechanika.lt\/#\/schema\/logo\/image\/\"},\"sameAs\":[\"https:\/\/www.facebook.com\/UAB-Horo-mechanika-177091812471952\"]}]}<\/script>\n<!-- \/ Yoast SEO plugin. -->","yoast_head_json":{"title":"Enorossi \u017ealios mas\u0117s pjov\u0117jas MG 100 | Horomechanika","description":"\u201eEnorossi\u201c pasaulinis \u017eem\u0117s \u016bkio ma\u0161in\u0173 gamybos lyderis. S\u0117kmingai dirba daugiau nei 50 met\u0173, aistringai gamindami savo ma\u0161inas, siekdami u\u017etikrinti maksimal\u0173 pelningum\u0105 \u016bkiams kiekviename pasaulio kampelyje. Visuotin\u0117 vizija leid\u017eia patenkinti specifinius klient\u0173 poreikius. \u0160ienapjovi\u0173 konstrukcija bei gamybos standartai garantuoja ilgaam\u017ei\u0161kum\u0105 ir patikim\u0105 darb\u0105.Kompakti\u0161kas dizainas leid\u017eia \u0161ienapjovei prisitaikyti prie bet kokio tipo piev\u0173. Standartiniai pjovimo diskai.Paprasta ir prakti\u0161ka pavir\u0161i\u0173 kompensavimo sistemaDvi stiprios kompensavimo spyruokl\u0117s garantuoja vienod\u0105 apsaug\u0105 visu plo\u010diu.Puikus \u017eem\u0117s pavir\u0161iaus palaikymas - kopijavimasPagrindinis puikios \u017eem\u0117s pritaikymo bruo\u017eas yra prikabinimas. Jo kruop\u0161\u010diai suprojektuota forma suteikia ger\u0105, svorio centr\u0105 kuo ar\u010diau traktoriaus visose darbo po\u017eicijose. Stabilizuojan\u010dios spyruokl\u0117s i\u0161laiko \u0161ienapjov\u0119 centin\u0117je pad\u0117tyje.","robots":{"index":"index","follow":"follow","max-snippet":"max-snippet:-1","max-image-preview":"max-image-preview:large","max-video-preview":"max-video-preview:-1"},"canonical":"https:\/\/www.horomechanika.lt\/ru\/product\/enorossi-zalios-mases-pjovejas-mg-100\/","og_locale":"ru_RU","og_type":"article","og_title":"Enorossi \u017ealios mas\u0117s pjov\u0117jas MG 100 | Horomechanika","og_description":"\u201eEnorossi\u201c pasaulinis \u017eem\u0117s \u016bkio ma\u0161in\u0173 gamybos lyderis. S\u0117kmingai dirba daugiau nei 50 met\u0173, aistringai gamindami savo ma\u0161inas, siekdami u\u017etikrinti maksimal\u0173 pelningum\u0105 \u016bkiams kiekviename pasaulio kampelyje. Visuotin\u0117 vizija leid\u017eia patenkinti specifinius klient\u0173 poreikius. \u0160ienapjovi\u0173 konstrukcija bei gamybos standartai garantuoja ilgaam\u017ei\u0161kum\u0105 ir patikim\u0105 darb\u0105.Kompakti\u0161kas dizainas leid\u017eia \u0161ienapjovei prisitaikyti prie bet kokio tipo piev\u0173. Standartiniai pjovimo diskai.Paprasta ir prakti\u0161ka pavir\u0161i\u0173 kompensavimo sistemaDvi stiprios kompensavimo spyruokl\u0117s garantuoja vienod\u0105 apsaug\u0105 visu plo\u010diu.Puikus \u017eem\u0117s pavir\u0161iaus palaikymas - kopijavimasPagrindinis puikios \u017eem\u0117s pritaikymo bruo\u017eas yra prikabinimas. Jo kruop\u0161\u010diai suprojektuota forma suteikia ger\u0105, svorio centr\u0105 kuo ar\u010diau traktoriaus visose darbo po\u017eicijose. Stabilizuojan\u010dios spyruokl\u0117s i\u0161laiko \u0161ienapjov\u0119 centin\u0117je pad\u0117tyje.","og_url":"https:\/\/www.horomechanika.lt\/ru\/product\/enorossi-zalios-mases-pjovejas-mg-100\/","og_site_name":"Horomechanika","article_publisher":"https:\/\/www.facebook.com\/UAB-Horo-mechanika-177091812471952","article_modified_time":"2021-04-28T09:23:22+00:00","og_image":[{"width":940,"height":460,"url":"https:\/\/www.horomechanika.lt\/wp-content\/uploads\/2021\/04\/Enorossi-zalios-mases-pjovejas-MG-100-2.jpg","type":"image\/jpeg"}],"twitter_card":"summary_large_image","twitter_misc":{"\u041f\u0440\u0438\u043c\u0435\u0440\u043d\u043e\u0435 \u0432\u0440\u0435\u043c\u044f \u0434\u043b\u044f \u0447\u0442\u0435\u043d\u0438\u044f":"1 \u043c\u0438\u043d\u0443\u0442\u0430"},"schema":{"@context":"https:\/\/schema.org","@graph":[{"@type":"WebPage","@id":"https:\/\/www.horomechanika.lt\/ru\/product\/enorossi-zalios-mases-pjovejas-mg-100\/","url":"https:\/\/www.horomechanika.lt\/ru\/product\/enorossi-zalios-mases-pjovejas-mg-100\/","name":"Enorossi \u017ealios mas\u0117s pjov\u0117jas MG 100 | Horomechanika","isPartOf":{"@id":"https:\/\/www.horomechanika.lt\/#website"},"datePublished":"2021-04-28T08:52:43+00:00","dateModified":"2021-04-28T09:23:22+00:00","description":"\u201eEnorossi\u201c pasaulinis \u017eem\u0117s \u016bkio ma\u0161in\u0173 gamybos lyderis. S\u0117kmingai dirba daugiau nei 50 met\u0173, aistringai gamindami savo ma\u0161inas, siekdami u\u017etikrinti maksimal\u0173 pelningum\u0105 \u016bkiams kiekviename pasaulio kampelyje. Visuotin\u0117 vizija leid\u017eia patenkinti specifinius klient\u0173 poreikius. \u0160ienapjovi\u0173 konstrukcija bei gamybos standartai garantuoja ilgaam\u017ei\u0161kum\u0105 ir patikim\u0105 darb\u0105.Kompakti\u0161kas dizainas leid\u017eia \u0161ienapjovei prisitaikyti prie bet kokio tipo piev\u0173. Standartiniai pjovimo diskai.Paprasta ir prakti\u0161ka pavir\u0161i\u0173 kompensavimo sistemaDvi stiprios kompensavimo spyruokl\u0117s garantuoja vienod\u0105 apsaug\u0105 visu plo\u010diu.Puikus \u017eem\u0117s pavir\u0161iaus palaikymas - kopijavimasPagrindinis puikios \u017eem\u0117s pritaikymo bruo\u017eas yra prikabinimas. Jo kruop\u0161\u010diai suprojektuota forma suteikia ger\u0105, svorio centr\u0105 kuo ar\u010diau traktoriaus visose darbo po\u017eicijose. Stabilizuojan\u010dios spyruokl\u0117s i\u0161laiko \u0161ienapjov\u0119 centin\u0117je pad\u0117tyje.","breadcrumb":{"@id":"https:\/\/www.horomechanika.lt\/ru\/product\/enorossi-zalios-mases-pjovejas-mg-100\/#breadcrumb"},"inLanguage":"ru-RU","potentialAction":[{"@type":"ReadAction","target":["https:\/\/www.horomechanika.lt\/ru\/product\/enorossi-zalios-mases-pjovejas-mg-100\/"]}]},{"@type":"BreadcrumbList","@id":"https:\/\/www.horomechanika.lt\/ru\/product\/enorossi-zalios-mases-pjovejas-mg-100\/#breadcrumb","itemListElement":[{"@type":"ListItem","position":1,"name":"Home","item":"https:\/\/www.horomechanika.lt\/"},{"@type":"ListItem","position":2,"name":"Shop","item":"https:\/\/www.horomechanika.lt\/ru\/shop-2\/"},{"@type":"ListItem","position":3,"name":"Enorossi \u017ealios mas\u0117s pjov\u0117jas MG 100"}]},{"@type":"WebSite","@id":"https:\/\/www.horomechanika.lt\/#website","url":"https:\/\/www.horomechanika.lt\/","name":"Horomechanika","description":"\u017dem\u0117s \u016akio Technika","publisher":{"@id":"https:\/\/www.horomechanika.lt\/#organization"},"potentialAction":[{"@type":"SearchAction","target":{"@type":"EntryPoint","urlTemplate":"https:\/\/www.horomechanika.lt\/?s={search_term_string}"},"query-input":"required name=search_term_string"}],"inLanguage":"ru-RU"},{"@type":"Organization","@id":"https:\/\/www.horomechanika.lt\/#organization","name":"UAB \"Horo mechanika\"","url":"https:\/\/www.horomechanika.lt\/","logo":{"@type":"ImageObject","inLanguage":"ru-RU","@id":"https:\/\/www.horomechanika.lt\/#\/schema\/logo\/image\/","url":"https:\/\/www.horomechanika.lt\/wp-content\/uploads\/2020\/05\/horomechanika-logo.png","contentUrl":"https:\/\/www.horomechanika.lt\/wp-content\/uploads\/2020\/05\/horomechanika-logo.png","width":137,"height":56,"caption":"UAB \"Horo mechanika\""},"image":{"@id":"https:\/\/www.horomechanika.lt\/#\/schema\/logo\/image\/"},"sameAs":["https:\/\/www.facebook.com\/UAB-Horo-mechanika-177091812471952"]}]}},"_links":{"self":[{"href":"https:\/\/www.horomechanika.lt\/ru\/wp-json\/wp\/v2\/product\/12775","targetHints":{"allow":["GET"]}}],"collection":[{"href":"https:\/\/www.horomechanika.lt\/ru\/wp-json\/wp\/v2\/product"}],"about":[{"href":"https:\/\/www.horomechanika.lt\/ru\/wp-json\/wp\/v2\/types\/product"}],"replies":[{"embeddable":true,"href":"https:\/\/www.horomechanika.lt\/ru\/wp-json\/wp\/v2\/comments?post=12775"}],"wp:featuredmedia":[{"embeddable":true,"href":"https:\/\/www.horomechanika.lt\/ru\/wp-json\/wp\/v2\/media\/12784"}],"wp:attachment":[{"href":"https:\/\/www.horomechanika.lt\/ru\/wp-json\/wp\/v2\/media?parent=12775"}],"wp:term":[{"taxonomy":"product_cat","embeddable":true,"href":"https:\/\/www.horomechanika.lt\/ru\/wp-json\/wp\/v2\/product_cat?post=12775"},{"taxonomy":"product_tag","embeddable":true,"href":"https:\/\/www.horomechanika.lt\/ru\/wp-json\/wp\/v2\/product_tag?post=12775"}],"curies":[{"name":"wp","href":"https:\/\/api.w.org\/{rel}","templated":true}]}}