{"id":12790,"date":"2021-04-28T17:24:36","date_gmt":"2021-04-28T14:24:36","guid":{"rendered":"https:\/\/www.horomechanika.lt\/?post_type=product&#038;p=12790"},"modified":"2021-05-04T18:08:39","modified_gmt":"2021-05-04T15:08:39","slug":"kelmu-smulkintuvas-morsum-l-x","status":"publish","type":"product","link":"https:\/\/www.horomechanika.lt\/ru\/product\/kelmu-smulkintuvas-morsum-l-x\/","title":{"rendered":"Kelm\u0173 freza MORSUM L \/ X"},"content":{"rendered":"<p>NAUJIENA!<\/p>\n<p>\u0160is kelm\u0173 smulkintuvas skirtas pusiau profesionalui.<\/p>\n<p>Galima primontuoti tiek prie ekskavatoriaus, tiek prie krautuvo. Skirtas dirbti ir atlikti geriausi\u0105 darb\u0105 abiej\u0173 tip\u0173 ma\u0161inose. Sukurtas dirbti sunkioms ir ekstremalioms s\u0105lygoms, kadangi panaudotos tik tvir\u010diausios med\u017eiagos.<\/p>\n<div title=\"Page 14\">\n<div title=\"Page 14\"><a href=\"https:\/\/www.horomechanika.lt\/wp-content\/uploads\/2021\/04\/Screen-Shot-2021-04-28-at-17.35.17.png\">Daugiau informacijos apie AARDENBURG 1974 produkcij\u0105 rasite paspaudus ant <\/a><a href=\"https:\/\/www.aardenburg1974.nl\/\">nuorodos.<\/a><\/div>\n<\/div>\n<div class=\"page\" title=\"Page 35\">\n<div title=\"Page 14\">\n<div title=\"Page 14\">\n<div title=\"Page 14\"><\/div>\n<\/div>\n<\/div>\n<\/div>\n<div title=\"Page 35\"><\/div>\n<div title=\"Page 35\"><\/div>\n<div title=\"Page 35\"><\/div>\n<div title=\"Page 35\"><\/div>","protected":false},"excerpt":{"rendered":"<h3>Pagrindin\u0117s funkcijos<\/h3>\n<div id=\"comp-k95s6pv9\" class=\"_31Ne5\">\n<div id=\"bgLayers_comp-k95s6pv9\" class=\"X-jRX\">\n<ul>\n<li id=\"bgMedia_comp-k95s6pv9\" class=\"_1J6n9\">Pagamintas i\u0161 auk\u0161tos kokyb\u0117s med\u017eiagos kaip Q345B ir 40 CR\u00a0su sustiprinimais kritin\u0117se vietose.<\/li>\n<li class=\"_1J6n9\">PISTON hidraulinis variklis efektyviam eksplotavimui<\/li>\n<li class=\"_1J6n9\">Kaltiniai karbidiniai dantys, kurie netgi gali pjauti per akmenis!<\/li>\n<li class=\"_1J6n9\">Elektrinis \u0161oninio poslinkio valdymas su dvigubais hidrauliniais cilindrais *<\/li>\n<\/ul>\n<\/div>\n<\/div>","protected":false},"featured_media":12953,"comment_status":"open","ping_status":"closed","template":"","meta":[],"product_cat":[154,159],"product_tag":[220],"class_list":["post-12790","product","type-product","status-publish","has-post-thumbnail","hentry","product_cat-krumu-smulkintuvai","product_cat-medienos-smulkintuvai","product_tag-alpha"],"yoast_head":"<!-- This site is optimized with the Yoast SEO plugin v20.1 - https:\/\/yoast.com\/wordpress\/plugins\/seo\/ -->\n<title>Kelm\u0173 freza MORSUM L \/ X | Horomechanika<\/title>\n<meta name=\"description\" content=\"Kelm\u0173 smulkintuvas MORSUM L \/ X u\u017e prieinam\u0105 kain\u0105. Puikiai tinka ma\u017eiems \u016bkiams ar didel\u0117ms sodyboms. Atlaiko didel\u012f darbo kruv\u012f.\" \/>\n<meta name=\"robots\" content=\"index, follow, max-snippet:-1, max-image-preview:large, max-video-preview:-1\" \/>\n<link rel=\"canonical\" href=\"https:\/\/www.horomechanika.lt\/ru\/product\/kelmu-smulkintuvas-morsum-l-x\/\" \/>\n<meta property=\"og:locale\" content=\"ru_RU\" \/>\n<meta property=\"og:type\" content=\"article\" \/>\n<meta property=\"og:title\" content=\"Kelm\u0173 freza MORSUM L \/ X | Horomechanika\" \/>\n<meta property=\"og:description\" content=\"Kelm\u0173 smulkintuvas MORSUM L \/ X u\u017e prieinam\u0105 kain\u0105. Puikiai tinka ma\u017eiems \u016bkiams ar didel\u0117ms sodyboms. Atlaiko didel\u012f darbo kruv\u012f.\" \/>\n<meta property=\"og:url\" content=\"https:\/\/www.horomechanika.lt\/ru\/product\/kelmu-smulkintuvas-morsum-l-x\/\" \/>\n<meta property=\"og:site_name\" content=\"Horomechanika\" \/>\n<meta property=\"article:publisher\" content=\"https:\/\/www.facebook.com\/UAB-Horo-mechanika-177091812471952\" \/>\n<meta property=\"article:modified_time\" content=\"2021-05-04T15:08:39+00:00\" \/>\n<meta property=\"og:image\" content=\"https:\/\/www.horomechanika.lt\/wp-content\/uploads\/2021\/04\/Aardenburg-Morsum-L370-Render-1-Cropped-scaled.jpg\" \/>\n\t<meta property=\"og:image:width\" content=\"2560\" \/>\n\t<meta property=\"og:image:height\" content=\"1920\" \/>\n\t<meta property=\"og:image:type\" content=\"image\/jpeg\" \/>\n<meta name=\"twitter:card\" content=\"summary_large_image\" \/>\n<meta name=\"twitter:label1\" content=\"\u041f\u0440\u0438\u043c\u0435\u0440\u043d\u043e\u0435 \u0432\u0440\u0435\u043c\u044f \u0434\u043b\u044f \u0447\u0442\u0435\u043d\u0438\u044f\" \/>\n\t<meta name=\"twitter:data1\" content=\"1 \u043c\u0438\u043d\u0443\u0442\u0430\" \/>\n<script type=\"application\/ld+json\" class=\"yoast-schema-graph\">{\"@context\":\"https:\/\/schema.org\",\"@graph\":[{\"@type\":\"WebPage\",\"@id\":\"https:\/\/www.horomechanika.lt\/product\/kelmu-smulkintuvas-morsum-l-x\/\",\"url\":\"https:\/\/www.horomechanika.lt\/product\/kelmu-smulkintuvas-morsum-l-x\/\",\"name\":\"Kelm\u0173 freza MORSUM L \/ X | Horomechanika\",\"isPartOf\":{\"@id\":\"https:\/\/www.horomechanika.lt\/#website\"},\"datePublished\":\"2021-04-28T14:24:36+00:00\",\"dateModified\":\"2021-05-04T15:08:39+00:00\",\"description\":\"Kelm\u0173 smulkintuvas MORSUM L \/ X u\u017e prieinam\u0105 kain\u0105. Puikiai tinka ma\u017eiems \u016bkiams ar didel\u0117ms sodyboms. Atlaiko didel\u012f darbo kruv\u012f.\",\"breadcrumb\":{\"@id\":\"https:\/\/www.horomechanika.lt\/product\/kelmu-smulkintuvas-morsum-l-x\/#breadcrumb\"},\"inLanguage\":\"ru-RU\",\"potentialAction\":[{\"@type\":\"ReadAction\",\"target\":[\"https:\/\/www.horomechanika.lt\/product\/kelmu-smulkintuvas-morsum-l-x\/\"]}]},{\"@type\":\"BreadcrumbList\",\"@id\":\"https:\/\/www.horomechanika.lt\/product\/kelmu-smulkintuvas-morsum-l-x\/#breadcrumb\",\"itemListElement\":[{\"@type\":\"ListItem\",\"position\":1,\"name\":\"Home\",\"item\":\"https:\/\/www.horomechanika.lt\/\"},{\"@type\":\"ListItem\",\"position\":2,\"name\":\"Shop\",\"item\":\"https:\/\/www.horomechanika.lt\/ru\/shop-2\/\"},{\"@type\":\"ListItem\",\"position\":3,\"name\":\"Kelm\u0173 freza MORSUM L \/ X\"}]},{\"@type\":\"WebSite\",\"@id\":\"https:\/\/www.horomechanika.lt\/#website\",\"url\":\"https:\/\/www.horomechanika.lt\/\",\"name\":\"Horomechanika\",\"description\":\"\u017dem\u0117s \u016akio Technika\",\"publisher\":{\"@id\":\"https:\/\/www.horomechanika.lt\/#organization\"},\"potentialAction\":[{\"@type\":\"SearchAction\",\"target\":{\"@type\":\"EntryPoint\",\"urlTemplate\":\"https:\/\/www.horomechanika.lt\/?s={search_term_string}\"},\"query-input\":\"required name=search_term_string\"}],\"inLanguage\":\"ru-RU\"},{\"@type\":\"Organization\",\"@id\":\"https:\/\/www.horomechanika.lt\/#organization\",\"name\":\"UAB \\\"Horo mechanika\\\"\",\"url\":\"https:\/\/www.horomechanika.lt\/\",\"logo\":{\"@type\":\"ImageObject\",\"inLanguage\":\"ru-RU\",\"@id\":\"https:\/\/www.horomechanika.lt\/#\/schema\/logo\/image\/\",\"url\":\"https:\/\/www.horomechanika.lt\/wp-content\/uploads\/2020\/05\/horomechanika-logo.png\",\"contentUrl\":\"https:\/\/www.horomechanika.lt\/wp-content\/uploads\/2020\/05\/horomechanika-logo.png\",\"width\":137,\"height\":56,\"caption\":\"UAB \\\"Horo mechanika\\\"\"},\"image\":{\"@id\":\"https:\/\/www.horomechanika.lt\/#\/schema\/logo\/image\/\"},\"sameAs\":[\"https:\/\/www.facebook.com\/UAB-Horo-mechanika-177091812471952\"]}]}<\/script>\n<!-- \/ Yoast SEO plugin. -->","yoast_head_json":{"title":"Kelm\u0173 freza MORSUM L \/ X | Horomechanika","description":"Kelm\u0173 smulkintuvas MORSUM L \/ X u\u017e prieinam\u0105 kain\u0105. Puikiai tinka ma\u017eiems \u016bkiams ar didel\u0117ms sodyboms. Atlaiko didel\u012f darbo kruv\u012f.","robots":{"index":"index","follow":"follow","max-snippet":"max-snippet:-1","max-image-preview":"max-image-preview:large","max-video-preview":"max-video-preview:-1"},"canonical":"https:\/\/www.horomechanika.lt\/ru\/product\/kelmu-smulkintuvas-morsum-l-x\/","og_locale":"ru_RU","og_type":"article","og_title":"Kelm\u0173 freza MORSUM L \/ X | Horomechanika","og_description":"Kelm\u0173 smulkintuvas MORSUM L \/ X u\u017e prieinam\u0105 kain\u0105. Puikiai tinka ma\u017eiems \u016bkiams ar didel\u0117ms sodyboms. Atlaiko didel\u012f darbo kruv\u012f.","og_url":"https:\/\/www.horomechanika.lt\/ru\/product\/kelmu-smulkintuvas-morsum-l-x\/","og_site_name":"Horomechanika","article_publisher":"https:\/\/www.facebook.com\/UAB-Horo-mechanika-177091812471952","article_modified_time":"2021-05-04T15:08:39+00:00","og_image":[{"width":2560,"height":1920,"url":"https:\/\/www.horomechanika.lt\/wp-content\/uploads\/2021\/04\/Aardenburg-Morsum-L370-Render-1-Cropped-scaled.jpg","type":"image\/jpeg"}],"twitter_card":"summary_large_image","twitter_misc":{"\u041f\u0440\u0438\u043c\u0435\u0440\u043d\u043e\u0435 \u0432\u0440\u0435\u043c\u044f \u0434\u043b\u044f \u0447\u0442\u0435\u043d\u0438\u044f":"1 \u043c\u0438\u043d\u0443\u0442\u0430"},"schema":{"@context":"https:\/\/schema.org","@graph":[{"@type":"WebPage","@id":"https:\/\/www.horomechanika.lt\/product\/kelmu-smulkintuvas-morsum-l-x\/","url":"https:\/\/www.horomechanika.lt\/product\/kelmu-smulkintuvas-morsum-l-x\/","name":"Kelm\u0173 freza MORSUM L \/ X | Horomechanika","isPartOf":{"@id":"https:\/\/www.horomechanika.lt\/#website"},"datePublished":"2021-04-28T14:24:36+00:00","dateModified":"2021-05-04T15:08:39+00:00","description":"Kelm\u0173 smulkintuvas MORSUM L \/ X u\u017e prieinam\u0105 kain\u0105. Puikiai tinka ma\u017eiems \u016bkiams ar didel\u0117ms sodyboms. Atlaiko didel\u012f darbo kruv\u012f.","breadcrumb":{"@id":"https:\/\/www.horomechanika.lt\/product\/kelmu-smulkintuvas-morsum-l-x\/#breadcrumb"},"inLanguage":"ru-RU","potentialAction":[{"@type":"ReadAction","target":["https:\/\/www.horomechanika.lt\/product\/kelmu-smulkintuvas-morsum-l-x\/"]}]},{"@type":"BreadcrumbList","@id":"https:\/\/www.horomechanika.lt\/product\/kelmu-smulkintuvas-morsum-l-x\/#breadcrumb","itemListElement":[{"@type":"ListItem","position":1,"name":"Home","item":"https:\/\/www.horomechanika.lt\/"},{"@type":"ListItem","position":2,"name":"Shop","item":"https:\/\/www.horomechanika.lt\/ru\/shop-2\/"},{"@type":"ListItem","position":3,"name":"Kelm\u0173 freza MORSUM L \/ X"}]},{"@type":"WebSite","@id":"https:\/\/www.horomechanika.lt\/#website","url":"https:\/\/www.horomechanika.lt\/","name":"Horomechanika","description":"\u017dem\u0117s \u016akio Technika","publisher":{"@id":"https:\/\/www.horomechanika.lt\/#organization"},"potentialAction":[{"@type":"SearchAction","target":{"@type":"EntryPoint","urlTemplate":"https:\/\/www.horomechanika.lt\/?s={search_term_string}"},"query-input":"required name=search_term_string"}],"inLanguage":"ru-RU"},{"@type":"Organization","@id":"https:\/\/www.horomechanika.lt\/#organization","name":"UAB \"Horo mechanika\"","url":"https:\/\/www.horomechanika.lt\/","logo":{"@type":"ImageObject","inLanguage":"ru-RU","@id":"https:\/\/www.horomechanika.lt\/#\/schema\/logo\/image\/","url":"https:\/\/www.horomechanika.lt\/wp-content\/uploads\/2020\/05\/horomechanika-logo.png","contentUrl":"https:\/\/www.horomechanika.lt\/wp-content\/uploads\/2020\/05\/horomechanika-logo.png","width":137,"height":56,"caption":"UAB \"Horo mechanika\""},"image":{"@id":"https:\/\/www.horomechanika.lt\/#\/schema\/logo\/image\/"},"sameAs":["https:\/\/www.facebook.com\/UAB-Horo-mechanika-177091812471952"]}]}},"_links":{"self":[{"href":"https:\/\/www.horomechanika.lt\/ru\/wp-json\/wp\/v2\/product\/12790","targetHints":{"allow":["GET"]}}],"collection":[{"href":"https:\/\/www.horomechanika.lt\/ru\/wp-json\/wp\/v2\/product"}],"about":[{"href":"https:\/\/www.horomechanika.lt\/ru\/wp-json\/wp\/v2\/types\/product"}],"replies":[{"embeddable":true,"href":"https:\/\/www.horomechanika.lt\/ru\/wp-json\/wp\/v2\/comments?post=12790"}],"wp:featuredmedia":[{"embeddable":true,"href":"https:\/\/www.horomechanika.lt\/ru\/wp-json\/wp\/v2\/media\/12953"}],"wp:attachment":[{"href":"https:\/\/www.horomechanika.lt\/ru\/wp-json\/wp\/v2\/media?parent=12790"}],"wp:term":[{"taxonomy":"product_cat","embeddable":true,"href":"https:\/\/www.horomechanika.lt\/ru\/wp-json\/wp\/v2\/product_cat?post=12790"},{"taxonomy":"product_tag","embeddable":true,"href":"https:\/\/www.horomechanika.lt\/ru\/wp-json\/wp\/v2\/product_tag?post=12790"}],"curies":[{"name":"wp","href":"https:\/\/api.w.org\/{rel}","templated":true}]}}