{"id":12794,"date":"2021-04-28T17:41:52","date_gmt":"2021-04-28T14:41:52","guid":{"rendered":"https:\/\/www.horomechanika.lt\/?post_type=product&#038;p=12794"},"modified":"2021-04-30T17:31:17","modified_gmt":"2021-04-30T14:31:17","slug":"mulceris-su-kolektoriumi-lambda-12-2m","status":"publish","type":"product","link":"https:\/\/www.horomechanika.lt\/ru\/product\/mulceris-su-kolektoriumi-lambda-12-2m\/","title":{"rendered":"Mul\u010deris su bunkeriu LAMBDA 1,2-2m"},"content":{"rendered":"<p>NAUJIENA!<\/p>\n<div class=\"FFpbKc\"><\/div>\n<div title=\"Page 14\">\n<p>Tinka pusiau profesionalui, kuriam patinka tvarkingi laukai.<\/p>\n<p>\u0160akos, \u0161akel\u0117s, \u017eol\u0117, gyv\u016bn\u0173 i\u0161matos, LAMBDA juos valgo pusry\u010diams.<br \/>\nGeriausiai tinka ma\u017eoms ir vidutin\u0117ms plok\u0161\u010dioms pievoms.<\/p>\n<p>Daugiau informacijos apie AARDENBURG 1974 produkcij\u0105 rasite paspaudus ant <a href=\"https:\/\/www.aardenburg1974.nl\/\">nuorodos.<\/a><\/p>\n<p><iframe loading=\"lazy\" title=\"Aardenburg Lambda 1600 Collector mulcher - Antonio Carraro  TRX9400 tractor\" width=\"895\" height=\"503\" src=\"https:\/\/www.youtube.com\/embed\/GL68vCh96tQ?feature=oembed\" frameborder=\"0\" allow=\"accelerometer; autoplay; clipboard-write; encrypted-media; gyroscope; picture-in-picture\" allowfullscreen><\/iframe><\/p>\n<\/div>\n<div title=\"Page 35\">\n<div title=\"Page 14\">\n<div title=\"Page 14\"><\/div>\n<\/div>\n<table border=\"0\" width=\"690\" cellspacing=\"0\" cellpadding=\"0\">\n<colgroup>\n<col span=\"3\" width=\"87\" \/>\n<col width=\"168\" \/>\n<col span=\"3\" width=\"87\" \/><\/colgroup>\n<tbody>\n<tr>\n<td class=\"xl65\" width=\"87\" height=\"24\"><span lang=\"LT\">Modelis<\/span><\/td>\n<td class=\"xl68\" colspan=\"2\" align=\"right\" width=\"174\">1200<\/td>\n<td class=\"xl68\" colspan=\"2\" align=\"right\" width=\"255\">1600<\/td>\n<td class=\"xl68\" colspan=\"2\" align=\"right\" width=\"174\">2000<\/td>\n<\/tr>\n<tr>\n<td class=\"xl66\" width=\"87\" height=\"24\"><span lang=\"LT\">Kg<\/span><\/td>\n<td class=\"xl68\" colspan=\"2\" align=\"right\">432<\/td>\n<td class=\"xl68\" colspan=\"2\" align=\"right\">512<\/td>\n<td class=\"xl68\" colspan=\"2\" align=\"right\">587<\/td>\n<\/tr>\n<tr>\n<td class=\"xl66\" width=\"87\" height=\"24\"><span lang=\"LT\">Galia<\/span><\/td>\n<td class=\"xl68\" colspan=\"2\" align=\"right\">1200<\/td>\n<td class=\"xl68\" colspan=\"2\" align=\"right\">1600<\/td>\n<td class=\"xl68\" colspan=\"2\" align=\"right\">2000<\/td>\n<\/tr>\n<tr>\n<td class=\"xl66\" width=\"87\" height=\"24\"><span lang=\"LT\">Min AG<\/span><\/td>\n<td class=\"xl68\" colspan=\"2\" align=\"right\">30<\/td>\n<td class=\"xl68\" colspan=\"2\" align=\"right\">45<\/td>\n<td class=\"xl68\" colspan=\"2\" align=\"right\">55<\/td>\n<\/tr>\n<tr>\n<td class=\"xl66\" width=\"87\" height=\"47\"><span lang=\"LT\">Prikabinimo kategorija<\/span><\/td>\n<td class=\"xl68\" colspan=\"2\">I, II<\/td>\n<td class=\"xl68\" colspan=\"2\">I, II<\/td>\n<td class=\"xl68\" colspan=\"2\">I, II<\/td>\n<\/tr>\n<tr>\n<td class=\"xl66\" width=\"87\" height=\"24\"><span lang=\"LT\">Apsukos<\/span><\/td>\n<td class=\"xl68\" colspan=\"2\" align=\"right\">540<\/td>\n<td class=\"xl68\" colspan=\"2\" align=\"right\">540<\/td>\n<td class=\"xl68\" colspan=\"2\" align=\"right\">540<\/td>\n<\/tr>\n<tr>\n<td class=\"xl66\" width=\"87\" height=\"47\"><span lang=\"LT\">V formos dir\u017eai<\/span><\/td>\n<td class=\"xl68\" colspan=\"2\" align=\"right\">3<\/td>\n<td class=\"xl68\" colspan=\"2\" align=\"right\">3<\/td>\n<td class=\"xl68\" colspan=\"2\" align=\"right\">3<\/td>\n<\/tr>\n<tr>\n<td class=\"xl66\" width=\"87\" height=\"47\"><span lang=\"LT\">Plaktukai, vnt<\/span><\/td>\n<td class=\"xl68\" colspan=\"2\" align=\"right\">24<\/td>\n<td class=\"xl68\" colspan=\"2\" align=\"right\">30<\/td>\n<td class=\"xl68\" colspan=\"2\" align=\"right\">36<\/td>\n<\/tr>\n<tr>\n<td class=\"xl66\" width=\"87\" height=\"47\"><span lang=\"LT\">Plaktuku svoris, g<\/span><\/td>\n<td class=\"xl68\" colspan=\"2\" align=\"right\">340<\/td>\n<td class=\"xl68\" colspan=\"2\" align=\"right\">340<\/td>\n<td class=\"xl68\" colspan=\"2\" align=\"right\">340<\/td>\n<\/tr>\n<tr>\n<td class=\"xl66\" width=\"87\" height=\"47\"><span lang=\"LT\">Rotoriaus skersmuo<\/span><\/td>\n<td class=\"xl68\" colspan=\"2\" align=\"right\">110<\/td>\n<td class=\"xl68\" colspan=\"2\" align=\"right\">110<\/td>\n<td class=\"xl68\" colspan=\"2\" align=\"right\">110<\/td>\n<\/tr>\n<tr>\n<td class=\"xl66\" width=\"87\" height=\"92\"><span lang=\"LT\">Rotorisu skersmuo su plaktukais<\/span><\/td>\n<td class=\"xl68\" colspan=\"2\" align=\"right\">310<\/td>\n<td class=\"xl68\" colspan=\"2\" align=\"right\">310<\/td>\n<td class=\"xl68\" colspan=\"2\" align=\"right\">310<\/td>\n<\/tr>\n<tr>\n<td class=\"xl66\" width=\"87\" height=\"24\"><span lang=\"LT\">Talpa, l<\/span><\/td>\n<td class=\"xl68\" colspan=\"2\" align=\"right\">500<\/td>\n<td class=\"xl68\" colspan=\"2\" align=\"right\">650<\/td>\n<td class=\"xl68\" colspan=\"2\" align=\"right\">800<\/td>\n<\/tr>\n<tr>\n<td class=\"xl67\" width=\"87\" height=\"24\"><span lang=\"LT\">Auk\u0161tis<\/span><\/td>\n<td class=\"xl68\" colspan=\"2\" align=\"right\">1450<\/td>\n<td class=\"xl68\" colspan=\"2\" align=\"right\">1450<\/td>\n<td class=\"xl68\" colspan=\"2\" align=\"right\">1450<\/td>\n<\/tr>\n<tr>\n<td class=\"xl67\" width=\"87\" height=\"69\"><span lang=\"LT\">Maksimalus smulkinimo diametras<\/span><\/td>\n<td class=\"xl69\" colspan=\"2\">2 &#8211; 3<\/td>\n<td class=\"xl69\" colspan=\"2\">2 &#8211; 3<\/td>\n<td class=\"xl69\" colspan=\"2\">2 &#8211; 3<\/td>\n<\/tr>\n<\/tbody>\n<\/table>\n<\/div>\n<div title=\"Page 35\">\n<div class=\"page\" title=\"Page 31\"><\/div>\n<\/div>\n<div title=\"Page 35\"><\/div>\n<div title=\"Page 35\"><\/div>","protected":false},"excerpt":{"rendered":"<h3>Pagrindin\u0117s funkcijos<\/h3>\n<div id=\"comp-k95s6pv9\" class=\"_31Ne5\">\n<div id=\"bgLayers_comp-k95s6pv9\" class=\"X-jRX\">\n<ul>\n<li id=\"bgMedia_comp-k95s6pv9\" class=\"_1J6n9\">Kolektoriaus konteinerio hidraulinis pak\u0117limas<\/li>\n<li class=\"_1J6n9\">Auk\u0161tas i\u0161vertimo ta\u0161kas<\/li>\n<li class=\"_1J6n9\">Didel\u0117 surinkimo d\u0117\u017e\u0117<\/li>\n<li class=\"_1J6n9\">Reguliuojamas galinis volas<\/li>\n<li class=\"_1J6n9\">Briaunoti dir\u017eai su \u012ftempimo valdymo anga<\/li>\n<\/ul>\n<\/div>\n<\/div>","protected":false},"featured_media":12795,"comment_status":"open","ping_status":"closed","template":"","meta":[],"product_cat":[150,167],"product_tag":[220],"class_list":["post-12794","product","type-product","status-publish","has-post-thumbnail","hentry","product_cat-mulceriai","product_cat-gyvatvoriu-krumynu-prieziuros-technika","product_tag-alpha"],"yoast_head":"<!-- This site is optimized with the Yoast SEO plugin v20.1 - https:\/\/yoast.com\/wordpress\/plugins\/seo\/ -->\n<title>Mul\u010deris su bunkeriu LAMBDA 1,2-2m | Horomechanika<\/title>\n<meta name=\"description\" content=\"Mul\u010deris su bunkeriu LAMBDA 1,2-2m u\u017e prieinam\u0105 kain\u0105. Tinka pusiau profesionalui, kuriam patinka tvarkingi laukai. Atlaiko didel\u012f darbo kruv\u012f.\" \/>\n<meta name=\"robots\" content=\"index, follow, max-snippet:-1, max-image-preview:large, max-video-preview:-1\" \/>\n<link rel=\"canonical\" href=\"https:\/\/www.horomechanika.lt\/ru\/product\/mulceris-su-kolektoriumi-lambda-12-2m\/\" \/>\n<meta property=\"og:locale\" content=\"ru_RU\" \/>\n<meta property=\"og:type\" content=\"article\" \/>\n<meta property=\"og:title\" content=\"Mul\u010deris su bunkeriu LAMBDA 1,2-2m | Horomechanika\" \/>\n<meta property=\"og:description\" content=\"Mul\u010deris su bunkeriu LAMBDA 1,2-2m u\u017e prieinam\u0105 kain\u0105. Tinka pusiau profesionalui, kuriam patinka tvarkingi laukai. Atlaiko didel\u012f darbo kruv\u012f.\" \/>\n<meta property=\"og:url\" content=\"https:\/\/www.horomechanika.lt\/ru\/product\/mulceris-su-kolektoriumi-lambda-12-2m\/\" \/>\n<meta property=\"og:site_name\" content=\"Horomechanika\" \/>\n<meta property=\"article:publisher\" content=\"https:\/\/www.facebook.com\/UAB-Horo-mechanika-177091812471952\" \/>\n<meta property=\"article:modified_time\" content=\"2021-04-30T14:31:17+00:00\" \/>\n<meta property=\"og:image\" content=\"https:\/\/www.horomechanika.lt\/wp-content\/uploads\/2021\/04\/Screen-Shot-2021-04-28-at-17.49.21-e1619621454431.png\" \/>\n\t<meta property=\"og:image:width\" content=\"600\" \/>\n\t<meta property=\"og:image:height\" content=\"482\" \/>\n\t<meta property=\"og:image:type\" content=\"image\/png\" \/>\n<meta name=\"twitter:card\" content=\"summary_large_image\" \/>\n<meta name=\"twitter:label1\" content=\"\u041f\u0440\u0438\u043c\u0435\u0440\u043d\u043e\u0435 \u0432\u0440\u0435\u043c\u044f \u0434\u043b\u044f \u0447\u0442\u0435\u043d\u0438\u044f\" \/>\n\t<meta name=\"twitter:data1\" content=\"1 \u043c\u0438\u043d\u0443\u0442\u0430\" \/>\n<script type=\"application\/ld+json\" class=\"yoast-schema-graph\">{\"@context\":\"https:\/\/schema.org\",\"@graph\":[{\"@type\":\"WebPage\",\"@id\":\"https:\/\/www.horomechanika.lt\/ru\/product\/mulceris-su-kolektoriumi-lambda-12-2m\/\",\"url\":\"https:\/\/www.horomechanika.lt\/ru\/product\/mulceris-su-kolektoriumi-lambda-12-2m\/\",\"name\":\"Mul\u010deris su bunkeriu LAMBDA 1,2-2m | Horomechanika\",\"isPartOf\":{\"@id\":\"https:\/\/www.horomechanika.lt\/#website\"},\"datePublished\":\"2021-04-28T14:41:52+00:00\",\"dateModified\":\"2021-04-30T14:31:17+00:00\",\"description\":\"Mul\u010deris su bunkeriu LAMBDA 1,2-2m u\u017e prieinam\u0105 kain\u0105. Tinka pusiau profesionalui, kuriam patinka tvarkingi laukai. Atlaiko didel\u012f darbo kruv\u012f.\",\"breadcrumb\":{\"@id\":\"https:\/\/www.horomechanika.lt\/ru\/product\/mulceris-su-kolektoriumi-lambda-12-2m\/#breadcrumb\"},\"inLanguage\":\"ru-RU\",\"potentialAction\":[{\"@type\":\"ReadAction\",\"target\":[\"https:\/\/www.horomechanika.lt\/ru\/product\/mulceris-su-kolektoriumi-lambda-12-2m\/\"]}]},{\"@type\":\"BreadcrumbList\",\"@id\":\"https:\/\/www.horomechanika.lt\/ru\/product\/mulceris-su-kolektoriumi-lambda-12-2m\/#breadcrumb\",\"itemListElement\":[{\"@type\":\"ListItem\",\"position\":1,\"name\":\"Home\",\"item\":\"https:\/\/www.horomechanika.lt\/\"},{\"@type\":\"ListItem\",\"position\":2,\"name\":\"Shop\",\"item\":\"https:\/\/www.horomechanika.lt\/ru\/shop-2\/\"},{\"@type\":\"ListItem\",\"position\":3,\"name\":\"Mul\u010deris su bunkeriu LAMBDA 1,2-2m\"}]},{\"@type\":\"WebSite\",\"@id\":\"https:\/\/www.horomechanika.lt\/#website\",\"url\":\"https:\/\/www.horomechanika.lt\/\",\"name\":\"Horomechanika\",\"description\":\"\u017dem\u0117s \u016akio Technika\",\"publisher\":{\"@id\":\"https:\/\/www.horomechanika.lt\/#organization\"},\"potentialAction\":[{\"@type\":\"SearchAction\",\"target\":{\"@type\":\"EntryPoint\",\"urlTemplate\":\"https:\/\/www.horomechanika.lt\/?s={search_term_string}\"},\"query-input\":\"required name=search_term_string\"}],\"inLanguage\":\"ru-RU\"},{\"@type\":\"Organization\",\"@id\":\"https:\/\/www.horomechanika.lt\/#organization\",\"name\":\"UAB \\\"Horo mechanika\\\"\",\"url\":\"https:\/\/www.horomechanika.lt\/\",\"logo\":{\"@type\":\"ImageObject\",\"inLanguage\":\"ru-RU\",\"@id\":\"https:\/\/www.horomechanika.lt\/#\/schema\/logo\/image\/\",\"url\":\"https:\/\/www.horomechanika.lt\/wp-content\/uploads\/2020\/05\/horomechanika-logo.png\",\"contentUrl\":\"https:\/\/www.horomechanika.lt\/wp-content\/uploads\/2020\/05\/horomechanika-logo.png\",\"width\":137,\"height\":56,\"caption\":\"UAB \\\"Horo mechanika\\\"\"},\"image\":{\"@id\":\"https:\/\/www.horomechanika.lt\/#\/schema\/logo\/image\/\"},\"sameAs\":[\"https:\/\/www.facebook.com\/UAB-Horo-mechanika-177091812471952\"]}]}<\/script>\n<!-- \/ Yoast SEO plugin. -->","yoast_head_json":{"title":"Mul\u010deris su bunkeriu LAMBDA 1,2-2m | Horomechanika","description":"Mul\u010deris su bunkeriu LAMBDA 1,2-2m u\u017e prieinam\u0105 kain\u0105. Tinka pusiau profesionalui, kuriam patinka tvarkingi laukai. Atlaiko didel\u012f darbo kruv\u012f.","robots":{"index":"index","follow":"follow","max-snippet":"max-snippet:-1","max-image-preview":"max-image-preview:large","max-video-preview":"max-video-preview:-1"},"canonical":"https:\/\/www.horomechanika.lt\/ru\/product\/mulceris-su-kolektoriumi-lambda-12-2m\/","og_locale":"ru_RU","og_type":"article","og_title":"Mul\u010deris su bunkeriu LAMBDA 1,2-2m | Horomechanika","og_description":"Mul\u010deris su bunkeriu LAMBDA 1,2-2m u\u017e prieinam\u0105 kain\u0105. Tinka pusiau profesionalui, kuriam patinka tvarkingi laukai. Atlaiko didel\u012f darbo kruv\u012f.","og_url":"https:\/\/www.horomechanika.lt\/ru\/product\/mulceris-su-kolektoriumi-lambda-12-2m\/","og_site_name":"Horomechanika","article_publisher":"https:\/\/www.facebook.com\/UAB-Horo-mechanika-177091812471952","article_modified_time":"2021-04-30T14:31:17+00:00","og_image":[{"width":600,"height":482,"url":"https:\/\/www.horomechanika.lt\/wp-content\/uploads\/2021\/04\/Screen-Shot-2021-04-28-at-17.49.21-e1619621454431.png","type":"image\/png"}],"twitter_card":"summary_large_image","twitter_misc":{"\u041f\u0440\u0438\u043c\u0435\u0440\u043d\u043e\u0435 \u0432\u0440\u0435\u043c\u044f \u0434\u043b\u044f \u0447\u0442\u0435\u043d\u0438\u044f":"1 \u043c\u0438\u043d\u0443\u0442\u0430"},"schema":{"@context":"https:\/\/schema.org","@graph":[{"@type":"WebPage","@id":"https:\/\/www.horomechanika.lt\/ru\/product\/mulceris-su-kolektoriumi-lambda-12-2m\/","url":"https:\/\/www.horomechanika.lt\/ru\/product\/mulceris-su-kolektoriumi-lambda-12-2m\/","name":"Mul\u010deris su bunkeriu LAMBDA 1,2-2m | Horomechanika","isPartOf":{"@id":"https:\/\/www.horomechanika.lt\/#website"},"datePublished":"2021-04-28T14:41:52+00:00","dateModified":"2021-04-30T14:31:17+00:00","description":"Mul\u010deris su bunkeriu LAMBDA 1,2-2m u\u017e prieinam\u0105 kain\u0105. Tinka pusiau profesionalui, kuriam patinka tvarkingi laukai. Atlaiko didel\u012f darbo kruv\u012f.","breadcrumb":{"@id":"https:\/\/www.horomechanika.lt\/ru\/product\/mulceris-su-kolektoriumi-lambda-12-2m\/#breadcrumb"},"inLanguage":"ru-RU","potentialAction":[{"@type":"ReadAction","target":["https:\/\/www.horomechanika.lt\/ru\/product\/mulceris-su-kolektoriumi-lambda-12-2m\/"]}]},{"@type":"BreadcrumbList","@id":"https:\/\/www.horomechanika.lt\/ru\/product\/mulceris-su-kolektoriumi-lambda-12-2m\/#breadcrumb","itemListElement":[{"@type":"ListItem","position":1,"name":"Home","item":"https:\/\/www.horomechanika.lt\/"},{"@type":"ListItem","position":2,"name":"Shop","item":"https:\/\/www.horomechanika.lt\/ru\/shop-2\/"},{"@type":"ListItem","position":3,"name":"Mul\u010deris su bunkeriu LAMBDA 1,2-2m"}]},{"@type":"WebSite","@id":"https:\/\/www.horomechanika.lt\/#website","url":"https:\/\/www.horomechanika.lt\/","name":"Horomechanika","description":"\u017dem\u0117s \u016akio Technika","publisher":{"@id":"https:\/\/www.horomechanika.lt\/#organization"},"potentialAction":[{"@type":"SearchAction","target":{"@type":"EntryPoint","urlTemplate":"https:\/\/www.horomechanika.lt\/?s={search_term_string}"},"query-input":"required name=search_term_string"}],"inLanguage":"ru-RU"},{"@type":"Organization","@id":"https:\/\/www.horomechanika.lt\/#organization","name":"UAB \"Horo mechanika\"","url":"https:\/\/www.horomechanika.lt\/","logo":{"@type":"ImageObject","inLanguage":"ru-RU","@id":"https:\/\/www.horomechanika.lt\/#\/schema\/logo\/image\/","url":"https:\/\/www.horomechanika.lt\/wp-content\/uploads\/2020\/05\/horomechanika-logo.png","contentUrl":"https:\/\/www.horomechanika.lt\/wp-content\/uploads\/2020\/05\/horomechanika-logo.png","width":137,"height":56,"caption":"UAB \"Horo mechanika\""},"image":{"@id":"https:\/\/www.horomechanika.lt\/#\/schema\/logo\/image\/"},"sameAs":["https:\/\/www.facebook.com\/UAB-Horo-mechanika-177091812471952"]}]}},"_links":{"self":[{"href":"https:\/\/www.horomechanika.lt\/ru\/wp-json\/wp\/v2\/product\/12794","targetHints":{"allow":["GET"]}}],"collection":[{"href":"https:\/\/www.horomechanika.lt\/ru\/wp-json\/wp\/v2\/product"}],"about":[{"href":"https:\/\/www.horomechanika.lt\/ru\/wp-json\/wp\/v2\/types\/product"}],"replies":[{"embeddable":true,"href":"https:\/\/www.horomechanika.lt\/ru\/wp-json\/wp\/v2\/comments?post=12794"}],"wp:featuredmedia":[{"embeddable":true,"href":"https:\/\/www.horomechanika.lt\/ru\/wp-json\/wp\/v2\/media\/12795"}],"wp:attachment":[{"href":"https:\/\/www.horomechanika.lt\/ru\/wp-json\/wp\/v2\/media?parent=12794"}],"wp:term":[{"taxonomy":"product_cat","embeddable":true,"href":"https:\/\/www.horomechanika.lt\/ru\/wp-json\/wp\/v2\/product_cat?post=12794"},{"taxonomy":"product_tag","embeddable":true,"href":"https:\/\/www.horomechanika.lt\/ru\/wp-json\/wp\/v2\/product_tag?post=12794"}],"curies":[{"name":"wp","href":"https:\/\/api.w.org\/{rel}","templated":true}]}}