{"id":12814,"date":"2021-04-29T14:10:47","date_gmt":"2021-04-29T11:10:47","guid":{"rendered":"https:\/\/www.horomechanika.lt\/?post_type=product&#038;p=12814"},"modified":"2022-05-19T12:17:49","modified_gmt":"2022-05-19T09:17:49","slug":"pakabinama-diskine-sienapjove-dmc-roll","status":"publish","type":"product","link":"https:\/\/www.horomechanika.lt\/ru\/product\/pakabinama-diskine-sienapjove-dmc-roll\/","title":{"rendered":"Pakabinama diskin\u0117 \u0161ienapjov\u0117 DMC ROLL"},"content":{"rendered":"<div class=\"row\">\n<div class=\"wpb_column vc_column_container col-sm-9 vc_col-sm-9 col-lg-9 vc_col-lg-9\">\n<div class=\"vc_column-inner\">\n<div class=\"wpb_wrapper\">\n<div class=\"wpb_text_column wpb_content_element\">\n<div class=\"wpb_wrapper\">\n<p style=\"font-weight: 400;\">Pakabinama diskin\u0117 \u0161ienapjov\u0117 DMC ROLL gale montuojama diskin\u0117 \u0161ienapjov\u0117 su hidrauliniu pak\u0117limu, automatine apsaugos sistema, apsaugan\u010dia pjaunamosios stal\u0105 nuo bet koki\u0173 kli\u016b\u010di\u0173, komplektuojama su laisvos eigos kardaniniu velenu, apsauginiu tentu, pradalg\u0117s disku ir automatiniu apsauginiu atsilenkimu. ENOCUT pjovimo juosta i\u0161 auk\u0161\u010diausios kokyb\u0117s plieno, pagaminta pagal Enorossi patentuot\u0105 sistem\u0105.<\/p>\n<p style=\"font-weight: 400;\">Automatinis hidraulinis apvertimas, leid\u017eiantis apsaugoti vel\u0117n\u0105:<\/p>\n<p style=\"font-weight: 400;\">Pakabinama diskin\u0117 \u0161ienapjov\u0117 DMC ROLL ENOROSSI k\u0117limo technologija yra to garantija. Kai \u0161ienapjov\u0117 nuleid\u017eiama, ji visada pirmiausia deda ant \u017eem\u0117s i\u0161orin\u0119 dal\u012f, o galulauk\u0117je pirmiausia pakeliama vidin\u0117 dalis. Taigi \u017eolynas gali b\u016bti maksimaliai apsaugotas. K\u0117limas vyksta per vieno veikimo hidraulin\u012f cilindr\u0105 Per\u0117jimas i\u0161 darbin\u0117s pad\u0117ties \u012f transportavimo pad\u0117t\u012f atliekamas lengvai, neapver\u010diant apsaugos, tod\u0117l nereikia i\u0161lipti i\u0161 traktoriaus.<\/p>\n<p style=\"font-weight: 400;\">Pjovimo juosta ENOCUT yra speciali sistema, specialiai sukurta visoms ENOROSSI \u0161ienapjovi\u0173 asortimento pjovimo juostoms. Tai leid\u017eia greitai ir \u0161variai pjauti \u012fvairiomis s\u0105lygomis. Prie \u0161ios sistemos yra specialiai pritaikytas ir Peilio profilis \u00a0\u0161variam ir tiksliam pjovimui.<\/p>\n<p style=\"font-weight: 400;\">Visuose pakabinam\u0173 \u0161ienapjovi\u0173 modeliuose pjaunamosios stalas prisitaiko prie \u017eem\u0117s nuolyd\u017eio, + 40<sup>o<\/sup> ir \u2013 30<sup>o<\/sup> \u00a0tod\u0117l pjovimo darbus galima atlikti net ir sud\u0117tingomis dirvos pavir\u0161iaus s\u0105lygomis.<\/p>\n<p style=\"font-weight: 400;\">\u0160IENAPJOV\u0116S PRANA\u0160UMAI:<\/p>\n<ul>\n<li>Paprasta naudoti ir efektyvu naudoti su vidutinio dyd\u017eio traktoriumi<\/li>\n<li>Auk\u0161tos kokyb\u0117s pjovimo juosta ENOCUT<\/li>\n<li>Maksimalus disk\u0173 persidengimas, u\u017etikrinantis visi\u0161k\u0105 valym\u0105 bet kokiomis s\u0105lygomis<\/li>\n<li>Suapvalintas dantra\u010di\u0173 profilis suma\u017eina triuk\u0161m\u0105 ir temperat\u016bros padid\u0117jim\u0105<\/li>\n<li>Pava\u017eos pagamintos i\u0161 gr\u016bdinto plieno, jos yra nusid\u0117v\u0117jimui atsparios kuri\u0173 pagalba apsaugo pjaunamosios stal\u0105 ir u\u017etikrina maksimal\u0173 patvarum\u0105.<\/li>\n<li>Greitas peilio keitimas (pasirinktinai)<\/li>\n<li>Greitais apsisukimas galulauk\u0117se, d\u0117ka hidraulinio pak\u0117limo<\/li>\n<li>amortizacija<\/li>\n<li>apsaugos sistema nuo sm\u016bgi\u0173<\/li>\n<li>\u0160onin\u0117 pjovimo galvos amortizacija<\/li>\n<li>Plau\u0161intuvas reguliuoja nu\u0161ienautos \u017eol\u0117s plot\u012f ir greitina d\u017ei\u016bvim\u0105.<\/li>\n<\/ul>\n<p style=\"font-weight: 400;\">\u201eEnorossi\u201c pasaulinis \u017eem\u0117s \u016bkio ma\u0161in\u0173 gamybos lyderis. S\u0117kmingai dirba daugiau nei 50 met\u0173, aistringai gamindami savo ma\u0161inas, siekdami u\u017etikrinti maksimal\u0173 pelningum\u0105 \u016bkiams kiekviename pasaulio kampelyje. Visuotin\u0117 vizija leid\u017eia patenkinti specifinius klient\u0173 poreikius.<\/p>\n<\/div>\n<\/div>\n<\/div>\n<\/div>\n<\/div>\n<\/div>\n<p>PILNAS PRODUKTO KATALOGAS IR APRA\u0160YMAS<\/p>\n<p><a href=\"https:\/\/www.enorossi.it\/wp-content\/uploads\/2020\/11\/FALCIATRICI_PORTATE_2020_eng-fra-web.pdf\">FALCIATRICI_PORTATE_2020_eng-fra-web.pdf (enorossi.it)<\/a><\/p>\n<p>&nbsp;<\/p>\n<p><iframe loading=\"lazy\" title=\"ENOROSSI DISC MOWERS WITH CONDITIONER DMC\" width=\"895\" height=\"503\" src=\"https:\/\/www.youtube.com\/embed\/5y-zm0crLy0?feature=oembed\" frameborder=\"0\" allow=\"accelerometer; autoplay; clipboard-write; encrypted-media; gyroscope; picture-in-picture\" allowfullscreen><\/iframe><\/p>\n<p>&nbsp;<\/p>","protected":false},"excerpt":{"rendered":"<table border=\"1\" width=\"100%\">\n<tbody>\n<tr>\n<td><strong>Modelis<\/strong><\/td>\n<td>\n<p class=\"p1\"><strong>Diskai<\/strong><\/p>\n<\/td>\n<td><strong>Darbinis plotis<\/strong><\/td>\n<td>\n<p class=\"p1\"><strong>Peiliai ant disko<\/strong><\/p>\n<\/td>\n<td><strong>PTO<\/strong><\/td>\n<td><strong>HP<\/strong><\/td>\n<td><strong>Svoris<\/strong><\/td>\n<\/tr>\n<tr>\n<td><strong>DMC 5 ROLL<\/strong><\/td>\n<td>\u00a05<\/td>\n<td>\u00a0205 cm. \/ 6.7\u00a0ft.<\/td>\n<td>\u00a02<\/td>\n<td>\u00a0540 rpm<\/td>\n<td>\n<p class=\"p1\">\u00a080-90 HP<\/p>\n<\/td>\n<td>800 Kg. \/ 1760 Lbs.<\/td>\n<\/tr>\n<tr>\n<td>\n<p class=\"p1\"><b>DMC 6 ROLL<\/b><\/p>\n<\/td>\n<td>6<\/td>\n<td>\u00a0\u00a0 245\u00a0cm. \/ 8\u00a0ft.<\/td>\n<td>\u00a02<\/td>\n<td>\u00a0\u00a0\u00a0540 rpm<\/td>\n<td>\u00a090-100 HP<\/td>\n<td>\n<p class=\"p1\">850 Kg. \/ 1870 Lbs.<\/p>\n<\/td>\n<\/tr>\n<tr>\n<td>\n<p class=\"p1\"><b>DMC 6 3C ROLL<\/b><\/p>\n<\/td>\n<td>6<\/td>\n<td>\u00a0\u00a0 245\u00a0cm. \/ 8\u00a0ft.<\/td>\n<td>3<\/td>\n<td>\u00a0\u00a0540 rpm<\/td>\n<td>\u00a090-100 HP<\/td>\n<td>\u00a0865 Kg. \/ 1907 Lbs.<\/td>\n<\/tr>\n<\/tbody>\n<\/table>","protected":false},"featured_media":12823,"comment_status":"open","ping_status":"closed","template":"","meta":[],"product_cat":[143],"product_tag":[221,222],"class_list":["post-12814","product","type-product","status-publish","has-post-thumbnail","hentry","product_cat-sienapjoves","product_tag-enorossi","product_tag-zoliapjove"],"yoast_head":"<!-- This site is optimized with the Yoast SEO plugin v20.1 - https:\/\/yoast.com\/wordpress\/plugins\/seo\/ -->\n<title>Pakabinama diskin\u0117 \u0161ienapjov\u0117 DMC ROLL | Horomechanika<\/title>\n<meta name=\"description\" content=\"Horomechanika Pakabinama diskin\u0117 \u0161ienapjov\u0117 DMC ROLL | Pakabinama diskin\u0117 \u0161ienapjov\u0117 Pakabinama diskin\u0117 \u0161ienapjov\u0117 DMC ROLL\" \/>\n<meta name=\"robots\" content=\"index, follow, max-snippet:-1, max-image-preview:large, max-video-preview:-1\" \/>\n<link rel=\"canonical\" href=\"https:\/\/www.horomechanika.lt\/ru\/product\/pakabinama-diskine-sienapjove-dmc-roll\/\" \/>\n<meta property=\"og:locale\" content=\"ru_RU\" \/>\n<meta property=\"og:type\" content=\"article\" \/>\n<meta property=\"og:title\" content=\"Pakabinama diskin\u0117 \u0161ienapjov\u0117 DMC ROLL | Horomechanika\" \/>\n<meta property=\"og:description\" content=\"Horomechanika Pakabinama diskin\u0117 \u0161ienapjov\u0117 DMC ROLL | Pakabinama diskin\u0117 \u0161ienapjov\u0117 Pakabinama diskin\u0117 \u0161ienapjov\u0117 DMC ROLL\" \/>\n<meta property=\"og:url\" content=\"https:\/\/www.horomechanika.lt\/ru\/product\/pakabinama-diskine-sienapjove-dmc-roll\/\" \/>\n<meta property=\"og:site_name\" content=\"Horomechanika\" \/>\n<meta property=\"article:publisher\" content=\"https:\/\/www.facebook.com\/UAB-Horo-mechanika-177091812471952\" \/>\n<meta property=\"article:modified_time\" content=\"2022-05-19T09:17:49+00:00\" \/>\n<meta property=\"og:image\" content=\"https:\/\/www.horomechanika.lt\/wp-content\/uploads\/2021\/04\/Pakabinama-diskine-sienapjove-DMC-ROLL-8.jpg\" \/>\n\t<meta property=\"og:image:width\" content=\"2016\" \/>\n\t<meta property=\"og:image:height\" content=\"1404\" \/>\n\t<meta property=\"og:image:type\" content=\"image\/jpeg\" \/>\n<meta name=\"twitter:card\" content=\"summary_large_image\" \/>\n<meta name=\"twitter:label1\" content=\"\u041f\u0440\u0438\u043c\u0435\u0440\u043d\u043e\u0435 \u0432\u0440\u0435\u043c\u044f \u0434\u043b\u044f \u0447\u0442\u0435\u043d\u0438\u044f\" \/>\n\t<meta name=\"twitter:data1\" content=\"1 \u043c\u0438\u043d\u0443\u0442\u0430\" \/>\n<script type=\"application\/ld+json\" class=\"yoast-schema-graph\">{\"@context\":\"https:\/\/schema.org\",\"@graph\":[{\"@type\":\"WebPage\",\"@id\":\"https:\/\/www.horomechanika.lt\/product\/pakabinama-diskine-sienapjove-dmc-roll\/\",\"url\":\"https:\/\/www.horomechanika.lt\/product\/pakabinama-diskine-sienapjove-dmc-roll\/\",\"name\":\"Pakabinama diskin\u0117 \u0161ienapjov\u0117 DMC ROLL | Horomechanika\",\"isPartOf\":{\"@id\":\"https:\/\/www.horomechanika.lt\/#website\"},\"datePublished\":\"2021-04-29T11:10:47+00:00\",\"dateModified\":\"2022-05-19T09:17:49+00:00\",\"description\":\"Horomechanika Pakabinama diskin\u0117 \u0161ienapjov\u0117 DMC ROLL | Pakabinama diskin\u0117 \u0161ienapjov\u0117 Pakabinama diskin\u0117 \u0161ienapjov\u0117 DMC ROLL\",\"breadcrumb\":{\"@id\":\"https:\/\/www.horomechanika.lt\/product\/pakabinama-diskine-sienapjove-dmc-roll\/#breadcrumb\"},\"inLanguage\":\"ru-RU\",\"potentialAction\":[{\"@type\":\"ReadAction\",\"target\":[\"https:\/\/www.horomechanika.lt\/product\/pakabinama-diskine-sienapjove-dmc-roll\/\"]}]},{\"@type\":\"BreadcrumbList\",\"@id\":\"https:\/\/www.horomechanika.lt\/product\/pakabinama-diskine-sienapjove-dmc-roll\/#breadcrumb\",\"itemListElement\":[{\"@type\":\"ListItem\",\"position\":1,\"name\":\"Home\",\"item\":\"https:\/\/www.horomechanika.lt\/\"},{\"@type\":\"ListItem\",\"position\":2,\"name\":\"Shop\",\"item\":\"https:\/\/www.horomechanika.lt\/ru\/shop-2\/\"},{\"@type\":\"ListItem\",\"position\":3,\"name\":\"Pakabinama diskin\u0117 \u0161ienapjov\u0117 DMC ROLL\"}]},{\"@type\":\"WebSite\",\"@id\":\"https:\/\/www.horomechanika.lt\/#website\",\"url\":\"https:\/\/www.horomechanika.lt\/\",\"name\":\"Horomechanika\",\"description\":\"\u017dem\u0117s \u016akio Technika\",\"publisher\":{\"@id\":\"https:\/\/www.horomechanika.lt\/#organization\"},\"potentialAction\":[{\"@type\":\"SearchAction\",\"target\":{\"@type\":\"EntryPoint\",\"urlTemplate\":\"https:\/\/www.horomechanika.lt\/?s={search_term_string}\"},\"query-input\":\"required name=search_term_string\"}],\"inLanguage\":\"ru-RU\"},{\"@type\":\"Organization\",\"@id\":\"https:\/\/www.horomechanika.lt\/#organization\",\"name\":\"UAB \\\"Horo mechanika\\\"\",\"url\":\"https:\/\/www.horomechanika.lt\/\",\"logo\":{\"@type\":\"ImageObject\",\"inLanguage\":\"ru-RU\",\"@id\":\"https:\/\/www.horomechanika.lt\/#\/schema\/logo\/image\/\",\"url\":\"https:\/\/www.horomechanika.lt\/wp-content\/uploads\/2020\/05\/horomechanika-logo.png\",\"contentUrl\":\"https:\/\/www.horomechanika.lt\/wp-content\/uploads\/2020\/05\/horomechanika-logo.png\",\"width\":137,\"height\":56,\"caption\":\"UAB \\\"Horo mechanika\\\"\"},\"image\":{\"@id\":\"https:\/\/www.horomechanika.lt\/#\/schema\/logo\/image\/\"},\"sameAs\":[\"https:\/\/www.facebook.com\/UAB-Horo-mechanika-177091812471952\"]}]}<\/script>\n<!-- \/ Yoast SEO plugin. -->","yoast_head_json":{"title":"Pakabinama diskin\u0117 \u0161ienapjov\u0117 DMC ROLL | Horomechanika","description":"Horomechanika Pakabinama diskin\u0117 \u0161ienapjov\u0117 DMC ROLL | Pakabinama diskin\u0117 \u0161ienapjov\u0117 Pakabinama diskin\u0117 \u0161ienapjov\u0117 DMC ROLL","robots":{"index":"index","follow":"follow","max-snippet":"max-snippet:-1","max-image-preview":"max-image-preview:large","max-video-preview":"max-video-preview:-1"},"canonical":"https:\/\/www.horomechanika.lt\/ru\/product\/pakabinama-diskine-sienapjove-dmc-roll\/","og_locale":"ru_RU","og_type":"article","og_title":"Pakabinama diskin\u0117 \u0161ienapjov\u0117 DMC ROLL | Horomechanika","og_description":"Horomechanika Pakabinama diskin\u0117 \u0161ienapjov\u0117 DMC ROLL | Pakabinama diskin\u0117 \u0161ienapjov\u0117 Pakabinama diskin\u0117 \u0161ienapjov\u0117 DMC ROLL","og_url":"https:\/\/www.horomechanika.lt\/ru\/product\/pakabinama-diskine-sienapjove-dmc-roll\/","og_site_name":"Horomechanika","article_publisher":"https:\/\/www.facebook.com\/UAB-Horo-mechanika-177091812471952","article_modified_time":"2022-05-19T09:17:49+00:00","og_image":[{"width":2016,"height":1404,"url":"https:\/\/www.horomechanika.lt\/wp-content\/uploads\/2021\/04\/Pakabinama-diskine-sienapjove-DMC-ROLL-8.jpg","type":"image\/jpeg"}],"twitter_card":"summary_large_image","twitter_misc":{"\u041f\u0440\u0438\u043c\u0435\u0440\u043d\u043e\u0435 \u0432\u0440\u0435\u043c\u044f \u0434\u043b\u044f \u0447\u0442\u0435\u043d\u0438\u044f":"1 \u043c\u0438\u043d\u0443\u0442\u0430"},"schema":{"@context":"https:\/\/schema.org","@graph":[{"@type":"WebPage","@id":"https:\/\/www.horomechanika.lt\/product\/pakabinama-diskine-sienapjove-dmc-roll\/","url":"https:\/\/www.horomechanika.lt\/product\/pakabinama-diskine-sienapjove-dmc-roll\/","name":"Pakabinama diskin\u0117 \u0161ienapjov\u0117 DMC ROLL | Horomechanika","isPartOf":{"@id":"https:\/\/www.horomechanika.lt\/#website"},"datePublished":"2021-04-29T11:10:47+00:00","dateModified":"2022-05-19T09:17:49+00:00","description":"Horomechanika Pakabinama diskin\u0117 \u0161ienapjov\u0117 DMC ROLL | Pakabinama diskin\u0117 \u0161ienapjov\u0117 Pakabinama diskin\u0117 \u0161ienapjov\u0117 DMC ROLL","breadcrumb":{"@id":"https:\/\/www.horomechanika.lt\/product\/pakabinama-diskine-sienapjove-dmc-roll\/#breadcrumb"},"inLanguage":"ru-RU","potentialAction":[{"@type":"ReadAction","target":["https:\/\/www.horomechanika.lt\/product\/pakabinama-diskine-sienapjove-dmc-roll\/"]}]},{"@type":"BreadcrumbList","@id":"https:\/\/www.horomechanika.lt\/product\/pakabinama-diskine-sienapjove-dmc-roll\/#breadcrumb","itemListElement":[{"@type":"ListItem","position":1,"name":"Home","item":"https:\/\/www.horomechanika.lt\/"},{"@type":"ListItem","position":2,"name":"Shop","item":"https:\/\/www.horomechanika.lt\/ru\/shop-2\/"},{"@type":"ListItem","position":3,"name":"Pakabinama diskin\u0117 \u0161ienapjov\u0117 DMC ROLL"}]},{"@type":"WebSite","@id":"https:\/\/www.horomechanika.lt\/#website","url":"https:\/\/www.horomechanika.lt\/","name":"Horomechanika","description":"\u017dem\u0117s \u016akio Technika","publisher":{"@id":"https:\/\/www.horomechanika.lt\/#organization"},"potentialAction":[{"@type":"SearchAction","target":{"@type":"EntryPoint","urlTemplate":"https:\/\/www.horomechanika.lt\/?s={search_term_string}"},"query-input":"required name=search_term_string"}],"inLanguage":"ru-RU"},{"@type":"Organization","@id":"https:\/\/www.horomechanika.lt\/#organization","name":"UAB \"Horo mechanika\"","url":"https:\/\/www.horomechanika.lt\/","logo":{"@type":"ImageObject","inLanguage":"ru-RU","@id":"https:\/\/www.horomechanika.lt\/#\/schema\/logo\/image\/","url":"https:\/\/www.horomechanika.lt\/wp-content\/uploads\/2020\/05\/horomechanika-logo.png","contentUrl":"https:\/\/www.horomechanika.lt\/wp-content\/uploads\/2020\/05\/horomechanika-logo.png","width":137,"height":56,"caption":"UAB \"Horo mechanika\""},"image":{"@id":"https:\/\/www.horomechanika.lt\/#\/schema\/logo\/image\/"},"sameAs":["https:\/\/www.facebook.com\/UAB-Horo-mechanika-177091812471952"]}]}},"_links":{"self":[{"href":"https:\/\/www.horomechanika.lt\/ru\/wp-json\/wp\/v2\/product\/12814","targetHints":{"allow":["GET"]}}],"collection":[{"href":"https:\/\/www.horomechanika.lt\/ru\/wp-json\/wp\/v2\/product"}],"about":[{"href":"https:\/\/www.horomechanika.lt\/ru\/wp-json\/wp\/v2\/types\/product"}],"replies":[{"embeddable":true,"href":"https:\/\/www.horomechanika.lt\/ru\/wp-json\/wp\/v2\/comments?post=12814"}],"wp:featuredmedia":[{"embeddable":true,"href":"https:\/\/www.horomechanika.lt\/ru\/wp-json\/wp\/v2\/media\/12823"}],"wp:attachment":[{"href":"https:\/\/www.horomechanika.lt\/ru\/wp-json\/wp\/v2\/media?parent=12814"}],"wp:term":[{"taxonomy":"product_cat","embeddable":true,"href":"https:\/\/www.horomechanika.lt\/ru\/wp-json\/wp\/v2\/product_cat?post=12814"},{"taxonomy":"product_tag","embeddable":true,"href":"https:\/\/www.horomechanika.lt\/ru\/wp-json\/wp\/v2\/product_tag?post=12814"}],"curies":[{"name":"wp","href":"https:\/\/api.w.org\/{rel}","templated":true}]}}