{"id":12831,"date":"2021-04-29T16:15:45","date_gmt":"2021-04-29T13:15:45","guid":{"rendered":"https:\/\/www.horomechanika.lt\/?post_type=product&#038;p=12831"},"modified":"2021-04-30T15:11:13","modified_gmt":"2021-04-30T12:11:13","slug":"dvigubo-rotoriaus-greblys-enoduo-tracer-7802","status":"publish","type":"product","link":"https:\/\/www.horomechanika.lt\/ru\/product\/dvigubo-rotoriaus-greblys-enoduo-tracer-7802\/","title":{"rendered":"Dvigubo rotoriaus gr\u0117blys ENODUO TRACER 7802"},"content":{"rendered":"<div class=\"row\">\n<div class=\"wpb_column vc_column_container col-sm-9 vc_col-sm-9 col-lg-9 vc_col-lg-9\">\n<div class=\"vc_column-inner\">\n<div class=\"wpb_wrapper\">\n<div class=\"wpb_text_column wpb_content_element\">\n<div class=\"wpb_wrapper\">\n<p><span class=\"VIiyi\" lang=\"lt\"><span class=\"JLqJ4b ChMk0b\" data-language-for-alternatives=\"lt\" data-language-to-translate-into=\"en\" data-phrase-index=\"0\">Dvigubo rotoriaus gr\u0117bliai modelis ENODUO TRACER 7802 buvo suprojektuotas dviem pus\u0117ms arba vienai pusei gr\u0117bti.<\/span> <span class=\"JLqJ4b ChMk0b\" data-language-for-alternatives=\"lt\" data-language-to-translate-into=\"en\" data-phrase-index=\"1\">Prikabinamas traktoriaus gr\u0117blys.<\/span> <span class=\"JLqJ4b ChMk0b\" data-language-for-alternatives=\"lt\" data-language-to-translate-into=\"en\" data-phrase-index=\"2\">Darbinis plotis yra hidrauli\u0161kai kintamas.<\/span> <span class=\"JLqJ4b ChMk0b\" data-language-for-alternatives=\"lt\" data-language-to-translate-into=\"en\" data-phrase-index=\"3\">Norint geriau prisitaikyti prie \u017eem\u0117s, rotoriai kopijuoja.<\/span><\/span><\/p>\n<p>\u201eEnorossi\u201c pasaulinis \u017eem\u0117s \u016bkio ma\u0161in\u0173 gamybos lyderis. S\u0117kmingai dirba daugiau nei 50 met\u0173, aistringai gamindami savo ma\u0161inas, siekdami u\u017etikrinti maksimal\u0173 pelningum\u0105 \u016bkiams kiekviename pasaulio kampelyje. Visuotin\u0117 vizija leid\u017eia patenkinti specifinius klient\u0173 poreikius.<\/p>\n<\/div>\n<\/div>\n<\/div>\n<\/div>\n<\/div>\n<\/div>\n<p>PILNAS PRODUKTO KATALOGAS IR APRA\u0160YMAS<\/p>\n<p><a href=\"https:\/\/www.enorossi.it\/wp-content\/uploads\/2021\/01\/Rotary-Rakes_2021_ENG-FRA.pdf\">Rotary-Rakes_2021_ENG-FRA.pdf (enorossi.it)<\/a><\/p>\n<p><iframe loading=\"lazy\" title=\"ENOROSSI Enoduo 780 Double Rotary Rake\" width=\"895\" height=\"503\" src=\"https:\/\/www.youtube.com\/embed\/K3iAPxFi1C8?feature=oembed\" frameborder=\"0\" allow=\"accelerometer; autoplay; clipboard-write; encrypted-media; gyroscope; picture-in-picture\" allowfullscreen><\/iframe><\/p>\n<p>&nbsp;<\/p>\n<p>&nbsp;<\/p>\n<p>&nbsp;<\/p>","protected":false},"excerpt":{"rendered":"<table>\n<tbody>\n<tr>\n<td width=\"178\">&nbsp;<\/td>\n<td width=\"125\">ENODUO 610<\/td>\n<td width=\"125\">ENODUO 660<\/td>\n<td width=\"125\">ENODUO 780<\/td>\n<td width=\"125\">ENODUO TRACER 7802<\/td>\n<\/tr>\n<tr>\n<td width=\"178\">Darbinis plotis<\/td>\n<td width=\"125\">610 cm<\/td>\n<td width=\"125\">660 cm<\/td>\n<td width=\"125\">700-780 cm<\/td>\n<td width=\"125\">700-780 cm<\/td>\n<\/tr>\n<tr>\n<td width=\"178\">Gr\u0117bimo kryptis<\/td>\n<td width=\"125\">Centras<\/td>\n<td width=\"125\">Centras<\/td>\n<td width=\"125\">Centras<\/td>\n<td width=\"125\">\u012evairi<\/td>\n<\/tr>\n<tr>\n<td width=\"178\">Pradalg\u0117s plotis<\/td>\n<td width=\"125\">90 cm<\/td>\n<td width=\"125\">90 cm<\/td>\n<td width=\"125\">90-150 cm<\/td>\n<td width=\"125\">90 cm<\/td>\n<\/tr>\n<tr>\n<td width=\"178\">Rotori\u0173 skai\u010dius<\/td>\n<td width=\"125\">2<\/td>\n<td width=\"125\">2<\/td>\n<td width=\"125\">2<\/td>\n<td width=\"125\">2<\/td>\n<\/tr>\n<tr>\n<td width=\"178\">Rotori\u0173 plotis<\/td>\n<td width=\"125\">310<\/td>\n<td width=\"125\">350<\/td>\n<td width=\"125\">380<\/td>\n<td width=\"125\">380<\/td>\n<\/tr>\n<tr>\n<td width=\"178\">Rotori\u0173 pavara<\/td>\n<td width=\"125\">U\u017edara &#8211; tepale<\/td>\n<td width=\"125\">U\u017edara &#8211; tepale<\/td>\n<td width=\"125\">U\u017edara &#8211; tepale<\/td>\n<td width=\"125\">U\u017edara &#8211; tepale<\/td>\n<\/tr>\n<tr>\n<td width=\"178\">Koj\u0173 skai\u010dius rotoriui<\/td>\n<td width=\"125\">9+9<\/td>\n<td width=\"125\">11+11<\/td>\n<td width=\"125\">11+11<\/td>\n<td width=\"125\">11+11<\/td>\n<\/tr>\n<tr>\n<td width=\"178\">Gr\u0117bimo nag\u0173 skai\u010dius<\/td>\n<td width=\"125\">27+27<\/td>\n<td width=\"125\">44+44<\/td>\n<td width=\"125\">44+44<\/td>\n<td width=\"125\">44+44<\/td>\n<\/tr>\n<tr>\n<td width=\"178\">Gr\u0117bimo auk\u0161\u010dio reguliavimas<\/td>\n<td width=\"125\">Mechaninis<\/td>\n<td width=\"125\">Mechaninis<\/td>\n<td width=\"125\">Mechaninis<\/td>\n<td width=\"125\">Mechaninis<\/td>\n<\/tr>\n<tr>\n<td width=\"178\">Darbinio plo\u010dio reguliavimas<\/td>\n<td width=\"125\">&#8211;<\/td>\n<td width=\"125\">&#8211;<\/td>\n<td width=\"125\">Hidraulinis<\/td>\n<td width=\"125\">Hidraulinis<\/td>\n<\/tr>\n<tr>\n<td width=\"178\">Transportavimo plotis su kojomis<\/td>\n<td width=\"125\">255 cm<\/td>\n<td width=\"125\">255 cm<\/td>\n<td width=\"125\">255 cm<\/td>\n<td width=\"125\">380 cm<\/td>\n<\/tr>\n<tr>\n<td width=\"178\">Transportavimo plotis be koj\u0173<\/td>\n<td width=\"125\">255 cm<\/td>\n<td width=\"125\">255 cm<\/td>\n<td width=\"125\">255 cm<\/td>\n<td width=\"125\">255 cm<\/td>\n<\/tr>\n<tr>\n<td width=\"178\">Transportavimo ilgis<\/td>\n<td width=\"125\">330 cm<\/td>\n<td width=\"125\">365 cm<\/td>\n<td width=\"125\">580 cm<\/td>\n<td width=\"125\">875 cm<\/td>\n<\/tr>\n<tr>\n<td width=\"178\">Transportavimo auk\u0161tis<\/td>\n<td width=\"125\">315 cm<\/td>\n<td width=\"125\">340 cm<\/td>\n<td width=\"125\">365 cm<\/td>\n<td width=\"125\">260 cm<\/td>\n<\/tr>\n<tr>\n<td width=\"178\">Prikabinimo tipas<\/td>\n<td width=\"125\">Pakabinamas<\/td>\n<td width=\"125\">Pakabinamas<\/td>\n<td width=\"125\">2 ta\u0161k\u0173 prikabinamas<\/td>\n<td width=\"125\">Prikabinamas<\/td>\n<\/tr>\n<tr>\n<td width=\"178\">Padang\u0173 i\u0161matavimai<\/td>\n<td width=\"125\">4 x 16\/6,50-8<\/td>\n<td width=\"125\">4 x 18\/8,50-8<\/td>\n<td width=\"125\">4 x 18\/8,50&#215;8<\/td>\n<td width=\"125\">4 x 18\/8,50&#215;8<\/td>\n<\/tr>\n<tr>\n<td width=\"178\">Atraminio rato dydis<\/td>\n<td width=\"125\">&#8211;<\/td>\n<td width=\"125\">&#8211;<\/td>\n<td width=\"125\">340\/55 R16<\/td>\n<td width=\"125\">4 x 18\/8,50&#215;8<\/td>\n<\/tr>\n<tr>\n<td width=\"178\">Galios poreikis<\/td>\n<td width=\"125\">100\/120<\/td>\n<td width=\"125\">120\/150<\/td>\n<td width=\"125\">70\/80<\/td>\n<td width=\"125\">70\/80<\/td>\n<\/tr>\n<tr>\n<td width=\"178\">Nuosava mas\u0117<\/td>\n<td width=\"125\">1110 kg<\/td>\n<td width=\"125\">1400 kg<\/td>\n<td width=\"125\">1790 kg<\/td>\n<td width=\"125\">1850 kg<\/td>\n<\/tr>\n<tr>\n<td width=\"178\">Reikalingos hidro jungtys<\/td>\n<td width=\"125\">2 \u017earnos<\/td>\n<td width=\"125\">2 \u017earnos<\/td>\n<td width=\"125\">4 \u017earnos<\/td>\n<td width=\"125\">4 \u017earnos<\/td>\n<\/tr>\n<tr>\n<td width=\"178\">Pavara nuo GTV<\/td>\n<td width=\"125\">Yra<\/td>\n<td width=\"125\">Yra<\/td>\n<td width=\"125\">Yra<\/td>\n<td width=\"125\">Yra<\/td>\n<\/tr>\n<tr>\n<td width=\"178\">\u017dibintai kelyje<\/td>\n<td width=\"125\">N\u0117ra<\/td>\n<td width=\"125\">N\u0117ra<\/td>\n<td width=\"125\">Yra<\/td>\n<td width=\"125\">Yra<\/td>\n<\/tr>\n<tr>\n<td width=\"178\">Plataus kampo GTV<\/td>\n<td width=\"125\">N\u0117ra<\/td>\n<td width=\"125\">N\u0117ra<\/td>\n<td width=\"125\">N\u0117ra<\/td>\n<td width=\"125\">Yra<\/td>\n<\/tr>\n<\/tbody>\n<\/table>","protected":false},"featured_media":12859,"comment_status":"open","ping_status":"closed","template":"","meta":[],"product_cat":[145],"product_tag":[221,223,224],"class_list":["post-12831","product","type-product","status-publish","has-post-thumbnail","hentry","product_cat-grebliai","product_tag-enorossi","product_tag-greblys","product_tag-enoduo-tracer-7802"],"yoast_head":"<!-- This site is optimized with the Yoast SEO plugin v20.1 - https:\/\/yoast.com\/wordpress\/plugins\/seo\/ -->\n<title>Dvigubo rotoriaus gr\u0117blys ENODUO TRACER 7802 | Horomechanika<\/title>\n<meta name=\"description\" content=\"Dvigubo rotoriaus gr\u0117bliai modelis ENODUO TRACER 7802 buvo suprojektuotas dviem pus\u0117ms arba vienai pusei gr\u0117bti. Prikabinamas traktoriaus gr\u0117blys. Darbinis plotis yra hidrauli\u0161kai kintamas. Norint geriau prisitaikyti prie \u017eem\u0117s, rotoriai kopijuoja.\" \/>\n<meta name=\"robots\" content=\"index, follow, max-snippet:-1, max-image-preview:large, max-video-preview:-1\" \/>\n<link rel=\"canonical\" href=\"https:\/\/www.horomechanika.lt\/ru\/product\/dvigubo-rotoriaus-greblys-enoduo-tracer-7802\/\" \/>\n<meta property=\"og:locale\" content=\"ru_RU\" \/>\n<meta property=\"og:type\" content=\"article\" \/>\n<meta property=\"og:title\" content=\"Dvigubo rotoriaus gr\u0117blys ENODUO TRACER 7802 | Horomechanika\" \/>\n<meta property=\"og:description\" content=\"Dvigubo rotoriaus gr\u0117bliai modelis ENODUO TRACER 7802 buvo suprojektuotas dviem pus\u0117ms arba vienai pusei gr\u0117bti. Prikabinamas traktoriaus gr\u0117blys. Darbinis plotis yra hidrauli\u0161kai kintamas. Norint geriau prisitaikyti prie \u017eem\u0117s, rotoriai kopijuoja.\" \/>\n<meta property=\"og:url\" content=\"https:\/\/www.horomechanika.lt\/ru\/product\/dvigubo-rotoriaus-greblys-enoduo-tracer-7802\/\" \/>\n<meta property=\"og:site_name\" content=\"Horomechanika\" \/>\n<meta property=\"article:publisher\" content=\"https:\/\/www.facebook.com\/UAB-Horo-mechanika-177091812471952\" \/>\n<meta property=\"article:modified_time\" content=\"2021-04-30T12:11:13+00:00\" \/>\n<meta property=\"og:image\" content=\"https:\/\/www.horomechanika.lt\/wp-content\/uploads\/2021\/04\/Dvigubo-rotoriaus-greblys-ENODUO-TRACER-7802-1.jpg\" \/>\n\t<meta property=\"og:image:width\" content=\"2320\" \/>\n\t<meta property=\"og:image:height\" content=\"1352\" \/>\n\t<meta property=\"og:image:type\" content=\"image\/jpeg\" \/>\n<meta name=\"twitter:card\" content=\"summary_large_image\" \/>\n<meta name=\"twitter:label1\" content=\"\u041f\u0440\u0438\u043c\u0435\u0440\u043d\u043e\u0435 \u0432\u0440\u0435\u043c\u044f \u0434\u043b\u044f \u0447\u0442\u0435\u043d\u0438\u044f\" \/>\n\t<meta name=\"twitter:data1\" content=\"1 \u043c\u0438\u043d\u0443\u0442\u0430\" \/>\n<script type=\"application\/ld+json\" class=\"yoast-schema-graph\">{\"@context\":\"https:\/\/schema.org\",\"@graph\":[{\"@type\":\"WebPage\",\"@id\":\"https:\/\/www.horomechanika.lt\/ru\/product\/dvigubo-rotoriaus-greblys-enoduo-tracer-7802\/\",\"url\":\"https:\/\/www.horomechanika.lt\/ru\/product\/dvigubo-rotoriaus-greblys-enoduo-tracer-7802\/\",\"name\":\"Dvigubo rotoriaus gr\u0117blys ENODUO TRACER 7802 | Horomechanika\",\"isPartOf\":{\"@id\":\"https:\/\/www.horomechanika.lt\/#website\"},\"datePublished\":\"2021-04-29T13:15:45+00:00\",\"dateModified\":\"2021-04-30T12:11:13+00:00\",\"description\":\"Dvigubo rotoriaus gr\u0117bliai modelis ENODUO TRACER 7802 buvo suprojektuotas dviem pus\u0117ms arba vienai pusei gr\u0117bti. Prikabinamas traktoriaus gr\u0117blys. Darbinis plotis yra hidrauli\u0161kai kintamas. Norint geriau prisitaikyti prie \u017eem\u0117s, rotoriai kopijuoja.\",\"breadcrumb\":{\"@id\":\"https:\/\/www.horomechanika.lt\/ru\/product\/dvigubo-rotoriaus-greblys-enoduo-tracer-7802\/#breadcrumb\"},\"inLanguage\":\"ru-RU\",\"potentialAction\":[{\"@type\":\"ReadAction\",\"target\":[\"https:\/\/www.horomechanika.lt\/ru\/product\/dvigubo-rotoriaus-greblys-enoduo-tracer-7802\/\"]}]},{\"@type\":\"BreadcrumbList\",\"@id\":\"https:\/\/www.horomechanika.lt\/ru\/product\/dvigubo-rotoriaus-greblys-enoduo-tracer-7802\/#breadcrumb\",\"itemListElement\":[{\"@type\":\"ListItem\",\"position\":1,\"name\":\"Home\",\"item\":\"https:\/\/www.horomechanika.lt\/\"},{\"@type\":\"ListItem\",\"position\":2,\"name\":\"Shop\",\"item\":\"https:\/\/www.horomechanika.lt\/ru\/shop-2\/\"},{\"@type\":\"ListItem\",\"position\":3,\"name\":\"Dvigubo rotoriaus gr\u0117blys ENODUO TRACER 7802\"}]},{\"@type\":\"WebSite\",\"@id\":\"https:\/\/www.horomechanika.lt\/#website\",\"url\":\"https:\/\/www.horomechanika.lt\/\",\"name\":\"Horomechanika\",\"description\":\"\u017dem\u0117s \u016akio Technika\",\"publisher\":{\"@id\":\"https:\/\/www.horomechanika.lt\/#organization\"},\"potentialAction\":[{\"@type\":\"SearchAction\",\"target\":{\"@type\":\"EntryPoint\",\"urlTemplate\":\"https:\/\/www.horomechanika.lt\/?s={search_term_string}\"},\"query-input\":\"required name=search_term_string\"}],\"inLanguage\":\"ru-RU\"},{\"@type\":\"Organization\",\"@id\":\"https:\/\/www.horomechanika.lt\/#organization\",\"name\":\"UAB \\\"Horo mechanika\\\"\",\"url\":\"https:\/\/www.horomechanika.lt\/\",\"logo\":{\"@type\":\"ImageObject\",\"inLanguage\":\"ru-RU\",\"@id\":\"https:\/\/www.horomechanika.lt\/#\/schema\/logo\/image\/\",\"url\":\"https:\/\/www.horomechanika.lt\/wp-content\/uploads\/2020\/05\/horomechanika-logo.png\",\"contentUrl\":\"https:\/\/www.horomechanika.lt\/wp-content\/uploads\/2020\/05\/horomechanika-logo.png\",\"width\":137,\"height\":56,\"caption\":\"UAB \\\"Horo mechanika\\\"\"},\"image\":{\"@id\":\"https:\/\/www.horomechanika.lt\/#\/schema\/logo\/image\/\"},\"sameAs\":[\"https:\/\/www.facebook.com\/UAB-Horo-mechanika-177091812471952\"]}]}<\/script>\n<!-- \/ Yoast SEO plugin. -->","yoast_head_json":{"title":"Dvigubo rotoriaus gr\u0117blys ENODUO TRACER 7802 | Horomechanika","description":"Dvigubo rotoriaus gr\u0117bliai modelis ENODUO TRACER 7802 buvo suprojektuotas dviem pus\u0117ms arba vienai pusei gr\u0117bti. Prikabinamas traktoriaus gr\u0117blys. Darbinis plotis yra hidrauli\u0161kai kintamas. Norint geriau prisitaikyti prie \u017eem\u0117s, rotoriai kopijuoja.","robots":{"index":"index","follow":"follow","max-snippet":"max-snippet:-1","max-image-preview":"max-image-preview:large","max-video-preview":"max-video-preview:-1"},"canonical":"https:\/\/www.horomechanika.lt\/ru\/product\/dvigubo-rotoriaus-greblys-enoduo-tracer-7802\/","og_locale":"ru_RU","og_type":"article","og_title":"Dvigubo rotoriaus gr\u0117blys ENODUO TRACER 7802 | Horomechanika","og_description":"Dvigubo rotoriaus gr\u0117bliai modelis ENODUO TRACER 7802 buvo suprojektuotas dviem pus\u0117ms arba vienai pusei gr\u0117bti. Prikabinamas traktoriaus gr\u0117blys. Darbinis plotis yra hidrauli\u0161kai kintamas. Norint geriau prisitaikyti prie \u017eem\u0117s, rotoriai kopijuoja.","og_url":"https:\/\/www.horomechanika.lt\/ru\/product\/dvigubo-rotoriaus-greblys-enoduo-tracer-7802\/","og_site_name":"Horomechanika","article_publisher":"https:\/\/www.facebook.com\/UAB-Horo-mechanika-177091812471952","article_modified_time":"2021-04-30T12:11:13+00:00","og_image":[{"width":2320,"height":1352,"url":"https:\/\/www.horomechanika.lt\/wp-content\/uploads\/2021\/04\/Dvigubo-rotoriaus-greblys-ENODUO-TRACER-7802-1.jpg","type":"image\/jpeg"}],"twitter_card":"summary_large_image","twitter_misc":{"\u041f\u0440\u0438\u043c\u0435\u0440\u043d\u043e\u0435 \u0432\u0440\u0435\u043c\u044f \u0434\u043b\u044f \u0447\u0442\u0435\u043d\u0438\u044f":"1 \u043c\u0438\u043d\u0443\u0442\u0430"},"schema":{"@context":"https:\/\/schema.org","@graph":[{"@type":"WebPage","@id":"https:\/\/www.horomechanika.lt\/ru\/product\/dvigubo-rotoriaus-greblys-enoduo-tracer-7802\/","url":"https:\/\/www.horomechanika.lt\/ru\/product\/dvigubo-rotoriaus-greblys-enoduo-tracer-7802\/","name":"Dvigubo rotoriaus gr\u0117blys ENODUO TRACER 7802 | Horomechanika","isPartOf":{"@id":"https:\/\/www.horomechanika.lt\/#website"},"datePublished":"2021-04-29T13:15:45+00:00","dateModified":"2021-04-30T12:11:13+00:00","description":"Dvigubo rotoriaus gr\u0117bliai modelis ENODUO TRACER 7802 buvo suprojektuotas dviem pus\u0117ms arba vienai pusei gr\u0117bti. Prikabinamas traktoriaus gr\u0117blys. Darbinis plotis yra hidrauli\u0161kai kintamas. Norint geriau prisitaikyti prie \u017eem\u0117s, rotoriai kopijuoja.","breadcrumb":{"@id":"https:\/\/www.horomechanika.lt\/ru\/product\/dvigubo-rotoriaus-greblys-enoduo-tracer-7802\/#breadcrumb"},"inLanguage":"ru-RU","potentialAction":[{"@type":"ReadAction","target":["https:\/\/www.horomechanika.lt\/ru\/product\/dvigubo-rotoriaus-greblys-enoduo-tracer-7802\/"]}]},{"@type":"BreadcrumbList","@id":"https:\/\/www.horomechanika.lt\/ru\/product\/dvigubo-rotoriaus-greblys-enoduo-tracer-7802\/#breadcrumb","itemListElement":[{"@type":"ListItem","position":1,"name":"Home","item":"https:\/\/www.horomechanika.lt\/"},{"@type":"ListItem","position":2,"name":"Shop","item":"https:\/\/www.horomechanika.lt\/ru\/shop-2\/"},{"@type":"ListItem","position":3,"name":"Dvigubo rotoriaus gr\u0117blys ENODUO TRACER 7802"}]},{"@type":"WebSite","@id":"https:\/\/www.horomechanika.lt\/#website","url":"https:\/\/www.horomechanika.lt\/","name":"Horomechanika","description":"\u017dem\u0117s \u016akio Technika","publisher":{"@id":"https:\/\/www.horomechanika.lt\/#organization"},"potentialAction":[{"@type":"SearchAction","target":{"@type":"EntryPoint","urlTemplate":"https:\/\/www.horomechanika.lt\/?s={search_term_string}"},"query-input":"required name=search_term_string"}],"inLanguage":"ru-RU"},{"@type":"Organization","@id":"https:\/\/www.horomechanika.lt\/#organization","name":"UAB \"Horo mechanika\"","url":"https:\/\/www.horomechanika.lt\/","logo":{"@type":"ImageObject","inLanguage":"ru-RU","@id":"https:\/\/www.horomechanika.lt\/#\/schema\/logo\/image\/","url":"https:\/\/www.horomechanika.lt\/wp-content\/uploads\/2020\/05\/horomechanika-logo.png","contentUrl":"https:\/\/www.horomechanika.lt\/wp-content\/uploads\/2020\/05\/horomechanika-logo.png","width":137,"height":56,"caption":"UAB \"Horo mechanika\""},"image":{"@id":"https:\/\/www.horomechanika.lt\/#\/schema\/logo\/image\/"},"sameAs":["https:\/\/www.facebook.com\/UAB-Horo-mechanika-177091812471952"]}]}},"_links":{"self":[{"href":"https:\/\/www.horomechanika.lt\/ru\/wp-json\/wp\/v2\/product\/12831","targetHints":{"allow":["GET"]}}],"collection":[{"href":"https:\/\/www.horomechanika.lt\/ru\/wp-json\/wp\/v2\/product"}],"about":[{"href":"https:\/\/www.horomechanika.lt\/ru\/wp-json\/wp\/v2\/types\/product"}],"replies":[{"embeddable":true,"href":"https:\/\/www.horomechanika.lt\/ru\/wp-json\/wp\/v2\/comments?post=12831"}],"wp:featuredmedia":[{"embeddable":true,"href":"https:\/\/www.horomechanika.lt\/ru\/wp-json\/wp\/v2\/media\/12859"}],"wp:attachment":[{"href":"https:\/\/www.horomechanika.lt\/ru\/wp-json\/wp\/v2\/media?parent=12831"}],"wp:term":[{"taxonomy":"product_cat","embeddable":true,"href":"https:\/\/www.horomechanika.lt\/ru\/wp-json\/wp\/v2\/product_cat?post=12831"},{"taxonomy":"product_tag","embeddable":true,"href":"https:\/\/www.horomechanika.lt\/ru\/wp-json\/wp\/v2\/product_tag?post=12831"}],"curies":[{"name":"wp","href":"https:\/\/api.w.org\/{rel}","templated":true}]}}