{"id":12875,"date":"2021-04-29T16:34:47","date_gmt":"2021-04-29T13:34:47","guid":{"rendered":"https:\/\/www.horomechanika.lt\/?post_type=product&#038;p=12875"},"modified":"2022-05-11T09:09:51","modified_gmt":"2022-05-11T06:09:51","slug":"freza-omnikron-s","status":"publish","type":"product","link":"https:\/\/www.horomechanika.lt\/ru\/product\/freza-omnikron-s\/","title":{"rendered":"Freza OMNIKRON S"},"content":{"rendered":"<p>NAUJIENA!<\/p>\n<p>\u0160i freza OMNIKRON S &#8211; puikus pagalbininkas dideliems sodyboms ir ma\u017eiems \u016bkiams, kuriuose dirbamas sm\u0117lio ar pana\u0161us \u012f mol\u012f dirvo\u017eemis.<br \/>\nSkirtas kompakti\u0161kiems traktoriams, u\u017eima ma\u017eai vietos<\/p>\n<p><iframe loading=\"lazy\" title=\"Aardenburg Omikron XL 2000 talajmar\u00f3 - MTZ Belarus 1025 traktor\" width=\"895\" height=\"503\" src=\"https:\/\/www.youtube.com\/embed\/W0lT8N6VrYk?feature=oembed\" frameborder=\"0\" allow=\"accelerometer; autoplay; clipboard-write; encrypted-media; gyroscope; picture-in-picture\" allowfullscreen><\/iframe><\/p>\n<div title=\"Page 35\">\n<div class=\"page\" title=\"Page 23\">Video vaizduojama freza yra didesn\u0117*<\/div>\n<\/div>\n<div title=\"Page 35\">\n<div title=\"Page 14\">\n<div title=\"Page 14\"><\/div>\n<\/div>\n<table border=\"0\" width=\"1125\" cellspacing=\"0\" cellpadding=\"0\">\n<colgroup>\n<col span=\"3\" width=\"87\" \/>\n<col width=\"168\" \/>\n<col span=\"8\" width=\"87\" \/><\/colgroup>\n<tbody>\n<tr>\n<td class=\"xl68\" colspan=\"6\" width=\"603\" height=\"21\"><\/td>\n<td class=\"xl65\" colspan=\"2\" align=\"right\" width=\"174\">1150<\/td>\n<td class=\"xl65\" colspan=\"2\" align=\"right\" width=\"174\">1350<\/td>\n<td class=\"xl65\" colspan=\"2\" align=\"right\" width=\"174\">1500<\/td>\n<\/tr>\n<tr>\n<td class=\"xl65\" colspan=\"6\" height=\"21\">Kg<\/td>\n<td class=\"xl65\" colspan=\"2\" align=\"right\">160<\/td>\n<td class=\"xl65\" colspan=\"2\" align=\"right\">180<\/td>\n<td class=\"xl65\" colspan=\"2\" align=\"right\">234<\/td>\n<\/tr>\n<tr>\n<td class=\"xl65\" colspan=\"6\" height=\"21\">Galia, ww<\/td>\n<td class=\"xl65\" colspan=\"2\" align=\"right\">1150<\/td>\n<td class=\"xl65\" colspan=\"2\" align=\"right\">1350<\/td>\n<td class=\"xl65\" colspan=\"2\" align=\"right\">1500<\/td>\n<\/tr>\n<tr>\n<td class=\"xl65\" colspan=\"6\" height=\"21\">Minimali AG<\/td>\n<td class=\"xl65\" colspan=\"2\" align=\"right\">14<\/td>\n<td class=\"xl65\" colspan=\"2\" align=\"right\">18<\/td>\n<td class=\"xl65\" colspan=\"2\" align=\"right\">22<\/td>\n<\/tr>\n<tr>\n<td class=\"xl65\" colspan=\"6\" height=\"21\">CAT<\/td>\n<td class=\"xl65\" colspan=\"2\">I, II<\/td>\n<td class=\"xl65\" colspan=\"2\">I, II<\/td>\n<td class=\"xl65\" colspan=\"2\">I, II<\/td>\n<\/tr>\n<tr>\n<td class=\"xl65\" colspan=\"6\" height=\"21\">Apsukos<\/td>\n<td class=\"xl65\" colspan=\"2\" align=\"right\">540<\/td>\n<td class=\"xl65\" colspan=\"2\" align=\"right\">540<\/td>\n<td class=\"xl65\" colspan=\"2\" align=\"right\">540<\/td>\n<\/tr>\n<tr>\n<td class=\"xl65\" colspan=\"6\" height=\"21\">Pavaros sistema<\/td>\n<td class=\"xl65\" colspan=\"2\">Grandinin\u0117<\/td>\n<td class=\"xl65\" colspan=\"2\">Grandinin\u0117<\/td>\n<td class=\"xl65\" colspan=\"2\">Grandinin\u0117<\/td>\n<\/tr>\n<tr>\n<td class=\"xl65\" colspan=\"6\" height=\"21\">Dantys, vnt<\/td>\n<td class=\"xl65\" colspan=\"2\">24\/6 flan\u010do<\/td>\n<td class=\"xl65\" colspan=\"2\">28\/7 flan\u010do<\/td>\n<td class=\"xl65\" colspan=\"2\">32\/8flan\u010do<\/td>\n<\/tr>\n<tr>\n<td class=\"xl65\" colspan=\"6\" height=\"21\">Rotoriaus skersmuo mm<\/td>\n<td class=\"xl65\" colspan=\"2\" align=\"right\">63<\/td>\n<td class=\"xl65\" colspan=\"2\" align=\"right\">63<\/td>\n<td class=\"xl65\" colspan=\"2\" align=\"right\">63<\/td>\n<\/tr>\n<tr>\n<td class=\"xl65\" colspan=\"6\" height=\"21\">Total diameter mm<\/td>\n<td class=\"xl65\" colspan=\"2\" align=\"right\">323<\/td>\n<td class=\"xl65\" colspan=\"2\" align=\"right\">323<\/td>\n<td class=\"xl65\" colspan=\"2\" align=\"right\">323<\/td>\n<\/tr>\n<tr>\n<td class=\"xl65\" colspan=\"6\" height=\"21\">Nuo GTV \u012f kair\u0119 pus\u0119 mm<\/td>\n<td class=\"xl65\" colspan=\"2\" align=\"right\">575<\/td>\n<td class=\"xl65\" colspan=\"2\" align=\"right\">675<\/td>\n<td class=\"xl65\" colspan=\"2\" align=\"right\">750<\/td>\n<\/tr>\n<tr>\n<td class=\"xl65\" colspan=\"6\" height=\"21\">Nuo GTV \u012f de\u0161in\u0119 pus\u0119 mm<\/td>\n<td class=\"xl65\" colspan=\"2\" align=\"right\">575<\/td>\n<td class=\"xl65\" colspan=\"2\" align=\"right\">675<\/td>\n<td class=\"xl65\" colspan=\"2\" align=\"right\">750<\/td>\n<\/tr>\n<tr>\n<td class=\"xl65\" colspan=\"6\" height=\"21\">Pl\u016bgelio gylis, cm<\/td>\n<td class=\"xl66\" colspan=\"2\" align=\"right\">8-12<\/td>\n<td class=\"xl67\" colspan=\"2\" align=\"right\">9-14<\/td>\n<td class=\"xl67\" colspan=\"2\" align=\"right\">8-14<\/td>\n<\/tr>\n<\/tbody>\n<\/table>\n<\/div>","protected":false},"excerpt":{"rendered":"<h3>Pagrindin\u0117s funkcijos<\/h3>\n<div id=\"comp-k95s6pv9\" class=\"_31Ne5\">\n<div id=\"bgLayers_comp-k95s6pv9\" class=\"X-jRX\">\n<ul>\n<li id=\"bgMedia_comp-k95s6pv9\" class=\"_1J6n9\">Skirtas kompakti\u0161kiems I-II traktoriams<\/li>\n<li class=\"_1J6n9\">Apsauginis kardaninis velenas su apsauginiu kai\u0161\u010diu<\/li>\n<li class=\"_1J6n9\">Reguliuojamos galin\u0117s durys<\/li>\n<li class=\"_1J6n9\">Patvari konstrukcija<\/li>\n<li class=\"_1J6n9\">Grandinin\u0117 pavara ilgesniam tarnavimo laikui<\/li>\n<\/ul>\n<\/div>\n<\/div>","protected":false},"featured_media":12995,"comment_status":"open","ping_status":"closed","template":"","meta":[],"product_cat":[135],"product_tag":[220],"class_list":["post-12875","product","type-product","status-publish","has-post-thumbnail","hentry","product_cat-frezos","product_tag-alpha"],"yoast_head":"<!-- This site is optimized with the Yoast SEO plugin v20.1 - https:\/\/yoast.com\/wordpress\/plugins\/seo\/ -->\n<title>Freza OMNIKRON S | Horomechanika<\/title>\n<meta name=\"description\" content=\"Freza OMNIKRON S u\u017e prieinam\u0105 kain\u0105. Puikiai tinka ma\u017eiems \u016bkiams ar didel\u0117ms sodyboms. Atlaiko didel\u012f darbo kruv\u012f.\" \/>\n<meta name=\"robots\" content=\"index, follow, max-snippet:-1, max-image-preview:large, max-video-preview:-1\" \/>\n<link rel=\"canonical\" href=\"https:\/\/www.horomechanika.lt\/ru\/product\/freza-omnikron-s\/\" \/>\n<meta property=\"og:locale\" content=\"ru_RU\" \/>\n<meta property=\"og:type\" content=\"article\" \/>\n<meta property=\"og:title\" content=\"Freza OMNIKRON S | Horomechanika\" \/>\n<meta property=\"og:description\" content=\"Freza OMNIKRON S u\u017e prieinam\u0105 kain\u0105. Puikiai tinka ma\u017eiems \u016bkiams ar didel\u0117ms sodyboms. Atlaiko didel\u012f darbo kruv\u012f.\" \/>\n<meta property=\"og:url\" content=\"https:\/\/www.horomechanika.lt\/ru\/product\/freza-omnikron-s\/\" \/>\n<meta property=\"og:site_name\" content=\"Horomechanika\" \/>\n<meta property=\"article:publisher\" content=\"https:\/\/www.facebook.com\/UAB-Horo-mechanika-177091812471952\" \/>\n<meta property=\"article:modified_time\" content=\"2022-05-11T06:09:51+00:00\" \/>\n<meta property=\"og:image\" content=\"https:\/\/www.horomechanika.lt\/wp-content\/uploads\/2021\/04\/Screen-Shot-2021-05-04-at-18.45.57.png\" \/>\n\t<meta property=\"og:image:width\" content=\"588\" \/>\n\t<meta property=\"og:image:height\" content=\"562\" \/>\n\t<meta property=\"og:image:type\" content=\"image\/png\" \/>\n<meta name=\"twitter:card\" content=\"summary_large_image\" \/>\n<meta name=\"twitter:label1\" content=\"\u041f\u0440\u0438\u043c\u0435\u0440\u043d\u043e\u0435 \u0432\u0440\u0435\u043c\u044f \u0434\u043b\u044f \u0447\u0442\u0435\u043d\u0438\u044f\" \/>\n\t<meta name=\"twitter:data1\" content=\"1 \u043c\u0438\u043d\u0443\u0442\u0430\" \/>\n<script type=\"application\/ld+json\" class=\"yoast-schema-graph\">{\"@context\":\"https:\/\/schema.org\",\"@graph\":[{\"@type\":\"WebPage\",\"@id\":\"https:\/\/www.horomechanika.lt\/product\/freza-omnikron-s\/\",\"url\":\"https:\/\/www.horomechanika.lt\/product\/freza-omnikron-s\/\",\"name\":\"Freza OMNIKRON S | Horomechanika\",\"isPartOf\":{\"@id\":\"https:\/\/www.horomechanika.lt\/#website\"},\"datePublished\":\"2021-04-29T13:34:47+00:00\",\"dateModified\":\"2022-05-11T06:09:51+00:00\",\"description\":\"Freza OMNIKRON S u\u017e prieinam\u0105 kain\u0105. Puikiai tinka ma\u017eiems \u016bkiams ar didel\u0117ms sodyboms. Atlaiko didel\u012f darbo kruv\u012f.\",\"breadcrumb\":{\"@id\":\"https:\/\/www.horomechanika.lt\/product\/freza-omnikron-s\/#breadcrumb\"},\"inLanguage\":\"ru-RU\",\"potentialAction\":[{\"@type\":\"ReadAction\",\"target\":[\"https:\/\/www.horomechanika.lt\/product\/freza-omnikron-s\/\"]}]},{\"@type\":\"BreadcrumbList\",\"@id\":\"https:\/\/www.horomechanika.lt\/product\/freza-omnikron-s\/#breadcrumb\",\"itemListElement\":[{\"@type\":\"ListItem\",\"position\":1,\"name\":\"Home\",\"item\":\"https:\/\/www.horomechanika.lt\/\"},{\"@type\":\"ListItem\",\"position\":2,\"name\":\"Shop\",\"item\":\"https:\/\/www.horomechanika.lt\/ru\/shop-2\/\"},{\"@type\":\"ListItem\",\"position\":3,\"name\":\"Freza OMNIKRON S\"}]},{\"@type\":\"WebSite\",\"@id\":\"https:\/\/www.horomechanika.lt\/#website\",\"url\":\"https:\/\/www.horomechanika.lt\/\",\"name\":\"Horomechanika\",\"description\":\"\u017dem\u0117s \u016akio Technika\",\"publisher\":{\"@id\":\"https:\/\/www.horomechanika.lt\/#organization\"},\"potentialAction\":[{\"@type\":\"SearchAction\",\"target\":{\"@type\":\"EntryPoint\",\"urlTemplate\":\"https:\/\/www.horomechanika.lt\/?s={search_term_string}\"},\"query-input\":\"required name=search_term_string\"}],\"inLanguage\":\"ru-RU\"},{\"@type\":\"Organization\",\"@id\":\"https:\/\/www.horomechanika.lt\/#organization\",\"name\":\"UAB \\\"Horo mechanika\\\"\",\"url\":\"https:\/\/www.horomechanika.lt\/\",\"logo\":{\"@type\":\"ImageObject\",\"inLanguage\":\"ru-RU\",\"@id\":\"https:\/\/www.horomechanika.lt\/#\/schema\/logo\/image\/\",\"url\":\"https:\/\/www.horomechanika.lt\/wp-content\/uploads\/2020\/05\/horomechanika-logo.png\",\"contentUrl\":\"https:\/\/www.horomechanika.lt\/wp-content\/uploads\/2020\/05\/horomechanika-logo.png\",\"width\":137,\"height\":56,\"caption\":\"UAB \\\"Horo mechanika\\\"\"},\"image\":{\"@id\":\"https:\/\/www.horomechanika.lt\/#\/schema\/logo\/image\/\"},\"sameAs\":[\"https:\/\/www.facebook.com\/UAB-Horo-mechanika-177091812471952\"]}]}<\/script>\n<!-- \/ Yoast SEO plugin. -->","yoast_head_json":{"title":"Freza OMNIKRON S | Horomechanika","description":"Freza OMNIKRON S u\u017e prieinam\u0105 kain\u0105. Puikiai tinka ma\u017eiems \u016bkiams ar didel\u0117ms sodyboms. Atlaiko didel\u012f darbo kruv\u012f.","robots":{"index":"index","follow":"follow","max-snippet":"max-snippet:-1","max-image-preview":"max-image-preview:large","max-video-preview":"max-video-preview:-1"},"canonical":"https:\/\/www.horomechanika.lt\/ru\/product\/freza-omnikron-s\/","og_locale":"ru_RU","og_type":"article","og_title":"Freza OMNIKRON S | Horomechanika","og_description":"Freza OMNIKRON S u\u017e prieinam\u0105 kain\u0105. Puikiai tinka ma\u017eiems \u016bkiams ar didel\u0117ms sodyboms. Atlaiko didel\u012f darbo kruv\u012f.","og_url":"https:\/\/www.horomechanika.lt\/ru\/product\/freza-omnikron-s\/","og_site_name":"Horomechanika","article_publisher":"https:\/\/www.facebook.com\/UAB-Horo-mechanika-177091812471952","article_modified_time":"2022-05-11T06:09:51+00:00","og_image":[{"width":588,"height":562,"url":"https:\/\/www.horomechanika.lt\/wp-content\/uploads\/2021\/04\/Screen-Shot-2021-05-04-at-18.45.57.png","type":"image\/png"}],"twitter_card":"summary_large_image","twitter_misc":{"\u041f\u0440\u0438\u043c\u0435\u0440\u043d\u043e\u0435 \u0432\u0440\u0435\u043c\u044f \u0434\u043b\u044f \u0447\u0442\u0435\u043d\u0438\u044f":"1 \u043c\u0438\u043d\u0443\u0442\u0430"},"schema":{"@context":"https:\/\/schema.org","@graph":[{"@type":"WebPage","@id":"https:\/\/www.horomechanika.lt\/product\/freza-omnikron-s\/","url":"https:\/\/www.horomechanika.lt\/product\/freza-omnikron-s\/","name":"Freza OMNIKRON S | Horomechanika","isPartOf":{"@id":"https:\/\/www.horomechanika.lt\/#website"},"datePublished":"2021-04-29T13:34:47+00:00","dateModified":"2022-05-11T06:09:51+00:00","description":"Freza OMNIKRON S u\u017e prieinam\u0105 kain\u0105. Puikiai tinka ma\u017eiems \u016bkiams ar didel\u0117ms sodyboms. Atlaiko didel\u012f darbo kruv\u012f.","breadcrumb":{"@id":"https:\/\/www.horomechanika.lt\/product\/freza-omnikron-s\/#breadcrumb"},"inLanguage":"ru-RU","potentialAction":[{"@type":"ReadAction","target":["https:\/\/www.horomechanika.lt\/product\/freza-omnikron-s\/"]}]},{"@type":"BreadcrumbList","@id":"https:\/\/www.horomechanika.lt\/product\/freza-omnikron-s\/#breadcrumb","itemListElement":[{"@type":"ListItem","position":1,"name":"Home","item":"https:\/\/www.horomechanika.lt\/"},{"@type":"ListItem","position":2,"name":"Shop","item":"https:\/\/www.horomechanika.lt\/ru\/shop-2\/"},{"@type":"ListItem","position":3,"name":"Freza OMNIKRON S"}]},{"@type":"WebSite","@id":"https:\/\/www.horomechanika.lt\/#website","url":"https:\/\/www.horomechanika.lt\/","name":"Horomechanika","description":"\u017dem\u0117s \u016akio Technika","publisher":{"@id":"https:\/\/www.horomechanika.lt\/#organization"},"potentialAction":[{"@type":"SearchAction","target":{"@type":"EntryPoint","urlTemplate":"https:\/\/www.horomechanika.lt\/?s={search_term_string}"},"query-input":"required name=search_term_string"}],"inLanguage":"ru-RU"},{"@type":"Organization","@id":"https:\/\/www.horomechanika.lt\/#organization","name":"UAB \"Horo mechanika\"","url":"https:\/\/www.horomechanika.lt\/","logo":{"@type":"ImageObject","inLanguage":"ru-RU","@id":"https:\/\/www.horomechanika.lt\/#\/schema\/logo\/image\/","url":"https:\/\/www.horomechanika.lt\/wp-content\/uploads\/2020\/05\/horomechanika-logo.png","contentUrl":"https:\/\/www.horomechanika.lt\/wp-content\/uploads\/2020\/05\/horomechanika-logo.png","width":137,"height":56,"caption":"UAB \"Horo mechanika\""},"image":{"@id":"https:\/\/www.horomechanika.lt\/#\/schema\/logo\/image\/"},"sameAs":["https:\/\/www.facebook.com\/UAB-Horo-mechanika-177091812471952"]}]}},"_links":{"self":[{"href":"https:\/\/www.horomechanika.lt\/ru\/wp-json\/wp\/v2\/product\/12875","targetHints":{"allow":["GET"]}}],"collection":[{"href":"https:\/\/www.horomechanika.lt\/ru\/wp-json\/wp\/v2\/product"}],"about":[{"href":"https:\/\/www.horomechanika.lt\/ru\/wp-json\/wp\/v2\/types\/product"}],"replies":[{"embeddable":true,"href":"https:\/\/www.horomechanika.lt\/ru\/wp-json\/wp\/v2\/comments?post=12875"}],"wp:featuredmedia":[{"embeddable":true,"href":"https:\/\/www.horomechanika.lt\/ru\/wp-json\/wp\/v2\/media\/12995"}],"wp:attachment":[{"href":"https:\/\/www.horomechanika.lt\/ru\/wp-json\/wp\/v2\/media?parent=12875"}],"wp:term":[{"taxonomy":"product_cat","embeddable":true,"href":"https:\/\/www.horomechanika.lt\/ru\/wp-json\/wp\/v2\/product_cat?post=12875"},{"taxonomy":"product_tag","embeddable":true,"href":"https:\/\/www.horomechanika.lt\/ru\/wp-json\/wp\/v2\/product_tag?post=12875"}],"curies":[{"name":"wp","href":"https:\/\/api.w.org\/{rel}","templated":true}]}}