{"id":12939,"date":"2021-04-30T16:21:08","date_gmt":"2021-04-30T13:21:08","guid":{"rendered":"https:\/\/www.horomechanika.lt\/?post_type=product&#038;p=12939"},"modified":"2022-05-11T09:06:38","modified_gmt":"2022-05-11T06:06:38","slug":"ekskavatorius-epsilon","status":"publish","type":"product","link":"https:\/\/www.horomechanika.lt\/ru\/product\/ekskavatorius-epsilon\/","title":{"rendered":"Ekskavatorius EPSILON"},"content":{"rendered":"<p>NAUJIENA!<\/p>\n<p>Kiekvienam \u016bkininkui, kuriam reikalingi lankst\u016bs \u012frankiai.<br \/>\nLengva laikyti, lengvai montuojama, lengva valdyti, lengva sandeliuoti<br \/>\nDirvo\u017eemio kasimui, formavimui, stumdymui.<\/p>\n<p>Papildomai galima \u012fsigyti kitus priedus.<\/p>\n<p>Daugiau informacijos apie AARDENBURG 1974 produkcij\u0105 rasite paspaudus ant <a href=\"https:\/\/www.aardenburg1974.nl\/\">nuorodos.<\/a><\/p>\n<div title=\"Page 35\">\n<div class=\"page\" title=\"Page 19\">\n<div title=\"Page 26\">\n<div title=\"Page 35\">\n<div title=\"Page 19\"><\/div>\n<\/div>\n<div title=\"Page 23\">\n<div title=\"Page 35\"><\/div>\n<\/div>\n<div title=\"Page 33\"><\/div>\n<table style=\"height: 461px;\" border=\"0\" width=\"777\" cellspacing=\"0\" cellpadding=\"0\">\n<colgroup>\n<col span=\"2\" width=\"87\" \/>\n<col width=\"84\" \/>\n<col span=\"5\" width=\"87\" \/><\/colgroup>\n<tbody>\n<tr>\n<td class=\"xl66\" colspan=\"3\" width=\"258\" height=\"21\">Modelis<\/td>\n<td class=\"xl65\" align=\"right\" width=\"87\">EPSILON 950<\/td>\n<td class=\"xl65\" colspan=\"2\" align=\"right\" width=\"174\">EPSILON 1750<\/td>\n<td class=\"xl65\" colspan=\"2\" align=\"right\" width=\"174\">EPSILON 2250<\/td>\n<\/tr>\n<tr>\n<td class=\"xl66\" colspan=\"3\" height=\"21\">Kg<\/td>\n<td class=\"xl65\" align=\"right\">270<\/td>\n<td class=\"xl65\" colspan=\"2\" align=\"right\">552<\/td>\n<td class=\"xl65\" colspan=\"2\" align=\"right\">806<\/td>\n<\/tr>\n<tr>\n<td class=\"xl66\" colspan=\"3\" height=\"21\">Kau\u0161o plotis, mm<\/td>\n<td class=\"xl65\" align=\"right\">290<\/td>\n<td class=\"xl65\" colspan=\"2\" align=\"right\">300<\/td>\n<td class=\"xl65\" colspan=\"2\" align=\"right\">400<\/td>\n<\/tr>\n<tr>\n<td class=\"xl66\" colspan=\"3\" height=\"21\">Min HP<\/td>\n<td class=\"xl65\" align=\"right\">18<\/td>\n<td class=\"xl65\" colspan=\"2\" align=\"right\">25<\/td>\n<td class=\"xl65\" colspan=\"2\" align=\"right\">45<\/td>\n<\/tr>\n<tr>\n<td class=\"xl66\" colspan=\"3\" height=\"21\">CAT<\/td>\n<td class=\"xl65\">I<\/td>\n<td class=\"xl65\" colspan=\"2\">I<\/td>\n<td class=\"xl65\" colspan=\"2\">I, II<\/td>\n<\/tr>\n<tr>\n<td class=\"xl66\" colspan=\"3\" height=\"21\">RPM<\/td>\n<td class=\"xl65\" align=\"right\">540<\/td>\n<td class=\"xl65\" colspan=\"2\" align=\"right\">540<\/td>\n<td class=\"xl65\" colspan=\"2\" align=\"right\">540<\/td>\n<\/tr>\n<tr>\n<td class=\"xl66\" colspan=\"3\" height=\"21\">Loading height mm<\/td>\n<td class=\"xl65\" align=\"right\">1690<\/td>\n<td class=\"xl65\" colspan=\"2\" align=\"right\">1850<\/td>\n<td class=\"xl65\" colspan=\"2\" align=\"right\">2550<\/td>\n<\/tr>\n<tr>\n<td class=\"xl66\" colspan=\"3\" height=\"21\">Kasimo gylis<\/td>\n<td class=\"xl65\" align=\"right\">950<\/td>\n<td class=\"xl65\" colspan=\"2\" align=\"right\">1750<\/td>\n<td class=\"xl65\" colspan=\"2\" align=\"right\">2250<\/td>\n<\/tr>\n<tr>\n<td class=\"xl66\" colspan=\"3\" height=\"21\">Maksimalus auk\u0161tis, mm<\/td>\n<td class=\"xl65\" align=\"right\">2280<\/td>\n<td class=\"xl65\" colspan=\"2\" align=\"right\">3120<\/td>\n<td class=\"xl65\" colspan=\"2\" align=\"right\">3450<\/td>\n<\/tr>\n<tr>\n<td class=\"xl66\" colspan=\"3\" height=\"21\">Kasimo plotis,..<\/td>\n<td class=\"xl65\" align=\"right\">2440<\/td>\n<td class=\"xl65\" colspan=\"2\" align=\"right\">2600<\/td>\n<td class=\"xl65\" colspan=\"2\" align=\"right\">3300<\/td>\n<\/tr>\n<tr>\n<td class=\"xl66\" colspan=\"3\" height=\"21\">Unload height mm<\/td>\n<td class=\"xl65\" align=\"right\">1300<\/td>\n<td class=\"xl65\" colspan=\"2\" align=\"right\">1800<\/td>\n<td class=\"xl65\" colspan=\"2\" align=\"right\">2300<\/td>\n<\/tr>\n<tr>\n<td class=\"xl66\" colspan=\"3\" height=\"21\">Rankos ilgis, mm<\/td>\n<td class=\"xl65\" align=\"right\">1050<\/td>\n<td class=\"xl65\" colspan=\"2\" align=\"right\">1700<\/td>\n<td class=\"xl65\" colspan=\"2\" align=\"right\">1700<\/td>\n<\/tr>\n<tr>\n<td class=\"xl66\" colspan=\"3\" height=\"21\">\u0160oninis poslinkis,mm<\/td>\n<td class=\"xl65\" align=\"right\">700<\/td>\n<td class=\"xl65\" colspan=\"2\" align=\"right\">960<\/td>\n<td class=\"xl65\" colspan=\"2\" align=\"right\">960<\/td>\n<\/tr>\n<tr>\n<td class=\"xl66\" colspan=\"3\" height=\"21\">Pasisukimo kampas<\/td>\n<td class=\"xl65\">180\u00b0<\/td>\n<td class=\"xl65\" colspan=\"2\">180\u00b0<\/td>\n<td class=\"xl65\" colspan=\"2\">180\u00b0<\/td>\n<\/tr>\n<\/tbody>\n<\/table>\n<\/div>\n<div title=\"Page 35\">\n<div title=\"Page 23\"><\/div>\n<\/div>\n<\/div>\n<\/div>","protected":false},"excerpt":{"rendered":"<h3>Pagrindin\u0117s funkcijos<\/h3>\n<div id=\"comp-k95s6pv9\" class=\"_31Ne5\">\n<div id=\"bgLayers_comp-k95s6pv9\" class=\"X-jRX\">\n<ul>\n<li class=\"_1J6n9\">Pagamintas i\u0161 auk\u0161tos kokyb\u0117s plieno<\/li>\n<li class=\"_1J6n9\">Lengvas valdymas ir didelis matomumas<\/li>\n<li class=\"_1J6n9\">Sulankstomos, kad b\u016bt\u0173 lengva sandeliuoti<\/li>\n<li class=\"_1J6n9\">Hidraulinis \u0161oninis poslinkis ir stabilios atramos<\/li>\n<li class=\"_1J6n9\">Didelis 180 \u00b0 kampas<\/li>\n<\/ul>\n<\/div>\n<\/div>","protected":false},"featured_media":12940,"comment_status":"open","ping_status":"closed","template":"","meta":[],"product_cat":[135,103],"product_tag":[220],"class_list":["post-12939","product","type-product","status-publish","has-post-thumbnail","hentry","product_cat-frezos","product_cat-specializuota-technika","product_tag-alpha"],"yoast_head":"<!-- This site is optimized with the Yoast SEO plugin v20.1 - https:\/\/yoast.com\/wordpress\/plugins\/seo\/ -->\n<title>Ekskavatorius EPSILON | Horomechanika<\/title>\n<meta name=\"description\" content=\"Ekskavatorius EPSILON u\u017e prieinam\u0105 kain\u0105. Puikiai tinka kiekvienam \u016bkininkui Atlaiko didel\u012f darbo kruv\u012f.\" \/>\n<meta name=\"robots\" content=\"index, follow, max-snippet:-1, max-image-preview:large, max-video-preview:-1\" \/>\n<link rel=\"canonical\" href=\"https:\/\/www.horomechanika.lt\/ru\/product\/ekskavatorius-epsilon\/\" \/>\n<meta property=\"og:locale\" content=\"ru_RU\" \/>\n<meta property=\"og:type\" content=\"article\" \/>\n<meta property=\"og:title\" content=\"Ekskavatorius EPSILON | Horomechanika\" \/>\n<meta property=\"og:description\" content=\"Ekskavatorius EPSILON u\u017e prieinam\u0105 kain\u0105. Puikiai tinka kiekvienam \u016bkininkui Atlaiko didel\u012f darbo kruv\u012f.\" \/>\n<meta property=\"og:url\" content=\"https:\/\/www.horomechanika.lt\/ru\/product\/ekskavatorius-epsilon\/\" \/>\n<meta property=\"og:site_name\" content=\"Horomechanika\" \/>\n<meta property=\"article:publisher\" content=\"https:\/\/www.facebook.com\/UAB-Horo-mechanika-177091812471952\" \/>\n<meta property=\"article:modified_time\" content=\"2022-05-11T06:06:38+00:00\" \/>\n<meta property=\"og:image\" content=\"https:\/\/www.horomechanika.lt\/wp-content\/uploads\/2021\/04\/Screen-Shot-2021-04-30-at-16.26.15.png\" \/>\n\t<meta property=\"og:image:width\" content=\"1638\" \/>\n\t<meta property=\"og:image:height\" content=\"1290\" \/>\n\t<meta property=\"og:image:type\" content=\"image\/png\" \/>\n<meta name=\"twitter:card\" content=\"summary_large_image\" \/>\n<meta name=\"twitter:label1\" content=\"\u041f\u0440\u0438\u043c\u0435\u0440\u043d\u043e\u0435 \u0432\u0440\u0435\u043c\u044f \u0434\u043b\u044f \u0447\u0442\u0435\u043d\u0438\u044f\" \/>\n\t<meta name=\"twitter:data1\" content=\"1 \u043c\u0438\u043d\u0443\u0442\u0430\" \/>\n<script type=\"application\/ld+json\" class=\"yoast-schema-graph\">{\"@context\":\"https:\/\/schema.org\",\"@graph\":[{\"@type\":\"WebPage\",\"@id\":\"https:\/\/www.horomechanika.lt\/ru\/product\/ekskavatorius-epsilon\/\",\"url\":\"https:\/\/www.horomechanika.lt\/ru\/product\/ekskavatorius-epsilon\/\",\"name\":\"Ekskavatorius EPSILON | Horomechanika\",\"isPartOf\":{\"@id\":\"https:\/\/www.horomechanika.lt\/#website\"},\"datePublished\":\"2021-04-30T13:21:08+00:00\",\"dateModified\":\"2022-05-11T06:06:38+00:00\",\"description\":\"Ekskavatorius EPSILON u\u017e prieinam\u0105 kain\u0105. Puikiai tinka kiekvienam \u016bkininkui Atlaiko didel\u012f darbo kruv\u012f.\",\"breadcrumb\":{\"@id\":\"https:\/\/www.horomechanika.lt\/ru\/product\/ekskavatorius-epsilon\/#breadcrumb\"},\"inLanguage\":\"ru-RU\",\"potentialAction\":[{\"@type\":\"ReadAction\",\"target\":[\"https:\/\/www.horomechanika.lt\/ru\/product\/ekskavatorius-epsilon\/\"]}]},{\"@type\":\"BreadcrumbList\",\"@id\":\"https:\/\/www.horomechanika.lt\/ru\/product\/ekskavatorius-epsilon\/#breadcrumb\",\"itemListElement\":[{\"@type\":\"ListItem\",\"position\":1,\"name\":\"Home\",\"item\":\"https:\/\/www.horomechanika.lt\/\"},{\"@type\":\"ListItem\",\"position\":2,\"name\":\"Shop\",\"item\":\"https:\/\/www.horomechanika.lt\/ru\/shop-2\/\"},{\"@type\":\"ListItem\",\"position\":3,\"name\":\"Ekskavatorius EPSILON\"}]},{\"@type\":\"WebSite\",\"@id\":\"https:\/\/www.horomechanika.lt\/#website\",\"url\":\"https:\/\/www.horomechanika.lt\/\",\"name\":\"Horomechanika\",\"description\":\"\u017dem\u0117s \u016akio Technika\",\"publisher\":{\"@id\":\"https:\/\/www.horomechanika.lt\/#organization\"},\"potentialAction\":[{\"@type\":\"SearchAction\",\"target\":{\"@type\":\"EntryPoint\",\"urlTemplate\":\"https:\/\/www.horomechanika.lt\/?s={search_term_string}\"},\"query-input\":\"required name=search_term_string\"}],\"inLanguage\":\"ru-RU\"},{\"@type\":\"Organization\",\"@id\":\"https:\/\/www.horomechanika.lt\/#organization\",\"name\":\"UAB \\\"Horo mechanika\\\"\",\"url\":\"https:\/\/www.horomechanika.lt\/\",\"logo\":{\"@type\":\"ImageObject\",\"inLanguage\":\"ru-RU\",\"@id\":\"https:\/\/www.horomechanika.lt\/#\/schema\/logo\/image\/\",\"url\":\"https:\/\/www.horomechanika.lt\/wp-content\/uploads\/2020\/05\/horomechanika-logo.png\",\"contentUrl\":\"https:\/\/www.horomechanika.lt\/wp-content\/uploads\/2020\/05\/horomechanika-logo.png\",\"width\":137,\"height\":56,\"caption\":\"UAB \\\"Horo mechanika\\\"\"},\"image\":{\"@id\":\"https:\/\/www.horomechanika.lt\/#\/schema\/logo\/image\/\"},\"sameAs\":[\"https:\/\/www.facebook.com\/UAB-Horo-mechanika-177091812471952\"]}]}<\/script>\n<!-- \/ Yoast SEO plugin. -->","yoast_head_json":{"title":"Ekskavatorius EPSILON | Horomechanika","description":"Ekskavatorius EPSILON u\u017e prieinam\u0105 kain\u0105. Puikiai tinka kiekvienam \u016bkininkui Atlaiko didel\u012f darbo kruv\u012f.","robots":{"index":"index","follow":"follow","max-snippet":"max-snippet:-1","max-image-preview":"max-image-preview:large","max-video-preview":"max-video-preview:-1"},"canonical":"https:\/\/www.horomechanika.lt\/ru\/product\/ekskavatorius-epsilon\/","og_locale":"ru_RU","og_type":"article","og_title":"Ekskavatorius EPSILON | Horomechanika","og_description":"Ekskavatorius EPSILON u\u017e prieinam\u0105 kain\u0105. Puikiai tinka kiekvienam \u016bkininkui Atlaiko didel\u012f darbo kruv\u012f.","og_url":"https:\/\/www.horomechanika.lt\/ru\/product\/ekskavatorius-epsilon\/","og_site_name":"Horomechanika","article_publisher":"https:\/\/www.facebook.com\/UAB-Horo-mechanika-177091812471952","article_modified_time":"2022-05-11T06:06:38+00:00","og_image":[{"width":1638,"height":1290,"url":"https:\/\/www.horomechanika.lt\/wp-content\/uploads\/2021\/04\/Screen-Shot-2021-04-30-at-16.26.15.png","type":"image\/png"}],"twitter_card":"summary_large_image","twitter_misc":{"\u041f\u0440\u0438\u043c\u0435\u0440\u043d\u043e\u0435 \u0432\u0440\u0435\u043c\u044f \u0434\u043b\u044f \u0447\u0442\u0435\u043d\u0438\u044f":"1 \u043c\u0438\u043d\u0443\u0442\u0430"},"schema":{"@context":"https:\/\/schema.org","@graph":[{"@type":"WebPage","@id":"https:\/\/www.horomechanika.lt\/ru\/product\/ekskavatorius-epsilon\/","url":"https:\/\/www.horomechanika.lt\/ru\/product\/ekskavatorius-epsilon\/","name":"Ekskavatorius EPSILON | Horomechanika","isPartOf":{"@id":"https:\/\/www.horomechanika.lt\/#website"},"datePublished":"2021-04-30T13:21:08+00:00","dateModified":"2022-05-11T06:06:38+00:00","description":"Ekskavatorius EPSILON u\u017e prieinam\u0105 kain\u0105. Puikiai tinka kiekvienam \u016bkininkui Atlaiko didel\u012f darbo kruv\u012f.","breadcrumb":{"@id":"https:\/\/www.horomechanika.lt\/ru\/product\/ekskavatorius-epsilon\/#breadcrumb"},"inLanguage":"ru-RU","potentialAction":[{"@type":"ReadAction","target":["https:\/\/www.horomechanika.lt\/ru\/product\/ekskavatorius-epsilon\/"]}]},{"@type":"BreadcrumbList","@id":"https:\/\/www.horomechanika.lt\/ru\/product\/ekskavatorius-epsilon\/#breadcrumb","itemListElement":[{"@type":"ListItem","position":1,"name":"Home","item":"https:\/\/www.horomechanika.lt\/"},{"@type":"ListItem","position":2,"name":"Shop","item":"https:\/\/www.horomechanika.lt\/ru\/shop-2\/"},{"@type":"ListItem","position":3,"name":"Ekskavatorius EPSILON"}]},{"@type":"WebSite","@id":"https:\/\/www.horomechanika.lt\/#website","url":"https:\/\/www.horomechanika.lt\/","name":"Horomechanika","description":"\u017dem\u0117s \u016akio Technika","publisher":{"@id":"https:\/\/www.horomechanika.lt\/#organization"},"potentialAction":[{"@type":"SearchAction","target":{"@type":"EntryPoint","urlTemplate":"https:\/\/www.horomechanika.lt\/?s={search_term_string}"},"query-input":"required name=search_term_string"}],"inLanguage":"ru-RU"},{"@type":"Organization","@id":"https:\/\/www.horomechanika.lt\/#organization","name":"UAB \"Horo mechanika\"","url":"https:\/\/www.horomechanika.lt\/","logo":{"@type":"ImageObject","inLanguage":"ru-RU","@id":"https:\/\/www.horomechanika.lt\/#\/schema\/logo\/image\/","url":"https:\/\/www.horomechanika.lt\/wp-content\/uploads\/2020\/05\/horomechanika-logo.png","contentUrl":"https:\/\/www.horomechanika.lt\/wp-content\/uploads\/2020\/05\/horomechanika-logo.png","width":137,"height":56,"caption":"UAB \"Horo mechanika\""},"image":{"@id":"https:\/\/www.horomechanika.lt\/#\/schema\/logo\/image\/"},"sameAs":["https:\/\/www.facebook.com\/UAB-Horo-mechanika-177091812471952"]}]}},"_links":{"self":[{"href":"https:\/\/www.horomechanika.lt\/ru\/wp-json\/wp\/v2\/product\/12939","targetHints":{"allow":["GET"]}}],"collection":[{"href":"https:\/\/www.horomechanika.lt\/ru\/wp-json\/wp\/v2\/product"}],"about":[{"href":"https:\/\/www.horomechanika.lt\/ru\/wp-json\/wp\/v2\/types\/product"}],"replies":[{"embeddable":true,"href":"https:\/\/www.horomechanika.lt\/ru\/wp-json\/wp\/v2\/comments?post=12939"}],"wp:featuredmedia":[{"embeddable":true,"href":"https:\/\/www.horomechanika.lt\/ru\/wp-json\/wp\/v2\/media\/12940"}],"wp:attachment":[{"href":"https:\/\/www.horomechanika.lt\/ru\/wp-json\/wp\/v2\/media?parent=12939"}],"wp:term":[{"taxonomy":"product_cat","embeddable":true,"href":"https:\/\/www.horomechanika.lt\/ru\/wp-json\/wp\/v2\/product_cat?post=12939"},{"taxonomy":"product_tag","embeddable":true,"href":"https:\/\/www.horomechanika.lt\/ru\/wp-json\/wp\/v2\/product_tag?post=12939"}],"curies":[{"name":"wp","href":"https:\/\/api.w.org\/{rel}","templated":true}]}}