{"id":13085,"date":"2021-06-01T11:09:22","date_gmt":"2021-06-01T08:09:22","guid":{"rendered":"https:\/\/www.horomechanika.lt\/?post_type=product&#038;p=13085"},"modified":"2022-05-11T09:08:15","modified_gmt":"2022-05-11T06:08:15","slug":"kultivatoriai-terfed","status":"publish","type":"product","link":"https:\/\/www.horomechanika.lt\/ru\/product\/kultivatoriai-terfed\/","title":{"rendered":"Kultivatoriai TERFED"},"content":{"rendered":"<p>Kultivatoriai TERFED VEPR skirti \u017eem\u0117s paruo\u0161imui prie\u0161 sej\u0105, puikiai i\u0161dirba net ir kiet\u0105 grunt\u0105, pa\u0161alina pikt\u017eoles ir i\u0161dirba \u017eem\u0119 4-15 cm. gyliu. Komplektuojami su su str\u0117liniais norag\u0117liai, 20*20 mm spyruokline koja. Gaminami pakabinamo tipo 3,6-4,2m plo\u010dio su atraminais ratukais arba be j\u0173, su viengubu galiniu volu ir prikbinamo tipo 4,2-6,8 m plo\u010dio su dvigubu galiniu volu. Papildomai galima komplektuoti lyginimo lenta arba spyruoklin\u0117mis ak\u0117t\u0117l\u0117mis.<\/p>","protected":false},"excerpt":{"rendered":"<p>Kultivatoriai TERFED VEPR skirti \u017eem\u0117s paruo\u0161imui prie\u0161 sej\u0105, puikiai i\u0161dirba net ir kiet\u0105 grunt\u0105, pa\u0161alina pikt\u017eoles ir i\u0161dirba \u017eem\u0119 4-15 cm. gyliu. Komplektuojami su su str\u0117liniais norag\u0117liai, 20*20 mm spyruokline koja. Gaminami pakabinamo tipo 3,6-4,2m plo\u010dio su atraminais ratukais arba be j\u0173, su viengubu galiniu volu ir prikbinamo tipo 4,2-6,8 m plo\u010dio su dvigubu galiniu [&hellip;]<\/p>","protected":false},"featured_media":13087,"comment_status":"open","ping_status":"closed","template":"","meta":[],"product_cat":[132],"product_tag":[],"class_list":["post-13085","product","type-product","status-publish","has-post-thumbnail","hentry","product_cat-kultivatoriai"],"yoast_head":"<!-- This site is optimized with the Yoast SEO plugin v20.1 - https:\/\/yoast.com\/wordpress\/plugins\/seo\/ -->\n<title>Kultivatoriai TERFED | Horomechanika<\/title>\n<meta name=\"robots\" content=\"index, follow, max-snippet:-1, max-image-preview:large, max-video-preview:-1\" \/>\n<link rel=\"canonical\" href=\"https:\/\/www.horomechanika.lt\/ru\/product\/kultivatoriai-terfed\/\" \/>\n<meta property=\"og:locale\" content=\"ru_RU\" \/>\n<meta property=\"og:type\" content=\"article\" \/>\n<meta property=\"og:title\" content=\"Kultivatoriai TERFED | Horomechanika\" \/>\n<meta property=\"og:description\" content=\"Kultivatoriai TERFED VEPR skirti \u017eem\u0117s paruo\u0161imui prie\u0161 sej\u0105, puikiai i\u0161dirba net ir kiet\u0105 grunt\u0105, pa\u0161alina pikt\u017eoles ir i\u0161dirba \u017eem\u0119 4-15 cm. gyliu. Komplektuojami su su str\u0117liniais norag\u0117liai, 20*20 mm spyruokline koja. Gaminami pakabinamo tipo 3,6-4,2m plo\u010dio su atraminais ratukais arba be j\u0173, su viengubu galiniu volu ir prikbinamo tipo 4,2-6,8 m plo\u010dio su dvigubu galiniu [&hellip;]\" \/>\n<meta property=\"og:url\" content=\"https:\/\/www.horomechanika.lt\/ru\/product\/kultivatoriai-terfed\/\" \/>\n<meta property=\"og:site_name\" content=\"Horomechanika\" \/>\n<meta property=\"article:publisher\" content=\"https:\/\/www.facebook.com\/UAB-Horo-mechanika-177091812471952\" \/>\n<meta property=\"article:modified_time\" content=\"2022-05-11T06:08:15+00:00\" \/>\n<meta property=\"og:image\" content=\"https:\/\/www.horomechanika.lt\/wp-content\/uploads\/2021\/06\/IMG-1752.jpg\" \/>\n\t<meta property=\"og:image:width\" content=\"1600\" \/>\n\t<meta property=\"og:image:height\" content=\"644\" \/>\n\t<meta property=\"og:image:type\" content=\"image\/jpeg\" \/>\n<meta name=\"twitter:card\" content=\"summary_large_image\" \/>\n<meta name=\"twitter:label1\" content=\"\u041f\u0440\u0438\u043c\u0435\u0440\u043d\u043e\u0435 \u0432\u0440\u0435\u043c\u044f \u0434\u043b\u044f \u0447\u0442\u0435\u043d\u0438\u044f\" \/>\n\t<meta name=\"twitter:data1\" content=\"1 \u043c\u0438\u043d\u0443\u0442\u0430\" \/>\n<script type=\"application\/ld+json\" class=\"yoast-schema-graph\">{\"@context\":\"https:\/\/schema.org\",\"@graph\":[{\"@type\":\"WebPage\",\"@id\":\"https:\/\/www.horomechanika.lt\/ru\/product\/kultivatoriai-terfed\/\",\"url\":\"https:\/\/www.horomechanika.lt\/ru\/product\/kultivatoriai-terfed\/\",\"name\":\"Kultivatoriai TERFED | Horomechanika\",\"isPartOf\":{\"@id\":\"https:\/\/www.horomechanika.lt\/#website\"},\"datePublished\":\"2021-06-01T08:09:22+00:00\",\"dateModified\":\"2022-05-11T06:08:15+00:00\",\"breadcrumb\":{\"@id\":\"https:\/\/www.horomechanika.lt\/ru\/product\/kultivatoriai-terfed\/#breadcrumb\"},\"inLanguage\":\"ru-RU\",\"potentialAction\":[{\"@type\":\"ReadAction\",\"target\":[\"https:\/\/www.horomechanika.lt\/ru\/product\/kultivatoriai-terfed\/\"]}]},{\"@type\":\"BreadcrumbList\",\"@id\":\"https:\/\/www.horomechanika.lt\/ru\/product\/kultivatoriai-terfed\/#breadcrumb\",\"itemListElement\":[{\"@type\":\"ListItem\",\"position\":1,\"name\":\"Home\",\"item\":\"https:\/\/www.horomechanika.lt\/\"},{\"@type\":\"ListItem\",\"position\":2,\"name\":\"Shop\",\"item\":\"https:\/\/www.horomechanika.lt\/ru\/shop-2\/\"},{\"@type\":\"ListItem\",\"position\":3,\"name\":\"Kultivatoriai TERFED\"}]},{\"@type\":\"WebSite\",\"@id\":\"https:\/\/www.horomechanika.lt\/#website\",\"url\":\"https:\/\/www.horomechanika.lt\/\",\"name\":\"Horomechanika\",\"description\":\"\u017dem\u0117s \u016akio Technika\",\"publisher\":{\"@id\":\"https:\/\/www.horomechanika.lt\/#organization\"},\"potentialAction\":[{\"@type\":\"SearchAction\",\"target\":{\"@type\":\"EntryPoint\",\"urlTemplate\":\"https:\/\/www.horomechanika.lt\/?s={search_term_string}\"},\"query-input\":\"required name=search_term_string\"}],\"inLanguage\":\"ru-RU\"},{\"@type\":\"Organization\",\"@id\":\"https:\/\/www.horomechanika.lt\/#organization\",\"name\":\"UAB \\\"Horo mechanika\\\"\",\"url\":\"https:\/\/www.horomechanika.lt\/\",\"logo\":{\"@type\":\"ImageObject\",\"inLanguage\":\"ru-RU\",\"@id\":\"https:\/\/www.horomechanika.lt\/#\/schema\/logo\/image\/\",\"url\":\"https:\/\/www.horomechanika.lt\/wp-content\/uploads\/2020\/05\/horomechanika-logo.png\",\"contentUrl\":\"https:\/\/www.horomechanika.lt\/wp-content\/uploads\/2020\/05\/horomechanika-logo.png\",\"width\":137,\"height\":56,\"caption\":\"UAB \\\"Horo mechanika\\\"\"},\"image\":{\"@id\":\"https:\/\/www.horomechanika.lt\/#\/schema\/logo\/image\/\"},\"sameAs\":[\"https:\/\/www.facebook.com\/UAB-Horo-mechanika-177091812471952\"]}]}<\/script>\n<!-- \/ Yoast SEO plugin. -->","yoast_head_json":{"title":"Kultivatoriai TERFED | Horomechanika","robots":{"index":"index","follow":"follow","max-snippet":"max-snippet:-1","max-image-preview":"max-image-preview:large","max-video-preview":"max-video-preview:-1"},"canonical":"https:\/\/www.horomechanika.lt\/ru\/product\/kultivatoriai-terfed\/","og_locale":"ru_RU","og_type":"article","og_title":"Kultivatoriai TERFED | Horomechanika","og_description":"Kultivatoriai TERFED VEPR skirti \u017eem\u0117s paruo\u0161imui prie\u0161 sej\u0105, puikiai i\u0161dirba net ir kiet\u0105 grunt\u0105, pa\u0161alina pikt\u017eoles ir i\u0161dirba \u017eem\u0119 4-15 cm. gyliu. Komplektuojami su su str\u0117liniais norag\u0117liai, 20*20 mm spyruokline koja. Gaminami pakabinamo tipo 3,6-4,2m plo\u010dio su atraminais ratukais arba be j\u0173, su viengubu galiniu volu ir prikbinamo tipo 4,2-6,8 m plo\u010dio su dvigubu galiniu [&hellip;]","og_url":"https:\/\/www.horomechanika.lt\/ru\/product\/kultivatoriai-terfed\/","og_site_name":"Horomechanika","article_publisher":"https:\/\/www.facebook.com\/UAB-Horo-mechanika-177091812471952","article_modified_time":"2022-05-11T06:08:15+00:00","og_image":[{"width":1600,"height":644,"url":"https:\/\/www.horomechanika.lt\/wp-content\/uploads\/2021\/06\/IMG-1752.jpg","type":"image\/jpeg"}],"twitter_card":"summary_large_image","twitter_misc":{"\u041f\u0440\u0438\u043c\u0435\u0440\u043d\u043e\u0435 \u0432\u0440\u0435\u043c\u044f \u0434\u043b\u044f \u0447\u0442\u0435\u043d\u0438\u044f":"1 \u043c\u0438\u043d\u0443\u0442\u0430"},"schema":{"@context":"https:\/\/schema.org","@graph":[{"@type":"WebPage","@id":"https:\/\/www.horomechanika.lt\/ru\/product\/kultivatoriai-terfed\/","url":"https:\/\/www.horomechanika.lt\/ru\/product\/kultivatoriai-terfed\/","name":"Kultivatoriai TERFED | Horomechanika","isPartOf":{"@id":"https:\/\/www.horomechanika.lt\/#website"},"datePublished":"2021-06-01T08:09:22+00:00","dateModified":"2022-05-11T06:08:15+00:00","breadcrumb":{"@id":"https:\/\/www.horomechanika.lt\/ru\/product\/kultivatoriai-terfed\/#breadcrumb"},"inLanguage":"ru-RU","potentialAction":[{"@type":"ReadAction","target":["https:\/\/www.horomechanika.lt\/ru\/product\/kultivatoriai-terfed\/"]}]},{"@type":"BreadcrumbList","@id":"https:\/\/www.horomechanika.lt\/ru\/product\/kultivatoriai-terfed\/#breadcrumb","itemListElement":[{"@type":"ListItem","position":1,"name":"Home","item":"https:\/\/www.horomechanika.lt\/"},{"@type":"ListItem","position":2,"name":"Shop","item":"https:\/\/www.horomechanika.lt\/ru\/shop-2\/"},{"@type":"ListItem","position":3,"name":"Kultivatoriai TERFED"}]},{"@type":"WebSite","@id":"https:\/\/www.horomechanika.lt\/#website","url":"https:\/\/www.horomechanika.lt\/","name":"Horomechanika","description":"\u017dem\u0117s \u016akio Technika","publisher":{"@id":"https:\/\/www.horomechanika.lt\/#organization"},"potentialAction":[{"@type":"SearchAction","target":{"@type":"EntryPoint","urlTemplate":"https:\/\/www.horomechanika.lt\/?s={search_term_string}"},"query-input":"required name=search_term_string"}],"inLanguage":"ru-RU"},{"@type":"Organization","@id":"https:\/\/www.horomechanika.lt\/#organization","name":"UAB \"Horo mechanika\"","url":"https:\/\/www.horomechanika.lt\/","logo":{"@type":"ImageObject","inLanguage":"ru-RU","@id":"https:\/\/www.horomechanika.lt\/#\/schema\/logo\/image\/","url":"https:\/\/www.horomechanika.lt\/wp-content\/uploads\/2020\/05\/horomechanika-logo.png","contentUrl":"https:\/\/www.horomechanika.lt\/wp-content\/uploads\/2020\/05\/horomechanika-logo.png","width":137,"height":56,"caption":"UAB \"Horo mechanika\""},"image":{"@id":"https:\/\/www.horomechanika.lt\/#\/schema\/logo\/image\/"},"sameAs":["https:\/\/www.facebook.com\/UAB-Horo-mechanika-177091812471952"]}]}},"_links":{"self":[{"href":"https:\/\/www.horomechanika.lt\/ru\/wp-json\/wp\/v2\/product\/13085","targetHints":{"allow":["GET"]}}],"collection":[{"href":"https:\/\/www.horomechanika.lt\/ru\/wp-json\/wp\/v2\/product"}],"about":[{"href":"https:\/\/www.horomechanika.lt\/ru\/wp-json\/wp\/v2\/types\/product"}],"replies":[{"embeddable":true,"href":"https:\/\/www.horomechanika.lt\/ru\/wp-json\/wp\/v2\/comments?post=13085"}],"wp:featuredmedia":[{"embeddable":true,"href":"https:\/\/www.horomechanika.lt\/ru\/wp-json\/wp\/v2\/media\/13087"}],"wp:attachment":[{"href":"https:\/\/www.horomechanika.lt\/ru\/wp-json\/wp\/v2\/media?parent=13085"}],"wp:term":[{"taxonomy":"product_cat","embeddable":true,"href":"https:\/\/www.horomechanika.lt\/ru\/wp-json\/wp\/v2\/product_cat?post=13085"},{"taxonomy":"product_tag","embeddable":true,"href":"https:\/\/www.horomechanika.lt\/ru\/wp-json\/wp\/v2\/product_tag?post=13085"}],"curies":[{"name":"wp","href":"https:\/\/api.w.org\/{rel}","templated":true}]}}