{"id":13103,"date":"2021-06-01T14:07:46","date_gmt":"2021-06-01T11:07:46","guid":{"rendered":"https:\/\/www.horomechanika.lt\/?post_type=product&#038;p=13103"},"modified":"2021-06-01T14:29:43","modified_gmt":"2021-06-01T11:29:43","slug":"greblys-vartytuvas-enorossi-dr420","status":"publish","type":"product","link":"https:\/\/www.horomechanika.lt\/ru\/product\/greblys-vartytuvas-enorossi-dr420\/","title":{"rendered":"Gr\u0117blys &#8211; vartytuvas ENOROSSI DR420"},"content":{"rendered":"<p>Idealiai tinka vidutinio dyd\u017eio ir dideliems \u016bkiams, kuriems reikalinga daugiafunkcin\u0117 ma\u0161ina. Tai idealus sprendimas \u016bkininkams, norintiems gauti tiek centrin\u0119, tiek \u0161onin\u0119 pradalges, atsi\u017evelgiant \u012f nuimamos med\u017eiagos kiek\u012f. Jis gali atlikti daugyb\u0119 skirting\u0173 pas\u0117li\u0173 ir gr\u0117bimo funkcij\u0173, visada optimaliai apdoroja auk\u0161tos kokyb\u0117s pa\u0161ar\u0105. Standarti\u0161kai komplektuojamas su kardaniniu velenu, apsaugomis, keitikliu ir dvigubais ratais. Didelis 17 Km \/ h darbinis greitis leid\u017eia pasiekti puiki\u0173 rezultat\u0173.<\/p>\n<p><iframe loading=\"lazy\" title=\"2 ROTOR TEDDER RAKE DR 420\" width=\"895\" height=\"503\" src=\"https:\/\/www.youtube.com\/embed\/ZCjLnJObgIU?feature=oembed\" frameborder=\"0\" allow=\"accelerometer; autoplay; clipboard-write; encrypted-media; gyroscope; picture-in-picture\" allowfullscreen><\/iframe><\/p>\n<p>&nbsp;<\/p>\n<div class=\"wpb_column vc_column_container col-sm-9 vc_col-sm-9 col-lg-9 vc_col-lg-9\">\n<div class=\"vc_column-inner\">\n<div class=\"wpb_wrapper\">\n<div class=\"wpb_text_column wpb_content_element\">\n<div class=\"wpb_wrapper\">\n<table border=\"1\" width=\"100%\">\n<tbody>\n<tr>\n<td><strong>Modelis<\/strong><\/td>\n<td>\n<p class=\"p1\"><strong>N\u00b0\u00a0<\/strong><\/p>\n<\/td>\n<td><strong>N\u00b0 dantys<\/strong><\/td>\n<td>\n<p class=\"p1\"><strong>Gr\u0117bliavimo darbinis plotis<\/strong><\/p>\n<\/td>\n<td>\n<p class=\"p1\"><strong>Vartymo darbinis plotis<\/strong><\/p>\n<\/td>\n<td><b>Ma\u0161inos plotis<\/b><\/td>\n<td><strong>AG<\/strong><\/td>\n<td><strong>Svoris<\/strong><\/td>\n<\/tr>\n<tr>\n<td><strong>DR 420 4R<\/strong><\/td>\n<td>12+6<\/td>\n<td>24+18<\/td>\n<td>370\/420 cm.<\/td>\n<td>340\/360 cm.<\/td>\n<td>\u00a0230 cm.<\/td>\n<td>\n<p class=\"p1\">50 HP<\/p>\n<\/td>\n<td>500\u00a0Kg.<\/td>\n<\/tr>\n<\/tbody>\n<\/table>\n<\/div>\n<\/div>\n<\/div>\n<\/div>\n<\/div>\n<div class=\"wpb_column vc_column_container col-sm-3 vc_col-sm-3 col-lg-3 vc_col-lg-3\">\n<div class=\"vc_column-inner\">\n<div class=\"wpb_wrapper\">\n<div class=\"vc_custom_heading heading-title-3 vc_custom_1457115578884\"><\/div>\n<div class=\"wpb_text_column wpb_content_element\">\n<div class=\"wpb_wrapper\">\n<div class=\"wpb_raw_code wpb_content_element wpb_raw_html\">\n<div class=\"wpb_wrapper\">\n<div class=\"contact-info\">\n<p>&nbsp;<\/p>\n<\/div>\n<\/div>\n<\/div>\n<\/div>\n<\/div>\n<\/div>\n<\/div>\n<div class=\"vc_row wpb_row\">\n<div class=\"boxed\">\n<div class=\"container\">\n<div class=\"row\">\n<div class=\"wpb_column vc_column_container col-sm-12 vc_col-sm-12 col-lg-12 vc_col-lg-12\">\n<div class=\"vc_column-inner\">\n<div class=\"wpb_wrapper\"><\/div>\n<\/div>\n<\/div>\n<\/div>\n<\/div>\n<\/div>\n<\/div>\n<\/div>","protected":false},"excerpt":{"rendered":"<p>Idealiai tinka vidutinio dyd\u017eio ir dideliems \u016bkiams, kuriems reikalinga daugiafunkcin\u0117 ma\u0161ina. Tai idealus sprendimas \u016bkininkams, norintiems gauti tiek centrin\u0119, tiek \u0161onin\u0119 pradalges, atsi\u017evelgiant \u012f nuimamos med\u017eiagos kiek\u012f. Jis gali atlikti daugyb\u0119 skirting\u0173 pas\u0117li\u0173 ir gr\u0117bimo funkcij\u0173, visada optimaliai apdoroja auk\u0161tos kokyb\u0117s pa\u0161ar\u0105. Standarti\u0161kai komplektuojamas su kardaniniu velenu, apsaugomis, keitikliu ir dvigubais ratais. Didelis 17 Km [&hellip;]<\/p>","protected":false},"featured_media":13111,"comment_status":"open","ping_status":"closed","template":"","meta":[],"product_cat":[145,146],"product_tag":[],"class_list":["post-13103","product","type-product","status-publish","has-post-thumbnail","hentry","product_cat-grebliai","product_cat-vartytuvai"],"yoast_head":"<!-- This site is optimized with the Yoast SEO plugin v20.1 - https:\/\/yoast.com\/wordpress\/plugins\/seo\/ -->\n<title>Gr\u0117blys - vartytuvas ENOROSSI DR420 | Horomechanika<\/title>\n<meta name=\"description\" content=\"Tr\u0105\u0161\u0173 barstytuvo ve\u017eim\u0117lis u\u017e prieinam\u0105 kain\u0105. Didelis preki\u0173 pasirinkimas. Turime sand\u0117lyje!\" \/>\n<meta name=\"robots\" content=\"index, follow, max-snippet:-1, max-image-preview:large, max-video-preview:-1\" \/>\n<link rel=\"canonical\" href=\"https:\/\/www.horomechanika.lt\/ru\/product\/greblys-vartytuvas-enorossi-dr420\/\" \/>\n<meta property=\"og:locale\" content=\"ru_RU\" \/>\n<meta property=\"og:type\" content=\"article\" \/>\n<meta property=\"og:title\" content=\"Gr\u0117blys - vartytuvas ENOROSSI DR420 | Horomechanika\" \/>\n<meta property=\"og:description\" content=\"Tr\u0105\u0161\u0173 barstytuvo ve\u017eim\u0117lis u\u017e prieinam\u0105 kain\u0105. Didelis preki\u0173 pasirinkimas. Turime sand\u0117lyje!\" \/>\n<meta property=\"og:url\" content=\"https:\/\/www.horomechanika.lt\/ru\/product\/greblys-vartytuvas-enorossi-dr420\/\" \/>\n<meta property=\"og:site_name\" content=\"Horomechanika\" \/>\n<meta property=\"article:publisher\" content=\"https:\/\/www.facebook.com\/UAB-Horo-mechanika-177091812471952\" \/>\n<meta property=\"article:modified_time\" content=\"2021-06-01T11:29:43+00:00\" \/>\n<meta property=\"og:image\" content=\"https:\/\/www.horomechanika.lt\/wp-content\/uploads\/2021\/06\/Screen-Shot-2021-06-01-at-14.26.56-1024x611.png\" \/>\n\t<meta property=\"og:image:width\" content=\"1024\" \/>\n\t<meta property=\"og:image:height\" content=\"611\" \/>\n\t<meta property=\"og:image:type\" content=\"image\/png\" \/>\n<meta name=\"twitter:card\" content=\"summary_large_image\" \/>\n<meta name=\"twitter:label1\" content=\"\u041f\u0440\u0438\u043c\u0435\u0440\u043d\u043e\u0435 \u0432\u0440\u0435\u043c\u044f \u0434\u043b\u044f \u0447\u0442\u0435\u043d\u0438\u044f\" \/>\n\t<meta name=\"twitter:data1\" content=\"1 \u043c\u0438\u043d\u0443\u0442\u0430\" \/>\n<script type=\"application\/ld+json\" class=\"yoast-schema-graph\">{\"@context\":\"https:\/\/schema.org\",\"@graph\":[{\"@type\":\"WebPage\",\"@id\":\"https:\/\/www.horomechanika.lt\/product\/greblys-vartytuvas-enorossi-dr420\/\",\"url\":\"https:\/\/www.horomechanika.lt\/product\/greblys-vartytuvas-enorossi-dr420\/\",\"name\":\"Gr\u0117blys - vartytuvas ENOROSSI DR420 | Horomechanika\",\"isPartOf\":{\"@id\":\"https:\/\/www.horomechanika.lt\/#website\"},\"datePublished\":\"2021-06-01T11:07:46+00:00\",\"dateModified\":\"2021-06-01T11:29:43+00:00\",\"description\":\"Tr\u0105\u0161\u0173 barstytuvo ve\u017eim\u0117lis u\u017e prieinam\u0105 kain\u0105. Didelis preki\u0173 pasirinkimas. Turime sand\u0117lyje!\",\"breadcrumb\":{\"@id\":\"https:\/\/www.horomechanika.lt\/product\/greblys-vartytuvas-enorossi-dr420\/#breadcrumb\"},\"inLanguage\":\"ru-RU\",\"potentialAction\":[{\"@type\":\"ReadAction\",\"target\":[\"https:\/\/www.horomechanika.lt\/product\/greblys-vartytuvas-enorossi-dr420\/\"]}]},{\"@type\":\"BreadcrumbList\",\"@id\":\"https:\/\/www.horomechanika.lt\/product\/greblys-vartytuvas-enorossi-dr420\/#breadcrumb\",\"itemListElement\":[{\"@type\":\"ListItem\",\"position\":1,\"name\":\"Home\",\"item\":\"https:\/\/www.horomechanika.lt\/\"},{\"@type\":\"ListItem\",\"position\":2,\"name\":\"Shop\",\"item\":\"https:\/\/www.horomechanika.lt\/ru\/shop-2\/\"},{\"@type\":\"ListItem\",\"position\":3,\"name\":\"Gr\u0117blys &#8211; vartytuvas ENOROSSI DR420\"}]},{\"@type\":\"WebSite\",\"@id\":\"https:\/\/www.horomechanika.lt\/#website\",\"url\":\"https:\/\/www.horomechanika.lt\/\",\"name\":\"Horomechanika\",\"description\":\"\u017dem\u0117s \u016akio Technika\",\"publisher\":{\"@id\":\"https:\/\/www.horomechanika.lt\/#organization\"},\"potentialAction\":[{\"@type\":\"SearchAction\",\"target\":{\"@type\":\"EntryPoint\",\"urlTemplate\":\"https:\/\/www.horomechanika.lt\/?s={search_term_string}\"},\"query-input\":\"required name=search_term_string\"}],\"inLanguage\":\"ru-RU\"},{\"@type\":\"Organization\",\"@id\":\"https:\/\/www.horomechanika.lt\/#organization\",\"name\":\"UAB \\\"Horo mechanika\\\"\",\"url\":\"https:\/\/www.horomechanika.lt\/\",\"logo\":{\"@type\":\"ImageObject\",\"inLanguage\":\"ru-RU\",\"@id\":\"https:\/\/www.horomechanika.lt\/#\/schema\/logo\/image\/\",\"url\":\"https:\/\/www.horomechanika.lt\/wp-content\/uploads\/2020\/05\/horomechanika-logo.png\",\"contentUrl\":\"https:\/\/www.horomechanika.lt\/wp-content\/uploads\/2020\/05\/horomechanika-logo.png\",\"width\":137,\"height\":56,\"caption\":\"UAB \\\"Horo mechanika\\\"\"},\"image\":{\"@id\":\"https:\/\/www.horomechanika.lt\/#\/schema\/logo\/image\/\"},\"sameAs\":[\"https:\/\/www.facebook.com\/UAB-Horo-mechanika-177091812471952\"]}]}<\/script>\n<!-- \/ Yoast SEO plugin. -->","yoast_head_json":{"title":"Gr\u0117blys - vartytuvas ENOROSSI DR420 | Horomechanika","description":"Tr\u0105\u0161\u0173 barstytuvo ve\u017eim\u0117lis u\u017e prieinam\u0105 kain\u0105. Didelis preki\u0173 pasirinkimas. Turime sand\u0117lyje!","robots":{"index":"index","follow":"follow","max-snippet":"max-snippet:-1","max-image-preview":"max-image-preview:large","max-video-preview":"max-video-preview:-1"},"canonical":"https:\/\/www.horomechanika.lt\/ru\/product\/greblys-vartytuvas-enorossi-dr420\/","og_locale":"ru_RU","og_type":"article","og_title":"Gr\u0117blys - vartytuvas ENOROSSI DR420 | Horomechanika","og_description":"Tr\u0105\u0161\u0173 barstytuvo ve\u017eim\u0117lis u\u017e prieinam\u0105 kain\u0105. Didelis preki\u0173 pasirinkimas. Turime sand\u0117lyje!","og_url":"https:\/\/www.horomechanika.lt\/ru\/product\/greblys-vartytuvas-enorossi-dr420\/","og_site_name":"Horomechanika","article_publisher":"https:\/\/www.facebook.com\/UAB-Horo-mechanika-177091812471952","article_modified_time":"2021-06-01T11:29:43+00:00","og_image":[{"width":1024,"height":611,"url":"https:\/\/www.horomechanika.lt\/wp-content\/uploads\/2021\/06\/Screen-Shot-2021-06-01-at-14.26.56-1024x611.png","type":"image\/png"}],"twitter_card":"summary_large_image","twitter_misc":{"\u041f\u0440\u0438\u043c\u0435\u0440\u043d\u043e\u0435 \u0432\u0440\u0435\u043c\u044f \u0434\u043b\u044f \u0447\u0442\u0435\u043d\u0438\u044f":"1 \u043c\u0438\u043d\u0443\u0442\u0430"},"schema":{"@context":"https:\/\/schema.org","@graph":[{"@type":"WebPage","@id":"https:\/\/www.horomechanika.lt\/product\/greblys-vartytuvas-enorossi-dr420\/","url":"https:\/\/www.horomechanika.lt\/product\/greblys-vartytuvas-enorossi-dr420\/","name":"Gr\u0117blys - vartytuvas ENOROSSI DR420 | Horomechanika","isPartOf":{"@id":"https:\/\/www.horomechanika.lt\/#website"},"datePublished":"2021-06-01T11:07:46+00:00","dateModified":"2021-06-01T11:29:43+00:00","description":"Tr\u0105\u0161\u0173 barstytuvo ve\u017eim\u0117lis u\u017e prieinam\u0105 kain\u0105. Didelis preki\u0173 pasirinkimas. Turime sand\u0117lyje!","breadcrumb":{"@id":"https:\/\/www.horomechanika.lt\/product\/greblys-vartytuvas-enorossi-dr420\/#breadcrumb"},"inLanguage":"ru-RU","potentialAction":[{"@type":"ReadAction","target":["https:\/\/www.horomechanika.lt\/product\/greblys-vartytuvas-enorossi-dr420\/"]}]},{"@type":"BreadcrumbList","@id":"https:\/\/www.horomechanika.lt\/product\/greblys-vartytuvas-enorossi-dr420\/#breadcrumb","itemListElement":[{"@type":"ListItem","position":1,"name":"Home","item":"https:\/\/www.horomechanika.lt\/"},{"@type":"ListItem","position":2,"name":"Shop","item":"https:\/\/www.horomechanika.lt\/ru\/shop-2\/"},{"@type":"ListItem","position":3,"name":"Gr\u0117blys &#8211; vartytuvas ENOROSSI DR420"}]},{"@type":"WebSite","@id":"https:\/\/www.horomechanika.lt\/#website","url":"https:\/\/www.horomechanika.lt\/","name":"Horomechanika","description":"\u017dem\u0117s \u016akio Technika","publisher":{"@id":"https:\/\/www.horomechanika.lt\/#organization"},"potentialAction":[{"@type":"SearchAction","target":{"@type":"EntryPoint","urlTemplate":"https:\/\/www.horomechanika.lt\/?s={search_term_string}"},"query-input":"required name=search_term_string"}],"inLanguage":"ru-RU"},{"@type":"Organization","@id":"https:\/\/www.horomechanika.lt\/#organization","name":"UAB \"Horo mechanika\"","url":"https:\/\/www.horomechanika.lt\/","logo":{"@type":"ImageObject","inLanguage":"ru-RU","@id":"https:\/\/www.horomechanika.lt\/#\/schema\/logo\/image\/","url":"https:\/\/www.horomechanika.lt\/wp-content\/uploads\/2020\/05\/horomechanika-logo.png","contentUrl":"https:\/\/www.horomechanika.lt\/wp-content\/uploads\/2020\/05\/horomechanika-logo.png","width":137,"height":56,"caption":"UAB \"Horo mechanika\""},"image":{"@id":"https:\/\/www.horomechanika.lt\/#\/schema\/logo\/image\/"},"sameAs":["https:\/\/www.facebook.com\/UAB-Horo-mechanika-177091812471952"]}]}},"_links":{"self":[{"href":"https:\/\/www.horomechanika.lt\/ru\/wp-json\/wp\/v2\/product\/13103","targetHints":{"allow":["GET"]}}],"collection":[{"href":"https:\/\/www.horomechanika.lt\/ru\/wp-json\/wp\/v2\/product"}],"about":[{"href":"https:\/\/www.horomechanika.lt\/ru\/wp-json\/wp\/v2\/types\/product"}],"replies":[{"embeddable":true,"href":"https:\/\/www.horomechanika.lt\/ru\/wp-json\/wp\/v2\/comments?post=13103"}],"wp:featuredmedia":[{"embeddable":true,"href":"https:\/\/www.horomechanika.lt\/ru\/wp-json\/wp\/v2\/media\/13111"}],"wp:attachment":[{"href":"https:\/\/www.horomechanika.lt\/ru\/wp-json\/wp\/v2\/media?parent=13103"}],"wp:term":[{"taxonomy":"product_cat","embeddable":true,"href":"https:\/\/www.horomechanika.lt\/ru\/wp-json\/wp\/v2\/product_cat?post=13103"},{"taxonomy":"product_tag","embeddable":true,"href":"https:\/\/www.horomechanika.lt\/ru\/wp-json\/wp\/v2\/product_tag?post=13103"}],"curies":[{"name":"wp","href":"https:\/\/api.w.org\/{rel}","templated":true}]}}