{"id":13127,"date":"2021-06-01T16:17:50","date_gmt":"2021-06-01T13:17:50","guid":{"rendered":"https:\/\/www.horomechanika.lt\/?post_type=product&#038;p=13127"},"modified":"2021-07-13T11:35:01","modified_gmt":"2021-07-13T08:35:01","slug":"purkstuvas-alta-step-3200-27","status":"publish","type":"product","link":"https:\/\/www.horomechanika.lt\/ru\/product\/purkstuvas-alta-step-3200-27\/","title":{"rendered":"Purk\u0161tuvas ALTA STEP 3200\/27"},"content":{"rendered":"<p>UAB \u201eHoro mechanika\u201c si\u016blo \u012fsigyti prikabinamus lauk\u0173 purk\u0161tuvus ALFA LTD ( Ukraina-Italija),. STEP ALFA prikabinami purk\u0161tuvai yra paruo\u0161ti darbui sunkiomis\u00a0 s\u0105lygomis, sustiprinta plienin\u0117 rezervuaro r\u0117mo ir va\u017eiuokl\u0117s konstrukcija. Gaminami nuo 18 iki 27 metr\u0173 darbinio plo\u010dio, nuo 2000 iki 4700 litr\u0173 talpos, gali b\u016bti trigubos profiliuotos arba dvirit\u0117jines sijos , kurios u\u017etikrina puik\u0173 mas\u0117s ir stabilumo santyk\u012f, tod\u0117l STEP-ALFA\u00a0 purk\u0161tuvai ir yra i\u0161skirtiniai savo patikima konstrukcija. Did\u017eioji dalis skys\u010di\u0173 padavimo magistral\u0117s yra i\u0161 ner\u016bdijan\u010dio plieno, tod\u0117l nel\u016b\u017eta ir nereikalauja remonto. Sijos stabilum\u0105 u\u017etikrina balansyras su \u0161vytuokl\u0117s sistema. Tai u\u017etikrina optimal\u0173 lygiagretum\u0105 lauko pavir\u0161iui ir geresn\u0119 pur\u0161kimo kokyb\u0119. Amortizatoriai su reguliuojamomis daugiasluoksn\u0117mis trauk\u0117mis slopina svyravimus. Standarti\u0161kai montuojamas hidraulinis sijos pasvyrimo valdymas , leid\u017eiantis sijai savaime prisitaikyti prie\u00a0 \u0161laito nuolyd\u017eio.\u00a0 Sij\u0173 galai turi 3D gal\u0173 sistem\u0105, kuri apsaugo nuo sm\u016bgi\u0173 i\u0161 priekio, galo ir apa\u010dios nuo i\u0161orini\u0173 mechanini\u0173 pa\u017eeidim\u0173.\u00a0 Visi \u0161arnyrai pagaminti i\u0161 poliruoto plieno ir montuojama su bronzin\u0117mis tepamomis \u012fvor\u0117mis. Kei\u010diamas tarpuv\u0117\u017e\u0117s\u00a0 plotis, auk\u0161ta pro\u0161vaisa ir lygi agregato apa\u010dia ne\u017ealoja augal\u0173.\u00a0 D\u0117l ypatingos keturgubos cirkuliacin\u0117s sistemos, naudojamos purk\u0161tuvams, chemijos ir tr\u0105\u0161\u0173 koncentracija i\u0161lieka vienoda iki pat i\u0161pur\u0161kimo. Praplovimo sistema purk\u0161tuv\u0105 i\u0161plaun\u0105 iki pat paskutinio purk\u0161tuko. Ergonomi\u0161kai ir paprastai i\u0161d\u0117stytas valdymo pultas yra purk\u0161tuvo priekyje, kair\u0117je pus\u0117je, tod\u0117l lengva atlikti visas paruo\u0161imo, mai\u0161ymo, pur\u0161kimo ir plovimo operacijas.<\/p>\n<p>Purk\u0161tuvai komplektuojami\u00a0 Triplex purk\u0161tukais, sija pilnai hidrofikuota i\u0161 ner\u016bdyjan\u010dio plieno, 5 sekcij\u0173 valdymo paskirstytojas, praplovimo sistema.Talpa gaminama\u00a0 i\u0161 sertifikuot\u0173 stiklo audinio derv\u0173( \u010cekija) , vidin\u0117s sienel\u0117s pedengtos chemijai atspariu sluoksniu. Au\u0161to sl\u0117gio siurblys Betolini , ghodropaskirstitojas Agromechanika( Italija). Sijos aukstis nuo reguliuojasi nuo 500 iki 1850mm., tarpuv\u0117\u017eis nuo 1500-2100 mmm, pro\u0161vaisa -600 mm.<\/p>\n<p><strong>\u00a0<\/strong><\/p>\n<p><strong>\u00a0<\/strong><\/p>\n<p>&nbsp;<\/p>","protected":false},"excerpt":{"rendered":"<p>UAB \u201eHoro mechanika\u201c si\u016blo \u012fsigyti prikabinamus lauk\u0173 purk\u0161tuvus ALFA LTD ( Ukraina-Italija),. STEP ALFA prikabinami purk\u0161tuvai yra paruo\u0161ti darbui sunkiomis\u00a0 s\u0105lygomis, sustiprinta plienin\u0117 rezervuaro r\u0117mo ir va\u017eiuokl\u0117s konstrukcija. Gaminami nuo 18 iki 27 metr\u0173 darbinio plo\u010dio, nuo 2000 iki 4700 litr\u0173 talpos, gali b\u016bti trigubos profiliuotos arba dvirit\u0117jines sijos , kurios u\u017etikrina puik\u0173 mas\u0117s ir [&hellip;]<\/p>","protected":false},"featured_media":13128,"comment_status":"open","ping_status":"closed","template":"","meta":[],"product_cat":[94],"product_tag":[],"class_list":["post-13127","product","type-product","status-publish","has-post-thumbnail","hentry","product_cat-purkstuvai"],"yoast_head":"<!-- This site is optimized with the Yoast SEO plugin v20.1 - https:\/\/yoast.com\/wordpress\/plugins\/seo\/ -->\n<title>Purk\u0161tuvas ALTA STEP 3200\/27 | Horomechanika<\/title>\n<meta name=\"description\" content=\"Purk\u0161tuvas ALTA STEP 3200\/27 u\u017e prieinam\u0105 kain\u0105. Didelis preki\u0173 pasirinkimas. Turime sand\u0117lyje!\" \/>\n<meta name=\"robots\" content=\"index, follow, max-snippet:-1, max-image-preview:large, max-video-preview:-1\" \/>\n<link rel=\"canonical\" href=\"https:\/\/www.horomechanika.lt\/ru\/product\/purkstuvas-alta-step-3200-27\/\" \/>\n<meta property=\"og:locale\" content=\"ru_RU\" \/>\n<meta property=\"og:type\" content=\"article\" \/>\n<meta property=\"og:title\" content=\"Purk\u0161tuvas ALTA STEP 3200\/27 | Horomechanika\" \/>\n<meta property=\"og:description\" content=\"Purk\u0161tuvas ALTA STEP 3200\/27 u\u017e prieinam\u0105 kain\u0105. Didelis preki\u0173 pasirinkimas. Turime sand\u0117lyje!\" \/>\n<meta property=\"og:url\" content=\"https:\/\/www.horomechanika.lt\/ru\/product\/purkstuvas-alta-step-3200-27\/\" \/>\n<meta property=\"og:site_name\" content=\"Horomechanika\" \/>\n<meta property=\"article:publisher\" content=\"https:\/\/www.facebook.com\/UAB-Horo-mechanika-177091812471952\" \/>\n<meta property=\"article:modified_time\" content=\"2021-07-13T08:35:01+00:00\" \/>\n<meta property=\"og:image\" content=\"https:\/\/www.horomechanika.lt\/wp-content\/uploads\/2021\/06\/STEP-3200-27-2616x1658-6325-scaled.jpg\" \/>\n\t<meta property=\"og:image:width\" content=\"2560\" \/>\n\t<meta property=\"og:image:height\" content=\"1623\" \/>\n\t<meta property=\"og:image:type\" content=\"image\/jpeg\" \/>\n<meta name=\"twitter:card\" content=\"summary_large_image\" \/>\n<meta name=\"twitter:label1\" content=\"\u041f\u0440\u0438\u043c\u0435\u0440\u043d\u043e\u0435 \u0432\u0440\u0435\u043c\u044f \u0434\u043b\u044f \u0447\u0442\u0435\u043d\u0438\u044f\" \/>\n\t<meta name=\"twitter:data1\" content=\"2 \u043c\u0438\u043d\u0443\u0442\u044b\" \/>\n<script type=\"application\/ld+json\" class=\"yoast-schema-graph\">{\"@context\":\"https:\/\/schema.org\",\"@graph\":[{\"@type\":\"WebPage\",\"@id\":\"https:\/\/www.horomechanika.lt\/product\/purkstuvas-alta-step-3200-27\/\",\"url\":\"https:\/\/www.horomechanika.lt\/product\/purkstuvas-alta-step-3200-27\/\",\"name\":\"Purk\u0161tuvas ALTA STEP 3200\/27 | Horomechanika\",\"isPartOf\":{\"@id\":\"https:\/\/www.horomechanika.lt\/#website\"},\"datePublished\":\"2021-06-01T13:17:50+00:00\",\"dateModified\":\"2021-07-13T08:35:01+00:00\",\"description\":\"Purk\u0161tuvas ALTA STEP 3200\/27 u\u017e prieinam\u0105 kain\u0105. Didelis preki\u0173 pasirinkimas. Turime sand\u0117lyje!\",\"breadcrumb\":{\"@id\":\"https:\/\/www.horomechanika.lt\/product\/purkstuvas-alta-step-3200-27\/#breadcrumb\"},\"inLanguage\":\"ru-RU\",\"potentialAction\":[{\"@type\":\"ReadAction\",\"target\":[\"https:\/\/www.horomechanika.lt\/product\/purkstuvas-alta-step-3200-27\/\"]}]},{\"@type\":\"BreadcrumbList\",\"@id\":\"https:\/\/www.horomechanika.lt\/product\/purkstuvas-alta-step-3200-27\/#breadcrumb\",\"itemListElement\":[{\"@type\":\"ListItem\",\"position\":1,\"name\":\"Home\",\"item\":\"https:\/\/www.horomechanika.lt\/\"},{\"@type\":\"ListItem\",\"position\":2,\"name\":\"Shop\",\"item\":\"https:\/\/www.horomechanika.lt\/ru\/shop-2\/\"},{\"@type\":\"ListItem\",\"position\":3,\"name\":\"Purk\u0161tuvas ALTA STEP 3200\/27\"}]},{\"@type\":\"WebSite\",\"@id\":\"https:\/\/www.horomechanika.lt\/#website\",\"url\":\"https:\/\/www.horomechanika.lt\/\",\"name\":\"Horomechanika\",\"description\":\"\u017dem\u0117s \u016akio Technika\",\"publisher\":{\"@id\":\"https:\/\/www.horomechanika.lt\/#organization\"},\"potentialAction\":[{\"@type\":\"SearchAction\",\"target\":{\"@type\":\"EntryPoint\",\"urlTemplate\":\"https:\/\/www.horomechanika.lt\/?s={search_term_string}\"},\"query-input\":\"required name=search_term_string\"}],\"inLanguage\":\"ru-RU\"},{\"@type\":\"Organization\",\"@id\":\"https:\/\/www.horomechanika.lt\/#organization\",\"name\":\"UAB \\\"Horo mechanika\\\"\",\"url\":\"https:\/\/www.horomechanika.lt\/\",\"logo\":{\"@type\":\"ImageObject\",\"inLanguage\":\"ru-RU\",\"@id\":\"https:\/\/www.horomechanika.lt\/#\/schema\/logo\/image\/\",\"url\":\"https:\/\/www.horomechanika.lt\/wp-content\/uploads\/2020\/05\/horomechanika-logo.png\",\"contentUrl\":\"https:\/\/www.horomechanika.lt\/wp-content\/uploads\/2020\/05\/horomechanika-logo.png\",\"width\":137,\"height\":56,\"caption\":\"UAB \\\"Horo mechanika\\\"\"},\"image\":{\"@id\":\"https:\/\/www.horomechanika.lt\/#\/schema\/logo\/image\/\"},\"sameAs\":[\"https:\/\/www.facebook.com\/UAB-Horo-mechanika-177091812471952\"]}]}<\/script>\n<!-- \/ Yoast SEO plugin. -->","yoast_head_json":{"title":"Purk\u0161tuvas ALTA STEP 3200\/27 | Horomechanika","description":"Purk\u0161tuvas ALTA STEP 3200\/27 u\u017e prieinam\u0105 kain\u0105. Didelis preki\u0173 pasirinkimas. Turime sand\u0117lyje!","robots":{"index":"index","follow":"follow","max-snippet":"max-snippet:-1","max-image-preview":"max-image-preview:large","max-video-preview":"max-video-preview:-1"},"canonical":"https:\/\/www.horomechanika.lt\/ru\/product\/purkstuvas-alta-step-3200-27\/","og_locale":"ru_RU","og_type":"article","og_title":"Purk\u0161tuvas ALTA STEP 3200\/27 | Horomechanika","og_description":"Purk\u0161tuvas ALTA STEP 3200\/27 u\u017e prieinam\u0105 kain\u0105. Didelis preki\u0173 pasirinkimas. Turime sand\u0117lyje!","og_url":"https:\/\/www.horomechanika.lt\/ru\/product\/purkstuvas-alta-step-3200-27\/","og_site_name":"Horomechanika","article_publisher":"https:\/\/www.facebook.com\/UAB-Horo-mechanika-177091812471952","article_modified_time":"2021-07-13T08:35:01+00:00","og_image":[{"width":2560,"height":1623,"url":"https:\/\/www.horomechanika.lt\/wp-content\/uploads\/2021\/06\/STEP-3200-27-2616x1658-6325-scaled.jpg","type":"image\/jpeg"}],"twitter_card":"summary_large_image","twitter_misc":{"\u041f\u0440\u0438\u043c\u0435\u0440\u043d\u043e\u0435 \u0432\u0440\u0435\u043c\u044f \u0434\u043b\u044f \u0447\u0442\u0435\u043d\u0438\u044f":"2 \u043c\u0438\u043d\u0443\u0442\u044b"},"schema":{"@context":"https:\/\/schema.org","@graph":[{"@type":"WebPage","@id":"https:\/\/www.horomechanika.lt\/product\/purkstuvas-alta-step-3200-27\/","url":"https:\/\/www.horomechanika.lt\/product\/purkstuvas-alta-step-3200-27\/","name":"Purk\u0161tuvas ALTA STEP 3200\/27 | Horomechanika","isPartOf":{"@id":"https:\/\/www.horomechanika.lt\/#website"},"datePublished":"2021-06-01T13:17:50+00:00","dateModified":"2021-07-13T08:35:01+00:00","description":"Purk\u0161tuvas ALTA STEP 3200\/27 u\u017e prieinam\u0105 kain\u0105. Didelis preki\u0173 pasirinkimas. Turime sand\u0117lyje!","breadcrumb":{"@id":"https:\/\/www.horomechanika.lt\/product\/purkstuvas-alta-step-3200-27\/#breadcrumb"},"inLanguage":"ru-RU","potentialAction":[{"@type":"ReadAction","target":["https:\/\/www.horomechanika.lt\/product\/purkstuvas-alta-step-3200-27\/"]}]},{"@type":"BreadcrumbList","@id":"https:\/\/www.horomechanika.lt\/product\/purkstuvas-alta-step-3200-27\/#breadcrumb","itemListElement":[{"@type":"ListItem","position":1,"name":"Home","item":"https:\/\/www.horomechanika.lt\/"},{"@type":"ListItem","position":2,"name":"Shop","item":"https:\/\/www.horomechanika.lt\/ru\/shop-2\/"},{"@type":"ListItem","position":3,"name":"Purk\u0161tuvas ALTA STEP 3200\/27"}]},{"@type":"WebSite","@id":"https:\/\/www.horomechanika.lt\/#website","url":"https:\/\/www.horomechanika.lt\/","name":"Horomechanika","description":"\u017dem\u0117s \u016akio Technika","publisher":{"@id":"https:\/\/www.horomechanika.lt\/#organization"},"potentialAction":[{"@type":"SearchAction","target":{"@type":"EntryPoint","urlTemplate":"https:\/\/www.horomechanika.lt\/?s={search_term_string}"},"query-input":"required name=search_term_string"}],"inLanguage":"ru-RU"},{"@type":"Organization","@id":"https:\/\/www.horomechanika.lt\/#organization","name":"UAB \"Horo mechanika\"","url":"https:\/\/www.horomechanika.lt\/","logo":{"@type":"ImageObject","inLanguage":"ru-RU","@id":"https:\/\/www.horomechanika.lt\/#\/schema\/logo\/image\/","url":"https:\/\/www.horomechanika.lt\/wp-content\/uploads\/2020\/05\/horomechanika-logo.png","contentUrl":"https:\/\/www.horomechanika.lt\/wp-content\/uploads\/2020\/05\/horomechanika-logo.png","width":137,"height":56,"caption":"UAB \"Horo mechanika\""},"image":{"@id":"https:\/\/www.horomechanika.lt\/#\/schema\/logo\/image\/"},"sameAs":["https:\/\/www.facebook.com\/UAB-Horo-mechanika-177091812471952"]}]}},"_links":{"self":[{"href":"https:\/\/www.horomechanika.lt\/ru\/wp-json\/wp\/v2\/product\/13127","targetHints":{"allow":["GET"]}}],"collection":[{"href":"https:\/\/www.horomechanika.lt\/ru\/wp-json\/wp\/v2\/product"}],"about":[{"href":"https:\/\/www.horomechanika.lt\/ru\/wp-json\/wp\/v2\/types\/product"}],"replies":[{"embeddable":true,"href":"https:\/\/www.horomechanika.lt\/ru\/wp-json\/wp\/v2\/comments?post=13127"}],"wp:featuredmedia":[{"embeddable":true,"href":"https:\/\/www.horomechanika.lt\/ru\/wp-json\/wp\/v2\/media\/13128"}],"wp:attachment":[{"href":"https:\/\/www.horomechanika.lt\/ru\/wp-json\/wp\/v2\/media?parent=13127"}],"wp:term":[{"taxonomy":"product_cat","embeddable":true,"href":"https:\/\/www.horomechanika.lt\/ru\/wp-json\/wp\/v2\/product_cat?post=13127"},{"taxonomy":"product_tag","embeddable":true,"href":"https:\/\/www.horomechanika.lt\/ru\/wp-json\/wp\/v2\/product_tag?post=13127"}],"curies":[{"name":"wp","href":"https:\/\/api.w.org\/{rel}","templated":true}]}}