{"id":13170,"date":"2021-06-02T14:10:20","date_gmt":"2021-06-02T11:10:20","guid":{"rendered":"https:\/\/www.horomechanika.lt\/?post_type=product&#038;p=13170"},"modified":"2022-06-07T15:38:11","modified_gmt":"2022-06-07T12:38:11","slug":"sodiniai-purkstuvai-caffini","status":"publish","type":"product","link":"https:\/\/www.horomechanika.lt\/ru\/product\/sodiniai-purkstuvai-caffini\/","title":{"rendered":"Sodiniai purk\u0161tuvai CAFFINI"},"content":{"rendered":"<p>Sodiniai purk\u0161tuvai <a href=\"https:\/\/www.horomechanika.lt\/ru\/product-category\/purkstuvai\/prikabinami\/\">CAFFINI<\/a> Spa gamina \u012fvarios paskitrties specialius purk\u0161tuvus. Skirtus \u012fvairios paskirties patalp\u0173 dezinfekavimui, \u0161iltnamiams, labai auk\u0161tiems med\u017eiams, auk\u0161toms kult\u016broms (kukur\u016bzai, saul\u0117gr\u0105\u017eos). \u00a0Gali b\u016bti pakabinami, prikabinami, rankiniai ir montuojami su autonominiais varikliais automobilio k\u0117bule.<\/p>\n<p>D\u0117l i\u0161samesn\u0117s konsultacijos , maloniai pra\u0161ome kreiptis\u00a0 nurodytais kontaktais.<\/p>\n<p>&nbsp;<\/p>","protected":false},"excerpt":{"rendered":"<p>&nbsp;<\/p>\n<p>SODINIAI<\/p>\n<p>Talpa\u00a0 \u00a0 \u00a0 \u00a0 \u00a0 \u00a0 \u00a0 \u00a0 \u00a0 \u00a0 \u00a0 200-2000\u00a0 ltr<\/p>\n<p>Darbinis plotis\u00a0 \u00a0 \u00a0 \u00a0 \u00a0 \u00a0 \u00a0 \u00a0 \u00a0&#8211;<\/p>\n<p>Valdymas\u00a0 \u00a0 \u00a0 \u00a0 \u00a0 \u00a0 \u00a0 \u00a0mech\/automatinis<\/p>","protected":false},"featured_media":13166,"comment_status":"open","ping_status":"closed","template":"","meta":[],"product_cat":[94,130],"product_tag":[],"class_list":["post-13170","product","type-product","status-publish","has-post-thumbnail","hentry","product_cat-purkstuvai","product_cat-spec-paskirties"],"yoast_head":"<!-- This site is optimized with the Yoast SEO plugin v20.1 - https:\/\/yoast.com\/wordpress\/plugins\/seo\/ -->\n<title>Sodiniai purk\u0161tuvai CAFFINI | Horomechanika<\/title>\n<meta name=\"description\" content=\"Sodiniai purk\u0161tuvai CAFFINI Horomechanika | Horomechanika Sodiniai purk\u0161tuvai CAFFINI Italija gamintojas Caffini\" \/>\n<meta name=\"robots\" content=\"index, follow, max-snippet:-1, max-image-preview:large, max-video-preview:-1\" \/>\n<link rel=\"canonical\" href=\"https:\/\/www.horomechanika.lt\/ru\/product\/sodiniai-purkstuvai-caffini\/\" \/>\n<meta property=\"og:locale\" content=\"ru_RU\" \/>\n<meta property=\"og:type\" content=\"article\" \/>\n<meta property=\"og:title\" content=\"Sodiniai purk\u0161tuvai CAFFINI | Horomechanika\" \/>\n<meta property=\"og:description\" content=\"Sodiniai purk\u0161tuvai CAFFINI Horomechanika | Horomechanika Sodiniai purk\u0161tuvai CAFFINI Italija gamintojas Caffini\" \/>\n<meta property=\"og:url\" content=\"https:\/\/www.horomechanika.lt\/ru\/product\/sodiniai-purkstuvai-caffini\/\" \/>\n<meta property=\"og:site_name\" content=\"Horomechanika\" \/>\n<meta property=\"article:publisher\" content=\"https:\/\/www.facebook.com\/UAB-Horo-mechanika-177091812471952\" \/>\n<meta property=\"article:modified_time\" content=\"2022-06-07T12:38:11+00:00\" \/>\n<meta property=\"og:image\" content=\"https:\/\/www.horomechanika.lt\/wp-content\/uploads\/2021\/06\/starter-045s.jpg\" \/>\n\t<meta property=\"og:image:width\" content=\"2560\" \/>\n\t<meta property=\"og:image:height\" content=\"1760\" \/>\n\t<meta property=\"og:image:type\" content=\"image\/jpeg\" \/>\n<meta name=\"twitter:card\" content=\"summary_large_image\" \/>\n<meta name=\"twitter:label1\" content=\"\u041f\u0440\u0438\u043c\u0435\u0440\u043d\u043e\u0435 \u0432\u0440\u0435\u043c\u044f \u0434\u043b\u044f \u0447\u0442\u0435\u043d\u0438\u044f\" \/>\n\t<meta name=\"twitter:data1\" content=\"1 \u043c\u0438\u043d\u0443\u0442\u0430\" \/>\n<script type=\"application\/ld+json\" class=\"yoast-schema-graph\">{\"@context\":\"https:\/\/schema.org\",\"@graph\":[{\"@type\":\"WebPage\",\"@id\":\"https:\/\/www.horomechanika.lt\/product\/sodiniai-purkstuvai-caffini\/\",\"url\":\"https:\/\/www.horomechanika.lt\/product\/sodiniai-purkstuvai-caffini\/\",\"name\":\"Sodiniai purk\u0161tuvai CAFFINI | Horomechanika\",\"isPartOf\":{\"@id\":\"https:\/\/www.horomechanika.lt\/#website\"},\"datePublished\":\"2021-06-02T11:10:20+00:00\",\"dateModified\":\"2022-06-07T12:38:11+00:00\",\"description\":\"Sodiniai purk\u0161tuvai CAFFINI Horomechanika | Horomechanika Sodiniai purk\u0161tuvai CAFFINI Italija gamintojas Caffini\",\"breadcrumb\":{\"@id\":\"https:\/\/www.horomechanika.lt\/product\/sodiniai-purkstuvai-caffini\/#breadcrumb\"},\"inLanguage\":\"ru-RU\",\"potentialAction\":[{\"@type\":\"ReadAction\",\"target\":[\"https:\/\/www.horomechanika.lt\/product\/sodiniai-purkstuvai-caffini\/\"]}]},{\"@type\":\"BreadcrumbList\",\"@id\":\"https:\/\/www.horomechanika.lt\/product\/sodiniai-purkstuvai-caffini\/#breadcrumb\",\"itemListElement\":[{\"@type\":\"ListItem\",\"position\":1,\"name\":\"Home\",\"item\":\"https:\/\/www.horomechanika.lt\/\"},{\"@type\":\"ListItem\",\"position\":2,\"name\":\"Shop\",\"item\":\"https:\/\/www.horomechanika.lt\/ru\/shop-2\/\"},{\"@type\":\"ListItem\",\"position\":3,\"name\":\"Sodiniai purk\u0161tuvai CAFFINI\"}]},{\"@type\":\"WebSite\",\"@id\":\"https:\/\/www.horomechanika.lt\/#website\",\"url\":\"https:\/\/www.horomechanika.lt\/\",\"name\":\"Horomechanika\",\"description\":\"\u017dem\u0117s \u016akio Technika\",\"publisher\":{\"@id\":\"https:\/\/www.horomechanika.lt\/#organization\"},\"potentialAction\":[{\"@type\":\"SearchAction\",\"target\":{\"@type\":\"EntryPoint\",\"urlTemplate\":\"https:\/\/www.horomechanika.lt\/?s={search_term_string}\"},\"query-input\":\"required name=search_term_string\"}],\"inLanguage\":\"ru-RU\"},{\"@type\":\"Organization\",\"@id\":\"https:\/\/www.horomechanika.lt\/#organization\",\"name\":\"UAB \\\"Horo mechanika\\\"\",\"url\":\"https:\/\/www.horomechanika.lt\/\",\"logo\":{\"@type\":\"ImageObject\",\"inLanguage\":\"ru-RU\",\"@id\":\"https:\/\/www.horomechanika.lt\/#\/schema\/logo\/image\/\",\"url\":\"https:\/\/www.horomechanika.lt\/wp-content\/uploads\/2020\/05\/horomechanika-logo.png\",\"contentUrl\":\"https:\/\/www.horomechanika.lt\/wp-content\/uploads\/2020\/05\/horomechanika-logo.png\",\"width\":137,\"height\":56,\"caption\":\"UAB \\\"Horo mechanika\\\"\"},\"image\":{\"@id\":\"https:\/\/www.horomechanika.lt\/#\/schema\/logo\/image\/\"},\"sameAs\":[\"https:\/\/www.facebook.com\/UAB-Horo-mechanika-177091812471952\"]}]}<\/script>\n<!-- \/ Yoast SEO plugin. -->","yoast_head_json":{"title":"Sodiniai purk\u0161tuvai CAFFINI | Horomechanika","description":"Sodiniai purk\u0161tuvai CAFFINI Horomechanika | Horomechanika Sodiniai purk\u0161tuvai CAFFINI Italija gamintojas Caffini","robots":{"index":"index","follow":"follow","max-snippet":"max-snippet:-1","max-image-preview":"max-image-preview:large","max-video-preview":"max-video-preview:-1"},"canonical":"https:\/\/www.horomechanika.lt\/ru\/product\/sodiniai-purkstuvai-caffini\/","og_locale":"ru_RU","og_type":"article","og_title":"Sodiniai purk\u0161tuvai CAFFINI | Horomechanika","og_description":"Sodiniai purk\u0161tuvai CAFFINI Horomechanika | Horomechanika Sodiniai purk\u0161tuvai CAFFINI Italija gamintojas Caffini","og_url":"https:\/\/www.horomechanika.lt\/ru\/product\/sodiniai-purkstuvai-caffini\/","og_site_name":"Horomechanika","article_publisher":"https:\/\/www.facebook.com\/UAB-Horo-mechanika-177091812471952","article_modified_time":"2022-06-07T12:38:11+00:00","og_image":[{"width":2560,"height":1760,"url":"https:\/\/www.horomechanika.lt\/wp-content\/uploads\/2021\/06\/starter-045s.jpg","type":"image\/jpeg"}],"twitter_card":"summary_large_image","twitter_misc":{"\u041f\u0440\u0438\u043c\u0435\u0440\u043d\u043e\u0435 \u0432\u0440\u0435\u043c\u044f \u0434\u043b\u044f \u0447\u0442\u0435\u043d\u0438\u044f":"1 \u043c\u0438\u043d\u0443\u0442\u0430"},"schema":{"@context":"https:\/\/schema.org","@graph":[{"@type":"WebPage","@id":"https:\/\/www.horomechanika.lt\/product\/sodiniai-purkstuvai-caffini\/","url":"https:\/\/www.horomechanika.lt\/product\/sodiniai-purkstuvai-caffini\/","name":"Sodiniai purk\u0161tuvai CAFFINI | Horomechanika","isPartOf":{"@id":"https:\/\/www.horomechanika.lt\/#website"},"datePublished":"2021-06-02T11:10:20+00:00","dateModified":"2022-06-07T12:38:11+00:00","description":"Sodiniai purk\u0161tuvai CAFFINI Horomechanika | Horomechanika Sodiniai purk\u0161tuvai CAFFINI Italija gamintojas Caffini","breadcrumb":{"@id":"https:\/\/www.horomechanika.lt\/product\/sodiniai-purkstuvai-caffini\/#breadcrumb"},"inLanguage":"ru-RU","potentialAction":[{"@type":"ReadAction","target":["https:\/\/www.horomechanika.lt\/product\/sodiniai-purkstuvai-caffini\/"]}]},{"@type":"BreadcrumbList","@id":"https:\/\/www.horomechanika.lt\/product\/sodiniai-purkstuvai-caffini\/#breadcrumb","itemListElement":[{"@type":"ListItem","position":1,"name":"Home","item":"https:\/\/www.horomechanika.lt\/"},{"@type":"ListItem","position":2,"name":"Shop","item":"https:\/\/www.horomechanika.lt\/ru\/shop-2\/"},{"@type":"ListItem","position":3,"name":"Sodiniai purk\u0161tuvai CAFFINI"}]},{"@type":"WebSite","@id":"https:\/\/www.horomechanika.lt\/#website","url":"https:\/\/www.horomechanika.lt\/","name":"Horomechanika","description":"\u017dem\u0117s \u016akio Technika","publisher":{"@id":"https:\/\/www.horomechanika.lt\/#organization"},"potentialAction":[{"@type":"SearchAction","target":{"@type":"EntryPoint","urlTemplate":"https:\/\/www.horomechanika.lt\/?s={search_term_string}"},"query-input":"required name=search_term_string"}],"inLanguage":"ru-RU"},{"@type":"Organization","@id":"https:\/\/www.horomechanika.lt\/#organization","name":"UAB \"Horo mechanika\"","url":"https:\/\/www.horomechanika.lt\/","logo":{"@type":"ImageObject","inLanguage":"ru-RU","@id":"https:\/\/www.horomechanika.lt\/#\/schema\/logo\/image\/","url":"https:\/\/www.horomechanika.lt\/wp-content\/uploads\/2020\/05\/horomechanika-logo.png","contentUrl":"https:\/\/www.horomechanika.lt\/wp-content\/uploads\/2020\/05\/horomechanika-logo.png","width":137,"height":56,"caption":"UAB \"Horo mechanika\""},"image":{"@id":"https:\/\/www.horomechanika.lt\/#\/schema\/logo\/image\/"},"sameAs":["https:\/\/www.facebook.com\/UAB-Horo-mechanika-177091812471952"]}]}},"_links":{"self":[{"href":"https:\/\/www.horomechanika.lt\/ru\/wp-json\/wp\/v2\/product\/13170","targetHints":{"allow":["GET"]}}],"collection":[{"href":"https:\/\/www.horomechanika.lt\/ru\/wp-json\/wp\/v2\/product"}],"about":[{"href":"https:\/\/www.horomechanika.lt\/ru\/wp-json\/wp\/v2\/types\/product"}],"replies":[{"embeddable":true,"href":"https:\/\/www.horomechanika.lt\/ru\/wp-json\/wp\/v2\/comments?post=13170"}],"wp:featuredmedia":[{"embeddable":true,"href":"https:\/\/www.horomechanika.lt\/ru\/wp-json\/wp\/v2\/media\/13166"}],"wp:attachment":[{"href":"https:\/\/www.horomechanika.lt\/ru\/wp-json\/wp\/v2\/media?parent=13170"}],"wp:term":[{"taxonomy":"product_cat","embeddable":true,"href":"https:\/\/www.horomechanika.lt\/ru\/wp-json\/wp\/v2\/product_cat?post=13170"},{"taxonomy":"product_tag","embeddable":true,"href":"https:\/\/www.horomechanika.lt\/ru\/wp-json\/wp\/v2\/product_tag?post=13170"}],"curies":[{"name":"wp","href":"https:\/\/api.w.org\/{rel}","templated":true}]}}