{"id":13219,"date":"2021-06-02T15:21:56","date_gmt":"2021-06-02T12:21:56","guid":{"rendered":"https:\/\/www.horomechanika.lt\/?post_type=product&#038;p=13219"},"modified":"2022-05-11T09:09:50","modified_gmt":"2022-05-11T06:09:50","slug":"meslo-kratytuvai","status":"publish","type":"product","link":"https:\/\/www.horomechanika.lt\/ru\/product\/meslo-kratytuvai\/","title":{"rendered":"M\u0117\u0161lo kratytuvai HUMMEL"},"content":{"rendered":"<p>3.5-18 m<sup>3<\/sup>\u00a0talpos universalus m\u0117\u0161lo kratytuvai,\u00a0pasi\u017eymintis galia, skirti tiek ma\u017eiems, vidutiniams tiek dideliams \u016bkiams bei\u00a0 \u017eem\u0117s \u016bkio bendrov\u0117ms<\/p>\n<p>&nbsp;<\/p>\n<p>Universali i\u0161barstymo \u012franga<\/p>\n<p>&nbsp;<\/p>\n<ul>\n<li>I\u0161barstymo plotis siekia iki 10 m.<\/li>\n<li>Tolygus vertikalus paskleidimas.<\/li>\n<li>Itin tikslus i\u0161barstymas.<\/li>\n<li>Maksimalus na\u0161umas.<\/li>\n<li>620 mm skersmens i\u0161barstymo sraigtai.<\/li>\n<li>Segmentiniai sraigtai su prisukamais Hardox metalo smulkinimo peiliais.<\/li>\n<\/ul>\n<p>Peiliai lengvai apver\u010diami ir kei\u010diami.<\/p>\n<p>&nbsp;<\/p>\n<ul>\n<li>Reguliuojamas i\u0161barstymo \u012frangos dangtis<\/li>\n<li>I\u0161barstymo \u012frangos pavara<\/li>\n<li>Sustiprintos grandin\u0117s.<\/li>\n<li><em>Nereikalaujanty<\/em>s prie\u017ei\u016bros grandini\u0173 \u012ftempikliai, u\u017etikrinantys atsparum\u0105 dilimui.<\/li>\n<li>I\u0161barstymo \u012frangos kardaninio veleno pavara<\/li>\n<li>Kampin\u0117s pavaros<\/li>\n<li>Ma\u017eai prie\u017ei\u016bros, ilgas tarnavimo laikas.<\/li>\n<\/ul>","protected":false},"excerpt":{"rendered":"<p>&nbsp;<\/p>\n<p>SODINIAI<\/p>\n<p>Talpa\u00a0 \u00a0 \u00a0 \u00a0 \u00a0 \u00a0 \u00a0 \u00a0 \u00a0 \u00a0 \u00a0 200-2000\u00a0 ltr<\/p>\n<p>Darbinis plotis\u00a0 \u00a0 \u00a0 \u00a0 \u00a0 \u00a0 \u00a0 \u00a0 \u00a0&#8211;<\/p>\n<p>Valdymas\u00a0 \u00a0 \u00a0 \u00a0 \u00a0 \u00a0 \u00a0 \u00a0mech\/automatinis<\/p>","protected":false},"featured_media":13220,"comment_status":"open","ping_status":"closed","template":"","meta":[],"product_cat":[124],"product_tag":[],"class_list":["post-13219","product","type-product","status-publish","has-post-thumbnail","hentry","product_cat-meslo-kratytuvai"],"yoast_head":"<!-- This site is optimized with the Yoast SEO plugin v20.1 - https:\/\/yoast.com\/wordpress\/plugins\/seo\/ -->\n<title>M\u0117\u0161lo kratytuvai HUMMEL | Horomechanika<\/title>\n<meta name=\"description\" content=\"M\u0117\u0161lo kratytuvai HUMMEL u\u017e prieinam\u0105 kain\u0105. Didelis \u017eem\u0117s \u016bkio technikos pasirinkimas. Prekes turime sand\u0117lyje!\" \/>\n<meta name=\"robots\" content=\"index, follow, max-snippet:-1, max-image-preview:large, max-video-preview:-1\" \/>\n<link rel=\"canonical\" href=\"https:\/\/www.horomechanika.lt\/ru\/product\/meslo-kratytuvai\/\" \/>\n<meta property=\"og:locale\" content=\"ru_RU\" \/>\n<meta property=\"og:type\" content=\"article\" \/>\n<meta property=\"og:title\" content=\"M\u0117\u0161lo kratytuvai HUMMEL | Horomechanika\" \/>\n<meta property=\"og:description\" content=\"M\u0117\u0161lo kratytuvai HUMMEL u\u017e prieinam\u0105 kain\u0105. Didelis \u017eem\u0117s \u016bkio technikos pasirinkimas. Prekes turime sand\u0117lyje!\" \/>\n<meta property=\"og:url\" content=\"https:\/\/www.horomechanika.lt\/ru\/product\/meslo-kratytuvai\/\" \/>\n<meta property=\"og:site_name\" content=\"Horomechanika\" \/>\n<meta property=\"article:publisher\" content=\"https:\/\/www.facebook.com\/UAB-Horo-mechanika-177091812471952\" \/>\n<meta property=\"article:modified_time\" content=\"2022-05-11T06:09:50+00:00\" \/>\n<meta property=\"og:image\" content=\"https:\/\/www.horomechanika.lt\/wp-content\/uploads\/2021\/06\/Patriotic-Photo-Memorial-Day-Facebook-Post.png\" \/>\n\t<meta property=\"og:image:width\" content=\"940\" \/>\n\t<meta property=\"og:image:height\" content=\"788\" \/>\n\t<meta property=\"og:image:type\" content=\"image\/png\" \/>\n<meta name=\"twitter:card\" content=\"summary_large_image\" \/>\n<meta name=\"twitter:label1\" content=\"\u041f\u0440\u0438\u043c\u0435\u0440\u043d\u043e\u0435 \u0432\u0440\u0435\u043c\u044f \u0434\u043b\u044f \u0447\u0442\u0435\u043d\u0438\u044f\" \/>\n\t<meta name=\"twitter:data1\" content=\"1 \u043c\u0438\u043d\u0443\u0442\u0430\" \/>\n<script type=\"application\/ld+json\" class=\"yoast-schema-graph\">{\"@context\":\"https:\/\/schema.org\",\"@graph\":[{\"@type\":\"WebPage\",\"@id\":\"https:\/\/www.horomechanika.lt\/product\/meslo-kratytuvai\/\",\"url\":\"https:\/\/www.horomechanika.lt\/product\/meslo-kratytuvai\/\",\"name\":\"M\u0117\u0161lo kratytuvai HUMMEL | Horomechanika\",\"isPartOf\":{\"@id\":\"https:\/\/www.horomechanika.lt\/#website\"},\"datePublished\":\"2021-06-02T12:21:56+00:00\",\"dateModified\":\"2022-05-11T06:09:50+00:00\",\"description\":\"M\u0117\u0161lo kratytuvai HUMMEL u\u017e prieinam\u0105 kain\u0105. Didelis \u017eem\u0117s \u016bkio technikos pasirinkimas. Prekes turime sand\u0117lyje!\",\"breadcrumb\":{\"@id\":\"https:\/\/www.horomechanika.lt\/product\/meslo-kratytuvai\/#breadcrumb\"},\"inLanguage\":\"ru-RU\",\"potentialAction\":[{\"@type\":\"ReadAction\",\"target\":[\"https:\/\/www.horomechanika.lt\/product\/meslo-kratytuvai\/\"]}]},{\"@type\":\"BreadcrumbList\",\"@id\":\"https:\/\/www.horomechanika.lt\/product\/meslo-kratytuvai\/#breadcrumb\",\"itemListElement\":[{\"@type\":\"ListItem\",\"position\":1,\"name\":\"Home\",\"item\":\"https:\/\/www.horomechanika.lt\/\"},{\"@type\":\"ListItem\",\"position\":2,\"name\":\"Shop\",\"item\":\"https:\/\/www.horomechanika.lt\/ru\/shop-2\/\"},{\"@type\":\"ListItem\",\"position\":3,\"name\":\"M\u0117\u0161lo kratytuvai HUMMEL\"}]},{\"@type\":\"WebSite\",\"@id\":\"https:\/\/www.horomechanika.lt\/#website\",\"url\":\"https:\/\/www.horomechanika.lt\/\",\"name\":\"Horomechanika\",\"description\":\"\u017dem\u0117s \u016akio Technika\",\"publisher\":{\"@id\":\"https:\/\/www.horomechanika.lt\/#organization\"},\"potentialAction\":[{\"@type\":\"SearchAction\",\"target\":{\"@type\":\"EntryPoint\",\"urlTemplate\":\"https:\/\/www.horomechanika.lt\/?s={search_term_string}\"},\"query-input\":\"required name=search_term_string\"}],\"inLanguage\":\"ru-RU\"},{\"@type\":\"Organization\",\"@id\":\"https:\/\/www.horomechanika.lt\/#organization\",\"name\":\"UAB \\\"Horo mechanika\\\"\",\"url\":\"https:\/\/www.horomechanika.lt\/\",\"logo\":{\"@type\":\"ImageObject\",\"inLanguage\":\"ru-RU\",\"@id\":\"https:\/\/www.horomechanika.lt\/#\/schema\/logo\/image\/\",\"url\":\"https:\/\/www.horomechanika.lt\/wp-content\/uploads\/2020\/05\/horomechanika-logo.png\",\"contentUrl\":\"https:\/\/www.horomechanika.lt\/wp-content\/uploads\/2020\/05\/horomechanika-logo.png\",\"width\":137,\"height\":56,\"caption\":\"UAB \\\"Horo mechanika\\\"\"},\"image\":{\"@id\":\"https:\/\/www.horomechanika.lt\/#\/schema\/logo\/image\/\"},\"sameAs\":[\"https:\/\/www.facebook.com\/UAB-Horo-mechanika-177091812471952\"]}]}<\/script>\n<!-- \/ Yoast SEO plugin. -->","yoast_head_json":{"title":"M\u0117\u0161lo kratytuvai HUMMEL | Horomechanika","description":"M\u0117\u0161lo kratytuvai HUMMEL u\u017e prieinam\u0105 kain\u0105. Didelis \u017eem\u0117s \u016bkio technikos pasirinkimas. Prekes turime sand\u0117lyje!","robots":{"index":"index","follow":"follow","max-snippet":"max-snippet:-1","max-image-preview":"max-image-preview:large","max-video-preview":"max-video-preview:-1"},"canonical":"https:\/\/www.horomechanika.lt\/ru\/product\/meslo-kratytuvai\/","og_locale":"ru_RU","og_type":"article","og_title":"M\u0117\u0161lo kratytuvai HUMMEL | Horomechanika","og_description":"M\u0117\u0161lo kratytuvai HUMMEL u\u017e prieinam\u0105 kain\u0105. Didelis \u017eem\u0117s \u016bkio technikos pasirinkimas. Prekes turime sand\u0117lyje!","og_url":"https:\/\/www.horomechanika.lt\/ru\/product\/meslo-kratytuvai\/","og_site_name":"Horomechanika","article_publisher":"https:\/\/www.facebook.com\/UAB-Horo-mechanika-177091812471952","article_modified_time":"2022-05-11T06:09:50+00:00","og_image":[{"width":940,"height":788,"url":"https:\/\/www.horomechanika.lt\/wp-content\/uploads\/2021\/06\/Patriotic-Photo-Memorial-Day-Facebook-Post.png","type":"image\/png"}],"twitter_card":"summary_large_image","twitter_misc":{"\u041f\u0440\u0438\u043c\u0435\u0440\u043d\u043e\u0435 \u0432\u0440\u0435\u043c\u044f \u0434\u043b\u044f \u0447\u0442\u0435\u043d\u0438\u044f":"1 \u043c\u0438\u043d\u0443\u0442\u0430"},"schema":{"@context":"https:\/\/schema.org","@graph":[{"@type":"WebPage","@id":"https:\/\/www.horomechanika.lt\/product\/meslo-kratytuvai\/","url":"https:\/\/www.horomechanika.lt\/product\/meslo-kratytuvai\/","name":"M\u0117\u0161lo kratytuvai HUMMEL | Horomechanika","isPartOf":{"@id":"https:\/\/www.horomechanika.lt\/#website"},"datePublished":"2021-06-02T12:21:56+00:00","dateModified":"2022-05-11T06:09:50+00:00","description":"M\u0117\u0161lo kratytuvai HUMMEL u\u017e prieinam\u0105 kain\u0105. Didelis \u017eem\u0117s \u016bkio technikos pasirinkimas. Prekes turime sand\u0117lyje!","breadcrumb":{"@id":"https:\/\/www.horomechanika.lt\/product\/meslo-kratytuvai\/#breadcrumb"},"inLanguage":"ru-RU","potentialAction":[{"@type":"ReadAction","target":["https:\/\/www.horomechanika.lt\/product\/meslo-kratytuvai\/"]}]},{"@type":"BreadcrumbList","@id":"https:\/\/www.horomechanika.lt\/product\/meslo-kratytuvai\/#breadcrumb","itemListElement":[{"@type":"ListItem","position":1,"name":"Home","item":"https:\/\/www.horomechanika.lt\/"},{"@type":"ListItem","position":2,"name":"Shop","item":"https:\/\/www.horomechanika.lt\/ru\/shop-2\/"},{"@type":"ListItem","position":3,"name":"M\u0117\u0161lo kratytuvai HUMMEL"}]},{"@type":"WebSite","@id":"https:\/\/www.horomechanika.lt\/#website","url":"https:\/\/www.horomechanika.lt\/","name":"Horomechanika","description":"\u017dem\u0117s \u016akio Technika","publisher":{"@id":"https:\/\/www.horomechanika.lt\/#organization"},"potentialAction":[{"@type":"SearchAction","target":{"@type":"EntryPoint","urlTemplate":"https:\/\/www.horomechanika.lt\/?s={search_term_string}"},"query-input":"required name=search_term_string"}],"inLanguage":"ru-RU"},{"@type":"Organization","@id":"https:\/\/www.horomechanika.lt\/#organization","name":"UAB \"Horo mechanika\"","url":"https:\/\/www.horomechanika.lt\/","logo":{"@type":"ImageObject","inLanguage":"ru-RU","@id":"https:\/\/www.horomechanika.lt\/#\/schema\/logo\/image\/","url":"https:\/\/www.horomechanika.lt\/wp-content\/uploads\/2020\/05\/horomechanika-logo.png","contentUrl":"https:\/\/www.horomechanika.lt\/wp-content\/uploads\/2020\/05\/horomechanika-logo.png","width":137,"height":56,"caption":"UAB \"Horo mechanika\""},"image":{"@id":"https:\/\/www.horomechanika.lt\/#\/schema\/logo\/image\/"},"sameAs":["https:\/\/www.facebook.com\/UAB-Horo-mechanika-177091812471952"]}]}},"_links":{"self":[{"href":"https:\/\/www.horomechanika.lt\/ru\/wp-json\/wp\/v2\/product\/13219","targetHints":{"allow":["GET"]}}],"collection":[{"href":"https:\/\/www.horomechanika.lt\/ru\/wp-json\/wp\/v2\/product"}],"about":[{"href":"https:\/\/www.horomechanika.lt\/ru\/wp-json\/wp\/v2\/types\/product"}],"replies":[{"embeddable":true,"href":"https:\/\/www.horomechanika.lt\/ru\/wp-json\/wp\/v2\/comments?post=13219"}],"wp:featuredmedia":[{"embeddable":true,"href":"https:\/\/www.horomechanika.lt\/ru\/wp-json\/wp\/v2\/media\/13220"}],"wp:attachment":[{"href":"https:\/\/www.horomechanika.lt\/ru\/wp-json\/wp\/v2\/media?parent=13219"}],"wp:term":[{"taxonomy":"product_cat","embeddable":true,"href":"https:\/\/www.horomechanika.lt\/ru\/wp-json\/wp\/v2\/product_cat?post=13219"},{"taxonomy":"product_tag","embeddable":true,"href":"https:\/\/www.horomechanika.lt\/ru\/wp-json\/wp\/v2\/product_tag?post=13219"}],"curies":[{"name":"wp","href":"https:\/\/api.w.org\/{rel}","templated":true}]}}