{"id":13251,"date":"2021-07-13T14:10:33","date_gmt":"2021-07-13T11:10:33","guid":{"rendered":"https:\/\/www.horomechanika.lt\/?post_type=product&#038;p=13251"},"modified":"2022-05-11T09:10:03","modified_gmt":"2022-05-11T06:10:03","slug":"rotacines-akecios-antox","status":"publish","type":"product","link":"https:\/\/www.horomechanika.lt\/ru\/product\/rotacines-akecios-antox\/","title":{"rendered":"Rotacin\u0117s ak\u0117\u010dios ANTOX"},"content":{"rendered":"<p><strong>Prad\u0117dami pavasarinius darbus laukuose, \u017eemdirbiai susiduria su svarbia u\u017eduotimi laiku imtis technologini\u0173 priemoni\u0173, kad b\u016bt\u0173 sustabdytas dr\u0117gm\u0117s i\u0161 dirvo\u017eemio garavimas ir suardyta sukiet\u0117jusi dirvo\u017eemio pluta \u017eem\u0117s \u016bkio kult\u016br\u0173 pas\u0117liuose.<\/strong><\/p>\n<p>&nbsp;<\/p>\n<p>Pavasar\u012f visi kapiliarai ir nekapiliariniai ply\u0161iai dirvo\u017eemyje yra u\u017epildyti vandeniu.Norint i\u0161saugoti \u0161\u012f vanden\u012f, reikia smulkiai sutrupinti vir\u0161utin\u012f dirvo\u017eemio sluoksn\u012f, suardyti kapiliarus, kad dr\u0117gm\u0117s garavimas b\u016bt\u0173 sustabdytas. Vandens atsargos taps svarbiu veiksniu, kuris prisid\u0117 prie pas\u0117li\u0173 \u0161akn\u0173 sistemos vystymosi, o tai rei\u0161kia, sukurs pagrind\u0105 kokybi\u0161kam pas\u0117li\u0173 formavimuisi. \u0160ioms priemon\u0117ms \u012fgyvendinti naudojamas dirvos ak\u0117jimas rotacin\u0117mis ak\u0117\u010diomis.<\/p>\n<p>Rotacin\u0117s ak\u0117\u010dios \u2013 tai \u017eem\u0117s \u016bkio ma\u0161inos, kurios yra skirtos \u012fdirbti dirvo\u017eem\u012f prie\u0161 s\u0117j\u0105 ir ak\u0117ti sudygusius lauko kult\u016br\u0173 (jav\u0173, kaupiam\u0173j\u0173 ir technologini\u0173) pas\u0117lius, supurenti pavir\u0161in\u012f sluoksn\u012f ir aeruoti dirvo\u017eem\u012f, sunaikinti \u201esi\u016blin\u0117s\u201c augimo stadijos pikt\u017eoles. Rotacin\u0117s ak\u0117\u010dios priskiriamos pavaros neturin\u010dioms (pasyvioms) dirvo\u017eemio \u012fdirbimo ma\u0161inoms, kuriose naudojami skirtingi darbini\u0173 dali\u0173 konstrukciniai sprendimai: diskiniai rotoriai su \u00a0ment\u0117s, spyglio, danties arba peilio formos elementais. \u0160ios darbin\u0117s dalys skirtos supurenti dirvo\u017eemio pavir\u0161in\u012f sluoksn\u012f, sutrupinti didelius ir ma\u017eus grumstus, dalinai i\u0161lyginti mikroreljef\u0105, sumai\u0161yti dirvo\u017eemio sluoksnius tarpusavyje, dirvo\u017eem\u012f su tr\u0105\u0161omis, i\u0161ak\u0117ti dirvo\u017eem\u012f.<\/p>\n<p>Labiausiai paplitusios rotacini\u0173 ak\u0117\u010di\u0173 darbin\u0117s dalys yra ratai su spygliais, kurie, priklausomai nuo gamintojo, yra skirtingos formos ir skersmens. Darbin\u0117s dalys, kurias sudaro diskas su spygliais, yra labai pla\u010diai naudojamos tiek vien\u0105 operacij\u0105 atliekan\u010diuose padarguose, tiek kombinuotuose agregatuose. Rotacini\u0173 ak\u0117\u010di\u0173 naudojimo filosofija yra tokia: jei dirvo\u017eem\u012f reikia \u012fdirbti minimaliai, pavyzd\u017eiui, suardyti dirvo\u017eemio pavir\u0161iaus plut\u0105 i\u0161saugant augalus arba ra\u017eien\u0105, diskai sumontuojami taip, kad jie dirbt\u0173 u\u017epakaline puse, t. y., spygliams smingant \u012f dirvo\u017eem\u012f, i\u0161gaubta pus\u0117 b\u016bt\u0173 nukreipta ak\u0117\u010di\u0173 jud\u0117jimui prie\u0161inga kryptimi.<\/p>\n<p><strong>Rotacini\u0173 ak\u0117\u010di\u0173 darbo technologinis procesas<\/strong><\/p>\n<p>Ma\u0161inai judant \u012fdirbamu lauku, rotorini\u0173 ak\u0117\u010di\u0173 ratai su spygliais pradeda suktis ir smigti \u012f dirvo\u017eem\u012f 3\u20135 cm gyliu, tod\u0117l suardoma dirvo\u017eemio pluta ir dirvo\u017eemis apr\u016bpinamas oru. D\u0117l tokio disko su spygliais veiksmo, ore esantis azotas patenka \u012f derling\u0105 dirvo\u017eemio sluoksn\u012f. Naudojant rotacines ak\u0117\u010dias, galima suma\u017einti \u012fterpiam\u0173 azotini\u0173 tr\u0105\u0161\u0173 kiek\u012f, o tam tikrais atvejais \u2013 net visi\u0161kai j\u0173 atsisakyti. Rotacin\u0117s ak\u0117\u010dios gerai mul\u010diuoja vir\u0161utin\u012f dirvo\u017eemio sluoksn\u012f, suardo dirvo\u017eemio plut\u0105. Taip sukuriamos idealios s\u0105lygos pradiniam augal\u0173 \u0161akn\u0173 vystymuisi ir u\u017etikrinama galinga j\u0173 augimo prad\u017eia.<\/p>\n<p>I\u0161 tikr\u0173j\u0173, rotacin\u0117s ak\u0117\u010dios atlieka tas pa\u010dias funkcijas, kaip ir virbalin\u0117s ak\u0117\u010dios. Ta\u010diau, lyginant su virbalin\u0117mis ak\u0117\u010diomis, rotacin\u0117s ak\u0117\u010dios turi privalum\u0105 \u2013 ekofilin\u012f darbini\u0173 dali\u0173 poveik\u012f dirvo\u017eemio plutai, kuris u\u017etikrina galimyb\u0119 \u0161ias ak\u0117\u010dias naudoti kult\u016brini\u0173 augal\u0173 ankstyvosiose augimo stadijose, kai jie turi 2\u20133 lapelius. Lyginant su virbalin\u0117mis ak\u0117\u010diomis, rotacini\u0173 ak\u0117\u010di\u0173 darbo metu pa\u017eeid\u017eiama daug ma\u017eiau kult\u016brini\u0173 augal\u0173 ir tuo pat metu pasiekiamas tikslas \u2013 suardomi kapiliarai, t. y. dr\u0117gm\u0117 apsaugoma nuo garavimo. Be to, \u0161ias ak\u0117\u010dias naudojant laiku, galima visi\u0161kai atsisakyti herbicid\u0173 naudojimo, kadangi \u0161iai \u017eem\u0117s \u016bkio ma\u0161inai va\u017eiuojant dideliu grei\u010diu, sunaikinamos \u201ebaltojo si\u016blelio\u201c augimo stadijos pikt\u017eol\u0117s.<\/p>\n<p>Rotacin\u0117s ak\u0117\u010dios yra daug funkcij\u0173 atliekantys padargai, kurie efektyviai naudojami apsaugoti dr\u0117gm\u0119 nuo garavimo, ardyti plut\u0105, naikinti pikt\u017eoles. J\u0173 konstrukcijos ir darbo re\u017eim\u0173 ypatumas u\u017etikrina tausojant\u012f poveik\u012f dirvo\u017eemio pavir\u0161iniam sluoksniui kontakto su darbin\u0117s dalies spygliu ta\u0161ke ir tuo pa\u010diu kokybi\u0161k\u0105 technologinio proceso vykdym\u0105 su minimaliu neigiamu poveikiu kult\u016briniams augalams. Tokie padargai yra labai gera alternatyva cheminiams kovos su pikt\u017eol\u0117mis b\u016bdams. Be to, jie daro kompleksin\u012f poveik\u012f dirvo\u017eemiui.<\/p>\n<p><strong>Rotacin\u0117s ak\u0117\u010dios ANTOX (Agrokalina) paskirtis ir privalumai:<\/strong><\/p>\n<p>skirtos u\u017ed\u017ei\u016bvusios \u017eem\u0117s plutos suardymui, nepa\u017eeid\u017eiant kult\u016brinio augalo \u0161akn\u0173. Ypatingai efektyvu ankstyvoje augimo stadijoje (2-3 lapeliai);<\/p>\n<p>mul\u010diuoja dirvos pavir\u0161i\u0173 ir sulaiko dr\u0117gm\u0119. Dr\u0117gm\u0117s sulaikymas padid\u0117ja iki 3 kart\u0173.<\/p>\n<p>prisotina dirv\u0105 deguonimi ir azotu;<\/p>\n<p>sunakina 99 % pikt\u017eoli\u0173 baltos \u0161aknies stadijoje;<\/p>\n<p>pa\u017eeid\u017eia tik iki 1% vegetuojan\u010di\u0173 augal\u0173, palyginimui virbalin\u0117s ak\u0117\u010dios iki 10%.<\/p>\n<p>naudojant reguliariai ir tinkamu laiku, galima visi\u0161kai atsisakyti herbicid\u0173;<\/p>\n<p>netraumuoja augal\u0173 iki 15 cm;<\/p>\n<p>purenant tarpueilius, galima naudoti augalams iki 30 cm auk\u0161\u010dio;<\/p>\n<p>Puikiai tinka pabir\u0173 sudaiginimui;<\/p>\n<p>galima naudoti tiek padrikos s\u0117jos pas\u0117liams, tiek eilut\u0117se, taip pat ir daugiame\u010di\u0173 \u017eoli\u0173 aeravimui pievose.<\/p>\n<p><strong>Naujos konstrukcijos darbin\u0117 dalis su spyruokline apsauga.<\/strong><\/p>\n<p>Rotacin\u0117s ak\u0117\u010dios \u201eANTOX\u201c turi daug reik\u0161ming\u0173 privalum\u0173, vis\u0173 pirma d\u0117l importini\u0173 SKF neaptarnaujam\u0173\u00a0 guoli\u0173 u\u017edaroje\u00a0 stebul\u0117je, kuri yra visi\u0161kai u\u017edara, nereikalauja prie\u017ei\u016bros ir turi 2met\u0173 garantij\u0105.<\/p>\n<p>Darbin\u0117s\u00a0 dalies privalumai: rotacin\u0117s ak\u0117\u010dios turi 15 dant\u0173 viename darbiniame korpuse, kiekvienas dantis yra i\u0161platinto smaigalio formos, praplat\u0117jantis, nukreiptas \u012f gal\u0105 ir i\u0161lenktas kampu, leid\u017eiantis smaigui patekti \u012f \u017eem\u0119 sta\u010diu kampu, o kai jis palieka \u017eem\u0119, jis atlieka plok\u0161\u010di\u0105 mikro sprogim\u0105, tokiu b\u016bdu visi\u0161kai sunaikina plut\u0105 ir i\u0161traukia pikt\u017eoles, kuri\u0173 \u0161aknys dar\u00a0 si\u016bl\u0173 stadijos. Naudojami auk\u0161tos kokyb\u0117s importiniai komponentai ir suteikiama garantij\u0105 iki 2 met\u0173. Efektyvumui u\u017etikrinti, galima naudoti skirtingo tipo darbinius elementus skirtingoms kult\u016broms arba pievoms. Galima naudoti su \u017eoli\u0173 s\u0117jam\u0105j\u0105.<\/p>\n<p>D\u0117l smulkesn\u0117s informacijos arba ap\u017ei\u016bros galima kreiptis \u012f gamintojo atstov\u0105 Lietuvoje UAB \u201eHoro mechanika\u201c. Tel. pasiteiravimui\u00a0\u00a0 861141142 Tomas Valuntis.<\/p>\n<p>&nbsp;<\/p>\n<table width=\"0\">\n<tbody>\n<tr>\n<td width=\"168\">Darbinis plotis<\/td>\n<td width=\"95\">m<\/td>\n<td width=\"66\">3<\/td>\n<td width=\"57\">4,2<\/td>\n<td width=\"57\">5,8<\/td>\n<td width=\"57\">6,8<\/td>\n<td width=\"57\">9<\/td>\n<td width=\"57\">12<\/td>\n<td width=\"57\">16<\/td>\n<td width=\"57\">21<\/td>\n<td width=\"57\">27<\/td>\n<\/tr>\n<tr>\n<td width=\"168\">Darbinis greitis<\/td>\n<td width=\"95\">km\/val<\/td>\n<td colspan=\"9\" width=\"519\">15<\/td>\n<\/tr>\n<tr>\n<td width=\"168\">Reikalinga galia<\/td>\n<td width=\"95\">Aj<\/td>\n<td width=\"66\">40<\/td>\n<td width=\"57\">50<\/td>\n<td width=\"57\">70<\/td>\n<td width=\"57\">80<\/td>\n<td width=\"57\">90<\/td>\n<td width=\"57\">110<\/td>\n<td width=\"57\">150<\/td>\n<td width=\"57\">180<\/td>\n<td width=\"57\">220<\/td>\n<\/tr>\n<\/tbody>\n<\/table>\n<p><strong>\u00a0<\/strong><\/p>\n<p><strong>Nuoroda \u012f gamintojo svetain\u0119 apie produkt\u0105 :<\/strong><\/p>\n<p><strong><a href=\"https:\/\/agrokalina.com\/hruntoobrobna-tekhnika\/borony-rotatsiini\/antoks#tekhnichni-kharakterystyky\">https:\/\/agrokalina.com\/hruntoobrobna-tekhnika\/borony-rotatsiini\/antoks#tekhnichni-kharakterystyky<\/a><\/strong><\/p>","protected":false},"excerpt":{"rendered":"<p>Prad\u0117dami pavasarinius darbus laukuose, \u017eemdirbiai susiduria su svarbia u\u017eduotimi laiku imtis technologini\u0173 priemoni\u0173, kad b\u016bt\u0173 sustabdytas dr\u0117gm\u0117s i\u0161 dirvo\u017eemio garavimas ir suardyta sukiet\u0117jusi dirvo\u017eemio pluta \u017eem\u0117s \u016bkio kult\u016br\u0173 pas\u0117liuose. &nbsp; Pavasar\u012f visi kapiliarai ir nekapiliariniai ply\u0161iai dirvo\u017eemyje yra u\u017epildyti vandeniu.Norint i\u0161saugoti \u0161\u012f vanden\u012f, reikia smulkiai sutrupinti vir\u0161utin\u012f dirvo\u017eemio sluoksn\u012f, suardyti kapiliarus, kad dr\u0117gm\u0117s garavimas b\u016bt\u0173 [&hellip;]<\/p>","protected":false},"featured_media":13259,"comment_status":"open","ping_status":"closed","template":"","meta":[],"product_cat":[172,134],"product_tag":[],"class_list":["post-13251","product","type-product","status-publish","has-post-thumbnail","hentry","product_cat-naujienos","product_cat-akecios"],"yoast_head":"<!-- This site is optimized with the Yoast SEO plugin v20.1 - https:\/\/yoast.com\/wordpress\/plugins\/seo\/ -->\n<title>Rotacin\u0117s ak\u0117\u010dios ANTOX | Horomechanika<\/title>\n<meta name=\"description\" content=\"Rotacin\u0117s ak\u0117\u010dios \u2013 tai \u017eem\u0117s \u016bkio ma\u0161inos, kurios yra skirtos \u012fdirbti dirvo\u017eem\u012f prie\u0161 s\u0117j\u0105 ir ak\u0117ti sudygusius lauko kult\u016br\u0173 pas\u0117lius, supurenti pavir\u0161in\u012f sluoksn\u012f ir aeruoti dirvo\u017eem\u012f, sunaikinti \u201esi\u016blin\u0117s\u201c augimo stadijos pikt\u017eoles.\" \/>\n<meta name=\"robots\" content=\"index, follow, max-snippet:-1, max-image-preview:large, max-video-preview:-1\" \/>\n<link rel=\"canonical\" href=\"https:\/\/www.horomechanika.lt\/ru\/product\/rotacines-akecios-antox\/\" \/>\n<meta property=\"og:locale\" content=\"ru_RU\" \/>\n<meta property=\"og:type\" content=\"article\" \/>\n<meta property=\"og:title\" content=\"Rotacin\u0117s ak\u0117\u010dios ANTOX | Horomechanika\" \/>\n<meta property=\"og:description\" content=\"Rotacin\u0117s ak\u0117\u010dios \u2013 tai \u017eem\u0117s \u016bkio ma\u0161inos, kurios yra skirtos \u012fdirbti dirvo\u017eem\u012f prie\u0161 s\u0117j\u0105 ir ak\u0117ti sudygusius lauko kult\u016br\u0173 pas\u0117lius, supurenti pavir\u0161in\u012f sluoksn\u012f ir aeruoti dirvo\u017eem\u012f, sunaikinti \u201esi\u016blin\u0117s\u201c augimo stadijos pikt\u017eoles.\" \/>\n<meta property=\"og:url\" content=\"https:\/\/www.horomechanika.lt\/ru\/product\/rotacines-akecios-antox\/\" \/>\n<meta property=\"og:site_name\" content=\"Horomechanika\" \/>\n<meta property=\"article:publisher\" content=\"https:\/\/www.facebook.com\/UAB-Horo-mechanika-177091812471952\" \/>\n<meta property=\"article:modified_time\" content=\"2022-05-11T06:10:03+00:00\" \/>\n<meta property=\"og:image\" content=\"https:\/\/www.horomechanika.lt\/wp-content\/uploads\/2021\/07\/re.jpg\" \/>\n\t<meta property=\"og:image:width\" content=\"874\" \/>\n\t<meta property=\"og:image:height\" content=\"542\" \/>\n\t<meta property=\"og:image:type\" content=\"image\/jpeg\" \/>\n<meta name=\"twitter:card\" content=\"summary_large_image\" \/>\n<meta name=\"twitter:label1\" content=\"\u041f\u0440\u0438\u043c\u0435\u0440\u043d\u043e\u0435 \u0432\u0440\u0435\u043c\u044f \u0434\u043b\u044f \u0447\u0442\u0435\u043d\u0438\u044f\" \/>\n\t<meta name=\"twitter:data1\" content=\"4 \u043c\u0438\u043d\u0443\u0442\u044b\" \/>\n<script type=\"application\/ld+json\" class=\"yoast-schema-graph\">{\"@context\":\"https:\/\/schema.org\",\"@graph\":[{\"@type\":\"WebPage\",\"@id\":\"https:\/\/www.horomechanika.lt\/product\/rotacines-akecios-antox\/\",\"url\":\"https:\/\/www.horomechanika.lt\/product\/rotacines-akecios-antox\/\",\"name\":\"Rotacin\u0117s ak\u0117\u010dios ANTOX | Horomechanika\",\"isPartOf\":{\"@id\":\"https:\/\/www.horomechanika.lt\/#website\"},\"datePublished\":\"2021-07-13T11:10:33+00:00\",\"dateModified\":\"2022-05-11T06:10:03+00:00\",\"description\":\"Rotacin\u0117s ak\u0117\u010dios \u2013 tai \u017eem\u0117s \u016bkio ma\u0161inos, kurios yra skirtos \u012fdirbti dirvo\u017eem\u012f prie\u0161 s\u0117j\u0105 ir ak\u0117ti sudygusius lauko kult\u016br\u0173 pas\u0117lius, supurenti pavir\u0161in\u012f sluoksn\u012f ir aeruoti dirvo\u017eem\u012f, sunaikinti \u201esi\u016blin\u0117s\u201c augimo stadijos pikt\u017eoles.\",\"breadcrumb\":{\"@id\":\"https:\/\/www.horomechanika.lt\/product\/rotacines-akecios-antox\/#breadcrumb\"},\"inLanguage\":\"ru-RU\",\"potentialAction\":[{\"@type\":\"ReadAction\",\"target\":[\"https:\/\/www.horomechanika.lt\/product\/rotacines-akecios-antox\/\"]}]},{\"@type\":\"BreadcrumbList\",\"@id\":\"https:\/\/www.horomechanika.lt\/product\/rotacines-akecios-antox\/#breadcrumb\",\"itemListElement\":[{\"@type\":\"ListItem\",\"position\":1,\"name\":\"Home\",\"item\":\"https:\/\/www.horomechanika.lt\/\"},{\"@type\":\"ListItem\",\"position\":2,\"name\":\"Shop\",\"item\":\"https:\/\/www.horomechanika.lt\/ru\/shop-2\/\"},{\"@type\":\"ListItem\",\"position\":3,\"name\":\"Rotacin\u0117s ak\u0117\u010dios ANTOX\"}]},{\"@type\":\"WebSite\",\"@id\":\"https:\/\/www.horomechanika.lt\/#website\",\"url\":\"https:\/\/www.horomechanika.lt\/\",\"name\":\"Horomechanika\",\"description\":\"\u017dem\u0117s \u016akio Technika\",\"publisher\":{\"@id\":\"https:\/\/www.horomechanika.lt\/#organization\"},\"potentialAction\":[{\"@type\":\"SearchAction\",\"target\":{\"@type\":\"EntryPoint\",\"urlTemplate\":\"https:\/\/www.horomechanika.lt\/?s={search_term_string}\"},\"query-input\":\"required name=search_term_string\"}],\"inLanguage\":\"ru-RU\"},{\"@type\":\"Organization\",\"@id\":\"https:\/\/www.horomechanika.lt\/#organization\",\"name\":\"UAB \\\"Horo mechanika\\\"\",\"url\":\"https:\/\/www.horomechanika.lt\/\",\"logo\":{\"@type\":\"ImageObject\",\"inLanguage\":\"ru-RU\",\"@id\":\"https:\/\/www.horomechanika.lt\/#\/schema\/logo\/image\/\",\"url\":\"https:\/\/www.horomechanika.lt\/wp-content\/uploads\/2020\/05\/horomechanika-logo.png\",\"contentUrl\":\"https:\/\/www.horomechanika.lt\/wp-content\/uploads\/2020\/05\/horomechanika-logo.png\",\"width\":137,\"height\":56,\"caption\":\"UAB \\\"Horo mechanika\\\"\"},\"image\":{\"@id\":\"https:\/\/www.horomechanika.lt\/#\/schema\/logo\/image\/\"},\"sameAs\":[\"https:\/\/www.facebook.com\/UAB-Horo-mechanika-177091812471952\"]}]}<\/script>\n<!-- \/ Yoast SEO plugin. -->","yoast_head_json":{"title":"Rotacin\u0117s ak\u0117\u010dios ANTOX | Horomechanika","description":"Rotacin\u0117s ak\u0117\u010dios \u2013 tai \u017eem\u0117s \u016bkio ma\u0161inos, kurios yra skirtos \u012fdirbti dirvo\u017eem\u012f prie\u0161 s\u0117j\u0105 ir ak\u0117ti sudygusius lauko kult\u016br\u0173 pas\u0117lius, supurenti pavir\u0161in\u012f sluoksn\u012f ir aeruoti dirvo\u017eem\u012f, sunaikinti \u201esi\u016blin\u0117s\u201c augimo stadijos pikt\u017eoles.","robots":{"index":"index","follow":"follow","max-snippet":"max-snippet:-1","max-image-preview":"max-image-preview:large","max-video-preview":"max-video-preview:-1"},"canonical":"https:\/\/www.horomechanika.lt\/ru\/product\/rotacines-akecios-antox\/","og_locale":"ru_RU","og_type":"article","og_title":"Rotacin\u0117s ak\u0117\u010dios ANTOX | Horomechanika","og_description":"Rotacin\u0117s ak\u0117\u010dios \u2013 tai \u017eem\u0117s \u016bkio ma\u0161inos, kurios yra skirtos \u012fdirbti dirvo\u017eem\u012f prie\u0161 s\u0117j\u0105 ir ak\u0117ti sudygusius lauko kult\u016br\u0173 pas\u0117lius, supurenti pavir\u0161in\u012f sluoksn\u012f ir aeruoti dirvo\u017eem\u012f, sunaikinti \u201esi\u016blin\u0117s\u201c augimo stadijos pikt\u017eoles.","og_url":"https:\/\/www.horomechanika.lt\/ru\/product\/rotacines-akecios-antox\/","og_site_name":"Horomechanika","article_publisher":"https:\/\/www.facebook.com\/UAB-Horo-mechanika-177091812471952","article_modified_time":"2022-05-11T06:10:03+00:00","og_image":[{"width":874,"height":542,"url":"https:\/\/www.horomechanika.lt\/wp-content\/uploads\/2021\/07\/re.jpg","type":"image\/jpeg"}],"twitter_card":"summary_large_image","twitter_misc":{"\u041f\u0440\u0438\u043c\u0435\u0440\u043d\u043e\u0435 \u0432\u0440\u0435\u043c\u044f \u0434\u043b\u044f \u0447\u0442\u0435\u043d\u0438\u044f":"4 \u043c\u0438\u043d\u0443\u0442\u044b"},"schema":{"@context":"https:\/\/schema.org","@graph":[{"@type":"WebPage","@id":"https:\/\/www.horomechanika.lt\/product\/rotacines-akecios-antox\/","url":"https:\/\/www.horomechanika.lt\/product\/rotacines-akecios-antox\/","name":"Rotacin\u0117s ak\u0117\u010dios ANTOX | Horomechanika","isPartOf":{"@id":"https:\/\/www.horomechanika.lt\/#website"},"datePublished":"2021-07-13T11:10:33+00:00","dateModified":"2022-05-11T06:10:03+00:00","description":"Rotacin\u0117s ak\u0117\u010dios \u2013 tai \u017eem\u0117s \u016bkio ma\u0161inos, kurios yra skirtos \u012fdirbti dirvo\u017eem\u012f prie\u0161 s\u0117j\u0105 ir ak\u0117ti sudygusius lauko kult\u016br\u0173 pas\u0117lius, supurenti pavir\u0161in\u012f sluoksn\u012f ir aeruoti dirvo\u017eem\u012f, sunaikinti \u201esi\u016blin\u0117s\u201c augimo stadijos pikt\u017eoles.","breadcrumb":{"@id":"https:\/\/www.horomechanika.lt\/product\/rotacines-akecios-antox\/#breadcrumb"},"inLanguage":"ru-RU","potentialAction":[{"@type":"ReadAction","target":["https:\/\/www.horomechanika.lt\/product\/rotacines-akecios-antox\/"]}]},{"@type":"BreadcrumbList","@id":"https:\/\/www.horomechanika.lt\/product\/rotacines-akecios-antox\/#breadcrumb","itemListElement":[{"@type":"ListItem","position":1,"name":"Home","item":"https:\/\/www.horomechanika.lt\/"},{"@type":"ListItem","position":2,"name":"Shop","item":"https:\/\/www.horomechanika.lt\/ru\/shop-2\/"},{"@type":"ListItem","position":3,"name":"Rotacin\u0117s ak\u0117\u010dios ANTOX"}]},{"@type":"WebSite","@id":"https:\/\/www.horomechanika.lt\/#website","url":"https:\/\/www.horomechanika.lt\/","name":"Horomechanika","description":"\u017dem\u0117s \u016akio Technika","publisher":{"@id":"https:\/\/www.horomechanika.lt\/#organization"},"potentialAction":[{"@type":"SearchAction","target":{"@type":"EntryPoint","urlTemplate":"https:\/\/www.horomechanika.lt\/?s={search_term_string}"},"query-input":"required name=search_term_string"}],"inLanguage":"ru-RU"},{"@type":"Organization","@id":"https:\/\/www.horomechanika.lt\/#organization","name":"UAB \"Horo mechanika\"","url":"https:\/\/www.horomechanika.lt\/","logo":{"@type":"ImageObject","inLanguage":"ru-RU","@id":"https:\/\/www.horomechanika.lt\/#\/schema\/logo\/image\/","url":"https:\/\/www.horomechanika.lt\/wp-content\/uploads\/2020\/05\/horomechanika-logo.png","contentUrl":"https:\/\/www.horomechanika.lt\/wp-content\/uploads\/2020\/05\/horomechanika-logo.png","width":137,"height":56,"caption":"UAB \"Horo mechanika\""},"image":{"@id":"https:\/\/www.horomechanika.lt\/#\/schema\/logo\/image\/"},"sameAs":["https:\/\/www.facebook.com\/UAB-Horo-mechanika-177091812471952"]}]}},"_links":{"self":[{"href":"https:\/\/www.horomechanika.lt\/ru\/wp-json\/wp\/v2\/product\/13251","targetHints":{"allow":["GET"]}}],"collection":[{"href":"https:\/\/www.horomechanika.lt\/ru\/wp-json\/wp\/v2\/product"}],"about":[{"href":"https:\/\/www.horomechanika.lt\/ru\/wp-json\/wp\/v2\/types\/product"}],"replies":[{"embeddable":true,"href":"https:\/\/www.horomechanika.lt\/ru\/wp-json\/wp\/v2\/comments?post=13251"}],"wp:featuredmedia":[{"embeddable":true,"href":"https:\/\/www.horomechanika.lt\/ru\/wp-json\/wp\/v2\/media\/13259"}],"wp:attachment":[{"href":"https:\/\/www.horomechanika.lt\/ru\/wp-json\/wp\/v2\/media?parent=13251"}],"wp:term":[{"taxonomy":"product_cat","embeddable":true,"href":"https:\/\/www.horomechanika.lt\/ru\/wp-json\/wp\/v2\/product_cat?post=13251"},{"taxonomy":"product_tag","embeddable":true,"href":"https:\/\/www.horomechanika.lt\/ru\/wp-json\/wp\/v2\/product_tag?post=13251"}],"curies":[{"name":"wp","href":"https:\/\/api.w.org\/{rel}","templated":true}]}}