{"id":13260,"date":"2021-07-13T14:40:25","date_gmt":"2021-07-13T11:40:25","guid":{"rendered":"https:\/\/www.horomechanika.lt\/?post_type=product&#038;p=13260"},"modified":"2021-07-14T09:37:34","modified_gmt":"2021-07-14T06:37:34","slug":"rotorines-pirstines-akecios-razienoms-ir-pabiroms","status":"publish","type":"product","link":"https:\/\/www.horomechanika.lt\/ru\/product\/rotorines-pirstines-akecios-razienoms-ir-pabiroms\/","title":{"rendered":"ROTORIN\u0116S-PIR\u0160TIN\u0116S AK\u0116\u010cIOS RA\u017dIENOMS IR PABIROMS"},"content":{"rendered":"<p style=\"font-weight: 400;\">Naujiena: ROTACIN\u0116S \u2013PIR\u0160TIN\u0116S su laks\u010dia a\u0161imi\u00a0 ak\u0117\u010dios \u2013 tai \u017eem\u0117s \u016bkio ma\u0161inos, kurios<\/p>\n<p style=\"font-weight: 400;\">yra skirtos \u012fdirbti dirvo\u017eem\u012f 2-8 cm gyli\u0173 \u00a0po k\u016blimo,\u00a0<strong>suaktyvinti pabir\u0173 dygim\u0105\u00a0<\/strong>bei pikt\u017eoli\u0173 naikinim\u0105 jas i\u0161raunant, bet ne nukertant.<\/p>\n<p style=\"font-weight: 400;\">\n<p><iframe loading=\"lazy\" title=\"\u0412\u0438\u043f\u0440\u043e\u0431\u0443\u0432\u0430\u043d\u043d\u044f \u043d\u043e\u0432\u0438\u043d\u043a\u0438 \u0420\u043e\u0442\u043e\u0440\u043d\u043e-\u0437\u0443\u0431\u043e\u0432\u0430 \u0431\u043e\u0440\u043e\u043d\u0430 (ARMA)\" width=\"895\" height=\"503\" src=\"https:\/\/www.youtube.com\/embed\/5BWIbKDdolc?feature=oembed\" frameborder=\"0\" allow=\"accelerometer; autoplay; clipboard-write; encrypted-media; gyroscope; picture-in-picture\" allowfullscreen><\/iframe><\/p>","protected":false},"excerpt":{"rendered":"<p style=\"font-weight: 400;\"><strong>Pagrindin\u0117s funkcijos:<\/strong><\/p>\n<p style=\"font-weight: 400;\">Ra\u017eienos susmulkinimas ir sumai\u0161ymas su dirvo\u017eemiu jo \u012frimo suaktyvinimui;<\/p>\n<p style=\"font-weight: 400;\">Pabir\u0173 \u012fterpimas \u012f vir\u0161utin\u012f \u017eem\u0117s sluokn\u012f dygimo skatinimui;<\/p>\n<p style=\"font-weight: 400;\">Augalin\u0117s kilm\u0117s atliek\u0173 paskirstymas dirvos pavir\u0161iuje (mul\u010diavimas) dr\u0117gm\u0117s sulaikymui;<\/p>\n<p style=\"font-weight: 400;\">Dirvos plutos kapiliar\u0173 suardymas dr\u0117gm\u0117s sulaikymui;<\/p>\n<p style=\"font-weight: 400;\">Dirvos aeravimas;<\/p>\n<p style=\"font-weight: 400;\">Paslank\u016bs, savaime nusivalantys darbiniai pir\u0161tai neu\u017esikem\u0161a ir dr\u0117gname grunte;<\/p>\n<p style=\"font-weight: 400;\">Reguliuojamas atakos kampas ir sl\u0117gis \u012f dirvo\u017eem\u012f;<\/p>\n<p style=\"font-weight: 400;\">Darbin\u0117s dalys supurena dirvo\u017eemio pavir\u0161in\u012f sluoksn\u012f, sutrupina didesnius\u00a0 grumstus, dalinai i\u0161lygina mikroreljef\u0105, sumai\u0161o pavir\u0161in\u012f dirvo\u017eemio sluoksn\u012fsu biomase tarpusavyje, dirvo\u017eem\u012f su tr\u0105\u0161omis, j\u012f i\u0161ak\u0117ja.<\/p>","protected":false},"featured_media":13261,"comment_status":"open","ping_status":"closed","template":"","meta":[],"product_cat":[172,134],"product_tag":[],"class_list":["post-13260","product","type-product","status-publish","has-post-thumbnail","hentry","product_cat-naujienos","product_cat-akecios"],"yoast_head":"<!-- This site is optimized with the Yoast SEO plugin v20.1 - https:\/\/yoast.com\/wordpress\/plugins\/seo\/ -->\n<title>ROTORIN\u0116S-PIR\u0160TIN\u0116S AK\u0116\u010cIOS RA\u017dIENOMS IR PABIROMS | Horomechanika<\/title>\n<meta name=\"description\" content=\"Naujiena: ROTACIN\u0116S \u2013PIR\u0160TIN\u0116S su laks\u010dia a\u0161imi\u00a0 ak\u0117\u010dios \u2013 tai \u017eem\u0117s \u016bkio ma\u0161inos, kuriosyra skirtos \u012fdirbti dirvo\u017eem\u012f 2-8 cm gyli\u0173 \u00a0po k\u016blimo,\u00a0suaktyvinti pabir\u0173 dygim\u0105\u00a0bei pikt\u017eoli\u0173 naikinim\u0105 jas i\u0161raunant, bet ne nukertant.\" \/>\n<meta name=\"robots\" content=\"index, follow, max-snippet:-1, max-image-preview:large, max-video-preview:-1\" \/>\n<link rel=\"canonical\" href=\"https:\/\/www.horomechanika.lt\/ru\/product\/rotorines-pirstines-akecios-razienoms-ir-pabiroms\/\" \/>\n<meta property=\"og:locale\" content=\"ru_RU\" \/>\n<meta property=\"og:type\" content=\"article\" \/>\n<meta property=\"og:title\" content=\"ROTORIN\u0116S-PIR\u0160TIN\u0116S AK\u0116\u010cIOS RA\u017dIENOMS IR PABIROMS | Horomechanika\" \/>\n<meta property=\"og:description\" content=\"Naujiena: ROTACIN\u0116S \u2013PIR\u0160TIN\u0116S su laks\u010dia a\u0161imi\u00a0 ak\u0117\u010dios \u2013 tai \u017eem\u0117s \u016bkio ma\u0161inos, kuriosyra skirtos \u012fdirbti dirvo\u017eem\u012f 2-8 cm gyli\u0173 \u00a0po k\u016blimo,\u00a0suaktyvinti pabir\u0173 dygim\u0105\u00a0bei pikt\u017eoli\u0173 naikinim\u0105 jas i\u0161raunant, bet ne nukertant.\" \/>\n<meta property=\"og:url\" content=\"https:\/\/www.horomechanika.lt\/ru\/product\/rotorines-pirstines-akecios-razienoms-ir-pabiroms\/\" \/>\n<meta property=\"og:site_name\" content=\"Horomechanika\" \/>\n<meta property=\"article:publisher\" content=\"https:\/\/www.facebook.com\/UAB-Horo-mechanika-177091812471952\" \/>\n<meta property=\"article:modified_time\" content=\"2021-07-14T06:37:34+00:00\" \/>\n<meta property=\"og:image\" content=\"https:\/\/www.horomechanika.lt\/wp-content\/uploads\/2021\/07\/cd.jpg\" \/>\n\t<meta property=\"og:image:width\" content=\"1128\" \/>\n\t<meta property=\"og:image:height\" content=\"775\" \/>\n\t<meta property=\"og:image:type\" content=\"image\/jpeg\" \/>\n<meta name=\"twitter:card\" content=\"summary_large_image\" \/>\n<meta name=\"twitter:label1\" content=\"\u041f\u0440\u0438\u043c\u0435\u0440\u043d\u043e\u0435 \u0432\u0440\u0435\u043c\u044f \u0434\u043b\u044f \u0447\u0442\u0435\u043d\u0438\u044f\" \/>\n\t<meta name=\"twitter:data1\" content=\"1 \u043c\u0438\u043d\u0443\u0442\u0430\" \/>\n<script type=\"application\/ld+json\" class=\"yoast-schema-graph\">{\"@context\":\"https:\/\/schema.org\",\"@graph\":[{\"@type\":\"WebPage\",\"@id\":\"https:\/\/www.horomechanika.lt\/product\/rotorines-pirstines-akecios-razienoms-ir-pabiroms\/\",\"url\":\"https:\/\/www.horomechanika.lt\/product\/rotorines-pirstines-akecios-razienoms-ir-pabiroms\/\",\"name\":\"ROTORIN\u0116S-PIR\u0160TIN\u0116S AK\u0116\u010cIOS RA\u017dIENOMS IR PABIROMS | Horomechanika\",\"isPartOf\":{\"@id\":\"https:\/\/www.horomechanika.lt\/#website\"},\"datePublished\":\"2021-07-13T11:40:25+00:00\",\"dateModified\":\"2021-07-14T06:37:34+00:00\",\"description\":\"Naujiena: ROTACIN\u0116S \u2013PIR\u0160TIN\u0116S su laks\u010dia a\u0161imi\u00a0 ak\u0117\u010dios \u2013 tai \u017eem\u0117s \u016bkio ma\u0161inos, kuriosyra skirtos \u012fdirbti dirvo\u017eem\u012f 2-8 cm gyli\u0173 \u00a0po k\u016blimo,\u00a0suaktyvinti pabir\u0173 dygim\u0105\u00a0bei pikt\u017eoli\u0173 naikinim\u0105 jas i\u0161raunant, bet ne nukertant.\",\"breadcrumb\":{\"@id\":\"https:\/\/www.horomechanika.lt\/product\/rotorines-pirstines-akecios-razienoms-ir-pabiroms\/#breadcrumb\"},\"inLanguage\":\"ru-RU\",\"potentialAction\":[{\"@type\":\"ReadAction\",\"target\":[\"https:\/\/www.horomechanika.lt\/product\/rotorines-pirstines-akecios-razienoms-ir-pabiroms\/\"]}]},{\"@type\":\"BreadcrumbList\",\"@id\":\"https:\/\/www.horomechanika.lt\/product\/rotorines-pirstines-akecios-razienoms-ir-pabiroms\/#breadcrumb\",\"itemListElement\":[{\"@type\":\"ListItem\",\"position\":1,\"name\":\"Home\",\"item\":\"https:\/\/www.horomechanika.lt\/\"},{\"@type\":\"ListItem\",\"position\":2,\"name\":\"Shop\",\"item\":\"https:\/\/www.horomechanika.lt\/ru\/shop-2\/\"},{\"@type\":\"ListItem\",\"position\":3,\"name\":\"ROTORIN\u0116S-PIR\u0160TIN\u0116S AK\u0116\u010cIOS RA\u017dIENOMS IR PABIROMS\"}]},{\"@type\":\"WebSite\",\"@id\":\"https:\/\/www.horomechanika.lt\/#website\",\"url\":\"https:\/\/www.horomechanika.lt\/\",\"name\":\"Horomechanika\",\"description\":\"\u017dem\u0117s \u016akio Technika\",\"publisher\":{\"@id\":\"https:\/\/www.horomechanika.lt\/#organization\"},\"potentialAction\":[{\"@type\":\"SearchAction\",\"target\":{\"@type\":\"EntryPoint\",\"urlTemplate\":\"https:\/\/www.horomechanika.lt\/?s={search_term_string}\"},\"query-input\":\"required name=search_term_string\"}],\"inLanguage\":\"ru-RU\"},{\"@type\":\"Organization\",\"@id\":\"https:\/\/www.horomechanika.lt\/#organization\",\"name\":\"UAB \\\"Horo mechanika\\\"\",\"url\":\"https:\/\/www.horomechanika.lt\/\",\"logo\":{\"@type\":\"ImageObject\",\"inLanguage\":\"ru-RU\",\"@id\":\"https:\/\/www.horomechanika.lt\/#\/schema\/logo\/image\/\",\"url\":\"https:\/\/www.horomechanika.lt\/wp-content\/uploads\/2020\/05\/horomechanika-logo.png\",\"contentUrl\":\"https:\/\/www.horomechanika.lt\/wp-content\/uploads\/2020\/05\/horomechanika-logo.png\",\"width\":137,\"height\":56,\"caption\":\"UAB \\\"Horo mechanika\\\"\"},\"image\":{\"@id\":\"https:\/\/www.horomechanika.lt\/#\/schema\/logo\/image\/\"},\"sameAs\":[\"https:\/\/www.facebook.com\/UAB-Horo-mechanika-177091812471952\"]}]}<\/script>\n<!-- \/ Yoast SEO plugin. -->","yoast_head_json":{"title":"ROTORIN\u0116S-PIR\u0160TIN\u0116S AK\u0116\u010cIOS RA\u017dIENOMS IR PABIROMS | Horomechanika","description":"Naujiena: ROTACIN\u0116S \u2013PIR\u0160TIN\u0116S su laks\u010dia a\u0161imi\u00a0 ak\u0117\u010dios \u2013 tai \u017eem\u0117s \u016bkio ma\u0161inos, kuriosyra skirtos \u012fdirbti dirvo\u017eem\u012f 2-8 cm gyli\u0173 \u00a0po k\u016blimo,\u00a0suaktyvinti pabir\u0173 dygim\u0105\u00a0bei pikt\u017eoli\u0173 naikinim\u0105 jas i\u0161raunant, bet ne nukertant.","robots":{"index":"index","follow":"follow","max-snippet":"max-snippet:-1","max-image-preview":"max-image-preview:large","max-video-preview":"max-video-preview:-1"},"canonical":"https:\/\/www.horomechanika.lt\/ru\/product\/rotorines-pirstines-akecios-razienoms-ir-pabiroms\/","og_locale":"ru_RU","og_type":"article","og_title":"ROTORIN\u0116S-PIR\u0160TIN\u0116S AK\u0116\u010cIOS RA\u017dIENOMS IR PABIROMS | Horomechanika","og_description":"Naujiena: ROTACIN\u0116S \u2013PIR\u0160TIN\u0116S su laks\u010dia a\u0161imi\u00a0 ak\u0117\u010dios \u2013 tai \u017eem\u0117s \u016bkio ma\u0161inos, kuriosyra skirtos \u012fdirbti dirvo\u017eem\u012f 2-8 cm gyli\u0173 \u00a0po k\u016blimo,\u00a0suaktyvinti pabir\u0173 dygim\u0105\u00a0bei pikt\u017eoli\u0173 naikinim\u0105 jas i\u0161raunant, bet ne nukertant.","og_url":"https:\/\/www.horomechanika.lt\/ru\/product\/rotorines-pirstines-akecios-razienoms-ir-pabiroms\/","og_site_name":"Horomechanika","article_publisher":"https:\/\/www.facebook.com\/UAB-Horo-mechanika-177091812471952","article_modified_time":"2021-07-14T06:37:34+00:00","og_image":[{"width":1128,"height":775,"url":"https:\/\/www.horomechanika.lt\/wp-content\/uploads\/2021\/07\/cd.jpg","type":"image\/jpeg"}],"twitter_card":"summary_large_image","twitter_misc":{"\u041f\u0440\u0438\u043c\u0435\u0440\u043d\u043e\u0435 \u0432\u0440\u0435\u043c\u044f \u0434\u043b\u044f \u0447\u0442\u0435\u043d\u0438\u044f":"1 \u043c\u0438\u043d\u0443\u0442\u0430"},"schema":{"@context":"https:\/\/schema.org","@graph":[{"@type":"WebPage","@id":"https:\/\/www.horomechanika.lt\/product\/rotorines-pirstines-akecios-razienoms-ir-pabiroms\/","url":"https:\/\/www.horomechanika.lt\/product\/rotorines-pirstines-akecios-razienoms-ir-pabiroms\/","name":"ROTORIN\u0116S-PIR\u0160TIN\u0116S AK\u0116\u010cIOS RA\u017dIENOMS IR PABIROMS | Horomechanika","isPartOf":{"@id":"https:\/\/www.horomechanika.lt\/#website"},"datePublished":"2021-07-13T11:40:25+00:00","dateModified":"2021-07-14T06:37:34+00:00","description":"Naujiena: ROTACIN\u0116S \u2013PIR\u0160TIN\u0116S su laks\u010dia a\u0161imi\u00a0 ak\u0117\u010dios \u2013 tai \u017eem\u0117s \u016bkio ma\u0161inos, kuriosyra skirtos \u012fdirbti dirvo\u017eem\u012f 2-8 cm gyli\u0173 \u00a0po k\u016blimo,\u00a0suaktyvinti pabir\u0173 dygim\u0105\u00a0bei pikt\u017eoli\u0173 naikinim\u0105 jas i\u0161raunant, bet ne nukertant.","breadcrumb":{"@id":"https:\/\/www.horomechanika.lt\/product\/rotorines-pirstines-akecios-razienoms-ir-pabiroms\/#breadcrumb"},"inLanguage":"ru-RU","potentialAction":[{"@type":"ReadAction","target":["https:\/\/www.horomechanika.lt\/product\/rotorines-pirstines-akecios-razienoms-ir-pabiroms\/"]}]},{"@type":"BreadcrumbList","@id":"https:\/\/www.horomechanika.lt\/product\/rotorines-pirstines-akecios-razienoms-ir-pabiroms\/#breadcrumb","itemListElement":[{"@type":"ListItem","position":1,"name":"Home","item":"https:\/\/www.horomechanika.lt\/"},{"@type":"ListItem","position":2,"name":"Shop","item":"https:\/\/www.horomechanika.lt\/ru\/shop-2\/"},{"@type":"ListItem","position":3,"name":"ROTORIN\u0116S-PIR\u0160TIN\u0116S AK\u0116\u010cIOS RA\u017dIENOMS IR PABIROMS"}]},{"@type":"WebSite","@id":"https:\/\/www.horomechanika.lt\/#website","url":"https:\/\/www.horomechanika.lt\/","name":"Horomechanika","description":"\u017dem\u0117s \u016akio Technika","publisher":{"@id":"https:\/\/www.horomechanika.lt\/#organization"},"potentialAction":[{"@type":"SearchAction","target":{"@type":"EntryPoint","urlTemplate":"https:\/\/www.horomechanika.lt\/?s={search_term_string}"},"query-input":"required name=search_term_string"}],"inLanguage":"ru-RU"},{"@type":"Organization","@id":"https:\/\/www.horomechanika.lt\/#organization","name":"UAB \"Horo mechanika\"","url":"https:\/\/www.horomechanika.lt\/","logo":{"@type":"ImageObject","inLanguage":"ru-RU","@id":"https:\/\/www.horomechanika.lt\/#\/schema\/logo\/image\/","url":"https:\/\/www.horomechanika.lt\/wp-content\/uploads\/2020\/05\/horomechanika-logo.png","contentUrl":"https:\/\/www.horomechanika.lt\/wp-content\/uploads\/2020\/05\/horomechanika-logo.png","width":137,"height":56,"caption":"UAB \"Horo mechanika\""},"image":{"@id":"https:\/\/www.horomechanika.lt\/#\/schema\/logo\/image\/"},"sameAs":["https:\/\/www.facebook.com\/UAB-Horo-mechanika-177091812471952"]}]}},"_links":{"self":[{"href":"https:\/\/www.horomechanika.lt\/ru\/wp-json\/wp\/v2\/product\/13260","targetHints":{"allow":["GET"]}}],"collection":[{"href":"https:\/\/www.horomechanika.lt\/ru\/wp-json\/wp\/v2\/product"}],"about":[{"href":"https:\/\/www.horomechanika.lt\/ru\/wp-json\/wp\/v2\/types\/product"}],"replies":[{"embeddable":true,"href":"https:\/\/www.horomechanika.lt\/ru\/wp-json\/wp\/v2\/comments?post=13260"}],"wp:featuredmedia":[{"embeddable":true,"href":"https:\/\/www.horomechanika.lt\/ru\/wp-json\/wp\/v2\/media\/13261"}],"wp:attachment":[{"href":"https:\/\/www.horomechanika.lt\/ru\/wp-json\/wp\/v2\/media?parent=13260"}],"wp:term":[{"taxonomy":"product_cat","embeddable":true,"href":"https:\/\/www.horomechanika.lt\/ru\/wp-json\/wp\/v2\/product_cat?post=13260"},{"taxonomy":"product_tag","embeddable":true,"href":"https:\/\/www.horomechanika.lt\/ru\/wp-json\/wp\/v2\/product_tag?post=13260"}],"curies":[{"name":"wp","href":"https:\/\/api.w.org\/{rel}","templated":true}]}}