{"id":13276,"date":"2021-07-14T14:26:58","date_gmt":"2021-07-14T11:26:58","guid":{"rendered":"https:\/\/www.horomechanika.lt\/?post_type=product&#038;p=13276"},"modified":"2021-07-14T14:41:01","modified_gmt":"2021-07-14T11:41:01","slug":"spyruoklines-akecios-su-diskais-derex-agrokalina","status":"publish","type":"product","link":"https:\/\/www.horomechanika.lt\/ru\/product\/spyruoklines-akecios-su-diskais-derex-agrokalina\/","title":{"rendered":"Spyruoklin\u0117s ak\u0117\u010dios su diskais DEREX AgroKalina"},"content":{"rendered":"<p><iframe loading=\"lazy\" title=\"\u0411\u043e\u0440\u043e\u043d\u0430 \u0414\u0438\u0441\u043a\u043e\u0432\u043e-\u041f\u0440\u0443\u0436\u0438\u043d\u043d\u0430 \u043f\u043e \u0441\u0442\u0435\u0440\u043d\u0456 \u044f\u0447\u043c\u0435\u043d\u044e (Derex)\" width=\"895\" height=\"503\" src=\"https:\/\/www.youtube.com\/embed\/CtgTCHTUR14?feature=oembed\" frameborder=\"0\" allow=\"accelerometer; autoplay; clipboard-write; encrypted-media; gyroscope; picture-in-picture\" allowfullscreen><\/iframe><\/p>\n<p><strong>Nuoroda \u012f gamintojo svetain\u0119 apie produkt\u0105 :<\/strong><\/p>\n<p><strong><a href=\"https:\/\/agrokalina.com\/hruntoobrobna-tekhnika\/borony-rotatsiini\/antoks#tekhnichni-kharakterystyky\">https:\/\/agrokalina.com\/hruntoobrobna-tekhnika\/20-borony-pruzhynni\/pruzhynni-borony-bpshhttps:\/\/agrokalina.com\/hruntoobrobna-tekhnika\/borony-rotatsiini\/antoks#tekhnichni-kharakterystyky<\/a><\/strong><\/p>","protected":false},"excerpt":{"rendered":"<p>Nuoroda \u012f gamintojo svetain\u0119 apie produkt\u0105 : https:\/\/agrokalina.com\/hruntoobrobna-tekhnika\/20-borony-pruzhynni\/pruzhynni-borony-bpshhttps:\/\/agrokalina.com\/hruntoobrobna-tekhnika\/borony-rotatsiini\/antoks#tekhnichni-kharakterystyky<\/p>","protected":false},"featured_media":13277,"comment_status":"open","ping_status":"closed","template":"","meta":[],"product_cat":[172,134],"product_tag":[],"class_list":["post-13276","product","type-product","status-publish","has-post-thumbnail","hentry","product_cat-naujienos","product_cat-akecios"],"yoast_head":"<!-- This site is optimized with the Yoast SEO plugin v20.1 - https:\/\/yoast.com\/wordpress\/plugins\/seo\/ -->\n<title>Spyruoklin\u0117s ak\u0117\u010dios su diskais DEREX AgroKalina | Horomechanika<\/title>\n<meta name=\"description\" content=\"Rotacin\u0117s ak\u0117\u010dios \u2013 tai \u017eem\u0117s \u016bkio ma\u0161inos, kurios yra skirtos \u012fdirbti dirvo\u017eem\u012f prie\u0161 s\u0117j\u0105 ir ak\u0117ti sudygusius lauko kult\u016br\u0173 pas\u0117lius, supurenti pavir\u0161in\u012f sluoksn\u012f ir aeruoti dirvo\u017eem\u012f, sunaikinti \u201esi\u016blin\u0117s\u201c augimo stadijos pikt\u017eoles.\" \/>\n<meta name=\"robots\" content=\"index, follow, max-snippet:-1, max-image-preview:large, max-video-preview:-1\" \/>\n<link rel=\"canonical\" href=\"https:\/\/www.horomechanika.lt\/ru\/product\/spyruoklines-akecios-su-diskais-derex-agrokalina\/\" \/>\n<meta property=\"og:locale\" content=\"ru_RU\" \/>\n<meta property=\"og:type\" content=\"article\" \/>\n<meta property=\"og:title\" content=\"Spyruoklin\u0117s ak\u0117\u010dios su diskais DEREX AgroKalina | Horomechanika\" \/>\n<meta property=\"og:description\" content=\"Rotacin\u0117s ak\u0117\u010dios \u2013 tai \u017eem\u0117s \u016bkio ma\u0161inos, kurios yra skirtos \u012fdirbti dirvo\u017eem\u012f prie\u0161 s\u0117j\u0105 ir ak\u0117ti sudygusius lauko kult\u016br\u0173 pas\u0117lius, supurenti pavir\u0161in\u012f sluoksn\u012f ir aeruoti dirvo\u017eem\u012f, sunaikinti \u201esi\u016blin\u0117s\u201c augimo stadijos pikt\u017eoles.\" \/>\n<meta property=\"og:url\" content=\"https:\/\/www.horomechanika.lt\/ru\/product\/spyruoklines-akecios-su-diskais-derex-agrokalina\/\" \/>\n<meta property=\"og:site_name\" content=\"Horomechanika\" \/>\n<meta property=\"article:publisher\" content=\"https:\/\/www.facebook.com\/UAB-Horo-mechanika-177091812471952\" \/>\n<meta property=\"article:modified_time\" content=\"2021-07-14T11:41:01+00:00\" \/>\n<meta property=\"og:image\" content=\"https:\/\/www.horomechanika.lt\/wp-content\/uploads\/2021\/07\/Untitled-design.png\" \/>\n\t<meta property=\"og:image:width\" content=\"940\" \/>\n\t<meta property=\"og:image:height\" content=\"788\" \/>\n\t<meta property=\"og:image:type\" content=\"image\/png\" \/>\n<meta name=\"twitter:card\" content=\"summary_large_image\" \/>\n<meta name=\"twitter:label1\" content=\"\u041f\u0440\u0438\u043c\u0435\u0440\u043d\u043e\u0435 \u0432\u0440\u0435\u043c\u044f \u0434\u043b\u044f \u0447\u0442\u0435\u043d\u0438\u044f\" \/>\n\t<meta name=\"twitter:data1\" content=\"1 \u043c\u0438\u043d\u0443\u0442\u0430\" \/>\n<script type=\"application\/ld+json\" class=\"yoast-schema-graph\">{\"@context\":\"https:\/\/schema.org\",\"@graph\":[{\"@type\":\"WebPage\",\"@id\":\"https:\/\/www.horomechanika.lt\/product\/spyruoklines-akecios-su-diskais-derex-agrokalina\/\",\"url\":\"https:\/\/www.horomechanika.lt\/product\/spyruoklines-akecios-su-diskais-derex-agrokalina\/\",\"name\":\"Spyruoklin\u0117s ak\u0117\u010dios su diskais DEREX AgroKalina | Horomechanika\",\"isPartOf\":{\"@id\":\"https:\/\/www.horomechanika.lt\/#website\"},\"datePublished\":\"2021-07-14T11:26:58+00:00\",\"dateModified\":\"2021-07-14T11:41:01+00:00\",\"description\":\"Rotacin\u0117s ak\u0117\u010dios \u2013 tai \u017eem\u0117s \u016bkio ma\u0161inos, kurios yra skirtos \u012fdirbti dirvo\u017eem\u012f prie\u0161 s\u0117j\u0105 ir ak\u0117ti sudygusius lauko kult\u016br\u0173 pas\u0117lius, supurenti pavir\u0161in\u012f sluoksn\u012f ir aeruoti dirvo\u017eem\u012f, sunaikinti \u201esi\u016blin\u0117s\u201c augimo stadijos pikt\u017eoles.\",\"breadcrumb\":{\"@id\":\"https:\/\/www.horomechanika.lt\/product\/spyruoklines-akecios-su-diskais-derex-agrokalina\/#breadcrumb\"},\"inLanguage\":\"ru-RU\",\"potentialAction\":[{\"@type\":\"ReadAction\",\"target\":[\"https:\/\/www.horomechanika.lt\/product\/spyruoklines-akecios-su-diskais-derex-agrokalina\/\"]}]},{\"@type\":\"BreadcrumbList\",\"@id\":\"https:\/\/www.horomechanika.lt\/product\/spyruoklines-akecios-su-diskais-derex-agrokalina\/#breadcrumb\",\"itemListElement\":[{\"@type\":\"ListItem\",\"position\":1,\"name\":\"Home\",\"item\":\"https:\/\/www.horomechanika.lt\/\"},{\"@type\":\"ListItem\",\"position\":2,\"name\":\"Shop\",\"item\":\"https:\/\/www.horomechanika.lt\/ru\/shop-2\/\"},{\"@type\":\"ListItem\",\"position\":3,\"name\":\"Spyruoklin\u0117s ak\u0117\u010dios su diskais DEREX AgroKalina\"}]},{\"@type\":\"WebSite\",\"@id\":\"https:\/\/www.horomechanika.lt\/#website\",\"url\":\"https:\/\/www.horomechanika.lt\/\",\"name\":\"Horomechanika\",\"description\":\"\u017dem\u0117s \u016akio Technika\",\"publisher\":{\"@id\":\"https:\/\/www.horomechanika.lt\/#organization\"},\"potentialAction\":[{\"@type\":\"SearchAction\",\"target\":{\"@type\":\"EntryPoint\",\"urlTemplate\":\"https:\/\/www.horomechanika.lt\/?s={search_term_string}\"},\"query-input\":\"required name=search_term_string\"}],\"inLanguage\":\"ru-RU\"},{\"@type\":\"Organization\",\"@id\":\"https:\/\/www.horomechanika.lt\/#organization\",\"name\":\"UAB \\\"Horo mechanika\\\"\",\"url\":\"https:\/\/www.horomechanika.lt\/\",\"logo\":{\"@type\":\"ImageObject\",\"inLanguage\":\"ru-RU\",\"@id\":\"https:\/\/www.horomechanika.lt\/#\/schema\/logo\/image\/\",\"url\":\"https:\/\/www.horomechanika.lt\/wp-content\/uploads\/2020\/05\/horomechanika-logo.png\",\"contentUrl\":\"https:\/\/www.horomechanika.lt\/wp-content\/uploads\/2020\/05\/horomechanika-logo.png\",\"width\":137,\"height\":56,\"caption\":\"UAB \\\"Horo mechanika\\\"\"},\"image\":{\"@id\":\"https:\/\/www.horomechanika.lt\/#\/schema\/logo\/image\/\"},\"sameAs\":[\"https:\/\/www.facebook.com\/UAB-Horo-mechanika-177091812471952\"]}]}<\/script>\n<!-- \/ Yoast SEO plugin. -->","yoast_head_json":{"title":"Spyruoklin\u0117s ak\u0117\u010dios su diskais DEREX AgroKalina | Horomechanika","description":"Rotacin\u0117s ak\u0117\u010dios \u2013 tai \u017eem\u0117s \u016bkio ma\u0161inos, kurios yra skirtos \u012fdirbti dirvo\u017eem\u012f prie\u0161 s\u0117j\u0105 ir ak\u0117ti sudygusius lauko kult\u016br\u0173 pas\u0117lius, supurenti pavir\u0161in\u012f sluoksn\u012f ir aeruoti dirvo\u017eem\u012f, sunaikinti \u201esi\u016blin\u0117s\u201c augimo stadijos pikt\u017eoles.","robots":{"index":"index","follow":"follow","max-snippet":"max-snippet:-1","max-image-preview":"max-image-preview:large","max-video-preview":"max-video-preview:-1"},"canonical":"https:\/\/www.horomechanika.lt\/ru\/product\/spyruoklines-akecios-su-diskais-derex-agrokalina\/","og_locale":"ru_RU","og_type":"article","og_title":"Spyruoklin\u0117s ak\u0117\u010dios su diskais DEREX AgroKalina | Horomechanika","og_description":"Rotacin\u0117s ak\u0117\u010dios \u2013 tai \u017eem\u0117s \u016bkio ma\u0161inos, kurios yra skirtos \u012fdirbti dirvo\u017eem\u012f prie\u0161 s\u0117j\u0105 ir ak\u0117ti sudygusius lauko kult\u016br\u0173 pas\u0117lius, supurenti pavir\u0161in\u012f sluoksn\u012f ir aeruoti dirvo\u017eem\u012f, sunaikinti \u201esi\u016blin\u0117s\u201c augimo stadijos pikt\u017eoles.","og_url":"https:\/\/www.horomechanika.lt\/ru\/product\/spyruoklines-akecios-su-diskais-derex-agrokalina\/","og_site_name":"Horomechanika","article_publisher":"https:\/\/www.facebook.com\/UAB-Horo-mechanika-177091812471952","article_modified_time":"2021-07-14T11:41:01+00:00","og_image":[{"width":940,"height":788,"url":"https:\/\/www.horomechanika.lt\/wp-content\/uploads\/2021\/07\/Untitled-design.png","type":"image\/png"}],"twitter_card":"summary_large_image","twitter_misc":{"\u041f\u0440\u0438\u043c\u0435\u0440\u043d\u043e\u0435 \u0432\u0440\u0435\u043c\u044f \u0434\u043b\u044f \u0447\u0442\u0435\u043d\u0438\u044f":"1 \u043c\u0438\u043d\u0443\u0442\u0430"},"schema":{"@context":"https:\/\/schema.org","@graph":[{"@type":"WebPage","@id":"https:\/\/www.horomechanika.lt\/product\/spyruoklines-akecios-su-diskais-derex-agrokalina\/","url":"https:\/\/www.horomechanika.lt\/product\/spyruoklines-akecios-su-diskais-derex-agrokalina\/","name":"Spyruoklin\u0117s ak\u0117\u010dios su diskais DEREX AgroKalina | Horomechanika","isPartOf":{"@id":"https:\/\/www.horomechanika.lt\/#website"},"datePublished":"2021-07-14T11:26:58+00:00","dateModified":"2021-07-14T11:41:01+00:00","description":"Rotacin\u0117s ak\u0117\u010dios \u2013 tai \u017eem\u0117s \u016bkio ma\u0161inos, kurios yra skirtos \u012fdirbti dirvo\u017eem\u012f prie\u0161 s\u0117j\u0105 ir ak\u0117ti sudygusius lauko kult\u016br\u0173 pas\u0117lius, supurenti pavir\u0161in\u012f sluoksn\u012f ir aeruoti dirvo\u017eem\u012f, sunaikinti \u201esi\u016blin\u0117s\u201c augimo stadijos pikt\u017eoles.","breadcrumb":{"@id":"https:\/\/www.horomechanika.lt\/product\/spyruoklines-akecios-su-diskais-derex-agrokalina\/#breadcrumb"},"inLanguage":"ru-RU","potentialAction":[{"@type":"ReadAction","target":["https:\/\/www.horomechanika.lt\/product\/spyruoklines-akecios-su-diskais-derex-agrokalina\/"]}]},{"@type":"BreadcrumbList","@id":"https:\/\/www.horomechanika.lt\/product\/spyruoklines-akecios-su-diskais-derex-agrokalina\/#breadcrumb","itemListElement":[{"@type":"ListItem","position":1,"name":"Home","item":"https:\/\/www.horomechanika.lt\/"},{"@type":"ListItem","position":2,"name":"Shop","item":"https:\/\/www.horomechanika.lt\/ru\/shop-2\/"},{"@type":"ListItem","position":3,"name":"Spyruoklin\u0117s ak\u0117\u010dios su diskais DEREX AgroKalina"}]},{"@type":"WebSite","@id":"https:\/\/www.horomechanika.lt\/#website","url":"https:\/\/www.horomechanika.lt\/","name":"Horomechanika","description":"\u017dem\u0117s \u016akio Technika","publisher":{"@id":"https:\/\/www.horomechanika.lt\/#organization"},"potentialAction":[{"@type":"SearchAction","target":{"@type":"EntryPoint","urlTemplate":"https:\/\/www.horomechanika.lt\/?s={search_term_string}"},"query-input":"required name=search_term_string"}],"inLanguage":"ru-RU"},{"@type":"Organization","@id":"https:\/\/www.horomechanika.lt\/#organization","name":"UAB \"Horo mechanika\"","url":"https:\/\/www.horomechanika.lt\/","logo":{"@type":"ImageObject","inLanguage":"ru-RU","@id":"https:\/\/www.horomechanika.lt\/#\/schema\/logo\/image\/","url":"https:\/\/www.horomechanika.lt\/wp-content\/uploads\/2020\/05\/horomechanika-logo.png","contentUrl":"https:\/\/www.horomechanika.lt\/wp-content\/uploads\/2020\/05\/horomechanika-logo.png","width":137,"height":56,"caption":"UAB \"Horo mechanika\""},"image":{"@id":"https:\/\/www.horomechanika.lt\/#\/schema\/logo\/image\/"},"sameAs":["https:\/\/www.facebook.com\/UAB-Horo-mechanika-177091812471952"]}]}},"_links":{"self":[{"href":"https:\/\/www.horomechanika.lt\/ru\/wp-json\/wp\/v2\/product\/13276","targetHints":{"allow":["GET"]}}],"collection":[{"href":"https:\/\/www.horomechanika.lt\/ru\/wp-json\/wp\/v2\/product"}],"about":[{"href":"https:\/\/www.horomechanika.lt\/ru\/wp-json\/wp\/v2\/types\/product"}],"replies":[{"embeddable":true,"href":"https:\/\/www.horomechanika.lt\/ru\/wp-json\/wp\/v2\/comments?post=13276"}],"wp:featuredmedia":[{"embeddable":true,"href":"https:\/\/www.horomechanika.lt\/ru\/wp-json\/wp\/v2\/media\/13277"}],"wp:attachment":[{"href":"https:\/\/www.horomechanika.lt\/ru\/wp-json\/wp\/v2\/media?parent=13276"}],"wp:term":[{"taxonomy":"product_cat","embeddable":true,"href":"https:\/\/www.horomechanika.lt\/ru\/wp-json\/wp\/v2\/product_cat?post=13276"},{"taxonomy":"product_tag","embeddable":true,"href":"https:\/\/www.horomechanika.lt\/ru\/wp-json\/wp\/v2\/product_tag?post=13276"}],"curies":[{"name":"wp","href":"https:\/\/api.w.org\/{rel}","templated":true}]}}