{"id":13282,"date":"2021-07-14T14:51:07","date_gmt":"2021-07-14T11:51:07","guid":{"rendered":"https:\/\/www.horomechanika.lt\/?post_type=product&#038;p=13282"},"modified":"2021-07-14T15:07:57","modified_gmt":"2021-07-14T12:07:57","slug":"kultivatorius-verdis-agrokalina","status":"publish","type":"product","link":"https:\/\/www.horomechanika.lt\/ru\/product\/kultivatorius-verdis-agrokalina\/","title":{"rendered":"Kultivatorius VERDIS AGROKALINA"},"content":{"rendered":"<p>\u016akininkai visame pasaulyje reguliariai susiduria su per dideliu tankinimu ir dirvo\u017eemio erozijos problemomis, d\u0117l to praranda galim\u0105 derli\u0173. \u0160i\u0173 problem\u0173 sprendimas buvo vertikalaus \u017eem\u0117s dirbimo technologijos atsiradimas.<br \/>\nDiskiniai \u012frankiai \u201eVERDIS\u201c suteikia vertikal\u0173 apdorojim\u0105, kuris apsaugo nuo konsolidacijos ir paspartina pas\u0117li\u0173 liku\u010di\u0173 mineralizacij\u0105<br \/>\nKeli\u0173 eilu\u010di\u0173 i\u0161d\u0117stymas leid\u017eia greitai apdoroti daugyb\u0119 pas\u0117li\u0173 liku\u010di\u0173 neu\u017ekem\u0161ant, net dr\u0117gnose dirvose<br \/>\nTurbokultivatorius VERDIS atlieka daugyb\u0119 svarbi\u0173 funkcij\u0173, toki\u0173 kaip pas\u0117li\u0173 liku\u010di\u0173 smulkinimas, pas\u0117li\u0173 liku\u010di\u0173 smulkinimas, vir\u0161utinio sluoksnio mul\u010diavimas ir purenimas, pavir\u0161iaus i\u0161lyginimas, siderinio garo apdorojimas, plutos sunaikinimas, dr\u0117gm\u0117s u\u017edarymas.<br \/>\n\u0160io \u012frenginio bruo\u017eas yra daugiasluoksnis diskini\u0173 darbini\u0173 k\u016bn\u0173 i\u0161d\u0117stymas ant atskir\u0173 amortizatori\u0173 lentyn\u0173. \u0160is dizainas leid\u017eia dirbti sunkiomis lauko s\u0105lygomis, tokiomis kaip didel\u0117 dr\u0117gm\u0117, dideli ir blogai pasiskirst\u0119 pas\u0117li\u0173 liku\u010diai. Geb\u0117jimas i\u0161vystyti didel\u012f darbin\u012f greit\u012f ir, kaip ir k\u016bjams, sunaikinti antspaud\u0105.<\/p>\n<p>\u201eVerdsis\u201c b\u016bdingas tvirtas ir sunkus r\u0117mas, \u0161e\u0161ios gofruot\u0173 disk\u0173 eil\u0117s, trij\u0173 eilu\u010di\u0173 spyruoklin\u0117s ak\u0117\u010dios ir volas. Kiekvienas diskas sumontuotas ant atskiros stovo, veikia be atakos kampo ir turi vibracij\u0105 auk\u0161tyn ir \u017eemyn. Vieneto pagrindas &#8211; banguoti diskiniai peiliai, montuojami savaranki\u0161kai ant individualaus spyruoklinio stovo. Taigi \u201eVerdis\u201c modelyje yra 545 mm skersmens gofruoti diskai su stabiliu 40 mm kvadratu. Atstumas tarp j\u0173 yra 160 mm. Ant \u0161io automobilio sumontuoti a\u0161tuoni\u0173 bang\u0173 diskai, kuri\u0173 bangos ilgis yra 65 mm. D\u0117l r\u0117mo svorio kiekvieno disko apkrova yra 121 kg. \u0160is modelis naudojamas purenant dirv\u0105 iki ne daugiau kaip 50 mm gylio.<\/p>\n<p><iframe loading=\"lazy\" title=\"\u0422\u0443\u0440\u0431\u043e\u043a\u0443\u043b\u044c\u0442\u0438\u0432\u0430\u0442\u043e\u0440 Verdis - \u0430\u043d\u0430\u043b\u043e\u0433 SALFORD RTS \u0432\u0435\u0440\u0442\u0438\u043a\u0430\u043b\u044c\u043d\u0430\u044f \u043e\u0431\u0440\u0430\u0431\u043e\u0442\u043a\u0430 \u043f\u043e\u0447\u0432\u044b\" width=\"895\" height=\"503\" src=\"https:\/\/www.youtube.com\/embed\/zmyLKX5jxXQ?feature=oembed\" frameborder=\"0\" allow=\"accelerometer; autoplay; clipboard-write; encrypted-media; gyroscope; picture-in-picture\" allowfullscreen><\/iframe><\/p>\n<p><strong>Nuoroda \u012f gamintojo svetain\u0119 apie produkt\u0105 :<\/strong><\/p>\n<p>https:\/\/agrokalina.com\/hruntoobrobna-tekhnika\/turbokultyvator<\/p>","protected":false},"excerpt":{"rendered":"<p>\u016akininkai visame pasaulyje reguliariai susiduria su per dideliu tankinimu ir dirvo\u017eemio erozijos problemomis, d\u0117l to praranda galim\u0105 derli\u0173. \u0160i\u0173 problem\u0173 sprendimas buvo vertikalaus \u017eem\u0117s dirbimo technologijos atsiradimas. Diskiniai \u012frankiai \u201eVERDIS\u201c suteikia vertikal\u0173 apdorojim\u0105, kuris apsaugo nuo konsolidacijos ir paspartina pas\u0117li\u0173 liku\u010di\u0173 mineralizacij\u0105 Keli\u0173 eilu\u010di\u0173 i\u0161d\u0117stymas leid\u017eia greitai apdoroti daugyb\u0119 pas\u0117li\u0173 liku\u010di\u0173 neu\u017ekem\u0161ant, net dr\u0117gnose dirvose [&hellip;]<\/p>","protected":false},"featured_media":13289,"comment_status":"open","ping_status":"closed","template":"","meta":[],"product_cat":[172,132],"product_tag":[],"class_list":["post-13282","product","type-product","status-publish","has-post-thumbnail","hentry","product_cat-naujienos","product_cat-kultivatoriai"],"yoast_head":"<!-- This site is optimized with the Yoast SEO plugin v20.1 - https:\/\/yoast.com\/wordpress\/plugins\/seo\/ -->\n<title>Kultivatorius VERDIS AGROKALINA | Horomechanika<\/title>\n<meta name=\"description\" content=\"Diskiniai \u012frankiai \u201eVERDIS\u201c suteikia vertikal\u0173 apdorojim\u0105, kuris apsaugo nuo konsolidacijos ir paspartina pas\u0117li\u0173 liku\u010di\u0173 mineralizacij\u0105. Keli\u0173 eili\u0173 i\u0161d\u0117stymas leid\u017eia greitai apdoroti daugyb\u0119 pas\u0117li\u0173 liku\u010di\u0173 neu\u017ekem\u0161ant, net dr\u0117gnose dirvose\" \/>\n<meta name=\"robots\" content=\"index, follow, max-snippet:-1, max-image-preview:large, max-video-preview:-1\" \/>\n<link rel=\"canonical\" href=\"https:\/\/www.horomechanika.lt\/ru\/product\/kultivatorius-verdis-agrokalina\/\" \/>\n<meta property=\"og:locale\" content=\"ru_RU\" \/>\n<meta property=\"og:type\" content=\"article\" \/>\n<meta property=\"og:title\" content=\"Kultivatorius VERDIS AGROKALINA | Horomechanika\" \/>\n<meta property=\"og:description\" content=\"Diskiniai \u012frankiai \u201eVERDIS\u201c suteikia vertikal\u0173 apdorojim\u0105, kuris apsaugo nuo konsolidacijos ir paspartina pas\u0117li\u0173 liku\u010di\u0173 mineralizacij\u0105. Keli\u0173 eili\u0173 i\u0161d\u0117stymas leid\u017eia greitai apdoroti daugyb\u0119 pas\u0117li\u0173 liku\u010di\u0173 neu\u017ekem\u0161ant, net dr\u0117gnose dirvose\" \/>\n<meta property=\"og:url\" content=\"https:\/\/www.horomechanika.lt\/ru\/product\/kultivatorius-verdis-agrokalina\/\" \/>\n<meta property=\"og:site_name\" content=\"Horomechanika\" \/>\n<meta property=\"article:publisher\" content=\"https:\/\/www.facebook.com\/UAB-Horo-mechanika-177091812471952\" \/>\n<meta property=\"article:modified_time\" content=\"2021-07-14T12:07:57+00:00\" \/>\n<meta property=\"og:image\" content=\"https:\/\/www.horomechanika.lt\/wp-content\/uploads\/2021\/07\/JHGF.jpg\" \/>\n\t<meta property=\"og:image:width\" content=\"1075\" \/>\n\t<meta property=\"og:image:height\" content=\"542\" \/>\n\t<meta property=\"og:image:type\" content=\"image\/jpeg\" \/>\n<meta name=\"twitter:card\" content=\"summary_large_image\" \/>\n<meta name=\"twitter:label1\" content=\"\u041f\u0440\u0438\u043c\u0435\u0440\u043d\u043e\u0435 \u0432\u0440\u0435\u043c\u044f \u0434\u043b\u044f \u0447\u0442\u0435\u043d\u0438\u044f\" \/>\n\t<meta name=\"twitter:data1\" content=\"2 \u043c\u0438\u043d\u0443\u0442\u044b\" \/>\n<script type=\"application\/ld+json\" class=\"yoast-schema-graph\">{\"@context\":\"https:\/\/schema.org\",\"@graph\":[{\"@type\":\"WebPage\",\"@id\":\"https:\/\/www.horomechanika.lt\/ru\/product\/kultivatorius-verdis-agrokalina\/\",\"url\":\"https:\/\/www.horomechanika.lt\/ru\/product\/kultivatorius-verdis-agrokalina\/\",\"name\":\"Kultivatorius VERDIS AGROKALINA | Horomechanika\",\"isPartOf\":{\"@id\":\"https:\/\/www.horomechanika.lt\/#website\"},\"datePublished\":\"2021-07-14T11:51:07+00:00\",\"dateModified\":\"2021-07-14T12:07:57+00:00\",\"description\":\"Diskiniai \u012frankiai \u201eVERDIS\u201c suteikia vertikal\u0173 apdorojim\u0105, kuris apsaugo nuo konsolidacijos ir paspartina pas\u0117li\u0173 liku\u010di\u0173 mineralizacij\u0105. Keli\u0173 eili\u0173 i\u0161d\u0117stymas leid\u017eia greitai apdoroti daugyb\u0119 pas\u0117li\u0173 liku\u010di\u0173 neu\u017ekem\u0161ant, net dr\u0117gnose dirvose\",\"breadcrumb\":{\"@id\":\"https:\/\/www.horomechanika.lt\/ru\/product\/kultivatorius-verdis-agrokalina\/#breadcrumb\"},\"inLanguage\":\"ru-RU\",\"potentialAction\":[{\"@type\":\"ReadAction\",\"target\":[\"https:\/\/www.horomechanika.lt\/ru\/product\/kultivatorius-verdis-agrokalina\/\"]}]},{\"@type\":\"BreadcrumbList\",\"@id\":\"https:\/\/www.horomechanika.lt\/ru\/product\/kultivatorius-verdis-agrokalina\/#breadcrumb\",\"itemListElement\":[{\"@type\":\"ListItem\",\"position\":1,\"name\":\"Home\",\"item\":\"https:\/\/www.horomechanika.lt\/\"},{\"@type\":\"ListItem\",\"position\":2,\"name\":\"Shop\",\"item\":\"https:\/\/www.horomechanika.lt\/ru\/shop-2\/\"},{\"@type\":\"ListItem\",\"position\":3,\"name\":\"Kultivatorius VERDIS AGROKALINA\"}]},{\"@type\":\"WebSite\",\"@id\":\"https:\/\/www.horomechanika.lt\/#website\",\"url\":\"https:\/\/www.horomechanika.lt\/\",\"name\":\"Horomechanika\",\"description\":\"\u017dem\u0117s \u016akio Technika\",\"publisher\":{\"@id\":\"https:\/\/www.horomechanika.lt\/#organization\"},\"potentialAction\":[{\"@type\":\"SearchAction\",\"target\":{\"@type\":\"EntryPoint\",\"urlTemplate\":\"https:\/\/www.horomechanika.lt\/?s={search_term_string}\"},\"query-input\":\"required name=search_term_string\"}],\"inLanguage\":\"ru-RU\"},{\"@type\":\"Organization\",\"@id\":\"https:\/\/www.horomechanika.lt\/#organization\",\"name\":\"UAB \\\"Horo mechanika\\\"\",\"url\":\"https:\/\/www.horomechanika.lt\/\",\"logo\":{\"@type\":\"ImageObject\",\"inLanguage\":\"ru-RU\",\"@id\":\"https:\/\/www.horomechanika.lt\/#\/schema\/logo\/image\/\",\"url\":\"https:\/\/www.horomechanika.lt\/wp-content\/uploads\/2020\/05\/horomechanika-logo.png\",\"contentUrl\":\"https:\/\/www.horomechanika.lt\/wp-content\/uploads\/2020\/05\/horomechanika-logo.png\",\"width\":137,\"height\":56,\"caption\":\"UAB \\\"Horo mechanika\\\"\"},\"image\":{\"@id\":\"https:\/\/www.horomechanika.lt\/#\/schema\/logo\/image\/\"},\"sameAs\":[\"https:\/\/www.facebook.com\/UAB-Horo-mechanika-177091812471952\"]}]}<\/script>\n<!-- \/ Yoast SEO plugin. -->","yoast_head_json":{"title":"Kultivatorius VERDIS AGROKALINA | Horomechanika","description":"Diskiniai \u012frankiai \u201eVERDIS\u201c suteikia vertikal\u0173 apdorojim\u0105, kuris apsaugo nuo konsolidacijos ir paspartina pas\u0117li\u0173 liku\u010di\u0173 mineralizacij\u0105. Keli\u0173 eili\u0173 i\u0161d\u0117stymas leid\u017eia greitai apdoroti daugyb\u0119 pas\u0117li\u0173 liku\u010di\u0173 neu\u017ekem\u0161ant, net dr\u0117gnose dirvose","robots":{"index":"index","follow":"follow","max-snippet":"max-snippet:-1","max-image-preview":"max-image-preview:large","max-video-preview":"max-video-preview:-1"},"canonical":"https:\/\/www.horomechanika.lt\/ru\/product\/kultivatorius-verdis-agrokalina\/","og_locale":"ru_RU","og_type":"article","og_title":"Kultivatorius VERDIS AGROKALINA | Horomechanika","og_description":"Diskiniai \u012frankiai \u201eVERDIS\u201c suteikia vertikal\u0173 apdorojim\u0105, kuris apsaugo nuo konsolidacijos ir paspartina pas\u0117li\u0173 liku\u010di\u0173 mineralizacij\u0105. Keli\u0173 eili\u0173 i\u0161d\u0117stymas leid\u017eia greitai apdoroti daugyb\u0119 pas\u0117li\u0173 liku\u010di\u0173 neu\u017ekem\u0161ant, net dr\u0117gnose dirvose","og_url":"https:\/\/www.horomechanika.lt\/ru\/product\/kultivatorius-verdis-agrokalina\/","og_site_name":"Horomechanika","article_publisher":"https:\/\/www.facebook.com\/UAB-Horo-mechanika-177091812471952","article_modified_time":"2021-07-14T12:07:57+00:00","og_image":[{"width":1075,"height":542,"url":"https:\/\/www.horomechanika.lt\/wp-content\/uploads\/2021\/07\/JHGF.jpg","type":"image\/jpeg"}],"twitter_card":"summary_large_image","twitter_misc":{"\u041f\u0440\u0438\u043c\u0435\u0440\u043d\u043e\u0435 \u0432\u0440\u0435\u043c\u044f \u0434\u043b\u044f \u0447\u0442\u0435\u043d\u0438\u044f":"2 \u043c\u0438\u043d\u0443\u0442\u044b"},"schema":{"@context":"https:\/\/schema.org","@graph":[{"@type":"WebPage","@id":"https:\/\/www.horomechanika.lt\/ru\/product\/kultivatorius-verdis-agrokalina\/","url":"https:\/\/www.horomechanika.lt\/ru\/product\/kultivatorius-verdis-agrokalina\/","name":"Kultivatorius VERDIS AGROKALINA | Horomechanika","isPartOf":{"@id":"https:\/\/www.horomechanika.lt\/#website"},"datePublished":"2021-07-14T11:51:07+00:00","dateModified":"2021-07-14T12:07:57+00:00","description":"Diskiniai \u012frankiai \u201eVERDIS\u201c suteikia vertikal\u0173 apdorojim\u0105, kuris apsaugo nuo konsolidacijos ir paspartina pas\u0117li\u0173 liku\u010di\u0173 mineralizacij\u0105. Keli\u0173 eili\u0173 i\u0161d\u0117stymas leid\u017eia greitai apdoroti daugyb\u0119 pas\u0117li\u0173 liku\u010di\u0173 neu\u017ekem\u0161ant, net dr\u0117gnose dirvose","breadcrumb":{"@id":"https:\/\/www.horomechanika.lt\/ru\/product\/kultivatorius-verdis-agrokalina\/#breadcrumb"},"inLanguage":"ru-RU","potentialAction":[{"@type":"ReadAction","target":["https:\/\/www.horomechanika.lt\/ru\/product\/kultivatorius-verdis-agrokalina\/"]}]},{"@type":"BreadcrumbList","@id":"https:\/\/www.horomechanika.lt\/ru\/product\/kultivatorius-verdis-agrokalina\/#breadcrumb","itemListElement":[{"@type":"ListItem","position":1,"name":"Home","item":"https:\/\/www.horomechanika.lt\/"},{"@type":"ListItem","position":2,"name":"Shop","item":"https:\/\/www.horomechanika.lt\/ru\/shop-2\/"},{"@type":"ListItem","position":3,"name":"Kultivatorius VERDIS AGROKALINA"}]},{"@type":"WebSite","@id":"https:\/\/www.horomechanika.lt\/#website","url":"https:\/\/www.horomechanika.lt\/","name":"Horomechanika","description":"\u017dem\u0117s \u016akio Technika","publisher":{"@id":"https:\/\/www.horomechanika.lt\/#organization"},"potentialAction":[{"@type":"SearchAction","target":{"@type":"EntryPoint","urlTemplate":"https:\/\/www.horomechanika.lt\/?s={search_term_string}"},"query-input":"required name=search_term_string"}],"inLanguage":"ru-RU"},{"@type":"Organization","@id":"https:\/\/www.horomechanika.lt\/#organization","name":"UAB \"Horo mechanika\"","url":"https:\/\/www.horomechanika.lt\/","logo":{"@type":"ImageObject","inLanguage":"ru-RU","@id":"https:\/\/www.horomechanika.lt\/#\/schema\/logo\/image\/","url":"https:\/\/www.horomechanika.lt\/wp-content\/uploads\/2020\/05\/horomechanika-logo.png","contentUrl":"https:\/\/www.horomechanika.lt\/wp-content\/uploads\/2020\/05\/horomechanika-logo.png","width":137,"height":56,"caption":"UAB \"Horo mechanika\""},"image":{"@id":"https:\/\/www.horomechanika.lt\/#\/schema\/logo\/image\/"},"sameAs":["https:\/\/www.facebook.com\/UAB-Horo-mechanika-177091812471952"]}]}},"_links":{"self":[{"href":"https:\/\/www.horomechanika.lt\/ru\/wp-json\/wp\/v2\/product\/13282","targetHints":{"allow":["GET"]}}],"collection":[{"href":"https:\/\/www.horomechanika.lt\/ru\/wp-json\/wp\/v2\/product"}],"about":[{"href":"https:\/\/www.horomechanika.lt\/ru\/wp-json\/wp\/v2\/types\/product"}],"replies":[{"embeddable":true,"href":"https:\/\/www.horomechanika.lt\/ru\/wp-json\/wp\/v2\/comments?post=13282"}],"wp:featuredmedia":[{"embeddable":true,"href":"https:\/\/www.horomechanika.lt\/ru\/wp-json\/wp\/v2\/media\/13289"}],"wp:attachment":[{"href":"https:\/\/www.horomechanika.lt\/ru\/wp-json\/wp\/v2\/media?parent=13282"}],"wp:term":[{"taxonomy":"product_cat","embeddable":true,"href":"https:\/\/www.horomechanika.lt\/ru\/wp-json\/wp\/v2\/product_cat?post=13282"},{"taxonomy":"product_tag","embeddable":true,"href":"https:\/\/www.horomechanika.lt\/ru\/wp-json\/wp\/v2\/product_tag?post=13282"}],"curies":[{"name":"wp","href":"https:\/\/api.w.org\/{rel}","templated":true}]}}