{"id":13300,"date":"2022-04-11T10:28:49","date_gmt":"2022-04-11T07:28:49","guid":{"rendered":"https:\/\/www.horomechanika.lt\/?post_type=product&#038;p=13300"},"modified":"2023-01-19T13:01:25","modified_gmt":"2023-01-19T10:01:25","slug":"no-till-sejamoji-agrokalina-kasi-300-400","status":"publish","type":"product","link":"https:\/\/www.horomechanika.lt\/ru\/product\/no-till-sejamoji-agrokalina-kasi-300-400\/","title":{"rendered":"NO-Till s\u0117jamoji Agrokalina KASI 300\/400"},"content":{"rendered":"<p>NO-Till s\u0117jamoji Agrokalina KASI 300\/400 atlieka vien\u0105 labai svarbi\u0105 funkcij\u0105 \u2013 kokybi\u0161k\u0105 s\u0117j\u0105 neparuo\u0161toje dirvoje, nes beariminio tipo sistema. Nenumato nei kultivavimo, nei kitokio dirvos paruo\u0161imo. Tam s\u0117jamoji turi didel\u012f spaudim\u0105 diskiniu noragu. Kad b\u016bt\u0173 i\u0161laikytas tikslus gylis ir patikima s\u0117kl\u0173 tiekimo sistema, u\u017etikrinanti ger\u0105 s\u0117kl\u0173 \u012fterpim\u0105 \u012f eil\u0119. \u201eKasi\u201c masyvumas ir didelis svoris susij\u0119s su dideliu kiekvieno diskinio norago spaudimo poreikiu.<\/p>\n<p>Ma\u017ea kaina ir pajungimas su traktoriais nuo 120 arklio gali\u0173. NO-Till s\u0117jamoji Agrokalina KASI 300\/400 gali b\u016bti naudojamas tiek didel\u0117se \u017eem\u0117s \u016bkio valdose, tiek smulkiuose \u016bkiuose. S\u0117jamoji yra visi\u0161kai pritaikyta vidaus eksploatavimo ir remonto s\u0105lygoms, palyginti su u\u017esienio gamintojais.<\/p>\n<p>S\u0117jamoji apr\u016bpinta eilut\u0117s nuvalymo ratuku &#8211; \u017evaigdute, kurios pagaba nuvalomos augalin\u0117s kilm\u0117s liekanos. Banguotas prapjovimo diskas palengvina s\u0117jimo diskui \u012fterpri s\u0117klasnet ir \u012f kiet\u0105 dirv\u0105. Tekstolitinis prispaudimo pir\u0161tas u\u017etikrina s\u0117klos prispaudim\u0105 eilut\u0117je, o\u00a0 plaukiojantis prispaudimo diskas garantuoja galutini privolavim\u0105.<\/p>\n<p>S\u0117jamosios pagrindas \u2013 dviej\u0173 disk\u0173 sistema, kuris puikiai kopijuoja lauko nelygumus, tiksliai i\u0161laiko nustatyt\u0105 vienoda gyl\u012f esant dideliam s\u0117jimo grei\u010diui ir u\u017etikrina auk\u0161t\u0105 technikos na\u0161um\u0105. Vienas kito at\u017evilgiu diskai lengvai prasiskverbia \u012f dirv\u0105, o tarp disk\u0173 esantis plastikinis sandariklis i\u0161lygina s\u0117klas \u012ftr\u016bkimuose ir pagerina j\u0173 s\u0105lyt\u012f su \u017eeme. Spyruoklinis svirties lygiagretainis mechanizmas sukuria nuo 40 iki 270 kg spaudim\u0105 prapjovimo diskui. Reikiamas disk\u0173 gylis ir atitinkamai s\u0117jimo gylis nustatomas reguliuojant volo pad\u0117t\u012f. Sustiprinto atidarytuvo r\u0117mas susideda i\u0161 dviej\u0173 dali\u0173, sujungt\u0173 vyriais. \u0160i konstrukcijos savyb\u0117 u\u017etikrina tiksl\u0173 ried\u0117jim\u0105 net s\u0117jant sud\u0117tingomis salygomis ir da\u017en\u0173 pos\u016bki\u0173 laukuose. S\u0117jimo diskai yra nustumti vienas nuo kito at\u017evilgiu, tod\u0117l net ir su s\u0117jimo diskais galima s\u0117ti ant ra\u017eienos be diskini\u0173 prapjov\u0117j\u0173.<\/p>\n<p><iframe loading=\"lazy\" title=\"\u0421\u0456\u0432\u0430\u043b\u043a\u0430 KASI \u041e\u0441\u043d\u043e\u0432\u043d\u0435 \u0442\u0435\u0441\u0442\u0443\u0432\u0430\u043d\u043d\u044f\" width=\"895\" height=\"503\" src=\"https:\/\/www.youtube.com\/embed\/x46vZZHjBOg?feature=oembed\" frameborder=\"0\" allow=\"accelerometer; autoplay; clipboard-write; encrypted-media; gyroscope; picture-in-picture; web-share\" allowfullscreen><\/iframe><\/p>","protected":false},"excerpt":{"rendered":"<table>\n<tbody>\n<tr>\n<td width=\"414\">Darbinis plotis, mm<\/td>\n<td width=\"225\">3000\/4000<\/td>\n<\/tr>\n<tr>\n<td width=\"414\">Transportinis plotis, mm<\/td>\n<td width=\"225\">3400\/3000<\/td>\n<\/tr>\n<tr>\n<td width=\"414\">Transportinis auk\u0161tis,\u00a0 mm<\/td>\n<td width=\"225\">2900\/2900<\/td>\n<\/tr>\n<tr>\n<td width=\"414\">Tr\u0105\u0161\u0173 bunkerio talpa, l<\/td>\n<td width=\"225\">1500 \/ 2000<\/td>\n<\/tr>\n<tr>\n<td width=\"414\">S\u0117klos bunkerio talpa, l<\/td>\n<td width=\"225\">2000 \/ 2500<\/td>\n<\/tr>\n<tr>\n<td width=\"414\">S\u0117jimo gylis, mm<\/td>\n<td width=\"225\">20-100<\/td>\n<\/tr>\n<tr>\n<td width=\"414\">Diskini\u0173 norag\u0173 skai\u010dius, vnt.<\/td>\n<td width=\"225\">18\/22<\/td>\n<\/tr>\n<tr>\n<td width=\"414\">Diskinio norago disko diametras \u00d8, mm<\/td>\n<td width=\"225\">350<\/td>\n<\/tr>\n<tr>\n<td width=\"414\">Disko spaudimas \u012f dirv\u0105, kg<\/td>\n<td width=\"225\">100-310<\/td>\n<\/tr>\n<tr>\n<td width=\"414\">Rifliuot\u0173 disk\u0173 skai\u010dius, vnt. (Bellota)<\/td>\n<td width=\"225\">18\/22<\/td>\n<\/tr>\n<tr>\n<td width=\"414\">Rifliuoto disko (25 bangel\u0117s) diametras \u00d8, mm<\/td>\n<td width=\"225\">430<\/td>\n<\/tr>\n<tr>\n<td width=\"414\">Atstumas rifliuot\u0173 disk\u0173 centr\u0173 (ra\u017eienos prapjov\u0117jai), mm<\/td>\n<td width=\"225\">500<\/td>\n<\/tr>\n<tr>\n<td width=\"414\">Tarpueilio plotis, mm<\/td>\n<td width=\"225\">170\/180<\/td>\n<\/tr>\n<tr>\n<td width=\"414\">Darbinis na\u0161umas, ha\/h<\/td>\n<td width=\"225\">2,5-3,5\/3.5-4.5<\/td>\n<\/tr>\n<tr>\n<td width=\"414\">Maksimalus transportinis greitis, km\/h<\/td>\n<td width=\"225\">25<\/td>\n<\/tr>\n<tr>\n<td width=\"414\">Dirbimo gylis rifliuotu disku, mm<\/td>\n<td width=\"225\">0-100<\/td>\n<\/tr>\n<tr>\n<td width=\"414\">Reikalaujama traktoriaus galia, Ag<\/td>\n<td width=\"225\">Nuo 140\/160<\/td>\n<\/tr>\n<tr>\n<td width=\"414\">Nuosava mas\u0117 be tr\u0105\u0161\u0173 ir s\u0117klos u\u017epildymo, kg<\/td>\n<td width=\"225\">5000\/6000<\/td>\n<\/tr>\n<tr>\n<td width=\"414\">Tipas<\/td>\n<td width=\"225\">prikabinama<\/td>\n<\/tr>\n<tr>\n<td width=\"414\">Hidrauli\u0161kai valdoma va\u017eiuokl\u0117<\/td>\n<td width=\"225\">Taip<\/td>\n<\/tr>\n<tr>\n<td width=\"414\">Hidrauli\u0161kai valdomi \u017eenklintuvai<\/td>\n<td width=\"225\">Taip<\/td>\n<\/tr>\n<tr>\n<td width=\"414\">Spyruoklin\u0117 kojos amortizacija<\/td>\n<td width=\"225\">Taip<\/td>\n<\/tr>\n<tr>\n<td width=\"414\">Prispaudimo ratukai su plaukiojan\u010dia funkcija, vnt.<\/td>\n<td width=\"225\">Taip, 18\/22<\/td>\n<\/tr>\n<tr>\n<td width=\"414\">S\u0117klos normos reguliavimas mechaninis su variatoriumi<\/td>\n<td width=\"225\">Belaipsnis<\/td>\n<\/tr>\n<\/tbody>\n<\/table>","protected":false},"featured_media":13696,"comment_status":"open","ping_status":"closed","template":"","meta":[],"product_cat":[225,172,138],"product_tag":[237],"class_list":["post-13300","product","type-product","status-publish","has-post-thumbnail","hentry","product_cat-tiesiogines-sejos-no-till","product_cat-naujienos","product_cat-diskines-sejamosios","product_tag-no-till-sejamoji-agrokalina-kasi-300-400"],"yoast_head":"<!-- This site is optimized with the Yoast SEO plugin v20.1 - https:\/\/yoast.com\/wordpress\/plugins\/seo\/ -->\n<title>NO-Till s\u0117jamoji Agrokalina KASI 300\/400 | Horomechanika<\/title>\n<meta name=\"description\" content=\"Horomechanika NO-Till s\u0117jamoji Agrokalina KASI 300\/400 | NO-Till s\u0117jamoji Agrokalina KASI 300\/400 KASI 300\/400\" \/>\n<meta name=\"robots\" content=\"index, follow, max-snippet:-1, max-image-preview:large, max-video-preview:-1\" \/>\n<link rel=\"canonical\" href=\"https:\/\/www.horomechanika.lt\/ru\/product\/no-till-sejamoji-agrokalina-kasi-300-400\/\" \/>\n<meta property=\"og:locale\" content=\"ru_RU\" \/>\n<meta property=\"og:type\" content=\"article\" \/>\n<meta property=\"og:title\" content=\"NO-Till S\u0117jamoji Agrokalina KASI 300\/400\" \/>\n<meta property=\"og:description\" content=\"NO-Till S\u0117jamoji Agrokalina KASI 300\/400\" \/>\n<meta property=\"og:url\" content=\"https:\/\/www.horomechanika.lt\/ru\/product\/no-till-sejamoji-agrokalina-kasi-300-400\/\" \/>\n<meta property=\"og:site_name\" content=\"Horomechanika\" \/>\n<meta property=\"article:publisher\" content=\"https:\/\/www.facebook.com\/UAB-Horo-mechanika-177091812471952\" \/>\n<meta property=\"article:modified_time\" content=\"2023-01-19T10:01:25+00:00\" \/>\n<meta property=\"og:image\" content=\"https:\/\/www.horomechanika.lt\/wp-content\/uploads\/2022\/04\/WhatsApp-Image-2022-06-21-at-16.24.58-1.jpeg\" \/>\n\t<meta property=\"og:image:width\" content=\"1024\" \/>\n\t<meta property=\"og:image:height\" content=\"625\" \/>\n\t<meta property=\"og:image:type\" content=\"image\/jpeg\" \/>\n<meta name=\"twitter:card\" content=\"summary_large_image\" \/>\n<meta name=\"twitter:title\" content=\"NO-Till S\u0117jamoji Agrokalina KASI 300\/400\" \/>\n<meta name=\"twitter:description\" content=\"NO-Till S\u0117jamoji Agrokalina KASI 300\/400\" \/>\n<meta name=\"twitter:image\" content=\"https:\/\/www.horomechanika.lt\/wp-content\/uploads\/2022\/04\/WhatsApp-Image-2022-06-21-at-16.24.58-2.jpeg\" \/>\n<meta name=\"twitter:label1\" content=\"\u041f\u0440\u0438\u043c\u0435\u0440\u043d\u043e\u0435 \u0432\u0440\u0435\u043c\u044f \u0434\u043b\u044f \u0447\u0442\u0435\u043d\u0438\u044f\" \/>\n\t<meta name=\"twitter:data1\" content=\"2 \u043c\u0438\u043d\u0443\u0442\u044b\" \/>\n<script type=\"application\/ld+json\" class=\"yoast-schema-graph\">{\"@context\":\"https:\/\/schema.org\",\"@graph\":[{\"@type\":\"WebPage\",\"@id\":\"https:\/\/www.horomechanika.lt\/product\/no-till-sejamoji-agrokalina-kasi-300-400\/\",\"url\":\"https:\/\/www.horomechanika.lt\/product\/no-till-sejamoji-agrokalina-kasi-300-400\/\",\"name\":\"NO-Till s\u0117jamoji Agrokalina KASI 300\/400 | Horomechanika\",\"isPartOf\":{\"@id\":\"https:\/\/www.horomechanika.lt\/#website\"},\"datePublished\":\"2022-04-11T07:28:49+00:00\",\"dateModified\":\"2023-01-19T10:01:25+00:00\",\"description\":\"Horomechanika NO-Till s\u0117jamoji Agrokalina KASI 300\/400 | NO-Till s\u0117jamoji Agrokalina KASI 300\/400 KASI 300\/400\",\"breadcrumb\":{\"@id\":\"https:\/\/www.horomechanika.lt\/product\/no-till-sejamoji-agrokalina-kasi-300-400\/#breadcrumb\"},\"inLanguage\":\"ru-RU\",\"potentialAction\":[{\"@type\":\"ReadAction\",\"target\":[\"https:\/\/www.horomechanika.lt\/product\/no-till-sejamoji-agrokalina-kasi-300-400\/\"]}]},{\"@type\":\"BreadcrumbList\",\"@id\":\"https:\/\/www.horomechanika.lt\/product\/no-till-sejamoji-agrokalina-kasi-300-400\/#breadcrumb\",\"itemListElement\":[{\"@type\":\"ListItem\",\"position\":1,\"name\":\"Home\",\"item\":\"https:\/\/www.horomechanika.lt\/\"},{\"@type\":\"ListItem\",\"position\":2,\"name\":\"Shop\",\"item\":\"https:\/\/www.horomechanika.lt\/ru\/shop-2\/\"},{\"@type\":\"ListItem\",\"position\":3,\"name\":\"NO-Till s\u0117jamoji Agrokalina KASI 300\/400\"}]},{\"@type\":\"WebSite\",\"@id\":\"https:\/\/www.horomechanika.lt\/#website\",\"url\":\"https:\/\/www.horomechanika.lt\/\",\"name\":\"Horomechanika\",\"description\":\"\u017dem\u0117s \u016akio Technika\",\"publisher\":{\"@id\":\"https:\/\/www.horomechanika.lt\/#organization\"},\"potentialAction\":[{\"@type\":\"SearchAction\",\"target\":{\"@type\":\"EntryPoint\",\"urlTemplate\":\"https:\/\/www.horomechanika.lt\/?s={search_term_string}\"},\"query-input\":\"required name=search_term_string\"}],\"inLanguage\":\"ru-RU\"},{\"@type\":\"Organization\",\"@id\":\"https:\/\/www.horomechanika.lt\/#organization\",\"name\":\"UAB \\\"Horo mechanika\\\"\",\"url\":\"https:\/\/www.horomechanika.lt\/\",\"logo\":{\"@type\":\"ImageObject\",\"inLanguage\":\"ru-RU\",\"@id\":\"https:\/\/www.horomechanika.lt\/#\/schema\/logo\/image\/\",\"url\":\"https:\/\/www.horomechanika.lt\/wp-content\/uploads\/2020\/05\/horomechanika-logo.png\",\"contentUrl\":\"https:\/\/www.horomechanika.lt\/wp-content\/uploads\/2020\/05\/horomechanika-logo.png\",\"width\":137,\"height\":56,\"caption\":\"UAB \\\"Horo mechanika\\\"\"},\"image\":{\"@id\":\"https:\/\/www.horomechanika.lt\/#\/schema\/logo\/image\/\"},\"sameAs\":[\"https:\/\/www.facebook.com\/UAB-Horo-mechanika-177091812471952\"]}]}<\/script>\n<!-- \/ Yoast SEO plugin. -->","yoast_head_json":{"title":"NO-Till s\u0117jamoji Agrokalina KASI 300\/400 | Horomechanika","description":"Horomechanika NO-Till s\u0117jamoji Agrokalina KASI 300\/400 | NO-Till s\u0117jamoji Agrokalina KASI 300\/400 KASI 300\/400","robots":{"index":"index","follow":"follow","max-snippet":"max-snippet:-1","max-image-preview":"max-image-preview:large","max-video-preview":"max-video-preview:-1"},"canonical":"https:\/\/www.horomechanika.lt\/ru\/product\/no-till-sejamoji-agrokalina-kasi-300-400\/","og_locale":"ru_RU","og_type":"article","og_title":"NO-Till S\u0117jamoji Agrokalina KASI 300\/400","og_description":"NO-Till S\u0117jamoji Agrokalina KASI 300\/400","og_url":"https:\/\/www.horomechanika.lt\/ru\/product\/no-till-sejamoji-agrokalina-kasi-300-400\/","og_site_name":"Horomechanika","article_publisher":"https:\/\/www.facebook.com\/UAB-Horo-mechanika-177091812471952","article_modified_time":"2023-01-19T10:01:25+00:00","og_image":[{"width":1024,"height":625,"url":"https:\/\/www.horomechanika.lt\/wp-content\/uploads\/2022\/04\/WhatsApp-Image-2022-06-21-at-16.24.58-1.jpeg","type":"image\/jpeg"}],"twitter_card":"summary_large_image","twitter_title":"NO-Till S\u0117jamoji Agrokalina KASI 300\/400","twitter_description":"NO-Till S\u0117jamoji Agrokalina KASI 300\/400","twitter_image":"https:\/\/www.horomechanika.lt\/wp-content\/uploads\/2022\/04\/WhatsApp-Image-2022-06-21-at-16.24.58-2.jpeg","twitter_misc":{"\u041f\u0440\u0438\u043c\u0435\u0440\u043d\u043e\u0435 \u0432\u0440\u0435\u043c\u044f \u0434\u043b\u044f \u0447\u0442\u0435\u043d\u0438\u044f":"2 \u043c\u0438\u043d\u0443\u0442\u044b"},"schema":{"@context":"https:\/\/schema.org","@graph":[{"@type":"WebPage","@id":"https:\/\/www.horomechanika.lt\/product\/no-till-sejamoji-agrokalina-kasi-300-400\/","url":"https:\/\/www.horomechanika.lt\/product\/no-till-sejamoji-agrokalina-kasi-300-400\/","name":"NO-Till s\u0117jamoji Agrokalina KASI 300\/400 | Horomechanika","isPartOf":{"@id":"https:\/\/www.horomechanika.lt\/#website"},"datePublished":"2022-04-11T07:28:49+00:00","dateModified":"2023-01-19T10:01:25+00:00","description":"Horomechanika NO-Till s\u0117jamoji Agrokalina KASI 300\/400 | NO-Till s\u0117jamoji Agrokalina KASI 300\/400 KASI 300\/400","breadcrumb":{"@id":"https:\/\/www.horomechanika.lt\/product\/no-till-sejamoji-agrokalina-kasi-300-400\/#breadcrumb"},"inLanguage":"ru-RU","potentialAction":[{"@type":"ReadAction","target":["https:\/\/www.horomechanika.lt\/product\/no-till-sejamoji-agrokalina-kasi-300-400\/"]}]},{"@type":"BreadcrumbList","@id":"https:\/\/www.horomechanika.lt\/product\/no-till-sejamoji-agrokalina-kasi-300-400\/#breadcrumb","itemListElement":[{"@type":"ListItem","position":1,"name":"Home","item":"https:\/\/www.horomechanika.lt\/"},{"@type":"ListItem","position":2,"name":"Shop","item":"https:\/\/www.horomechanika.lt\/ru\/shop-2\/"},{"@type":"ListItem","position":3,"name":"NO-Till s\u0117jamoji Agrokalina KASI 300\/400"}]},{"@type":"WebSite","@id":"https:\/\/www.horomechanika.lt\/#website","url":"https:\/\/www.horomechanika.lt\/","name":"Horomechanika","description":"\u017dem\u0117s \u016akio Technika","publisher":{"@id":"https:\/\/www.horomechanika.lt\/#organization"},"potentialAction":[{"@type":"SearchAction","target":{"@type":"EntryPoint","urlTemplate":"https:\/\/www.horomechanika.lt\/?s={search_term_string}"},"query-input":"required name=search_term_string"}],"inLanguage":"ru-RU"},{"@type":"Organization","@id":"https:\/\/www.horomechanika.lt\/#organization","name":"UAB \"Horo mechanika\"","url":"https:\/\/www.horomechanika.lt\/","logo":{"@type":"ImageObject","inLanguage":"ru-RU","@id":"https:\/\/www.horomechanika.lt\/#\/schema\/logo\/image\/","url":"https:\/\/www.horomechanika.lt\/wp-content\/uploads\/2020\/05\/horomechanika-logo.png","contentUrl":"https:\/\/www.horomechanika.lt\/wp-content\/uploads\/2020\/05\/horomechanika-logo.png","width":137,"height":56,"caption":"UAB \"Horo mechanika\""},"image":{"@id":"https:\/\/www.horomechanika.lt\/#\/schema\/logo\/image\/"},"sameAs":["https:\/\/www.facebook.com\/UAB-Horo-mechanika-177091812471952"]}]}},"_links":{"self":[{"href":"https:\/\/www.horomechanika.lt\/ru\/wp-json\/wp\/v2\/product\/13300","targetHints":{"allow":["GET"]}}],"collection":[{"href":"https:\/\/www.horomechanika.lt\/ru\/wp-json\/wp\/v2\/product"}],"about":[{"href":"https:\/\/www.horomechanika.lt\/ru\/wp-json\/wp\/v2\/types\/product"}],"replies":[{"embeddable":true,"href":"https:\/\/www.horomechanika.lt\/ru\/wp-json\/wp\/v2\/comments?post=13300"}],"wp:featuredmedia":[{"embeddable":true,"href":"https:\/\/www.horomechanika.lt\/ru\/wp-json\/wp\/v2\/media\/13696"}],"wp:attachment":[{"href":"https:\/\/www.horomechanika.lt\/ru\/wp-json\/wp\/v2\/media?parent=13300"}],"wp:term":[{"taxonomy":"product_cat","embeddable":true,"href":"https:\/\/www.horomechanika.lt\/ru\/wp-json\/wp\/v2\/product_cat?post=13300"},{"taxonomy":"product_tag","embeddable":true,"href":"https:\/\/www.horomechanika.lt\/ru\/wp-json\/wp\/v2\/product_tag?post=13300"}],"curies":[{"name":"wp","href":"https:\/\/api.w.org\/{rel}","templated":true}]}}