{"id":13390,"date":"2022-05-02T15:47:00","date_gmt":"2022-05-02T12:47:00","guid":{"rendered":"https:\/\/www.horomechanika.lt\/?post_type=product&#038;p=13390"},"modified":"2022-06-08T13:26:04","modified_gmt":"2022-06-08T10:26:04","slug":"hidromanipuliatorius-country-410-smart-copy","status":"publish","type":"product","link":"https:\/\/www.horomechanika.lt\/ru\/product\/hidromanipuliatorius-country-410-smart-copy\/","title":{"rendered":"Hidromanipuliatorius Country 410 Smart"},"content":{"rendered":"<p>Hidromanipuliatorius <a href=\"https:\/\/www.country.ee\/en\">Country 410<\/a> Smart panaudojimas yra ypa\u010d platus. Juos galima naudoti prie mi\u0161ko priekab\u0173, gr\u016bdini\u0173 ir karjero tipo <a href=\"https:\/\/www.horomechanika.lt\/ru\/product-category\/misko-technika\/medvezes-priekabos\/\">puspriekabi\u0173<\/a>, traktori\u0173, pritaikyti prie savadarbi\u0173 priekab\u0173. Kei\u010diami griebtuvai ir priedai sudaro pla\u010dias galimybes \u012fvairiems mi\u0161ko ir \u016bkio darbams atlikti.\u00a0Taipogi galima rinktis kokiu b\u016bdu bus valdomas Hidromanipuliatorius Country 410 Smart kranas.\u00a0Nuo papras\u010diausio hidraulinio su hidraulin\u0117mis svirtimis iki elektrinio valdymo dvejomis vairalazd\u0117mis. Ar net nuotolinio valdymo.<\/p>\n<p>Manipuliatoriaus valdikliai yra pagaminti taip, kad juos b\u016bt\u0173 galima ergonomi\u0161kai sumontuoti bet kuriame traktoriuje ar prie priekabos kur operatoriui yra patorgiau dirbti. Mi\u0161ko priekabos yra universalios, esant poreikiui galima sumontuoti savivar\u010dio k\u0117bul\u0105. Ruo\u0161iame hidraulika, apkaustome traktorius.<\/p>\n<p>&nbsp;<\/p>\n<p><iframe loading=\"lazy\" title=\"NEU FORSTKRAN Country 410 mit einem ausleger!\" width=\"895\" height=\"503\" src=\"https:\/\/www.youtube.com\/embed\/qBclXB1UnEY?feature=oembed\" frameborder=\"0\" allow=\"accelerometer; autoplay; clipboard-write; encrypted-media; gyroscope; picture-in-picture\" allowfullscreen><\/iframe><\/p>","protected":false},"excerpt":{"rendered":"<table class=\"main_content_t1\" border=\"0\" width=\"640\" cellspacing=\"0\" cellpadding=\"0\">\n<tbody>\n<tr>\n<td width=\"377\" height=\"27\">Maksimalus siekis (m)<\/td>\n<td width=\"263\">4,1<\/td>\n<\/tr>\n<tr>\n<td height=\"27\">Maksimalus krano k\u0117limo momentas (kNm)<\/td>\n<td>12<\/td>\n<\/tr>\n<tr>\n<td height=\"27\">Pasisukimo momentas (kNm)<\/td>\n<td>6<\/td>\n<\/tr>\n<tr>\n<td height=\"27\">Pos\u016bkio cilindrai (pcs)<\/td>\n<td>4 arba 2<\/td>\n<\/tr>\n<tr>\n<td height=\"27\">Pasisukimo kampas<\/td>\n<td>376<\/td>\n<\/tr>\n<tr>\n<td height=\"27\">Darbinis sl\u0117gis (bar)<\/td>\n<td>175<\/td>\n<\/tr>\n<tr>\n<td height=\"27\">Keliampji galia prie 3,5 m (kg)<\/td>\n<td>280<\/td>\n<\/tr>\n<tr>\n<td height=\"27\">Keliampji galia prie 8,5 m\u00a0(kg)<\/td>\n<td>180<\/td>\n<\/tr>\n<tr>\n<td height=\"28\">Galimos atramin\u0117s kojos<\/td>\n<td>Atlenkiamos \/ Telekopin\u0117s<\/td>\n<\/tr>\n<tr>\n<td height=\"28\">Galimi griebtuvai<\/td>\n<td>0,08<\/td>\n<\/tr>\n<tr>\n<td height=\"27\">Krano svoris be atramini\u0173 koj\u0173 ir skirstytuvo (kg)<\/td>\n<td>167<\/td>\n<\/tr>\n<tr>\n<td height=\"27\">Atramini\u0173 teleskopini\u0173 koj\u0173 svoris (kg)<\/td>\n<td>62<\/td>\n<\/tr>\n<tr>\n<td height=\"27\">Atramini\u0173 atlenkiam\u0173 koj\u0173 svoris (kg)<\/td>\n<td>91<\/td>\n<\/tr>\n<tr>\n<td height=\"27\">Rotatoriaus maks. apkrova, (kN)<\/td>\n<td>10<\/td>\n<\/tr>\n<\/tbody>\n<\/table>","protected":false},"featured_media":13392,"comment_status":"open","ping_status":"closed","template":"","meta":[],"product_cat":[172,156],"product_tag":[226,227,234],"class_list":["post-13390","product","type-product","status-publish","has-post-thumbnail","hentry","product_cat-naujienos","product_cat-manipuliatoriai","product_tag-kranas","product_tag-hidromanipuliatorius","product_tag-500-smart"],"yoast_head":"<!-- This site is optimized with the Yoast SEO plugin v20.1 - https:\/\/yoast.com\/wordpress\/plugins\/seo\/ -->\n<title>Hidromanipuliatorius Country 410 Smart | Horomechanika<\/title>\n<meta name=\"description\" content=\"Hidromanipuliatorius Country 410 Smart, mi\u0161ko kranas, Horomechanika Hidromanipuliatorius Country 410 Smart |\" \/>\n<meta name=\"robots\" content=\"index, follow, max-snippet:-1, max-image-preview:large, max-video-preview:-1\" \/>\n<link rel=\"canonical\" href=\"https:\/\/www.horomechanika.lt\/ru\/product\/hidromanipuliatorius-country-410-smart-copy\/\" \/>\n<meta property=\"og:locale\" content=\"ru_RU\" \/>\n<meta property=\"og:type\" content=\"article\" \/>\n<meta property=\"og:title\" content=\"Hidromanipuliatorius Country 410 Smart | Horomechanika\" \/>\n<meta property=\"og:description\" content=\"Hidromanipuliatorius Country 410 Smart, mi\u0161ko kranas, Horomechanika Hidromanipuliatorius Country 410 Smart |\" \/>\n<meta property=\"og:url\" content=\"https:\/\/www.horomechanika.lt\/ru\/product\/hidromanipuliatorius-country-410-smart-copy\/\" \/>\n<meta property=\"og:site_name\" content=\"Horomechanika\" \/>\n<meta property=\"article:publisher\" content=\"https:\/\/www.facebook.com\/UAB-Horo-mechanika-177091812471952\" \/>\n<meta property=\"article:modified_time\" content=\"2022-06-08T10:26:04+00:00\" \/>\n<meta property=\"og:image\" content=\"https:\/\/www.horomechanika.lt\/wp-content\/uploads\/2022\/05\/Hidromanipuliatorius-Country-410-Smart.-.jpeg\" \/>\n\t<meta property=\"og:image:width\" content=\"800\" \/>\n\t<meta property=\"og:image:height\" content=\"533\" \/>\n\t<meta property=\"og:image:type\" content=\"image\/jpeg\" \/>\n<meta name=\"twitter:card\" content=\"summary_large_image\" \/>\n<meta name=\"twitter:label1\" content=\"\u041f\u0440\u0438\u043c\u0435\u0440\u043d\u043e\u0435 \u0432\u0440\u0435\u043c\u044f \u0434\u043b\u044f \u0447\u0442\u0435\u043d\u0438\u044f\" \/>\n\t<meta name=\"twitter:data1\" content=\"1 \u043c\u0438\u043d\u0443\u0442\u0430\" \/>\n<script type=\"application\/ld+json\" class=\"yoast-schema-graph\">{\"@context\":\"https:\/\/schema.org\",\"@graph\":[{\"@type\":[\"WebPage\",\"ItemPage\"],\"@id\":\"https:\/\/www.horomechanika.lt\/product\/hidromanipuliatorius-country-410-smart-copy\/\",\"url\":\"https:\/\/www.horomechanika.lt\/product\/hidromanipuliatorius-country-410-smart-copy\/\",\"name\":\"Hidromanipuliatorius Country 410 Smart | Horomechanika\",\"isPartOf\":{\"@id\":\"https:\/\/www.horomechanika.lt\/#website\"},\"datePublished\":\"2022-05-02T12:47:00+00:00\",\"dateModified\":\"2022-06-08T10:26:04+00:00\",\"description\":\"Hidromanipuliatorius Country 410 Smart, mi\u0161ko kranas, Horomechanika Hidromanipuliatorius Country 410 Smart |\",\"breadcrumb\":{\"@id\":\"https:\/\/www.horomechanika.lt\/product\/hidromanipuliatorius-country-410-smart-copy\/#breadcrumb\"},\"inLanguage\":\"ru-RU\",\"potentialAction\":[{\"@type\":\"ReadAction\",\"target\":[\"https:\/\/www.horomechanika.lt\/product\/hidromanipuliatorius-country-410-smart-copy\/\"]}]},{\"@type\":\"BreadcrumbList\",\"@id\":\"https:\/\/www.horomechanika.lt\/product\/hidromanipuliatorius-country-410-smart-copy\/#breadcrumb\",\"itemListElement\":[{\"@type\":\"ListItem\",\"position\":1,\"name\":\"Home\",\"item\":\"https:\/\/www.horomechanika.lt\/\"},{\"@type\":\"ListItem\",\"position\":2,\"name\":\"Shop\",\"item\":\"https:\/\/www.horomechanika.lt\/ru\/shop-2\/\"},{\"@type\":\"ListItem\",\"position\":3,\"name\":\"Hidromanipuliatorius Country 410 Smart\"}]},{\"@type\":\"WebSite\",\"@id\":\"https:\/\/www.horomechanika.lt\/#website\",\"url\":\"https:\/\/www.horomechanika.lt\/\",\"name\":\"Horomechanika\",\"description\":\"\u017dem\u0117s \u016akio Technika\",\"publisher\":{\"@id\":\"https:\/\/www.horomechanika.lt\/#organization\"},\"potentialAction\":[{\"@type\":\"SearchAction\",\"target\":{\"@type\":\"EntryPoint\",\"urlTemplate\":\"https:\/\/www.horomechanika.lt\/?s={search_term_string}\"},\"query-input\":\"required name=search_term_string\"}],\"inLanguage\":\"ru-RU\"},{\"@type\":\"Organization\",\"@id\":\"https:\/\/www.horomechanika.lt\/#organization\",\"name\":\"UAB \\\"Horo mechanika\\\"\",\"url\":\"https:\/\/www.horomechanika.lt\/\",\"logo\":{\"@type\":\"ImageObject\",\"inLanguage\":\"ru-RU\",\"@id\":\"https:\/\/www.horomechanika.lt\/#\/schema\/logo\/image\/\",\"url\":\"https:\/\/www.horomechanika.lt\/wp-content\/uploads\/2020\/05\/horomechanika-logo.png\",\"contentUrl\":\"https:\/\/www.horomechanika.lt\/wp-content\/uploads\/2020\/05\/horomechanika-logo.png\",\"width\":137,\"height\":56,\"caption\":\"UAB \\\"Horo mechanika\\\"\"},\"image\":{\"@id\":\"https:\/\/www.horomechanika.lt\/#\/schema\/logo\/image\/\"},\"sameAs\":[\"https:\/\/www.facebook.com\/UAB-Horo-mechanika-177091812471952\"]}]}<\/script>\n<!-- \/ Yoast SEO plugin. -->","yoast_head_json":{"title":"Hidromanipuliatorius Country 410 Smart | Horomechanika","description":"Hidromanipuliatorius Country 410 Smart, mi\u0161ko kranas, Horomechanika Hidromanipuliatorius Country 410 Smart |","robots":{"index":"index","follow":"follow","max-snippet":"max-snippet:-1","max-image-preview":"max-image-preview:large","max-video-preview":"max-video-preview:-1"},"canonical":"https:\/\/www.horomechanika.lt\/ru\/product\/hidromanipuliatorius-country-410-smart-copy\/","og_locale":"ru_RU","og_type":"article","og_title":"Hidromanipuliatorius Country 410 Smart | Horomechanika","og_description":"Hidromanipuliatorius Country 410 Smart, mi\u0161ko kranas, Horomechanika Hidromanipuliatorius Country 410 Smart |","og_url":"https:\/\/www.horomechanika.lt\/ru\/product\/hidromanipuliatorius-country-410-smart-copy\/","og_site_name":"Horomechanika","article_publisher":"https:\/\/www.facebook.com\/UAB-Horo-mechanika-177091812471952","article_modified_time":"2022-06-08T10:26:04+00:00","og_image":[{"width":800,"height":533,"url":"https:\/\/www.horomechanika.lt\/wp-content\/uploads\/2022\/05\/Hidromanipuliatorius-Country-410-Smart.-.jpeg","type":"image\/jpeg"}],"twitter_card":"summary_large_image","twitter_misc":{"\u041f\u0440\u0438\u043c\u0435\u0440\u043d\u043e\u0435 \u0432\u0440\u0435\u043c\u044f \u0434\u043b\u044f \u0447\u0442\u0435\u043d\u0438\u044f":"1 \u043c\u0438\u043d\u0443\u0442\u0430"},"schema":{"@context":"https:\/\/schema.org","@graph":[{"@type":["WebPage","ItemPage"],"@id":"https:\/\/www.horomechanika.lt\/product\/hidromanipuliatorius-country-410-smart-copy\/","url":"https:\/\/www.horomechanika.lt\/product\/hidromanipuliatorius-country-410-smart-copy\/","name":"Hidromanipuliatorius Country 410 Smart | Horomechanika","isPartOf":{"@id":"https:\/\/www.horomechanika.lt\/#website"},"datePublished":"2022-05-02T12:47:00+00:00","dateModified":"2022-06-08T10:26:04+00:00","description":"Hidromanipuliatorius Country 410 Smart, mi\u0161ko kranas, Horomechanika Hidromanipuliatorius Country 410 Smart |","breadcrumb":{"@id":"https:\/\/www.horomechanika.lt\/product\/hidromanipuliatorius-country-410-smart-copy\/#breadcrumb"},"inLanguage":"ru-RU","potentialAction":[{"@type":"ReadAction","target":["https:\/\/www.horomechanika.lt\/product\/hidromanipuliatorius-country-410-smart-copy\/"]}]},{"@type":"BreadcrumbList","@id":"https:\/\/www.horomechanika.lt\/product\/hidromanipuliatorius-country-410-smart-copy\/#breadcrumb","itemListElement":[{"@type":"ListItem","position":1,"name":"Home","item":"https:\/\/www.horomechanika.lt\/"},{"@type":"ListItem","position":2,"name":"Shop","item":"https:\/\/www.horomechanika.lt\/ru\/shop-2\/"},{"@type":"ListItem","position":3,"name":"Hidromanipuliatorius Country 410 Smart"}]},{"@type":"WebSite","@id":"https:\/\/www.horomechanika.lt\/#website","url":"https:\/\/www.horomechanika.lt\/","name":"Horomechanika","description":"\u017dem\u0117s \u016akio Technika","publisher":{"@id":"https:\/\/www.horomechanika.lt\/#organization"},"potentialAction":[{"@type":"SearchAction","target":{"@type":"EntryPoint","urlTemplate":"https:\/\/www.horomechanika.lt\/?s={search_term_string}"},"query-input":"required name=search_term_string"}],"inLanguage":"ru-RU"},{"@type":"Organization","@id":"https:\/\/www.horomechanika.lt\/#organization","name":"UAB \"Horo mechanika\"","url":"https:\/\/www.horomechanika.lt\/","logo":{"@type":"ImageObject","inLanguage":"ru-RU","@id":"https:\/\/www.horomechanika.lt\/#\/schema\/logo\/image\/","url":"https:\/\/www.horomechanika.lt\/wp-content\/uploads\/2020\/05\/horomechanika-logo.png","contentUrl":"https:\/\/www.horomechanika.lt\/wp-content\/uploads\/2020\/05\/horomechanika-logo.png","width":137,"height":56,"caption":"UAB \"Horo mechanika\""},"image":{"@id":"https:\/\/www.horomechanika.lt\/#\/schema\/logo\/image\/"},"sameAs":["https:\/\/www.facebook.com\/UAB-Horo-mechanika-177091812471952"]}]}},"_links":{"self":[{"href":"https:\/\/www.horomechanika.lt\/ru\/wp-json\/wp\/v2\/product\/13390","targetHints":{"allow":["GET"]}}],"collection":[{"href":"https:\/\/www.horomechanika.lt\/ru\/wp-json\/wp\/v2\/product"}],"about":[{"href":"https:\/\/www.horomechanika.lt\/ru\/wp-json\/wp\/v2\/types\/product"}],"replies":[{"embeddable":true,"href":"https:\/\/www.horomechanika.lt\/ru\/wp-json\/wp\/v2\/comments?post=13390"}],"wp:featuredmedia":[{"embeddable":true,"href":"https:\/\/www.horomechanika.lt\/ru\/wp-json\/wp\/v2\/media\/13392"}],"wp:attachment":[{"href":"https:\/\/www.horomechanika.lt\/ru\/wp-json\/wp\/v2\/media?parent=13390"}],"wp:term":[{"taxonomy":"product_cat","embeddable":true,"href":"https:\/\/www.horomechanika.lt\/ru\/wp-json\/wp\/v2\/product_cat?post=13390"},{"taxonomy":"product_tag","embeddable":true,"href":"https:\/\/www.horomechanika.lt\/ru\/wp-json\/wp\/v2\/product_tag?post=13390"}],"curies":[{"name":"wp","href":"https:\/\/api.w.org\/{rel}","templated":true}]}}