{"id":13478,"date":"2022-05-12T13:35:01","date_gmt":"2022-05-12T10:35:01","guid":{"rendered":"https:\/\/www.horomechanika.lt\/?post_type=product&#038;p=13478"},"modified":"2022-05-19T09:09:53","modified_gmt":"2022-05-19T06:09:53","slug":"medveze-priekaba-country-50-s","status":"publish","type":"product","link":"https:\/\/www.horomechanika.lt\/ru\/product\/medveze-priekaba-country-50-s\/","title":{"rendered":"Medve\u017e\u0117 priekaba COUNTRY 50 S"},"content":{"rendered":"<p>Medve\u017e\u0117 priekaba COUNTRY 50 S, tinkama medienos gabenimui ar vis\u0173 tip\u0173 rangos darbams atlikti, nes turi pla\u010dius panaudojimo pried\u0173 pasirinkim\u0105 .<\/p>\n<p>Medve\u017ei\u0173 priekab\u0173 krovinio plotas yra nuo 0,65 iki 3,20 m<sup>2<\/sup>. R\u0117mo konstrukcija leid\u017eia prijungti r\u0117mo prat\u0119sim\u0105, kuris suteikia galimyb\u0119 gabenti dar ilgesn\u0119 medien\u0105. Prat\u0119simas priekabos ilg\u012f padidina iki 1 055 mm.<\/p>\n<p>Medve\u017e\u0117 priekaba COUNTRY 50 S r\u0117mo apa\u010dioje turi a\u0161tras briaunas, kurios neleid\u017eia med\u017eiams slinkti i\u0161ilgine kryptimi. Rungai ties lenkimo vieta turi sutvirtinimus. Rung\u0173 apa\u010dioje esantys fiksatoriai neleid\u017eia rungamspasisukti ir i\u0161kristi. A\u0161i\u0173 pagrindas tvirtinamas tiesiai prie priekabos va\u017eiuokl\u0117s, tai pailgina j\u0173 tarnavimo laik\u0105.<\/p>\n<p>Tvirtas sijos r\u0117mas nuo 80&#215;80 iki 200&#215;120 mm yra 8 mm konstrukcijos, tad u\u017etikrinama maksimali naudingoji apkrova.<\/p>\n<p>Priklausomai nuo modelio, priekabose galima sumontuoti b\u016bgninius stabd\u017eius arba hidraulinius diskinius stabd\u017eius ant dviej\u0173 ar keturi\u0173 rat\u0173. Pneumatiniai bei stov\u0117jimo stabd\u017eiai pritaikomi visiems priekab\u0173 modeliams.<\/p>\n<p>Medve\u017ei\u0173 priekab\u0173 pavaros montuojamos priekab\u0173 rat\u0173 stebul\u0117se palengvina r\u0105st\u0173 transportavim\u0105 \u0161lapiame mi\u0161ke. Traktoriaus pavar\u0173 d\u0117\u017e\u0117 yra ma\u017eiau apkraunama, taip yra taupomi degalai ir suma\u017einama tikimyb\u0117 u\u017eklimpti, bet esant perkrovai i\u0161vengiami papildomi gedimai, d\u0117l ko yra taupomas laikas, per kur\u012f galima i\u0161ve\u017eti daugiau mi\u0161ko ir grei\u010diau atlikti sutartus darbus. Black Bruin hidrovarikliai turi didel\u012f sukimo moment\u0105, pagerina sukibim\u0105 su \u017eeme ir j\u016bs visada i\u0161va\u017eiuosite i\u0161 mi\u0161ko sud\u0117tingomis s\u0105lygmis. Mi\u0161ko medve\u017e\u0117s priekabos dar gali b\u016bti su 4 WD ROBSON tipo varomais ratais, kitaip vadinamais \u201ee\u017eiais\u201c.<\/p>\n<p>&nbsp;<\/p>\n<p><iframe loading=\"lazy\" title=\"Log trailer Country 470 + T30A80\" width=\"895\" height=\"503\" src=\"https:\/\/www.youtube.com\/embed\/6XwCLzmomxg?feature=oembed\" frameborder=\"0\" allow=\"accelerometer; autoplay; clipboard-write; encrypted-media; gyroscope; picture-in-picture\" allowfullscreen><\/iframe><\/p>","protected":false},"excerpt":{"rendered":"<table class=\"main_content_t1\" style=\"height: 447px;\" border=\"0\" width=\"486\" cellspacing=\"0\" cellpadding=\"0\">\n<tbody>\n<tr>\n<td width=\"311\" height=\"21\"><\/td>\n<td width=\"149\">50 S<\/td>\n<\/tr>\n<tr>\n<td height=\"21\">Keliamoji galia (kg)<\/td>\n<td>5000<\/td>\n<\/tr>\n<tr>\n<td height=\"21\">Bendras ilgis (mm)<\/td>\n<td>5655<\/td>\n<\/tr>\n<tr>\n<td height=\"21\">Bendras plotis (mm)<\/td>\n<td>1775<\/td>\n<\/tr>\n<tr>\n<td height=\"21\">Standartiniai ratai<\/td>\n<td>400\/60-15.5<\/td>\n<\/tr>\n<tr>\n<td height=\"21\">Pakrovimo aik\u0161tel\u0117s ilgis (mm)<\/td>\n<td>3600<\/td>\n<\/tr>\n<tr>\n<td height=\"21\">Pakrovimo aik\u0161tel\u0117s plotas\u00a0(m\u00b2)<\/td>\n<td>1,35<\/td>\n<\/tr>\n<tr>\n<td height=\"21\">R\u0117mas (mm)<\/td>\n<td>1(120&#215;120)<\/td>\n<\/tr>\n<tr>\n<td height=\"21\">4 WD (ROBSON &#8211; e\u017eiai)<\/td>\n<td>Pasirinktinai<\/td>\n<\/tr>\n<tr>\n<td height=\"21\">2 WD (Black Bruin) hidrovarikliai<\/td>\n<td>Pasirinktinai<\/td>\n<\/tr>\n<tr>\n<td height=\"21\">Hidrauliniai stabd\u017eiai<\/td>\n<td>Pasirinktinai<\/td>\n<\/tr>\n<tr>\n<td height=\"21\">Pneumatiniai stabd\u017eiai<\/td>\n<td>Pasirinktinai<\/td>\n<\/tr>\n<tr>\n<td height=\"21\">Bugniniai stabd\u017eiai<\/td>\n<td>&#8211;<\/td>\n<\/tr>\n<tr>\n<td height=\"21\">Gr\u0105\u017eulo vairavimo cilindrai (pcs)<\/td>\n<td>1<\/td>\n<\/tr>\n<tr>\n<td height=\"21\">Maksimalus leid\u017eiamas kranas (kNm)<\/td>\n<td>30<\/td>\n<\/tr>\n<tr>\n<td height=\"21\">priekabos svoris be krano ie rat\u0173 (kg)<\/td>\n<td>740<\/td>\n<\/tr>\n<tr>\n<td height=\"21\">Rekomenduojami kranai<\/td>\n<td>430\/550\/<\/td>\n<\/tr>\n<\/tbody>\n<\/table>","protected":false},"featured_media":13485,"comment_status":"open","ping_status":"closed","template":"","meta":[],"product_cat":[155,172,100],"product_tag":[180,235,236],"class_list":["post-13478","product","type-product","status-publish","has-post-thumbnail","hentry","product_cat-medvezes-priekabos","product_cat-naujienos","product_cat-misko-technika","product_tag-priekaba","product_tag-medveze","product_tag-country"],"yoast_head":"<!-- This site is optimized with the Yoast SEO plugin v20.1 - https:\/\/yoast.com\/wordpress\/plugins\/seo\/ -->\n<title>Medve\u017e\u0117 priekaba COUNTRY 50 S | Horomechanika<\/title>\n<meta name=\"description\" content=\"Medve\u017e\u0117-priekaba-COUNTRY Horomechanika Medve\u017e\u0117 priekaba COUNTRY 50 S | Medve\u017e\u0117 priekaba COUNTRY 50 S Horomechanika\" \/>\n<meta name=\"robots\" content=\"index, follow, max-snippet:-1, max-image-preview:large, max-video-preview:-1\" \/>\n<link rel=\"canonical\" href=\"https:\/\/www.horomechanika.lt\/ru\/product\/medveze-priekaba-country-50-s\/\" \/>\n<meta property=\"og:locale\" content=\"ru_RU\" \/>\n<meta property=\"og:type\" content=\"article\" \/>\n<meta property=\"og:title\" content=\"Medve\u017e\u0117 priekaba COUNTRY 50 S | Horomechanika\" \/>\n<meta property=\"og:description\" content=\"Medve\u017e\u0117-priekaba-COUNTRY Horomechanika Medve\u017e\u0117 priekaba COUNTRY 50 S | Medve\u017e\u0117 priekaba COUNTRY 50 S Horomechanika\" \/>\n<meta property=\"og:url\" content=\"https:\/\/www.horomechanika.lt\/ru\/product\/medveze-priekaba-country-50-s\/\" \/>\n<meta property=\"og:site_name\" content=\"Horomechanika\" \/>\n<meta property=\"article:publisher\" content=\"https:\/\/www.facebook.com\/UAB-Horo-mechanika-177091812471952\" \/>\n<meta property=\"article:modified_time\" content=\"2022-05-19T06:09:53+00:00\" \/>\n<meta property=\"og:image\" content=\"https:\/\/www.horomechanika.lt\/wp-content\/uploads\/2022\/05\/Medveze-priekaba-COUNTRY-50-S..jpeg\" \/>\n\t<meta property=\"og:image:width\" content=\"1400\" \/>\n\t<meta property=\"og:image:height\" content=\"490\" \/>\n\t<meta property=\"og:image:type\" content=\"image\/jpeg\" \/>\n<meta name=\"twitter:card\" content=\"summary_large_image\" \/>\n<meta name=\"twitter:label1\" content=\"\u041f\u0440\u0438\u043c\u0435\u0440\u043d\u043e\u0435 \u0432\u0440\u0435\u043c\u044f \u0434\u043b\u044f \u0447\u0442\u0435\u043d\u0438\u044f\" \/>\n\t<meta name=\"twitter:data1\" content=\"2 \u043c\u0438\u043d\u0443\u0442\u044b\" \/>\n<script type=\"application\/ld+json\" class=\"yoast-schema-graph\">{\"@context\":\"https:\/\/schema.org\",\"@graph\":[{\"@type\":[\"WebPage\",\"ItemPage\"],\"@id\":\"https:\/\/www.horomechanika.lt\/product\/medveze-priekaba-country-50-s\/\",\"url\":\"https:\/\/www.horomechanika.lt\/product\/medveze-priekaba-country-50-s\/\",\"name\":\"Medve\u017e\u0117 priekaba COUNTRY 50 S | Horomechanika\",\"isPartOf\":{\"@id\":\"https:\/\/www.horomechanika.lt\/#website\"},\"datePublished\":\"2022-05-12T10:35:01+00:00\",\"dateModified\":\"2022-05-19T06:09:53+00:00\",\"description\":\"Medve\u017e\u0117-priekaba-COUNTRY Horomechanika Medve\u017e\u0117 priekaba COUNTRY 50 S | Medve\u017e\u0117 priekaba COUNTRY 50 S Horomechanika\",\"breadcrumb\":{\"@id\":\"https:\/\/www.horomechanika.lt\/product\/medveze-priekaba-country-50-s\/#breadcrumb\"},\"inLanguage\":\"ru-RU\",\"potentialAction\":[{\"@type\":\"ReadAction\",\"target\":[\"https:\/\/www.horomechanika.lt\/product\/medveze-priekaba-country-50-s\/\"]}]},{\"@type\":\"BreadcrumbList\",\"@id\":\"https:\/\/www.horomechanika.lt\/product\/medveze-priekaba-country-50-s\/#breadcrumb\",\"itemListElement\":[{\"@type\":\"ListItem\",\"position\":1,\"name\":\"Home\",\"item\":\"https:\/\/www.horomechanika.lt\/\"},{\"@type\":\"ListItem\",\"position\":2,\"name\":\"Shop\",\"item\":\"https:\/\/www.horomechanika.lt\/ru\/shop-2\/\"},{\"@type\":\"ListItem\",\"position\":3,\"name\":\"Medve\u017e\u0117 priekaba COUNTRY 50 S\"}]},{\"@type\":\"WebSite\",\"@id\":\"https:\/\/www.horomechanika.lt\/#website\",\"url\":\"https:\/\/www.horomechanika.lt\/\",\"name\":\"Horomechanika\",\"description\":\"\u017dem\u0117s \u016akio Technika\",\"publisher\":{\"@id\":\"https:\/\/www.horomechanika.lt\/#organization\"},\"potentialAction\":[{\"@type\":\"SearchAction\",\"target\":{\"@type\":\"EntryPoint\",\"urlTemplate\":\"https:\/\/www.horomechanika.lt\/?s={search_term_string}\"},\"query-input\":\"required name=search_term_string\"}],\"inLanguage\":\"ru-RU\"},{\"@type\":\"Organization\",\"@id\":\"https:\/\/www.horomechanika.lt\/#organization\",\"name\":\"UAB \\\"Horo mechanika\\\"\",\"url\":\"https:\/\/www.horomechanika.lt\/\",\"logo\":{\"@type\":\"ImageObject\",\"inLanguage\":\"ru-RU\",\"@id\":\"https:\/\/www.horomechanika.lt\/#\/schema\/logo\/image\/\",\"url\":\"https:\/\/www.horomechanika.lt\/wp-content\/uploads\/2020\/05\/horomechanika-logo.png\",\"contentUrl\":\"https:\/\/www.horomechanika.lt\/wp-content\/uploads\/2020\/05\/horomechanika-logo.png\",\"width\":137,\"height\":56,\"caption\":\"UAB \\\"Horo mechanika\\\"\"},\"image\":{\"@id\":\"https:\/\/www.horomechanika.lt\/#\/schema\/logo\/image\/\"},\"sameAs\":[\"https:\/\/www.facebook.com\/UAB-Horo-mechanika-177091812471952\"]}]}<\/script>\n<!-- \/ Yoast SEO plugin. -->","yoast_head_json":{"title":"Medve\u017e\u0117 priekaba COUNTRY 50 S | Horomechanika","description":"Medve\u017e\u0117-priekaba-COUNTRY Horomechanika Medve\u017e\u0117 priekaba COUNTRY 50 S | Medve\u017e\u0117 priekaba COUNTRY 50 S Horomechanika","robots":{"index":"index","follow":"follow","max-snippet":"max-snippet:-1","max-image-preview":"max-image-preview:large","max-video-preview":"max-video-preview:-1"},"canonical":"https:\/\/www.horomechanika.lt\/ru\/product\/medveze-priekaba-country-50-s\/","og_locale":"ru_RU","og_type":"article","og_title":"Medve\u017e\u0117 priekaba COUNTRY 50 S | Horomechanika","og_description":"Medve\u017e\u0117-priekaba-COUNTRY Horomechanika Medve\u017e\u0117 priekaba COUNTRY 50 S | Medve\u017e\u0117 priekaba COUNTRY 50 S Horomechanika","og_url":"https:\/\/www.horomechanika.lt\/ru\/product\/medveze-priekaba-country-50-s\/","og_site_name":"Horomechanika","article_publisher":"https:\/\/www.facebook.com\/UAB-Horo-mechanika-177091812471952","article_modified_time":"2022-05-19T06:09:53+00:00","og_image":[{"width":1400,"height":490,"url":"https:\/\/www.horomechanika.lt\/wp-content\/uploads\/2022\/05\/Medveze-priekaba-COUNTRY-50-S..jpeg","type":"image\/jpeg"}],"twitter_card":"summary_large_image","twitter_misc":{"\u041f\u0440\u0438\u043c\u0435\u0440\u043d\u043e\u0435 \u0432\u0440\u0435\u043c\u044f \u0434\u043b\u044f \u0447\u0442\u0435\u043d\u0438\u044f":"2 \u043c\u0438\u043d\u0443\u0442\u044b"},"schema":{"@context":"https:\/\/schema.org","@graph":[{"@type":["WebPage","ItemPage"],"@id":"https:\/\/www.horomechanika.lt\/product\/medveze-priekaba-country-50-s\/","url":"https:\/\/www.horomechanika.lt\/product\/medveze-priekaba-country-50-s\/","name":"Medve\u017e\u0117 priekaba COUNTRY 50 S | Horomechanika","isPartOf":{"@id":"https:\/\/www.horomechanika.lt\/#website"},"datePublished":"2022-05-12T10:35:01+00:00","dateModified":"2022-05-19T06:09:53+00:00","description":"Medve\u017e\u0117-priekaba-COUNTRY Horomechanika Medve\u017e\u0117 priekaba COUNTRY 50 S | Medve\u017e\u0117 priekaba COUNTRY 50 S Horomechanika","breadcrumb":{"@id":"https:\/\/www.horomechanika.lt\/product\/medveze-priekaba-country-50-s\/#breadcrumb"},"inLanguage":"ru-RU","potentialAction":[{"@type":"ReadAction","target":["https:\/\/www.horomechanika.lt\/product\/medveze-priekaba-country-50-s\/"]}]},{"@type":"BreadcrumbList","@id":"https:\/\/www.horomechanika.lt\/product\/medveze-priekaba-country-50-s\/#breadcrumb","itemListElement":[{"@type":"ListItem","position":1,"name":"Home","item":"https:\/\/www.horomechanika.lt\/"},{"@type":"ListItem","position":2,"name":"Shop","item":"https:\/\/www.horomechanika.lt\/ru\/shop-2\/"},{"@type":"ListItem","position":3,"name":"Medve\u017e\u0117 priekaba COUNTRY 50 S"}]},{"@type":"WebSite","@id":"https:\/\/www.horomechanika.lt\/#website","url":"https:\/\/www.horomechanika.lt\/","name":"Horomechanika","description":"\u017dem\u0117s \u016akio Technika","publisher":{"@id":"https:\/\/www.horomechanika.lt\/#organization"},"potentialAction":[{"@type":"SearchAction","target":{"@type":"EntryPoint","urlTemplate":"https:\/\/www.horomechanika.lt\/?s={search_term_string}"},"query-input":"required name=search_term_string"}],"inLanguage":"ru-RU"},{"@type":"Organization","@id":"https:\/\/www.horomechanika.lt\/#organization","name":"UAB \"Horo mechanika\"","url":"https:\/\/www.horomechanika.lt\/","logo":{"@type":"ImageObject","inLanguage":"ru-RU","@id":"https:\/\/www.horomechanika.lt\/#\/schema\/logo\/image\/","url":"https:\/\/www.horomechanika.lt\/wp-content\/uploads\/2020\/05\/horomechanika-logo.png","contentUrl":"https:\/\/www.horomechanika.lt\/wp-content\/uploads\/2020\/05\/horomechanika-logo.png","width":137,"height":56,"caption":"UAB \"Horo mechanika\""},"image":{"@id":"https:\/\/www.horomechanika.lt\/#\/schema\/logo\/image\/"},"sameAs":["https:\/\/www.facebook.com\/UAB-Horo-mechanika-177091812471952"]}]}},"_links":{"self":[{"href":"https:\/\/www.horomechanika.lt\/ru\/wp-json\/wp\/v2\/product\/13478","targetHints":{"allow":["GET"]}}],"collection":[{"href":"https:\/\/www.horomechanika.lt\/ru\/wp-json\/wp\/v2\/product"}],"about":[{"href":"https:\/\/www.horomechanika.lt\/ru\/wp-json\/wp\/v2\/types\/product"}],"replies":[{"embeddable":true,"href":"https:\/\/www.horomechanika.lt\/ru\/wp-json\/wp\/v2\/comments?post=13478"}],"wp:featuredmedia":[{"embeddable":true,"href":"https:\/\/www.horomechanika.lt\/ru\/wp-json\/wp\/v2\/media\/13485"}],"wp:attachment":[{"href":"https:\/\/www.horomechanika.lt\/ru\/wp-json\/wp\/v2\/media?parent=13478"}],"wp:term":[{"taxonomy":"product_cat","embeddable":true,"href":"https:\/\/www.horomechanika.lt\/ru\/wp-json\/wp\/v2\/product_cat?post=13478"},{"taxonomy":"product_tag","embeddable":true,"href":"https:\/\/www.horomechanika.lt\/ru\/wp-json\/wp\/v2\/product_tag?post=13478"}],"curies":[{"name":"wp","href":"https:\/\/api.w.org\/{rel}","templated":true}]}}