{"id":13505,"date":"2022-05-18T11:34:42","date_gmt":"2022-05-18T08:34:42","guid":{"rendered":"https:\/\/www.horomechanika.lt\/?post_type=product&#038;p=13505"},"modified":"2022-05-20T09:54:43","modified_gmt":"2022-05-20T06:54:43","slug":"prikabinamas-diskinis-skutikas-terfed-42-63","status":"publish","type":"product","link":"https:\/\/www.horomechanika.lt\/ru\/product\/prikabinamas-diskinis-skutikas-terfed-42-63\/","title":{"rendered":"Prikabinamas diskinis skutikas Terfed 4,2 \/ 6,3"},"content":{"rendered":"<div dir=\"auto\">\n<p style=\"font-weight: 400;\">Prikabinamas diskinis skutikas Terfed 4,2 \/ 6,3 net darbinio plo\u010dio diskinis skutiklis &#8222;TERFED&#8221;<span class=\"pq6dq46d tbxw36s4 knj5qynh kvgmc6g5 ditlmg2l oygrvhab nvdbi5me sf5mxxl7 gl3lb2sf hhz5lgdu\"><img loading=\"lazy\" decoding=\"async\" src=\"https:\/\/static.xx.fbcdn.net\/images\/emoji.php\/v9\/t51\/2\/16\/1f1fa_1f1e6.png\" alt=\"\ud83c\uddfa\ud83c\udde6\" width=\"16\" height=\"16\" \/><\/span> su 66cm diskais \u201eTaurus\u201c \u2013 neabejotinai revoliucinis bearimin\u0117s \u017eemdirbyst\u0117s sprendimas.\u00a0Nuo tada, kai \u201eTaurus\u201c diskiniai skutikai pirm\u0105 kart\u0105 pasirod\u0117 Ukrainos laukuose, jie i\u0161gyveno nema\u017eai reik\u0161ming\u0173 patobulinim\u0173. Pavyzd\u017eiui, buvo iki 1,25 metro padidintas atstumas tarp priekini\u0173 ir galini\u0173 disk\u0173. Tad dabar priekiniams diskams pakeliant dirvo\u017eem\u012f, suma\u017einamas \u0161iaud\u0173 patekimas po galiniais diskais, tai yra, fakti\u0161kai eliminuojamas j\u0173 u\u017esikim\u0161imas \u0161iaud\u0173 mase. Be to, Prikabinamas diskinis skutikas Terfed 4,2 \/ 6,3 \u00a0\u201eTaurus\u201c skutikui in\u017einieriai suk\u016br\u0117 tok\u012f disk\u0173 atakos ir darbin\u012f kamp\u0105, kad jie sminga net \u012f labai kiet\u0105 dirv\u0105, nors paties agregato svoris n\u0117ra didelis. 660 mm diametro diskai su plieno ir\u00a0 boro mi\u0161iniu u\u017etikrina kokybi\u0161k\u0105 dirvos \u012fdirbim\u0105 net iki 20 cm, o gumin\u0117 disk\u0173 apsauga itin praver\u010dia labai akmenuotuose laukuose.<\/p>\n<p style=\"font-weight: 400;\">Galutin\u012f ir efektyviai dirbantis agregatas rinkai buvo pristatytas 2014 metais. Nuo tada \u012fmon\u0117s produkcija s\u0117kmingai dirba \u017eemdirbi\u0173 laukuose ne tik Ukrainoje, bet ir kitose \u0161alyse.<\/p>\n<ul>\n<li>Sustiprintas re\u0307mas pagamintas is\u030c storasieniu\u0328, vientisu\u0328, besiu\u0304liu\u0328, s\u030caltai valcuotu\u0328 vamzdz\u030ciu\u0328<\/li>\n<li>Labai tvirtos, 660 mm skersmens darbine\u0307s dalys (dantytieji diskai) is\u030c dilimui atsparaus mangano-boro legiruotojo plieno<\/li>\n<li>Tvirtos, originalios formos re\u0307mo konstrukcija\u0328 sustiprinanc\u030cios dalys (spyruoklinio plieno)<\/li>\n<li>Universalus 3-ju\u0328 tas\u030cku\u0328 prikabinimo i\u0328taisas, pritaikytas i\u0328vairiu\u0328 tipu\u0328 traktoriams<\/li>\n<li>Dvieju\u0328 pade\u0307c\u030ciu\u0328 savaime nusivalantys volai is\u030c storasieniu\u0328 apvaliu\u0328 vamzdz\u030ciu\u0328<\/li>\n<li>Paprasta ir patogi galine\u0307s disku\u0328 eile\u0307s darbinio gylio reguliavimo sistema<\/li>\n<li>Daugybe\u0328 kartu\u0328 testuoti lauko sa\u0328lygomis, i\u0328dirbant i\u0328vairiu\u0328 tipu\u0328 dirvoz\u030cemius patikrinti optimalu\u0304s fiksuoti atakos ir pjovimo kampai, kuriuos garantuoja gru\u0304dinti disko stovai<\/li>\n<li>Dantytojo disko is\u030corine\u0307je puse\u0307je sumontuotas guoliu\u0328 laikiklis apsaugo nuo apsivyniojimo piktz\u030cole\u0307mis<\/li>\n<li>Optimalaus tankio, de\u0307ve\u0307jimuisi atsparu\u0304s guminiai amortizuojantys defenderiai uz\u030ctikrina optimalu\u0328 stovu\u0328 su diskais darba\u0328 i\u0328dirbant dirva\u0328 ir efektyvia\u0328 apsauga\u0328 vaz\u030ciuojant per kliu\u0304tis<\/li>\n<li>Originalus, savos konstrukcijos, patentuotas, neaptarnaujamas stovu\u0328 dvigubu\u0328 dvieiliu\u0328 guoliu\u0328<\/li>\n<li>Savos konstrukcijos volai pritvirtinti patentuotais, sandariais, priez\u030ciu\u0304ros nereikalaujanc\u030ciais, originalios konstrukcijos guoliu\u0328 stebule\u0307mis<\/li>\n<\/ul>\n<\/div>\n<div dir=\"auto\"><\/div>\n<p><iframe loading=\"lazy\" title=\"\u041f\u0440\u0438\u0447\u0456\u043f\u043d\u0430 \u0434\u0438\u0441\u043a\u043e\u0432\u0430 \u0431\u043e\u0440\u043e\u043d\u0430 \u0422\u0410\u0423\u0420\u0423\u0421 4.2\u041f, TERFED\" width=\"895\" height=\"503\" src=\"https:\/\/www.youtube.com\/embed\/WTLk-DFpXfo?feature=oembed\" frameborder=\"0\" allow=\"accelerometer; autoplay; clipboard-write; encrypted-media; gyroscope; picture-in-picture\" allowfullscreen><\/iframe><\/p>","protected":false},"excerpt":{"rendered":"<table style=\"font-weight: 400;\" width=\"662\">\n<tbody>\n<tr>\n<td width=\"318\">Prikabinamas diskinis skutikas Terfed<\/td>\n<td width=\"178\">TERFED 4.2P<\/td>\n<td width=\"158\">TERFED 6.3P<\/td>\n<\/tr>\n<tr>\n<td width=\"318\">Darbinis plotis, mm<\/td>\n<td width=\"178\">4250<\/td>\n<td width=\"158\">6350<\/td>\n<\/tr>\n<tr>\n<td width=\"318\">L\u0117k\u0161t\u0117s diametras, mm<\/td>\n<td width=\"178\">660<\/td>\n<td width=\"158\">660<\/td>\n<\/tr>\n<tr>\n<td width=\"318\">Tipas<\/td>\n<td width=\"178\">Prikabinamas -sulankstomas<\/td>\n<td width=\"158\">Prikabinamas -sulankstomas<\/td>\n<\/tr>\n<tr>\n<td width=\"318\">Sulankstymo tipas<\/td>\n<td width=\"178\">Hidraulinis cilindras (3vnt.)<\/td>\n<td width=\"158\">Hidraulinis cilindras (3vnt.)<\/td>\n<\/tr>\n<tr>\n<td width=\"318\">Pakabinimo tipas<\/td>\n<td width=\"178\">Kilpa<\/td>\n<td width=\"158\">Kilpa<\/td>\n<\/tr>\n<tr>\n<td width=\"318\">R\u0117mo konstrukcija<\/td>\n<td width=\"178\">Besi\u016blis storasienis vamzdinis profilis<\/td>\n<td width=\"158\">Besi\u016blis storasienis vamzdinis profilis<\/td>\n<\/tr>\n<tr>\n<td width=\"318\">Apsauga nuo akmen\u0173 (guminiai defenderiai), vnt.\/ ant kojos<\/td>\n<td width=\"178\">4, (50\u00d7240 mm)<\/td>\n<td width=\"158\">4, (50\u00d7240 mm)<\/td>\n<\/tr>\n<tr>\n<td width=\"318\">Gumini\u0173 defenderi\u0173 apsauga nuo pasislinkimo<\/td>\n<td width=\"178\">Yra<\/td>\n<td width=\"158\">Yra<\/td>\n<\/tr>\n<tr>\n<td width=\"318\">Darbinis gylis, mm<\/td>\n<td width=\"178\">50 \u2013 200<\/td>\n<td width=\"158\">50 \u2013 200<\/td>\n<\/tr>\n<tr>\n<td width=\"318\">L\u0117k\u0161\u010di\u0173 \u2013 koj\u0173 skai\u010dius, vnt.<\/td>\n<td width=\"178\">24<\/td>\n<td width=\"158\">36<\/td>\n<\/tr>\n<tr>\n<td width=\"318\">Darbin\u0117s l\u0117k\u0161t\u0117s lak\u0161to storis, mm<\/td>\n<td width=\"178\">6<\/td>\n<td width=\"158\">6<\/td>\n<\/tr>\n<tr>\n<td width=\"318\">Kojos ilgis su stebule, mm<\/td>\n<td width=\"178\">650<\/td>\n<td width=\"158\">650<\/td>\n<\/tr>\n<tr>\n<td width=\"318\">Kojos apkabos (laikiklio) plotis, mm<\/td>\n<td width=\"178\">320<\/td>\n<td width=\"158\">320<\/td>\n<\/tr>\n<tr>\n<td width=\"318\">Darbinis atakos kampas<\/td>\n<td width=\"178\">22<sup>o<\/sup><\/td>\n<td width=\"158\">22<sup>o<\/sup><\/td>\n<\/tr>\n<tr>\n<td width=\"318\">Atstumas tarp darbini\u0173 disk\u0173 eil\u0117je mm<\/td>\n<td width=\"178\">330<\/td>\n<td width=\"158\">330<\/td>\n<\/tr>\n<tr>\n<td width=\"318\">Atstumas tarp disk\u0173 eili\u0173 centr\u0173 (baz\u0117), mm<\/td>\n<td width=\"178\">1200<\/td>\n<td width=\"158\">1200<\/td>\n<\/tr>\n<tr>\n<td width=\"318\">Dvigubi guoliai SKF\u00a0 tvirtinami 2-j\u0173 var\u017et\u0173 pagalba<\/td>\n<td width=\"178\">\u201eSKF\u201c<\/td>\n<td width=\"158\">\u201eSKF\u201c<\/td>\n<\/tr>\n<tr>\n<td width=\"318\">Stebul\u0117s tvirtinimas prie atramin\u0117s kojos<\/td>\n<td width=\"178\">\u00a02 var\u017et\u0173<\/td>\n<td width=\"158\">\u00a02 var\u017et\u0173<\/td>\n<\/tr>\n<tr>\n<td width=\"318\">Gabaritinis ilgis, mm<\/td>\n<td width=\"178\">5710<\/td>\n<td width=\"158\">5710<\/td>\n<\/tr>\n<tr>\n<td width=\"318\">Gabaritinis plotis, mm<\/td>\n<td width=\"178\">4250<\/td>\n<td width=\"158\">6350<\/td>\n<\/tr>\n<tr>\n<td width=\"318\">Gabaritinis plotis trasportuojant (sulanks\u010dius)<\/td>\n<td width=\"178\">2580<\/td>\n<td width=\"158\">2580<\/td>\n<\/tr>\n<tr>\n<td width=\"318\">Gabaritinis auk\u0161tis, mm<\/td>\n<td width=\"178\">3760<\/td>\n<td width=\"158\">3780<\/td>\n<\/tr>\n<tr>\n<td width=\"318\">Pro\u0161vaisa, mm<\/td>\n<td width=\"178\">300<\/td>\n<td width=\"158\">300<\/td>\n<\/tr>\n<tr>\n<td width=\"318\">Volo tipas<\/td>\n<td width=\"178\">V formos<\/td>\n<td width=\"158\">V formos<\/td>\n<\/tr>\n<tr>\n<td width=\"318\">Prispaudimo volo diametras, mm<\/td>\n<td width=\"178\">430<\/td>\n<td width=\"158\">430<\/td>\n<\/tr>\n<tr>\n<td width=\"318\">Reikalinga galia nuo, AG<\/td>\n<td width=\"178\">160<\/td>\n<td width=\"158\">180<\/td>\n<\/tr>\n<tr>\n<td width=\"318\">Darbinis greitis (km \/ h)<\/td>\n<td width=\"178\">8-12<\/td>\n<td width=\"158\">8-12<\/td>\n<\/tr>\n<tr>\n<td width=\"318\">Transportavimo greitis bendro naudojimo keliais, km\/h<\/td>\n<td width=\"178\">\u226520<\/td>\n<td width=\"158\">\u226520<\/td>\n<\/tr>\n<tr>\n<td width=\"318\">Nuosavas\u00a0 svoris, kg<\/td>\n<td width=\"178\">3500<\/td>\n<td width=\"158\">4850<\/td>\n<\/tr>\n<\/tbody>\n<\/table>","protected":false},"featured_media":13513,"comment_status":"open","ping_status":"closed","template":"","meta":[],"product_cat":[238,131,136],"product_tag":[199,240],"class_list":["post-13505","product","type-product","status-publish","has-post-thumbnail","hentry","product_cat-prikabinami-skutikliai","product_cat-dirvos-skutikliai","product_cat-plugai","product_tag-diskinis-skutikas","product_tag-prikabinamas-diskinis-skutikas-terfed-4"],"yoast_head":"<!-- This site is optimized with the Yoast SEO plugin v20.1 - https:\/\/yoast.com\/wordpress\/plugins\/seo\/ -->\n<title>Prikabinamas diskinis skutikas Terfed 4,2 \/ 6,3 | Horomechanika<\/title>\n<meta name=\"description\" content=\"Prikabinamas diskinis skutikas Terfed 4,2 \/ 6,3 Prikabinamas diskinis skutikas Terfed 4,2 \/ 6,3 Horomechanika DISKINIS SKUTIKAS A TERFED 6,3\" \/>\n<meta name=\"robots\" content=\"index, follow, max-snippet:-1, max-image-preview:large, max-video-preview:-1\" \/>\n<link rel=\"canonical\" href=\"https:\/\/www.horomechanika.lt\/ru\/product\/prikabinamas-diskinis-skutikas-terfed-42-63\/\" \/>\n<meta property=\"og:locale\" content=\"ru_RU\" \/>\n<meta property=\"og:type\" content=\"article\" \/>\n<meta property=\"og:title\" content=\"Prikabinamas diskinis skutikas Terfed 4,2 \/ 6,3 | Horomechanika\" \/>\n<meta property=\"og:description\" content=\"Prikabinamas diskinis skutikas Terfed 4,2 \/ 6,3 Prikabinamas diskinis skutikas Terfed 4,2 \/ 6,3 Horomechanika DISKINIS SKUTIKAS A TERFED 6,3\" \/>\n<meta property=\"og:url\" content=\"https:\/\/www.horomechanika.lt\/ru\/product\/prikabinamas-diskinis-skutikas-terfed-42-63\/\" \/>\n<meta property=\"og:site_name\" content=\"Horomechanika\" \/>\n<meta property=\"article:publisher\" content=\"https:\/\/www.facebook.com\/UAB-Horo-mechanika-177091812471952\" \/>\n<meta property=\"article:modified_time\" content=\"2022-05-20T06:54:43+00:00\" \/>\n<meta property=\"og:image\" content=\"https:\/\/www.horomechanika.lt\/wp-content\/uploads\/2022\/05\/Prikabinamas-diskinis-skutikas-Terfed-42-63-...jpg\" \/>\n\t<meta property=\"og:image:width\" content=\"1024\" \/>\n\t<meta property=\"og:image:height\" content=\"576\" \/>\n\t<meta property=\"og:image:type\" content=\"image\/jpeg\" \/>\n<meta name=\"twitter:card\" content=\"summary_large_image\" \/>\n<meta name=\"twitter:label1\" content=\"\u041f\u0440\u0438\u043c\u0435\u0440\u043d\u043e\u0435 \u0432\u0440\u0435\u043c\u044f \u0434\u043b\u044f \u0447\u0442\u0435\u043d\u0438\u044f\" \/>\n\t<meta name=\"twitter:data1\" content=\"2 \u043c\u0438\u043d\u0443\u0442\u044b\" \/>\n<script type=\"application\/ld+json\" class=\"yoast-schema-graph\">{\"@context\":\"https:\/\/schema.org\",\"@graph\":[{\"@type\":\"WebPage\",\"@id\":\"https:\/\/www.horomechanika.lt\/product\/prikabinamas-diskinis-skutikas-terfed-42-63\/\",\"url\":\"https:\/\/www.horomechanika.lt\/product\/prikabinamas-diskinis-skutikas-terfed-42-63\/\",\"name\":\"Prikabinamas diskinis skutikas Terfed 4,2 \/ 6,3 | Horomechanika\",\"isPartOf\":{\"@id\":\"https:\/\/www.horomechanika.lt\/#website\"},\"datePublished\":\"2022-05-18T08:34:42+00:00\",\"dateModified\":\"2022-05-20T06:54:43+00:00\",\"description\":\"Prikabinamas diskinis skutikas Terfed 4,2 \/ 6,3 Prikabinamas diskinis skutikas Terfed 4,2 \/ 6,3 Horomechanika DISKINIS SKUTIKAS A TERFED 6,3\",\"breadcrumb\":{\"@id\":\"https:\/\/www.horomechanika.lt\/product\/prikabinamas-diskinis-skutikas-terfed-42-63\/#breadcrumb\"},\"inLanguage\":\"ru-RU\",\"potentialAction\":[{\"@type\":\"ReadAction\",\"target\":[\"https:\/\/www.horomechanika.lt\/product\/prikabinamas-diskinis-skutikas-terfed-42-63\/\"]}]},{\"@type\":\"BreadcrumbList\",\"@id\":\"https:\/\/www.horomechanika.lt\/product\/prikabinamas-diskinis-skutikas-terfed-42-63\/#breadcrumb\",\"itemListElement\":[{\"@type\":\"ListItem\",\"position\":1,\"name\":\"Home\",\"item\":\"https:\/\/www.horomechanika.lt\/\"},{\"@type\":\"ListItem\",\"position\":2,\"name\":\"Shop\",\"item\":\"https:\/\/www.horomechanika.lt\/ru\/shop-2\/\"},{\"@type\":\"ListItem\",\"position\":3,\"name\":\"Prikabinamas diskinis skutikas Terfed 4,2 \/ 6,3\"}]},{\"@type\":\"WebSite\",\"@id\":\"https:\/\/www.horomechanika.lt\/#website\",\"url\":\"https:\/\/www.horomechanika.lt\/\",\"name\":\"Horomechanika\",\"description\":\"\u017dem\u0117s \u016akio Technika\",\"publisher\":{\"@id\":\"https:\/\/www.horomechanika.lt\/#organization\"},\"potentialAction\":[{\"@type\":\"SearchAction\",\"target\":{\"@type\":\"EntryPoint\",\"urlTemplate\":\"https:\/\/www.horomechanika.lt\/?s={search_term_string}\"},\"query-input\":\"required name=search_term_string\"}],\"inLanguage\":\"ru-RU\"},{\"@type\":\"Organization\",\"@id\":\"https:\/\/www.horomechanika.lt\/#organization\",\"name\":\"UAB \\\"Horo mechanika\\\"\",\"url\":\"https:\/\/www.horomechanika.lt\/\",\"logo\":{\"@type\":\"ImageObject\",\"inLanguage\":\"ru-RU\",\"@id\":\"https:\/\/www.horomechanika.lt\/#\/schema\/logo\/image\/\",\"url\":\"https:\/\/www.horomechanika.lt\/wp-content\/uploads\/2020\/05\/horomechanika-logo.png\",\"contentUrl\":\"https:\/\/www.horomechanika.lt\/wp-content\/uploads\/2020\/05\/horomechanika-logo.png\",\"width\":137,\"height\":56,\"caption\":\"UAB \\\"Horo mechanika\\\"\"},\"image\":{\"@id\":\"https:\/\/www.horomechanika.lt\/#\/schema\/logo\/image\/\"},\"sameAs\":[\"https:\/\/www.facebook.com\/UAB-Horo-mechanika-177091812471952\"]}]}<\/script>\n<!-- \/ Yoast SEO plugin. -->","yoast_head_json":{"title":"Prikabinamas diskinis skutikas Terfed 4,2 \/ 6,3 | Horomechanika","description":"Prikabinamas diskinis skutikas Terfed 4,2 \/ 6,3 Prikabinamas diskinis skutikas Terfed 4,2 \/ 6,3 Horomechanika DISKINIS SKUTIKAS A TERFED 6,3","robots":{"index":"index","follow":"follow","max-snippet":"max-snippet:-1","max-image-preview":"max-image-preview:large","max-video-preview":"max-video-preview:-1"},"canonical":"https:\/\/www.horomechanika.lt\/ru\/product\/prikabinamas-diskinis-skutikas-terfed-42-63\/","og_locale":"ru_RU","og_type":"article","og_title":"Prikabinamas diskinis skutikas Terfed 4,2 \/ 6,3 | Horomechanika","og_description":"Prikabinamas diskinis skutikas Terfed 4,2 \/ 6,3 Prikabinamas diskinis skutikas Terfed 4,2 \/ 6,3 Horomechanika DISKINIS SKUTIKAS A TERFED 6,3","og_url":"https:\/\/www.horomechanika.lt\/ru\/product\/prikabinamas-diskinis-skutikas-terfed-42-63\/","og_site_name":"Horomechanika","article_publisher":"https:\/\/www.facebook.com\/UAB-Horo-mechanika-177091812471952","article_modified_time":"2022-05-20T06:54:43+00:00","og_image":[{"width":1024,"height":576,"url":"https:\/\/www.horomechanika.lt\/wp-content\/uploads\/2022\/05\/Prikabinamas-diskinis-skutikas-Terfed-42-63-...jpg","type":"image\/jpeg"}],"twitter_card":"summary_large_image","twitter_misc":{"\u041f\u0440\u0438\u043c\u0435\u0440\u043d\u043e\u0435 \u0432\u0440\u0435\u043c\u044f \u0434\u043b\u044f \u0447\u0442\u0435\u043d\u0438\u044f":"2 \u043c\u0438\u043d\u0443\u0442\u044b"},"schema":{"@context":"https:\/\/schema.org","@graph":[{"@type":"WebPage","@id":"https:\/\/www.horomechanika.lt\/product\/prikabinamas-diskinis-skutikas-terfed-42-63\/","url":"https:\/\/www.horomechanika.lt\/product\/prikabinamas-diskinis-skutikas-terfed-42-63\/","name":"Prikabinamas diskinis skutikas Terfed 4,2 \/ 6,3 | Horomechanika","isPartOf":{"@id":"https:\/\/www.horomechanika.lt\/#website"},"datePublished":"2022-05-18T08:34:42+00:00","dateModified":"2022-05-20T06:54:43+00:00","description":"Prikabinamas diskinis skutikas Terfed 4,2 \/ 6,3 Prikabinamas diskinis skutikas Terfed 4,2 \/ 6,3 Horomechanika DISKINIS SKUTIKAS A TERFED 6,3","breadcrumb":{"@id":"https:\/\/www.horomechanika.lt\/product\/prikabinamas-diskinis-skutikas-terfed-42-63\/#breadcrumb"},"inLanguage":"ru-RU","potentialAction":[{"@type":"ReadAction","target":["https:\/\/www.horomechanika.lt\/product\/prikabinamas-diskinis-skutikas-terfed-42-63\/"]}]},{"@type":"BreadcrumbList","@id":"https:\/\/www.horomechanika.lt\/product\/prikabinamas-diskinis-skutikas-terfed-42-63\/#breadcrumb","itemListElement":[{"@type":"ListItem","position":1,"name":"Home","item":"https:\/\/www.horomechanika.lt\/"},{"@type":"ListItem","position":2,"name":"Shop","item":"https:\/\/www.horomechanika.lt\/ru\/shop-2\/"},{"@type":"ListItem","position":3,"name":"Prikabinamas diskinis skutikas Terfed 4,2 \/ 6,3"}]},{"@type":"WebSite","@id":"https:\/\/www.horomechanika.lt\/#website","url":"https:\/\/www.horomechanika.lt\/","name":"Horomechanika","description":"\u017dem\u0117s \u016akio Technika","publisher":{"@id":"https:\/\/www.horomechanika.lt\/#organization"},"potentialAction":[{"@type":"SearchAction","target":{"@type":"EntryPoint","urlTemplate":"https:\/\/www.horomechanika.lt\/?s={search_term_string}"},"query-input":"required name=search_term_string"}],"inLanguage":"ru-RU"},{"@type":"Organization","@id":"https:\/\/www.horomechanika.lt\/#organization","name":"UAB \"Horo mechanika\"","url":"https:\/\/www.horomechanika.lt\/","logo":{"@type":"ImageObject","inLanguage":"ru-RU","@id":"https:\/\/www.horomechanika.lt\/#\/schema\/logo\/image\/","url":"https:\/\/www.horomechanika.lt\/wp-content\/uploads\/2020\/05\/horomechanika-logo.png","contentUrl":"https:\/\/www.horomechanika.lt\/wp-content\/uploads\/2020\/05\/horomechanika-logo.png","width":137,"height":56,"caption":"UAB \"Horo mechanika\""},"image":{"@id":"https:\/\/www.horomechanika.lt\/#\/schema\/logo\/image\/"},"sameAs":["https:\/\/www.facebook.com\/UAB-Horo-mechanika-177091812471952"]}]}},"_links":{"self":[{"href":"https:\/\/www.horomechanika.lt\/ru\/wp-json\/wp\/v2\/product\/13505","targetHints":{"allow":["GET"]}}],"collection":[{"href":"https:\/\/www.horomechanika.lt\/ru\/wp-json\/wp\/v2\/product"}],"about":[{"href":"https:\/\/www.horomechanika.lt\/ru\/wp-json\/wp\/v2\/types\/product"}],"replies":[{"embeddable":true,"href":"https:\/\/www.horomechanika.lt\/ru\/wp-json\/wp\/v2\/comments?post=13505"}],"wp:featuredmedia":[{"embeddable":true,"href":"https:\/\/www.horomechanika.lt\/ru\/wp-json\/wp\/v2\/media\/13513"}],"wp:attachment":[{"href":"https:\/\/www.horomechanika.lt\/ru\/wp-json\/wp\/v2\/media?parent=13505"}],"wp:term":[{"taxonomy":"product_cat","embeddable":true,"href":"https:\/\/www.horomechanika.lt\/ru\/wp-json\/wp\/v2\/product_cat?post=13505"},{"taxonomy":"product_tag","embeddable":true,"href":"https:\/\/www.horomechanika.lt\/ru\/wp-json\/wp\/v2\/product_tag?post=13505"}],"curies":[{"name":"wp","href":"https:\/\/api.w.org\/{rel}","templated":true}]}}