{"id":13522,"date":"2022-12-28T10:09:13","date_gmt":"2022-12-28T07:09:13","guid":{"rendered":"https:\/\/www.horomechanika.lt\/?post_type=product&#038;p=13522"},"modified":"2023-01-04T12:54:15","modified_gmt":"2023-01-04T09:54:15","slug":"mulceris-top","status":"publish","type":"product","link":"https:\/\/www.horomechanika.lt\/ru\/product\/mulceris-top\/","title":{"rendered":"MUL\u010cERIS TOP"},"content":{"rendered":"<p>Sustiprintas mul\u010deris TOP su pla\u010diu, dideli\u0173 gabarit\u0173 anga, skirtas labai sunkiems darbams su gen\u0117jimo liku\u010diais iki 15-18 cm vynuogynuose, vaismed\u017ei\u0173 soduose, lazdynams, \u017eol\u0117je ir kt. sustiprintas tinkantis net mi\u0161ko tvarkymui mul\u010deris TOP su pla\u010diu, dideli\u0173 gabarit\u0173 pa\u0117mimo anga, skirtas labai sunkiems darbams susitvarko su gen\u0117jimo liku\u010diais net iki 15-18 cm didel\u0117se girait\u0117se, vynuogynuose, vaismed\u017ei\u0173 soduose, lazdynu, \u017eol\u0117je ir kt.<\/p>\n<p>STANDARTIN\u0116 \u012eRANGA<br \/>\n\u2013 Hidraulinis poslinkis su cinku dengtu vientisu strypu CAT II.<br \/>\n\u2013 Laisvos eigos pavar\u0173 d\u0117\u017e\u0117je.<br \/>\n\u2013 Galinis dangtis integruotas sustiprintas 170 mm skersmens galinis volelas.<br \/>\n&#8211; Slydimo pava\u017eos.<br \/>\n\u2013 Trij\u0173 eili\u0173 prie\u0161prie\u0161ini\u0173 plaktuk\u0173 (du dantyti profiliai ir vienas \u201eU\u201c formos).<br \/>\n\u2013 Galinis dangtis su skylut\u0117mis, su hidrauliniu atidarymu dviem cilindrais ir tame pa\u010diame integruotu galiniu volu.<br \/>\n\u2013 Sustiprintos gele\u017ein\u0117s apsaugin\u0117s juostos.<br \/>\n\u2013 Labai sustiprintas velenas rotorius ir guoliai.<br \/>\n\u2013 Vik\u0161ro kai\u0161\u010diai ir kardano jungtis.<\/p>\n<p>NB Machinery yra \u012fsipareigojusi gaminti \u017eem\u0117s \u016bkio ir mi\u0161kininkyst\u0117s technik\u0105. Did\u017eiausi\u0105 d\u0117mes\u012f skiriame sodams, vynuogynams, dideliems lauko pas\u0117liams, kra\u0161tovaizd\u017eiui ir mi\u0161kininkystei. Trijose gamybos vietose \u201eNB Machinery\u201c dirba daugiau nei 60 auk\u0161tos kvalifikacijos specialist\u0173, o tai yra esminis ma\u0161inos sraigtelis, leid\u017eiantis \u012fmonei toliau augti, taip pat galinti pasi\u016blyti platesn\u012f produkt\u0173 spektr\u0105 visame pasaulyje.<\/p>\n<p>Pagal pono Angelo Serrate&#8217;o p\u0117dsakus m\u016bs\u0173 \u012fmon\u0117 nustat\u0117 kokyb\u0119 ir inovacijas kaip prek\u0117s \u017eenkl\u0105, sekdama keli\u0105 nuo t\u0173 ankstyv\u0173j\u0173 dien\u0173, kai t\u0117vas perdav\u0117 savo \u017einias dabartiniam \u201e<a href=\"https:\/\/niubo.info\/en\/cat\/agricultural\/landscaping\/mulchers-landscaping\/\">NB Machinery<\/a>\u201c generaliniam direktoriui Jordi Serrate.<\/p>\n<p><iframe loading=\"lazy\" title=\"TRITURADORA TOP NIUBO - BROYEUR TOP - SHREDDER TOP EN TRACTOR MASSEY FERGUSON - Niubo Machinery\" width=\"895\" height=\"671\" src=\"https:\/\/www.youtube.com\/embed\/np2icCeLZYU?feature=oembed\" frameborder=\"0\" allow=\"accelerometer; autoplay; clipboard-write; encrypted-media; gyroscope; picture-in-picture; web-share\" allowfullscreen><\/iframe><\/p>","protected":false},"excerpt":{"rendered":"<div id=\"attachment_13525\" style=\"width: 905px\" class=\"wp-caption alignnone\"><a href=\"https:\/\/www.horomechanika.lt\/wp-content\/uploads\/2022\/12\/TOP-MULCERIS-1.png\"><img loading=\"lazy\" decoding=\"async\" aria-describedby=\"caption-attachment-13525\" class=\"wp-image-13525 size-large\" src=\"https:\/\/www.horomechanika.lt\/wp-content\/uploads\/2022\/12\/TOP-MULCERIS-1-1024x350.png\" alt=\"MUL\u010cERIS TOP\" width=\"895\" height=\"306\" srcset=\"https:\/\/www.horomechanika.lt\/wp-content\/uploads\/2022\/12\/TOP-MULCERIS-1-1024x350.png 1024w, https:\/\/www.horomechanika.lt\/wp-content\/uploads\/2022\/12\/TOP-MULCERIS-1-600x205.png 600w, https:\/\/www.horomechanika.lt\/wp-content\/uploads\/2022\/12\/TOP-MULCERIS-1-300x103.png 300w, https:\/\/www.horomechanika.lt\/wp-content\/uploads\/2022\/12\/TOP-MULCERIS-1-768x263.png 768w, https:\/\/www.horomechanika.lt\/wp-content\/uploads\/2022\/12\/TOP-MULCERIS-1-1536x526.png 1536w, https:\/\/www.horomechanika.lt\/wp-content\/uploads\/2022\/12\/TOP-MULCERIS-1-2048x701.png 2048w, https:\/\/www.horomechanika.lt\/wp-content\/uploads\/2022\/12\/TOP-MULCERIS-1-18x6.png 18w\" sizes=\"auto, (max-width: 895px) 100vw, 895px\" \/><\/a><\/p>\n<p id=\"caption-attachment-13525\" class=\"wp-caption-text\">MUL\u010cERIS TOP<\/p>\n<\/div>","protected":false},"featured_media":13527,"comment_status":"open","ping_status":"closed","template":"","meta":[],"product_cat":[150,154,167],"product_tag":[],"class_list":["post-13522","product","type-product","status-publish","has-post-thumbnail","hentry","product_cat-mulceriai","product_cat-krumu-smulkintuvai","product_cat-gyvatvoriu-krumynu-prieziuros-technika"],"yoast_head":"<!-- This site is optimized with the Yoast SEO plugin v20.1 - https:\/\/yoast.com\/wordpress\/plugins\/seo\/ -->\n<title>MUL\u010cERIS TOP | Horomechanika<\/title>\n<meta name=\"description\" content=\"Sustiprintas mul\u010deris TOP su pla\u010diu, dideli\u0173 gabarit\u0173 anga, skirtas labai sunkiems darbams su gen\u0117jimo liku\u010diais iki 15-18 cm\" \/>\n<meta name=\"robots\" content=\"index, follow, max-snippet:-1, max-image-preview:large, max-video-preview:-1\" \/>\n<link rel=\"canonical\" href=\"https:\/\/www.horomechanika.lt\/ru\/product\/mulceris-top\/\" \/>\n<meta property=\"og:locale\" content=\"ru_RU\" \/>\n<meta property=\"og:type\" content=\"article\" \/>\n<meta property=\"og:title\" content=\"MUL\u010cERIS TOP | Horomechanika\" \/>\n<meta property=\"og:description\" content=\"Sustiprintas mul\u010deris TOP su pla\u010diu, dideli\u0173 gabarit\u0173 anga, skirtas labai sunkiems darbams su gen\u0117jimo liku\u010diais iki 15-18 cm\" \/>\n<meta property=\"og:url\" content=\"https:\/\/www.horomechanika.lt\/ru\/product\/mulceris-top\/\" \/>\n<meta property=\"og:site_name\" content=\"Horomechanika\" \/>\n<meta property=\"article:publisher\" content=\"https:\/\/www.facebook.com\/UAB-Horo-mechanika-177091812471952\" \/>\n<meta property=\"article:modified_time\" content=\"2023-01-04T09:54:15+00:00\" \/>\n<meta property=\"og:image\" content=\"https:\/\/www.horomechanika.lt\/wp-content\/uploads\/2022\/12\/TOP-MULCERIS-1.jpg\" \/>\n\t<meta property=\"og:image:width\" content=\"1150\" \/>\n\t<meta property=\"og:image:height\" content=\"600\" \/>\n\t<meta property=\"og:image:type\" content=\"image\/jpeg\" \/>\n<meta name=\"twitter:card\" content=\"summary_large_image\" \/>\n<meta name=\"twitter:label1\" content=\"\u041f\u0440\u0438\u043c\u0435\u0440\u043d\u043e\u0435 \u0432\u0440\u0435\u043c\u044f \u0434\u043b\u044f \u0447\u0442\u0435\u043d\u0438\u044f\" \/>\n\t<meta name=\"twitter:data1\" content=\"2 \u043c\u0438\u043d\u0443\u0442\u044b\" \/>\n<script type=\"application\/ld+json\" class=\"yoast-schema-graph\">{\"@context\":\"https:\/\/schema.org\",\"@graph\":[{\"@type\":\"WebPage\",\"@id\":\"https:\/\/www.horomechanika.lt\/product\/mulceris-top\/\",\"url\":\"https:\/\/www.horomechanika.lt\/product\/mulceris-top\/\",\"name\":\"MUL\u010cERIS TOP | Horomechanika\",\"isPartOf\":{\"@id\":\"https:\/\/www.horomechanika.lt\/#website\"},\"datePublished\":\"2022-12-28T07:09:13+00:00\",\"dateModified\":\"2023-01-04T09:54:15+00:00\",\"description\":\"Sustiprintas mul\u010deris TOP su pla\u010diu, dideli\u0173 gabarit\u0173 anga, skirtas labai sunkiems darbams su gen\u0117jimo liku\u010diais iki 15-18 cm\",\"breadcrumb\":{\"@id\":\"https:\/\/www.horomechanika.lt\/product\/mulceris-top\/#breadcrumb\"},\"inLanguage\":\"ru-RU\",\"potentialAction\":[{\"@type\":\"ReadAction\",\"target\":[\"https:\/\/www.horomechanika.lt\/product\/mulceris-top\/\"]}]},{\"@type\":\"BreadcrumbList\",\"@id\":\"https:\/\/www.horomechanika.lt\/product\/mulceris-top\/#breadcrumb\",\"itemListElement\":[{\"@type\":\"ListItem\",\"position\":1,\"name\":\"Home\",\"item\":\"https:\/\/www.horomechanika.lt\/\"},{\"@type\":\"ListItem\",\"position\":2,\"name\":\"Shop\",\"item\":\"https:\/\/www.horomechanika.lt\/ru\/shop-2\/\"},{\"@type\":\"ListItem\",\"position\":3,\"name\":\"MUL\u010cERIS TOP\"}]},{\"@type\":\"WebSite\",\"@id\":\"https:\/\/www.horomechanika.lt\/#website\",\"url\":\"https:\/\/www.horomechanika.lt\/\",\"name\":\"Horomechanika\",\"description\":\"\u017dem\u0117s \u016akio Technika\",\"publisher\":{\"@id\":\"https:\/\/www.horomechanika.lt\/#organization\"},\"potentialAction\":[{\"@type\":\"SearchAction\",\"target\":{\"@type\":\"EntryPoint\",\"urlTemplate\":\"https:\/\/www.horomechanika.lt\/?s={search_term_string}\"},\"query-input\":\"required name=search_term_string\"}],\"inLanguage\":\"ru-RU\"},{\"@type\":\"Organization\",\"@id\":\"https:\/\/www.horomechanika.lt\/#organization\",\"name\":\"UAB \\\"Horo mechanika\\\"\",\"url\":\"https:\/\/www.horomechanika.lt\/\",\"logo\":{\"@type\":\"ImageObject\",\"inLanguage\":\"ru-RU\",\"@id\":\"https:\/\/www.horomechanika.lt\/#\/schema\/logo\/image\/\",\"url\":\"https:\/\/www.horomechanika.lt\/wp-content\/uploads\/2020\/05\/horomechanika-logo.png\",\"contentUrl\":\"https:\/\/www.horomechanika.lt\/wp-content\/uploads\/2020\/05\/horomechanika-logo.png\",\"width\":137,\"height\":56,\"caption\":\"UAB \\\"Horo mechanika\\\"\"},\"image\":{\"@id\":\"https:\/\/www.horomechanika.lt\/#\/schema\/logo\/image\/\"},\"sameAs\":[\"https:\/\/www.facebook.com\/UAB-Horo-mechanika-177091812471952\"]}]}<\/script>\n<!-- \/ Yoast SEO plugin. -->","yoast_head_json":{"title":"MUL\u010cERIS TOP | Horomechanika","description":"Sustiprintas mul\u010deris TOP su pla\u010diu, dideli\u0173 gabarit\u0173 anga, skirtas labai sunkiems darbams su gen\u0117jimo liku\u010diais iki 15-18 cm","robots":{"index":"index","follow":"follow","max-snippet":"max-snippet:-1","max-image-preview":"max-image-preview:large","max-video-preview":"max-video-preview:-1"},"canonical":"https:\/\/www.horomechanika.lt\/ru\/product\/mulceris-top\/","og_locale":"ru_RU","og_type":"article","og_title":"MUL\u010cERIS TOP | Horomechanika","og_description":"Sustiprintas mul\u010deris TOP su pla\u010diu, dideli\u0173 gabarit\u0173 anga, skirtas labai sunkiems darbams su gen\u0117jimo liku\u010diais iki 15-18 cm","og_url":"https:\/\/www.horomechanika.lt\/ru\/product\/mulceris-top\/","og_site_name":"Horomechanika","article_publisher":"https:\/\/www.facebook.com\/UAB-Horo-mechanika-177091812471952","article_modified_time":"2023-01-04T09:54:15+00:00","og_image":[{"width":1150,"height":600,"url":"https:\/\/www.horomechanika.lt\/wp-content\/uploads\/2022\/12\/TOP-MULCERIS-1.jpg","type":"image\/jpeg"}],"twitter_card":"summary_large_image","twitter_misc":{"\u041f\u0440\u0438\u043c\u0435\u0440\u043d\u043e\u0435 \u0432\u0440\u0435\u043c\u044f \u0434\u043b\u044f \u0447\u0442\u0435\u043d\u0438\u044f":"2 \u043c\u0438\u043d\u0443\u0442\u044b"},"schema":{"@context":"https:\/\/schema.org","@graph":[{"@type":"WebPage","@id":"https:\/\/www.horomechanika.lt\/product\/mulceris-top\/","url":"https:\/\/www.horomechanika.lt\/product\/mulceris-top\/","name":"MUL\u010cERIS TOP | Horomechanika","isPartOf":{"@id":"https:\/\/www.horomechanika.lt\/#website"},"datePublished":"2022-12-28T07:09:13+00:00","dateModified":"2023-01-04T09:54:15+00:00","description":"Sustiprintas mul\u010deris TOP su pla\u010diu, dideli\u0173 gabarit\u0173 anga, skirtas labai sunkiems darbams su gen\u0117jimo liku\u010diais iki 15-18 cm","breadcrumb":{"@id":"https:\/\/www.horomechanika.lt\/product\/mulceris-top\/#breadcrumb"},"inLanguage":"ru-RU","potentialAction":[{"@type":"ReadAction","target":["https:\/\/www.horomechanika.lt\/product\/mulceris-top\/"]}]},{"@type":"BreadcrumbList","@id":"https:\/\/www.horomechanika.lt\/product\/mulceris-top\/#breadcrumb","itemListElement":[{"@type":"ListItem","position":1,"name":"Home","item":"https:\/\/www.horomechanika.lt\/"},{"@type":"ListItem","position":2,"name":"Shop","item":"https:\/\/www.horomechanika.lt\/ru\/shop-2\/"},{"@type":"ListItem","position":3,"name":"MUL\u010cERIS TOP"}]},{"@type":"WebSite","@id":"https:\/\/www.horomechanika.lt\/#website","url":"https:\/\/www.horomechanika.lt\/","name":"Horomechanika","description":"\u017dem\u0117s \u016akio Technika","publisher":{"@id":"https:\/\/www.horomechanika.lt\/#organization"},"potentialAction":[{"@type":"SearchAction","target":{"@type":"EntryPoint","urlTemplate":"https:\/\/www.horomechanika.lt\/?s={search_term_string}"},"query-input":"required name=search_term_string"}],"inLanguage":"ru-RU"},{"@type":"Organization","@id":"https:\/\/www.horomechanika.lt\/#organization","name":"UAB \"Horo mechanika\"","url":"https:\/\/www.horomechanika.lt\/","logo":{"@type":"ImageObject","inLanguage":"ru-RU","@id":"https:\/\/www.horomechanika.lt\/#\/schema\/logo\/image\/","url":"https:\/\/www.horomechanika.lt\/wp-content\/uploads\/2020\/05\/horomechanika-logo.png","contentUrl":"https:\/\/www.horomechanika.lt\/wp-content\/uploads\/2020\/05\/horomechanika-logo.png","width":137,"height":56,"caption":"UAB \"Horo mechanika\""},"image":{"@id":"https:\/\/www.horomechanika.lt\/#\/schema\/logo\/image\/"},"sameAs":["https:\/\/www.facebook.com\/UAB-Horo-mechanika-177091812471952"]}]}},"_links":{"self":[{"href":"https:\/\/www.horomechanika.lt\/ru\/wp-json\/wp\/v2\/product\/13522","targetHints":{"allow":["GET"]}}],"collection":[{"href":"https:\/\/www.horomechanika.lt\/ru\/wp-json\/wp\/v2\/product"}],"about":[{"href":"https:\/\/www.horomechanika.lt\/ru\/wp-json\/wp\/v2\/types\/product"}],"replies":[{"embeddable":true,"href":"https:\/\/www.horomechanika.lt\/ru\/wp-json\/wp\/v2\/comments?post=13522"}],"wp:featuredmedia":[{"embeddable":true,"href":"https:\/\/www.horomechanika.lt\/ru\/wp-json\/wp\/v2\/media\/13527"}],"wp:attachment":[{"href":"https:\/\/www.horomechanika.lt\/ru\/wp-json\/wp\/v2\/media?parent=13522"}],"wp:term":[{"taxonomy":"product_cat","embeddable":true,"href":"https:\/\/www.horomechanika.lt\/ru\/wp-json\/wp\/v2\/product_cat?post=13522"},{"taxonomy":"product_tag","embeddable":true,"href":"https:\/\/www.horomechanika.lt\/ru\/wp-json\/wp\/v2\/product_tag?post=13522"}],"curies":[{"name":"wp","href":"https:\/\/api.w.org\/{rel}","templated":true}]}}