{"id":13540,"date":"2023-01-04T15:04:14","date_gmt":"2023-01-04T12:04:14","guid":{"rendered":"https:\/\/www.horomechanika.lt\/?post_type=product&#038;p=13540"},"modified":"2023-01-04T15:15:12","modified_gmt":"2023-01-04T12:15:12","slug":"mulceris-light","status":"publish","type":"product","link":"https:\/\/www.horomechanika.lt\/ru\/product\/mulceris-light\/","title":{"rendered":"MUL\u010cERIS LIGHT"},"content":{"rendered":"<p>Specialus mul\u010deris LIGHT \u017eolei ir \u0161akoms iki 3 cm skersmens.<\/p>\n<p>STANDARTIN\u0116 \u012eRANGA MUL\u010cERIS LIGHT<br \/>\n\u2013 Trij\u0173 ta\u0161k\u0173 prikabinimas ant tvirt\u0173 cinkuot\u0173 stryp\u0173.<br \/>\n\u2013 Mechaninis stumdomas sukabinimas.<br \/>\n\u2013 Dreduktorius su laisvos eigos mova.<br \/>\n\u2013 Labai sustiprintos plaktuko atramos<br \/>\n\u2013 Galinis volas 140 mm skersmens su valytuvu voleliu.<br \/>\n\u2013 Rankinis baga\u017ein\u0117s dangtis ap\u017ei\u016brai su nauja didele atidarymo sistema.<br \/>\n\u2013 Dantyta linija nuo plaktuk\u0173.<br \/>\n\u2013 Gele\u017eies apsaugin\u0117s juostos.<br \/>\n\u2013 Var\u017etai ir kardanas.<br \/>\n\u2013 Apsaugos nuo nelaiming\u0173 atsitikim\u0173 pagal CE reikalavimus.<br \/>\n\u2013 Visuose modeliuose standarti\u0161kai komplektuojami plaktukai, nebent tai nurodyta a\u0161men\u0173 surinkimo u\u017esakyme.<\/p>\n<p>NB Machinery yra \u012fsipareigojusi gaminti \u017eem\u0117s \u016bkio ir mi\u0161kininkyst\u0117s technik\u0105. Did\u017eiausi\u0105 d\u0117mes\u012f skiriame sodams, vynuogynams, dideliems lauko pas\u0117liams, kra\u0161tovaizd\u017eiui ir mi\u0161kininkystei. Trijose gamybos vietose \u201eNB Machinery\u201c dirba daugiau nei 60 auk\u0161tos kvalifikacijos specialist\u0173, o tai yra esminis ma\u0161inos sraigtelis, leid\u017eiantis \u012fmonei toliau augti, taip pat galinti pasi\u016blyti platesn\u012f produkt\u0173 spektr\u0105 visame pasaulyje. Specialus mul\u010deris GLIDER, skirtas darbui su \u017eole, med\u017ei\u0173 \u016bgliais ir \u0161akomis iki 3-4 cm skersmens.<\/p>\n<p>Pagal pono Angelo Serrate&#8217;o p\u0117dsakus m\u016bs\u0173 \u012fmon\u0117 nustat\u0117 kokyb\u0119 ir inovacijas kaip prek\u0117s \u017eenkl\u0105, sekdama keli\u0105 nuo t\u0173 ankstyv\u0173j\u0173 dien\u0173, kai t\u0117vas perdav\u0117 savo \u017einias dabartiniam \u201e<a href=\"https:\/\/niubo.info\/en\/cat\/agricultural\/landscaping\/mulchers-landscaping\/\">NB Machinery<\/a>\u201c generaliniam direktoriui Jordi Serrate.\u00a0NB Machinery yra \u012fsipareigojusi gaminti \u017eem\u0117s \u016bkio ir mi\u0161kininkyst\u0117s technik\u0105. Did\u017eiausi\u0105 d\u0117mes\u012f skiriame sodams, vynuogynams, dideliems lauko pas\u0117liams, kra\u0161tovaizd\u017eiui ir mi\u0161kininkystei. Trijose gamybos vietose \u201eNB Machinery\u201c dirba daugiau nei 60 auk\u0161tos kvalifikacijos specialist\u0173, o tai yra esminis ma\u0161inos sraigtelis, leid\u017eiantis \u012fmonei toliau augti, taip pat galinti pasi\u016blyti platesn\u012f produkt\u0173 spektr\u0105 visame pasaulyje. Specialus mul\u010deris GLIDER, skirtas darbui su \u017eole, med\u017ei\u0173 \u016bgliais ir \u0161akomis iki 3-4 cm skersmens.<\/p>\n<p><iframe loading=\"lazy\" title=\"TRITURADORA BABY NIUBO - BROYEUR - MULCHER - Niubo Machinery\" width=\"895\" height=\"503\" src=\"https:\/\/www.youtube.com\/embed\/lKk_GWt3j0A?feature=oembed\" frameborder=\"0\" allow=\"accelerometer; autoplay; clipboard-write; encrypted-media; gyroscope; picture-in-picture; web-share\" allowfullscreen><\/iframe><\/p>","protected":false},"excerpt":{"rendered":"<div id=\"attachment_13541\" style=\"width: 905px\" class=\"wp-caption alignnone\"><a href=\"https:\/\/www.horomechanika.lt\/wp-content\/uploads\/2023\/01\/MULCERIS-LIGHT.png\"><img loading=\"lazy\" decoding=\"async\" aria-describedby=\"caption-attachment-13541\" class=\"size-large wp-image-13541\" src=\"https:\/\/www.horomechanika.lt\/wp-content\/uploads\/2023\/01\/MULCERIS-LIGHT-1024x352.png\" alt=\"MUL\u010cERIS LIGHT\" width=\"895\" height=\"308\" srcset=\"https:\/\/www.horomechanika.lt\/wp-content\/uploads\/2023\/01\/MULCERIS-LIGHT-1024x352.png 1024w, https:\/\/www.horomechanika.lt\/wp-content\/uploads\/2023\/01\/MULCERIS-LIGHT-600x206.png 600w, https:\/\/www.horomechanika.lt\/wp-content\/uploads\/2023\/01\/MULCERIS-LIGHT-300x103.png 300w, https:\/\/www.horomechanika.lt\/wp-content\/uploads\/2023\/01\/MULCERIS-LIGHT-768x264.png 768w, https:\/\/www.horomechanika.lt\/wp-content\/uploads\/2023\/01\/MULCERIS-LIGHT-1536x527.png 1536w, https:\/\/www.horomechanika.lt\/wp-content\/uploads\/2023\/01\/MULCERIS-LIGHT-2048x703.png 2048w, https:\/\/www.horomechanika.lt\/wp-content\/uploads\/2023\/01\/MULCERIS-LIGHT-18x6.png 18w\" sizes=\"auto, (max-width: 895px) 100vw, 895px\" \/><\/a><\/p>\n<p id=\"caption-attachment-13541\" class=\"wp-caption-text\">MUL\u010cERIS LIGHT<\/p>\n<\/div>","protected":false},"featured_media":13543,"comment_status":"open","ping_status":"closed","template":"","meta":[],"product_cat":[150,167],"product_tag":[],"class_list":["post-13540","product","type-product","status-publish","has-post-thumbnail","hentry","product_cat-mulceriai","product_cat-gyvatvoriu-krumynu-prieziuros-technika"],"yoast_head":"<!-- This site is optimized with the Yoast SEO plugin v20.1 - https:\/\/yoast.com\/wordpress\/plugins\/seo\/ -->\n<title>MUL\u010cERIS LIGHT | Horomechanika<\/title>\n<meta name=\"description\" content=\"Specialus mul\u010deris LIGHT \u017eolei ir \u0161akoms iki 3 cm skersmens. MUL\u010cERIS LIGHT Specialus mul\u010deris \u017eolei ir \u0161akoms iki 2 cm skersmens.\" \/>\n<meta name=\"robots\" content=\"index, follow, max-snippet:-1, max-image-preview:large, max-video-preview:-1\" \/>\n<link rel=\"canonical\" href=\"https:\/\/www.horomechanika.lt\/ru\/product\/mulceris-light\/\" \/>\n<meta property=\"og:locale\" content=\"ru_RU\" \/>\n<meta property=\"og:type\" content=\"article\" \/>\n<meta property=\"og:title\" content=\"MUL\u010cERIS LIGHT | Horomechanika\" \/>\n<meta property=\"og:description\" content=\"Specialus mul\u010deris LIGHT \u017eolei ir \u0161akoms iki 3 cm skersmens. MUL\u010cERIS LIGHT Specialus mul\u010deris \u017eolei ir \u0161akoms iki 2 cm skersmens.\" \/>\n<meta property=\"og:url\" content=\"https:\/\/www.horomechanika.lt\/ru\/product\/mulceris-light\/\" \/>\n<meta property=\"og:site_name\" content=\"Horomechanika\" \/>\n<meta property=\"article:publisher\" content=\"https:\/\/www.facebook.com\/UAB-Horo-mechanika-177091812471952\" \/>\n<meta property=\"article:modified_time\" content=\"2023-01-04T12:15:12+00:00\" \/>\n<meta property=\"og:image\" content=\"https:\/\/www.horomechanika.lt\/wp-content\/uploads\/2023\/01\/MULCERIS-LIGHT.jpg\" \/>\n\t<meta property=\"og:image:width\" content=\"1150\" \/>\n\t<meta property=\"og:image:height\" content=\"600\" \/>\n\t<meta property=\"og:image:type\" content=\"image\/jpeg\" \/>\n<meta name=\"twitter:card\" content=\"summary_large_image\" \/>\n<meta name=\"twitter:label1\" content=\"\u041f\u0440\u0438\u043c\u0435\u0440\u043d\u043e\u0435 \u0432\u0440\u0435\u043c\u044f \u0434\u043b\u044f \u0447\u0442\u0435\u043d\u0438\u044f\" \/>\n\t<meta name=\"twitter:data1\" content=\"2 \u043c\u0438\u043d\u0443\u0442\u044b\" \/>\n<script type=\"application\/ld+json\" class=\"yoast-schema-graph\">{\"@context\":\"https:\/\/schema.org\",\"@graph\":[{\"@type\":\"WebPage\",\"@id\":\"https:\/\/www.horomechanika.lt\/product\/mulceris-light\/\",\"url\":\"https:\/\/www.horomechanika.lt\/product\/mulceris-light\/\",\"name\":\"MUL\u010cERIS LIGHT | Horomechanika\",\"isPartOf\":{\"@id\":\"https:\/\/www.horomechanika.lt\/#website\"},\"datePublished\":\"2023-01-04T12:04:14+00:00\",\"dateModified\":\"2023-01-04T12:15:12+00:00\",\"description\":\"Specialus mul\u010deris LIGHT \u017eolei ir \u0161akoms iki 3 cm skersmens. MUL\u010cERIS LIGHT Specialus mul\u010deris \u017eolei ir \u0161akoms iki 2 cm skersmens.\",\"breadcrumb\":{\"@id\":\"https:\/\/www.horomechanika.lt\/product\/mulceris-light\/#breadcrumb\"},\"inLanguage\":\"ru-RU\",\"potentialAction\":[{\"@type\":\"ReadAction\",\"target\":[\"https:\/\/www.horomechanika.lt\/product\/mulceris-light\/\"]}]},{\"@type\":\"BreadcrumbList\",\"@id\":\"https:\/\/www.horomechanika.lt\/product\/mulceris-light\/#breadcrumb\",\"itemListElement\":[{\"@type\":\"ListItem\",\"position\":1,\"name\":\"Home\",\"item\":\"https:\/\/www.horomechanika.lt\/\"},{\"@type\":\"ListItem\",\"position\":2,\"name\":\"Shop\",\"item\":\"https:\/\/www.horomechanika.lt\/ru\/shop-2\/\"},{\"@type\":\"ListItem\",\"position\":3,\"name\":\"MUL\u010cERIS LIGHT\"}]},{\"@type\":\"WebSite\",\"@id\":\"https:\/\/www.horomechanika.lt\/#website\",\"url\":\"https:\/\/www.horomechanika.lt\/\",\"name\":\"Horomechanika\",\"description\":\"\u017dem\u0117s \u016akio Technika\",\"publisher\":{\"@id\":\"https:\/\/www.horomechanika.lt\/#organization\"},\"potentialAction\":[{\"@type\":\"SearchAction\",\"target\":{\"@type\":\"EntryPoint\",\"urlTemplate\":\"https:\/\/www.horomechanika.lt\/?s={search_term_string}\"},\"query-input\":\"required name=search_term_string\"}],\"inLanguage\":\"ru-RU\"},{\"@type\":\"Organization\",\"@id\":\"https:\/\/www.horomechanika.lt\/#organization\",\"name\":\"UAB \\\"Horo mechanika\\\"\",\"url\":\"https:\/\/www.horomechanika.lt\/\",\"logo\":{\"@type\":\"ImageObject\",\"inLanguage\":\"ru-RU\",\"@id\":\"https:\/\/www.horomechanika.lt\/#\/schema\/logo\/image\/\",\"url\":\"https:\/\/www.horomechanika.lt\/wp-content\/uploads\/2020\/05\/horomechanika-logo.png\",\"contentUrl\":\"https:\/\/www.horomechanika.lt\/wp-content\/uploads\/2020\/05\/horomechanika-logo.png\",\"width\":137,\"height\":56,\"caption\":\"UAB \\\"Horo mechanika\\\"\"},\"image\":{\"@id\":\"https:\/\/www.horomechanika.lt\/#\/schema\/logo\/image\/\"},\"sameAs\":[\"https:\/\/www.facebook.com\/UAB-Horo-mechanika-177091812471952\"]}]}<\/script>\n<!-- \/ Yoast SEO plugin. -->","yoast_head_json":{"title":"MUL\u010cERIS LIGHT | Horomechanika","description":"Specialus mul\u010deris LIGHT \u017eolei ir \u0161akoms iki 3 cm skersmens. MUL\u010cERIS LIGHT Specialus mul\u010deris \u017eolei ir \u0161akoms iki 2 cm skersmens.","robots":{"index":"index","follow":"follow","max-snippet":"max-snippet:-1","max-image-preview":"max-image-preview:large","max-video-preview":"max-video-preview:-1"},"canonical":"https:\/\/www.horomechanika.lt\/ru\/product\/mulceris-light\/","og_locale":"ru_RU","og_type":"article","og_title":"MUL\u010cERIS LIGHT | Horomechanika","og_description":"Specialus mul\u010deris LIGHT \u017eolei ir \u0161akoms iki 3 cm skersmens. MUL\u010cERIS LIGHT Specialus mul\u010deris \u017eolei ir \u0161akoms iki 2 cm skersmens.","og_url":"https:\/\/www.horomechanika.lt\/ru\/product\/mulceris-light\/","og_site_name":"Horomechanika","article_publisher":"https:\/\/www.facebook.com\/UAB-Horo-mechanika-177091812471952","article_modified_time":"2023-01-04T12:15:12+00:00","og_image":[{"width":1150,"height":600,"url":"https:\/\/www.horomechanika.lt\/wp-content\/uploads\/2023\/01\/MULCERIS-LIGHT.jpg","type":"image\/jpeg"}],"twitter_card":"summary_large_image","twitter_misc":{"\u041f\u0440\u0438\u043c\u0435\u0440\u043d\u043e\u0435 \u0432\u0440\u0435\u043c\u044f \u0434\u043b\u044f \u0447\u0442\u0435\u043d\u0438\u044f":"2 \u043c\u0438\u043d\u0443\u0442\u044b"},"schema":{"@context":"https:\/\/schema.org","@graph":[{"@type":"WebPage","@id":"https:\/\/www.horomechanika.lt\/product\/mulceris-light\/","url":"https:\/\/www.horomechanika.lt\/product\/mulceris-light\/","name":"MUL\u010cERIS LIGHT | Horomechanika","isPartOf":{"@id":"https:\/\/www.horomechanika.lt\/#website"},"datePublished":"2023-01-04T12:04:14+00:00","dateModified":"2023-01-04T12:15:12+00:00","description":"Specialus mul\u010deris LIGHT \u017eolei ir \u0161akoms iki 3 cm skersmens. MUL\u010cERIS LIGHT Specialus mul\u010deris \u017eolei ir \u0161akoms iki 2 cm skersmens.","breadcrumb":{"@id":"https:\/\/www.horomechanika.lt\/product\/mulceris-light\/#breadcrumb"},"inLanguage":"ru-RU","potentialAction":[{"@type":"ReadAction","target":["https:\/\/www.horomechanika.lt\/product\/mulceris-light\/"]}]},{"@type":"BreadcrumbList","@id":"https:\/\/www.horomechanika.lt\/product\/mulceris-light\/#breadcrumb","itemListElement":[{"@type":"ListItem","position":1,"name":"Home","item":"https:\/\/www.horomechanika.lt\/"},{"@type":"ListItem","position":2,"name":"Shop","item":"https:\/\/www.horomechanika.lt\/ru\/shop-2\/"},{"@type":"ListItem","position":3,"name":"MUL\u010cERIS LIGHT"}]},{"@type":"WebSite","@id":"https:\/\/www.horomechanika.lt\/#website","url":"https:\/\/www.horomechanika.lt\/","name":"Horomechanika","description":"\u017dem\u0117s \u016akio Technika","publisher":{"@id":"https:\/\/www.horomechanika.lt\/#organization"},"potentialAction":[{"@type":"SearchAction","target":{"@type":"EntryPoint","urlTemplate":"https:\/\/www.horomechanika.lt\/?s={search_term_string}"},"query-input":"required name=search_term_string"}],"inLanguage":"ru-RU"},{"@type":"Organization","@id":"https:\/\/www.horomechanika.lt\/#organization","name":"UAB \"Horo mechanika\"","url":"https:\/\/www.horomechanika.lt\/","logo":{"@type":"ImageObject","inLanguage":"ru-RU","@id":"https:\/\/www.horomechanika.lt\/#\/schema\/logo\/image\/","url":"https:\/\/www.horomechanika.lt\/wp-content\/uploads\/2020\/05\/horomechanika-logo.png","contentUrl":"https:\/\/www.horomechanika.lt\/wp-content\/uploads\/2020\/05\/horomechanika-logo.png","width":137,"height":56,"caption":"UAB \"Horo mechanika\""},"image":{"@id":"https:\/\/www.horomechanika.lt\/#\/schema\/logo\/image\/"},"sameAs":["https:\/\/www.facebook.com\/UAB-Horo-mechanika-177091812471952"]}]}},"_links":{"self":[{"href":"https:\/\/www.horomechanika.lt\/ru\/wp-json\/wp\/v2\/product\/13540","targetHints":{"allow":["GET"]}}],"collection":[{"href":"https:\/\/www.horomechanika.lt\/ru\/wp-json\/wp\/v2\/product"}],"about":[{"href":"https:\/\/www.horomechanika.lt\/ru\/wp-json\/wp\/v2\/types\/product"}],"replies":[{"embeddable":true,"href":"https:\/\/www.horomechanika.lt\/ru\/wp-json\/wp\/v2\/comments?post=13540"}],"wp:featuredmedia":[{"embeddable":true,"href":"https:\/\/www.horomechanika.lt\/ru\/wp-json\/wp\/v2\/media\/13543"}],"wp:attachment":[{"href":"https:\/\/www.horomechanika.lt\/ru\/wp-json\/wp\/v2\/media?parent=13540"}],"wp:term":[{"taxonomy":"product_cat","embeddable":true,"href":"https:\/\/www.horomechanika.lt\/ru\/wp-json\/wp\/v2\/product_cat?post=13540"},{"taxonomy":"product_tag","embeddable":true,"href":"https:\/\/www.horomechanika.lt\/ru\/wp-json\/wp\/v2\/product_tag?post=13540"}],"curies":[{"name":"wp","href":"https:\/\/api.w.org\/{rel}","templated":true}]}}