{"id":13565,"date":"2023-01-04T16:03:36","date_gmt":"2023-01-04T13:03:36","guid":{"rendered":"https:\/\/www.horomechanika.lt\/?post_type=product&#038;p=13565"},"modified":"2023-01-04T16:05:54","modified_gmt":"2023-01-04T13:05:54","slug":"mulceris-thunder-revers","status":"publish","type":"product","link":"https:\/\/www.horomechanika.lt\/ru\/product\/mulceris-thunder-revers\/","title":{"rendered":"MUL\u010cERIS THUNDER REVERS"},"content":{"rendered":"<p>Specialus MUL\u010cERIS THUNDER REVERS, skirtas darbui su iki 8 cm skersmens gen\u0117jimo liku\u010diais, med\u017ei\u0173 girait\u0117se, vynuogynuose, vaismed\u017ei\u0173 soduose, citrusiniuose vaisiuose, kukur\u016bzuose, \u017eol\u0117je ir kt.<\/p>\n<p>STANDARTIN\u0116 \u012eRANGA MUL\u010cERIS THUNDER REVERS<br \/>\n\u2013 CAT I-II dvigubas trita\u0161kis prikabinimas ant vientiso cinkuoto stryp\u0173.<br \/>\n\u2013 Mechanin\u0117s galin\u0117s durys ap\u017ei\u016brai.<br \/>\n\u2013 Alk\u016bninis \u0161oninis poslinkis.<br \/>\n\u2013 Jungtys be tepimo ta\u0161k\u0173, su savaime sutepamomis \u012fvor\u0117mis visur.<br \/>\n\u2013 Pavar\u0173 d\u0117\u017e\u0117 su dvigubu laisvu ratu.<br \/>\n\u2013 220 mm skersmens galinis volas su grandikliu.<br \/>\n\u2013 Atrama su apsauga u\u017epakaliniams ritininiams guoliams.<br \/>\n\u2013 Tre\u010diojo skriemulio \u012ftempiklis, reguliuojamas var\u017etas.<br \/>\n\u2013 1 eil\u0117 specialaus keteros formos prie\u0161prie\u0161inio peilio.<br \/>\n\u2013 1 eil\u0117 specialaus keteros formos prie\u0161prie\u0161inio peilio.<br \/>\n\u2013 Sustiprintos plienin\u0117s apsaugin\u0117s plok\u0161t\u0117s.<br \/>\n\u2013 Vik\u0161ro kai\u0161\u010diai ir kardaninis velenas.<br \/>\n\u2013 Nelaiming\u0173 atsitikim\u0173 prevencijos priemon\u0117s pagal EB reglamentus.<br \/>\n\u2013 Pastaba: visi modeliai standarti\u0161kai tiekiami su plaktukais, jei u\u017esakyme nenurodyta kitaip (a\u0161menys).<\/p>\n<p>NB Machinery yra \u012fsipareigojusi gaminti \u017eem\u0117s \u016bkio ir mi\u0161kininkyst\u0117s technik\u0105. Did\u017eiausi\u0105 d\u0117mes\u012f skiriame sodams, vynuogynams, dideliems lauko pas\u0117liams, kra\u0161tovaizd\u017eiui ir mi\u0161kininkystei. Trijose gamybos vietose \u201eNB Machinery\u201c dirba daugiau nei 60 auk\u0161tos kvalifikacijos specialist\u0173, o tai yra esminis ma\u0161inos sraigtelis, leid\u017eiantis \u012fmonei toliau augti, taip pat galinti pasi\u016blyti platesn\u012f produkt\u0173 spektr\u0105 visame pasaulyje.<\/p>\n<p>Pagal pono Angelo Serrate&#8217;o p\u0117dsakus m\u016bs\u0173 \u012fmon\u0117 nustat\u0117 kokyb\u0119 ir inovacijas kaip prek\u0117s \u017eenkl\u0105, sekdama keli\u0105 nuo t\u0173 ankstyv\u0173j\u0173 dien\u0173, kai t\u0117vas perdav\u0117 savo \u017einias dabartiniam \u201e<a href=\"https:\/\/niubo.info\/en\/cat\/agricultural\/landscaping\/mulchers-landscaping\/\">NB Machinery<\/a>\u201c generaliniam direktoriui Jordi Serrate.\u00a0NB Machinery yra \u012fsipareigojusi gaminti \u017eem\u0117s \u016bkio ir mi\u0161kininkyst\u0117s technik\u0105. Did\u017eiausi\u0105 d\u0117mes\u012f skiriame sodams, vynuogynams, dideliems lauko pas\u0117liams, kra\u0161tovaizd\u017eiui ir mi\u0161kininkystei. Trijose gamybos vietose \u201eNB Machinery\u201c dirba daugiau nei 60 auk\u0161tos kvalifikacijos specialist\u0173, o tai yra esminis ma\u0161inos sraigtelis, leid\u017eiantis \u012fmonei toliau augti, taip pat galinti pasi\u016blyti platesn\u012f produkt\u0173 spektr\u0105 visame pasaulyje.<\/p>","protected":false},"excerpt":{"rendered":"<div id=\"attachment_13562\" style=\"width: 905px\" class=\"wp-caption alignnone\"><a href=\"https:\/\/www.horomechanika.lt\/wp-content\/uploads\/2023\/01\/THUNDER-REVERS.png\"><img loading=\"lazy\" decoding=\"async\" aria-describedby=\"caption-attachment-13562\" class=\"size-large wp-image-13562\" src=\"https:\/\/www.horomechanika.lt\/wp-content\/uploads\/2023\/01\/THUNDER-REVERS-1024x333.png\" alt=\"THUNDER REVERS\" width=\"895\" height=\"291\" srcset=\"https:\/\/www.horomechanika.lt\/wp-content\/uploads\/2023\/01\/THUNDER-REVERS-1024x333.png 1024w, https:\/\/www.horomechanika.lt\/wp-content\/uploads\/2023\/01\/THUNDER-REVERS-600x195.png 600w, https:\/\/www.horomechanika.lt\/wp-content\/uploads\/2023\/01\/THUNDER-REVERS-300x98.png 300w, https:\/\/www.horomechanika.lt\/wp-content\/uploads\/2023\/01\/THUNDER-REVERS-768x250.png 768w, https:\/\/www.horomechanika.lt\/wp-content\/uploads\/2023\/01\/THUNDER-REVERS-1536x499.png 1536w, https:\/\/www.horomechanika.lt\/wp-content\/uploads\/2023\/01\/THUNDER-REVERS-2048x666.png 2048w, https:\/\/www.horomechanika.lt\/wp-content\/uploads\/2023\/01\/THUNDER-REVERS-18x6.png 18w\" sizes=\"auto, (max-width: 895px) 100vw, 895px\" \/><\/a><\/p>\n<p id=\"caption-attachment-13562\" class=\"wp-caption-text\">THUNDER REVERS<\/p>\n<\/div>","protected":false},"featured_media":13564,"comment_status":"open","ping_status":"closed","template":"","meta":[],"product_cat":[150,154,167],"product_tag":[],"class_list":["post-13565","product","type-product","status-publish","has-post-thumbnail","hentry","product_cat-mulceriai","product_cat-krumu-smulkintuvai","product_cat-gyvatvoriu-krumynu-prieziuros-technika"],"yoast_head":"<!-- This site is optimized with the Yoast SEO plugin v20.1 - https:\/\/yoast.com\/wordpress\/plugins\/seo\/ -->\n<title>MUL\u010cERIS THUNDER REVERS | Horomechanika<\/title>\n<meta name=\"description\" content=\"Specialus MUL\u010cERIS THUNDER REVERS, skirtas darbui su iki 8 cm skersmens gen\u0117jimo liku\u010diais, med\u017ei\u0173 girait\u0117se\" \/>\n<meta name=\"robots\" content=\"index, follow, max-snippet:-1, max-image-preview:large, max-video-preview:-1\" \/>\n<link rel=\"canonical\" href=\"https:\/\/www.horomechanika.lt\/ru\/product\/mulceris-thunder-revers\/\" \/>\n<meta property=\"og:locale\" content=\"ru_RU\" \/>\n<meta property=\"og:type\" content=\"article\" \/>\n<meta property=\"og:title\" content=\"MUL\u010cERIS THUNDER REVERS | Horomechanika\" \/>\n<meta property=\"og:description\" content=\"Specialus MUL\u010cERIS THUNDER REVERS, skirtas darbui su iki 8 cm skersmens gen\u0117jimo liku\u010diais, med\u017ei\u0173 girait\u0117se\" \/>\n<meta property=\"og:url\" content=\"https:\/\/www.horomechanika.lt\/ru\/product\/mulceris-thunder-revers\/\" \/>\n<meta property=\"og:site_name\" content=\"Horomechanika\" \/>\n<meta property=\"article:publisher\" content=\"https:\/\/www.facebook.com\/UAB-Horo-mechanika-177091812471952\" \/>\n<meta property=\"article:modified_time\" content=\"2023-01-04T13:05:54+00:00\" \/>\n<meta property=\"og:image\" content=\"https:\/\/www.horomechanika.lt\/wp-content\/uploads\/2023\/01\/THUNDER-REVERS.jpg\" \/>\n\t<meta property=\"og:image:width\" content=\"1150\" \/>\n\t<meta property=\"og:image:height\" content=\"600\" \/>\n\t<meta property=\"og:image:type\" content=\"image\/jpeg\" \/>\n<meta name=\"twitter:card\" content=\"summary_large_image\" \/>\n<meta name=\"twitter:label1\" content=\"\u041f\u0440\u0438\u043c\u0435\u0440\u043d\u043e\u0435 \u0432\u0440\u0435\u043c\u044f \u0434\u043b\u044f \u0447\u0442\u0435\u043d\u0438\u044f\" \/>\n\t<meta name=\"twitter:data1\" content=\"2 \u043c\u0438\u043d\u0443\u0442\u044b\" \/>\n<script type=\"application\/ld+json\" class=\"yoast-schema-graph\">{\"@context\":\"https:\/\/schema.org\",\"@graph\":[{\"@type\":\"WebPage\",\"@id\":\"https:\/\/www.horomechanika.lt\/product\/mulceris-thunder-revers\/\",\"url\":\"https:\/\/www.horomechanika.lt\/product\/mulceris-thunder-revers\/\",\"name\":\"MUL\u010cERIS THUNDER REVERS | Horomechanika\",\"isPartOf\":{\"@id\":\"https:\/\/www.horomechanika.lt\/#website\"},\"datePublished\":\"2023-01-04T13:03:36+00:00\",\"dateModified\":\"2023-01-04T13:05:54+00:00\",\"description\":\"Specialus MUL\u010cERIS THUNDER REVERS, skirtas darbui su iki 8 cm skersmens gen\u0117jimo liku\u010diais, med\u017ei\u0173 girait\u0117se\",\"breadcrumb\":{\"@id\":\"https:\/\/www.horomechanika.lt\/product\/mulceris-thunder-revers\/#breadcrumb\"},\"inLanguage\":\"ru-RU\",\"potentialAction\":[{\"@type\":\"ReadAction\",\"target\":[\"https:\/\/www.horomechanika.lt\/product\/mulceris-thunder-revers\/\"]}]},{\"@type\":\"BreadcrumbList\",\"@id\":\"https:\/\/www.horomechanika.lt\/product\/mulceris-thunder-revers\/#breadcrumb\",\"itemListElement\":[{\"@type\":\"ListItem\",\"position\":1,\"name\":\"Home\",\"item\":\"https:\/\/www.horomechanika.lt\/\"},{\"@type\":\"ListItem\",\"position\":2,\"name\":\"Shop\",\"item\":\"https:\/\/www.horomechanika.lt\/ru\/shop-2\/\"},{\"@type\":\"ListItem\",\"position\":3,\"name\":\"MUL\u010cERIS THUNDER REVERS\"}]},{\"@type\":\"WebSite\",\"@id\":\"https:\/\/www.horomechanika.lt\/#website\",\"url\":\"https:\/\/www.horomechanika.lt\/\",\"name\":\"Horomechanika\",\"description\":\"\u017dem\u0117s \u016akio Technika\",\"publisher\":{\"@id\":\"https:\/\/www.horomechanika.lt\/#organization\"},\"potentialAction\":[{\"@type\":\"SearchAction\",\"target\":{\"@type\":\"EntryPoint\",\"urlTemplate\":\"https:\/\/www.horomechanika.lt\/?s={search_term_string}\"},\"query-input\":\"required name=search_term_string\"}],\"inLanguage\":\"ru-RU\"},{\"@type\":\"Organization\",\"@id\":\"https:\/\/www.horomechanika.lt\/#organization\",\"name\":\"UAB \\\"Horo mechanika\\\"\",\"url\":\"https:\/\/www.horomechanika.lt\/\",\"logo\":{\"@type\":\"ImageObject\",\"inLanguage\":\"ru-RU\",\"@id\":\"https:\/\/www.horomechanika.lt\/#\/schema\/logo\/image\/\",\"url\":\"https:\/\/www.horomechanika.lt\/wp-content\/uploads\/2020\/05\/horomechanika-logo.png\",\"contentUrl\":\"https:\/\/www.horomechanika.lt\/wp-content\/uploads\/2020\/05\/horomechanika-logo.png\",\"width\":137,\"height\":56,\"caption\":\"UAB \\\"Horo mechanika\\\"\"},\"image\":{\"@id\":\"https:\/\/www.horomechanika.lt\/#\/schema\/logo\/image\/\"},\"sameAs\":[\"https:\/\/www.facebook.com\/UAB-Horo-mechanika-177091812471952\"]}]}<\/script>\n<!-- \/ Yoast SEO plugin. -->","yoast_head_json":{"title":"MUL\u010cERIS THUNDER REVERS | Horomechanika","description":"Specialus MUL\u010cERIS THUNDER REVERS, skirtas darbui su iki 8 cm skersmens gen\u0117jimo liku\u010diais, med\u017ei\u0173 girait\u0117se","robots":{"index":"index","follow":"follow","max-snippet":"max-snippet:-1","max-image-preview":"max-image-preview:large","max-video-preview":"max-video-preview:-1"},"canonical":"https:\/\/www.horomechanika.lt\/ru\/product\/mulceris-thunder-revers\/","og_locale":"ru_RU","og_type":"article","og_title":"MUL\u010cERIS THUNDER REVERS | Horomechanika","og_description":"Specialus MUL\u010cERIS THUNDER REVERS, skirtas darbui su iki 8 cm skersmens gen\u0117jimo liku\u010diais, med\u017ei\u0173 girait\u0117se","og_url":"https:\/\/www.horomechanika.lt\/ru\/product\/mulceris-thunder-revers\/","og_site_name":"Horomechanika","article_publisher":"https:\/\/www.facebook.com\/UAB-Horo-mechanika-177091812471952","article_modified_time":"2023-01-04T13:05:54+00:00","og_image":[{"width":1150,"height":600,"url":"https:\/\/www.horomechanika.lt\/wp-content\/uploads\/2023\/01\/THUNDER-REVERS.jpg","type":"image\/jpeg"}],"twitter_card":"summary_large_image","twitter_misc":{"\u041f\u0440\u0438\u043c\u0435\u0440\u043d\u043e\u0435 \u0432\u0440\u0435\u043c\u044f \u0434\u043b\u044f \u0447\u0442\u0435\u043d\u0438\u044f":"2 \u043c\u0438\u043d\u0443\u0442\u044b"},"schema":{"@context":"https:\/\/schema.org","@graph":[{"@type":"WebPage","@id":"https:\/\/www.horomechanika.lt\/product\/mulceris-thunder-revers\/","url":"https:\/\/www.horomechanika.lt\/product\/mulceris-thunder-revers\/","name":"MUL\u010cERIS THUNDER REVERS | Horomechanika","isPartOf":{"@id":"https:\/\/www.horomechanika.lt\/#website"},"datePublished":"2023-01-04T13:03:36+00:00","dateModified":"2023-01-04T13:05:54+00:00","description":"Specialus MUL\u010cERIS THUNDER REVERS, skirtas darbui su iki 8 cm skersmens gen\u0117jimo liku\u010diais, med\u017ei\u0173 girait\u0117se","breadcrumb":{"@id":"https:\/\/www.horomechanika.lt\/product\/mulceris-thunder-revers\/#breadcrumb"},"inLanguage":"ru-RU","potentialAction":[{"@type":"ReadAction","target":["https:\/\/www.horomechanika.lt\/product\/mulceris-thunder-revers\/"]}]},{"@type":"BreadcrumbList","@id":"https:\/\/www.horomechanika.lt\/product\/mulceris-thunder-revers\/#breadcrumb","itemListElement":[{"@type":"ListItem","position":1,"name":"Home","item":"https:\/\/www.horomechanika.lt\/"},{"@type":"ListItem","position":2,"name":"Shop","item":"https:\/\/www.horomechanika.lt\/ru\/shop-2\/"},{"@type":"ListItem","position":3,"name":"MUL\u010cERIS THUNDER REVERS"}]},{"@type":"WebSite","@id":"https:\/\/www.horomechanika.lt\/#website","url":"https:\/\/www.horomechanika.lt\/","name":"Horomechanika","description":"\u017dem\u0117s \u016akio Technika","publisher":{"@id":"https:\/\/www.horomechanika.lt\/#organization"},"potentialAction":[{"@type":"SearchAction","target":{"@type":"EntryPoint","urlTemplate":"https:\/\/www.horomechanika.lt\/?s={search_term_string}"},"query-input":"required name=search_term_string"}],"inLanguage":"ru-RU"},{"@type":"Organization","@id":"https:\/\/www.horomechanika.lt\/#organization","name":"UAB \"Horo mechanika\"","url":"https:\/\/www.horomechanika.lt\/","logo":{"@type":"ImageObject","inLanguage":"ru-RU","@id":"https:\/\/www.horomechanika.lt\/#\/schema\/logo\/image\/","url":"https:\/\/www.horomechanika.lt\/wp-content\/uploads\/2020\/05\/horomechanika-logo.png","contentUrl":"https:\/\/www.horomechanika.lt\/wp-content\/uploads\/2020\/05\/horomechanika-logo.png","width":137,"height":56,"caption":"UAB \"Horo mechanika\""},"image":{"@id":"https:\/\/www.horomechanika.lt\/#\/schema\/logo\/image\/"},"sameAs":["https:\/\/www.facebook.com\/UAB-Horo-mechanika-177091812471952"]}]}},"_links":{"self":[{"href":"https:\/\/www.horomechanika.lt\/ru\/wp-json\/wp\/v2\/product\/13565","targetHints":{"allow":["GET"]}}],"collection":[{"href":"https:\/\/www.horomechanika.lt\/ru\/wp-json\/wp\/v2\/product"}],"about":[{"href":"https:\/\/www.horomechanika.lt\/ru\/wp-json\/wp\/v2\/types\/product"}],"replies":[{"embeddable":true,"href":"https:\/\/www.horomechanika.lt\/ru\/wp-json\/wp\/v2\/comments?post=13565"}],"wp:featuredmedia":[{"embeddable":true,"href":"https:\/\/www.horomechanika.lt\/ru\/wp-json\/wp\/v2\/media\/13564"}],"wp:attachment":[{"href":"https:\/\/www.horomechanika.lt\/ru\/wp-json\/wp\/v2\/media?parent=13565"}],"wp:term":[{"taxonomy":"product_cat","embeddable":true,"href":"https:\/\/www.horomechanika.lt\/ru\/wp-json\/wp\/v2\/product_cat?post=13565"},{"taxonomy":"product_tag","embeddable":true,"href":"https:\/\/www.horomechanika.lt\/ru\/wp-json\/wp\/v2\/product_tag?post=13565"}],"curies":[{"name":"wp","href":"https:\/\/api.w.org\/{rel}","templated":true}]}}