{"id":13566,"date":"2023-01-04T16:24:07","date_gmt":"2023-01-04T13:24:07","guid":{"rendered":"https:\/\/www.horomechanika.lt\/?post_type=product&#038;p=13566"},"modified":"2023-01-04T16:28:44","modified_gmt":"2023-01-04T13:28:44","slug":"mulceris-perfect-revers","status":"publish","type":"product","link":"https:\/\/www.horomechanika.lt\/ru\/product\/mulceris-perfect-revers\/","title":{"rendered":"MUL\u010cERIS PERFECT REVERS"},"content":{"rendered":"<p>Specialus MUL\u010cERIS PERFECT REVERS, skirtas sunkiems darbams su gen\u0117jimo liku\u010diais iki 12-15 cm skersmens, alyvmed\u017ei\u0173 girait\u0117se, vynuogynuose, vaismed\u017ei\u0173 soduose, citrusiniuose vaisiuose, \u017eol\u0117je ir kt.<\/p>\n<p>STANDARTIN\u0116 \u012eRANGA MUL\u010cERIS PERFECT REVERS<br \/>\n\u2013 CAT II dviguba mova su hidrauliniu \u0161oniniu poslinkiu 500 mm su PLA\u010cES\u010cIU \u0160ONINIU SIEKIAMU.<br \/>\n\u2013 Pavar\u0173 d\u0117\u017e\u0117 su dvigubu laisvu ratu.<br \/>\n\u2013 Sraigtinio plaktuko rotorius.<br \/>\n\u2013 Tre\u010diojo skriemulio \u012ftempiklis, reguliuojamas var\u017etas.<br \/>\n\u2013 Galinis volas 170 mm skersmens su grandikliu.<br \/>\n\u2013 Lygi pus\u0117, stebul\u0117 yra ma\u0161inos viduje.<br \/>\n\u2013 1 eil\u0117 specialaus skersinio formos var\u017etais prisukamo Niubo prie\u0161prie\u0161inio peilio ir 1 eil\u0117 speciali\u0173 danties formos prie\u0161prie\u0161ini\u0173 peili\u0173.<br \/>\n\u2013 Plienin\u0117s apsaugin\u0117s plok\u0161t\u0117s.<br \/>\n\u2013 Vik\u0161ro kai\u0161\u010diai ir kardano jungtis.<br \/>\n\u2013 Nelaiming\u0173 atsitikim\u0173 prevencijos priemon\u0117s pagal EB reglamentus.<br \/>\n\u2013 Pastaba: visi modeliai tiekiami su serijiniais plaktukais; i\u0161skyrus kai<br \/>\nnurodyta su a\u0161menimis u\u017esakyme.<\/p>\n<p>NB Machinery yra \u012fsipareigojusi gaminti \u017eem\u0117s \u016bkio ir mi\u0161kininkyst\u0117s technik\u0105. Did\u017eiausi\u0105 d\u0117mes\u012f skiriame sodams, vynuogynams, dideliems lauko pas\u0117liams, kra\u0161tovaizd\u017eiui ir mi\u0161kininkystei. Trijose gamybos vietose \u201eNB Machinery\u201c dirba daugiau nei 60 auk\u0161tos kvalifikacijos specialist\u0173, o tai yra esminis ma\u0161inos sraigtelis, leid\u017eiantis \u012fmonei toliau augti, taip pat galinti pasi\u016blyti platesn\u012f produkt\u0173 spektr\u0105 visame pasaulyje.<\/p>\n<p>Pagal pono Angelo Serrate&#8217;o p\u0117dsakus m\u016bs\u0173 \u012fmon\u0117 nustat\u0117 kokyb\u0119 ir inovacijas kaip prek\u0117s \u017eenkl\u0105, sekdama keli\u0105 nuo t\u0173 ankstyv\u0173j\u0173 dien\u0173, kai t\u0117vas perdav\u0117 savo \u017einias dabartiniam \u201e<a href=\"https:\/\/niubo.info\/en\/cat\/agricultural\/landscaping\/mulchers-landscaping\/\">NB Machinery<\/a>\u201c generaliniam direktoriui Jordi Serrate.\u00a0NB Machinery yra \u012fsipareigojusi gaminti \u017eem\u0117s \u016bkio ir mi\u0161kininkyst\u0117s technik\u0105. Did\u017eiausi\u0105 d\u0117mes\u012f skiriame sodams, vynuogynams, dideliems lauko pas\u0117liams, kra\u0161tovaizd\u017eiui ir mi\u0161kininkystei. Trijose gamybos vietose \u201eNB Machinery\u201c dirba daugiau nei 60 auk\u0161tos kvalifikacijos specialist\u0173, o tai yra esminis ma\u0161inos sraigtelis, leid\u017eiantis \u012fmonei toliau augti, taip pat galinti pasi\u016blyti platesn\u012f produkt\u0173 spektr\u0105 visame pasaulyje.<\/p>\n<p><iframe loading=\"lazy\" title=\"Trituradora mod Perfect \u2022 Perfect mulcher \u2022 Broyeur mod. Perfect - Niubo Machinery\" width=\"895\" height=\"503\" src=\"https:\/\/www.youtube.com\/embed\/AUuJdRrrXww?feature=oembed\" frameborder=\"0\" allow=\"accelerometer; autoplay; clipboard-write; encrypted-media; gyroscope; picture-in-picture; web-share\" allowfullscreen><\/iframe><\/p>","protected":false},"excerpt":{"rendered":"<div id=\"attachment_13567\" style=\"width: 905px\" class=\"wp-caption alignnone\"><a href=\"https:\/\/www.horomechanika.lt\/wp-content\/uploads\/2023\/01\/MULCERIS-PERFECT-REVERS.png\"><img loading=\"lazy\" decoding=\"async\" aria-describedby=\"caption-attachment-13567\" class=\"size-large wp-image-13567\" src=\"https:\/\/www.horomechanika.lt\/wp-content\/uploads\/2023\/01\/MULCERIS-PERFECT-REVERS-1024x395.png\" alt=\"MUL\u010cERIS PERFECT REVERS\" width=\"895\" height=\"345\" srcset=\"https:\/\/www.horomechanika.lt\/wp-content\/uploads\/2023\/01\/MULCERIS-PERFECT-REVERS-1024x395.png 1024w, https:\/\/www.horomechanika.lt\/wp-content\/uploads\/2023\/01\/MULCERIS-PERFECT-REVERS-600x231.png 600w, https:\/\/www.horomechanika.lt\/wp-content\/uploads\/2023\/01\/MULCERIS-PERFECT-REVERS-300x116.png 300w, https:\/\/www.horomechanika.lt\/wp-content\/uploads\/2023\/01\/MULCERIS-PERFECT-REVERS-768x296.png 768w, https:\/\/www.horomechanika.lt\/wp-content\/uploads\/2023\/01\/MULCERIS-PERFECT-REVERS-1536x592.png 1536w, https:\/\/www.horomechanika.lt\/wp-content\/uploads\/2023\/01\/MULCERIS-PERFECT-REVERS-2048x790.png 2048w, https:\/\/www.horomechanika.lt\/wp-content\/uploads\/2023\/01\/MULCERIS-PERFECT-REVERS-18x7.png 18w\" sizes=\"auto, (max-width: 895px) 100vw, 895px\" \/><\/a><\/p>\n<p id=\"caption-attachment-13567\" class=\"wp-caption-text\">MUL\u010cERIS PERFECT REVERS<\/p>\n<\/div>","protected":false},"featured_media":13569,"comment_status":"open","ping_status":"closed","template":"","meta":[],"product_cat":[150,154,167],"product_tag":[],"class_list":["post-13566","product","type-product","status-publish","has-post-thumbnail","hentry","product_cat-mulceriai","product_cat-krumu-smulkintuvai","product_cat-gyvatvoriu-krumynu-prieziuros-technika"],"yoast_head":"<!-- This site is optimized with the Yoast SEO plugin v20.1 - https:\/\/yoast.com\/wordpress\/plugins\/seo\/ -->\n<title>MUL\u010cERIS PERFECT REVERS | Horomechanika<\/title>\n<meta name=\"description\" content=\"Specialus MUL\u010cERIS PERFECT REVERS, skirtas sunkiems darbams su gen\u0117jimo liku\u010diais iki 12-15 cm skersmens, med\u017ei\u0173 girait\u0117se, vynuogynuose.\" \/>\n<meta name=\"robots\" content=\"index, follow, max-snippet:-1, max-image-preview:large, max-video-preview:-1\" \/>\n<link rel=\"canonical\" href=\"https:\/\/www.horomechanika.lt\/ru\/product\/mulceris-perfect-revers\/\" \/>\n<meta property=\"og:locale\" content=\"ru_RU\" \/>\n<meta property=\"og:type\" content=\"article\" \/>\n<meta property=\"og:title\" content=\"MUL\u010cERIS PERFECT REVERS | Horomechanika\" \/>\n<meta property=\"og:description\" content=\"Specialus MUL\u010cERIS PERFECT REVERS, skirtas sunkiems darbams su gen\u0117jimo liku\u010diais iki 12-15 cm skersmens, med\u017ei\u0173 girait\u0117se, vynuogynuose.\" \/>\n<meta property=\"og:url\" content=\"https:\/\/www.horomechanika.lt\/ru\/product\/mulceris-perfect-revers\/\" \/>\n<meta property=\"og:site_name\" content=\"Horomechanika\" \/>\n<meta property=\"article:publisher\" content=\"https:\/\/www.facebook.com\/UAB-Horo-mechanika-177091812471952\" \/>\n<meta property=\"article:modified_time\" content=\"2023-01-04T13:28:44+00:00\" \/>\n<meta property=\"og:image\" content=\"https:\/\/www.horomechanika.lt\/wp-content\/uploads\/2023\/01\/MULCERIS-PERFECT-REVERS.jpg\" \/>\n\t<meta property=\"og:image:width\" content=\"1150\" \/>\n\t<meta property=\"og:image:height\" content=\"600\" \/>\n\t<meta property=\"og:image:type\" content=\"image\/jpeg\" \/>\n<meta name=\"twitter:card\" content=\"summary_large_image\" \/>\n<meta name=\"twitter:label1\" content=\"\u041f\u0440\u0438\u043c\u0435\u0440\u043d\u043e\u0435 \u0432\u0440\u0435\u043c\u044f \u0434\u043b\u044f \u0447\u0442\u0435\u043d\u0438\u044f\" \/>\n\t<meta name=\"twitter:data1\" content=\"2 \u043c\u0438\u043d\u0443\u0442\u044b\" \/>\n<script type=\"application\/ld+json\" class=\"yoast-schema-graph\">{\"@context\":\"https:\/\/schema.org\",\"@graph\":[{\"@type\":\"WebPage\",\"@id\":\"https:\/\/www.horomechanika.lt\/product\/mulceris-perfect-revers\/\",\"url\":\"https:\/\/www.horomechanika.lt\/product\/mulceris-perfect-revers\/\",\"name\":\"MUL\u010cERIS PERFECT REVERS | Horomechanika\",\"isPartOf\":{\"@id\":\"https:\/\/www.horomechanika.lt\/#website\"},\"datePublished\":\"2023-01-04T13:24:07+00:00\",\"dateModified\":\"2023-01-04T13:28:44+00:00\",\"description\":\"Specialus MUL\u010cERIS PERFECT REVERS, skirtas sunkiems darbams su gen\u0117jimo liku\u010diais iki 12-15 cm skersmens, med\u017ei\u0173 girait\u0117se, vynuogynuose.\",\"breadcrumb\":{\"@id\":\"https:\/\/www.horomechanika.lt\/product\/mulceris-perfect-revers\/#breadcrumb\"},\"inLanguage\":\"ru-RU\",\"potentialAction\":[{\"@type\":\"ReadAction\",\"target\":[\"https:\/\/www.horomechanika.lt\/product\/mulceris-perfect-revers\/\"]}]},{\"@type\":\"BreadcrumbList\",\"@id\":\"https:\/\/www.horomechanika.lt\/product\/mulceris-perfect-revers\/#breadcrumb\",\"itemListElement\":[{\"@type\":\"ListItem\",\"position\":1,\"name\":\"Home\",\"item\":\"https:\/\/www.horomechanika.lt\/\"},{\"@type\":\"ListItem\",\"position\":2,\"name\":\"Shop\",\"item\":\"https:\/\/www.horomechanika.lt\/ru\/shop-2\/\"},{\"@type\":\"ListItem\",\"position\":3,\"name\":\"MUL\u010cERIS PERFECT REVERS\"}]},{\"@type\":\"WebSite\",\"@id\":\"https:\/\/www.horomechanika.lt\/#website\",\"url\":\"https:\/\/www.horomechanika.lt\/\",\"name\":\"Horomechanika\",\"description\":\"\u017dem\u0117s \u016akio Technika\",\"publisher\":{\"@id\":\"https:\/\/www.horomechanika.lt\/#organization\"},\"potentialAction\":[{\"@type\":\"SearchAction\",\"target\":{\"@type\":\"EntryPoint\",\"urlTemplate\":\"https:\/\/www.horomechanika.lt\/?s={search_term_string}\"},\"query-input\":\"required name=search_term_string\"}],\"inLanguage\":\"ru-RU\"},{\"@type\":\"Organization\",\"@id\":\"https:\/\/www.horomechanika.lt\/#organization\",\"name\":\"UAB \\\"Horo mechanika\\\"\",\"url\":\"https:\/\/www.horomechanika.lt\/\",\"logo\":{\"@type\":\"ImageObject\",\"inLanguage\":\"ru-RU\",\"@id\":\"https:\/\/www.horomechanika.lt\/#\/schema\/logo\/image\/\",\"url\":\"https:\/\/www.horomechanika.lt\/wp-content\/uploads\/2020\/05\/horomechanika-logo.png\",\"contentUrl\":\"https:\/\/www.horomechanika.lt\/wp-content\/uploads\/2020\/05\/horomechanika-logo.png\",\"width\":137,\"height\":56,\"caption\":\"UAB \\\"Horo mechanika\\\"\"},\"image\":{\"@id\":\"https:\/\/www.horomechanika.lt\/#\/schema\/logo\/image\/\"},\"sameAs\":[\"https:\/\/www.facebook.com\/UAB-Horo-mechanika-177091812471952\"]}]}<\/script>\n<!-- \/ Yoast SEO plugin. -->","yoast_head_json":{"title":"MUL\u010cERIS PERFECT REVERS | Horomechanika","description":"Specialus MUL\u010cERIS PERFECT REVERS, skirtas sunkiems darbams su gen\u0117jimo liku\u010diais iki 12-15 cm skersmens, med\u017ei\u0173 girait\u0117se, vynuogynuose.","robots":{"index":"index","follow":"follow","max-snippet":"max-snippet:-1","max-image-preview":"max-image-preview:large","max-video-preview":"max-video-preview:-1"},"canonical":"https:\/\/www.horomechanika.lt\/ru\/product\/mulceris-perfect-revers\/","og_locale":"ru_RU","og_type":"article","og_title":"MUL\u010cERIS PERFECT REVERS | Horomechanika","og_description":"Specialus MUL\u010cERIS PERFECT REVERS, skirtas sunkiems darbams su gen\u0117jimo liku\u010diais iki 12-15 cm skersmens, med\u017ei\u0173 girait\u0117se, vynuogynuose.","og_url":"https:\/\/www.horomechanika.lt\/ru\/product\/mulceris-perfect-revers\/","og_site_name":"Horomechanika","article_publisher":"https:\/\/www.facebook.com\/UAB-Horo-mechanika-177091812471952","article_modified_time":"2023-01-04T13:28:44+00:00","og_image":[{"width":1150,"height":600,"url":"https:\/\/www.horomechanika.lt\/wp-content\/uploads\/2023\/01\/MULCERIS-PERFECT-REVERS.jpg","type":"image\/jpeg"}],"twitter_card":"summary_large_image","twitter_misc":{"\u041f\u0440\u0438\u043c\u0435\u0440\u043d\u043e\u0435 \u0432\u0440\u0435\u043c\u044f \u0434\u043b\u044f \u0447\u0442\u0435\u043d\u0438\u044f":"2 \u043c\u0438\u043d\u0443\u0442\u044b"},"schema":{"@context":"https:\/\/schema.org","@graph":[{"@type":"WebPage","@id":"https:\/\/www.horomechanika.lt\/product\/mulceris-perfect-revers\/","url":"https:\/\/www.horomechanika.lt\/product\/mulceris-perfect-revers\/","name":"MUL\u010cERIS PERFECT REVERS | Horomechanika","isPartOf":{"@id":"https:\/\/www.horomechanika.lt\/#website"},"datePublished":"2023-01-04T13:24:07+00:00","dateModified":"2023-01-04T13:28:44+00:00","description":"Specialus MUL\u010cERIS PERFECT REVERS, skirtas sunkiems darbams su gen\u0117jimo liku\u010diais iki 12-15 cm skersmens, med\u017ei\u0173 girait\u0117se, vynuogynuose.","breadcrumb":{"@id":"https:\/\/www.horomechanika.lt\/product\/mulceris-perfect-revers\/#breadcrumb"},"inLanguage":"ru-RU","potentialAction":[{"@type":"ReadAction","target":["https:\/\/www.horomechanika.lt\/product\/mulceris-perfect-revers\/"]}]},{"@type":"BreadcrumbList","@id":"https:\/\/www.horomechanika.lt\/product\/mulceris-perfect-revers\/#breadcrumb","itemListElement":[{"@type":"ListItem","position":1,"name":"Home","item":"https:\/\/www.horomechanika.lt\/"},{"@type":"ListItem","position":2,"name":"Shop","item":"https:\/\/www.horomechanika.lt\/ru\/shop-2\/"},{"@type":"ListItem","position":3,"name":"MUL\u010cERIS PERFECT REVERS"}]},{"@type":"WebSite","@id":"https:\/\/www.horomechanika.lt\/#website","url":"https:\/\/www.horomechanika.lt\/","name":"Horomechanika","description":"\u017dem\u0117s \u016akio Technika","publisher":{"@id":"https:\/\/www.horomechanika.lt\/#organization"},"potentialAction":[{"@type":"SearchAction","target":{"@type":"EntryPoint","urlTemplate":"https:\/\/www.horomechanika.lt\/?s={search_term_string}"},"query-input":"required name=search_term_string"}],"inLanguage":"ru-RU"},{"@type":"Organization","@id":"https:\/\/www.horomechanika.lt\/#organization","name":"UAB \"Horo mechanika\"","url":"https:\/\/www.horomechanika.lt\/","logo":{"@type":"ImageObject","inLanguage":"ru-RU","@id":"https:\/\/www.horomechanika.lt\/#\/schema\/logo\/image\/","url":"https:\/\/www.horomechanika.lt\/wp-content\/uploads\/2020\/05\/horomechanika-logo.png","contentUrl":"https:\/\/www.horomechanika.lt\/wp-content\/uploads\/2020\/05\/horomechanika-logo.png","width":137,"height":56,"caption":"UAB \"Horo mechanika\""},"image":{"@id":"https:\/\/www.horomechanika.lt\/#\/schema\/logo\/image\/"},"sameAs":["https:\/\/www.facebook.com\/UAB-Horo-mechanika-177091812471952"]}]}},"_links":{"self":[{"href":"https:\/\/www.horomechanika.lt\/ru\/wp-json\/wp\/v2\/product\/13566","targetHints":{"allow":["GET"]}}],"collection":[{"href":"https:\/\/www.horomechanika.lt\/ru\/wp-json\/wp\/v2\/product"}],"about":[{"href":"https:\/\/www.horomechanika.lt\/ru\/wp-json\/wp\/v2\/types\/product"}],"replies":[{"embeddable":true,"href":"https:\/\/www.horomechanika.lt\/ru\/wp-json\/wp\/v2\/comments?post=13566"}],"wp:featuredmedia":[{"embeddable":true,"href":"https:\/\/www.horomechanika.lt\/ru\/wp-json\/wp\/v2\/media\/13569"}],"wp:attachment":[{"href":"https:\/\/www.horomechanika.lt\/ru\/wp-json\/wp\/v2\/media?parent=13566"}],"wp:term":[{"taxonomy":"product_cat","embeddable":true,"href":"https:\/\/www.horomechanika.lt\/ru\/wp-json\/wp\/v2\/product_cat?post=13566"},{"taxonomy":"product_tag","embeddable":true,"href":"https:\/\/www.horomechanika.lt\/ru\/wp-json\/wp\/v2\/product_tag?post=13566"}],"curies":[{"name":"wp","href":"https:\/\/api.w.org\/{rel}","templated":true}]}}