{"id":13602,"date":"2023-01-05T12:58:03","date_gmt":"2023-01-05T09:58:03","guid":{"rendered":"https:\/\/www.horomechanika.lt\/?post_type=product&#038;p=13602"},"modified":"2023-01-05T12:59:45","modified_gmt":"2023-01-05T09:59:45","slug":"mulceris-king-top","status":"publish","type":"product","link":"https:\/\/www.horomechanika.lt\/ru\/product\/mulceris-king-top\/","title":{"rendered":"MUL\u010cERIS KING TOP"},"content":{"rendered":"<p>augiafunkcin\u0117 \u017eoliapjov\u0117 MUL\u010cERIS KING TOP, skirta dirbti su \u017eole, med\u017ei\u0173 \u016bgliais ir \u0161akomis iki 6-8 cm skersmens.<\/p>\n<p>STANDARTIN\u0116 \u012eRANGA MUL\u010cERIS KING TOP<br \/>\n\u2013 Pagrindinis r\u0117mas i\u0161 didelio atsparumo plieno DOMEX<br \/>\n\u2013 Naujo dizaino papildomai sustiprinta va\u017eiuokl\u0117 su i\u0161metimu per galin\u012f vol\u0105.<br \/>\n\u2013 Pavar\u0173 d\u0117\u017e\u0117 su laisvu ratu.<br \/>\n\u2013 I\u0161orin\u0117 grei\u010di\u0173 d\u0117\u017e\u0117 ir atrama sustiprinta ir pritaikyta susidoroti su sunkiasvoriais traktoriais.<br \/>\n\u2013 Itin sustiprintas trita\u0161kis CAT II-III prikabintuvas<br \/>\n\u2013 170 mm atgalinis velenas.<br \/>\n&#8211; Gumin\u0117s juostos apsauga.<br \/>\n\u2013 Slydimai.<br \/>\n\u2013 Labai sustiprintas rotorius ir stebul\u0117s.<br \/>\n\u2013 1 eil\u0117 specialaus keteros formos var\u017etais prisukamo Niubo prie\u0161prie\u0161inio peilio.<br \/>\n\u2013 1 eil\u0117 danties formos Super-Shredding sistemos prie\u0161prie\u0161inio peilio.<br \/>\n\u2013 Sustiprintos plienin\u0117s apsaugin\u0117s plok\u0161t\u0117s.<br \/>\n\u2013 I\u0161pilstyt\u0173 duj\u0173 apsauga nuo sm\u016bgio.<br \/>\n\u2013 Plaukiojantis mechaninis.<br \/>\n\u2013 Jungtys be tepimo ta\u0161k\u0173, su savaime sutepamomis \u012fvor\u0117mis visur.<br \/>\n\u2013 Tre\u010diojo skriemulio \u012ftempiklis, reguliuojamas var\u017etas.<br \/>\n&#8211; \u012emontuotas dir\u017eo korpusas.<br \/>\n\u2013 Specialiai sukurta va\u017eiuokl\u0117s priekin\u0117 dalis kaip bufer\u012f primenanti funkcija.<br \/>\n\u2013 I\u0161orinio stebul\u0117s apsauga.<br \/>\n\u2013 Pagrindinis stovas.<br \/>\n\u2013 Vik\u0161ro kai\u0161\u010diai ir kardaninis velenas.<br \/>\n\u2013 I\u0161ankstinis dvigubo kardaninio veleno komplekto susitarimas.<br \/>\n\u2013 Nelaiming\u0173 atsitikim\u0173 prevencijos priemon\u0117s pagal EB reglamentus.<br \/>\n\u2013 Pastaba: visi modeliai tiekiami su plaktukais standarti\u0161kai, nebent u\u017esakyme nurodyta kitaip (su a\u0161menimis).<\/p>\n<p>NB Machinery yra \u012fsipareigojusi gaminti \u017eem\u0117s \u016bkio ir mi\u0161kininkyst\u0117s technik\u0105. Did\u017eiausi\u0105 d\u0117mes\u012f skiriame sodams, vynuogynams, dideliems lauko pas\u0117liams, kra\u0161tovaizd\u017eiui ir mi\u0161kininkystei. Trijose gamybos vietose \u201eNB Machinery\u201c dirba daugiau nei 60 auk\u0161tos kvalifikacijos specialist\u0173, o tai yra esminis ma\u0161inos sraigtelis, leid\u017eiantis \u012fmonei toliau augti, taip pat galinti pasi\u016blyti platesn\u012f produkt\u0173 spektr\u0105 visame pasaulyje.<\/p>\n<p>Pagal pono Angelo Serrate&#8217;o p\u0117dsakus m\u016bs\u0173 \u012fmon\u0117 nustat\u0117 kokyb\u0119 ir inovacijas kaip prek\u0117s \u017eenkl\u0105, sekdama keli\u0105 nuo t\u0173 ankstyv\u0173j\u0173 dien\u0173, kai t\u0117vas perdav\u0117 savo \u017einias dabartiniam \u201e<a href=\"https:\/\/niubo.info\/en\/cat\/agricultural\/landscaping\/mulchers-landscaping\/\">NB Machinery<\/a>\u201c generaliniam direktoriui Jordi Serrate.<\/p>\n<p><iframe loading=\"lazy\" title=\"TRITURADORA KING TOP CON KIT DOBLE CARDAN - WITH DOUBLE PTO SHAFT\" width=\"895\" height=\"503\" src=\"https:\/\/www.youtube.com\/embed\/y7LswAkkUgY?feature=oembed\" frameborder=\"0\" allow=\"accelerometer; autoplay; clipboard-write; encrypted-media; gyroscope; picture-in-picture; web-share\" allowfullscreen><\/iframe><\/p>\n<p>&nbsp;<\/p>","protected":false},"excerpt":{"rendered":"<div id=\"attachment_13598\" style=\"width: 905px\" class=\"wp-caption alignnone\"><a href=\"https:\/\/www.horomechanika.lt\/wp-content\/uploads\/2023\/01\/MULCERIS-KING-TOP.png\"><img loading=\"lazy\" decoding=\"async\" aria-describedby=\"caption-attachment-13598\" class=\"size-large wp-image-13598\" src=\"https:\/\/www.horomechanika.lt\/wp-content\/uploads\/2023\/01\/MULCERIS-KING-TOP-1024x460.png\" alt=\"MUL\u010cERIS KING TOP\" width=\"895\" height=\"402\" srcset=\"https:\/\/www.horomechanika.lt\/wp-content\/uploads\/2023\/01\/MULCERIS-KING-TOP-1024x460.png 1024w, https:\/\/www.horomechanika.lt\/wp-content\/uploads\/2023\/01\/MULCERIS-KING-TOP-600x269.png 600w, https:\/\/www.horomechanika.lt\/wp-content\/uploads\/2023\/01\/MULCERIS-KING-TOP-300x135.png 300w, https:\/\/www.horomechanika.lt\/wp-content\/uploads\/2023\/01\/MULCERIS-KING-TOP-768x345.png 768w, https:\/\/www.horomechanika.lt\/wp-content\/uploads\/2023\/01\/MULCERIS-KING-TOP-1536x690.png 1536w, https:\/\/www.horomechanika.lt\/wp-content\/uploads\/2023\/01\/MULCERIS-KING-TOP-2048x920.png 2048w, https:\/\/www.horomechanika.lt\/wp-content\/uploads\/2023\/01\/MULCERIS-KING-TOP-18x8.png 18w, https:\/\/www.horomechanika.lt\/wp-content\/uploads\/2023\/01\/MULCERIS-KING-TOP-604x270.png 604w\" sizes=\"auto, (max-width: 895px) 100vw, 895px\" \/><\/a><\/p>\n<p id=\"caption-attachment-13598\" class=\"wp-caption-text\">MUL\u010cERIS KING TOP<\/p>\n<\/div>","protected":false},"featured_media":13601,"comment_status":"open","ping_status":"closed","template":"","meta":[],"product_cat":[151,167],"product_tag":[],"class_list":["post-13602","product","type-product","status-publish","has-post-thumbnail","hentry","product_cat-slaitiniai-mulceriai","product_cat-gyvatvoriu-krumynu-prieziuros-technika"],"yoast_head":"<!-- This site is optimized with the Yoast SEO plugin v20.1 - https:\/\/yoast.com\/wordpress\/plugins\/seo\/ -->\n<title>MUL\u010cERIS KING TOP | Horomechanika<\/title>\n<meta name=\"description\" content=\"Daugiafunkcin\u0117 \u017eoliapjov\u0117 MUL\u010cERIS KING TOP, skirta dirbti su \u017eole, med\u017ei\u0173 \u016bgliais ir \u0161akomis iki 6-8 cm skersmens. MUL\u010cERIS KING TOP\" \/>\n<meta name=\"robots\" content=\"index, follow, max-snippet:-1, max-image-preview:large, max-video-preview:-1\" \/>\n<link rel=\"canonical\" href=\"https:\/\/www.horomechanika.lt\/ru\/product\/mulceris-king-top\/\" \/>\n<meta property=\"og:locale\" content=\"ru_RU\" \/>\n<meta property=\"og:type\" content=\"article\" \/>\n<meta property=\"og:title\" content=\"MUL\u010cERIS KING TOP | Horomechanika\" \/>\n<meta property=\"og:description\" content=\"Daugiafunkcin\u0117 \u017eoliapjov\u0117 MUL\u010cERIS KING TOP, skirta dirbti su \u017eole, med\u017ei\u0173 \u016bgliais ir \u0161akomis iki 6-8 cm skersmens. MUL\u010cERIS KING TOP\" \/>\n<meta property=\"og:url\" content=\"https:\/\/www.horomechanika.lt\/ru\/product\/mulceris-king-top\/\" \/>\n<meta property=\"og:site_name\" content=\"Horomechanika\" \/>\n<meta property=\"article:publisher\" content=\"https:\/\/www.facebook.com\/UAB-Horo-mechanika-177091812471952\" \/>\n<meta property=\"article:modified_time\" content=\"2023-01-05T09:59:45+00:00\" \/>\n<meta property=\"og:image\" content=\"https:\/\/www.horomechanika.lt\/wp-content\/uploads\/2023\/01\/MULCERIS-KING-TOP.jpg\" \/>\n\t<meta property=\"og:image:width\" content=\"1150\" \/>\n\t<meta property=\"og:image:height\" content=\"600\" \/>\n\t<meta property=\"og:image:type\" content=\"image\/jpeg\" \/>\n<meta name=\"twitter:card\" content=\"summary_large_image\" \/>\n<meta name=\"twitter:label1\" content=\"\u041f\u0440\u0438\u043c\u0435\u0440\u043d\u043e\u0435 \u0432\u0440\u0435\u043c\u044f \u0434\u043b\u044f \u0447\u0442\u0435\u043d\u0438\u044f\" \/>\n\t<meta name=\"twitter:data1\" content=\"2 \u043c\u0438\u043d\u0443\u0442\u044b\" \/>\n<script type=\"application\/ld+json\" class=\"yoast-schema-graph\">{\"@context\":\"https:\/\/schema.org\",\"@graph\":[{\"@type\":\"WebPage\",\"@id\":\"https:\/\/www.horomechanika.lt\/product\/mulceris-king-top\/\",\"url\":\"https:\/\/www.horomechanika.lt\/product\/mulceris-king-top\/\",\"name\":\"MUL\u010cERIS KING TOP | Horomechanika\",\"isPartOf\":{\"@id\":\"https:\/\/www.horomechanika.lt\/#website\"},\"datePublished\":\"2023-01-05T09:58:03+00:00\",\"dateModified\":\"2023-01-05T09:59:45+00:00\",\"description\":\"Daugiafunkcin\u0117 \u017eoliapjov\u0117 MUL\u010cERIS KING TOP, skirta dirbti su \u017eole, med\u017ei\u0173 \u016bgliais ir \u0161akomis iki 6-8 cm skersmens. MUL\u010cERIS KING TOP\",\"breadcrumb\":{\"@id\":\"https:\/\/www.horomechanika.lt\/product\/mulceris-king-top\/#breadcrumb\"},\"inLanguage\":\"ru-RU\",\"potentialAction\":[{\"@type\":\"ReadAction\",\"target\":[\"https:\/\/www.horomechanika.lt\/product\/mulceris-king-top\/\"]}]},{\"@type\":\"BreadcrumbList\",\"@id\":\"https:\/\/www.horomechanika.lt\/product\/mulceris-king-top\/#breadcrumb\",\"itemListElement\":[{\"@type\":\"ListItem\",\"position\":1,\"name\":\"Home\",\"item\":\"https:\/\/www.horomechanika.lt\/\"},{\"@type\":\"ListItem\",\"position\":2,\"name\":\"Shop\",\"item\":\"https:\/\/www.horomechanika.lt\/ru\/shop-2\/\"},{\"@type\":\"ListItem\",\"position\":3,\"name\":\"MUL\u010cERIS KING TOP\"}]},{\"@type\":\"WebSite\",\"@id\":\"https:\/\/www.horomechanika.lt\/#website\",\"url\":\"https:\/\/www.horomechanika.lt\/\",\"name\":\"Horomechanika\",\"description\":\"\u017dem\u0117s \u016akio Technika\",\"publisher\":{\"@id\":\"https:\/\/www.horomechanika.lt\/#organization\"},\"potentialAction\":[{\"@type\":\"SearchAction\",\"target\":{\"@type\":\"EntryPoint\",\"urlTemplate\":\"https:\/\/www.horomechanika.lt\/?s={search_term_string}\"},\"query-input\":\"required name=search_term_string\"}],\"inLanguage\":\"ru-RU\"},{\"@type\":\"Organization\",\"@id\":\"https:\/\/www.horomechanika.lt\/#organization\",\"name\":\"UAB \\\"Horo mechanika\\\"\",\"url\":\"https:\/\/www.horomechanika.lt\/\",\"logo\":{\"@type\":\"ImageObject\",\"inLanguage\":\"ru-RU\",\"@id\":\"https:\/\/www.horomechanika.lt\/#\/schema\/logo\/image\/\",\"url\":\"https:\/\/www.horomechanika.lt\/wp-content\/uploads\/2020\/05\/horomechanika-logo.png\",\"contentUrl\":\"https:\/\/www.horomechanika.lt\/wp-content\/uploads\/2020\/05\/horomechanika-logo.png\",\"width\":137,\"height\":56,\"caption\":\"UAB \\\"Horo mechanika\\\"\"},\"image\":{\"@id\":\"https:\/\/www.horomechanika.lt\/#\/schema\/logo\/image\/\"},\"sameAs\":[\"https:\/\/www.facebook.com\/UAB-Horo-mechanika-177091812471952\"]}]}<\/script>\n<!-- \/ Yoast SEO plugin. -->","yoast_head_json":{"title":"MUL\u010cERIS KING TOP | Horomechanika","description":"Daugiafunkcin\u0117 \u017eoliapjov\u0117 MUL\u010cERIS KING TOP, skirta dirbti su \u017eole, med\u017ei\u0173 \u016bgliais ir \u0161akomis iki 6-8 cm skersmens. MUL\u010cERIS KING TOP","robots":{"index":"index","follow":"follow","max-snippet":"max-snippet:-1","max-image-preview":"max-image-preview:large","max-video-preview":"max-video-preview:-1"},"canonical":"https:\/\/www.horomechanika.lt\/ru\/product\/mulceris-king-top\/","og_locale":"ru_RU","og_type":"article","og_title":"MUL\u010cERIS KING TOP | Horomechanika","og_description":"Daugiafunkcin\u0117 \u017eoliapjov\u0117 MUL\u010cERIS KING TOP, skirta dirbti su \u017eole, med\u017ei\u0173 \u016bgliais ir \u0161akomis iki 6-8 cm skersmens. MUL\u010cERIS KING TOP","og_url":"https:\/\/www.horomechanika.lt\/ru\/product\/mulceris-king-top\/","og_site_name":"Horomechanika","article_publisher":"https:\/\/www.facebook.com\/UAB-Horo-mechanika-177091812471952","article_modified_time":"2023-01-05T09:59:45+00:00","og_image":[{"width":1150,"height":600,"url":"https:\/\/www.horomechanika.lt\/wp-content\/uploads\/2023\/01\/MULCERIS-KING-TOP.jpg","type":"image\/jpeg"}],"twitter_card":"summary_large_image","twitter_misc":{"\u041f\u0440\u0438\u043c\u0435\u0440\u043d\u043e\u0435 \u0432\u0440\u0435\u043c\u044f \u0434\u043b\u044f \u0447\u0442\u0435\u043d\u0438\u044f":"2 \u043c\u0438\u043d\u0443\u0442\u044b"},"schema":{"@context":"https:\/\/schema.org","@graph":[{"@type":"WebPage","@id":"https:\/\/www.horomechanika.lt\/product\/mulceris-king-top\/","url":"https:\/\/www.horomechanika.lt\/product\/mulceris-king-top\/","name":"MUL\u010cERIS KING TOP | Horomechanika","isPartOf":{"@id":"https:\/\/www.horomechanika.lt\/#website"},"datePublished":"2023-01-05T09:58:03+00:00","dateModified":"2023-01-05T09:59:45+00:00","description":"Daugiafunkcin\u0117 \u017eoliapjov\u0117 MUL\u010cERIS KING TOP, skirta dirbti su \u017eole, med\u017ei\u0173 \u016bgliais ir \u0161akomis iki 6-8 cm skersmens. MUL\u010cERIS KING TOP","breadcrumb":{"@id":"https:\/\/www.horomechanika.lt\/product\/mulceris-king-top\/#breadcrumb"},"inLanguage":"ru-RU","potentialAction":[{"@type":"ReadAction","target":["https:\/\/www.horomechanika.lt\/product\/mulceris-king-top\/"]}]},{"@type":"BreadcrumbList","@id":"https:\/\/www.horomechanika.lt\/product\/mulceris-king-top\/#breadcrumb","itemListElement":[{"@type":"ListItem","position":1,"name":"Home","item":"https:\/\/www.horomechanika.lt\/"},{"@type":"ListItem","position":2,"name":"Shop","item":"https:\/\/www.horomechanika.lt\/ru\/shop-2\/"},{"@type":"ListItem","position":3,"name":"MUL\u010cERIS KING TOP"}]},{"@type":"WebSite","@id":"https:\/\/www.horomechanika.lt\/#website","url":"https:\/\/www.horomechanika.lt\/","name":"Horomechanika","description":"\u017dem\u0117s \u016akio Technika","publisher":{"@id":"https:\/\/www.horomechanika.lt\/#organization"},"potentialAction":[{"@type":"SearchAction","target":{"@type":"EntryPoint","urlTemplate":"https:\/\/www.horomechanika.lt\/?s={search_term_string}"},"query-input":"required name=search_term_string"}],"inLanguage":"ru-RU"},{"@type":"Organization","@id":"https:\/\/www.horomechanika.lt\/#organization","name":"UAB \"Horo mechanika\"","url":"https:\/\/www.horomechanika.lt\/","logo":{"@type":"ImageObject","inLanguage":"ru-RU","@id":"https:\/\/www.horomechanika.lt\/#\/schema\/logo\/image\/","url":"https:\/\/www.horomechanika.lt\/wp-content\/uploads\/2020\/05\/horomechanika-logo.png","contentUrl":"https:\/\/www.horomechanika.lt\/wp-content\/uploads\/2020\/05\/horomechanika-logo.png","width":137,"height":56,"caption":"UAB \"Horo mechanika\""},"image":{"@id":"https:\/\/www.horomechanika.lt\/#\/schema\/logo\/image\/"},"sameAs":["https:\/\/www.facebook.com\/UAB-Horo-mechanika-177091812471952"]}]}},"_links":{"self":[{"href":"https:\/\/www.horomechanika.lt\/ru\/wp-json\/wp\/v2\/product\/13602","targetHints":{"allow":["GET"]}}],"collection":[{"href":"https:\/\/www.horomechanika.lt\/ru\/wp-json\/wp\/v2\/product"}],"about":[{"href":"https:\/\/www.horomechanika.lt\/ru\/wp-json\/wp\/v2\/types\/product"}],"replies":[{"embeddable":true,"href":"https:\/\/www.horomechanika.lt\/ru\/wp-json\/wp\/v2\/comments?post=13602"}],"wp:featuredmedia":[{"embeddable":true,"href":"https:\/\/www.horomechanika.lt\/ru\/wp-json\/wp\/v2\/media\/13601"}],"wp:attachment":[{"href":"https:\/\/www.horomechanika.lt\/ru\/wp-json\/wp\/v2\/media?parent=13602"}],"wp:term":[{"taxonomy":"product_cat","embeddable":true,"href":"https:\/\/www.horomechanika.lt\/ru\/wp-json\/wp\/v2\/product_cat?post=13602"},{"taxonomy":"product_tag","embeddable":true,"href":"https:\/\/www.horomechanika.lt\/ru\/wp-json\/wp\/v2\/product_tag?post=13602"}],"curies":[{"name":"wp","href":"https:\/\/api.w.org\/{rel}","templated":true}]}}