{"id":13603,"date":"2023-01-05T13:04:38","date_gmt":"2023-01-05T10:04:38","guid":{"rendered":"https:\/\/www.horomechanika.lt\/?post_type=product&#038;p=13603"},"modified":"2023-01-05T13:11:01","modified_gmt":"2023-01-05T10:11:01","slug":"mulceris-epsilon","status":"publish","type":"product","link":"https:\/\/www.horomechanika.lt\/ru\/product\/mulceris-epsilon\/","title":{"rendered":"MUL\u010cERIS EPSILON"},"content":{"rendered":"<p>Labai galingas mul\u010deris EPSILON, kuris puikiai veiks \u012fvairiose srityse, pradedant kr\u016bmais, \u017eole ir baigiant lauko valymu.<\/p>\n<p>STANDARTIN\u0116 \u012eRANGA mul\u010deris EPSILON<br \/>\n\u2013 CAT III labai sustiprintas trij\u0173 ta\u0161k\u0173 prikabintuvas.<br \/>\n\u2013 Hidraulinis \u0161oninis poslinkis vir\u0161 cinkuot\u0173 stryp\u0173.<br \/>\n\u2013 Pavar\u0173 d\u0117\u017e\u0117 su \u012fmontuota laisv\u0105ja eiga.<br \/>\n\u2013 Spiralinis skraidantis rotorius.<br \/>\n&#8211; 220 mm galinis volas.<br \/>\n\u2013 Tre\u010diasis skriemulys var\u017etais reguliuojamas dir\u017eo \u012ftempiklis.<br \/>\n\u2013 \u012e pj\u016bkl\u0105 pana\u0161us kontrplaktukas.<br \/>\n\u2013 Be galinio liuko, kitu atveju su apsaugine gumine juostele.<br \/>\n\u2013 Sustiprintos plienin\u0117s apsaugin\u0117s plok\u0161t\u0117s.<br \/>\n\u2013 Kardaninis velenas su fiksavimo kai\u0161\u010diais.<br \/>\n\u2013 Nelaiming\u0173 atsitikim\u0173 prevencijos priemon\u0117s pagal EB direktyvas.<br \/>\n\u2013 Ma\u0161ina standarti\u0161kai pristatoma su plaktukais. Jei klientas pageidauja peili\u0173, nepamir\u0161kite pateikti u\u017esakymo.<\/p>\n<p>NB Machinery yra \u012fsipareigojusi gaminti \u017eem\u0117s \u016bkio ir mi\u0161kininkyst\u0117s technik\u0105. Did\u017eiausi\u0105 d\u0117mes\u012f skiriame sodams, vynuogynams, dideliems lauko pas\u0117liams, kra\u0161tovaizd\u017eiui ir mi\u0161kininkystei. Trijose gamybos vietose \u201eNB Machinery\u201c dirba daugiau nei 60 auk\u0161tos kvalifikacijos specialist\u0173, o tai yra esminis ma\u0161inos sraigtelis, leid\u017eiantis \u012fmonei toliau augti, taip pat galinti pasi\u016blyti platesn\u012f produkt\u0173 spektr\u0105 visame pasaulyje.<\/p>\n<p>Pagal pono Angelo Serrate&#8217;o p\u0117dsakus m\u016bs\u0173 \u012fmon\u0117 nustat\u0117 kokyb\u0119 ir inovacijas kaip prek\u0117s \u017eenkl\u0105, sekdama keli\u0105 nuo t\u0173 ankstyv\u0173j\u0173 dien\u0173, kai t\u0117vas perdav\u0117 savo \u017einias dabartiniam \u201e<a href=\"https:\/\/niubo.info\/en\/cat\/agricultural\/landscaping\/mulchers-landscaping\/\">NB Machinery<\/a>\u201c generaliniam direktoriui Jordi Serrate.\u00a0NB Machinery yra \u012fsipareigojusi gaminti \u017eem\u0117s \u016bkio ir mi\u0161kininkyst\u0117s technik\u0105. Did\u017eiausi\u0105 d\u0117mes\u012f skiriame sodams, vynuogynams, dideliems lauko pas\u0117liams, kra\u0161tovaizd\u017eiui ir mi\u0161kininkystei. Trijose gamybos vietose \u201eNB Machinery\u201c dirba daugiau nei 60 auk\u0161tos kvalifikacijos specialist\u0173, o tai yra esminis ma\u0161inos sraigtelis, leid\u017eiantis \u012fmonei toliau augti, taip pat galinti pasi\u016blyti platesn\u012f produkt\u0173 spektr\u0105 visame pasaulyje.<\/p>\n<p><iframe loading=\"lazy\" title=\"Trituradora PERFECT PLUS de Niubo.\" width=\"895\" height=\"671\" src=\"https:\/\/www.youtube.com\/embed\/IBreUNrM9eY?feature=oembed\" frameborder=\"0\" allow=\"accelerometer; autoplay; clipboard-write; encrypted-media; gyroscope; picture-in-picture; web-share\" allowfullscreen><\/iframe><\/p>","protected":false},"excerpt":{"rendered":"<div id=\"attachment_13604\" style=\"width: 905px\" class=\"wp-caption alignnone\"><a href=\"https:\/\/www.horomechanika.lt\/wp-content\/uploads\/2023\/01\/MULCERIS-EPSILON.png\"><img loading=\"lazy\" decoding=\"async\" aria-describedby=\"caption-attachment-13604\" class=\"size-large wp-image-13604\" src=\"https:\/\/www.horomechanika.lt\/wp-content\/uploads\/2023\/01\/MULCERIS-EPSILON-1024x304.png\" alt=\"MUL\u010cERIS EPSILON\" width=\"895\" height=\"266\" srcset=\"https:\/\/www.horomechanika.lt\/wp-content\/uploads\/2023\/01\/MULCERIS-EPSILON-1024x304.png 1024w, https:\/\/www.horomechanika.lt\/wp-content\/uploads\/2023\/01\/MULCERIS-EPSILON-600x178.png 600w, https:\/\/www.horomechanika.lt\/wp-content\/uploads\/2023\/01\/MULCERIS-EPSILON-300x89.png 300w, https:\/\/www.horomechanika.lt\/wp-content\/uploads\/2023\/01\/MULCERIS-EPSILON-768x228.png 768w, https:\/\/www.horomechanika.lt\/wp-content\/uploads\/2023\/01\/MULCERIS-EPSILON-1536x455.png 1536w, https:\/\/www.horomechanika.lt\/wp-content\/uploads\/2023\/01\/MULCERIS-EPSILON-2048x607.png 2048w, https:\/\/www.horomechanika.lt\/wp-content\/uploads\/2023\/01\/MULCERIS-EPSILON-18x5.png 18w\" sizes=\"auto, (max-width: 895px) 100vw, 895px\" \/><\/a><\/p>\n<p id=\"caption-attachment-13604\" class=\"wp-caption-text\">MUL\u010cERIS EPSILON<\/p>\n<\/div>","protected":false},"featured_media":13606,"comment_status":"open","ping_status":"closed","template":"","meta":[],"product_cat":[150,154,167],"product_tag":[],"class_list":["post-13603","product","type-product","status-publish","has-post-thumbnail","hentry","product_cat-mulceriai","product_cat-krumu-smulkintuvai","product_cat-gyvatvoriu-krumynu-prieziuros-technika"],"yoast_head":"<!-- This site is optimized with the Yoast SEO plugin v20.1 - https:\/\/yoast.com\/wordpress\/plugins\/seo\/ -->\n<title>MUL\u010cERIS EPSILON | Horomechanika<\/title>\n<meta name=\"description\" content=\"Labai galingas mul\u010deris EPSILON, kuris puikiai veiks \u012fvairiose srityse, pradedant kr\u016bmais, \u017eole ir baigiant lauko valymu.\" \/>\n<meta name=\"robots\" content=\"index, follow, max-snippet:-1, max-image-preview:large, max-video-preview:-1\" \/>\n<link rel=\"canonical\" href=\"https:\/\/www.horomechanika.lt\/ru\/product\/mulceris-epsilon\/\" \/>\n<meta property=\"og:locale\" content=\"ru_RU\" \/>\n<meta property=\"og:type\" content=\"article\" \/>\n<meta property=\"og:title\" content=\"MUL\u010cERIS EPSILON | Horomechanika\" \/>\n<meta property=\"og:description\" content=\"Labai galingas mul\u010deris EPSILON, kuris puikiai veiks \u012fvairiose srityse, pradedant kr\u016bmais, \u017eole ir baigiant lauko valymu.\" \/>\n<meta property=\"og:url\" content=\"https:\/\/www.horomechanika.lt\/ru\/product\/mulceris-epsilon\/\" \/>\n<meta property=\"og:site_name\" content=\"Horomechanika\" \/>\n<meta property=\"article:publisher\" content=\"https:\/\/www.facebook.com\/UAB-Horo-mechanika-177091812471952\" \/>\n<meta property=\"article:modified_time\" content=\"2023-01-05T10:11:01+00:00\" \/>\n<meta property=\"og:image\" content=\"https:\/\/www.horomechanika.lt\/wp-content\/uploads\/2023\/01\/MULCERIS-EPSILON.jpg\" \/>\n\t<meta property=\"og:image:width\" content=\"1150\" \/>\n\t<meta property=\"og:image:height\" content=\"600\" \/>\n\t<meta property=\"og:image:type\" content=\"image\/jpeg\" \/>\n<meta name=\"twitter:card\" content=\"summary_large_image\" \/>\n<meta name=\"twitter:label1\" content=\"\u041f\u0440\u0438\u043c\u0435\u0440\u043d\u043e\u0435 \u0432\u0440\u0435\u043c\u044f \u0434\u043b\u044f \u0447\u0442\u0435\u043d\u0438\u044f\" \/>\n\t<meta name=\"twitter:data1\" content=\"2 \u043c\u0438\u043d\u0443\u0442\u044b\" \/>\n<script type=\"application\/ld+json\" class=\"yoast-schema-graph\">{\"@context\":\"https:\/\/schema.org\",\"@graph\":[{\"@type\":\"WebPage\",\"@id\":\"https:\/\/www.horomechanika.lt\/product\/mulceris-epsilon\/\",\"url\":\"https:\/\/www.horomechanika.lt\/product\/mulceris-epsilon\/\",\"name\":\"MUL\u010cERIS EPSILON | Horomechanika\",\"isPartOf\":{\"@id\":\"https:\/\/www.horomechanika.lt\/#website\"},\"datePublished\":\"2023-01-05T10:04:38+00:00\",\"dateModified\":\"2023-01-05T10:11:01+00:00\",\"description\":\"Labai galingas mul\u010deris EPSILON, kuris puikiai veiks \u012fvairiose srityse, pradedant kr\u016bmais, \u017eole ir baigiant lauko valymu.\",\"breadcrumb\":{\"@id\":\"https:\/\/www.horomechanika.lt\/product\/mulceris-epsilon\/#breadcrumb\"},\"inLanguage\":\"ru-RU\",\"potentialAction\":[{\"@type\":\"ReadAction\",\"target\":[\"https:\/\/www.horomechanika.lt\/product\/mulceris-epsilon\/\"]}]},{\"@type\":\"BreadcrumbList\",\"@id\":\"https:\/\/www.horomechanika.lt\/product\/mulceris-epsilon\/#breadcrumb\",\"itemListElement\":[{\"@type\":\"ListItem\",\"position\":1,\"name\":\"Home\",\"item\":\"https:\/\/www.horomechanika.lt\/\"},{\"@type\":\"ListItem\",\"position\":2,\"name\":\"Shop\",\"item\":\"https:\/\/www.horomechanika.lt\/ru\/shop-2\/\"},{\"@type\":\"ListItem\",\"position\":3,\"name\":\"MUL\u010cERIS EPSILON\"}]},{\"@type\":\"WebSite\",\"@id\":\"https:\/\/www.horomechanika.lt\/#website\",\"url\":\"https:\/\/www.horomechanika.lt\/\",\"name\":\"Horomechanika\",\"description\":\"\u017dem\u0117s \u016akio Technika\",\"publisher\":{\"@id\":\"https:\/\/www.horomechanika.lt\/#organization\"},\"potentialAction\":[{\"@type\":\"SearchAction\",\"target\":{\"@type\":\"EntryPoint\",\"urlTemplate\":\"https:\/\/www.horomechanika.lt\/?s={search_term_string}\"},\"query-input\":\"required name=search_term_string\"}],\"inLanguage\":\"ru-RU\"},{\"@type\":\"Organization\",\"@id\":\"https:\/\/www.horomechanika.lt\/#organization\",\"name\":\"UAB \\\"Horo mechanika\\\"\",\"url\":\"https:\/\/www.horomechanika.lt\/\",\"logo\":{\"@type\":\"ImageObject\",\"inLanguage\":\"ru-RU\",\"@id\":\"https:\/\/www.horomechanika.lt\/#\/schema\/logo\/image\/\",\"url\":\"https:\/\/www.horomechanika.lt\/wp-content\/uploads\/2020\/05\/horomechanika-logo.png\",\"contentUrl\":\"https:\/\/www.horomechanika.lt\/wp-content\/uploads\/2020\/05\/horomechanika-logo.png\",\"width\":137,\"height\":56,\"caption\":\"UAB \\\"Horo mechanika\\\"\"},\"image\":{\"@id\":\"https:\/\/www.horomechanika.lt\/#\/schema\/logo\/image\/\"},\"sameAs\":[\"https:\/\/www.facebook.com\/UAB-Horo-mechanika-177091812471952\"]}]}<\/script>\n<!-- \/ Yoast SEO plugin. -->","yoast_head_json":{"title":"MUL\u010cERIS EPSILON | Horomechanika","description":"Labai galingas mul\u010deris EPSILON, kuris puikiai veiks \u012fvairiose srityse, pradedant kr\u016bmais, \u017eole ir baigiant lauko valymu.","robots":{"index":"index","follow":"follow","max-snippet":"max-snippet:-1","max-image-preview":"max-image-preview:large","max-video-preview":"max-video-preview:-1"},"canonical":"https:\/\/www.horomechanika.lt\/ru\/product\/mulceris-epsilon\/","og_locale":"ru_RU","og_type":"article","og_title":"MUL\u010cERIS EPSILON | Horomechanika","og_description":"Labai galingas mul\u010deris EPSILON, kuris puikiai veiks \u012fvairiose srityse, pradedant kr\u016bmais, \u017eole ir baigiant lauko valymu.","og_url":"https:\/\/www.horomechanika.lt\/ru\/product\/mulceris-epsilon\/","og_site_name":"Horomechanika","article_publisher":"https:\/\/www.facebook.com\/UAB-Horo-mechanika-177091812471952","article_modified_time":"2023-01-05T10:11:01+00:00","og_image":[{"width":1150,"height":600,"url":"https:\/\/www.horomechanika.lt\/wp-content\/uploads\/2023\/01\/MULCERIS-EPSILON.jpg","type":"image\/jpeg"}],"twitter_card":"summary_large_image","twitter_misc":{"\u041f\u0440\u0438\u043c\u0435\u0440\u043d\u043e\u0435 \u0432\u0440\u0435\u043c\u044f \u0434\u043b\u044f \u0447\u0442\u0435\u043d\u0438\u044f":"2 \u043c\u0438\u043d\u0443\u0442\u044b"},"schema":{"@context":"https:\/\/schema.org","@graph":[{"@type":"WebPage","@id":"https:\/\/www.horomechanika.lt\/product\/mulceris-epsilon\/","url":"https:\/\/www.horomechanika.lt\/product\/mulceris-epsilon\/","name":"MUL\u010cERIS EPSILON | Horomechanika","isPartOf":{"@id":"https:\/\/www.horomechanika.lt\/#website"},"datePublished":"2023-01-05T10:04:38+00:00","dateModified":"2023-01-05T10:11:01+00:00","description":"Labai galingas mul\u010deris EPSILON, kuris puikiai veiks \u012fvairiose srityse, pradedant kr\u016bmais, \u017eole ir baigiant lauko valymu.","breadcrumb":{"@id":"https:\/\/www.horomechanika.lt\/product\/mulceris-epsilon\/#breadcrumb"},"inLanguage":"ru-RU","potentialAction":[{"@type":"ReadAction","target":["https:\/\/www.horomechanika.lt\/product\/mulceris-epsilon\/"]}]},{"@type":"BreadcrumbList","@id":"https:\/\/www.horomechanika.lt\/product\/mulceris-epsilon\/#breadcrumb","itemListElement":[{"@type":"ListItem","position":1,"name":"Home","item":"https:\/\/www.horomechanika.lt\/"},{"@type":"ListItem","position":2,"name":"Shop","item":"https:\/\/www.horomechanika.lt\/ru\/shop-2\/"},{"@type":"ListItem","position":3,"name":"MUL\u010cERIS EPSILON"}]},{"@type":"WebSite","@id":"https:\/\/www.horomechanika.lt\/#website","url":"https:\/\/www.horomechanika.lt\/","name":"Horomechanika","description":"\u017dem\u0117s \u016akio Technika","publisher":{"@id":"https:\/\/www.horomechanika.lt\/#organization"},"potentialAction":[{"@type":"SearchAction","target":{"@type":"EntryPoint","urlTemplate":"https:\/\/www.horomechanika.lt\/?s={search_term_string}"},"query-input":"required name=search_term_string"}],"inLanguage":"ru-RU"},{"@type":"Organization","@id":"https:\/\/www.horomechanika.lt\/#organization","name":"UAB \"Horo mechanika\"","url":"https:\/\/www.horomechanika.lt\/","logo":{"@type":"ImageObject","inLanguage":"ru-RU","@id":"https:\/\/www.horomechanika.lt\/#\/schema\/logo\/image\/","url":"https:\/\/www.horomechanika.lt\/wp-content\/uploads\/2020\/05\/horomechanika-logo.png","contentUrl":"https:\/\/www.horomechanika.lt\/wp-content\/uploads\/2020\/05\/horomechanika-logo.png","width":137,"height":56,"caption":"UAB \"Horo mechanika\""},"image":{"@id":"https:\/\/www.horomechanika.lt\/#\/schema\/logo\/image\/"},"sameAs":["https:\/\/www.facebook.com\/UAB-Horo-mechanika-177091812471952"]}]}},"_links":{"self":[{"href":"https:\/\/www.horomechanika.lt\/ru\/wp-json\/wp\/v2\/product\/13603","targetHints":{"allow":["GET"]}}],"collection":[{"href":"https:\/\/www.horomechanika.lt\/ru\/wp-json\/wp\/v2\/product"}],"about":[{"href":"https:\/\/www.horomechanika.lt\/ru\/wp-json\/wp\/v2\/types\/product"}],"replies":[{"embeddable":true,"href":"https:\/\/www.horomechanika.lt\/ru\/wp-json\/wp\/v2\/comments?post=13603"}],"wp:featuredmedia":[{"embeddable":true,"href":"https:\/\/www.horomechanika.lt\/ru\/wp-json\/wp\/v2\/media\/13606"}],"wp:attachment":[{"href":"https:\/\/www.horomechanika.lt\/ru\/wp-json\/wp\/v2\/media?parent=13603"}],"wp:term":[{"taxonomy":"product_cat","embeddable":true,"href":"https:\/\/www.horomechanika.lt\/ru\/wp-json\/wp\/v2\/product_cat?post=13603"},{"taxonomy":"product_tag","embeddable":true,"href":"https:\/\/www.horomechanika.lt\/ru\/wp-json\/wp\/v2\/product_tag?post=13603"}],"curies":[{"name":"wp","href":"https:\/\/api.w.org\/{rel}","templated":true}]}}