{"id":13631,"date":"2023-01-09T13:02:29","date_gmt":"2023-01-09T10:02:29","guid":{"rendered":"https:\/\/www.horomechanika.lt\/?post_type=product&#038;p=13631"},"modified":"2023-01-09T13:57:28","modified_gmt":"2023-01-09T10:57:28","slug":"freza-tanker","status":"publish","type":"product","link":"https:\/\/www.horomechanika.lt\/ru\/product\/freza-tanker\/","title":{"rendered":"FREZA TANKER"},"content":{"rendered":"<p>Labai galinga mi\u0161ko\u00a0freza TANKER su tvirta konstrukcija, galintis susidoroti su bet kokiu \u017eem\u0117s \u016bkio darbu ir lengvomis mi\u0161ko u\u017eduotimis.<\/p>\n<p>STANDARTIN\u0116 \u012eRANGA freza TANKER<br \/>\n\u2013 Didelio universalumo atviro spiralinio i\u0161d\u0117stymo rotorius.<br \/>\n\u2013 Tvirtas r\u0117mas su papildomaos vidiniais sutvirtinimais.<br \/>\n\u2013 Centrinis fiksuotas trij\u0173 ta\u0161k\u0173 kablys CAT II<br \/>\n\u2013 Pavar\u0173 d\u0117\u017e\u0117 su dvigubu pajungimu leid\u017eia freza pritvirtinti prie traktoriaus priekio arba galo.<br \/>\n&#8211; \u012emontuotas dir\u017eo korpusas.<br \/>\n\u2013 I\u0161orin\u0117 guoli\u0173 ir stebuli\u0173 apsauga<br \/>\n\u2013 1 eil\u0117 specialaus keteros formos var\u017etais prisukamo Niubo prie\u0161prie\u0161inio peilio.<br \/>\n\u2013 Specialaus dizaino pava\u017eos, kurios der\u0117s prie \u012fvairesni\u0173 plot\u0173 tvarkymo.<br \/>\n\u2013 Vieno cilindro galinis dangis.<br \/>\n\u2013 Vienpusis j\u0117gos perdavimas per dantytus V formos dir\u017eus.<br \/>\n\u2013 Tre\u010diojo skriemulio \u012ftempiklis, reguliuojamas var\u017etas.<br \/>\n\u2013 Apsaugotos rotoriaus ir stebul\u0117s tepimo vietos.<br \/>\n\u2013 Jungtys be tepimo ta\u0161k\u0173, su savaime sutepamomis \u012fvor\u0117mis visur.<br \/>\n\u2013 Dviej\u0173 eili\u0173 priekin\u0117s grandin\u0117s ir gumin\u0117 juostel\u0117, apsauganti nuo i\u0161mest\u0173 \u0161iuk\u0161li\u0173.<br \/>\n\u2013 Vik\u0161ro kai\u0161\u010diai ir kardano jungtis.<br \/>\n\u2013 Pastaba: Standarti\u0161kai pavar\u0173 d\u0117\u017e\u0117 540 aps.\/min., jei u\u017esakyme nenurodyta kitaip (1 000 aps.\/min.).<\/p>\n<p>NB Machinery yra \u012fsipareigojusi gaminti \u017eem\u0117s \u016bkio ir mi\u0161kininkyst\u0117s technik\u0105. Did\u017eiausi\u0105 d\u0117mes\u012f skiriame sodams, vynuogynams, dideliems lauko pas\u0117liams, kra\u0161tovaizd\u017eiui ir mi\u0161kininkystei. Trijose gamybos vietose \u201eNB Machinery\u201c dirba daugiau nei 60 auk\u0161tos kvalifikacijos specialist\u0173, o tai yra esminis ma\u0161inos sraigtelis, leid\u017eiantis \u012fmonei toliau augti, taip pat galinti pasi\u016blyti platesn\u012f produkt\u0173 spektr\u0105 visame pasaulyje.<\/p>\n<p>Pagal pono Angelo Serrate&#8217;o p\u0117dsakus m\u016bs\u0173 \u012fmon\u0117 nustat\u0117 kokyb\u0119 ir inovacijas kaip prek\u0117s \u017eenkl\u0105, sekdama keli\u0105 nuo t\u0173 ankstyv\u0173j\u0173 dien\u0173, kai t\u0117vas perdav\u0117 savo \u017einias dabartiniam \u201e<a href=\"https:\/\/niubo.info\/en\/cat\/agricultural\/landscaping\/mulchers-landscaping\/\">NB Machinery<\/a>\u201c generaliniam direktoriui Jordi Serrate.\u00a0NB Machinery yra \u012fsipareigojusi gaminti \u017eem\u0117s \u016bkio ir mi\u0161kininkyst\u0117s technik\u0105. Did\u017eiausi\u0105 d\u0117mes\u012f skiriame sodams, vynuogynams, dideliems lauko pas\u0117liams, kra\u0161tovaizd\u017eiui ir mi\u0161kininkystei. Trijose gamybos vietose \u201eNB Machinery\u201c dirba daugiau nei 60 auk\u0161tos kvalifikacijos specialist\u0173, o tai yra esminis ma\u0161inos sraigtelis, leid\u017eiantis \u012fmonei toliau augti, taip pat galinti pasi\u016blyti platesn\u012f produkt\u0173 spektr\u0105 visame pasaulyje.<\/p>\n<p><iframe loading=\"lazy\" title=\"TRITURADORA FORESTAL MINI DIAMOND - FORESTRY MULCHER\" width=\"895\" height=\"503\" src=\"https:\/\/www.youtube.com\/embed\/8duu9uNKwt4?feature=oembed\" frameborder=\"0\" allow=\"accelerometer; autoplay; clipboard-write; encrypted-media; gyroscope; picture-in-picture; web-share\" allowfullscreen><\/iframe><\/p>","protected":false},"excerpt":{"rendered":"<p><a href=\"https:\/\/www.horomechanika.lt\/wp-content\/uploads\/2023\/01\/FREZA-TANKER.png\"><img loading=\"lazy\" decoding=\"async\" class=\"size-large wp-image-13633\" src=\"https:\/\/www.horomechanika.lt\/wp-content\/uploads\/2023\/01\/FREZA-TANKER-1024x330.png\" alt=\"FREZA TANKER\" width=\"895\" height=\"288\" srcset=\"https:\/\/www.horomechanika.lt\/wp-content\/uploads\/2023\/01\/FREZA-TANKER-1024x330.png 1024w, https:\/\/www.horomechanika.lt\/wp-content\/uploads\/2023\/01\/FREZA-TANKER-600x194.png 600w, https:\/\/www.horomechanika.lt\/wp-content\/uploads\/2023\/01\/FREZA-TANKER-300x97.png 300w, https:\/\/www.horomechanika.lt\/wp-content\/uploads\/2023\/01\/FREZA-TANKER-768x248.png 768w, https:\/\/www.horomechanika.lt\/wp-content\/uploads\/2023\/01\/FREZA-TANKER-1536x496.png 1536w, https:\/\/www.horomechanika.lt\/wp-content\/uploads\/2023\/01\/FREZA-TANKER-2048x661.png 2048w, https:\/\/www.horomechanika.lt\/wp-content\/uploads\/2023\/01\/FREZA-TANKER-18x6.png 18w\" sizes=\"auto, (max-width: 895px) 100vw, 895px\" \/><\/a><\/p>","protected":false},"featured_media":13635,"comment_status":"open","ping_status":"closed","template":"","meta":[],"product_cat":[250,154],"product_tag":[],"class_list":["post-13631","product","type-product","status-publish","has-post-thumbnail","hentry","product_cat-frezos-misko-technika","product_cat-krumu-smulkintuvai"],"yoast_head":"<!-- This site is optimized with the Yoast SEO plugin v20.1 - https:\/\/yoast.com\/wordpress\/plugins\/seo\/ -->\n<title>FREZA TANKER | Horomechanika<\/title>\n<meta name=\"description\" content=\"Labai galinga mi\u0161ko\u00a0freza TANKER su tvirta konstrukcija, galintis susidoroti su bet kokiu \u017eem\u0117s \u016bkio darbu ir lengvomis mi\u0161ko u\u017eduotimis.\" \/>\n<meta name=\"robots\" content=\"index, follow, max-snippet:-1, max-image-preview:large, max-video-preview:-1\" \/>\n<link rel=\"canonical\" href=\"https:\/\/www.horomechanika.lt\/ru\/product\/freza-tanker\/\" \/>\n<meta property=\"og:locale\" content=\"ru_RU\" \/>\n<meta property=\"og:type\" content=\"article\" \/>\n<meta property=\"og:title\" content=\"FREZA TANKER | Horomechanika\" \/>\n<meta property=\"og:description\" content=\"Labai galinga mi\u0161ko\u00a0freza TANKER su tvirta konstrukcija, galintis susidoroti su bet kokiu \u017eem\u0117s \u016bkio darbu ir lengvomis mi\u0161ko u\u017eduotimis.\" \/>\n<meta property=\"og:url\" content=\"https:\/\/www.horomechanika.lt\/ru\/product\/freza-tanker\/\" \/>\n<meta property=\"og:site_name\" content=\"Horomechanika\" \/>\n<meta property=\"article:publisher\" content=\"https:\/\/www.facebook.com\/UAB-Horo-mechanika-177091812471952\" \/>\n<meta property=\"article:modified_time\" content=\"2023-01-09T10:57:28+00:00\" \/>\n<meta property=\"og:image\" content=\"https:\/\/www.horomechanika.lt\/wp-content\/uploads\/2023\/01\/FREZA-TANKER.jpg\" \/>\n\t<meta property=\"og:image:width\" content=\"1150\" \/>\n\t<meta property=\"og:image:height\" content=\"600\" \/>\n\t<meta property=\"og:image:type\" content=\"image\/jpeg\" \/>\n<meta name=\"twitter:card\" content=\"summary_large_image\" \/>\n<meta name=\"twitter:label1\" content=\"\u041f\u0440\u0438\u043c\u0435\u0440\u043d\u043e\u0435 \u0432\u0440\u0435\u043c\u044f \u0434\u043b\u044f \u0447\u0442\u0435\u043d\u0438\u044f\" \/>\n\t<meta name=\"twitter:data1\" content=\"2 \u043c\u0438\u043d\u0443\u0442\u044b\" \/>\n<script type=\"application\/ld+json\" class=\"yoast-schema-graph\">{\"@context\":\"https:\/\/schema.org\",\"@graph\":[{\"@type\":\"WebPage\",\"@id\":\"https:\/\/www.horomechanika.lt\/product\/freza-tanker\/\",\"url\":\"https:\/\/www.horomechanika.lt\/product\/freza-tanker\/\",\"name\":\"FREZA TANKER | Horomechanika\",\"isPartOf\":{\"@id\":\"https:\/\/www.horomechanika.lt\/#website\"},\"datePublished\":\"2023-01-09T10:02:29+00:00\",\"dateModified\":\"2023-01-09T10:57:28+00:00\",\"description\":\"Labai galinga mi\u0161ko\u00a0freza TANKER su tvirta konstrukcija, galintis susidoroti su bet kokiu \u017eem\u0117s \u016bkio darbu ir lengvomis mi\u0161ko u\u017eduotimis.\",\"breadcrumb\":{\"@id\":\"https:\/\/www.horomechanika.lt\/product\/freza-tanker\/#breadcrumb\"},\"inLanguage\":\"ru-RU\",\"potentialAction\":[{\"@type\":\"ReadAction\",\"target\":[\"https:\/\/www.horomechanika.lt\/product\/freza-tanker\/\"]}]},{\"@type\":\"BreadcrumbList\",\"@id\":\"https:\/\/www.horomechanika.lt\/product\/freza-tanker\/#breadcrumb\",\"itemListElement\":[{\"@type\":\"ListItem\",\"position\":1,\"name\":\"Home\",\"item\":\"https:\/\/www.horomechanika.lt\/\"},{\"@type\":\"ListItem\",\"position\":2,\"name\":\"Shop\",\"item\":\"https:\/\/www.horomechanika.lt\/ru\/shop-2\/\"},{\"@type\":\"ListItem\",\"position\":3,\"name\":\"FREZA TANKER\"}]},{\"@type\":\"WebSite\",\"@id\":\"https:\/\/www.horomechanika.lt\/#website\",\"url\":\"https:\/\/www.horomechanika.lt\/\",\"name\":\"Horomechanika\",\"description\":\"\u017dem\u0117s \u016akio Technika\",\"publisher\":{\"@id\":\"https:\/\/www.horomechanika.lt\/#organization\"},\"potentialAction\":[{\"@type\":\"SearchAction\",\"target\":{\"@type\":\"EntryPoint\",\"urlTemplate\":\"https:\/\/www.horomechanika.lt\/?s={search_term_string}\"},\"query-input\":\"required name=search_term_string\"}],\"inLanguage\":\"ru-RU\"},{\"@type\":\"Organization\",\"@id\":\"https:\/\/www.horomechanika.lt\/#organization\",\"name\":\"UAB \\\"Horo mechanika\\\"\",\"url\":\"https:\/\/www.horomechanika.lt\/\",\"logo\":{\"@type\":\"ImageObject\",\"inLanguage\":\"ru-RU\",\"@id\":\"https:\/\/www.horomechanika.lt\/#\/schema\/logo\/image\/\",\"url\":\"https:\/\/www.horomechanika.lt\/wp-content\/uploads\/2020\/05\/horomechanika-logo.png\",\"contentUrl\":\"https:\/\/www.horomechanika.lt\/wp-content\/uploads\/2020\/05\/horomechanika-logo.png\",\"width\":137,\"height\":56,\"caption\":\"UAB \\\"Horo mechanika\\\"\"},\"image\":{\"@id\":\"https:\/\/www.horomechanika.lt\/#\/schema\/logo\/image\/\"},\"sameAs\":[\"https:\/\/www.facebook.com\/UAB-Horo-mechanika-177091812471952\"]}]}<\/script>\n<!-- \/ Yoast SEO plugin. -->","yoast_head_json":{"title":"FREZA TANKER | Horomechanika","description":"Labai galinga mi\u0161ko\u00a0freza TANKER su tvirta konstrukcija, galintis susidoroti su bet kokiu \u017eem\u0117s \u016bkio darbu ir lengvomis mi\u0161ko u\u017eduotimis.","robots":{"index":"index","follow":"follow","max-snippet":"max-snippet:-1","max-image-preview":"max-image-preview:large","max-video-preview":"max-video-preview:-1"},"canonical":"https:\/\/www.horomechanika.lt\/ru\/product\/freza-tanker\/","og_locale":"ru_RU","og_type":"article","og_title":"FREZA TANKER | Horomechanika","og_description":"Labai galinga mi\u0161ko\u00a0freza TANKER su tvirta konstrukcija, galintis susidoroti su bet kokiu \u017eem\u0117s \u016bkio darbu ir lengvomis mi\u0161ko u\u017eduotimis.","og_url":"https:\/\/www.horomechanika.lt\/ru\/product\/freza-tanker\/","og_site_name":"Horomechanika","article_publisher":"https:\/\/www.facebook.com\/UAB-Horo-mechanika-177091812471952","article_modified_time":"2023-01-09T10:57:28+00:00","og_image":[{"width":1150,"height":600,"url":"https:\/\/www.horomechanika.lt\/wp-content\/uploads\/2023\/01\/FREZA-TANKER.jpg","type":"image\/jpeg"}],"twitter_card":"summary_large_image","twitter_misc":{"\u041f\u0440\u0438\u043c\u0435\u0440\u043d\u043e\u0435 \u0432\u0440\u0435\u043c\u044f \u0434\u043b\u044f \u0447\u0442\u0435\u043d\u0438\u044f":"2 \u043c\u0438\u043d\u0443\u0442\u044b"},"schema":{"@context":"https:\/\/schema.org","@graph":[{"@type":"WebPage","@id":"https:\/\/www.horomechanika.lt\/product\/freza-tanker\/","url":"https:\/\/www.horomechanika.lt\/product\/freza-tanker\/","name":"FREZA TANKER | Horomechanika","isPartOf":{"@id":"https:\/\/www.horomechanika.lt\/#website"},"datePublished":"2023-01-09T10:02:29+00:00","dateModified":"2023-01-09T10:57:28+00:00","description":"Labai galinga mi\u0161ko\u00a0freza TANKER su tvirta konstrukcija, galintis susidoroti su bet kokiu \u017eem\u0117s \u016bkio darbu ir lengvomis mi\u0161ko u\u017eduotimis.","breadcrumb":{"@id":"https:\/\/www.horomechanika.lt\/product\/freza-tanker\/#breadcrumb"},"inLanguage":"ru-RU","potentialAction":[{"@type":"ReadAction","target":["https:\/\/www.horomechanika.lt\/product\/freza-tanker\/"]}]},{"@type":"BreadcrumbList","@id":"https:\/\/www.horomechanika.lt\/product\/freza-tanker\/#breadcrumb","itemListElement":[{"@type":"ListItem","position":1,"name":"Home","item":"https:\/\/www.horomechanika.lt\/"},{"@type":"ListItem","position":2,"name":"Shop","item":"https:\/\/www.horomechanika.lt\/ru\/shop-2\/"},{"@type":"ListItem","position":3,"name":"FREZA TANKER"}]},{"@type":"WebSite","@id":"https:\/\/www.horomechanika.lt\/#website","url":"https:\/\/www.horomechanika.lt\/","name":"Horomechanika","description":"\u017dem\u0117s \u016akio Technika","publisher":{"@id":"https:\/\/www.horomechanika.lt\/#organization"},"potentialAction":[{"@type":"SearchAction","target":{"@type":"EntryPoint","urlTemplate":"https:\/\/www.horomechanika.lt\/?s={search_term_string}"},"query-input":"required name=search_term_string"}],"inLanguage":"ru-RU"},{"@type":"Organization","@id":"https:\/\/www.horomechanika.lt\/#organization","name":"UAB \"Horo mechanika\"","url":"https:\/\/www.horomechanika.lt\/","logo":{"@type":"ImageObject","inLanguage":"ru-RU","@id":"https:\/\/www.horomechanika.lt\/#\/schema\/logo\/image\/","url":"https:\/\/www.horomechanika.lt\/wp-content\/uploads\/2020\/05\/horomechanika-logo.png","contentUrl":"https:\/\/www.horomechanika.lt\/wp-content\/uploads\/2020\/05\/horomechanika-logo.png","width":137,"height":56,"caption":"UAB \"Horo mechanika\""},"image":{"@id":"https:\/\/www.horomechanika.lt\/#\/schema\/logo\/image\/"},"sameAs":["https:\/\/www.facebook.com\/UAB-Horo-mechanika-177091812471952"]}]}},"_links":{"self":[{"href":"https:\/\/www.horomechanika.lt\/ru\/wp-json\/wp\/v2\/product\/13631","targetHints":{"allow":["GET"]}}],"collection":[{"href":"https:\/\/www.horomechanika.lt\/ru\/wp-json\/wp\/v2\/product"}],"about":[{"href":"https:\/\/www.horomechanika.lt\/ru\/wp-json\/wp\/v2\/types\/product"}],"replies":[{"embeddable":true,"href":"https:\/\/www.horomechanika.lt\/ru\/wp-json\/wp\/v2\/comments?post=13631"}],"wp:featuredmedia":[{"embeddable":true,"href":"https:\/\/www.horomechanika.lt\/ru\/wp-json\/wp\/v2\/media\/13635"}],"wp:attachment":[{"href":"https:\/\/www.horomechanika.lt\/ru\/wp-json\/wp\/v2\/media?parent=13631"}],"wp:term":[{"taxonomy":"product_cat","embeddable":true,"href":"https:\/\/www.horomechanika.lt\/ru\/wp-json\/wp\/v2\/product_cat?post=13631"},{"taxonomy":"product_tag","embeddable":true,"href":"https:\/\/www.horomechanika.lt\/ru\/wp-json\/wp\/v2\/product_tag?post=13631"}],"curies":[{"name":"wp","href":"https:\/\/api.w.org\/{rel}","templated":true}]}}