{"id":13648,"date":"2023-01-09T17:27:56","date_gmt":"2023-01-09T14:27:56","guid":{"rendered":"https:\/\/www.horomechanika.lt\/?post_type=product&#038;p=13648"},"modified":"2023-01-09T17:38:01","modified_gmt":"2023-01-09T14:38:01","slug":"freza-super-diamond","status":"publish","type":"product","link":"https:\/\/www.horomechanika.lt\/ru\/product\/freza-super-diamond\/","title":{"rendered":"FREZA SUPER DIAMOND"},"content":{"rendered":"<p>FREZA SUPER DIAMOND su fiksuotais plaktukais ant rotoriaus,\u00a0sukurtas naudoti mi\u0161kininkyst\u0117je d\u0117l itin tvirto vis\u0173 ma\u0161inos dali\u0173. Tinka frezuoti net iki 40 cm kelmus.<\/p>\n<p>STANDARTIN\u0116 \u012eRANGA FREZA SUPER DIAMOND<br \/>\n\u2013 30 mm storio plaktuk\u0173 rotorius su fiksuotais kaltais.<br \/>\n\u2013 Freza su nuimamomis apsaugomis, kad b\u016bt\u0173 galima geriau pri\u017ei\u016br\u0117ti ir aptarnauti.<br \/>\n\u2013 Rotorius su 4 eil\u0117mis spiralini\u0173 plaktuk\u0173.<br \/>\n\u2013 Fiksuota centrin\u0117 traukl\u0117 CAT III.<br \/>\n\u2013 Itin tvirta pavar\u0173 d\u0117\u017e\u0117 su laisva eiga.<br \/>\n\u2013 Labai atspari pava\u017ea, apsauganti nuo nusid\u0117v\u0117jimo.<br \/>\n\u2013 Rotorius su svyruojan\u010di\u0173 guoli\u0173 atramomis, didelio patvarumo modelio 22318.<br \/>\n\u2013 3 eil\u0117s kei\u010diam\u0173 plaktuk\u0173.<br \/>\n\u2013 Ventiliuojami dir\u017eai su nuimama k\u016bgine stebule.<br \/>\n\u2013 Nuo nusid\u0117v\u0117jimo reguliuojami slydimai.<br \/>\n\u2013 Hidraulinis galinis dangtis su dviem cilindrais.<br \/>\n\u2013 Dvipus\u0117 transmisija su dantytais dir\u017eais C tipo visuose modeliuose.<br \/>\n\u2013 Priekin\u0117 ir galin\u0117 apsauga su grandin\u0117mis.<br \/>\n\u2013 Vik\u0161ro kai\u0161\u010diai ir kardaninis velenas.<br \/>\n\u2013 Paruo\u0161ta traktoriams, kuri\u0173 galios kilimas yra 1000 aps.\/min.<br \/>\n\u2013 Nelaiming\u0173 atsitikim\u0173 prevencijos priemon\u0117s pagal CE reglamentus.<\/p>\n<p>NB Machinery yra \u012fsipareigojusi gaminti \u017eem\u0117s \u016bkio ir mi\u0161kininkyst\u0117s technik\u0105. Did\u017eiausi\u0105 d\u0117mes\u012f skiriame sodams, vynuogynams, dideliems lauko pas\u0117liams, kra\u0161tovaizd\u017eiui ir mi\u0161kininkystei. Trijose gamybos vietose \u201eNB Machinery\u201c dirba daugiau nei 60 auk\u0161tos kvalifikacijos specialist\u0173, o tai yra esminis ma\u0161inos sraigtelis, leid\u017eiantis \u012fmonei toliau augti, taip pat galinti pasi\u016blyti platesn\u012f produkt\u0173 spektr\u0105 visame pasaulyje.<\/p>\n<p>Pagal pono Angelo Serrate&#8217;o p\u0117dsakus m\u016bs\u0173 \u012fmon\u0117 nustat\u0117 kokyb\u0119 ir inovacijas kaip prek\u0117s \u017eenkl\u0105, sekdama keli\u0105 nuo t\u0173 ankstyv\u0173j\u0173 dien\u0173, kai t\u0117vas perdav\u0117 savo \u017einias dabartiniam \u201e<a href=\"https:\/\/niubo.info\/en\/cat\/agricultural\/landscaping\/mulchers-landscaping\/\">NB Machinery<\/a>\u201c generaliniam direktoriui Jordi Serrate.\u00a0NB Machinery yra \u012fsipareigojusi gaminti \u017eem\u0117s \u016bkio ir mi\u0161kininkyst\u0117s technik\u0105. Did\u017eiausi\u0105 d\u0117mes\u012f skiriame sodams, vynuogynams, dideliems lauko pas\u0117liams, kra\u0161tovaizd\u017eiui ir mi\u0161kininkystei. Trijose gamybos vietose \u201eNB Machinery\u201c dirba daugiau nei 60 auk\u0161tos kvalifikacijos specialist\u0173, o tai yra esminis ma\u0161inos sraigtelis, leid\u017eiantis \u012fmonei toliau augti, taip pat galinti pasi\u016blyti platesn\u012f produkt\u0173 spektr\u0105 visame pasaulyje.<\/p>\n<p><iframe loading=\"lazy\" title=\"TRITURADORA FORESTAL SUPER DIAMOND CON EMBRAGUES HIDRODIN\u00c1MICOS - Niubo Machinery\" width=\"895\" height=\"503\" src=\"https:\/\/www.youtube.com\/embed\/eVFDHLBq0v8?feature=oembed\" frameborder=\"0\" allow=\"accelerometer; autoplay; clipboard-write; encrypted-media; gyroscope; picture-in-picture; web-share\" allowfullscreen><\/iframe><\/p>","protected":false},"excerpt":{"rendered":"<p><a href=\"https:\/\/www.horomechanika.lt\/wp-content\/uploads\/2023\/01\/SUPER-DIAMOND.png\"><img loading=\"lazy\" decoding=\"async\" class=\"size-large wp-image-13649\" src=\"https:\/\/www.horomechanika.lt\/wp-content\/uploads\/2023\/01\/SUPER-DIAMOND-1024x317.png\" alt=\"FREZA SUPER DIAMOND\" width=\"895\" height=\"277\" srcset=\"https:\/\/www.horomechanika.lt\/wp-content\/uploads\/2023\/01\/SUPER-DIAMOND-1024x317.png 1024w, https:\/\/www.horomechanika.lt\/wp-content\/uploads\/2023\/01\/SUPER-DIAMOND-600x186.png 600w, https:\/\/www.horomechanika.lt\/wp-content\/uploads\/2023\/01\/SUPER-DIAMOND-300x93.png 300w, https:\/\/www.horomechanika.lt\/wp-content\/uploads\/2023\/01\/SUPER-DIAMOND-768x238.png 768w, https:\/\/www.horomechanika.lt\/wp-content\/uploads\/2023\/01\/SUPER-DIAMOND-1536x476.png 1536w, https:\/\/www.horomechanika.lt\/wp-content\/uploads\/2023\/01\/SUPER-DIAMOND-2048x634.png 2048w, https:\/\/www.horomechanika.lt\/wp-content\/uploads\/2023\/01\/SUPER-DIAMOND-18x6.png 18w\" sizes=\"auto, (max-width: 895px) 100vw, 895px\" \/><\/a><\/p>","protected":false},"featured_media":13651,"comment_status":"open","ping_status":"closed","template":"","meta":[],"product_cat":[250,154],"product_tag":[],"class_list":["post-13648","product","type-product","status-publish","has-post-thumbnail","hentry","product_cat-frezos-misko-technika","product_cat-krumu-smulkintuvai"],"yoast_head":"<!-- This site is optimized with the Yoast SEO plugin v20.1 - https:\/\/yoast.com\/wordpress\/plugins\/seo\/ -->\n<title>FREZA SUPER DIAMOND | Horomechanika<\/title>\n<meta name=\"description\" content=\"FREZA DIAMOND su fiksuotais plaktukais ant rotoriaus,\u00a0sukurtas naudoti mi\u0161kininkyst\u0117je d\u0117l itin tvirto vis\u0173 ma\u0161inos dali\u0173.Tinka frezuoti 35 cm\" \/>\n<meta name=\"robots\" content=\"index, follow, max-snippet:-1, max-image-preview:large, max-video-preview:-1\" \/>\n<link rel=\"canonical\" href=\"https:\/\/www.horomechanika.lt\/ru\/product\/freza-super-diamond\/\" \/>\n<meta property=\"og:locale\" content=\"ru_RU\" \/>\n<meta property=\"og:type\" content=\"article\" \/>\n<meta property=\"og:title\" content=\"FREZA SUPER DIAMOND | Horomechanika\" \/>\n<meta property=\"og:description\" content=\"FREZA DIAMOND su fiksuotais plaktukais ant rotoriaus,\u00a0sukurtas naudoti mi\u0161kininkyst\u0117je d\u0117l itin tvirto vis\u0173 ma\u0161inos dali\u0173.Tinka frezuoti 35 cm\" \/>\n<meta property=\"og:url\" content=\"https:\/\/www.horomechanika.lt\/ru\/product\/freza-super-diamond\/\" \/>\n<meta property=\"og:site_name\" content=\"Horomechanika\" \/>\n<meta property=\"article:publisher\" content=\"https:\/\/www.facebook.com\/UAB-Horo-mechanika-177091812471952\" \/>\n<meta property=\"article:modified_time\" content=\"2023-01-09T14:38:01+00:00\" \/>\n<meta property=\"og:image\" content=\"https:\/\/www.horomechanika.lt\/wp-content\/uploads\/2023\/01\/SUPER-DIAMOND.jpg\" \/>\n\t<meta property=\"og:image:width\" content=\"1150\" \/>\n\t<meta property=\"og:image:height\" content=\"600\" \/>\n\t<meta property=\"og:image:type\" content=\"image\/jpeg\" \/>\n<meta name=\"twitter:card\" content=\"summary_large_image\" \/>\n<meta name=\"twitter:label1\" content=\"\u041f\u0440\u0438\u043c\u0435\u0440\u043d\u043e\u0435 \u0432\u0440\u0435\u043c\u044f \u0434\u043b\u044f \u0447\u0442\u0435\u043d\u0438\u044f\" \/>\n\t<meta name=\"twitter:data1\" content=\"2 \u043c\u0438\u043d\u0443\u0442\u044b\" \/>\n<script type=\"application\/ld+json\" class=\"yoast-schema-graph\">{\"@context\":\"https:\/\/schema.org\",\"@graph\":[{\"@type\":\"WebPage\",\"@id\":\"https:\/\/www.horomechanika.lt\/product\/freza-super-diamond\/\",\"url\":\"https:\/\/www.horomechanika.lt\/product\/freza-super-diamond\/\",\"name\":\"FREZA SUPER DIAMOND | Horomechanika\",\"isPartOf\":{\"@id\":\"https:\/\/www.horomechanika.lt\/#website\"},\"datePublished\":\"2023-01-09T14:27:56+00:00\",\"dateModified\":\"2023-01-09T14:38:01+00:00\",\"description\":\"FREZA DIAMOND su fiksuotais plaktukais ant rotoriaus,\u00a0sukurtas naudoti mi\u0161kininkyst\u0117je d\u0117l itin tvirto vis\u0173 ma\u0161inos dali\u0173.Tinka frezuoti 35 cm\",\"breadcrumb\":{\"@id\":\"https:\/\/www.horomechanika.lt\/product\/freza-super-diamond\/#breadcrumb\"},\"inLanguage\":\"ru-RU\",\"potentialAction\":[{\"@type\":\"ReadAction\",\"target\":[\"https:\/\/www.horomechanika.lt\/product\/freza-super-diamond\/\"]}]},{\"@type\":\"BreadcrumbList\",\"@id\":\"https:\/\/www.horomechanika.lt\/product\/freza-super-diamond\/#breadcrumb\",\"itemListElement\":[{\"@type\":\"ListItem\",\"position\":1,\"name\":\"Home\",\"item\":\"https:\/\/www.horomechanika.lt\/\"},{\"@type\":\"ListItem\",\"position\":2,\"name\":\"Shop\",\"item\":\"https:\/\/www.horomechanika.lt\/ru\/shop-2\/\"},{\"@type\":\"ListItem\",\"position\":3,\"name\":\"FREZA SUPER DIAMOND\"}]},{\"@type\":\"WebSite\",\"@id\":\"https:\/\/www.horomechanika.lt\/#website\",\"url\":\"https:\/\/www.horomechanika.lt\/\",\"name\":\"Horomechanika\",\"description\":\"\u017dem\u0117s \u016akio Technika\",\"publisher\":{\"@id\":\"https:\/\/www.horomechanika.lt\/#organization\"},\"potentialAction\":[{\"@type\":\"SearchAction\",\"target\":{\"@type\":\"EntryPoint\",\"urlTemplate\":\"https:\/\/www.horomechanika.lt\/?s={search_term_string}\"},\"query-input\":\"required name=search_term_string\"}],\"inLanguage\":\"ru-RU\"},{\"@type\":\"Organization\",\"@id\":\"https:\/\/www.horomechanika.lt\/#organization\",\"name\":\"UAB \\\"Horo mechanika\\\"\",\"url\":\"https:\/\/www.horomechanika.lt\/\",\"logo\":{\"@type\":\"ImageObject\",\"inLanguage\":\"ru-RU\",\"@id\":\"https:\/\/www.horomechanika.lt\/#\/schema\/logo\/image\/\",\"url\":\"https:\/\/www.horomechanika.lt\/wp-content\/uploads\/2020\/05\/horomechanika-logo.png\",\"contentUrl\":\"https:\/\/www.horomechanika.lt\/wp-content\/uploads\/2020\/05\/horomechanika-logo.png\",\"width\":137,\"height\":56,\"caption\":\"UAB \\\"Horo mechanika\\\"\"},\"image\":{\"@id\":\"https:\/\/www.horomechanika.lt\/#\/schema\/logo\/image\/\"},\"sameAs\":[\"https:\/\/www.facebook.com\/UAB-Horo-mechanika-177091812471952\"]}]}<\/script>\n<!-- \/ Yoast SEO plugin. -->","yoast_head_json":{"title":"FREZA SUPER DIAMOND | Horomechanika","description":"FREZA DIAMOND su fiksuotais plaktukais ant rotoriaus,\u00a0sukurtas naudoti mi\u0161kininkyst\u0117je d\u0117l itin tvirto vis\u0173 ma\u0161inos dali\u0173.Tinka frezuoti 35 cm","robots":{"index":"index","follow":"follow","max-snippet":"max-snippet:-1","max-image-preview":"max-image-preview:large","max-video-preview":"max-video-preview:-1"},"canonical":"https:\/\/www.horomechanika.lt\/ru\/product\/freza-super-diamond\/","og_locale":"ru_RU","og_type":"article","og_title":"FREZA SUPER DIAMOND | Horomechanika","og_description":"FREZA DIAMOND su fiksuotais plaktukais ant rotoriaus,\u00a0sukurtas naudoti mi\u0161kininkyst\u0117je d\u0117l itin tvirto vis\u0173 ma\u0161inos dali\u0173.Tinka frezuoti 35 cm","og_url":"https:\/\/www.horomechanika.lt\/ru\/product\/freza-super-diamond\/","og_site_name":"Horomechanika","article_publisher":"https:\/\/www.facebook.com\/UAB-Horo-mechanika-177091812471952","article_modified_time":"2023-01-09T14:38:01+00:00","og_image":[{"width":1150,"height":600,"url":"https:\/\/www.horomechanika.lt\/wp-content\/uploads\/2023\/01\/SUPER-DIAMOND.jpg","type":"image\/jpeg"}],"twitter_card":"summary_large_image","twitter_misc":{"\u041f\u0440\u0438\u043c\u0435\u0440\u043d\u043e\u0435 \u0432\u0440\u0435\u043c\u044f \u0434\u043b\u044f \u0447\u0442\u0435\u043d\u0438\u044f":"2 \u043c\u0438\u043d\u0443\u0442\u044b"},"schema":{"@context":"https:\/\/schema.org","@graph":[{"@type":"WebPage","@id":"https:\/\/www.horomechanika.lt\/product\/freza-super-diamond\/","url":"https:\/\/www.horomechanika.lt\/product\/freza-super-diamond\/","name":"FREZA SUPER DIAMOND | Horomechanika","isPartOf":{"@id":"https:\/\/www.horomechanika.lt\/#website"},"datePublished":"2023-01-09T14:27:56+00:00","dateModified":"2023-01-09T14:38:01+00:00","description":"FREZA DIAMOND su fiksuotais plaktukais ant rotoriaus,\u00a0sukurtas naudoti mi\u0161kininkyst\u0117je d\u0117l itin tvirto vis\u0173 ma\u0161inos dali\u0173.Tinka frezuoti 35 cm","breadcrumb":{"@id":"https:\/\/www.horomechanika.lt\/product\/freza-super-diamond\/#breadcrumb"},"inLanguage":"ru-RU","potentialAction":[{"@type":"ReadAction","target":["https:\/\/www.horomechanika.lt\/product\/freza-super-diamond\/"]}]},{"@type":"BreadcrumbList","@id":"https:\/\/www.horomechanika.lt\/product\/freza-super-diamond\/#breadcrumb","itemListElement":[{"@type":"ListItem","position":1,"name":"Home","item":"https:\/\/www.horomechanika.lt\/"},{"@type":"ListItem","position":2,"name":"Shop","item":"https:\/\/www.horomechanika.lt\/ru\/shop-2\/"},{"@type":"ListItem","position":3,"name":"FREZA SUPER DIAMOND"}]},{"@type":"WebSite","@id":"https:\/\/www.horomechanika.lt\/#website","url":"https:\/\/www.horomechanika.lt\/","name":"Horomechanika","description":"\u017dem\u0117s \u016akio Technika","publisher":{"@id":"https:\/\/www.horomechanika.lt\/#organization"},"potentialAction":[{"@type":"SearchAction","target":{"@type":"EntryPoint","urlTemplate":"https:\/\/www.horomechanika.lt\/?s={search_term_string}"},"query-input":"required name=search_term_string"}],"inLanguage":"ru-RU"},{"@type":"Organization","@id":"https:\/\/www.horomechanika.lt\/#organization","name":"UAB \"Horo mechanika\"","url":"https:\/\/www.horomechanika.lt\/","logo":{"@type":"ImageObject","inLanguage":"ru-RU","@id":"https:\/\/www.horomechanika.lt\/#\/schema\/logo\/image\/","url":"https:\/\/www.horomechanika.lt\/wp-content\/uploads\/2020\/05\/horomechanika-logo.png","contentUrl":"https:\/\/www.horomechanika.lt\/wp-content\/uploads\/2020\/05\/horomechanika-logo.png","width":137,"height":56,"caption":"UAB \"Horo mechanika\""},"image":{"@id":"https:\/\/www.horomechanika.lt\/#\/schema\/logo\/image\/"},"sameAs":["https:\/\/www.facebook.com\/UAB-Horo-mechanika-177091812471952"]}]}},"_links":{"self":[{"href":"https:\/\/www.horomechanika.lt\/ru\/wp-json\/wp\/v2\/product\/13648","targetHints":{"allow":["GET"]}}],"collection":[{"href":"https:\/\/www.horomechanika.lt\/ru\/wp-json\/wp\/v2\/product"}],"about":[{"href":"https:\/\/www.horomechanika.lt\/ru\/wp-json\/wp\/v2\/types\/product"}],"replies":[{"embeddable":true,"href":"https:\/\/www.horomechanika.lt\/ru\/wp-json\/wp\/v2\/comments?post=13648"}],"wp:featuredmedia":[{"embeddable":true,"href":"https:\/\/www.horomechanika.lt\/ru\/wp-json\/wp\/v2\/media\/13651"}],"wp:attachment":[{"href":"https:\/\/www.horomechanika.lt\/ru\/wp-json\/wp\/v2\/media?parent=13648"}],"wp:term":[{"taxonomy":"product_cat","embeddable":true,"href":"https:\/\/www.horomechanika.lt\/ru\/wp-json\/wp\/v2\/product_cat?post=13648"},{"taxonomy":"product_tag","embeddable":true,"href":"https:\/\/www.horomechanika.lt\/ru\/wp-json\/wp\/v2\/product_tag?post=13648"}],"curies":[{"name":"wp","href":"https:\/\/api.w.org\/{rel}","templated":true}]}}