{"id":13653,"date":"2023-01-10T11:53:47","date_gmt":"2023-01-10T08:53:47","guid":{"rendered":"https:\/\/www.horomechanika.lt\/?post_type=product&#038;p=13653"},"modified":"2023-01-10T12:36:07","modified_gmt":"2023-01-10T09:36:07","slug":"freza-destroy","status":"publish","type":"product","link":"https:\/\/www.horomechanika.lt\/ru\/product\/freza-destroy\/","title":{"rendered":"FREZA DESTROY"},"content":{"rendered":"<p>Mi\u0161kininkyst\u0117s FREZA DESTROY yra daugiafunkcinis ir yra skirtas tiek giluminiam darbui iki (250-300mm), tiek mi\u0161ko mul\u010diavimui.<\/p>\n<p>STANDARTIN\u0116 \u012eRANGA<br \/>\n\u2013 Centrinis fiksuotas trij\u0173 ta\u0161k\u0173 kablys CAT III.<br \/>\n\u2013 Speciali pavar\u0173 d\u0117\u017e\u0117 su alyvos au\u0161intuvu.<br \/>\n\u2013 Vidinis r\u0117mas padengtas kei\u010diamomis Hardox plok\u0161t\u0117mis.<br \/>\n\u2013 Nuimamas galin\u0117s stebul\u0117s rotorius.<br \/>\n\u2013 \u201eHardox\u201c slydimo pava\u017eos.<br \/>\n\u2013 Pava\u017eos su kei\u010diamomis priekin\u0117mis ment\u0117mis \u201eHardox\u201c, leid\u017eian\u010diomis prasiskverbti \u012f \u017eem\u0119 .<br \/>\n\u2013 Plaktuko atramos, pagamintos i\u0161 Hardox su unikalia plei\u0161to geometrija, kuri pagerina darb\u0105 frezavimo re\u017eimu.<br \/>\n\u2013 I\u0161skirtiniai Niubo plaktukai, sukurti specialiai darbui gilumoje.<br \/>\n\u2013 Siauresnis dir\u017e\u0173 korpusas su Hardox dyla\u010dia dalimi, kuris leid\u017eia geriau \u012fsiskverbti \u012f \u017eem\u0119.<br \/>\n\u2013 Dvigubo dir\u017eo transmisija su 2 itin na\u0161iais \u201ePolychain\u201c dir\u017eais.<br \/>\n\u2013 3 eil\u0117s Hardox prie\u0161prie\u0161ini\u0173 peili\u0173.<br \/>\n\u2013 Jungtys be tepimo ta\u0161k\u0173, su savaime sutepamomis \u012fvor\u0117mis visur.<br \/>\n\u2013 Kardaninis velenas su sukimo momento ribotuvu ir var\u017etais.<br \/>\n\u2013 Apsauga siekiant i\u0161vengti nelaiming\u0173 atsitikim\u0173 pagal EB reglamentus.<\/p>\n<p>NB Machinery yra \u012fsipareigojusi gaminti \u017eem\u0117s \u016bkio ir mi\u0161kininkyst\u0117s technik\u0105. Did\u017eiausi\u0105 d\u0117mes\u012f skiriame sodams, vynuogynams, dideliems lauko pas\u0117liams, kra\u0161tovaizd\u017eiui ir mi\u0161kininkystei. Trijose gamybos vietose \u201eNB Machinery\u201c dirba daugiau nei 60 auk\u0161tos kvalifikacijos specialist\u0173, o tai yra esminis ma\u0161inos sraigtelis, leid\u017eiantis \u012fmonei toliau augti, taip pat galinti pasi\u016blyti platesn\u012f produkt\u0173 spektr\u0105 visame pasaulyje.<\/p>\n<p>Pagal pono Angelo Serrate&#8217;o p\u0117dsakus m\u016bs\u0173 \u012fmon\u0117 nustat\u0117 kokyb\u0119 ir inovacijas kaip prek\u0117s \u017eenkl\u0105, sekdama keli\u0105 nuo t\u0173 ankstyv\u0173j\u0173 dien\u0173, kai t\u0117vas perdav\u0117 savo \u017einias dabartiniam \u201e<a href=\"https:\/\/niubo.info\/en\/cat\/agricultural\/landscaping\/mulchers-landscaping\/\">NB Machinery<\/a>\u201c generaliniam direktoriui Jordi Serrate.\u00a0NB Machinery yra \u012fsipareigojusi gaminti \u017eem\u0117s \u016bkio ir mi\u0161kininkyst\u0117s technik\u0105. Did\u017eiausi\u0105 d\u0117mes\u012f skiriame sodams, vynuogynams, dideliems lauko pas\u0117liams, kra\u0161tovaizd\u017eiui ir mi\u0161kininkystei. Trijose gamybos vietose \u201eNB Machinery\u201c dirba daugiau nei 60 auk\u0161tos kvalifikacijos specialist\u0173, o tai yra esminis ma\u0161inos sraigtelis, leid\u017eiantis \u012fmonei toliau augti, taip pat galinti pasi\u016blyti platesn\u012f produkt\u0173 spektr\u0105 visame pasaulyje.<\/p>\n<p><iframe loading=\"lazy\" title=\"SOIL MULCHER \u00b7 TRITURADORA \/ FRESADORA DE PROFUNDIDAD NIUBO - DESTROY\" width=\"895\" height=\"503\" src=\"https:\/\/www.youtube.com\/embed\/eQD0N7GcBiU?feature=oembed\" frameborder=\"0\" allow=\"accelerometer; autoplay; clipboard-write; encrypted-media; gyroscope; picture-in-picture; web-share\" allowfullscreen><\/iframe><\/p>","protected":false},"excerpt":{"rendered":"<div id=\"attachment_13654\" style=\"width: 905px\" class=\"wp-caption alignnone\"><a href=\"https:\/\/www.horomechanika.lt\/wp-content\/uploads\/2023\/01\/FREZA-DESTROY.png\"><img loading=\"lazy\" decoding=\"async\" aria-describedby=\"caption-attachment-13654\" class=\"size-large wp-image-13654\" src=\"https:\/\/www.horomechanika.lt\/wp-content\/uploads\/2023\/01\/FREZA-DESTROY-1024x303.png\" alt=\"FREZA DESTROY\" width=\"895\" height=\"265\" srcset=\"https:\/\/www.horomechanika.lt\/wp-content\/uploads\/2023\/01\/FREZA-DESTROY-1024x303.png 1024w, https:\/\/www.horomechanika.lt\/wp-content\/uploads\/2023\/01\/FREZA-DESTROY-600x177.png 600w, https:\/\/www.horomechanika.lt\/wp-content\/uploads\/2023\/01\/FREZA-DESTROY-300x89.png 300w, https:\/\/www.horomechanika.lt\/wp-content\/uploads\/2023\/01\/FREZA-DESTROY-768x227.png 768w, https:\/\/www.horomechanika.lt\/wp-content\/uploads\/2023\/01\/FREZA-DESTROY-1536x454.png 1536w, https:\/\/www.horomechanika.lt\/wp-content\/uploads\/2023\/01\/FREZA-DESTROY-2048x605.png 2048w, https:\/\/www.horomechanika.lt\/wp-content\/uploads\/2023\/01\/FREZA-DESTROY-18x5.png 18w\" sizes=\"auto, (max-width: 895px) 100vw, 895px\" \/><\/a><\/p>\n<p id=\"caption-attachment-13654\" class=\"wp-caption-text\">FREZA DESTROY<\/p>\n<\/div>","protected":false},"featured_media":13656,"comment_status":"open","ping_status":"closed","template":"","meta":[],"product_cat":[250,154],"product_tag":[],"class_list":["post-13653","product","type-product","status-publish","has-post-thumbnail","hentry","product_cat-frezos-misko-technika","product_cat-krumu-smulkintuvai"],"yoast_head":"<!-- This site is optimized with the Yoast SEO plugin v20.1 - https:\/\/yoast.com\/wordpress\/plugins\/seo\/ -->\n<title>FREZA DESTROY | Horomechanika<\/title>\n<meta name=\"description\" content=\"Mi\u0161kininkyst\u0117s FREZA DESTROY yra daugiafunkcinis ir yra skirtas tiek giluminiam darbui iki (250-300mm), tiek mi\u0161ko mul\u010diavimui.\" \/>\n<meta name=\"robots\" content=\"index, follow, max-snippet:-1, max-image-preview:large, max-video-preview:-1\" \/>\n<link rel=\"canonical\" href=\"https:\/\/www.horomechanika.lt\/ru\/product\/freza-destroy\/\" \/>\n<meta property=\"og:locale\" content=\"ru_RU\" \/>\n<meta property=\"og:type\" content=\"article\" \/>\n<meta property=\"og:title\" content=\"FREZA DESTROY | Horomechanika\" \/>\n<meta property=\"og:description\" content=\"Mi\u0161kininkyst\u0117s FREZA DESTROY yra daugiafunkcinis ir yra skirtas tiek giluminiam darbui iki (250-300mm), tiek mi\u0161ko mul\u010diavimui.\" \/>\n<meta property=\"og:url\" content=\"https:\/\/www.horomechanika.lt\/ru\/product\/freza-destroy\/\" \/>\n<meta property=\"og:site_name\" content=\"Horomechanika\" \/>\n<meta property=\"article:publisher\" content=\"https:\/\/www.facebook.com\/UAB-Horo-mechanika-177091812471952\" \/>\n<meta property=\"article:modified_time\" content=\"2023-01-10T09:36:07+00:00\" \/>\n<meta property=\"og:image\" content=\"https:\/\/www.horomechanika.lt\/wp-content\/uploads\/2023\/01\/FREZA-DESTROY.jpg\" \/>\n\t<meta property=\"og:image:width\" content=\"1150\" \/>\n\t<meta property=\"og:image:height\" content=\"600\" \/>\n\t<meta property=\"og:image:type\" content=\"image\/jpeg\" \/>\n<meta name=\"twitter:card\" content=\"summary_large_image\" \/>\n<meta name=\"twitter:label1\" content=\"\u041f\u0440\u0438\u043c\u0435\u0440\u043d\u043e\u0435 \u0432\u0440\u0435\u043c\u044f \u0434\u043b\u044f \u0447\u0442\u0435\u043d\u0438\u044f\" \/>\n\t<meta name=\"twitter:data1\" content=\"2 \u043c\u0438\u043d\u0443\u0442\u044b\" \/>\n<script type=\"application\/ld+json\" class=\"yoast-schema-graph\">{\"@context\":\"https:\/\/schema.org\",\"@graph\":[{\"@type\":\"WebPage\",\"@id\":\"https:\/\/www.horomechanika.lt\/product\/freza-destroy\/\",\"url\":\"https:\/\/www.horomechanika.lt\/product\/freza-destroy\/\",\"name\":\"FREZA DESTROY | Horomechanika\",\"isPartOf\":{\"@id\":\"https:\/\/www.horomechanika.lt\/#website\"},\"datePublished\":\"2023-01-10T08:53:47+00:00\",\"dateModified\":\"2023-01-10T09:36:07+00:00\",\"description\":\"Mi\u0161kininkyst\u0117s FREZA DESTROY yra daugiafunkcinis ir yra skirtas tiek giluminiam darbui iki (250-300mm), tiek mi\u0161ko mul\u010diavimui.\",\"breadcrumb\":{\"@id\":\"https:\/\/www.horomechanika.lt\/product\/freza-destroy\/#breadcrumb\"},\"inLanguage\":\"ru-RU\",\"potentialAction\":[{\"@type\":\"ReadAction\",\"target\":[\"https:\/\/www.horomechanika.lt\/product\/freza-destroy\/\"]}]},{\"@type\":\"BreadcrumbList\",\"@id\":\"https:\/\/www.horomechanika.lt\/product\/freza-destroy\/#breadcrumb\",\"itemListElement\":[{\"@type\":\"ListItem\",\"position\":1,\"name\":\"Home\",\"item\":\"https:\/\/www.horomechanika.lt\/\"},{\"@type\":\"ListItem\",\"position\":2,\"name\":\"Shop\",\"item\":\"https:\/\/www.horomechanika.lt\/ru\/shop-2\/\"},{\"@type\":\"ListItem\",\"position\":3,\"name\":\"FREZA DESTROY\"}]},{\"@type\":\"WebSite\",\"@id\":\"https:\/\/www.horomechanika.lt\/#website\",\"url\":\"https:\/\/www.horomechanika.lt\/\",\"name\":\"Horomechanika\",\"description\":\"\u017dem\u0117s \u016akio Technika\",\"publisher\":{\"@id\":\"https:\/\/www.horomechanika.lt\/#organization\"},\"potentialAction\":[{\"@type\":\"SearchAction\",\"target\":{\"@type\":\"EntryPoint\",\"urlTemplate\":\"https:\/\/www.horomechanika.lt\/?s={search_term_string}\"},\"query-input\":\"required name=search_term_string\"}],\"inLanguage\":\"ru-RU\"},{\"@type\":\"Organization\",\"@id\":\"https:\/\/www.horomechanika.lt\/#organization\",\"name\":\"UAB \\\"Horo mechanika\\\"\",\"url\":\"https:\/\/www.horomechanika.lt\/\",\"logo\":{\"@type\":\"ImageObject\",\"inLanguage\":\"ru-RU\",\"@id\":\"https:\/\/www.horomechanika.lt\/#\/schema\/logo\/image\/\",\"url\":\"https:\/\/www.horomechanika.lt\/wp-content\/uploads\/2020\/05\/horomechanika-logo.png\",\"contentUrl\":\"https:\/\/www.horomechanika.lt\/wp-content\/uploads\/2020\/05\/horomechanika-logo.png\",\"width\":137,\"height\":56,\"caption\":\"UAB \\\"Horo mechanika\\\"\"},\"image\":{\"@id\":\"https:\/\/www.horomechanika.lt\/#\/schema\/logo\/image\/\"},\"sameAs\":[\"https:\/\/www.facebook.com\/UAB-Horo-mechanika-177091812471952\"]}]}<\/script>\n<!-- \/ Yoast SEO plugin. -->","yoast_head_json":{"title":"FREZA DESTROY | Horomechanika","description":"Mi\u0161kininkyst\u0117s FREZA DESTROY yra daugiafunkcinis ir yra skirtas tiek giluminiam darbui iki (250-300mm), tiek mi\u0161ko mul\u010diavimui.","robots":{"index":"index","follow":"follow","max-snippet":"max-snippet:-1","max-image-preview":"max-image-preview:large","max-video-preview":"max-video-preview:-1"},"canonical":"https:\/\/www.horomechanika.lt\/ru\/product\/freza-destroy\/","og_locale":"ru_RU","og_type":"article","og_title":"FREZA DESTROY | Horomechanika","og_description":"Mi\u0161kininkyst\u0117s FREZA DESTROY yra daugiafunkcinis ir yra skirtas tiek giluminiam darbui iki (250-300mm), tiek mi\u0161ko mul\u010diavimui.","og_url":"https:\/\/www.horomechanika.lt\/ru\/product\/freza-destroy\/","og_site_name":"Horomechanika","article_publisher":"https:\/\/www.facebook.com\/UAB-Horo-mechanika-177091812471952","article_modified_time":"2023-01-10T09:36:07+00:00","og_image":[{"width":1150,"height":600,"url":"https:\/\/www.horomechanika.lt\/wp-content\/uploads\/2023\/01\/FREZA-DESTROY.jpg","type":"image\/jpeg"}],"twitter_card":"summary_large_image","twitter_misc":{"\u041f\u0440\u0438\u043c\u0435\u0440\u043d\u043e\u0435 \u0432\u0440\u0435\u043c\u044f \u0434\u043b\u044f \u0447\u0442\u0435\u043d\u0438\u044f":"2 \u043c\u0438\u043d\u0443\u0442\u044b"},"schema":{"@context":"https:\/\/schema.org","@graph":[{"@type":"WebPage","@id":"https:\/\/www.horomechanika.lt\/product\/freza-destroy\/","url":"https:\/\/www.horomechanika.lt\/product\/freza-destroy\/","name":"FREZA DESTROY | Horomechanika","isPartOf":{"@id":"https:\/\/www.horomechanika.lt\/#website"},"datePublished":"2023-01-10T08:53:47+00:00","dateModified":"2023-01-10T09:36:07+00:00","description":"Mi\u0161kininkyst\u0117s FREZA DESTROY yra daugiafunkcinis ir yra skirtas tiek giluminiam darbui iki (250-300mm), tiek mi\u0161ko mul\u010diavimui.","breadcrumb":{"@id":"https:\/\/www.horomechanika.lt\/product\/freza-destroy\/#breadcrumb"},"inLanguage":"ru-RU","potentialAction":[{"@type":"ReadAction","target":["https:\/\/www.horomechanika.lt\/product\/freza-destroy\/"]}]},{"@type":"BreadcrumbList","@id":"https:\/\/www.horomechanika.lt\/product\/freza-destroy\/#breadcrumb","itemListElement":[{"@type":"ListItem","position":1,"name":"Home","item":"https:\/\/www.horomechanika.lt\/"},{"@type":"ListItem","position":2,"name":"Shop","item":"https:\/\/www.horomechanika.lt\/ru\/shop-2\/"},{"@type":"ListItem","position":3,"name":"FREZA DESTROY"}]},{"@type":"WebSite","@id":"https:\/\/www.horomechanika.lt\/#website","url":"https:\/\/www.horomechanika.lt\/","name":"Horomechanika","description":"\u017dem\u0117s \u016akio Technika","publisher":{"@id":"https:\/\/www.horomechanika.lt\/#organization"},"potentialAction":[{"@type":"SearchAction","target":{"@type":"EntryPoint","urlTemplate":"https:\/\/www.horomechanika.lt\/?s={search_term_string}"},"query-input":"required name=search_term_string"}],"inLanguage":"ru-RU"},{"@type":"Organization","@id":"https:\/\/www.horomechanika.lt\/#organization","name":"UAB \"Horo mechanika\"","url":"https:\/\/www.horomechanika.lt\/","logo":{"@type":"ImageObject","inLanguage":"ru-RU","@id":"https:\/\/www.horomechanika.lt\/#\/schema\/logo\/image\/","url":"https:\/\/www.horomechanika.lt\/wp-content\/uploads\/2020\/05\/horomechanika-logo.png","contentUrl":"https:\/\/www.horomechanika.lt\/wp-content\/uploads\/2020\/05\/horomechanika-logo.png","width":137,"height":56,"caption":"UAB \"Horo mechanika\""},"image":{"@id":"https:\/\/www.horomechanika.lt\/#\/schema\/logo\/image\/"},"sameAs":["https:\/\/www.facebook.com\/UAB-Horo-mechanika-177091812471952"]}]}},"_links":{"self":[{"href":"https:\/\/www.horomechanika.lt\/ru\/wp-json\/wp\/v2\/product\/13653","targetHints":{"allow":["GET"]}}],"collection":[{"href":"https:\/\/www.horomechanika.lt\/ru\/wp-json\/wp\/v2\/product"}],"about":[{"href":"https:\/\/www.horomechanika.lt\/ru\/wp-json\/wp\/v2\/types\/product"}],"replies":[{"embeddable":true,"href":"https:\/\/www.horomechanika.lt\/ru\/wp-json\/wp\/v2\/comments?post=13653"}],"wp:featuredmedia":[{"embeddable":true,"href":"https:\/\/www.horomechanika.lt\/ru\/wp-json\/wp\/v2\/media\/13656"}],"wp:attachment":[{"href":"https:\/\/www.horomechanika.lt\/ru\/wp-json\/wp\/v2\/media?parent=13653"}],"wp:term":[{"taxonomy":"product_cat","embeddable":true,"href":"https:\/\/www.horomechanika.lt\/ru\/wp-json\/wp\/v2\/product_cat?post=13653"},{"taxonomy":"product_tag","embeddable":true,"href":"https:\/\/www.horomechanika.lt\/ru\/wp-json\/wp\/v2\/product_tag?post=13653"}],"curies":[{"name":"wp","href":"https:\/\/api.w.org\/{rel}","templated":true}]}}