{"id":13698,"date":"2023-01-19T15:03:40","date_gmt":"2023-01-19T12:03:40","guid":{"rendered":"https:\/\/www.horomechanika.lt\/?post_type=product&#038;p=13698"},"modified":"2023-01-19T17:01:33","modified_gmt":"2023-01-19T14:01:33","slug":"savaeigis-purkstuvas-rider-vario-track","status":"publish","type":"product","link":"https:\/\/www.horomechanika.lt\/ru\/product\/savaeigis-purkstuvas-rider-vario-track\/","title":{"rendered":"Savaeigis purk\u0161tuvas Rider Vario Track"},"content":{"rendered":"<p style=\"font-weight: 400;\">Savaeigis purk\u0161tuvas Rider Vario Track yra lengvas savaeigis purk\u0161tuvas, turintis didel\u0119 170 cm pro\u0161vais\u0105, tod\u0117l puikiai tinka augal\u0173 apsaugai, pritaikytas darbui su \u012fvairiausiais pas\u0117liais, labai tinka itin auk\u0161tiems pas\u0117liams kaip rapsai, kukur\u016bzai ir saul\u0117gr\u0105\u017eos. \u0160iame modelyje sumontuotas platus ISOBUS parink\u010di\u0173 asortimentas, kad kuo lengviau b\u016bt\u0173 taupomas laikas ir s\u0105naudos.<\/p>\n<p style=\"font-weight: 400;\">Kuriant Savaeigis purk\u0161tuvas <a href=\"https:\/\/www.caffini.com\/en\/self-propelled-sprayers\/84-rider-variotrack.html\">Rider Vario Track<\/a>\u00a0purk\u0161tuv\u0105 m\u016bs\u0173 in\u017einieriams buvo keliami \u0161ie tikslai:\u00a0Reguliuojamas tarpv\u0117\u017eis nuo 150 iki 300 cm tiesiai i\u0161 kabinos. Svoris ma\u017eesnis nei 6000 kg.\u00a0Pilnas matomumas vairuotojui i\u0161 salono, priekio, \u0161on\u0173 ir galo.\u00a0Pos\u016bkio spindulys ma\u017eesnis nei 280 cm!<\/p>\n<p style=\"font-weight: 400;\">Naujovi\u0161kas savaeigis purk\u0161tuvas Easy Rider, idealiai tinkantis rangovams ir vidutinio dyd\u017eio \u016bkiams.<br \/>\nKonstruktyvi element\u0173 kokyb\u0117, unikalios savyb\u0117s, susijusios su lengvumu, manevringumu, komfortu ir matomumu i\u0161 kabinos \u2013 tai tik keletas prie\u017eas\u010di\u0173, kod\u0117l j\u012f pasirinkti. EASY RIDER SKIRTAS D\u0116L J\u016aS\u0172 \u0160IANDIENOS PALENGVINIMO IR GERESNIU ATEITIES DERLI\u0172.<\/p>\n<p style=\"font-weight: 400;\">Svori\u0173 paskirstymas \u00a0\u2013 Tikslus techninio skyriaus darbas Easy Rider projekto metu numat\u0117 optimal\u0173 svori\u0173 paskirstym\u0105 ant dviej\u0173 a\u0161i\u0173, kad b\u016bt\u0173 u\u017etikrinta spaudimas \u012f grunt\u0105 ir efektyvi trauka. Visos hidraulin\u0117s alyvos, degal\u0173, vandens bakai yra i\u0161d\u0117styti arti kabinos, kad b\u016bt\u0173 subalansuotas galin\u0117je ma\u0161inos dalyje esan\u010dio variklio svoris. Tikslas buvo pasiektas 50 %\/ 50 % \u00a0kiekvienos a\u0161ies svorio.<\/p>\n<p style=\"font-weight: 400;\">Kabina kaip j\u016bs\u0173 biuras!<br \/>\nI\u0161skirtin\u0117 Caffini Premium kabina : didel\u0117, ergonomi\u0161ka, panoramin\u0117.<br \/>\nAmortizuojanti kabina<br \/>\nStiklinimas su 360\u00b0 matomumu, priekiniai ratai ir valdoma pur\u0161kimo str\u0117l\u0117 matoma i\u0161 kabinos<br \/>\nOro kondicionavimas ir filtravimas su aktyvuotos anglies filtrais.<br \/>\nI\u0161traukiamos hidraulin\u0117s \u012flipimo kop\u0117\u010dios, nekada neklius \u012f pas\u0117lius.<br \/>\nErgonomi\u0161kas porankis su integruota Joy-stick, skirta pavaros funkcijoms valdyti, hidrauliniam str\u0117l\u0117s valdymui, pur\u0161kimo valdymui.<br \/>\nDaugiamatis grafinis ekranas, esantis vairo centre, su variklio parametrais, lygiais, temperat\u016bromis.<\/p>\n<p style=\"font-weight: 400;\">Platus Caffini savaeigi\u0173 purk\u0161tuv\u0173 asortimentas susideda i\u0161 geriausi\u0173 sprendim\u0173 fitosanitariniam auk\u0161t\u0173 kult\u016br\u0173, toki\u0173 kaip rapsai ir kukur\u016bzai, ir sodo augal\u0173, toki\u0173 kaip salotos, bulv\u0117s ir salierai, apdorojimui. Caffini ma\u0161inos skiriasi nuo kit\u0173 rinkoje esan\u010di\u0173 savaeigi\u0173 purk\u0161tuv\u0173, nes juos paprasta valdyti ir jie garantuoja auk\u0161to lygio apdorojim\u0105 net ir dideliuose plotuose. Caffini savaeigiuose purk\u0161tuvai gaminami iki 5000 litr\u0173 talpos bakai ir net iki 36 metr\u0173 ilgio pur\u0161kimo sijomis. Kiekvienas savaeigis purk\u0161tuvas gali b\u016bti pritaikytas pagal ISOBUS ir AUTOPILOT technologijas, kad b\u016bt\u0173 lengviau visiems \u016bkininkams vairuoti ma\u0161in\u0105. \u0160i\u0173 pried\u0173 d\u0117ka galite tur\u0117ti visus sprendimus, kad pur\u0161kimas b\u016bt\u0173 pa\u017eangiausias, neprarandant patogumo ir naudojimo paprastumo. Visos \u0161ios savyb\u0117s yra \u012fmanomos d\u0117l patirties, kuri\u0105 Caffini i\u0161augo \u0161ioje srityje.<\/p>\n<p><iframe loading=\"lazy\" title=\"CAFFINI - RIDER VARIO TRACK SU COLTURE DIVERSE\" width=\"895\" height=\"503\" src=\"https:\/\/www.youtube.com\/embed\/4Sug18PZgoU?feature=oembed\" frameborder=\"0\" allow=\"accelerometer; autoplay; clipboard-write; encrypted-media; gyroscope; picture-in-picture; web-share\" allowfullscreen><\/iframe><\/p>","protected":false},"excerpt":{"rendered":"<p>Tvirtas plieninis r\u0117mas, nuda\u017eytas po kataforez\u0117s apdorojimo<br \/>\nVariklis Deutz 100 kW (136 AG) 4 cilindrai \u2013 AdBlue \u2013 4 ir 5 pakopos<br \/>\nHidrostatin\u0117 transmisija: 4 ratai su hidrostatiniais varikliais ir RTM sistema Bosch-Rexroth<br \/>\n4 varomi ratai, su 3 vairavimo nustatymais.<br \/>\nNepriklausoma pneumatin\u0117 pakaba ant 4 rat\u0173<br \/>\nVARIO TARPV\u0116\u017dIS: reguliuojamas \u00a0i\u0161 salono nuo 1500 iki 3000 mm (tarpiniai plo\u010diai 1600-1800-2000-2100-2250-2500-2700-2800 mm)<br \/>\nPro\u0161vaisa 1250 mm, su standartiniais ratais<br \/>\nPadangos: 270\/95 R36&#8221;<br \/>\nCisterna 2500 arba 3000 l<br \/>\nAmortizuojanti \u00a0kabina su aktyvuotos anglies filtrais kat.4 ir oro kondicionieriumi<br \/>\nPneumati\u0161kai amortizuota s\u0117dyn\u0117<br \/>\nErgonomi\u0161kas porankis, 7 coli\u0173 prietais\u0173 skydelis, reguliuojama vairo kolon\u0117l\u0117, elektra reguliuojami galinio vaizdo veidrod\u0117liai ir hidraulin\u0117s kop\u0117\u010dios<br \/>\nGalin\u0117 kamera sinchronizuota su atbulin\u0117s eigos pavara<br \/>\nHidraulin\u0117 str\u0117l\u0117 HBM-HBL da\u017eyta po kataforez\u0117s su hidrauliniu keltuvu ant lygiagretainio, su slopintuvais.<br \/>\nElektroil: elektrohidraulinis alyvos skirstytuvas str\u0117l\u0117s judesiams<br \/>\nAutomatinis pur\u0161kimo Kompiuteris IsoBus<br \/>\nHub Service: centralizuotas purk\u0161tuvo valdymas<br \/>\nMai\u0161ytuvo bakelis su lygiagretainiu pak\u0117limu, kanistro skalavimo antgaliu<br \/>\nPapildomai galima pasirinkti oro rankov\u0119 AIR WINGS 18, 20, 21, 24 m sijoms<\/p>\n<p><a href=\"https:\/\/www.horomechanika.lt\/wp-content\/uploads\/2023\/01\/24-Savaeigis-purkstuvas-Rider-Vario-Track.png\"><img loading=\"lazy\" decoding=\"async\" class=\"size-large wp-image-13722\" src=\"https:\/\/www.horomechanika.lt\/wp-content\/uploads\/2023\/01\/24-Savaeigis-purkstuvas-Rider-Vario-Track-1024x167.png\" alt=\"Savaeigis purk\u0161tuvas Rider Vario Track\" width=\"895\" height=\"146\" srcset=\"https:\/\/www.horomechanika.lt\/wp-content\/uploads\/2023\/01\/24-Savaeigis-purkstuvas-Rider-Vario-Track-1024x167.png 1024w, https:\/\/www.horomechanika.lt\/wp-content\/uploads\/2023\/01\/24-Savaeigis-purkstuvas-Rider-Vario-Track-600x98.png 600w, https:\/\/www.horomechanika.lt\/wp-content\/uploads\/2023\/01\/24-Savaeigis-purkstuvas-Rider-Vario-Track-300x49.png 300w, https:\/\/www.horomechanika.lt\/wp-content\/uploads\/2023\/01\/24-Savaeigis-purkstuvas-Rider-Vario-Track-768x125.png 768w, https:\/\/www.horomechanika.lt\/wp-content\/uploads\/2023\/01\/24-Savaeigis-purkstuvas-Rider-Vario-Track-18x3.png 18w, https:\/\/www.horomechanika.lt\/wp-content\/uploads\/2023\/01\/24-Savaeigis-purkstuvas-Rider-Vario-Track.png 1350w\" sizes=\"auto, (max-width: 895px) 100vw, 895px\" \/><\/a><\/p>\n<p><a href=\"https:\/\/www.horomechanika.lt\/wp-content\/uploads\/2023\/01\/22-Savaeigis-purkstuvas-Rider-Vario-Track.png\"><img loading=\"lazy\" decoding=\"async\" class=\"size-full wp-image-13720\" src=\"https:\/\/www.horomechanika.lt\/wp-content\/uploads\/2023\/01\/22-Savaeigis-purkstuvas-Rider-Vario-Track.png\" alt=\"Savaeigis purk\u0161tuvas Rider Vario Track\" width=\"664\" height=\"494\" srcset=\"https:\/\/www.horomechanika.lt\/wp-content\/uploads\/2023\/01\/22-Savaeigis-purkstuvas-Rider-Vario-Track.png 664w, https:\/\/www.horomechanika.lt\/wp-content\/uploads\/2023\/01\/22-Savaeigis-purkstuvas-Rider-Vario-Track-600x446.png 600w, https:\/\/www.horomechanika.lt\/wp-content\/uploads\/2023\/01\/22-Savaeigis-purkstuvas-Rider-Vario-Track-300x223.png 300w, https:\/\/www.horomechanika.lt\/wp-content\/uploads\/2023\/01\/22-Savaeigis-purkstuvas-Rider-Vario-Track-16x12.png 16w\" sizes=\"auto, (max-width: 664px) 100vw, 664px\" \/><\/a><\/p>\n<p><a href=\"https:\/\/www.horomechanika.lt\/wp-content\/uploads\/2023\/01\/36-Savaeigis-purkstuvas-Rider-Vario-Track.pdf\">Savaeigis purk\u0161tuvas Rider Vario Track KATALOGAS<\/a><\/p>\n<p>&nbsp;<\/p>","protected":false},"featured_media":13732,"comment_status":"open","ping_status":"closed","template":"","meta":[],"product_cat":[128,94],"product_tag":[],"class_list":["post-13698","product","type-product","status-publish","has-post-thumbnail","hentry","product_cat-savaeigiai","product_cat-purkstuvai"],"yoast_head":"<!-- This site is optimized with the Yoast SEO plugin v20.1 - https:\/\/yoast.com\/wordpress\/plugins\/seo\/ -->\n<title>Savaeigis purk\u0161tuvas Rider Vario Track | Horomechanika<\/title>\n<meta name=\"description\" content=\"Savaeigis purk\u0161tuvas Rider Vario Track yra lengvas savaeigis purk\u0161tuvas, turintis didel\u0119 170 cm pro\u0161vais\u0105.\" \/>\n<meta name=\"robots\" content=\"index, follow, max-snippet:-1, max-image-preview:large, max-video-preview:-1\" \/>\n<link rel=\"canonical\" href=\"https:\/\/www.horomechanika.lt\/ru\/product\/savaeigis-purkstuvas-rider-vario-track\/\" \/>\n<meta property=\"og:locale\" content=\"ru_RU\" \/>\n<meta property=\"og:type\" content=\"article\" \/>\n<meta property=\"og:title\" content=\"Savaeigis purk\u0161tuvas Rider Vario Track | Horomechanika\" \/>\n<meta property=\"og:description\" content=\"Savaeigis purk\u0161tuvas Rider Vario Track yra lengvas savaeigis purk\u0161tuvas, turintis didel\u0119 170 cm pro\u0161vais\u0105.\" \/>\n<meta property=\"og:url\" content=\"https:\/\/www.horomechanika.lt\/ru\/product\/savaeigis-purkstuvas-rider-vario-track\/\" \/>\n<meta property=\"og:site_name\" content=\"Horomechanika\" \/>\n<meta property=\"article:publisher\" content=\"https:\/\/www.facebook.com\/UAB-Horo-mechanika-177091812471952\" \/>\n<meta property=\"article:modified_time\" content=\"2023-01-19T14:01:33+00:00\" \/>\n<meta property=\"og:image\" content=\"https:\/\/www.horomechanika.lt\/wp-content\/uploads\/2023\/01\/34-Savaeigis-purkstuvas-Rider-Vario-Track.jpg\" \/>\n\t<meta property=\"og:image:width\" content=\"2560\" \/>\n\t<meta property=\"og:image:height\" content=\"1760\" \/>\n\t<meta property=\"og:image:type\" content=\"image\/jpeg\" \/>\n<meta name=\"twitter:card\" content=\"summary_large_image\" \/>\n<meta name=\"twitter:label1\" content=\"\u041f\u0440\u0438\u043c\u0435\u0440\u043d\u043e\u0435 \u0432\u0440\u0435\u043c\u044f \u0434\u043b\u044f \u0447\u0442\u0435\u043d\u0438\u044f\" \/>\n\t<meta name=\"twitter:data1\" content=\"3 \u043c\u0438\u043d\u0443\u0442\u044b\" \/>\n<script type=\"application\/ld+json\" class=\"yoast-schema-graph\">{\"@context\":\"https:\/\/schema.org\",\"@graph\":[{\"@type\":\"WebPage\",\"@id\":\"https:\/\/www.horomechanika.lt\/product\/savaeigis-purkstuvas-rider-vario-track\/\",\"url\":\"https:\/\/www.horomechanika.lt\/product\/savaeigis-purkstuvas-rider-vario-track\/\",\"name\":\"Savaeigis purk\u0161tuvas Rider Vario Track | Horomechanika\",\"isPartOf\":{\"@id\":\"https:\/\/www.horomechanika.lt\/#website\"},\"datePublished\":\"2023-01-19T12:03:40+00:00\",\"dateModified\":\"2023-01-19T14:01:33+00:00\",\"description\":\"Savaeigis purk\u0161tuvas Rider Vario Track yra lengvas savaeigis purk\u0161tuvas, turintis didel\u0119 170 cm pro\u0161vais\u0105.\",\"breadcrumb\":{\"@id\":\"https:\/\/www.horomechanika.lt\/product\/savaeigis-purkstuvas-rider-vario-track\/#breadcrumb\"},\"inLanguage\":\"ru-RU\",\"potentialAction\":[{\"@type\":\"ReadAction\",\"target\":[\"https:\/\/www.horomechanika.lt\/product\/savaeigis-purkstuvas-rider-vario-track\/\"]}]},{\"@type\":\"BreadcrumbList\",\"@id\":\"https:\/\/www.horomechanika.lt\/product\/savaeigis-purkstuvas-rider-vario-track\/#breadcrumb\",\"itemListElement\":[{\"@type\":\"ListItem\",\"position\":1,\"name\":\"Home\",\"item\":\"https:\/\/www.horomechanika.lt\/\"},{\"@type\":\"ListItem\",\"position\":2,\"name\":\"Shop\",\"item\":\"https:\/\/www.horomechanika.lt\/ru\/shop-2\/\"},{\"@type\":\"ListItem\",\"position\":3,\"name\":\"Savaeigis purk\u0161tuvas Rider Vario Track\"}]},{\"@type\":\"WebSite\",\"@id\":\"https:\/\/www.horomechanika.lt\/#website\",\"url\":\"https:\/\/www.horomechanika.lt\/\",\"name\":\"Horomechanika\",\"description\":\"\u017dem\u0117s \u016akio Technika\",\"publisher\":{\"@id\":\"https:\/\/www.horomechanika.lt\/#organization\"},\"potentialAction\":[{\"@type\":\"SearchAction\",\"target\":{\"@type\":\"EntryPoint\",\"urlTemplate\":\"https:\/\/www.horomechanika.lt\/?s={search_term_string}\"},\"query-input\":\"required name=search_term_string\"}],\"inLanguage\":\"ru-RU\"},{\"@type\":\"Organization\",\"@id\":\"https:\/\/www.horomechanika.lt\/#organization\",\"name\":\"UAB \\\"Horo mechanika\\\"\",\"url\":\"https:\/\/www.horomechanika.lt\/\",\"logo\":{\"@type\":\"ImageObject\",\"inLanguage\":\"ru-RU\",\"@id\":\"https:\/\/www.horomechanika.lt\/#\/schema\/logo\/image\/\",\"url\":\"https:\/\/www.horomechanika.lt\/wp-content\/uploads\/2020\/05\/horomechanika-logo.png\",\"contentUrl\":\"https:\/\/www.horomechanika.lt\/wp-content\/uploads\/2020\/05\/horomechanika-logo.png\",\"width\":137,\"height\":56,\"caption\":\"UAB \\\"Horo mechanika\\\"\"},\"image\":{\"@id\":\"https:\/\/www.horomechanika.lt\/#\/schema\/logo\/image\/\"},\"sameAs\":[\"https:\/\/www.facebook.com\/UAB-Horo-mechanika-177091812471952\"]}]}<\/script>\n<!-- \/ Yoast SEO plugin. -->","yoast_head_json":{"title":"Savaeigis purk\u0161tuvas Rider Vario Track | Horomechanika","description":"Savaeigis purk\u0161tuvas Rider Vario Track yra lengvas savaeigis purk\u0161tuvas, turintis didel\u0119 170 cm pro\u0161vais\u0105.","robots":{"index":"index","follow":"follow","max-snippet":"max-snippet:-1","max-image-preview":"max-image-preview:large","max-video-preview":"max-video-preview:-1"},"canonical":"https:\/\/www.horomechanika.lt\/ru\/product\/savaeigis-purkstuvas-rider-vario-track\/","og_locale":"ru_RU","og_type":"article","og_title":"Savaeigis purk\u0161tuvas Rider Vario Track | Horomechanika","og_description":"Savaeigis purk\u0161tuvas Rider Vario Track yra lengvas savaeigis purk\u0161tuvas, turintis didel\u0119 170 cm pro\u0161vais\u0105.","og_url":"https:\/\/www.horomechanika.lt\/ru\/product\/savaeigis-purkstuvas-rider-vario-track\/","og_site_name":"Horomechanika","article_publisher":"https:\/\/www.facebook.com\/UAB-Horo-mechanika-177091812471952","article_modified_time":"2023-01-19T14:01:33+00:00","og_image":[{"width":2560,"height":1760,"url":"https:\/\/www.horomechanika.lt\/wp-content\/uploads\/2023\/01\/34-Savaeigis-purkstuvas-Rider-Vario-Track.jpg","type":"image\/jpeg"}],"twitter_card":"summary_large_image","twitter_misc":{"\u041f\u0440\u0438\u043c\u0435\u0440\u043d\u043e\u0435 \u0432\u0440\u0435\u043c\u044f \u0434\u043b\u044f \u0447\u0442\u0435\u043d\u0438\u044f":"3 \u043c\u0438\u043d\u0443\u0442\u044b"},"schema":{"@context":"https:\/\/schema.org","@graph":[{"@type":"WebPage","@id":"https:\/\/www.horomechanika.lt\/product\/savaeigis-purkstuvas-rider-vario-track\/","url":"https:\/\/www.horomechanika.lt\/product\/savaeigis-purkstuvas-rider-vario-track\/","name":"Savaeigis purk\u0161tuvas Rider Vario Track | Horomechanika","isPartOf":{"@id":"https:\/\/www.horomechanika.lt\/#website"},"datePublished":"2023-01-19T12:03:40+00:00","dateModified":"2023-01-19T14:01:33+00:00","description":"Savaeigis purk\u0161tuvas Rider Vario Track yra lengvas savaeigis purk\u0161tuvas, turintis didel\u0119 170 cm pro\u0161vais\u0105.","breadcrumb":{"@id":"https:\/\/www.horomechanika.lt\/product\/savaeigis-purkstuvas-rider-vario-track\/#breadcrumb"},"inLanguage":"ru-RU","potentialAction":[{"@type":"ReadAction","target":["https:\/\/www.horomechanika.lt\/product\/savaeigis-purkstuvas-rider-vario-track\/"]}]},{"@type":"BreadcrumbList","@id":"https:\/\/www.horomechanika.lt\/product\/savaeigis-purkstuvas-rider-vario-track\/#breadcrumb","itemListElement":[{"@type":"ListItem","position":1,"name":"Home","item":"https:\/\/www.horomechanika.lt\/"},{"@type":"ListItem","position":2,"name":"Shop","item":"https:\/\/www.horomechanika.lt\/ru\/shop-2\/"},{"@type":"ListItem","position":3,"name":"Savaeigis purk\u0161tuvas Rider Vario Track"}]},{"@type":"WebSite","@id":"https:\/\/www.horomechanika.lt\/#website","url":"https:\/\/www.horomechanika.lt\/","name":"Horomechanika","description":"\u017dem\u0117s \u016akio Technika","publisher":{"@id":"https:\/\/www.horomechanika.lt\/#organization"},"potentialAction":[{"@type":"SearchAction","target":{"@type":"EntryPoint","urlTemplate":"https:\/\/www.horomechanika.lt\/?s={search_term_string}"},"query-input":"required name=search_term_string"}],"inLanguage":"ru-RU"},{"@type":"Organization","@id":"https:\/\/www.horomechanika.lt\/#organization","name":"UAB \"Horo mechanika\"","url":"https:\/\/www.horomechanika.lt\/","logo":{"@type":"ImageObject","inLanguage":"ru-RU","@id":"https:\/\/www.horomechanika.lt\/#\/schema\/logo\/image\/","url":"https:\/\/www.horomechanika.lt\/wp-content\/uploads\/2020\/05\/horomechanika-logo.png","contentUrl":"https:\/\/www.horomechanika.lt\/wp-content\/uploads\/2020\/05\/horomechanika-logo.png","width":137,"height":56,"caption":"UAB \"Horo mechanika\""},"image":{"@id":"https:\/\/www.horomechanika.lt\/#\/schema\/logo\/image\/"},"sameAs":["https:\/\/www.facebook.com\/UAB-Horo-mechanika-177091812471952"]}]}},"_links":{"self":[{"href":"https:\/\/www.horomechanika.lt\/ru\/wp-json\/wp\/v2\/product\/13698","targetHints":{"allow":["GET"]}}],"collection":[{"href":"https:\/\/www.horomechanika.lt\/ru\/wp-json\/wp\/v2\/product"}],"about":[{"href":"https:\/\/www.horomechanika.lt\/ru\/wp-json\/wp\/v2\/types\/product"}],"replies":[{"embeddable":true,"href":"https:\/\/www.horomechanika.lt\/ru\/wp-json\/wp\/v2\/comments?post=13698"}],"wp:featuredmedia":[{"embeddable":true,"href":"https:\/\/www.horomechanika.lt\/ru\/wp-json\/wp\/v2\/media\/13732"}],"wp:attachment":[{"href":"https:\/\/www.horomechanika.lt\/ru\/wp-json\/wp\/v2\/media?parent=13698"}],"wp:term":[{"taxonomy":"product_cat","embeddable":true,"href":"https:\/\/www.horomechanika.lt\/ru\/wp-json\/wp\/v2\/product_cat?post=13698"},{"taxonomy":"product_tag","embeddable":true,"href":"https:\/\/www.horomechanika.lt\/ru\/wp-json\/wp\/v2\/product_tag?post=13698"}],"curies":[{"name":"wp","href":"https:\/\/api.w.org\/{rel}","templated":true}]}}