{"id":13735,"date":"2023-01-19T17:35:07","date_gmt":"2023-01-19T14:35:07","guid":{"rendered":"https:\/\/www.horomechanika.lt\/?post_type=product&#038;p=13735"},"modified":"2023-10-18T16:38:07","modified_gmt":"2023-10-18T13:38:07","slug":"savaeigis-purkstuvas-striker-3000-4000","status":"publish","type":"product","link":"https:\/\/www.horomechanika.lt\/ru\/product\/savaeigis-purkstuvas-striker-3000-4000\/","title":{"rendered":"Savaeigis purk\u0161tuvas Striker 3000-4000"},"content":{"rendered":"<p>Caffini pristato savaeigis purk\u0161tuvas <a href=\"https:\/\/www.caffini.com\/en\/self-propelled-sprayers\/146-striker.html\">Striker 3000-4000<\/a> \u2013 naujausios kartos naujovi\u0161kus savaeigius purk\u0161tuvus dideliems plotams. Puikus svorio paskirstymas tarp dviej\u0173 a\u0161i\u0173, galingi Bosch Rexroth traukos varikliai ratuose, patogi kabina. Tvirtas, patikimas r\u0117mas pagamintas i\u0161 itin tvirto plieno, padengtas milteliniu b\u016bdu po kataforez\u0117s vonios.<\/p>\n<p>Patikima hidropneumatin\u0117 pakaba u\u017etikrina ger\u0105 stabilum\u0105 tiek darbo, tiek kelion\u0117s metu, taip pat auk\u0161t\u0105 komforto lyg\u012f operatoriui. Keturi\u0173 rat\u0173 pavara ir vairuojami visi ratai, su 3 vairavimo parinktimis:<\/p>\n<p>\u2022 Tik priekyje (automatinio u\u017erakinimo galimyb\u0117 galin\u0117s a\u0161ies centre po apsisukimo)<br \/>\n\u2022 Priekyje ir gale prie\u0161ingai<br \/>\n\u2022 Priekyje ir gale lygiagre\u010diai (krabas)<\/p>\n<p>Savaeigis purk\u0161tuvas Striker 3000-4000 kabina: sumink\u0161tinta lanks\u010diais tvirtinimais, erdvi, su puikiu panoraminiu matomumu.<br \/>\n\u2022 S\u0117dyn\u0117 su elektropneumatiniu amortizatoriumi<br \/>\n\u2022 Keleivio s\u0117dyn\u0117.<br \/>\n\u2022 Reguliuojamas vairo kolon\u0117l\u0117s auk\u0161tis ir pakreipimas.<br \/>\n\u2022 Kabinos patekimas per elektra sulankstomas kop\u0117\u010dias.<\/p>\n<p>\u2022 Roletai nuo saul\u0117s<br \/>\n\u2022 Ap\u0161vietimas naktiniam darbui priekyje ir gale<br \/>\n\u2022 Elektra reguliuojami i\u0161oriniai veidrod\u0117liai su dvigubais at\u0161vaitais.<br \/>\n\u2022 Kabina su automatine klimato kontrole, su anglies filtrais.<br \/>\n\u2022 Mini baro \u0161aldytuvas<br \/>\n\u2022 Radijo, CD, USB ir Aux-in i\u0161\u0117jimai.<br \/>\n\u2022 Ergonomi\u0161kas daugiafunkcis porankis su auk\u0161\u010dio ir plo\u010dio reguliavimu<br \/>\n\u2022 Daugiafunkcinis vairasvirt\u0117, skirta valdyti sij\u0173 judesius, sijos atidarym\u0105\/u\u017edarym\u0105, purk\u0161tuk\u0173 atidarymo\/u\u017edarymo valdym\u0105, automatin\u012f sijos auk\u0161\u010dio reguliavim\u0105 naudojant &#8222;Distance Control&#8221; sistem\u0105 su CanBus\/IsoBus<br \/>\n\u2022 Daugiamatis grafinis spalvotas ekranas, rodantis pagrindinius variklio parametrus: spidometr\u0105 ir tachometr\u0105, lygius ir temperat\u016br\u0105, gedim\u0173 signalizacijas, galinio vaizdo kamer\u0105 ir kt.<br \/>\n\u2022 Kompiuteris automatiniam l\/ha paskirstymui (pasirenkama DGPS arba RTK sistema GPS sistemai ir automatiniam sekcij\u0173 u\u017edarymui ir\/ar individualaus purk\u0161tuko valdymui, oro pagalvi\u0173 valdymui, savivaldai)<\/p>\n<p>\u0160vytuoklinis stabilizatorius u\u017etikrina idealiai lygiagre\u010di\u0105 str\u0117l\u0117s pad\u0117t\u012f \u017eem\u0117s at\u017evilgiu, o tai garantuoja auk\u0161t\u0105 apdorojimo kokyb\u0119. Standarti\u0161kai visi purk\u0161tuvai komplektuojami su pad\u0117ties korektoriumi, kuris leid\u017eia reguliuoti rankos auk\u0161t\u012f ir pasvirim\u0105 nuo\u017eulniuose laukuose.<\/p>\n<p><iframe loading=\"lazy\" title=\"STRIKER BY CAFFINI\" width=\"895\" height=\"503\" src=\"https:\/\/www.youtube.com\/embed\/zan6Jq4gUvw?feature=oembed\" frameborder=\"0\" allow=\"accelerometer; autoplay; clipboard-write; encrypted-media; gyroscope; picture-in-picture; web-share\" allowfullscreen><\/iframe><\/p>\n<p><iframe loading=\"lazy\" title=\"E.A.S.I (Execution Assistant System Interactive) | Sprayers App | Caffini\" width=\"895\" height=\"503\" src=\"https:\/\/www.youtube.com\/embed\/jNvyRUQIvsc?feature=oembed\" frameborder=\"0\" allow=\"accelerometer; autoplay; clipboard-write; encrypted-media; gyroscope; picture-in-picture; web-share\" allowfullscreen><\/iframe><\/p>","protected":false},"excerpt":{"rendered":"<p>Variklis Volvo Penta 129 Kw (173 AG), 4 cilindrai (5100 cc) AdBlue &#8211; 4 ir 5 STAGE<br \/>\nHidrostatin\u0117 transmisija: keturi\u0173 rat\u0173 pavara su rat\u0173 varikliais, hidrostatinis siurblys ir \u201eBosch Rexroth\u201c RTM sistema.<br \/>\n4 besisukantys ratai su 3 sukimosi tipais<br \/>\nHidropneumatiniai amortizatoriai ant 4 rat\u0173<br \/>\nV\u0117\u017eios plotis nuo 2250 iki 3000 mm hidrauli\u0161kai reguliuojamas ant kiekvienos a\u0161ies veleno, su nuotoliniu b\u016bdu valdomu hidrauliniu k\u0117likliu<br \/>\nR\u0117mo auk\u0161tis (pro\u0161vaist\u0117) 1250 &#8211; 1500 &#8211; 1800 mm<br \/>\nPadangos: 340\/85 R48&#8243;<br \/>\n4 kategorijos filtras su klimato kontrole<\/p>\n<p>S\u0117dyn\u0117 su pneumatiniu amortizatoriumi.<br \/>\nErgonomi\u0161kas reguliuojamas porankis su valdymo mygtukais, 7 coli\u0173 spalvotas prietais\u0173 skydelis, reguliuojamas vairas, 4 elektra reguliuojami \u00a0galinio vaizdo veidrod\u0117liai, instruktoriaus s\u0117dyn\u0117, \u0161aldytuvas ir elektrin\u0117s kop\u0117\u010dios.<br \/>\nPagrindinis polietileno bakas 3.000 \u2013 4.000 l<br \/>\nHidraulin\u0117 str\u0117l\u0117 HBM-HBL su \u0161oniniu atlenkimu, da\u017eyta epoksidine danga<br \/>\nmilteliai po kataforez\u0117s vonios.<\/p>\n<p>Nepriklausomas str\u0117l\u0117s u\u017edarymas \u012f de\u0161in\u0119 \/ kair\u0119, kintama geometrija<br \/>\nElektroil 7: elektrohidraulinis str\u0117l\u0117s valdymas<br \/>\nAutomatinis kompiuteris CB9<br \/>\nHub paslauga: pasiruo\u0161imo apdorojimui centras su centralizuotu valdymu.<br \/>\nMAXI premikseris su hidrauliniu nuleidimo ir skalavimo \u012frenginiu<br \/>\nkonteineriai<\/p>\n<p>Galinio vaizdo kamera sinchronizuota su atbuliniu eiga<\/p>\n<p>Pasirinktinai galima montuoti AIRWINGS oro mov\u0105 ant 21 ir 30 m str\u0117li\u0173<\/p>\n<p><a href=\"https:\/\/www.horomechanika.lt\/wp-content\/uploads\/2023\/01\/Savaeigis-purkstuvas-Striker-3000-400021.png\"><img loading=\"lazy\" decoding=\"async\" class=\"size-large wp-image-13748\" src=\"https:\/\/www.horomechanika.lt\/wp-content\/uploads\/2023\/01\/Savaeigis-purkstuvas-Striker-3000-400021-1024x216.png\" alt=\"Savaeigis purk\u0161tuvas Striker 3000-4000\" width=\"895\" height=\"189\" srcset=\"https:\/\/www.horomechanika.lt\/wp-content\/uploads\/2023\/01\/Savaeigis-purkstuvas-Striker-3000-400021-1024x216.png 1024w, https:\/\/www.horomechanika.lt\/wp-content\/uploads\/2023\/01\/Savaeigis-purkstuvas-Striker-3000-400021-600x127.png 600w, https:\/\/www.horomechanika.lt\/wp-content\/uploads\/2023\/01\/Savaeigis-purkstuvas-Striker-3000-400021-300x63.png 300w, https:\/\/www.horomechanika.lt\/wp-content\/uploads\/2023\/01\/Savaeigis-purkstuvas-Striker-3000-400021-768x162.png 768w, https:\/\/www.horomechanika.lt\/wp-content\/uploads\/2023\/01\/Savaeigis-purkstuvas-Striker-3000-400021-1536x324.png 1536w, https:\/\/www.horomechanika.lt\/wp-content\/uploads\/2023\/01\/Savaeigis-purkstuvas-Striker-3000-400021-18x4.png 18w, https:\/\/www.horomechanika.lt\/wp-content\/uploads\/2023\/01\/Savaeigis-purkstuvas-Striker-3000-400021.png 1612w\" sizes=\"auto, (max-width: 895px) 100vw, 895px\" \/><\/a><\/p>","protected":false},"featured_media":13751,"comment_status":"open","ping_status":"closed","template":"","meta":[],"product_cat":[128,94],"product_tag":[],"class_list":["post-13735","product","type-product","status-publish","has-post-thumbnail","hentry","product_cat-savaeigiai","product_cat-purkstuvai"],"yoast_head":"<!-- This site is optimized with the Yoast SEO plugin v20.1 - https:\/\/yoast.com\/wordpress\/plugins\/seo\/ -->\n<title>Savaeigis purk\u0161tuvas Striker 3000-4000 | Horomechanika<\/title>\n<meta name=\"description\" content=\"Caffini pristato savaeigis purk\u0161tuvas Striker 3000-4000 \u2013 naujausios kartos naujovi\u0161kus savaeigius purk\u0161tuvus dideliems plotams\" \/>\n<meta name=\"robots\" content=\"index, follow, max-snippet:-1, max-image-preview:large, max-video-preview:-1\" \/>\n<link rel=\"canonical\" href=\"https:\/\/www.horomechanika.lt\/ru\/product\/savaeigis-purkstuvas-striker-3000-4000\/\" \/>\n<meta property=\"og:locale\" content=\"ru_RU\" \/>\n<meta property=\"og:type\" content=\"article\" \/>\n<meta property=\"og:title\" content=\"Savaeigis purk\u0161tuvas Striker 3000-4000 | Horomechanika\" \/>\n<meta property=\"og:description\" content=\"Caffini pristato savaeigis purk\u0161tuvas Striker 3000-4000 \u2013 naujausios kartos naujovi\u0161kus savaeigius purk\u0161tuvus dideliems plotams\" \/>\n<meta property=\"og:url\" content=\"https:\/\/www.horomechanika.lt\/ru\/product\/savaeigis-purkstuvas-striker-3000-4000\/\" \/>\n<meta property=\"og:site_name\" content=\"Horomechanika\" \/>\n<meta property=\"article:publisher\" content=\"https:\/\/www.facebook.com\/UAB-Horo-mechanika-177091812471952\" \/>\n<meta property=\"article:modified_time\" content=\"2023-10-18T13:38:07+00:00\" \/>\n<meta property=\"og:image\" content=\"https:\/\/www.horomechanika.lt\/wp-content\/uploads\/2023\/01\/Savaeigis-purkstuvas-Striker-3000-400024.jpg\" \/>\n\t<meta property=\"og:image:width\" content=\"2560\" \/>\n\t<meta property=\"og:image:height\" content=\"1760\" \/>\n\t<meta property=\"og:image:type\" content=\"image\/jpeg\" \/>\n<meta name=\"twitter:card\" content=\"summary_large_image\" \/>\n<meta name=\"twitter:label1\" content=\"\u041f\u0440\u0438\u043c\u0435\u0440\u043d\u043e\u0435 \u0432\u0440\u0435\u043c\u044f \u0434\u043b\u044f \u0447\u0442\u0435\u043d\u0438\u044f\" \/>\n\t<meta name=\"twitter:data1\" content=\"2 \u043c\u0438\u043d\u0443\u0442\u044b\" \/>\n<script type=\"application\/ld+json\" class=\"yoast-schema-graph\">{\"@context\":\"https:\/\/schema.org\",\"@graph\":[{\"@type\":\"WebPage\",\"@id\":\"https:\/\/www.horomechanika.lt\/product\/savaeigis-purkstuvas-striker-3000-4000\/\",\"url\":\"https:\/\/www.horomechanika.lt\/product\/savaeigis-purkstuvas-striker-3000-4000\/\",\"name\":\"Savaeigis purk\u0161tuvas Striker 3000-4000 | Horomechanika\",\"isPartOf\":{\"@id\":\"https:\/\/www.horomechanika.lt\/#website\"},\"datePublished\":\"2023-01-19T14:35:07+00:00\",\"dateModified\":\"2023-10-18T13:38:07+00:00\",\"description\":\"Caffini pristato savaeigis purk\u0161tuvas Striker 3000-4000 \u2013 naujausios kartos naujovi\u0161kus savaeigius purk\u0161tuvus dideliems plotams\",\"breadcrumb\":{\"@id\":\"https:\/\/www.horomechanika.lt\/product\/savaeigis-purkstuvas-striker-3000-4000\/#breadcrumb\"},\"inLanguage\":\"ru-RU\",\"potentialAction\":[{\"@type\":\"ReadAction\",\"target\":[\"https:\/\/www.horomechanika.lt\/product\/savaeigis-purkstuvas-striker-3000-4000\/\"]}]},{\"@type\":\"BreadcrumbList\",\"@id\":\"https:\/\/www.horomechanika.lt\/product\/savaeigis-purkstuvas-striker-3000-4000\/#breadcrumb\",\"itemListElement\":[{\"@type\":\"ListItem\",\"position\":1,\"name\":\"Home\",\"item\":\"https:\/\/www.horomechanika.lt\/\"},{\"@type\":\"ListItem\",\"position\":2,\"name\":\"Shop\",\"item\":\"https:\/\/www.horomechanika.lt\/ru\/shop-2\/\"},{\"@type\":\"ListItem\",\"position\":3,\"name\":\"Savaeigis purk\u0161tuvas Striker 3000-4000\"}]},{\"@type\":\"WebSite\",\"@id\":\"https:\/\/www.horomechanika.lt\/#website\",\"url\":\"https:\/\/www.horomechanika.lt\/\",\"name\":\"Horomechanika\",\"description\":\"\u017dem\u0117s \u016akio Technika\",\"publisher\":{\"@id\":\"https:\/\/www.horomechanika.lt\/#organization\"},\"potentialAction\":[{\"@type\":\"SearchAction\",\"target\":{\"@type\":\"EntryPoint\",\"urlTemplate\":\"https:\/\/www.horomechanika.lt\/?s={search_term_string}\"},\"query-input\":\"required name=search_term_string\"}],\"inLanguage\":\"ru-RU\"},{\"@type\":\"Organization\",\"@id\":\"https:\/\/www.horomechanika.lt\/#organization\",\"name\":\"UAB \\\"Horo mechanika\\\"\",\"url\":\"https:\/\/www.horomechanika.lt\/\",\"logo\":{\"@type\":\"ImageObject\",\"inLanguage\":\"ru-RU\",\"@id\":\"https:\/\/www.horomechanika.lt\/#\/schema\/logo\/image\/\",\"url\":\"https:\/\/www.horomechanika.lt\/wp-content\/uploads\/2020\/05\/horomechanika-logo.png\",\"contentUrl\":\"https:\/\/www.horomechanika.lt\/wp-content\/uploads\/2020\/05\/horomechanika-logo.png\",\"width\":137,\"height\":56,\"caption\":\"UAB \\\"Horo mechanika\\\"\"},\"image\":{\"@id\":\"https:\/\/www.horomechanika.lt\/#\/schema\/logo\/image\/\"},\"sameAs\":[\"https:\/\/www.facebook.com\/UAB-Horo-mechanika-177091812471952\"]}]}<\/script>\n<!-- \/ Yoast SEO plugin. -->","yoast_head_json":{"title":"Savaeigis purk\u0161tuvas Striker 3000-4000 | Horomechanika","description":"Caffini pristato savaeigis purk\u0161tuvas Striker 3000-4000 \u2013 naujausios kartos naujovi\u0161kus savaeigius purk\u0161tuvus dideliems plotams","robots":{"index":"index","follow":"follow","max-snippet":"max-snippet:-1","max-image-preview":"max-image-preview:large","max-video-preview":"max-video-preview:-1"},"canonical":"https:\/\/www.horomechanika.lt\/ru\/product\/savaeigis-purkstuvas-striker-3000-4000\/","og_locale":"ru_RU","og_type":"article","og_title":"Savaeigis purk\u0161tuvas Striker 3000-4000 | Horomechanika","og_description":"Caffini pristato savaeigis purk\u0161tuvas Striker 3000-4000 \u2013 naujausios kartos naujovi\u0161kus savaeigius purk\u0161tuvus dideliems plotams","og_url":"https:\/\/www.horomechanika.lt\/ru\/product\/savaeigis-purkstuvas-striker-3000-4000\/","og_site_name":"Horomechanika","article_publisher":"https:\/\/www.facebook.com\/UAB-Horo-mechanika-177091812471952","article_modified_time":"2023-10-18T13:38:07+00:00","og_image":[{"width":2560,"height":1760,"url":"https:\/\/www.horomechanika.lt\/wp-content\/uploads\/2023\/01\/Savaeigis-purkstuvas-Striker-3000-400024.jpg","type":"image\/jpeg"}],"twitter_card":"summary_large_image","twitter_misc":{"\u041f\u0440\u0438\u043c\u0435\u0440\u043d\u043e\u0435 \u0432\u0440\u0435\u043c\u044f \u0434\u043b\u044f \u0447\u0442\u0435\u043d\u0438\u044f":"2 \u043c\u0438\u043d\u0443\u0442\u044b"},"schema":{"@context":"https:\/\/schema.org","@graph":[{"@type":"WebPage","@id":"https:\/\/www.horomechanika.lt\/product\/savaeigis-purkstuvas-striker-3000-4000\/","url":"https:\/\/www.horomechanika.lt\/product\/savaeigis-purkstuvas-striker-3000-4000\/","name":"Savaeigis purk\u0161tuvas Striker 3000-4000 | Horomechanika","isPartOf":{"@id":"https:\/\/www.horomechanika.lt\/#website"},"datePublished":"2023-01-19T14:35:07+00:00","dateModified":"2023-10-18T13:38:07+00:00","description":"Caffini pristato savaeigis purk\u0161tuvas Striker 3000-4000 \u2013 naujausios kartos naujovi\u0161kus savaeigius purk\u0161tuvus dideliems plotams","breadcrumb":{"@id":"https:\/\/www.horomechanika.lt\/product\/savaeigis-purkstuvas-striker-3000-4000\/#breadcrumb"},"inLanguage":"ru-RU","potentialAction":[{"@type":"ReadAction","target":["https:\/\/www.horomechanika.lt\/product\/savaeigis-purkstuvas-striker-3000-4000\/"]}]},{"@type":"BreadcrumbList","@id":"https:\/\/www.horomechanika.lt\/product\/savaeigis-purkstuvas-striker-3000-4000\/#breadcrumb","itemListElement":[{"@type":"ListItem","position":1,"name":"Home","item":"https:\/\/www.horomechanika.lt\/"},{"@type":"ListItem","position":2,"name":"Shop","item":"https:\/\/www.horomechanika.lt\/ru\/shop-2\/"},{"@type":"ListItem","position":3,"name":"Savaeigis purk\u0161tuvas Striker 3000-4000"}]},{"@type":"WebSite","@id":"https:\/\/www.horomechanika.lt\/#website","url":"https:\/\/www.horomechanika.lt\/","name":"Horomechanika","description":"\u017dem\u0117s \u016akio Technika","publisher":{"@id":"https:\/\/www.horomechanika.lt\/#organization"},"potentialAction":[{"@type":"SearchAction","target":{"@type":"EntryPoint","urlTemplate":"https:\/\/www.horomechanika.lt\/?s={search_term_string}"},"query-input":"required name=search_term_string"}],"inLanguage":"ru-RU"},{"@type":"Organization","@id":"https:\/\/www.horomechanika.lt\/#organization","name":"UAB \"Horo mechanika\"","url":"https:\/\/www.horomechanika.lt\/","logo":{"@type":"ImageObject","inLanguage":"ru-RU","@id":"https:\/\/www.horomechanika.lt\/#\/schema\/logo\/image\/","url":"https:\/\/www.horomechanika.lt\/wp-content\/uploads\/2020\/05\/horomechanika-logo.png","contentUrl":"https:\/\/www.horomechanika.lt\/wp-content\/uploads\/2020\/05\/horomechanika-logo.png","width":137,"height":56,"caption":"UAB \"Horo mechanika\""},"image":{"@id":"https:\/\/www.horomechanika.lt\/#\/schema\/logo\/image\/"},"sameAs":["https:\/\/www.facebook.com\/UAB-Horo-mechanika-177091812471952"]}]}},"_links":{"self":[{"href":"https:\/\/www.horomechanika.lt\/ru\/wp-json\/wp\/v2\/product\/13735","targetHints":{"allow":["GET"]}}],"collection":[{"href":"https:\/\/www.horomechanika.lt\/ru\/wp-json\/wp\/v2\/product"}],"about":[{"href":"https:\/\/www.horomechanika.lt\/ru\/wp-json\/wp\/v2\/types\/product"}],"replies":[{"embeddable":true,"href":"https:\/\/www.horomechanika.lt\/ru\/wp-json\/wp\/v2\/comments?post=13735"}],"wp:featuredmedia":[{"embeddable":true,"href":"https:\/\/www.horomechanika.lt\/ru\/wp-json\/wp\/v2\/media\/13751"}],"wp:attachment":[{"href":"https:\/\/www.horomechanika.lt\/ru\/wp-json\/wp\/v2\/media?parent=13735"}],"wp:term":[{"taxonomy":"product_cat","embeddable":true,"href":"https:\/\/www.horomechanika.lt\/ru\/wp-json\/wp\/v2\/product_cat?post=13735"},{"taxonomy":"product_tag","embeddable":true,"href":"https:\/\/www.horomechanika.lt\/ru\/wp-json\/wp\/v2\/product_tag?post=13735"}],"curies":[{"name":"wp","href":"https:\/\/api.w.org\/{rel}","templated":true}]}}