{"id":6480,"date":"2017-01-31T11:56:30","date_gmt":"2017-01-31T08:56:30","guid":{"rendered":"http:\/\/wordpress.templatemela.com\/woo\/WCM02\/WCM020038\/WP1\/product\/aliquam-pulvinar-iaculis\/"},"modified":"2022-05-23T16:17:04","modified_gmt":"2022-05-23T13:17:04","slug":"traktorius-mt5","status":"publish","type":"product","link":"https:\/\/www.horomechanika.lt\/ru\/product\/traktorius-mt5\/","title":{"rendered":"Traktorius MT5"},"content":{"rendered":"<p>Traktorius MT5 \u0161ie traktoriai pagaminti Piet\u0173 Kor\u0117joje, tai ypa\u010d patikimi bei pripa\u017einti net Amerikoje.\u00a0 LS Mtron gamykla veikia jau\u00a0 50 met\u0173, o produkcija patikrinta, i\u0161bandyta laiko ir atitinka auk\u0161\u010diausios kokyb\u0117s reikalavimus.\u00a0 \u0160iems traktoriams suteikiama net 5 met\u0173 garantija. Gamykla priklauso LG korporacijai kuri gamina ne tik pa\u017eangiausius elektronikos prietaisus bet ir pl\u0117toja energetikos veiklos sritis.\u00a0 LS traktoriai Lietuvos rinkoje yra vis dar naujiena, ta\u010diau jau \u012fsigij\u0119 \u016bkininkai\u00a0 gr\u012f\u017eta tik su teigiamais atsiliepimais. Traktorius MT5 vartotoj\u0173 pasisakymuose dominuoja\u00a0 temos apie padid\u0117jus\u012f darbo produktyvum\u0105, komfort\u0105 bei ekonomi\u0161kum\u0105.\u00a0 UAB \u201eHoro mechanika\u201c yra oficialus LS tractor atstovas Baltijos ir Skandinavijos \u0161alyse tai\u00a0 aptarnavimas, detal\u0117s bei kaina patenkina net ir i\u0161rankiausi\u0105 klient\u0105.<\/p>\n<p><iframe loading=\"lazy\" title=\"Loading Up The Bale Trailer With The Ls Tractor Mt5-73\" width=\"895\" height=\"503\" src=\"https:\/\/www.youtube.com\/embed\/snRlQQ4WIUU?feature=oembed\" frameborder=\"0\" allow=\"accelerometer; autoplay; clipboard-write; encrypted-media; gyroscope; picture-in-picture\" allowfullscreen><\/iframe><\/p>","protected":false},"excerpt":{"rendered":"<p>PILNAS LS MTRON KATALOGAS<br \/>\n<a href=\"http:\/\/horomechanika.lt\/wp-content\/uploads\/2020\/07\/GlobalcatalogWeb-2.pdf\">Global+catalog+(Web) (2)<\/a><\/p>\n<table class=\"table_05\">\n<tbody>\n<tr>\n<td colspan=\"2\">Category<\/td>\n<td>MT5.63<\/td>\n<td>MT5.68<\/td>\n<td>MT5.73<\/td>\n<\/tr>\n<tr>\n<th rowspan=\"5\">Matmenys &amp; Svoris<\/th>\n<td>Bendras ilgis, nuo bamperio iki pakabos (mm)<\/td>\n<td colspan=\"3\">3977<\/td>\n<\/tr>\n<tr>\n<td>Bendras plotis iki padang\u0173 (mm)<\/td>\n<td colspan=\"2\">1836<\/td>\n<td>1890<\/td>\n<\/tr>\n<tr>\n<td>Rat\u0173 baz\u0117 (mm)<\/td>\n<td colspan=\"3\">2150<\/td>\n<\/tr>\n<tr>\n<td>Bendras auk\u0161tis iki lanko ROPS\/Cab (mm)<\/td>\n<td colspan=\"2\">2622<\/td>\n<td>2652<\/td>\n<\/tr>\n<tr>\n<td>Svoris be balasto (kg)<\/td>\n<td colspan=\"2\">2913<\/td>\n<td>2997<\/td>\n<\/tr>\n<tr>\n<th rowspan=\"2\">Tires<\/th>\n<td>Priekin\u0117s<\/td>\n<td colspan=\"2\">11.2 &#8211; 20<\/td>\n<td>11.2 &#8211; 24<\/td>\n<\/tr>\n<tr>\n<td>Galin\u0117s<\/td>\n<td colspan=\"2\">14.9 &#8211; 30<\/td>\n<td>16.9 &#8211; 30<\/td>\n<\/tr>\n<tr>\n<th rowspan=\"2\">GTV<\/th>\n<td>Type<\/td>\n<td colspan=\"3\">Independent<\/td>\n<\/tr>\n<tr>\n<td>Galinis(rpm)<\/td>\n<td colspan=\"3\">540 \/ 540E \/ 1000<\/td>\n<\/tr>\n<tr>\n<th rowspan=\"5\">Hydraulika<\/th>\n<td>\u00a0Valdymas (options)<\/td>\n<td colspan=\"3\">Position \/ Draft<\/td>\n<\/tr>\n<tr>\n<td>hidraulinis siurblys (lpm)<\/td>\n<td colspan=\"3\">50<\/td>\n<\/tr>\n<tr>\n<td>Trij\u0173 ta\u0161k\u0173 rikabinimo kategorija<\/td>\n<td colspan=\"3\">CAT \u2161<\/td>\n<\/tr>\n<tr>\n<td>Hitch lift capacity (kgf)<\/td>\n<td colspan=\"3\">3000<\/td>\n<\/tr>\n<tr>\n<td>Hidraulikos jungtys<\/td>\n<td colspan=\"3\">4 \/ 6 (priekis), 4 \/ 6 (galas)<\/td>\n<\/tr>\n<tr>\n<th rowspan=\"9\">Variklis<\/th>\n<\/tr>\n<tr>\n<td>Tipas<\/td>\n<td colspan=\"3\">4Cyl. In-line Vertical, vandeniu au\u0161inamas, 4cycle Turbo Dieselis, CRDI<\/td>\n<\/tr>\n<tr>\n<td>Modelis<\/td>\n<td colspan=\"3\">L4C25-T<\/td>\n<\/tr>\n<tr>\n<td>Emisija<\/td>\n<td colspan=\"3\">EPA &amp; CARB Tier4, EC Stage \u2162B<\/td>\n<\/tr>\n<tr>\n<td>variklio galia AG (kW)<\/td>\n<td>63 (47)<\/td>\n<td>68 (50.7)<\/td>\n<td>73 (54.4)<\/td>\n<\/tr>\n<tr>\n<td>GTV AG<\/td>\n<td>53.6<\/td>\n<td>57.8<\/td>\n<td>62<\/td>\n<\/tr>\n<tr>\n<td>Nominalios apsukos (rpm)<\/td>\n<td colspan=\"3\">2500<\/td>\n<\/tr>\n<tr>\n<td>Variklio t\u016bris (cc)<\/td>\n<td colspan=\"3\">2505<\/td>\n<\/tr>\n<tr>\n<td>Kuro bako talpa\u00a0 (L)<\/td>\n<td colspan=\"3\">100<\/td>\n<\/tr>\n<tr>\n<th rowspan=\"3\">Jud\u0117jimo sistema<\/th>\n<td>mechaninin\u0117 arba Power shutle<\/td>\n<td colspan=\"3\">Synchro shuttle \/ Power shuttle<\/td>\n<\/tr>\n<tr>\n<td>No. of speed<\/td>\n<td colspan=\"3\">pirmyn 12 x atgal 12 b\u0117gi\u0173 arba pirmyn 20 x atgal 20 b\u0117gi\u0173<\/td>\n<\/tr>\n<tr>\n<td>Forward Speed (Km\/h)<\/td>\n<td colspan=\"2\">0.2 ~ 32<\/td>\n<td>0.2 ~ 33<\/td>\n<\/tr>\n<\/tbody>\n<\/table>","protected":false},"featured_media":10172,"comment_status":"open","ping_status":"closed","template":"","meta":[],"product_cat":[90,173,107],"product_tag":[],"class_list":["post-6480","product","type-product","status-publish","has-post-thumbnail","hentry","product_cat-traktoriai","product_cat-traktoriai-main","product_cat-mt5-70-100-ag"],"yoast_head":"<!-- This site is optimized with the Yoast SEO plugin v20.1 - https:\/\/yoast.com\/wordpress\/plugins\/seo\/ -->\n<title>Traktorius MT5 | Horomechanika<\/title>\n<meta name=\"description\" content=\"Traktorius MT5 Horomechanika % | Traktorius MT5 UAB Horo mechanika. LS Mtron LTD. Piet\u0173 kor\u0117ja. Horomechanika\" \/>\n<meta name=\"robots\" content=\"index, follow, max-snippet:-1, max-image-preview:large, max-video-preview:-1\" \/>\n<link rel=\"canonical\" href=\"https:\/\/www.horomechanika.lt\/ru\/product\/traktorius-mt5\/\" \/>\n<meta property=\"og:locale\" content=\"ru_RU\" \/>\n<meta property=\"og:type\" content=\"article\" \/>\n<meta property=\"og:title\" content=\"Traktorius MT5 | Horomechanika\" \/>\n<meta property=\"og:description\" content=\"Traktorius MT5 Horomechanika % | Traktorius MT5 UAB Horo mechanika. LS Mtron LTD. Piet\u0173 kor\u0117ja. Horomechanika\" \/>\n<meta property=\"og:url\" content=\"https:\/\/www.horomechanika.lt\/ru\/product\/traktorius-mt5\/\" \/>\n<meta property=\"og:site_name\" content=\"Horomechanika\" \/>\n<meta property=\"article:publisher\" content=\"https:\/\/www.facebook.com\/UAB-Horo-mechanika-177091812471952\" \/>\n<meta property=\"article:modified_time\" content=\"2022-05-23T13:17:04+00:00\" \/>\n<meta property=\"og:image\" content=\"https:\/\/www.horomechanika.lt\/wp-content\/uploads\/2017\/01\/produktai_0008_MT5-E\u0328n\u0301_o\u0301_n\u0327_\u00b0.jpg\" \/>\n\t<meta property=\"og:image:width\" content=\"760\" \/>\n\t<meta property=\"og:image:height\" content=\"760\" \/>\n\t<meta property=\"og:image:type\" content=\"image\/jpeg\" \/>\n<meta name=\"twitter:card\" content=\"summary_large_image\" \/>\n<meta name=\"twitter:label1\" content=\"\u041f\u0440\u0438\u043c\u0435\u0440\u043d\u043e\u0435 \u0432\u0440\u0435\u043c\u044f \u0434\u043b\u044f \u0447\u0442\u0435\u043d\u0438\u044f\" \/>\n\t<meta name=\"twitter:data1\" content=\"1 \u043c\u0438\u043d\u0443\u0442\u0430\" \/>\n<script type=\"application\/ld+json\" class=\"yoast-schema-graph\">{\"@context\":\"https:\/\/schema.org\",\"@graph\":[{\"@type\":\"WebPage\",\"@id\":\"https:\/\/www.horomechanika.lt\/product\/traktorius-mt5\/\",\"url\":\"https:\/\/www.horomechanika.lt\/product\/traktorius-mt5\/\",\"name\":\"Traktorius MT5 | Horomechanika\",\"isPartOf\":{\"@id\":\"https:\/\/www.horomechanika.lt\/#website\"},\"datePublished\":\"2017-01-31T08:56:30+00:00\",\"dateModified\":\"2022-05-23T13:17:04+00:00\",\"description\":\"Traktorius MT5 Horomechanika % | Traktorius MT5 UAB Horo mechanika. LS Mtron LTD. Piet\u0173 kor\u0117ja. Horomechanika\",\"breadcrumb\":{\"@id\":\"https:\/\/www.horomechanika.lt\/product\/traktorius-mt5\/#breadcrumb\"},\"inLanguage\":\"ru-RU\",\"potentialAction\":[{\"@type\":\"ReadAction\",\"target\":[\"https:\/\/www.horomechanika.lt\/product\/traktorius-mt5\/\"]}]},{\"@type\":\"BreadcrumbList\",\"@id\":\"https:\/\/www.horomechanika.lt\/product\/traktorius-mt5\/#breadcrumb\",\"itemListElement\":[{\"@type\":\"ListItem\",\"position\":1,\"name\":\"Home\",\"item\":\"https:\/\/www.horomechanika.lt\/\"},{\"@type\":\"ListItem\",\"position\":2,\"name\":\"Shop\",\"item\":\"https:\/\/www.horomechanika.lt\/ru\/shop-2\/\"},{\"@type\":\"ListItem\",\"position\":3,\"name\":\"Traktorius MT5\"}]},{\"@type\":\"WebSite\",\"@id\":\"https:\/\/www.horomechanika.lt\/#website\",\"url\":\"https:\/\/www.horomechanika.lt\/\",\"name\":\"Horomechanika\",\"description\":\"\u017dem\u0117s \u016akio Technika\",\"publisher\":{\"@id\":\"https:\/\/www.horomechanika.lt\/#organization\"},\"potentialAction\":[{\"@type\":\"SearchAction\",\"target\":{\"@type\":\"EntryPoint\",\"urlTemplate\":\"https:\/\/www.horomechanika.lt\/?s={search_term_string}\"},\"query-input\":\"required name=search_term_string\"}],\"inLanguage\":\"ru-RU\"},{\"@type\":\"Organization\",\"@id\":\"https:\/\/www.horomechanika.lt\/#organization\",\"name\":\"UAB \\\"Horo mechanika\\\"\",\"url\":\"https:\/\/www.horomechanika.lt\/\",\"logo\":{\"@type\":\"ImageObject\",\"inLanguage\":\"ru-RU\",\"@id\":\"https:\/\/www.horomechanika.lt\/#\/schema\/logo\/image\/\",\"url\":\"https:\/\/www.horomechanika.lt\/wp-content\/uploads\/2020\/05\/horomechanika-logo.png\",\"contentUrl\":\"https:\/\/www.horomechanika.lt\/wp-content\/uploads\/2020\/05\/horomechanika-logo.png\",\"width\":137,\"height\":56,\"caption\":\"UAB \\\"Horo mechanika\\\"\"},\"image\":{\"@id\":\"https:\/\/www.horomechanika.lt\/#\/schema\/logo\/image\/\"},\"sameAs\":[\"https:\/\/www.facebook.com\/UAB-Horo-mechanika-177091812471952\"]}]}<\/script>\n<!-- \/ Yoast SEO plugin. -->","yoast_head_json":{"title":"Traktorius MT5 | Horomechanika","description":"Traktorius MT5 Horomechanika % | Traktorius MT5 UAB Horo mechanika. LS Mtron LTD. Piet\u0173 kor\u0117ja. Horomechanika","robots":{"index":"index","follow":"follow","max-snippet":"max-snippet:-1","max-image-preview":"max-image-preview:large","max-video-preview":"max-video-preview:-1"},"canonical":"https:\/\/www.horomechanika.lt\/ru\/product\/traktorius-mt5\/","og_locale":"ru_RU","og_type":"article","og_title":"Traktorius MT5 | Horomechanika","og_description":"Traktorius MT5 Horomechanika % | Traktorius MT5 UAB Horo mechanika. LS Mtron LTD. Piet\u0173 kor\u0117ja. Horomechanika","og_url":"https:\/\/www.horomechanika.lt\/ru\/product\/traktorius-mt5\/","og_site_name":"Horomechanika","article_publisher":"https:\/\/www.facebook.com\/UAB-Horo-mechanika-177091812471952","article_modified_time":"2022-05-23T13:17:04+00:00","og_image":[{"width":760,"height":760,"url":"https:\/\/www.horomechanika.lt\/wp-content\/uploads\/2017\/01\/produktai_0008_MT5-E\u0328n\u0301_o\u0301_n\u0327_\u00b0.jpg","type":"image\/jpeg"}],"twitter_card":"summary_large_image","twitter_misc":{"\u041f\u0440\u0438\u043c\u0435\u0440\u043d\u043e\u0435 \u0432\u0440\u0435\u043c\u044f \u0434\u043b\u044f \u0447\u0442\u0435\u043d\u0438\u044f":"1 \u043c\u0438\u043d\u0443\u0442\u0430"},"schema":{"@context":"https:\/\/schema.org","@graph":[{"@type":"WebPage","@id":"https:\/\/www.horomechanika.lt\/product\/traktorius-mt5\/","url":"https:\/\/www.horomechanika.lt\/product\/traktorius-mt5\/","name":"Traktorius MT5 | Horomechanika","isPartOf":{"@id":"https:\/\/www.horomechanika.lt\/#website"},"datePublished":"2017-01-31T08:56:30+00:00","dateModified":"2022-05-23T13:17:04+00:00","description":"Traktorius MT5 Horomechanika % | Traktorius MT5 UAB Horo mechanika. LS Mtron LTD. Piet\u0173 kor\u0117ja. Horomechanika","breadcrumb":{"@id":"https:\/\/www.horomechanika.lt\/product\/traktorius-mt5\/#breadcrumb"},"inLanguage":"ru-RU","potentialAction":[{"@type":"ReadAction","target":["https:\/\/www.horomechanika.lt\/product\/traktorius-mt5\/"]}]},{"@type":"BreadcrumbList","@id":"https:\/\/www.horomechanika.lt\/product\/traktorius-mt5\/#breadcrumb","itemListElement":[{"@type":"ListItem","position":1,"name":"Home","item":"https:\/\/www.horomechanika.lt\/"},{"@type":"ListItem","position":2,"name":"Shop","item":"https:\/\/www.horomechanika.lt\/ru\/shop-2\/"},{"@type":"ListItem","position":3,"name":"Traktorius MT5"}]},{"@type":"WebSite","@id":"https:\/\/www.horomechanika.lt\/#website","url":"https:\/\/www.horomechanika.lt\/","name":"Horomechanika","description":"\u017dem\u0117s \u016akio Technika","publisher":{"@id":"https:\/\/www.horomechanika.lt\/#organization"},"potentialAction":[{"@type":"SearchAction","target":{"@type":"EntryPoint","urlTemplate":"https:\/\/www.horomechanika.lt\/?s={search_term_string}"},"query-input":"required name=search_term_string"}],"inLanguage":"ru-RU"},{"@type":"Organization","@id":"https:\/\/www.horomechanika.lt\/#organization","name":"UAB \"Horo mechanika\"","url":"https:\/\/www.horomechanika.lt\/","logo":{"@type":"ImageObject","inLanguage":"ru-RU","@id":"https:\/\/www.horomechanika.lt\/#\/schema\/logo\/image\/","url":"https:\/\/www.horomechanika.lt\/wp-content\/uploads\/2020\/05\/horomechanika-logo.png","contentUrl":"https:\/\/www.horomechanika.lt\/wp-content\/uploads\/2020\/05\/horomechanika-logo.png","width":137,"height":56,"caption":"UAB \"Horo mechanika\""},"image":{"@id":"https:\/\/www.horomechanika.lt\/#\/schema\/logo\/image\/"},"sameAs":["https:\/\/www.facebook.com\/UAB-Horo-mechanika-177091812471952"]}]}},"_links":{"self":[{"href":"https:\/\/www.horomechanika.lt\/ru\/wp-json\/wp\/v2\/product\/6480","targetHints":{"allow":["GET"]}}],"collection":[{"href":"https:\/\/www.horomechanika.lt\/ru\/wp-json\/wp\/v2\/product"}],"about":[{"href":"https:\/\/www.horomechanika.lt\/ru\/wp-json\/wp\/v2\/types\/product"}],"replies":[{"embeddable":true,"href":"https:\/\/www.horomechanika.lt\/ru\/wp-json\/wp\/v2\/comments?post=6480"}],"wp:featuredmedia":[{"embeddable":true,"href":"https:\/\/www.horomechanika.lt\/ru\/wp-json\/wp\/v2\/media\/10172"}],"wp:attachment":[{"href":"https:\/\/www.horomechanika.lt\/ru\/wp-json\/wp\/v2\/media?parent=6480"}],"wp:term":[{"taxonomy":"product_cat","embeddable":true,"href":"https:\/\/www.horomechanika.lt\/ru\/wp-json\/wp\/v2\/product_cat?post=6480"},{"taxonomy":"product_tag","embeddable":true,"href":"https:\/\/www.horomechanika.lt\/ru\/wp-json\/wp\/v2\/product_tag?post=6480"}],"curies":[{"name":"wp","href":"https:\/\/api.w.org\/{rel}","templated":true}]}}